{"id":44944,"date":"2020-02-03T15:31:18","date_gmt":"2020-02-03T14:31:18","guid":{"rendered":"https:\/\/www.ecrivus-multimedia.nl\/?page_id=44944"},"modified":"2026-04-12T14:36:19","modified_gmt":"2026-04-12T12:36:19","slug":"beedigde-vertaling-lees-alles-wat-u-moet-weten","status":"publish","type":"page","link":"https:\/\/www.ecrivus-multimedia.nl\/de\/beglaubigte-ubersetzung-lesen-sie-alles-was-sie-wissen-mussen\/","title":{"rendered":"Beeidigte \u00dcbersetzung? Lesen Sie alles, was Sie wissen m\u00fcssen"},"content":{"rendered":"<div class=\"banner has-hover\" id=\"banner-2005391503\">\n          <div class=\"banner-inner fill\">\n        <div class=\"banner-bg fill\" >\n            <img decoding=\"async\" width=\"1020\" height=\"679\" src=\"https:\/\/www.ecrivus-multimedia.nl\/wp-content\/uploads\/2023\/10\/diploma-lakzegel-op-stapel-boeken-1202x800.webp\" class=\"bg attachment-large size-large\" alt=\"\" \/>                                    \n                    <\/div>\n\t\t\n        <div class=\"banner-layers container\">\n            <div class=\"fill banner-link\"><\/div>            \n   <div id=\"text-box-614148677\" class=\"text-box banner-layer x50 md-x50 lg-x50 y50 md-y50 lg-y50 res-text\">\n                                <div class=\"text-box-content text dark\">\n              \n              <div class=\"text-inner text-center\">\n                  \n<h3 class=\"uppercase\"><span style=\"color: #000000;\"><strong>Informationen beglaubigte \u00dcbersetzungen<br \/><\/strong><\/span><\/h3>\n<p><span style=\"color: #000000;\">Alles, was Sie wissen m\u00fcssen <a href=\"https:\/\/www.ecrivus-multimedia.nl\/go\/be\u00ebdigde-vertaling\/\" title=\"Beglaubigte \u00dcbersetzungen Archiv | Ecrivus International Webshop\" class=\"pretty-link-keyword\"rel=\"\">beglaubigte \u00dcbersetzungen<\/a>.<br \/><\/span><span style=\"color: #000000;\">Konkrete Frage? Rufen Sie 043-365-5801 an \u2013 wir helfen Ihnen gerne weiter!<\/span><\/p>\n              <\/div>\n           <\/div>\n                            \n<style>\n#text-box-614148677 {\n  width: 69%;\n}\n#text-box-614148677 .text-box-content {\n  font-size: 100%;\n}\n<\/style>\n    <\/div>\n \n        <\/div>\n      <\/div>\n\n            \n<style>\n#banner-2005391503 {\n  padding-top: 500px;\n}\n#banner-2005391503 .banner-bg img {\n  object-position: 50% 70%;\n}\n<\/style>\n  <\/div>\n\n\n<div class=\"is-divider divider clearfix\" ><\/div>\n<h2><strong>Was ist eine beglaubigte \u00dcbersetzung?<\/strong><strong>?<\/strong><\/h2>\n<p>A <a href=\"https:\/\/www.ecrivus-multimedia.nl\/go\/be\u00ebdigde-vertaling\/\" title=\"Beglaubigte \u00dcbersetzungen Archiv | Ecrivus International Webshop\" class=\"pretty-link-keyword\"rel=\"\">beeidigte \u00dcbersetzung<\/a> ist eine offizielle, rechtsg\u00fcltige \u00dcbersetzung eines formellen Dokuments, die ausschlie\u00dflich von a <a href=\"https:\/\/www.ecrivus-multimedia.nl\/go\/be\u00ebdigde-vertaling\/\" title=\"Beglaubigte \u00dcbersetzungen Archiv | Ecrivus International Webshop\" class=\"pretty-link-keyword\"rel=\"\">vereidigter \u00dcbersetzer<\/a> kann \u00fcbersetzt werden. A <a href=\"https:\/\/www.ecrivus-multimedia.nl\/go\/be\u00ebdigde-vertaling\/\" title=\"Beglaubigte \u00dcbersetzungen Archiv | Ecrivus International Webshop\" class=\"pretty-link-keyword\"rel=\"\">vereidigter \u00dcbersetzer<\/a> wurde immer von einem niederl\u00e4ndischen Gericht vereidigt und ist auch bei einem oder mehreren Gerichten in den Niederlanden eingetragen.<\/p>\n<h4><strong>Wann ben\u00f6tigen Sie eine beglaubigte \u00dcbersetzung?<\/strong><\/h4>\n<p>A <a href=\"https:\/\/www.ecrivus-multimedia.nl\/go\/be\u00ebdigde-vertaling\/\" title=\"Beglaubigte \u00dcbersetzungen Archiv | Ecrivus International Webshop\" class=\"pretty-link-keyword\"rel=\"\">beeidigte \u00dcbersetzung<\/a> Sie ben\u00f6tigen Dokumente, die f\u00fcr offizielle Beh\u00f6rden (sowohl in den Niederlanden als auch im Ausland) in eine andere Sprache \u00fcbersetzt werden m\u00fcssen. In der Regel erfahren Sie von der Beh\u00f6rde selbst, ob die \u00dcbersetzung Ihres amtlichen Dokuments beglaubigt werden muss oder nicht.<\/p>\n<p style=\"text-align: center;\"><strong><a href=\"https:\/\/www.ecrivus-multimedia.nl\/de\/kontakt\/\" class=\"su-button su-button-style-default\" style=\"color:#FFFFFF;background-color:#2D89EF;border-color:#246ec0;border-radius:7px\" target=\"_blank\" rel=\"noopener noreferrer\"><span style=\"color:#FFFFFF;padding:7px 20px;font-size:16px;line-height:24px;border-color:#6cadf4;border-radius:7px;text-shadow:none\"><i class=\"sui sui-arrow-right\" style=\"font-size:16px;color:#FFFFFF\"><\/i> Zweifel, ob man vereidigt werden soll oder nicht? Fragen Sie hier!<\/span><\/a><\/strong><\/p>\n<p>Beispiele f\u00fcr Dokumente, die fast immer ein offizielles Dokument erfordern <a href=\"https:\/\/www.ecrivus-multimedia.nl\/go\/be\u00ebdigde-vertaling\/\" title=\"Beglaubigte \u00dcbersetzungen Archiv | Ecrivus International Webshop\" class=\"pretty-link-keyword\"rel=\"\">beeidigte \u00dcbersetzung<\/a> ist erforderlich:<\/p>\n<ul>\n<li><a href=\"https:\/\/www.ecrivus-multimedia.nl\/go\/juridisch-document-vertalen-beedigd\/\" title=\"Beglaubigte \u00dcbersetzung eines juristischen Dokuments? Bestellen Sie \u00fcber unseren Webshop!\" class=\"pretty-link-keyword\"rel=\"\">Juristische Dokumente<\/a> (Vorladungen, Urteile, <a href=\"https:\/\/www.ecrivus-multimedia.nl\/go\/beschikking-beedigde-vertaling-met-stempel\/\" title=\"Beeidigte \u00dcbersetzung bestellen? Bestellen Sie in unserem Webshop!\" class=\"pretty-link-keyword\"rel=\"\">Entscheidungen<\/a>Gerichtsvollzieherbescheide, Petitionen, Einreden)<\/li>\n<li>Notarielle Dokumente (<a href=\"https:\/\/www.ecrivus-multimedia.nl\/de\/produkt\/statuten-ubersetzen\/\">Satzung<\/a>, <a href=\"https:\/\/www.ecrivus-multimedia.nl\/de\/produkt\/ubersetzung-der-beeidigten-grundungsurkunde\/\">Satzungs<\/a>, <a href=\"https:\/\/www.ecrivus-multimedia.nl\/de\/produkt\/ubersetzung-der-kaufurkunde-beglaubigt\/\">Kaufurkunden<\/a>, <a href=\"https:\/\/www.ecrivus-multimedia.nl\/de\/produkt\/wird-die-ubersetzung-vereidigt\/\">Testamente<\/a>, <a href=\"https:\/\/www.ecrivus-multimedia.nl\/de\/produkt\/notarielle-urkunde-ubersetzt-und-beglaubigt\/\">Erkl\u00e4rungen zum Erbrecht<\/a>)<\/li>\n<li><a href=\"https:\/\/www.ecrivus-multimedia.nl\/go\/document-burgerlijke-stand-beedigde-vertaling-met-stempel\/\" title=\"go\/document-civil-status-authenticated-translation-with-stamp\" class=\"pretty-link-keyword\"rel=\"\">Zivilstand<\/a>-Dokumente (<a href=\"https:\/\/www.ecrivus-multimedia.nl\/go\/rijbewijs-beedigde-vertaling-met-stempel\/\" title=\"Beglaubigte \u00dcbersetzung eines F\u00fchrerscheins? Bestellen Sie in unserem Webshop!\" class=\"pretty-link-keyword\"rel=\"\">F\u00fchrerscheine<\/a>, <a href=\"https:\/\/www.ecrivus-multimedia.nl\/de\/produkt\/passubersetzung-beglaubigt\/\">P\u00e4sse<\/a>, <a href=\"https:\/\/www.ecrivus-multimedia.nl\/de\/produkt\/auszug-aus-der-grundregistrierung-von-personen-brp-ubersetzung-beglaubigt\/\">Ausz\u00fcge aus dem Einwohnermelderegister<\/a>, <a href=\"https:\/\/www.ecrivus-multimedia.nl\/de\/produkt\/beglaubigte-ubersetzung-der-geburtsurkunde-mit-stempel\/\">Geburtsurkunden<\/a>, <a href=\"https:\/\/www.ecrivus-multimedia.nl\/de\/produkt\/ubersetzung-der-sterbeurkunde-beglaubigt\/\">Sterbeurkunden<\/a>, <a href=\"https:\/\/www.ecrivus-multimedia.nl\/de\/produkt\/heiratsurkunde-ubersetzung-beglaubigt\/\">Heiratsurkunden<\/a>, <a href=\"https:\/\/www.ecrivus-multimedia.nl\/go\/notariele-akte-vertalen-beedigd\/\" title=\"Beglaubigte \u00dcbersetzung einer notariellen Urkunde? Bestellen Sie \u00fcber unseren Webshop!\" class=\"pretty-link-keyword\"rel=\"\">handelt<\/a> <a href=\"https:\/\/www.ecrivus-multimedia.nl\/de\/produkt\/notarielle-urkunde-ubersetzt-und-beglaubigt\/\">eingetragene Partnerschaft<\/a>, <a href=\"https:\/\/www.ecrivus-multimedia.nl\/de\/produkt\/scheidungsurkunde-beglaubigt-ubersetzt\/\">Scheidungsurkunden<\/a>)<\/li>\n<li><a href=\"https:\/\/www.ecrivus-multimedia.nl\/go\/contract-beedigde-vertaling-met-stempel\/\" title=\"Beeidigte \u00dcbersetzung eines Vertrags? Bestellen Sie in unserem Webshop!\" class=\"pretty-link-keyword\"rel=\"\">Vereinbarungen<\/a> oder <a href=\"https:\/\/www.ecrivus-multimedia.nl\/go\/contract-beedigde-vertaling-met-stempel\/\" title=\"Beeidigte \u00dcbersetzung eines Vertrags? Bestellen Sie in unserem Webshop!\" class=\"pretty-link-keyword\"rel=\"\">Vertr\u00e4ge<\/a> (<a href=\"https:\/\/www.ecrivus-multimedia.nl\/de\/produkt\/mietvertrag-beglaubigt-ubersetzen-lassen\/\">Mietvertr\u00e4ge<\/a>, <a href=\"https:\/\/www.ecrivus-multimedia.nl\/go\/koopovereenkomst-beedigde-vertaling-met-stempel\/\" title=\"Beglaubigte \u00dcbersetzung des Kaufvertrags? Bestellen Sie in unserem Webshop!\" class=\"pretty-link-keyword\"rel=\"\">Kaufvertr\u00e4ge<\/a>, <a href=\"https:\/\/www.ecrivus-multimedia.nl\/go\/arbeidsovereenkomst-beedigde-vertaling-met-stempel\/\" title=\"Beglaubigte \u00dcbersetzung des Arbeitsvertrags? Bestellen Sie in unserem Webshop!\" class=\"pretty-link-keyword\"rel=\"\">Arbeitsvertr\u00e4ge<\/a>, Pensionsvertr\u00e4ge)<\/li>\n<li>Andere <a href=\"https:\/\/www.ecrivus-multimedia.nl\/go\/be\u00ebdigde-vertaling\/\" title=\"Beglaubigte \u00dcbersetzungen Archiv | Ecrivus International Webshop\" class=\"pretty-link-keyword\"rel=\"\">offizielle Dokumente<\/a> wie Auswanderungsdokumente, <a href=\"https:\/\/www.ecrivus-multimedia.nl\/de\/produkt\/diplomubersetzer-vereidigt\/\">Diplome<\/a>, <a href=\"https:\/\/www.ecrivus-multimedia.nl\/go\/diploma-vertalen-beedigd\/\" title=\"Ben\u00f6tigen Sie ein Diplom f\u00fcr eine beglaubigte \u00dcbersetzung? Jetzt online bestellen!\" class=\"pretty-link-keyword\"rel=\"\">Zertifikate<\/a>, <a href=\"https:\/\/www.ecrivus-multimedia.nl\/de\/produkt\/ubersetzung-der-notenliste-beglaubigt\/\">Notenlisten<\/a>, Referenzen, Gehaltsabrechnungen, Arbeitgeberbescheinigungen, Steuerunterlagen, <a href=\"https:\/\/www.ecrivus-multimedia.nl\/de\/produkt\/auszug-aus-der-handelskammer-beglaubigte-ubersetzung-mit-stempel\/\">Ausz\u00fcge aus der Handelskammer<\/a><\/li>\n<\/ul>\n<h4><strong>Wie sieht eine beglaubigte \u00dcbersetzung aus?<\/strong><\/h4>\n<p>Wenn Sie eines bei uns bestellen <a href=\"https:\/\/www.ecrivus-multimedia.nl\/go\/be\u00ebdigde-vertaling\/\" title=\"Beglaubigte \u00dcbersetzungen Archiv | Ecrivus International Webshop\" class=\"pretty-link-keyword\"rel=\"\">beeidigte \u00dcbersetzung<\/a> Bei Bestellung erhalten Sie ein gebundenes Paket bestehend aus 3 Teilen per (Einschreiben-)Briefpost:<\/p>\n<ol>\n<li><strong>Das Original<\/strong>: Dies wird auch Originaltext oder Quelltext genannt. Sie m\u00fcssen das Original bei Ihrer Bestellung in unserem Webshop durch einen gut belichteten Scan oder ein zugeschnittenes Foto mit Ihrem Smartphone\/Tablet hochladen.<\/li>\n<li><strong>Die <a href=\"https:\/\/www.ecrivus-multimedia.nl\/go\/be\u00ebdigde-vertaling\/\" title=\"Beglaubigte \u00dcbersetzungen Archiv | Ecrivus International Webshop\" class=\"pretty-link-keyword\"rel=\"\">beeidigte \u00dcbersetzung<\/a><\/strong>: Die <a href=\"https:\/\/www.ecrivus-multimedia.nl\/go\/be\u00ebdigde-vertaling\/\" title=\"Beglaubigte \u00dcbersetzungen Archiv | Ecrivus International Webshop\" class=\"pretty-link-keyword\"rel=\"\">beeidigte \u00dcbersetzung<\/a> ist dem Original beigef\u00fcgt und mit einem Legalisierungsstempel versehen bzw <a href=\"https:\/\/www.ecrivus-multimedia.nl\/go\/apostilles-legalisatie-landenoverzicht\/\" title=\"Apostillen (Legalisierung) - L\u00e4nder\u00fcbersicht\" class=\"pretty-link-keyword\"rel=\"\">Apostille<\/a> (falls bestellt) und eine Unterschrift des vereidigten \u00dcbersetzers. Das \u00fcbersetzte Dokument hat die gleiche rechtliche Bedeutung wie das Original.<\/li>\n<li><strong>Das offizielle <a href=\"https:\/\/www.ecrivus-multimedia.nl\/go\/verklaring-beedigde-vertaling-met-stempel\/\" title=\"Vereidigte \u00dcbersetzungserkl\u00e4rung? Bestellen Sie in unserem Webshop!\" class=\"pretty-link-keyword\"rel=\"\">Anweisung<\/a> der <a href=\"https:\/\/www.ecrivus-multimedia.nl\/go\/be\u00ebdigde-vertaling\/\" title=\"Beglaubigte \u00dcbersetzungen Archiv | Ecrivus International Webshop\" class=\"pretty-link-keyword\"rel=\"\">vereidigter \u00dcbersetzer<\/a><\/strong>: in diesem <a href=\"https:\/\/www.ecrivus-multimedia.nl\/go\/verklaring-beedigde-vertaling-met-stempel\/\" title=\"Vereidigte \u00dcbersetzungserkl\u00e4rung? Bestellen Sie in unserem Webshop!\" class=\"pretty-link-keyword\"rel=\"\">Anweisung<\/a>Mit Unterschrift, Dienststempel und Datum versehen, erkl\u00e4rt der vereidigte \u00dcbersetzer, dass die \u00dcbersetzung eine getreue Wiedergabe des Originals darstellt.<\/li>\n<\/ol>\n<p>Die oben genannten 3 Teile sind manipulationssicher und zu einem Paket zusammengebunden.<\/p>\n<h4><strong>Apostillen und Legalisierungen<\/strong><\/h4>\n<p>Manchmal verlangen Beh\u00f6rden zus\u00e4tzliche Sicherheit, dass die Unterschrift auf dem <a href=\"https:\/\/www.ecrivus-multimedia.nl\/go\/be\u00ebdigde-vertaling\/\" title=\"Beglaubigte \u00dcbersetzungen Archiv | Ecrivus International Webshop\" class=\"pretty-link-keyword\"rel=\"\">beeidigte \u00dcbersetzung<\/a> geh\u00f6rt eigentlich dem jeweiligen vereidigten \u00dcbersetzer. In diesem Fall kann man <a href=\"https:\/\/www.ecrivus-multimedia.nl\/de\/landerubersicht-zur-legalisierung-der-apostille\/\">Legalisierung oder Apostille<\/a> angefordert werden. Beide <a href=\"https:\/\/www.ecrivus-multimedia.nl\/go\/apostilles-legalisatie-landenoverzicht\/\" title=\"Apostillen (Legalisierung) - L\u00e4nder\u00fcbersicht\" class=\"pretty-link-keyword\"rel=\"\">Legalisierungen<\/a> als <a href=\"https:\/\/www.ecrivus-multimedia.nl\/go\/apostilles-legalisatie-landenoverzicht\/\" title=\"Apostillen (Legalisierung) - L\u00e4nder\u00fcbersicht\" class=\"pretty-link-keyword\"rel=\"\">apostillen<\/a> k\u00f6nnen Sie schnell und einfach in unserem Webshop bestellen!<\/p>\n<h4><strong>Warum Ecrivus Multimedia?<\/strong><\/h4>\n<div class=\"su-list\" style=\"margin-left:0px\">\n<ul>\n<li style=\"list-style-type: none;\">\n<ul>\n<li style=\"list-style-type: none;\">\n<ul>\n<li><i class=\"sui sui-check\" style=\"color:#333\"><\/i> Arbeitet ausschlie\u00dflich mit vereidigten \u00dcbersetzern, die im Register der vereidigten Dolmetscher und \u00dcbersetzer eingetragen sind.<\/li>\n<li><i class=\"sui sui-check\" style=\"color:#333\"><\/i> Arbeitet nach dem Verhaltenskodex f\u00fcr Dolmetscher und \u00dcbersetzer gem\u00e4\u00df dem Gesetz \u00fcber beeidigte Dolmetscher und \u00dcbersetzer.<\/li>\n<li><i class=\"sui sui-check\" style=\"color:#333\"><\/i> Liefert beglaubigte, national und international anerkannte \u00fcbersetzte Dokumente.<\/li>\n<li><i class=\"sui sui-check\" style=\"color:#333\"><\/i> Umfassende Expertise und Erfahrung in <a href=\"https:\/\/www.ecrivus-multimedia.nl\/de\/produktkategorie\/beglaubigte-ubersetzungen\/\">beglaubigte \u00dcbersetzungen<\/a>, <a href=\"https:\/\/www.ecrivus-multimedia.nl\/go\/apostilles-legalisatie-landenoverzicht\/\" title=\"Apostillen (Legalisierung) - L\u00e4nder\u00fcbersicht\" class=\"pretty-link-keyword\"rel=\"\">Legalisierungen<\/a> und <a href=\"https:\/\/www.ecrivus-multimedia.nl\/go\/apostilles-legalisatie-landenoverzicht\/\" title=\"Apostillen (Legalisierung) - L\u00e4nder\u00fcbersicht\" class=\"pretty-link-keyword\"rel=\"\">apostillen<\/a>.<\/li>\n<li><i class=\"sui sui-check\" style=\"color:#333\"><\/i> Schnell und einfach in unserem Webshop zu bestellen, 100% zuverl\u00e4ssig und immer zu einem wettbewerbsf\u00e4higen Preis.<\/li>\n<\/ul>\n<\/li>\n<\/ul>\n<\/li>\n<\/ul>\n<\/div>\n<p style=\"text-align: center;\"><a href=\"https:\/\/www.ecrivus-multimedia.nl\/de\/produktkategorie\/beglaubigte-ubersetzungen\/\" class=\"su-button su-button-style-default\" style=\"color:#FFFFFF;background-color:#2D89EF;border-color:#246ec0;border-radius:7px\" target=\"_self\"><span style=\"color:#FFFFFF;padding:7px 20px;font-size:16px;line-height:24px;border-color:#6cadf4;border-radius:7px;text-shadow:none\"><i class=\"sui sui-arrow-right\" style=\"font-size:16px;color:#FFFFFF\"><\/i> Beeidigte \u00dcbersetzung jetzt im Webshop bestellen<\/span><\/a>","protected":false},"excerpt":{"rendered":"<p>Wat is een be\u00ebdigde vertaling? Een be\u00ebdigde vertaling is een offici\u00eble, rechtsgeldige vertaling van een formeel document die uitsluitend door een be\u00ebdigd vertaler mag worden vertaald. Een be\u00ebdigd vertaler is altijd be\u00ebdigd door een Nederlandse rechtbank en staat tevens bij \u00e9\u00e9n of meerdere rechtbanken in Nederland geregistreerd. Wanneer heeft u een be\u00ebdigde vertaling nodig? Een&#8230;<\/p>","protected":false},"author":1,"featured_media":0,"parent":0,"menu_order":0,"comment_status":"closed","ping_status":"closed","template":"","meta":{"_acf_changed":false,"_glsr_average":0,"_glsr_ranking":0,"_glsr_reviews":0,"_joinchat":[],"footnotes":""},"class_list":["post-44944","page","type-page","status-publish","hentry"],"acf":[],"yoast_head":"<!-- This site is optimized with the Yoast SEO plugin v27.4 - https:\/\/yoast.com\/product\/yoast-seo-wordpress\/ -->\n<title>Be\u00ebdigde vertaling? Lees alles wat u moet weten | Webshop<\/title>\n<meta name=\"description\" content=\"Bestel uw be\u00ebdigde vertaling direct in onze webshop. Op deze pagina leest u alles over be\u00ebdigde vertalingen, legalisaties, apostilles en meer!\" \/>\n<meta name=\"robots\" content=\"index, follow, max-snippet:-1, max-image-preview:large, max-video-preview:-1\" \/>\n<link rel=\"canonical\" href=\"https:\/\/www.ecrivus-multimedia.nl\/de\/beglaubigte-ubersetzung-lesen-sie-alles-was-sie-wissen-mussen\/\" \/>\n<meta property=\"og:locale\" content=\"de_DE\" \/>\n<meta property=\"og:type\" content=\"article\" \/>\n<meta property=\"og:title\" content=\"Be\u00ebdigde vertaling? Lees alles wat u moet weten | Webshop\" \/>\n<meta property=\"og:description\" content=\"Bestel uw be\u00ebdigde vertaling direct in onze webshop. Op deze pagina leest u alles over be\u00ebdigde vertalingen, legalisaties, apostilles en meer!\" \/>\n<meta property=\"og:url\" content=\"https:\/\/www.ecrivus-multimedia.nl\/de\/beglaubigte-ubersetzung-lesen-sie-alles-was-sie-wissen-mussen\/\" \/>\n<meta property=\"og:site_name\" content=\"Ecrivus International Webshop\" \/>\n<meta property=\"article:publisher\" content=\"https:\/\/www.facebook.com\/Ecrivus-International-676624782512639\/\" \/>\n<meta property=\"article:modified_time\" content=\"2026-04-12T12:36:19+00:00\" \/>\n<meta name=\"twitter:card\" content=\"summary_large_image\" \/>\n<meta name=\"twitter:site\" content=\"@ecrivusint\" \/>\n<meta name=\"twitter:label1\" content=\"Gesch\u00e4tzte Lesezeit\" \/>\n\t<meta name=\"twitter:data1\" content=\"3\u00a0Minuten\" \/>\n<script type=\"application\/ld+json\" class=\"yoast-schema-graph\">{\"@context\":\"https:\\\/\\\/schema.org\",\"@graph\":[{\"@type\":\"WebPage\",\"@id\":\"https:\\\/\\\/www.ecrivus-multimedia.nl\\\/beedigde-vertaling-lees-alles-wat-u-moet-weten\\\/\",\"url\":\"https:\\\/\\\/www.ecrivus-multimedia.nl\\\/beedigde-vertaling-lees-alles-wat-u-moet-weten\\\/\",\"name\":\"Be\u00ebdigde vertaling? Lees alles wat u moet weten | Webshop\",\"isPartOf\":{\"@id\":\"https:\\\/\\\/www.ecrivus-multimedia.nl\\\/#website\"},\"datePublished\":\"2020-02-03T14:31:18+00:00\",\"dateModified\":\"2026-04-12T12:36:19+00:00\",\"description\":\"Bestel uw be\u00ebdigde vertaling direct in onze webshop. Op deze pagina leest u alles over be\u00ebdigde vertalingen, legalisaties, apostilles en meer!\",\"breadcrumb\":{\"@id\":\"https:\\\/\\\/www.ecrivus-multimedia.nl\\\/beedigde-vertaling-lees-alles-wat-u-moet-weten\\\/#breadcrumb\"},\"inLanguage\":\"de\",\"potentialAction\":[{\"@type\":\"ReadAction\",\"target\":[\"https:\\\/\\\/www.ecrivus-multimedia.nl\\\/beedigde-vertaling-lees-alles-wat-u-moet-weten\\\/\"]}]},{\"@type\":\"BreadcrumbList\",\"@id\":\"https:\\\/\\\/www.ecrivus-multimedia.nl\\\/beedigde-vertaling-lees-alles-wat-u-moet-weten\\\/#breadcrumb\",\"itemListElement\":[{\"@type\":\"ListItem\",\"position\":1,\"name\":\"Home\",\"item\":\"https:\\\/\\\/www.ecrivus-multimedia.nl\\\/\"},{\"@type\":\"ListItem\",\"position\":2,\"name\":\"Be\u00ebdigde vertaling? Lees alles wat u moet weten\"}]},{\"@type\":\"WebSite\",\"@id\":\"https:\\\/\\\/www.ecrivus-multimedia.nl\\\/#website\",\"url\":\"https:\\\/\\\/www.ecrivus-multimedia.nl\\\/\",\"name\":\"Ecrivus International Webshop\",\"description\":\"Erkende webshop voor be\u00ebdigde vertalingen.\",\"publisher\":{\"@id\":\"https:\\\/\\\/www.ecrivus-multimedia.nl\\\/#organization\"},\"potentialAction\":[{\"@type\":\"SearchAction\",\"target\":{\"@type\":\"EntryPoint\",\"urlTemplate\":\"https:\\\/\\\/www.ecrivus-multimedia.nl\\\/?s={search_term_string}\"},\"query-input\":{\"@type\":\"PropertyValueSpecification\",\"valueRequired\":true,\"valueName\":\"search_term_string\"}}],\"inLanguage\":\"de\"},{\"@type\":\"Organization\",\"@id\":\"https:\\\/\\\/www.ecrivus-multimedia.nl\\\/#organization\",\"name\":\"Ecrivus International\",\"url\":\"https:\\\/\\\/www.ecrivus-multimedia.nl\\\/\",\"logo\":{\"@type\":\"ImageObject\",\"inLanguage\":\"de\",\"@id\":\"https:\\\/\\\/www.ecrivus-multimedia.nl\\\/#\\\/schema\\\/logo\\\/image\\\/\",\"url\":\"https:\\\/\\\/www.ecrivus-multimedia.nl\\\/wp-content\\\/uploads\\\/2022\\\/01\\\/cropped-small-Logo-Ecrivus-Vector-Transparent2.png\",\"contentUrl\":\"https:\\\/\\\/www.ecrivus-multimedia.nl\\\/wp-content\\\/uploads\\\/2022\\\/01\\\/cropped-small-Logo-Ecrivus-Vector-Transparent2.png\",\"width\":512,\"height\":512,\"caption\":\"Ecrivus International\"},\"image\":{\"@id\":\"https:\\\/\\\/www.ecrivus-multimedia.nl\\\/#\\\/schema\\\/logo\\\/image\\\/\"},\"sameAs\":[\"https:\\\/\\\/www.facebook.com\\\/Ecrivus-International-676624782512639\\\/\",\"https:\\\/\\\/x.com\\\/ecrivusint\"]}]}<\/script>\n<!-- \/ Yoast SEO plugin. -->","yoast_head_json":{"title":"Be\u00ebdigde vertaling? Lees alles wat u moet weten | Webshop","description":"Bestel uw be\u00ebdigde vertaling direct in onze webshop. Op deze pagina leest u alles over be\u00ebdigde vertalingen, legalisaties, apostilles en meer!","robots":{"index":"index","follow":"follow","max-snippet":"max-snippet:-1","max-image-preview":"max-image-preview:large","max-video-preview":"max-video-preview:-1"},"canonical":"https:\/\/www.ecrivus-multimedia.nl\/de\/beglaubigte-ubersetzung-lesen-sie-alles-was-sie-wissen-mussen\/","og_locale":"de_DE","og_type":"article","og_title":"Be\u00ebdigde vertaling? Lees alles wat u moet weten | Webshop","og_description":"Bestel uw be\u00ebdigde vertaling direct in onze webshop. Op deze pagina leest u alles over be\u00ebdigde vertalingen, legalisaties, apostilles en meer!","og_url":"https:\/\/www.ecrivus-multimedia.nl\/de\/beglaubigte-ubersetzung-lesen-sie-alles-was-sie-wissen-mussen\/","og_site_name":"Ecrivus International Webshop","article_publisher":"https:\/\/www.facebook.com\/Ecrivus-International-676624782512639\/","article_modified_time":"2026-04-12T12:36:19+00:00","twitter_card":"summary_large_image","twitter_site":"@ecrivusint","twitter_misc":{"Gesch\u00e4tzte Lesezeit":"3\u00a0Minuten"},"schema":{"@context":"https:\/\/schema.org","@graph":[{"@type":"WebPage","@id":"https:\/\/www.ecrivus-multimedia.nl\/beedigde-vertaling-lees-alles-wat-u-moet-weten\/","url":"https:\/\/www.ecrivus-multimedia.nl\/beedigde-vertaling-lees-alles-wat-u-moet-weten\/","name":"Be\u00ebdigde vertaling? Lees alles wat u moet weten | Webshop","isPartOf":{"@id":"https:\/\/www.ecrivus-multimedia.nl\/#website"},"datePublished":"2020-02-03T14:31:18+00:00","dateModified":"2026-04-12T12:36:19+00:00","description":"Bestel uw be\u00ebdigde vertaling direct in onze webshop. Op deze pagina leest u alles over be\u00ebdigde vertalingen, legalisaties, apostilles en meer!","breadcrumb":{"@id":"https:\/\/www.ecrivus-multimedia.nl\/beedigde-vertaling-lees-alles-wat-u-moet-weten\/#breadcrumb"},"inLanguage":"de","potentialAction":[{"@type":"ReadAction","target":["https:\/\/www.ecrivus-multimedia.nl\/beedigde-vertaling-lees-alles-wat-u-moet-weten\/"]}]},{"@type":"BreadcrumbList","@id":"https:\/\/www.ecrivus-multimedia.nl\/beedigde-vertaling-lees-alles-wat-u-moet-weten\/#breadcrumb","itemListElement":[{"@type":"ListItem","position":1,"name":"Home","item":"https:\/\/www.ecrivus-multimedia.nl\/"},{"@type":"ListItem","position":2,"name":"Be\u00ebdigde vertaling? Lees alles wat u moet weten"}]},{"@type":"WebSite","@id":"https:\/\/www.ecrivus-multimedia.nl\/#website","url":"https:\/\/www.ecrivus-multimedia.nl\/","name":"Ecrivus International Webshop","description":"Erkende webshop voor be\u00ebdigde vertalingen.","publisher":{"@id":"https:\/\/www.ecrivus-multimedia.nl\/#organization"},"potentialAction":[{"@type":"SearchAction","target":{"@type":"EntryPoint","urlTemplate":"https:\/\/www.ecrivus-multimedia.nl\/?s={search_term_string}"},"query-input":{"@type":"PropertyValueSpecification","valueRequired":true,"valueName":"search_term_string"}}],"inLanguage":"de"},{"@type":"Organization","@id":"https:\/\/www.ecrivus-multimedia.nl\/#organization","name":"Ecrivus International","url":"https:\/\/www.ecrivus-multimedia.nl\/","logo":{"@type":"ImageObject","inLanguage":"de","@id":"https:\/\/www.ecrivus-multimedia.nl\/#\/schema\/logo\/image\/","url":"https:\/\/www.ecrivus-multimedia.nl\/wp-content\/uploads\/2022\/01\/cropped-small-Logo-Ecrivus-Vector-Transparent2.png","contentUrl":"https:\/\/www.ecrivus-multimedia.nl\/wp-content\/uploads\/2022\/01\/cropped-small-Logo-Ecrivus-Vector-Transparent2.png","width":512,"height":512,"caption":"Ecrivus International"},"image":{"@id":"https:\/\/www.ecrivus-multimedia.nl\/#\/schema\/logo\/image\/"},"sameAs":["https:\/\/www.facebook.com\/Ecrivus-International-676624782512639\/","https:\/\/x.com\/ecrivusint"]}]}},"_links":{"self":[{"href":"https:\/\/www.ecrivus-multimedia.nl\/de\/wp-json\/wp\/v2\/pages\/44944","targetHints":{"allow":["GET"]}}],"collection":[{"href":"https:\/\/www.ecrivus-multimedia.nl\/de\/wp-json\/wp\/v2\/pages"}],"about":[{"href":"https:\/\/www.ecrivus-multimedia.nl\/de\/wp-json\/wp\/v2\/types\/page"}],"author":[{"embeddable":true,"href":"https:\/\/www.ecrivus-multimedia.nl\/de\/wp-json\/wp\/v2\/users\/1"}],"replies":[{"embeddable":true,"href":"https:\/\/www.ecrivus-multimedia.nl\/de\/wp-json\/wp\/v2\/comments?post=44944"}],"version-history":[{"count":1,"href":"https:\/\/www.ecrivus-multimedia.nl\/de\/wp-json\/wp\/v2\/pages\/44944\/revisions"}],"predecessor-version":[{"id":132667,"href":"https:\/\/www.ecrivus-multimedia.nl\/de\/wp-json\/wp\/v2\/pages\/44944\/revisions\/132667"}],"wp:attachment":[{"href":"https:\/\/www.ecrivus-multimedia.nl\/de\/wp-json\/wp\/v2\/media?parent=44944"}],"curies":[{"name":"wp","href":"https:\/\/api.w.org\/{rel}","templated":true}]}}