{"id":48127,"date":"2020-03-05T21:18:57","date_gmt":"2020-03-05T20:18:57","guid":{"rendered":"https:\/\/www.ecrivus-multimedia.nl\/beedigde-vertaling-bankoverzicht-italiaans\/"},"modified":"2020-03-05T21:18:57","modified_gmt":"2020-03-05T20:18:57","slug":"beedigde-vertaling-bankoverzicht-italiaans","status":"publish","type":"page","link":"https:\/\/www.ecrivus-multimedia.nl\/de\/beglaubigte-ubersetzung-bankauszug-italienisch\/","title":{"rendered":"Beglaubigte \u00dcbersetzung Kontoauszug auf Italienisch? \u2713 Mit Stempel \u2713 Kosteng\u00fcnstig \u2713 In unserem Webshop bestellen"},"content":{"rendered":"<div class=\"banner has-hover\" id=\"banner-1011907175\">\n          <div class=\"banner-inner fill\">\n        <div class=\"banner-bg fill\" >\n                                    <div class=\"overlay\"><\/div>            \n                    <\/div>\n\t\t\n        <div class=\"banner-layers container\">\n            <div class=\"fill banner-link\"><\/div>            \n   <div id=\"text-box-1968021885\" class=\"text-box banner-layer x50 md-x50 lg-x50 y90 md-y90 lg-y90 res-text\">\n                                <div class=\"text-box-content text dark\">\n              \n              <div class=\"text-inner text-center\">\n                  \n<h4 class=\"uppercase\">Beeidigte \u00dcbersetzung<\/h4>\n<h2 class=\"uppercase\"><strong>Kontoauszug auf Italienisch<\/strong><\/h2>\n<a href=\"https:\/\/www.ecrivus-multimedia.nl\/de\/produkt\/kontoauszug-ubersetzen\/\" class=\"button white is-outline\" >\n\t\t<span>Bestellen Sie jetzt in unserem Webshop<\/span>\n\t<\/a>\n\n              <\/div>\n           <\/div>\n                            \n<style>\n#text-box-1968021885 {\n  width: 80%;\n}\n#text-box-1968021885 .text-box-content {\n  font-size: 100%;\n}\n<\/style>\n    <\/div>\n \n        <\/div>\n      <\/div>\n\n            \n<style>\n#banner-1011907175 {\n  padding-top: 400px;\n}\n#banner-1011907175 .overlay {\n  background-color: rgba(0, 0, 0, 0.2);\n}\n<\/style>\n  <\/div>\n\n\n<div class=\"is-divider divider clearfix\" style=\"margin-top:3px;margin-bottom:3px;\"><\/div>\n<div class=\"row\"  id=\"row-214414423\">\n\t<div id=\"gap-854741865\" class=\"gap-element clearfix\" style=\"display:block; height:auto;\">\n\t\t\n<style>\n#gap-854741865 {\n  padding-top: 20px;\n}\n<\/style>\n\t<\/div>\n\t\n\n\t<div id=\"col-2067186834\" class=\"col small-12 large-12\"  >\n\t\t\t\t<div class=\"col-inner\"  >\n\t\t\t\n\t\t\t\n<h4><strong>Ben\u00f6tigen Sie eine beglaubigte \u00dcbersetzung Ihres Kontoauszugs auf Italienisch?<\/strong><\/h4>\n<p>Haben Sie eine <a href=\"https:\/\/www.ecrivus-multimedia.nl\/go\/be\u00ebdigde-vertaling\/\" title=\"Beglaubigte \u00dcbersetzungen Archiv | Ecrivus International Webshop\" class=\"pretty-link-keyword\"rel=\"\">beeidigte \u00dcbersetzung<\/a> Ben\u00f6tigen Sie Ihren Kontoauszug auf Italienisch? Dann sind Sie bei uns genau richtig.<\/p>\n<p>Die <a href=\"https:\/\/www.ecrivus-multimedia.nl\/go\/be\u00ebdigde-vertaling\/\" title=\"Beglaubigte \u00dcbersetzungen Archiv | Ecrivus International Webshop\" class=\"pretty-link-keyword\"rel=\"\">beeidigte \u00dcbersetzung<\/a> Sie k\u00f6nnen direkt bei uns online von Ihrem Kontoauszug auf Italienisch bestellen. Um Ihren Kontoauszug sofort \u00fcbersetzen zu lassen, <a href=\"https:\/\/www.ecrivus-multimedia.nl\/de\/produkt\/kontoauszug-ubersetzen\/\">Klicken Sie hier<\/a>.<\/p>\n<h4><strong>Beglaubigte \u00dcbersetzung auf Italienisch: Kontoauszug<\/strong><\/h4>\n<p>Die <a href=\"https:\/\/www.ecrivus-multimedia.nl\/go\/be\u00ebdigde-vertaling\/\" title=\"Beglaubigte \u00dcbersetzungen Archiv | Ecrivus International Webshop\" class=\"pretty-link-keyword\"rel=\"\">beeidigte \u00dcbersetzung<\/a> Ihres Kontoauszugs wird von einem <a href=\"https:\/\/www.ecrivus-multimedia.nl\/go\/be\u00ebdigde-vertaling\/\" title=\"Beglaubigte \u00dcbersetzungen Archiv | Ecrivus International Webshop\" class=\"pretty-link-keyword\"rel=\"\">vereidigter \u00dcbersetzer<\/a> Italienisch. Diese offiziellen \u00dcbersetzer wurden von einem der niederl\u00e4ndischen Gerichte vereidigt. Zus\u00e4tzlich zur Durchf\u00fchrung der \u00dcbersetzung versehen sie sowohl den Ausgangstext (das von Ihnen bereitgestellte Dokument) als auch den Zieltext (die \u00fcbersetzten Texte auf Italienisch) mit einem Stempel und einer eidesstattlichen Erkl\u00e4rung mit Unterschrift. Damit ist das Dokument rechtsg\u00fcltig und Sie k\u00f6nnen es bei vielen offiziellen Stellen einreichen <a href=\"https:\/\/www.ecrivus-multimedia.nl\/go\/verslag-betalingen-aan-overheden-beedigde-vertaling-met-stempel\/\" title=\"Zahlungen an Regierungen melden, beglaubigte \u00dcbersetzung? Bestellen Sie in unserem Webshop!\" class=\"pretty-link-keyword\"rel=\"\">Regierungen<\/a> verwenden.<\/p>\n<p style=\"text-align: center;\"><a href=\"https:\/\/www.ecrivus-multimedia.nl\/de\/produkt\/kontoauszug-ubersetzen\/\" class=\"su-button su-button-style-default\" style=\"color:#FFFFFF;background-color:#2D89EF;border-color:#246ec0;border-radius:7px\" target=\"_self\"><span style=\"color:#FFFFFF;padding:7px 20px;font-size:16px;line-height:24px;border-color:#6cadf4;border-radius:7px;text-shadow:none\"><i class=\"sui sui-arrow-right\" style=\"font-size:16px;color:#FFFFFF\"><\/i> Beglaubigte \u00dcbersetzung Kontoauszug jetzt im Webshop bestellen &gt;<\/span><\/a>\n<h4><strong>Apostillen und Legalisierung von Kontoausz\u00fcgen auf Italienisch<\/strong><\/h4>\n<p>A <a href=\"https:\/\/www.ecrivus-multimedia.nl\/go\/apostilles-legalisatie-landenoverzicht\/\" title=\"Apostillen (Legalisierung) - L\u00e4nder\u00fcbersicht\" class=\"pretty-link-keyword\"rel=\"\">Apostille<\/a> ist ein Stempel des Gerichts, der die Echtheit Ihres Dokuments best\u00e4tigt, so dass es im internationalen Dokumentenverkehr g\u00fcltig verwendet werden kann. Viele <a href=\"https:\/\/www.ecrivus-multimedia.nl\/go\/verslag-betalingen-aan-overheden-beedigde-vertaling-met-stempel\/\" title=\"Zahlungen an Regierungen melden, beglaubigte \u00dcbersetzung? Bestellen Sie in unserem Webshop!\" class=\"pretty-link-keyword\"rel=\"\">Regierungen<\/a> und amtliche Stellen verlangen, dass Ihr Kontoauszug nicht nur beglaubigt \u00fcbersetzt wird, sondern auch mit einem <a href=\"https:\/\/www.ecrivus-multimedia.nl\/go\/apostilles-legalisatie-landenoverzicht\/\" title=\"Apostillen (Legalisierung) - L\u00e4nder\u00fcbersicht\" class=\"pretty-link-keyword\"rel=\"\">Apostille<\/a>. M\u00f6chten Sie, dass wir f\u00fcr Sie vor Gericht gehen, damit Sie die <a href=\"https:\/\/www.ecrivus-multimedia.nl\/go\/apostilles-legalisatie-landenoverzicht\/\" title=\"Apostillen (Legalisierung) - L\u00e4nder\u00fcbersicht\" class=\"pretty-link-keyword\"rel=\"\">Apostille<\/a> installiert werden? Das ist m\u00f6glich! Sie k\u00f6nnen dies einfach w\u00e4hrend des Bestellvorgangs in unserem Webshop ausw\u00e4hlen. Mehr Informationen \u00fcber <a href=\"https:\/\/www.ecrivus-multimedia.nl\/go\/apostilles-legalisatie-landenoverzicht\/\" title=\"Apostillen (Legalisierung) - L\u00e4nder\u00fcbersicht\" class=\"pretty-link-keyword\"rel=\"\">apostillen<\/a>, <a href=\"https:\/\/www.ecrivus-multimedia.nl\/go\/apostilles-legalisatie-landenoverzicht\/\" title=\"Apostillen (Legalisierung) - L\u00e4nder\u00fcbersicht\" class=\"pretty-link-keyword\"rel=\"\">Legalisierung<\/a> und welche L\u00e4nder Mitglieder der Apostille-Konvention sind, <a href=\"https:\/\/www.ecrivus-multimedia.nl\/de\/landerubersicht-zur-legalisierung-der-apostille\/\">finden Sie hier<\/a>.<\/p>\n<h4><strong>Die beglaubigte \u00dcbersetzung Ihres Kontoauszugs ist bei uns in guten H\u00e4nden:<\/strong><\/h4>\n<ul>\n<li>\u00dcbersetzung durch einen vereidigten, erfahrenen und spezialisierten Italienisch-\u00dcbersetzer<\/li>\n<li>Inklusive Stempel der eidesstattlichen Versicherung<\/li>\n<li>Korrektorat inklusive<\/li>\n<li>Einschlie\u00dflich Qualit\u00e4tskontrollen<\/li>\n<li>G\u00fcnstige Preise<\/li>\n<li>Schnelle Lieferzeiten<\/li>\n<li>Auswahl aus Hunderten von Sprachkombinationen<\/li>\n<li>Expresslieferung m\u00f6glich<\/li>\n<li>Unterst\u00fctzung f\u00fcr verschiedene Dateiformate, einschlie\u00dflich PDF<\/li>\n<li>Stets eingeschriebene Zustellung Ihrer <a href=\"https:\/\/www.ecrivus-multimedia.nl\/go\/be\u00ebdigde-vertaling\/\" title=\"Beglaubigte \u00dcbersetzungen Archiv | Ecrivus International Webshop\" class=\"pretty-link-keyword\"rel=\"\">beeidigte \u00dcbersetzung<\/a> mit Track &amp; Trace<\/li>\n<li>Die M\u00f6glichkeit, Ihr Dokument mit einem <a href=\"https:\/\/www.ecrivus-multimedia.nl\/go\/apostilles-legalisatie-landenoverzicht\/\" title=\"Apostillen (Legalisierung) - L\u00e4nder\u00fcbersicht\" class=\"pretty-link-keyword\"rel=\"\">Apostille<\/a> oder <a href=\"https:\/\/www.ecrivus-multimedia.nl\/go\/apostilles-legalisatie-landenoverzicht\/\" title=\"Apostillen (Legalisierung) - L\u00e4nder\u00fcbersicht\" class=\"pretty-link-keyword\"rel=\"\">Legalisierung<\/a> (legalisieren)<\/li>\n<li>M\u00f6glichkeit, auch eine digitale Kopie der \u00dcbersetzung per E-Mail zu erhalten<\/li>\n<\/ul>\n<p>Sie m\u00f6chten Ihren beeidigten Kontoauszug ins Italienische \u00fcbersetzen lassen, haben aber zun\u00e4chst noch ein paar Fragen? Wir sind f\u00fcr Sie bereit. Zu unserer <a href=\"https:\/\/www.ecrivus-multimedia.nl\/de\/kontakt\/\">Kontaktseite<\/a> finden Sie unsere Kontaktdaten. Sie k\u00f6nnen uns anrufen unter +31(0)43-365-5801 oder uns eine E-Mail schicken an <a href=\"mailto:info@ecrivus-multimedia.nl\">info@ecrivus-multimedia.nl<\/a>. Op werkdagen tussen 09.00 en 17.00 uur kunt u uw vraag tevens stellen via onze <a href=\"https:\/\/www.ecrivus-multimedia.nl\/go\/chat\/\" title=\"go\/chat\" class=\"pretty-link-keyword\"rel=\"\">Live Chat<\/a> Support \u2013 wij reageren binnen 1 minuut.<\/p>\n\t<div id=\"gap-1766800302\" class=\"gap-element clearfix\" style=\"display:block; height:auto;\">\n\t\t\n<style>\n#gap-1766800302 {\n  padding-top: 20px;\n}\n<\/style>\n\t<\/div>\n\t\n<div class=\"row row-divided\"  id=\"row-2144410679\"><\/div>\n\t\t<\/div>\n\t\t\t\t\t<\/div>\n\n\t\n\n\t<div id=\"col-386375655\" class=\"col medium-4 large-4\"  >\n\t\t\t\t<div class=\"col-inner\"  >\n\t\t\t\n\t\t\t\n\n\t\t<div class=\"icon-box featured-box icon-box-center text-center\"  style=\"margin:0px 0px 0px 0px;\">\n\t\t\t\t\t<div class=\"icon-box-img has-icon-bg\" style=\"width: 46px\">\n\t\t\t\t<div class=\"icon\">\n\t\t\t\t\t<div class=\"icon-inner\" style=\"border-width:2px;color:rgb(182, 182, 182);\">\n\t\t\t\t\t\t<img decoding=\"async\" width=\"40\" height=\"40\" src=\"https:\/\/www.ecrivus-multimedia.nl\/wp-content\/uploads\/2020\/02\/icons8-delivery-40.png\" class=\"attachment-medium size-medium\" alt=\"\" \/>\t\t\t\t\t<\/div>\n\t\t\t\t<\/div>\n\t\t\t<\/div>\n\t\t\t\t<div class=\"icon-box-text last-reset\">\n\t\t\t<h5 class=\"uppercase\">Versand mit Track &amp; Trace<\/h5>\t\t\t\t\t\t\n<p>Alle unsere \u00dcbersetzungen werden mit Track &amp; Trace versandt. Verfolgen Sie Ihre \u00fcbersetzten Dokumente sicher bis zu Ihnen nach Hause.<\/p>\n\t\t<\/div>\n\t<\/div>\n\t\n\t\n\t\t<\/div>\n\t\t\t\t\t<\/div>\n\n\t\n\n\t<div id=\"col-786717670\" class=\"col medium-4 large-4\"  >\n\t\t\t\t<div class=\"col-inner\"  >\n\t\t\t\n\t\t\t\n\n\t\t<div class=\"icon-box featured-box icon-box-center text-center\"  style=\"margin:0px 0px 0px 0px;\">\n\t\t\t\t\t<div class=\"icon-box-img has-icon-bg\" style=\"width: 46px\">\n\t\t\t\t<div class=\"icon\">\n\t\t\t\t\t<div class=\"icon-inner\" style=\"border-width:2px;color:rgb(182, 182, 182);\">\n\t\t\t\t\t\t<img decoding=\"async\" width=\"40\" height=\"40\" src=\"https:\/\/www.ecrivus-multimedia.nl\/wp-content\/uploads\/2020\/02\/icons8-contract-40.png\" class=\"attachment-medium size-medium\" alt=\"\" \/>\t\t\t\t\t<\/div>\n\t\t\t\t<\/div>\n\t\t\t<\/div>\n\t\t\t\t<div class=\"icon-box-text last-reset\">\n\t\t\t<h5 class=\"uppercase\">Anerkannt und vertrauensw\u00fcrdig<\/h5>\t\t\t\t\t\t\n<p>Unser Webshop f\u00fcr <a href=\"https:\/\/www.ecrivus-multimedia.nl\/go\/be\u00ebdigde-vertaling\/\" title=\"Beglaubigte \u00dcbersetzungen Archiv | Ecrivus International Webshop\" class=\"pretty-link-keyword\"rel=\"\">beglaubigte \u00dcbersetzungen<\/a> ist einzigartig in den Niederlanden. 100% zuverl\u00e4ssig, legal und sicher. Am besten bewertet.<\/p>\n\t\t<\/div>\n\t<\/div>\n\t\n\t\n\t\t<\/div>\n\t\t\t\t\t<\/div>\n\n\t\n\n\t<div id=\"col-998297312\" class=\"col medium-4 large-4\"  >\n\t\t\t\t<div class=\"col-inner\"  >\n\t\t\t\n\t\t\t\n\n\t\t<div class=\"icon-box featured-box icon-box-center text-center\"  style=\"margin:0px 0px 0px 0px;\">\n\t\t\t\t\t<div class=\"icon-box-img has-icon-bg\" style=\"width: 46px\">\n\t\t\t\t<div class=\"icon\">\n\t\t\t\t\t<div class=\"icon-inner\" style=\"border-width:2px;color:rgb(182, 182, 182);\">\n\t\t\t\t\t\t<img decoding=\"async\" width=\"40\" height=\"40\" src=\"https:\/\/www.ecrivus-multimedia.nl\/wp-content\/uploads\/2020\/02\/icons8-euro-40.png\" class=\"attachment-medium size-medium\" alt=\"\" \/>\t\t\t\t\t<\/div>\n\t\t\t\t<\/div>\n\t\t\t<\/div>\n\t\t\t\t<div class=\"icon-box-text last-reset\">\n\t\t\t<h5 class=\"uppercase\">Sichere Online-Zahlung<\/h5>\t\t\t\t\t\t\n<p>Sichere Online-Zahlung \u00fcber iDeal, PayPal oder Bank\u00fcberweisung. \u00dcber Mein Konto k\u00f6nnen Sie Ihre Bestellung vollst\u00e4ndig verwalten und verfolgen.<\/p>\n\t\t<\/div>\n\t<\/div>\n\t\n\t\n\t\t<\/div>\n\t\t\t\t\t<\/div>\n\n\t\n<\/div>","protected":false},"excerpt":{"rendered":"","protected":false},"author":1,"featured_media":0,"parent":0,"menu_order":0,"comment_status":"closed","ping_status":"closed","template":"page-blank.php","meta":{"_acf_changed":false,"_glsr_average":0,"_glsr_ranking":0,"_glsr_reviews":0,"_joinchat":[],"footnotes":""},"class_list":["post-48127","page","type-page","status-publish","hentry"],"acf":[],"yoast_head":"<!-- This site is optimized with the Yoast SEO plugin v27.4 - https:\/\/yoast.com\/product\/yoast-seo-wordpress\/ -->\n<title>Be\u00ebdigde vertaling bankoverzicht in Italiaans? \u2713 Met stempel \u2713 Voordelig \u2713 Bestellen in onze webshop<\/title>\n<meta name=\"description\" content=\"Be\u00ebdigde vertaling bankoverzicht nodig in Italiaans? \u2713 Met stempel \u2713 Voordelig bestellen in onze webshop \u2713 Track &amp; Trace \u2713 200+ talen\" \/>\n<meta name=\"robots\" content=\"index, follow, max-snippet:-1, max-image-preview:large, max-video-preview:-1\" \/>\n<link rel=\"canonical\" href=\"https:\/\/www.ecrivus-multimedia.nl\/de\/beglaubigte-ubersetzung-bankauszug-italienisch\/\" \/>\n<meta property=\"og:locale\" content=\"de_DE\" \/>\n<meta property=\"og:type\" content=\"article\" \/>\n<meta property=\"og:title\" content=\"Be\u00ebdigde vertaling bankoverzicht in Italiaans? \u2713 Met stempel \u2713 Voordelig \u2713 Bestellen in onze webshop\" \/>\n<meta property=\"og:description\" content=\"Be\u00ebdigde vertaling bankoverzicht nodig in Italiaans? \u2713 Met stempel \u2713 Voordelig bestellen in onze webshop \u2713 Track &amp; Trace \u2713 200+ talen\" \/>\n<meta property=\"og:url\" content=\"https:\/\/www.ecrivus-multimedia.nl\/de\/beglaubigte-ubersetzung-bankauszug-italienisch\/\" \/>\n<meta property=\"og:site_name\" content=\"Ecrivus International Webshop\" \/>\n<meta property=\"article:publisher\" content=\"https:\/\/www.facebook.com\/Ecrivus-International-676624782512639\/\" \/>\n<meta name=\"twitter:card\" content=\"summary_large_image\" \/>\n<meta name=\"twitter:site\" content=\"@ecrivusint\" \/>\n<meta name=\"twitter:label1\" content=\"Gesch\u00e4tzte Lesezeit\" \/>\n\t<meta name=\"twitter:data1\" content=\"3\u00a0Minuten\" \/>\n<script type=\"application\/ld+json\" class=\"yoast-schema-graph\">{\"@context\":\"https:\\\/\\\/schema.org\",\"@graph\":[{\"@type\":\"WebPage\",\"@id\":\"https:\\\/\\\/www.ecrivus-multimedia.nl\\\/en\\\/sworn-translation-of-bank-statement-into-italian\\\/\",\"url\":\"https:\\\/\\\/www.ecrivus-multimedia.nl\\\/en\\\/sworn-translation-of-bank-statement-into-italian\\\/\",\"name\":\"Be\u00ebdigde vertaling bankoverzicht in Italiaans? \u2713 Met stempel \u2713 Voordelig \u2713 Bestellen in onze webshop\",\"isPartOf\":{\"@id\":\"https:\\\/\\\/www.ecrivus-multimedia.nl\\\/#website\"},\"datePublished\":\"2020-03-05T20:18:57+00:00\",\"description\":\"Be\u00ebdigde vertaling bankoverzicht nodig in Italiaans? \u2713 Met stempel \u2713 Voordelig bestellen in onze webshop \u2713 Track & Trace \u2713 200+ talen\",\"breadcrumb\":{\"@id\":\"https:\\\/\\\/www.ecrivus-multimedia.nl\\\/en\\\/sworn-translation-of-bank-statement-into-italian\\\/#breadcrumb\"},\"inLanguage\":\"de\",\"potentialAction\":[{\"@type\":\"ReadAction\",\"target\":[\"https:\\\/\\\/www.ecrivus-multimedia.nl\\\/en\\\/sworn-translation-of-bank-statement-into-italian\\\/\"]}]},{\"@type\":\"BreadcrumbList\",\"@id\":\"https:\\\/\\\/www.ecrivus-multimedia.nl\\\/en\\\/sworn-translation-of-bank-statement-into-italian\\\/#breadcrumb\",\"itemListElement\":[{\"@type\":\"ListItem\",\"position\":1,\"name\":\"Home\",\"item\":\"https:\\\/\\\/www.ecrivus-multimedia.nl\\\/\"},{\"@type\":\"ListItem\",\"position\":2,\"name\":\"Be\u00ebdigde vertaling bankoverzicht in Italiaans? \u2713 Met stempel \u2713 Voordelig \u2713 Bestellen in onze webshop\"}]},{\"@type\":\"WebSite\",\"@id\":\"https:\\\/\\\/www.ecrivus-multimedia.nl\\\/#website\",\"url\":\"https:\\\/\\\/www.ecrivus-multimedia.nl\\\/\",\"name\":\"Ecrivus International Webshop\",\"description\":\"Erkende webshop voor be\u00ebdigde vertalingen.\",\"publisher\":{\"@id\":\"https:\\\/\\\/www.ecrivus-multimedia.nl\\\/#organization\"},\"potentialAction\":[{\"@type\":\"SearchAction\",\"target\":{\"@type\":\"EntryPoint\",\"urlTemplate\":\"https:\\\/\\\/www.ecrivus-multimedia.nl\\\/?s={search_term_string}\"},\"query-input\":{\"@type\":\"PropertyValueSpecification\",\"valueRequired\":true,\"valueName\":\"search_term_string\"}}],\"inLanguage\":\"de\"},{\"@type\":\"Organization\",\"@id\":\"https:\\\/\\\/www.ecrivus-multimedia.nl\\\/#organization\",\"name\":\"Ecrivus International\",\"url\":\"https:\\\/\\\/www.ecrivus-multimedia.nl\\\/\",\"logo\":{\"@type\":\"ImageObject\",\"inLanguage\":\"de\",\"@id\":\"https:\\\/\\\/www.ecrivus-multimedia.nl\\\/#\\\/schema\\\/logo\\\/image\\\/\",\"url\":\"https:\\\/\\\/www.ecrivus-multimedia.nl\\\/wp-content\\\/uploads\\\/2022\\\/01\\\/cropped-small-Logo-Ecrivus-Vector-Transparent2.png\",\"contentUrl\":\"https:\\\/\\\/www.ecrivus-multimedia.nl\\\/wp-content\\\/uploads\\\/2022\\\/01\\\/cropped-small-Logo-Ecrivus-Vector-Transparent2.png\",\"width\":512,\"height\":512,\"caption\":\"Ecrivus International\"},\"image\":{\"@id\":\"https:\\\/\\\/www.ecrivus-multimedia.nl\\\/#\\\/schema\\\/logo\\\/image\\\/\"},\"sameAs\":[\"https:\\\/\\\/www.facebook.com\\\/Ecrivus-International-676624782512639\\\/\",\"https:\\\/\\\/x.com\\\/ecrivusint\"]}]}<\/script>\n<!-- \/ Yoast SEO plugin. -->","yoast_head_json":{"title":"Be\u00ebdigde vertaling bankoverzicht in Italiaans? \u2713 Met stempel \u2713 Voordelig \u2713 Bestellen in onze webshop","description":"Be\u00ebdigde vertaling bankoverzicht nodig in Italiaans? \u2713 Met stempel \u2713 Voordelig bestellen in onze webshop \u2713 Track & Trace \u2713 200+ talen","robots":{"index":"index","follow":"follow","max-snippet":"max-snippet:-1","max-image-preview":"max-image-preview:large","max-video-preview":"max-video-preview:-1"},"canonical":"https:\/\/www.ecrivus-multimedia.nl\/de\/beglaubigte-ubersetzung-bankauszug-italienisch\/","og_locale":"de_DE","og_type":"article","og_title":"Be\u00ebdigde vertaling bankoverzicht in Italiaans? \u2713 Met stempel \u2713 Voordelig \u2713 Bestellen in onze webshop","og_description":"Be\u00ebdigde vertaling bankoverzicht nodig in Italiaans? \u2713 Met stempel \u2713 Voordelig bestellen in onze webshop \u2713 Track & Trace \u2713 200+ talen","og_url":"https:\/\/www.ecrivus-multimedia.nl\/de\/beglaubigte-ubersetzung-bankauszug-italienisch\/","og_site_name":"Ecrivus International Webshop","article_publisher":"https:\/\/www.facebook.com\/Ecrivus-International-676624782512639\/","twitter_card":"summary_large_image","twitter_site":"@ecrivusint","twitter_misc":{"Gesch\u00e4tzte Lesezeit":"3\u00a0Minuten"},"schema":{"@context":"https:\/\/schema.org","@graph":[{"@type":"WebPage","@id":"https:\/\/www.ecrivus-multimedia.nl\/en\/sworn-translation-of-bank-statement-into-italian\/","url":"https:\/\/www.ecrivus-multimedia.nl\/en\/sworn-translation-of-bank-statement-into-italian\/","name":"Be\u00ebdigde vertaling bankoverzicht in Italiaans? \u2713 Met stempel \u2713 Voordelig \u2713 Bestellen in onze webshop","isPartOf":{"@id":"https:\/\/www.ecrivus-multimedia.nl\/#website"},"datePublished":"2020-03-05T20:18:57+00:00","description":"Be\u00ebdigde vertaling bankoverzicht nodig in Italiaans? \u2713 Met stempel \u2713 Voordelig bestellen in onze webshop \u2713 Track & Trace \u2713 200+ talen","breadcrumb":{"@id":"https:\/\/www.ecrivus-multimedia.nl\/en\/sworn-translation-of-bank-statement-into-italian\/#breadcrumb"},"inLanguage":"de","potentialAction":[{"@type":"ReadAction","target":["https:\/\/www.ecrivus-multimedia.nl\/en\/sworn-translation-of-bank-statement-into-italian\/"]}]},{"@type":"BreadcrumbList","@id":"https:\/\/www.ecrivus-multimedia.nl\/en\/sworn-translation-of-bank-statement-into-italian\/#breadcrumb","itemListElement":[{"@type":"ListItem","position":1,"name":"Home","item":"https:\/\/www.ecrivus-multimedia.nl\/"},{"@type":"ListItem","position":2,"name":"Be\u00ebdigde vertaling bankoverzicht in Italiaans? \u2713 Met stempel \u2713 Voordelig \u2713 Bestellen in onze webshop"}]},{"@type":"WebSite","@id":"https:\/\/www.ecrivus-multimedia.nl\/#website","url":"https:\/\/www.ecrivus-multimedia.nl\/","name":"Ecrivus International Webshop","description":"Erkende webshop voor be\u00ebdigde vertalingen.","publisher":{"@id":"https:\/\/www.ecrivus-multimedia.nl\/#organization"},"potentialAction":[{"@type":"SearchAction","target":{"@type":"EntryPoint","urlTemplate":"https:\/\/www.ecrivus-multimedia.nl\/?s={search_term_string}"},"query-input":{"@type":"PropertyValueSpecification","valueRequired":true,"valueName":"search_term_string"}}],"inLanguage":"de"},{"@type":"Organization","@id":"https:\/\/www.ecrivus-multimedia.nl\/#organization","name":"Ecrivus International","url":"https:\/\/www.ecrivus-multimedia.nl\/","logo":{"@type":"ImageObject","inLanguage":"de","@id":"https:\/\/www.ecrivus-multimedia.nl\/#\/schema\/logo\/image\/","url":"https:\/\/www.ecrivus-multimedia.nl\/wp-content\/uploads\/2022\/01\/cropped-small-Logo-Ecrivus-Vector-Transparent2.png","contentUrl":"https:\/\/www.ecrivus-multimedia.nl\/wp-content\/uploads\/2022\/01\/cropped-small-Logo-Ecrivus-Vector-Transparent2.png","width":512,"height":512,"caption":"Ecrivus International"},"image":{"@id":"https:\/\/www.ecrivus-multimedia.nl\/#\/schema\/logo\/image\/"},"sameAs":["https:\/\/www.facebook.com\/Ecrivus-International-676624782512639\/","https:\/\/x.com\/ecrivusint"]}]}},"_links":{"self":[{"href":"https:\/\/www.ecrivus-multimedia.nl\/de\/wp-json\/wp\/v2\/pages\/48127","targetHints":{"allow":["GET"]}}],"collection":[{"href":"https:\/\/www.ecrivus-multimedia.nl\/de\/wp-json\/wp\/v2\/pages"}],"about":[{"href":"https:\/\/www.ecrivus-multimedia.nl\/de\/wp-json\/wp\/v2\/types\/page"}],"author":[{"embeddable":true,"href":"https:\/\/www.ecrivus-multimedia.nl\/de\/wp-json\/wp\/v2\/users\/1"}],"replies":[{"embeddable":true,"href":"https:\/\/www.ecrivus-multimedia.nl\/de\/wp-json\/wp\/v2\/comments?post=48127"}],"version-history":[{"count":0,"href":"https:\/\/www.ecrivus-multimedia.nl\/de\/wp-json\/wp\/v2\/pages\/48127\/revisions"}],"wp:attachment":[{"href":"https:\/\/www.ecrivus-multimedia.nl\/de\/wp-json\/wp\/v2\/media?parent=48127"}],"curies":[{"name":"wp","href":"https:\/\/api.w.org\/{rel}","templated":true}]}}