{"id":109402,"date":"2023-05-05T13:21:24","date_gmt":"2023-05-05T11:21:24","guid":{"rendered":"https:\/\/www.ecrivus-multimedia.nl\/?post_type=product&#038;p=109402"},"modified":"2026-04-12T13:16:05","modified_gmt":"2026-04-12T11:16:05","slug":"ai-contentoptimalisatie","status":"publish","type":"product","link":"https:\/\/www.ecrivus-multimedia.nl\/de\/produkt\/ai-inhalt-optimierung\/","title":{"rendered":"AI Content-Optimierung + Redaktion - Optimieren Sie Ihre Inhalte und Ihre Online-Auffindbarkeit"},"content":{"rendered":"<h1><strong>KI-Inhaltsoptimierung<\/strong><\/h1>\n<p>Ihre Website ist ein wichtiges Instrument, um neue Kunden zu erreichen und Ihren Umsatz zu steigern. <strong>Mit unserem Revolution\u00e4r <a href=\"https:\/\/www.ecrivus-multimedia.nl\/go\/ai-contentoptimalisatie\/\" title=\"AI-Content-Optimierung + -Bearbeitung f\u00fcr h\u00f6here Suchmaschinen-Scores\" class=\"pretty-link-keyword\"rel=\"\">KI-Inhaltsoptimierung<\/a>Mit unserem Service bieten wir Ihnen die M\u00f6glichkeit, Ihre alten Inhalte in hochwertige und optimierte Texte umzuwandeln.<\/strong> Das Einzigartige an unserem Service ist, dass wir <strong>KI und ausgebildete Fachkr\u00e4fte<\/strong> zusammen, um die besten Ergebnisse zu erzielen.<\/p>\n<p>Unsere entwickelten KI-Tools helfen Ihnen, Ihre Inhalte f\u00fcr eine bessere Leistung und Sichtbarkeit in Suchmaschinen und sozialen Medien zu optimieren. W\u00e4hrend das KI-Tool eine wichtige Rolle bei der Erzielung der gew\u00fcnschten Ergebnisse spielt, sind auch Sprachexperten wie Redakteure und Linguisten unerl\u00e4sslich. Sie verleihen den optimierten Texten eine menschliche Note, perfektionieren sie bis ins Detail und bringen Kreativit\u00e4t in den Prozess ein.<\/p>\n<h3>KI-Content-Optimierung in 3 Schritten<\/h3>\n<ol>\n<li>Sie stellen die zu optimierenden Inhalte in Form von Textdateien, Webseiten oder URLs bereit. Anschlie\u00dfend analysieren wir die Texte mithilfe unserer KI-Algorithmen und optimieren sie f\u00fcr Suchmaschinen und Lesbarkeit. Daran arbeiten dann unsere Sprachexperten, um die Texte weiter zu perfektionieren und so die bestm\u00f6gliche Qualit\u00e4t zu gew\u00e4hrleisten.<\/li>\n<li>Das Ergebnis liefern wir in Form optimierter Texte, die in Suchmaschinen besser abschneiden und f\u00fcr Ihre Zielgruppe leichter lesbar sind. Durch die Bereitstellung Ihrer alten Inhalte stellen wir Ihnen optimierte Texte zur Verf\u00fcgung, die zum Wachstum Ihres Unternehmens beitragen. Und das alles zu einem sehr g\u00fcnstigen Preis pro Webseite.<\/li>\n<li>Durch die Statistiken k\u00f6nnen wir nachweisen, dass unsere optimierten Texte in Suchmaschinen deutlich besser abschneiden und besser abschneiden. Dadurch ziehen Sie mehr Besucher und potenzielle Kunden an, was letztendlich zu mehr Umsatz f\u00fcr Ihr Unternehmen f\u00fchrt.<\/li>\n<\/ol>\n<p>W\u00e4hlen <a href=\"https:\/\/www.ecrivus-multimedia.nl\/go\/ai-contentoptimalisatie\/\" title=\"AI-Content-Optimierung + -Bearbeitung f\u00fcr h\u00f6here Suchmaschinen-Scores\" class=\"pretty-link-keyword\"rel=\"\">KI-Inhaltsoptimierung<\/a> von Ecrivus Multimedia und erleben Sie selbst, wie Sie Ihre alten Inhalte in hochwertige und optimierte Texte umwandeln k\u00f6nnen. Gemeinsam mit unseren KI-Tools und Sprachexperten erzielen Sie die beste Qualit\u00e4t und Ergebnisse f\u00fcr Ihr Unternehmen.<\/p>\n<p>Kurz gesagt: Ihre Website ist ein wichtiges Instrument, um neue Kunden zu erreichen und Ihren Umsatz zu steigern. Mit unserer <a href=\"https:\/\/www.ecrivus-multimedia.nl\/go\/ai-contentoptimalisatie\/\" title=\"AI-Content-Optimierung + -Bearbeitung f\u00fcr h\u00f6here Suchmaschinen-Scores\" class=\"pretty-link-keyword\"rel=\"\">KI-Inhaltsoptimierung<\/a>service wandelt Ihre alten Inhalte in hochwertige und optimierte Texte um. Unsere KI-Tools sorgen daf\u00fcr, dass Ihre Texte nicht nur suchmaschinenfreundlich, sondern auch f\u00fcr Ihre Zielgruppe lesbar und verst\u00e4ndlich sind. W\u00e4hlen Sie Ecrivus Multimedia und profitieren Sie von der Leistungsf\u00e4higkeit unseres <a href=\"https:\/\/www.ecrivus-multimedia.nl\/go\/ai-contentoptimalisatie\/\" title=\"AI-Content-Optimierung + -Bearbeitung f\u00fcr h\u00f6here Suchmaschinen-Scores\" class=\"pretty-link-keyword\"rel=\"\">KI-Inhaltsoptimierung<\/a>.<\/p>","protected":false},"excerpt":{"rendered":"<p>Optimieren Sie Ihre Inhalte mit AI Content Optimization und erh\u00f6hen Sie Ihre Online-Sichtbarkeit.<br \/>\nLaden Sie die URLs unten hoch und w\u00e4hlen Sie die Anzahl der URLs aus, die Sie optimieren m\u00f6chten. Kosten: 10 \u20ac pro URL.<\/p>","protected":false},"featured_media":132637,"comment_status":"closed","ping_status":"closed","template":"","meta":{"_acf_changed":false,"_glsr_average":0,"_glsr_ranking":0,"_glsr_reviews":0,"_joinchat":[]},"product_brand":[],"product_cat":[15288],"product_tag":[15941,15942,15944,15943,15945],"class_list":{"0":"post-109402","1":"product","2":"type-product","3":"status-publish","4":"has-post-thumbnail","6":"product_cat-web-app-ontwikkeling","7":"product_tag-ai","8":"product_tag-contentoptimalisatie","9":"product_tag-online-zichtbaarheid","10":"product_tag-seo","11":"product_tag-zoekmachines","13":"first","14":"instock","15":"virtual","16":"sold-individually","17":"taxable","18":"purchasable","19":"product-type-simple"},"acf":[],"yoast_head":"<!-- This site is optimized with the Yoast SEO plugin v27.4 - https:\/\/yoast.com\/product\/yoast-seo-wordpress\/ -->\n<title>AI Contentoptimalisatie + editing voor hogere zoekmachine scores<\/title>\n<meta name=\"description\" content=\"Transformeer uw content met AI Contentoptimalisatie. Verhoog uw online zichtbaarheid en bereik meer klanten. Bespaar tijd en optimaliseer uw teksten nu!\" \/>\n<meta name=\"robots\" content=\"index, follow, max-snippet:-1, max-image-preview:large, max-video-preview:-1\" \/>\n<link rel=\"canonical\" href=\"https:\/\/www.ecrivus-multimedia.nl\/de\/produkt\/ai-inhalt-optimierung\/\" \/>\n<meta property=\"og:locale\" content=\"de_DE\" \/>\n<meta property=\"og:type\" content=\"article\" \/>\n<meta property=\"og:title\" content=\"AI Contentoptimalisatie + editing voor hogere zoekmachine scores\" \/>\n<meta property=\"og:description\" content=\"Transformeer uw content met AI Contentoptimalisatie. Verhoog uw online zichtbaarheid en bereik meer klanten. Bespaar tijd en optimaliseer uw teksten nu!\" \/>\n<meta property=\"og:url\" content=\"https:\/\/www.ecrivus-multimedia.nl\/de\/produkt\/ai-inhalt-optimierung\/\" \/>\n<meta property=\"og:site_name\" content=\"Ecrivus International Webshop\" \/>\n<meta property=\"article:publisher\" content=\"https:\/\/www.facebook.com\/Ecrivus-International-676624782512639\/\" \/>\n<meta property=\"article:modified_time\" content=\"2026-04-12T11:16:05+00:00\" \/>\n<meta property=\"og:image\" content=\"https:\/\/www.ecrivus-multimedia.nl\/wp-content\/uploads\/2023\/05\/ai-tools-online-marketing-seo-laptop.jpg\" \/>\n\t<meta property=\"og:image:width\" content=\"1000\" \/>\n\t<meta property=\"og:image:height\" content=\"571\" \/>\n\t<meta property=\"og:image:type\" content=\"image\/jpeg\" \/>\n<meta name=\"twitter:card\" content=\"summary_large_image\" \/>\n<meta name=\"twitter:site\" content=\"@ecrivusint\" \/>\n<meta name=\"twitter:label1\" content=\"Gesch\u00e4tzte Lesezeit\" \/>\n\t<meta name=\"twitter:data1\" content=\"2\u00a0Minuten\" \/>\n<script type=\"application\/ld+json\" class=\"yoast-schema-graph\">{\"@context\":\"https:\\\/\\\/schema.org\",\"@graph\":[{\"@type\":\"WebPage\",\"@id\":\"https:\\\/\\\/www.ecrivus-multimedia.nl\\\/product\\\/ai-contentoptimalisatie\\\/\",\"url\":\"https:\\\/\\\/www.ecrivus-multimedia.nl\\\/product\\\/ai-contentoptimalisatie\\\/\",\"name\":\"AI Contentoptimalisatie + editing voor hogere zoekmachine scores\",\"isPartOf\":{\"@id\":\"https:\\\/\\\/www.ecrivus-multimedia.nl\\\/#website\"},\"primaryImageOfPage\":{\"@id\":\"https:\\\/\\\/www.ecrivus-multimedia.nl\\\/product\\\/ai-contentoptimalisatie\\\/#primaryimage\"},\"image\":{\"@id\":\"https:\\\/\\\/www.ecrivus-multimedia.nl\\\/product\\\/ai-contentoptimalisatie\\\/#primaryimage\"},\"thumbnailUrl\":\"https:\\\/\\\/www.ecrivus-multimedia.nl\\\/wp-content\\\/uploads\\\/2023\\\/05\\\/ai-tools-online-marketing-seo-laptop.jpg\",\"datePublished\":\"2023-05-05T11:21:24+00:00\",\"dateModified\":\"2026-04-12T11:16:05+00:00\",\"description\":\"Transformeer uw content met AI Contentoptimalisatie. Verhoog uw online zichtbaarheid en bereik meer klanten. Bespaar tijd en optimaliseer uw teksten nu!\",\"breadcrumb\":{\"@id\":\"https:\\\/\\\/www.ecrivus-multimedia.nl\\\/product\\\/ai-contentoptimalisatie\\\/#breadcrumb\"},\"inLanguage\":\"de\",\"potentialAction\":[{\"@type\":\"ReadAction\",\"target\":[\"https:\\\/\\\/www.ecrivus-multimedia.nl\\\/product\\\/ai-contentoptimalisatie\\\/\"]}]},{\"@type\":\"ImageObject\",\"inLanguage\":\"de\",\"@id\":\"https:\\\/\\\/www.ecrivus-multimedia.nl\\\/product\\\/ai-contentoptimalisatie\\\/#primaryimage\",\"url\":\"https:\\\/\\\/www.ecrivus-multimedia.nl\\\/wp-content\\\/uploads\\\/2023\\\/05\\\/ai-tools-online-marketing-seo-laptop.jpg\",\"contentUrl\":\"https:\\\/\\\/www.ecrivus-multimedia.nl\\\/wp-content\\\/uploads\\\/2023\\\/05\\\/ai-tools-online-marketing-seo-laptop.jpg\",\"width\":1000,\"height\":571},{\"@type\":\"BreadcrumbList\",\"@id\":\"https:\\\/\\\/www.ecrivus-multimedia.nl\\\/product\\\/ai-contentoptimalisatie\\\/#breadcrumb\",\"itemListElement\":[{\"@type\":\"ListItem\",\"position\":1,\"name\":\"Home\",\"item\":\"https:\\\/\\\/www.ecrivus-multimedia.nl\\\/\"},{\"@type\":\"ListItem\",\"position\":2,\"name\":\"Shop\",\"item\":\"https:\\\/\\\/www.ecrivus-multimedia.nl\\\/shop\\\/\"},{\"@type\":\"ListItem\",\"position\":3,\"name\":\"AI Contentoptimalisatie + editing \u2013 Optimaliseer uw content en online vindbaarheid\"}]},{\"@type\":\"WebSite\",\"@id\":\"https:\\\/\\\/www.ecrivus-multimedia.nl\\\/#website\",\"url\":\"https:\\\/\\\/www.ecrivus-multimedia.nl\\\/\",\"name\":\"Ecrivus International Webshop\",\"description\":\"Erkende webshop voor be\u00ebdigde vertalingen.\",\"publisher\":{\"@id\":\"https:\\\/\\\/www.ecrivus-multimedia.nl\\\/#organization\"},\"potentialAction\":[{\"@type\":\"SearchAction\",\"target\":{\"@type\":\"EntryPoint\",\"urlTemplate\":\"https:\\\/\\\/www.ecrivus-multimedia.nl\\\/?s={search_term_string}\"},\"query-input\":{\"@type\":\"PropertyValueSpecification\",\"valueRequired\":true,\"valueName\":\"search_term_string\"}}],\"inLanguage\":\"de\"},{\"@type\":\"Organization\",\"@id\":\"https:\\\/\\\/www.ecrivus-multimedia.nl\\\/#organization\",\"name\":\"Ecrivus International\",\"url\":\"https:\\\/\\\/www.ecrivus-multimedia.nl\\\/\",\"logo\":{\"@type\":\"ImageObject\",\"inLanguage\":\"de\",\"@id\":\"https:\\\/\\\/www.ecrivus-multimedia.nl\\\/#\\\/schema\\\/logo\\\/image\\\/\",\"url\":\"https:\\\/\\\/www.ecrivus-multimedia.nl\\\/wp-content\\\/uploads\\\/2022\\\/01\\\/cropped-small-Logo-Ecrivus-Vector-Transparent2.png\",\"contentUrl\":\"https:\\\/\\\/www.ecrivus-multimedia.nl\\\/wp-content\\\/uploads\\\/2022\\\/01\\\/cropped-small-Logo-Ecrivus-Vector-Transparent2.png\",\"width\":512,\"height\":512,\"caption\":\"Ecrivus International\"},\"image\":{\"@id\":\"https:\\\/\\\/www.ecrivus-multimedia.nl\\\/#\\\/schema\\\/logo\\\/image\\\/\"},\"sameAs\":[\"https:\\\/\\\/www.facebook.com\\\/Ecrivus-International-676624782512639\\\/\",\"https:\\\/\\\/x.com\\\/ecrivusint\"]}]}<\/script>\n<!-- \/ Yoast SEO plugin. -->","yoast_head_json":{"title":"AI Contentoptimalisatie + editing voor hogere zoekmachine scores","description":"Transformeer uw content met AI Contentoptimalisatie. Verhoog uw online zichtbaarheid en bereik meer klanten. Bespaar tijd en optimaliseer uw teksten nu!","robots":{"index":"index","follow":"follow","max-snippet":"max-snippet:-1","max-image-preview":"max-image-preview:large","max-video-preview":"max-video-preview:-1"},"canonical":"https:\/\/www.ecrivus-multimedia.nl\/de\/produkt\/ai-inhalt-optimierung\/","og_locale":"de_DE","og_type":"article","og_title":"AI Contentoptimalisatie + editing voor hogere zoekmachine scores","og_description":"Transformeer uw content met AI Contentoptimalisatie. Verhoog uw online zichtbaarheid en bereik meer klanten. Bespaar tijd en optimaliseer uw teksten nu!","og_url":"https:\/\/www.ecrivus-multimedia.nl\/de\/produkt\/ai-inhalt-optimierung\/","og_site_name":"Ecrivus International Webshop","article_publisher":"https:\/\/www.facebook.com\/Ecrivus-International-676624782512639\/","article_modified_time":"2026-04-12T11:16:05+00:00","og_image":[{"width":1000,"height":571,"url":"https:\/\/www.ecrivus-multimedia.nl\/wp-content\/uploads\/2023\/05\/ai-tools-online-marketing-seo-laptop.jpg","type":"image\/jpeg"}],"twitter_card":"summary_large_image","twitter_site":"@ecrivusint","twitter_misc":{"Gesch\u00e4tzte Lesezeit":"2\u00a0Minuten"},"schema":{"@context":"https:\/\/schema.org","@graph":[{"@type":"WebPage","@id":"https:\/\/www.ecrivus-multimedia.nl\/product\/ai-contentoptimalisatie\/","url":"https:\/\/www.ecrivus-multimedia.nl\/product\/ai-contentoptimalisatie\/","name":"AI Contentoptimalisatie + editing voor hogere zoekmachine scores","isPartOf":{"@id":"https:\/\/www.ecrivus-multimedia.nl\/#website"},"primaryImageOfPage":{"@id":"https:\/\/www.ecrivus-multimedia.nl\/product\/ai-contentoptimalisatie\/#primaryimage"},"image":{"@id":"https:\/\/www.ecrivus-multimedia.nl\/product\/ai-contentoptimalisatie\/#primaryimage"},"thumbnailUrl":"https:\/\/www.ecrivus-multimedia.nl\/wp-content\/uploads\/2023\/05\/ai-tools-online-marketing-seo-laptop.jpg","datePublished":"2023-05-05T11:21:24+00:00","dateModified":"2026-04-12T11:16:05+00:00","description":"Transformeer uw content met AI Contentoptimalisatie. Verhoog uw online zichtbaarheid en bereik meer klanten. Bespaar tijd en optimaliseer uw teksten nu!","breadcrumb":{"@id":"https:\/\/www.ecrivus-multimedia.nl\/product\/ai-contentoptimalisatie\/#breadcrumb"},"inLanguage":"de","potentialAction":[{"@type":"ReadAction","target":["https:\/\/www.ecrivus-multimedia.nl\/product\/ai-contentoptimalisatie\/"]}]},{"@type":"ImageObject","inLanguage":"de","@id":"https:\/\/www.ecrivus-multimedia.nl\/product\/ai-contentoptimalisatie\/#primaryimage","url":"https:\/\/www.ecrivus-multimedia.nl\/wp-content\/uploads\/2023\/05\/ai-tools-online-marketing-seo-laptop.jpg","contentUrl":"https:\/\/www.ecrivus-multimedia.nl\/wp-content\/uploads\/2023\/05\/ai-tools-online-marketing-seo-laptop.jpg","width":1000,"height":571},{"@type":"BreadcrumbList","@id":"https:\/\/www.ecrivus-multimedia.nl\/product\/ai-contentoptimalisatie\/#breadcrumb","itemListElement":[{"@type":"ListItem","position":1,"name":"Home","item":"https:\/\/www.ecrivus-multimedia.nl\/"},{"@type":"ListItem","position":2,"name":"Shop","item":"https:\/\/www.ecrivus-multimedia.nl\/shop\/"},{"@type":"ListItem","position":3,"name":"AI Contentoptimalisatie + editing \u2013 Optimaliseer uw content en online vindbaarheid"}]},{"@type":"WebSite","@id":"https:\/\/www.ecrivus-multimedia.nl\/#website","url":"https:\/\/www.ecrivus-multimedia.nl\/","name":"Ecrivus International Webshop","description":"Erkende webshop voor be\u00ebdigde vertalingen.","publisher":{"@id":"https:\/\/www.ecrivus-multimedia.nl\/#organization"},"potentialAction":[{"@type":"SearchAction","target":{"@type":"EntryPoint","urlTemplate":"https:\/\/www.ecrivus-multimedia.nl\/?s={search_term_string}"},"query-input":{"@type":"PropertyValueSpecification","valueRequired":true,"valueName":"search_term_string"}}],"inLanguage":"de"},{"@type":"Organization","@id":"https:\/\/www.ecrivus-multimedia.nl\/#organization","name":"Ecrivus International","url":"https:\/\/www.ecrivus-multimedia.nl\/","logo":{"@type":"ImageObject","inLanguage":"de","@id":"https:\/\/www.ecrivus-multimedia.nl\/#\/schema\/logo\/image\/","url":"https:\/\/www.ecrivus-multimedia.nl\/wp-content\/uploads\/2022\/01\/cropped-small-Logo-Ecrivus-Vector-Transparent2.png","contentUrl":"https:\/\/www.ecrivus-multimedia.nl\/wp-content\/uploads\/2022\/01\/cropped-small-Logo-Ecrivus-Vector-Transparent2.png","width":512,"height":512,"caption":"Ecrivus International"},"image":{"@id":"https:\/\/www.ecrivus-multimedia.nl\/#\/schema\/logo\/image\/"},"sameAs":["https:\/\/www.facebook.com\/Ecrivus-International-676624782512639\/","https:\/\/x.com\/ecrivusint"]}]}},"_links":{"self":[{"href":"https:\/\/www.ecrivus-multimedia.nl\/de\/wp-json\/wp\/v2\/product\/109402","targetHints":{"allow":["GET"]}}],"collection":[{"href":"https:\/\/www.ecrivus-multimedia.nl\/de\/wp-json\/wp\/v2\/product"}],"about":[{"href":"https:\/\/www.ecrivus-multimedia.nl\/de\/wp-json\/wp\/v2\/types\/product"}],"replies":[{"embeddable":true,"href":"https:\/\/www.ecrivus-multimedia.nl\/de\/wp-json\/wp\/v2\/comments?post=109402"}],"wp:featuredmedia":[{"embeddable":true,"href":"https:\/\/www.ecrivus-multimedia.nl\/de\/wp-json\/wp\/v2\/media\/132637"}],"wp:attachment":[{"href":"https:\/\/www.ecrivus-multimedia.nl\/de\/wp-json\/wp\/v2\/media?parent=109402"}],"wp:term":[{"taxonomy":"product_brand","embeddable":true,"href":"https:\/\/www.ecrivus-multimedia.nl\/de\/wp-json\/wp\/v2\/product_brand?post=109402"},{"taxonomy":"product_cat","embeddable":true,"href":"https:\/\/www.ecrivus-multimedia.nl\/de\/wp-json\/wp\/v2\/product_cat?post=109402"},{"taxonomy":"product_tag","embeddable":true,"href":"https:\/\/www.ecrivus-multimedia.nl\/de\/wp-json\/wp\/v2\/product_tag?post=109402"}],"curies":[{"name":"wp","href":"https:\/\/api.w.org\/{rel}","templated":true}]}}