{"id":127224,"date":"2024-04-16T10:38:09","date_gmt":"2024-04-16T08:38:09","guid":{"rendered":"https:\/\/www.ecrivus-multimedia.nl\/?post_type=product&#038;p=127224"},"modified":"2026-04-12T12:13:17","modified_gmt":"2026-04-12T10:13:17","slug":"bewijs-of-verklaring-bezit-nederlanderschap-beedigd","status":"publish","type":"product","link":"https:\/\/www.ecrivus-multimedia.nl\/de\/produkt\/ubersetzung-juristischer-dokumente-beglaubigt-3\/","title":{"rendered":"Bescheinigung oder Erkl\u00e4rung der niederl\u00e4ndischen Staatsb\u00fcrgerschaft (beglaubigt)"},"content":{"rendered":"<p><strong><a href=\"https:\/\/www.ecrivus-multimedia.nl\/go\/bewijs-of-verklaring-bezit-nederlanderschap-beedigd\/\" title=\"Nachweis\/Erkl\u00e4rung \u00fcber den Besitz der niederl\u00e4ndischen Staatsangeh\u00f6rigkeit vereidigt? Jetzt \u00fcbersetzen!\" class=\"pretty-link-keyword\"rel=\"\">Nachweis \u00fcber den Besitz der niederl\u00e4ndischen Staatsb\u00fcrgerschaft<\/a> (<a href=\"https:\/\/www.ecrivus-multimedia.nl\/go\/be\u00ebdigde-vertaling\/\" title=\"Beglaubigte \u00dcbersetzungen Archiv | Ecrivus International Webshop\" class=\"pretty-link-keyword\"rel=\"\">beeidigte \u00dcbersetzung<\/a> mit Stempel)<\/strong><\/p>\n<p>Die <a href=\"https:\/\/www.ecrivus-multimedia.nl\/go\/be\u00ebdigde-vertaling\/\" title=\"Beglaubigte \u00dcbersetzungen Archiv | Ecrivus International Webshop\" class=\"pretty-link-keyword\"rel=\"\">beeidigte \u00dcbersetzung<\/a> Ihrer <a href=\"https:\/\/www.ecrivus-multimedia.nl\/go\/bewijs-of-verklaring-bezit-nederlanderschap-beedigd\/\" title=\"Nachweis\/Erkl\u00e4rung \u00fcber den Besitz der niederl\u00e4ndischen Staatsangeh\u00f6rigkeit vereidigt? Jetzt \u00fcbersetzen!\" class=\"pretty-link-keyword\"rel=\"\">Nachweis oder Erkl\u00e4rung \u00fcber den Besitz der niederl\u00e4ndischen Staatsb\u00fcrgerschaft<\/a> k\u00f6nnen jetzt ganz einfach online bestellt werden.<\/p>\n<p>Onze be\u00ebdigde vertaaldienst is zeer geschikt voor het vertalen van offici\u00eble overheidsdocumenten, zoals <a href=\"https:\/\/www.ecrivus-multimedia.nl\/go\/paspoort-vertalen-beedigd\/\" title=\"Beeidigte \u00dcbersetzung des Reisepasses? Bestellen Sie \u00fcber unseren Webshop!\" class=\"pretty-link-keyword\"rel=\"\">P\u00e4sse<\/a>, <a href=\"https:\/\/www.ecrivus-multimedia.nl\/go\/identiteitsbewijs-vertalen-beedigd\/\" title=\"Ben\u00f6tigen Sie eine beglaubigte \u00dcbersetzung Ihres Personalausweises oder Personalausweises? Jetzt online bestellbar!\" class=\"pretty-link-keyword\"rel=\"\">Ausweise<\/a>, <a href=\"https:\/\/www.ecrivus-multimedia.nl\/go\/geboorteakte-beedigde-vertaling-met-stempel\/\" title=\"Ben\u00f6tigen Sie eine beglaubigte \u00dcbersetzung Ihrer Geburtsurkunde? Jetzt online bestellbar!\" class=\"pretty-link-keyword\"rel=\"\">Geburtsurkunden<\/a>, <a href=\"https:\/\/www.ecrivus-multimedia.nl\/go\/huwelijksakte-vertalen-beedigd\/\" title=\"Beglaubigte \u00dcbersetzung der Heiratsurkunde\/Eheurkunde ben\u00f6tigt? Jetzt online bestellen!\" class=\"pretty-link-keyword\"rel=\"\">Heiratsurkunden<\/a>, aber auch a <a href=\"https:\/\/www.ecrivus-multimedia.nl\/go\/bewijs-of-verklaring-bezit-nederlanderschap-beedigd\/\" title=\"Nachweis\/Erkl\u00e4rung \u00fcber den Besitz der niederl\u00e4ndischen Staatsangeh\u00f6rigkeit vereidigt? Jetzt \u00fcbersetzen!\" class=\"pretty-link-keyword\"rel=\"\">Nachweis oder Erkl\u00e4rung \u00fcber den Besitz der niederl\u00e4ndischen Staatsb\u00fcrgerschaft<\/a>. U heeft een <a href=\"https:\/\/www.ecrivus-multimedia.nl\/go\/bewijs-of-verklaring-bezit-nederlanderschap-beedigd\/\" title=\"Nachweis\/Erkl\u00e4rung \u00fcber den Besitz der niederl\u00e4ndischen Staatsangeh\u00f6rigkeit vereidigt? Jetzt \u00fcbersetzen!\" class=\"pretty-link-keyword\"rel=\"\">Erkl\u00e4rung \u00fcber den Besitz der niederl\u00e4ndischen Staatsangeh\u00f6rigkeit<\/a> nodig om aan te tonen dat u de Nederlandse nationaliteit heeft. Dit is bijvoorbeeld nodig bij een verhuizing naar het buitenland of een <a href=\"https:\/\/www.ecrivus-multimedia.nl\/go\/huwelijksakte-vertalen-beedigd\/\" title=\"Beglaubigte \u00dcbersetzung der Heiratsurkunde\/Eheurkunde ben\u00f6tigt? Jetzt online bestellen!\" class=\"pretty-link-keyword\"rel=\"\">Hochzeit<\/a>. Of voor het uitoefenen van bepaalde beroepen, zoals een functie in het openbaar bestuur. Bij Ecrivus International zijn enkel gediplomeerde en be\u00ebdigde vertalers aangesloten, die ruime ervaring hebben in het vertalen van documenten van de <a href=\"https:\/\/www.ecrivus-multimedia.nl\/go\/verslag-betalingen-aan-overheden-beedigde-vertaling-met-stempel\/\" title=\"Zahlungen an Regierungen melden, beglaubigte \u00dcbersetzung? Bestellen Sie in unserem Webshop!\" class=\"pretty-link-keyword\"rel=\"\">Regierung<\/a>. So k\u00f6nnen Sie sicher sein, dass Ihr <a href=\"https:\/\/www.ecrivus-multimedia.nl\/go\/bewijs-of-verklaring-bezit-nederlanderschap-beedigd\/\" title=\"Nachweis\/Erkl\u00e4rung \u00fcber den Besitz der niederl\u00e4ndischen Staatsangeh\u00f6rigkeit vereidigt? Jetzt \u00fcbersetzen!\" class=\"pretty-link-keyword\"rel=\"\">Nachweis \u00fcber den Besitz der niederl\u00e4ndischen Staatsb\u00fcrgerschaft<\/a> genau in die gew\u00fcnschte Sprache \u00fcbersetzt.<\/p>\n<p><strong>Die <a href=\"https:\/\/www.ecrivus-multimedia.nl\/go\/be\u00ebdigde-vertaling\/\" title=\"Beglaubigte \u00dcbersetzungen Archiv | Ecrivus International Webshop\" class=\"pretty-link-keyword\"rel=\"\">beeidigte \u00dcbersetzung<\/a> Ihrer <a href=\"https:\/\/www.ecrivus-multimedia.nl\/go\/bewijs-of-verklaring-bezit-nederlanderschap-beedigd\/\" title=\"Nachweis\/Erkl\u00e4rung \u00fcber den Besitz der niederl\u00e4ndischen Staatsangeh\u00f6rigkeit vereidigt? Jetzt \u00fcbersetzen!\" class=\"pretty-link-keyword\"rel=\"\">Nachweis oder Erkl\u00e4rung \u00fcber den Besitz der niederl\u00e4ndischen Staatsb\u00fcrgerschaft<\/a> ist bei uns in guten H\u00e4nden:<\/strong><\/p>\n<ul>\n<li>\u00dcbersetzung durch vereidigte, erfahrene und spezialisierte <a href=\"http:\/\/www.ecrivus.nl\/juridische-vertalingen\/\">juristische \u00dcbersetzerin<\/a><\/li>\n<li>Inklusive <a href=\"http:\/\/www.ecrivus.nl\/proeflezen\/\">Korrekturlesen<\/a><\/li>\n<li>Inklusive <a href=\"http:\/\/www.ecrivus.nl\/qa-kwaliteitscontroles\/\">Qualit\u00e4tskontrollen<\/a><\/li>\n<li>G\u00fcnstige Preise<\/li>\n<li>Schnelle Lieferzeiten<\/li>\n<li>Wahl der <a href=\"http:\/\/www.ecrivus.nl\/talen\/\">Hunderte von Sprachkombinationen<\/a><\/li>\n<li>Expresslieferung m\u00f6glich<\/li>\n<li>Unterst\u00fctzung f\u00fcr verschiedene Dateiformate, einschlie\u00dflich PDF<\/li>\n<li>Stets eingeschriebene Zustellung Ihrer <a href=\"https:\/\/www.ecrivus-multimedia.nl\/go\/be\u00ebdigde-vertaling\/\" title=\"Beglaubigte \u00dcbersetzungen Archiv | Ecrivus International Webshop\" class=\"pretty-link-keyword\"rel=\"\">beeidigte \u00dcbersetzung<\/a> mit Track &amp; Trace<\/li>\n<li>Die M\u00f6glichkeit, Ihr Dokument mit einem <a href=\"https:\/\/www.ecrivus-multimedia.nl\/go\/apostilles-legalisatie-landenoverzicht\/\" title=\"Apostillen (Legalisierung) - L\u00e4nder\u00fcbersicht\" class=\"pretty-link-keyword\"rel=\"\">Apostille<\/a> oder <a href=\"https:\/\/www.ecrivus-multimedia.nl\/go\/apostilles-legalisatie-landenoverzicht\/\" title=\"Apostillen (Legalisierung) - L\u00e4nder\u00fcbersicht\" class=\"pretty-link-keyword\"rel=\"\">Legalisierung<\/a> (legalisieren)<\/li>\n<\/ul>\n<p>So machen Sie Ihr <a href=\"https:\/\/www.ecrivus-multimedia.nl\/go\/bewijs-of-verklaring-bezit-nederlanderschap-beedigd\/\" title=\"Nachweis\/Erkl\u00e4rung \u00fcber den Besitz der niederl\u00e4ndischen Staatsangeh\u00f6rigkeit vereidigt? Jetzt \u00fcbersetzen!\" class=\"pretty-link-keyword\"rel=\"\">Nachweis \u00fcber den Besitz der niederl\u00e4ndischen Staatsb\u00fcrgerschaft<\/a> direct be\u00ebdigd te laten vertalen, selecteert u hierboven het aantal pagina\u2019s van uw document en de gewenste talencombinatie. Vervolgens klikt u op \u2018In winkelwagen\u2019. Daarna kunt u een foto\/scan van uw <a href=\"https:\/\/www.ecrivus-multimedia.nl\/go\/bewijs-of-verklaring-bezit-nederlanderschap-beedigd\/\" title=\"Nachweis\/Erkl\u00e4rung \u00fcber den Besitz der niederl\u00e4ndischen Staatsangeh\u00f6rigkeit vereidigt? Jetzt \u00fcbersetzen!\" class=\"pretty-link-keyword\"rel=\"\">Nachweis oder Erkl\u00e4rung \u00fcber den Besitz der niederl\u00e4ndischen Staatsb\u00fcrgerschaft<\/a> hochladen und zu Ihrer Bestellung hinzuf\u00fcgen. Wir bieten mehrere Zahlungsm\u00f6glichkeiten \u00fcber sichere Verbindungen an (einschlie\u00dflich iDeal, Bank\u00fcberweisung und PayPal).<\/p>\n<p><strong>Standard-Lieferzeit<\/strong>: 5-6 Arbeitstage<\/p>","protected":false},"excerpt":{"rendered":"<p>Beglaubigte \u00dcbersetzung mit Stempel durch einen beeidigten \u00dcbersetzer.<br \/>\nBitte w\u00e4hlen Sie die untenstehende Sprachkombination aus:<\/p>","protected":false},"featured_media":132609,"comment_status":"open","ping_status":"closed","template":"","meta":{"_acf_changed":false,"_glsr_average":0,"_glsr_ranking":0,"_glsr_reviews":0,"_joinchat":[]},"product_brand":[],"product_cat":[107,624],"product_tag":[642,15973,112,15975,15974],"class_list":{"0":"post-127224","1":"product","2":"type-product","3":"status-publish","4":"has-post-thumbnail","6":"product_cat-beedigde-vertalingen","7":"product_cat-juridische-vertalingen","8":"product_tag-beedigd","9":"product_tag-bewijs-bezit-nederlanderschap","10":"product_tag-juridisch","11":"product_tag-nederlanderschap","12":"product_tag-verklaring-bezit-nederlanderschap","14":"first","15":"instock","16":"sold-individually","17":"taxable","18":"shipping-taxable","19":"purchasable","20":"product-type-variable"},"acf":[],"yoast_head":"<!-- This site is optimized with the Yoast SEO plugin v27.4 - https:\/\/yoast.com\/product\/yoast-seo-wordpress\/ -->\n<title>Bewijs\/Verklaring bezit Nederlanderschap be\u00ebdigd? Vertaal nu!<\/title>\n<meta name=\"description\" content=\"Bewijs of Verklaring bezit Nederlanderschap be\u00ebdigd vertalen? Bestel direct online! Offici\u00eble be\u00ebdigde vertaling met stempel. Alle talen. Snel in huis.\" \/>\n<meta name=\"robots\" content=\"index, follow, max-snippet:-1, max-image-preview:large, max-video-preview:-1\" \/>\n<link rel=\"canonical\" href=\"https:\/\/www.ecrivus-multimedia.nl\/de\/produkt\/ubersetzung-juristischer-dokumente-beglaubigt-3\/\" \/>\n<meta property=\"og:locale\" content=\"de_DE\" \/>\n<meta property=\"og:type\" content=\"article\" \/>\n<meta property=\"og:title\" content=\"Bewijs\/Verklaring bezit Nederlanderschap be\u00ebdigd? Vertaal nu!\" \/>\n<meta property=\"og:description\" content=\"Bewijs of Verklaring bezit Nederlanderschap be\u00ebdigd vertalen? Bestel direct online! Offici\u00eble be\u00ebdigde vertaling met stempel. Alle talen. Snel in huis.\" \/>\n<meta property=\"og:url\" content=\"https:\/\/www.ecrivus-multimedia.nl\/de\/produkt\/ubersetzung-juristischer-dokumente-beglaubigt-3\/\" \/>\n<meta property=\"og:site_name\" content=\"Ecrivus International Webshop\" \/>\n<meta property=\"article:publisher\" content=\"https:\/\/www.facebook.com\/Ecrivus-International-676624782512639\/\" \/>\n<meta property=\"article:modified_time\" content=\"2026-04-12T10:13:17+00:00\" \/>\n<meta property=\"og:image\" content=\"https:\/\/www.ecrivus-multimedia.nl\/wp-content\/uploads\/2017\/08\/beedigde-vertaling2.webp\" \/>\n\t<meta property=\"og:image:width\" content=\"1000\" \/>\n\t<meta property=\"og:image:height\" content=\"623\" \/>\n\t<meta property=\"og:image:type\" content=\"image\/webp\" \/>\n<meta name=\"twitter:card\" content=\"summary_large_image\" \/>\n<meta name=\"twitter:site\" content=\"@ecrivusint\" \/>\n<meta name=\"twitter:label1\" content=\"Gesch\u00e4tzte Lesezeit\" \/>\n\t<meta name=\"twitter:data1\" content=\"2\u00a0Minuten\" \/>\n<script type=\"application\/ld+json\" class=\"yoast-schema-graph\">{\"@context\":\"https:\\\/\\\/schema.org\",\"@graph\":[{\"@type\":\"WebPage\",\"@id\":\"https:\\\/\\\/www.ecrivus-multimedia.nl\\\/product\\\/bewijs-of-verklaring-bezit-nederlanderschap-beedigd\\\/\",\"url\":\"https:\\\/\\\/www.ecrivus-multimedia.nl\\\/product\\\/bewijs-of-verklaring-bezit-nederlanderschap-beedigd\\\/\",\"name\":\"Bewijs\\\/Verklaring bezit Nederlanderschap be\u00ebdigd? Vertaal nu!\",\"isPartOf\":{\"@id\":\"https:\\\/\\\/www.ecrivus-multimedia.nl\\\/#website\"},\"primaryImageOfPage\":{\"@id\":\"https:\\\/\\\/www.ecrivus-multimedia.nl\\\/product\\\/bewijs-of-verklaring-bezit-nederlanderschap-beedigd\\\/#primaryimage\"},\"image\":{\"@id\":\"https:\\\/\\\/www.ecrivus-multimedia.nl\\\/product\\\/bewijs-of-verklaring-bezit-nederlanderschap-beedigd\\\/#primaryimage\"},\"thumbnailUrl\":\"https:\\\/\\\/www.ecrivus-multimedia.nl\\\/wp-content\\\/uploads\\\/2026\\\/04\\\/lakstempel-drukken-document-vooraanzicht-2.jpg\",\"datePublished\":\"2024-04-16T08:38:09+00:00\",\"dateModified\":\"2026-04-12T10:13:17+00:00\",\"description\":\"Bewijs of Verklaring bezit Nederlanderschap be\u00ebdigd vertalen? Bestel direct online! Offici\u00eble be\u00ebdigde vertaling met stempel. Alle talen. Snel in huis.\",\"breadcrumb\":{\"@id\":\"https:\\\/\\\/www.ecrivus-multimedia.nl\\\/product\\\/bewijs-of-verklaring-bezit-nederlanderschap-beedigd\\\/#breadcrumb\"},\"inLanguage\":\"de\",\"potentialAction\":[{\"@type\":\"ReadAction\",\"target\":[\"https:\\\/\\\/www.ecrivus-multimedia.nl\\\/product\\\/bewijs-of-verklaring-bezit-nederlanderschap-beedigd\\\/\"]}]},{\"@type\":\"ImageObject\",\"inLanguage\":\"de\",\"@id\":\"https:\\\/\\\/www.ecrivus-multimedia.nl\\\/product\\\/bewijs-of-verklaring-bezit-nederlanderschap-beedigd\\\/#primaryimage\",\"url\":\"https:\\\/\\\/www.ecrivus-multimedia.nl\\\/wp-content\\\/uploads\\\/2026\\\/04\\\/lakstempel-drukken-document-vooraanzicht-2.jpg\",\"contentUrl\":\"https:\\\/\\\/www.ecrivus-multimedia.nl\\\/wp-content\\\/uploads\\\/2026\\\/04\\\/lakstempel-drukken-document-vooraanzicht-2.jpg\",\"width\":1000,\"height\":667},{\"@type\":\"BreadcrumbList\",\"@id\":\"https:\\\/\\\/www.ecrivus-multimedia.nl\\\/product\\\/bewijs-of-verklaring-bezit-nederlanderschap-beedigd\\\/#breadcrumb\",\"itemListElement\":[{\"@type\":\"ListItem\",\"position\":1,\"name\":\"Home\",\"item\":\"https:\\\/\\\/www.ecrivus-multimedia.nl\\\/\"},{\"@type\":\"ListItem\",\"position\":2,\"name\":\"Shop\",\"item\":\"https:\\\/\\\/www.ecrivus-multimedia.nl\\\/shop\\\/\"},{\"@type\":\"ListItem\",\"position\":3,\"name\":\"Bewijs of Verklaring bezit Nederlanderschap (be\u00ebdigd)\"}]},{\"@type\":\"WebSite\",\"@id\":\"https:\\\/\\\/www.ecrivus-multimedia.nl\\\/#website\",\"url\":\"https:\\\/\\\/www.ecrivus-multimedia.nl\\\/\",\"name\":\"Ecrivus International Webshop\",\"description\":\"Erkende webshop voor be\u00ebdigde vertalingen.\",\"publisher\":{\"@id\":\"https:\\\/\\\/www.ecrivus-multimedia.nl\\\/#organization\"},\"potentialAction\":[{\"@type\":\"SearchAction\",\"target\":{\"@type\":\"EntryPoint\",\"urlTemplate\":\"https:\\\/\\\/www.ecrivus-multimedia.nl\\\/?s={search_term_string}\"},\"query-input\":{\"@type\":\"PropertyValueSpecification\",\"valueRequired\":true,\"valueName\":\"search_term_string\"}}],\"inLanguage\":\"de\"},{\"@type\":\"Organization\",\"@id\":\"https:\\\/\\\/www.ecrivus-multimedia.nl\\\/#organization\",\"name\":\"Ecrivus International\",\"url\":\"https:\\\/\\\/www.ecrivus-multimedia.nl\\\/\",\"logo\":{\"@type\":\"ImageObject\",\"inLanguage\":\"de\",\"@id\":\"https:\\\/\\\/www.ecrivus-multimedia.nl\\\/#\\\/schema\\\/logo\\\/image\\\/\",\"url\":\"https:\\\/\\\/www.ecrivus-multimedia.nl\\\/wp-content\\\/uploads\\\/2022\\\/01\\\/cropped-small-Logo-Ecrivus-Vector-Transparent2.png\",\"contentUrl\":\"https:\\\/\\\/www.ecrivus-multimedia.nl\\\/wp-content\\\/uploads\\\/2022\\\/01\\\/cropped-small-Logo-Ecrivus-Vector-Transparent2.png\",\"width\":512,\"height\":512,\"caption\":\"Ecrivus International\"},\"image\":{\"@id\":\"https:\\\/\\\/www.ecrivus-multimedia.nl\\\/#\\\/schema\\\/logo\\\/image\\\/\"},\"sameAs\":[\"https:\\\/\\\/www.facebook.com\\\/Ecrivus-International-676624782512639\\\/\",\"https:\\\/\\\/x.com\\\/ecrivusint\"]}]}<\/script>\n<!-- \/ Yoast SEO plugin. -->","yoast_head_json":{"title":"Bewijs\/Verklaring bezit Nederlanderschap be\u00ebdigd? Vertaal nu!","description":"Bewijs of Verklaring bezit Nederlanderschap be\u00ebdigd vertalen? Bestel direct online! Offici\u00eble be\u00ebdigde vertaling met stempel. Alle talen. Snel in huis.","robots":{"index":"index","follow":"follow","max-snippet":"max-snippet:-1","max-image-preview":"max-image-preview:large","max-video-preview":"max-video-preview:-1"},"canonical":"https:\/\/www.ecrivus-multimedia.nl\/de\/produkt\/ubersetzung-juristischer-dokumente-beglaubigt-3\/","og_locale":"de_DE","og_type":"article","og_title":"Bewijs\/Verklaring bezit Nederlanderschap be\u00ebdigd? Vertaal nu!","og_description":"Bewijs of Verklaring bezit Nederlanderschap be\u00ebdigd vertalen? Bestel direct online! Offici\u00eble be\u00ebdigde vertaling met stempel. Alle talen. Snel in huis.","og_url":"https:\/\/www.ecrivus-multimedia.nl\/de\/produkt\/ubersetzung-juristischer-dokumente-beglaubigt-3\/","og_site_name":"Ecrivus International Webshop","article_publisher":"https:\/\/www.facebook.com\/Ecrivus-International-676624782512639\/","article_modified_time":"2026-04-12T10:13:17+00:00","og_image":[{"width":1000,"height":623,"url":"https:\/\/www.ecrivus-multimedia.nl\/wp-content\/uploads\/2017\/08\/beedigde-vertaling2.webp","type":"image\/webp"}],"twitter_card":"summary_large_image","twitter_site":"@ecrivusint","twitter_misc":{"Gesch\u00e4tzte Lesezeit":"2\u00a0Minuten"},"schema":{"@context":"https:\/\/schema.org","@graph":[{"@type":"WebPage","@id":"https:\/\/www.ecrivus-multimedia.nl\/product\/bewijs-of-verklaring-bezit-nederlanderschap-beedigd\/","url":"https:\/\/www.ecrivus-multimedia.nl\/product\/bewijs-of-verklaring-bezit-nederlanderschap-beedigd\/","name":"Bewijs\/Verklaring bezit Nederlanderschap be\u00ebdigd? Vertaal nu!","isPartOf":{"@id":"https:\/\/www.ecrivus-multimedia.nl\/#website"},"primaryImageOfPage":{"@id":"https:\/\/www.ecrivus-multimedia.nl\/product\/bewijs-of-verklaring-bezit-nederlanderschap-beedigd\/#primaryimage"},"image":{"@id":"https:\/\/www.ecrivus-multimedia.nl\/product\/bewijs-of-verklaring-bezit-nederlanderschap-beedigd\/#primaryimage"},"thumbnailUrl":"https:\/\/www.ecrivus-multimedia.nl\/wp-content\/uploads\/2026\/04\/lakstempel-drukken-document-vooraanzicht-2.jpg","datePublished":"2024-04-16T08:38:09+00:00","dateModified":"2026-04-12T10:13:17+00:00","description":"Bewijs of Verklaring bezit Nederlanderschap be\u00ebdigd vertalen? Bestel direct online! Offici\u00eble be\u00ebdigde vertaling met stempel. Alle talen. Snel in huis.","breadcrumb":{"@id":"https:\/\/www.ecrivus-multimedia.nl\/product\/bewijs-of-verklaring-bezit-nederlanderschap-beedigd\/#breadcrumb"},"inLanguage":"de","potentialAction":[{"@type":"ReadAction","target":["https:\/\/www.ecrivus-multimedia.nl\/product\/bewijs-of-verklaring-bezit-nederlanderschap-beedigd\/"]}]},{"@type":"ImageObject","inLanguage":"de","@id":"https:\/\/www.ecrivus-multimedia.nl\/product\/bewijs-of-verklaring-bezit-nederlanderschap-beedigd\/#primaryimage","url":"https:\/\/www.ecrivus-multimedia.nl\/wp-content\/uploads\/2026\/04\/lakstempel-drukken-document-vooraanzicht-2.jpg","contentUrl":"https:\/\/www.ecrivus-multimedia.nl\/wp-content\/uploads\/2026\/04\/lakstempel-drukken-document-vooraanzicht-2.jpg","width":1000,"height":667},{"@type":"BreadcrumbList","@id":"https:\/\/www.ecrivus-multimedia.nl\/product\/bewijs-of-verklaring-bezit-nederlanderschap-beedigd\/#breadcrumb","itemListElement":[{"@type":"ListItem","position":1,"name":"Home","item":"https:\/\/www.ecrivus-multimedia.nl\/"},{"@type":"ListItem","position":2,"name":"Shop","item":"https:\/\/www.ecrivus-multimedia.nl\/shop\/"},{"@type":"ListItem","position":3,"name":"Bewijs of Verklaring bezit Nederlanderschap (be\u00ebdigd)"}]},{"@type":"WebSite","@id":"https:\/\/www.ecrivus-multimedia.nl\/#website","url":"https:\/\/www.ecrivus-multimedia.nl\/","name":"Ecrivus International Webshop","description":"Erkende webshop voor be\u00ebdigde vertalingen.","publisher":{"@id":"https:\/\/www.ecrivus-multimedia.nl\/#organization"},"potentialAction":[{"@type":"SearchAction","target":{"@type":"EntryPoint","urlTemplate":"https:\/\/www.ecrivus-multimedia.nl\/?s={search_term_string}"},"query-input":{"@type":"PropertyValueSpecification","valueRequired":true,"valueName":"search_term_string"}}],"inLanguage":"de"},{"@type":"Organization","@id":"https:\/\/www.ecrivus-multimedia.nl\/#organization","name":"Ecrivus International","url":"https:\/\/www.ecrivus-multimedia.nl\/","logo":{"@type":"ImageObject","inLanguage":"de","@id":"https:\/\/www.ecrivus-multimedia.nl\/#\/schema\/logo\/image\/","url":"https:\/\/www.ecrivus-multimedia.nl\/wp-content\/uploads\/2022\/01\/cropped-small-Logo-Ecrivus-Vector-Transparent2.png","contentUrl":"https:\/\/www.ecrivus-multimedia.nl\/wp-content\/uploads\/2022\/01\/cropped-small-Logo-Ecrivus-Vector-Transparent2.png","width":512,"height":512,"caption":"Ecrivus International"},"image":{"@id":"https:\/\/www.ecrivus-multimedia.nl\/#\/schema\/logo\/image\/"},"sameAs":["https:\/\/www.facebook.com\/Ecrivus-International-676624782512639\/","https:\/\/x.com\/ecrivusint"]}]}},"_links":{"self":[{"href":"https:\/\/www.ecrivus-multimedia.nl\/de\/wp-json\/wp\/v2\/product\/127224","targetHints":{"allow":["GET"]}}],"collection":[{"href":"https:\/\/www.ecrivus-multimedia.nl\/de\/wp-json\/wp\/v2\/product"}],"about":[{"href":"https:\/\/www.ecrivus-multimedia.nl\/de\/wp-json\/wp\/v2\/types\/product"}],"replies":[{"embeddable":true,"href":"https:\/\/www.ecrivus-multimedia.nl\/de\/wp-json\/wp\/v2\/comments?post=127224"}],"wp:featuredmedia":[{"embeddable":true,"href":"https:\/\/www.ecrivus-multimedia.nl\/de\/wp-json\/wp\/v2\/media\/132609"}],"wp:attachment":[{"href":"https:\/\/www.ecrivus-multimedia.nl\/de\/wp-json\/wp\/v2\/media?parent=127224"}],"wp:term":[{"taxonomy":"product_brand","embeddable":true,"href":"https:\/\/www.ecrivus-multimedia.nl\/de\/wp-json\/wp\/v2\/product_brand?post=127224"},{"taxonomy":"product_cat","embeddable":true,"href":"https:\/\/www.ecrivus-multimedia.nl\/de\/wp-json\/wp\/v2\/product_cat?post=127224"},{"taxonomy":"product_tag","embeddable":true,"href":"https:\/\/www.ecrivus-multimedia.nl\/de\/wp-json\/wp\/v2\/product_tag?post=127224"}],"curies":[{"name":"wp","href":"https:\/\/api.w.org\/{rel}","templated":true}]}}