{"id":128864,"date":"2024-05-23T17:02:02","date_gmt":"2024-05-23T15:02:02","guid":{"rendered":"https:\/\/www.ecrivus-multimedia.nl\/?post_type=product&#038;p=128864"},"modified":"2026-04-12T12:13:17","modified_gmt":"2026-04-12T10:13:17","slug":"gecertificeerde-vertaling-italiaans","status":"publish","type":"product","link":"https:\/\/www.ecrivus-multimedia.nl\/de\/produkt\/ubersetzung-juristischer-dokumente-beglaubigt-2\/","title":{"rendered":"Beglaubigte italienische \u00dcbersetzung"},"content":{"rendered":"<p><strong>Beglaubigte italienische \u00dcbersetzung<\/strong><\/p>\n<p>Italiaanse instanties vragen steeds vaker naar een gecertificeerde vertaling. Of het nu gaat om de aanschaf van een (tweede) huis of het opzetten van een bedrijf, in Itali\u00eb wordt dikwijls gevraagd naar een offici\u00eble of gecertificeerde vertaling door een erkend vertaalbureau. Dit in tegenstelling tot een <a href=\"https:\/\/www.ecrivus-multimedia.nl\/go\/be\u00ebdigde-vertaling\/\" title=\"Beglaubigte \u00dcbersetzungen Archiv | Ecrivus International Webshop\" class=\"pretty-link-keyword\"rel=\"\">beeidigte \u00dcbersetzung<\/a>.<\/p>\n<p>Bestel de gecertificeerde vertaling van uw document snel en eenvoudig online.<br \/>\nDe gecertificeerde vertalingen van Ecrivus Multimedia zijn zeer geschikt voor het vertalen van alle soorten <a href=\"https:\/\/www.ecrivus-multimedia.nl\/go\/be\u00ebdigde-vertaling\/\" title=\"Beglaubigte \u00dcbersetzungen Archiv | Ecrivus International Webshop\" class=\"pretty-link-keyword\"rel=\"\">offizielle Dokumente<\/a>. Denk hierbij aan koopcontracten, <a href=\"https:\/\/www.ecrivus-multimedia.nl\/go\/notariele-akte-vertalen-beedigd\/\" title=\"Beglaubigte \u00dcbersetzung einer notariellen Urkunde? Bestellen Sie \u00fcber unseren Webshop!\" class=\"pretty-link-keyword\"rel=\"\">notarielle Urkunden<\/a>, <a href=\"https:\/\/www.ecrivus-multimedia.nl\/go\/belastingaangifte-vertalen-beedigd\/\" title=\"Sie m\u00f6chten eine beeidigte Steuererkl\u00e4rung \u00fcbersetzen lassen? Bestellen Sie \u00fcber unseren Webshop!\" class=\"pretty-link-keyword\"rel=\"\">Steuerr\u00fcckzahlungen<\/a>, <a href=\"https:\/\/www.ecrivus-multimedia.nl\/go\/bankafschrift-vertalen-beedigd\/\" title=\"Beglaubigte \u00dcbersetzung von Kontoausz\u00fcgen? Bestellen Sie \u00fcber unseren Webshop!\" class=\"pretty-link-keyword\"rel=\"\">Kontoausz\u00fcge<\/a> voor hypotheekaanvragen of <a href=\"https:\/\/www.ecrivus-multimedia.nl\/go\/kvk-uittreksel-beedigde-vertaling-met-stempel\/\" title=\"Handelsregisterauszug beglaubigte \u00dcbersetzung? Jetzt online bestellen!\" class=\"pretty-link-keyword\"rel=\"\">Handelskammer<\/a>-uittreksels.<\/p>\n<p><strong>De gecertificeerde vertaling van uw document is bij ons in goede handen:<\/strong><\/p>\n<ul>\n<li>Vertaling door ervaren gecertificeerd\u00a0<a href=\"http:\/\/www.ecrivus.nl\/juridische-vertalingen\/\">vertaler<\/a><\/li>\n<li>Inklusive\u00a0<a href=\"http:\/\/www.ecrivus.nl\/proeflezen\/\">Korrekturlesen<\/a><\/li>\n<li>Inklusive\u00a0<a href=\"http:\/\/www.ecrivus.nl\/qa-kwaliteitscontroles\/\">Qualit\u00e4tskontrollen<\/a><\/li>\n<li>G\u00fcnstige Preise<\/li>\n<li>Schnelle Lieferzeiten<\/li>\n<li>Wahl der\u00a0<a href=\"http:\/\/www.ecrivus.nl\/talen\/\">Hunderte von Sprachkombinationen<\/a><\/li>\n<li>Expresslieferung m\u00f6glich<\/li>\n<li>Unterst\u00fctzung f\u00fcr verschiedene Dateiformate, einschlie\u00dflich PDF<\/li>\n<li>Naast digitale aanlevering is het ook de mogelijk om uw gecertificeerde vertaling aangetekend te ontvangen met Track & Trace<\/li>\n<\/ul>\n<p>Twijfelt u of u aan een gecertificeerde vertaling genoeg heeft of toch een <a href=\"https:\/\/www.ecrivus-multimedia.nl\/go\/be\u00ebdigde-vertaling\/\" title=\"Beglaubigte \u00dcbersetzungen Archiv | Ecrivus International Webshop\" class=\"pretty-link-keyword\"rel=\"\">beeidigte \u00dcbersetzung<\/a> nodig hebt? Vraag het in onze <a href=\"https:\/\/www.ecrivus-multimedia.nl\/go\/chat\/\" title=\"go\/chat\" class=\"pretty-link-keyword\"rel=\"\">Live Chat<\/a> of via WhatsApp!<\/p>\n<p>Om uw document direct gecertificeerd te laten vertalen, selecteert u hierboven het aantal pagina\u2019s en de gewenste talencombinatie. Vervolgens klikt u op \u2018In winkelwagen\u2019. Daarna kunt u een foto\/scan van uw document uploaden en toevoegen aan uw bestelling. Wij bieden verschillende betaalmogelijkheden via beveiligde verbindingen (o.a. iDeal, bankoverschrijving en PayPal).<\/p>\n<p><strong>Standard-Lieferzeit<\/strong>: 5-6 Arbeitstage<\/p>","protected":false},"excerpt":{"rendered":"<p>Professionelle beglaubigte \u00dcbersetzung.<br \/>\nBitte w\u00e4hlen Sie die untenstehende Sprachkombination aus:<\/p>","protected":false},"featured_media":132609,"comment_status":"open","ping_status":"closed","template":"","meta":{"_acf_changed":false,"_glsr_average":0,"_glsr_ranking":0,"_glsr_reviews":0,"_joinchat":[]},"product_brand":[],"product_cat":[624,15366],"product_tag":[15983,15984,15985],"class_list":{"0":"post-128864","1":"product","2":"type-product","3":"status-publish","4":"has-post-thumbnail","6":"product_cat-juridische-vertalingen","7":"product_cat-notariele-vertalingen-notaris","8":"product_tag-gecertificeerd","9":"product_tag-italiaans","10":"product_tag-italie","12":"first","13":"instock","14":"sold-individually","15":"taxable","16":"shipping-taxable","17":"purchasable","18":"product-type-variable"},"acf":[],"yoast_head":"<!-- This site is optimized with the Yoast SEO plugin v27.4 - https:\/\/yoast.com\/product\/yoast-seo-wordpress\/ -->\n<title>Gecertificeerde vertaling Italiaans? Bestel via onze webshop!<\/title>\n<meta name=\"description\" content=\"Gecertificeerde vertaling Italiaans? Bestel direct online! Offici\u00eble gecertificeerde vertaling van uw document. Alle talen. Betaal via iDEAL.\" \/>\n<meta name=\"robots\" content=\"index, follow, max-snippet:-1, max-image-preview:large, max-video-preview:-1\" \/>\n<link rel=\"canonical\" href=\"https:\/\/www.ecrivus-multimedia.nl\/de\/produkt\/ubersetzung-juristischer-dokumente-beglaubigt-2\/\" \/>\n<meta property=\"og:locale\" content=\"de_DE\" \/>\n<meta property=\"og:type\" content=\"article\" \/>\n<meta property=\"og:title\" content=\"Gecertificeerde vertaling Italiaans? Bestel via onze webshop!\" \/>\n<meta property=\"og:description\" content=\"Gecertificeerde vertaling Italiaans? Bestel direct online! Offici\u00eble gecertificeerde vertaling van uw document. Alle talen. Betaal via iDEAL.\" \/>\n<meta property=\"og:url\" content=\"https:\/\/www.ecrivus-multimedia.nl\/de\/produkt\/ubersetzung-juristischer-dokumente-beglaubigt-2\/\" \/>\n<meta property=\"og:site_name\" content=\"Ecrivus International Webshop\" \/>\n<meta property=\"article:publisher\" content=\"https:\/\/www.facebook.com\/Ecrivus-International-676624782512639\/\" \/>\n<meta property=\"article:modified_time\" content=\"2026-04-12T10:13:17+00:00\" \/>\n<meta property=\"og:image\" content=\"https:\/\/www.ecrivus-multimedia.nl\/wp-content\/uploads\/2024\/05\/Koopcontract.jpg\" \/>\n\t<meta property=\"og:image:width\" content=\"1024\" \/>\n\t<meta property=\"og:image:height\" content=\"550\" \/>\n\t<meta property=\"og:image:type\" content=\"image\/jpeg\" \/>\n<meta name=\"twitter:card\" content=\"summary_large_image\" \/>\n<meta name=\"twitter:site\" content=\"@ecrivusint\" \/>\n<meta name=\"twitter:label1\" content=\"Gesch\u00e4tzte Lesezeit\" \/>\n\t<meta name=\"twitter:data1\" content=\"2\u00a0Minuten\" \/>\n<script type=\"application\/ld+json\" class=\"yoast-schema-graph\">{\"@context\":\"https:\\\/\\\/schema.org\",\"@graph\":[{\"@type\":\"WebPage\",\"@id\":\"https:\\\/\\\/www.ecrivus-multimedia.nl\\\/product\\\/gecertificeerde-vertaling-italiaans\\\/\",\"url\":\"https:\\\/\\\/www.ecrivus-multimedia.nl\\\/product\\\/gecertificeerde-vertaling-italiaans\\\/\",\"name\":\"Gecertificeerde vertaling Italiaans? Bestel via onze webshop!\",\"isPartOf\":{\"@id\":\"https:\\\/\\\/www.ecrivus-multimedia.nl\\\/#website\"},\"primaryImageOfPage\":{\"@id\":\"https:\\\/\\\/www.ecrivus-multimedia.nl\\\/product\\\/gecertificeerde-vertaling-italiaans\\\/#primaryimage\"},\"image\":{\"@id\":\"https:\\\/\\\/www.ecrivus-multimedia.nl\\\/product\\\/gecertificeerde-vertaling-italiaans\\\/#primaryimage\"},\"thumbnailUrl\":\"https:\\\/\\\/www.ecrivus-multimedia.nl\\\/wp-content\\\/uploads\\\/2026\\\/04\\\/lakstempel-drukken-document-vooraanzicht-2.jpg\",\"datePublished\":\"2024-05-23T15:02:02+00:00\",\"dateModified\":\"2026-04-12T10:13:17+00:00\",\"description\":\"Gecertificeerde vertaling Italiaans? Bestel direct online! Offici\u00eble gecertificeerde vertaling van uw document. Alle talen. Betaal via iDEAL.\",\"breadcrumb\":{\"@id\":\"https:\\\/\\\/www.ecrivus-multimedia.nl\\\/product\\\/gecertificeerde-vertaling-italiaans\\\/#breadcrumb\"},\"inLanguage\":\"de\",\"potentialAction\":[{\"@type\":\"ReadAction\",\"target\":[\"https:\\\/\\\/www.ecrivus-multimedia.nl\\\/product\\\/gecertificeerde-vertaling-italiaans\\\/\"]}]},{\"@type\":\"ImageObject\",\"inLanguage\":\"de\",\"@id\":\"https:\\\/\\\/www.ecrivus-multimedia.nl\\\/product\\\/gecertificeerde-vertaling-italiaans\\\/#primaryimage\",\"url\":\"https:\\\/\\\/www.ecrivus-multimedia.nl\\\/wp-content\\\/uploads\\\/2026\\\/04\\\/lakstempel-drukken-document-vooraanzicht-2.jpg\",\"contentUrl\":\"https:\\\/\\\/www.ecrivus-multimedia.nl\\\/wp-content\\\/uploads\\\/2026\\\/04\\\/lakstempel-drukken-document-vooraanzicht-2.jpg\",\"width\":1000,\"height\":667},{\"@type\":\"BreadcrumbList\",\"@id\":\"https:\\\/\\\/www.ecrivus-multimedia.nl\\\/product\\\/gecertificeerde-vertaling-italiaans\\\/#breadcrumb\",\"itemListElement\":[{\"@type\":\"ListItem\",\"position\":1,\"name\":\"Home\",\"item\":\"https:\\\/\\\/www.ecrivus-multimedia.nl\\\/\"},{\"@type\":\"ListItem\",\"position\":2,\"name\":\"Shop\",\"item\":\"https:\\\/\\\/www.ecrivus-multimedia.nl\\\/shop\\\/\"},{\"@type\":\"ListItem\",\"position\":3,\"name\":\"Gecertificeerde vertaling Italiaans\"}]},{\"@type\":\"WebSite\",\"@id\":\"https:\\\/\\\/www.ecrivus-multimedia.nl\\\/#website\",\"url\":\"https:\\\/\\\/www.ecrivus-multimedia.nl\\\/\",\"name\":\"Ecrivus International Webshop\",\"description\":\"Erkende webshop voor be\u00ebdigde vertalingen.\",\"publisher\":{\"@id\":\"https:\\\/\\\/www.ecrivus-multimedia.nl\\\/#organization\"},\"potentialAction\":[{\"@type\":\"SearchAction\",\"target\":{\"@type\":\"EntryPoint\",\"urlTemplate\":\"https:\\\/\\\/www.ecrivus-multimedia.nl\\\/?s={search_term_string}\"},\"query-input\":{\"@type\":\"PropertyValueSpecification\",\"valueRequired\":true,\"valueName\":\"search_term_string\"}}],\"inLanguage\":\"de\"},{\"@type\":\"Organization\",\"@id\":\"https:\\\/\\\/www.ecrivus-multimedia.nl\\\/#organization\",\"name\":\"Ecrivus International\",\"url\":\"https:\\\/\\\/www.ecrivus-multimedia.nl\\\/\",\"logo\":{\"@type\":\"ImageObject\",\"inLanguage\":\"de\",\"@id\":\"https:\\\/\\\/www.ecrivus-multimedia.nl\\\/#\\\/schema\\\/logo\\\/image\\\/\",\"url\":\"https:\\\/\\\/www.ecrivus-multimedia.nl\\\/wp-content\\\/uploads\\\/2022\\\/01\\\/cropped-small-Logo-Ecrivus-Vector-Transparent2.png\",\"contentUrl\":\"https:\\\/\\\/www.ecrivus-multimedia.nl\\\/wp-content\\\/uploads\\\/2022\\\/01\\\/cropped-small-Logo-Ecrivus-Vector-Transparent2.png\",\"width\":512,\"height\":512,\"caption\":\"Ecrivus International\"},\"image\":{\"@id\":\"https:\\\/\\\/www.ecrivus-multimedia.nl\\\/#\\\/schema\\\/logo\\\/image\\\/\"},\"sameAs\":[\"https:\\\/\\\/www.facebook.com\\\/Ecrivus-International-676624782512639\\\/\",\"https:\\\/\\\/x.com\\\/ecrivusint\"]}]}<\/script>\n<!-- \/ Yoast SEO plugin. -->","yoast_head_json":{"title":"Gecertificeerde vertaling Italiaans? Bestel via onze webshop!","description":"Gecertificeerde vertaling Italiaans? Bestel direct online! Offici\u00eble gecertificeerde vertaling van uw document. Alle talen. Betaal via iDEAL.","robots":{"index":"index","follow":"follow","max-snippet":"max-snippet:-1","max-image-preview":"max-image-preview:large","max-video-preview":"max-video-preview:-1"},"canonical":"https:\/\/www.ecrivus-multimedia.nl\/de\/produkt\/ubersetzung-juristischer-dokumente-beglaubigt-2\/","og_locale":"de_DE","og_type":"article","og_title":"Gecertificeerde vertaling Italiaans? Bestel via onze webshop!","og_description":"Gecertificeerde vertaling Italiaans? Bestel direct online! Offici\u00eble gecertificeerde vertaling van uw document. Alle talen. Betaal via iDEAL.","og_url":"https:\/\/www.ecrivus-multimedia.nl\/de\/produkt\/ubersetzung-juristischer-dokumente-beglaubigt-2\/","og_site_name":"Ecrivus International Webshop","article_publisher":"https:\/\/www.facebook.com\/Ecrivus-International-676624782512639\/","article_modified_time":"2026-04-12T10:13:17+00:00","og_image":[{"width":1024,"height":550,"url":"https:\/\/www.ecrivus-multimedia.nl\/wp-content\/uploads\/2024\/05\/Koopcontract.jpg","type":"image\/jpeg"}],"twitter_card":"summary_large_image","twitter_site":"@ecrivusint","twitter_misc":{"Gesch\u00e4tzte Lesezeit":"2\u00a0Minuten"},"schema":{"@context":"https:\/\/schema.org","@graph":[{"@type":"WebPage","@id":"https:\/\/www.ecrivus-multimedia.nl\/product\/gecertificeerde-vertaling-italiaans\/","url":"https:\/\/www.ecrivus-multimedia.nl\/product\/gecertificeerde-vertaling-italiaans\/","name":"Gecertificeerde vertaling Italiaans? Bestel via onze webshop!","isPartOf":{"@id":"https:\/\/www.ecrivus-multimedia.nl\/#website"},"primaryImageOfPage":{"@id":"https:\/\/www.ecrivus-multimedia.nl\/product\/gecertificeerde-vertaling-italiaans\/#primaryimage"},"image":{"@id":"https:\/\/www.ecrivus-multimedia.nl\/product\/gecertificeerde-vertaling-italiaans\/#primaryimage"},"thumbnailUrl":"https:\/\/www.ecrivus-multimedia.nl\/wp-content\/uploads\/2026\/04\/lakstempel-drukken-document-vooraanzicht-2.jpg","datePublished":"2024-05-23T15:02:02+00:00","dateModified":"2026-04-12T10:13:17+00:00","description":"Gecertificeerde vertaling Italiaans? Bestel direct online! Offici\u00eble gecertificeerde vertaling van uw document. Alle talen. Betaal via iDEAL.","breadcrumb":{"@id":"https:\/\/www.ecrivus-multimedia.nl\/product\/gecertificeerde-vertaling-italiaans\/#breadcrumb"},"inLanguage":"de","potentialAction":[{"@type":"ReadAction","target":["https:\/\/www.ecrivus-multimedia.nl\/product\/gecertificeerde-vertaling-italiaans\/"]}]},{"@type":"ImageObject","inLanguage":"de","@id":"https:\/\/www.ecrivus-multimedia.nl\/product\/gecertificeerde-vertaling-italiaans\/#primaryimage","url":"https:\/\/www.ecrivus-multimedia.nl\/wp-content\/uploads\/2026\/04\/lakstempel-drukken-document-vooraanzicht-2.jpg","contentUrl":"https:\/\/www.ecrivus-multimedia.nl\/wp-content\/uploads\/2026\/04\/lakstempel-drukken-document-vooraanzicht-2.jpg","width":1000,"height":667},{"@type":"BreadcrumbList","@id":"https:\/\/www.ecrivus-multimedia.nl\/product\/gecertificeerde-vertaling-italiaans\/#breadcrumb","itemListElement":[{"@type":"ListItem","position":1,"name":"Home","item":"https:\/\/www.ecrivus-multimedia.nl\/"},{"@type":"ListItem","position":2,"name":"Shop","item":"https:\/\/www.ecrivus-multimedia.nl\/shop\/"},{"@type":"ListItem","position":3,"name":"Gecertificeerde vertaling Italiaans"}]},{"@type":"WebSite","@id":"https:\/\/www.ecrivus-multimedia.nl\/#website","url":"https:\/\/www.ecrivus-multimedia.nl\/","name":"Ecrivus International Webshop","description":"Erkende webshop voor be\u00ebdigde vertalingen.","publisher":{"@id":"https:\/\/www.ecrivus-multimedia.nl\/#organization"},"potentialAction":[{"@type":"SearchAction","target":{"@type":"EntryPoint","urlTemplate":"https:\/\/www.ecrivus-multimedia.nl\/?s={search_term_string}"},"query-input":{"@type":"PropertyValueSpecification","valueRequired":true,"valueName":"search_term_string"}}],"inLanguage":"de"},{"@type":"Organization","@id":"https:\/\/www.ecrivus-multimedia.nl\/#organization","name":"Ecrivus International","url":"https:\/\/www.ecrivus-multimedia.nl\/","logo":{"@type":"ImageObject","inLanguage":"de","@id":"https:\/\/www.ecrivus-multimedia.nl\/#\/schema\/logo\/image\/","url":"https:\/\/www.ecrivus-multimedia.nl\/wp-content\/uploads\/2022\/01\/cropped-small-Logo-Ecrivus-Vector-Transparent2.png","contentUrl":"https:\/\/www.ecrivus-multimedia.nl\/wp-content\/uploads\/2022\/01\/cropped-small-Logo-Ecrivus-Vector-Transparent2.png","width":512,"height":512,"caption":"Ecrivus International"},"image":{"@id":"https:\/\/www.ecrivus-multimedia.nl\/#\/schema\/logo\/image\/"},"sameAs":["https:\/\/www.facebook.com\/Ecrivus-International-676624782512639\/","https:\/\/x.com\/ecrivusint"]}]}},"_links":{"self":[{"href":"https:\/\/www.ecrivus-multimedia.nl\/de\/wp-json\/wp\/v2\/product\/128864","targetHints":{"allow":["GET"]}}],"collection":[{"href":"https:\/\/www.ecrivus-multimedia.nl\/de\/wp-json\/wp\/v2\/product"}],"about":[{"href":"https:\/\/www.ecrivus-multimedia.nl\/de\/wp-json\/wp\/v2\/types\/product"}],"replies":[{"embeddable":true,"href":"https:\/\/www.ecrivus-multimedia.nl\/de\/wp-json\/wp\/v2\/comments?post=128864"}],"wp:featuredmedia":[{"embeddable":true,"href":"https:\/\/www.ecrivus-multimedia.nl\/de\/wp-json\/wp\/v2\/media\/132609"}],"wp:attachment":[{"href":"https:\/\/www.ecrivus-multimedia.nl\/de\/wp-json\/wp\/v2\/media?parent=128864"}],"wp:term":[{"taxonomy":"product_brand","embeddable":true,"href":"https:\/\/www.ecrivus-multimedia.nl\/de\/wp-json\/wp\/v2\/product_brand?post=128864"},{"taxonomy":"product_cat","embeddable":true,"href":"https:\/\/www.ecrivus-multimedia.nl\/de\/wp-json\/wp\/v2\/product_cat?post=128864"},{"taxonomy":"product_tag","embeddable":true,"href":"https:\/\/www.ecrivus-multimedia.nl\/de\/wp-json\/wp\/v2\/product_tag?post=128864"}],"curies":[{"name":"wp","href":"https:\/\/api.w.org\/{rel}","templated":true}]}}