{"id":41309,"date":"2019-04-17T14:01:50","date_gmt":"2019-04-17T12:01:50","guid":{"rendered":"https:\/\/www.ecrivus-multimedia.nl\/?post_type=product&#038;p=41309"},"modified":"2026-04-12T12:13:17","modified_gmt":"2026-04-12T10:13:17","slug":"sollicitatiebrief-vertalen","status":"publish","type":"product","link":"https:\/\/www.ecrivus-multimedia.nl\/de\/produkt\/bewerbungsschreiben-ubersetzen\/","title":{"rendered":"Bewerbungsschreiben \u00fcbersetzen"},"content":{"rendered":"<p><strong><a href=\"https:\/\/www.ecrivus-multimedia.nl\/go\/sollicitatiebrief-vertalen\/\" title=\"Bewerbungsschreiben \u00fcbersetzen\" class=\"pretty-link-keyword\"rel=\"\">Bewerbungsschreiben<\/a> \u00fcbersetzen<br \/>\n<\/strong><\/p>\n<p>Die \u00dcbersetzung Ihres <a href=\"https:\/\/www.ecrivus-multimedia.nl\/go\/sollicitatiebrief-vertalen\/\" title=\"Bewerbungsschreiben \u00fcbersetzen\" class=\"pretty-link-keyword\"rel=\"\">Bewerbungsschreiben<\/a> k\u00f6nnen jetzt ganz einfach online beim \u00dcbersetzungsb\u00fcro Ecrivus International bestellt werden.<\/p>\n<p>Dein <a href=\"https:\/\/www.ecrivus-multimedia.nl\/go\/sollicitatiebrief-vertalen\/\" title=\"Bewerbungsschreiben \u00fcbersetzen\" class=\"pretty-link-keyword\"rel=\"\">Bewerbungsschreiben<\/a> \u00dcbersetzen ist eine gute Idee, wenn Sie sich bei einem internationalen Unternehmen bewerben oder im Ausland arbeiten m\u00f6chten. Bring dein <a href=\"https:\/\/www.ecrivus-multimedia.nl\/go\/sollicitatiebrief-vertalen\/\" title=\"Bewerbungsschreiben \u00fcbersetzen\" class=\"pretty-link-keyword\"rel=\"\">Bewerbungsschreiben<\/a> von Ihnen ausl\u00e4ndischen Arbeitgebern zur Kenntnis gebracht werden <a href=\"https:\/\/www.ecrivus-multimedia.nl\/go\/sollicitatiebrief-vertalen\/\" title=\"Bewerbungsschreiben \u00fcbersetzen\" class=\"pretty-link-keyword\"rel=\"\">Bewerbungsschreiben<\/a> von einem unserer Spezialisten professionell \u00fcbersetzen zu lassen <a href=\"https:\/\/www.ecrivus-multimedia.nl\/go\/sollicitatiebrief-vertalen\/\" title=\"Bewerbungsschreiben \u00fcbersetzen\" class=\"pretty-link-keyword\"rel=\"\">Bewerbungsschreiben<\/a>-\u00dcbersetzer. Du kannst dein <a href=\"https:\/\/www.ecrivus-multimedia.nl\/go\/sollicitatiebrief-vertalen\/\" title=\"Bewerbungsschreiben \u00fcbersetzen\" class=\"pretty-link-keyword\"rel=\"\">Bewerbungsschreiben<\/a> (oder andere Arbeitsunterlagen) in alle gew\u00fcnschten Sprachen \u00fcbersetzt. Zu den beliebtesten Sprachen z\u00e4hlen Englisch, Deutsch, Franz\u00f6sisch, Spanisch, Italienisch und Portugiesisch. Der <a href=\"https:\/\/www.ecrivus-multimedia.nl\/go\/sollicitatiebrief-vertalen\/\" title=\"Bewerbungsschreiben \u00fcbersetzen\" class=\"pretty-link-keyword\"rel=\"\">Bewerbungsschreiben<\/a> wird von einem Muttersprachler \u00fcbersetzt, der \u00fcber jahrelange Erfahrung in der \u00dcbersetzung von Funktionen, Ausbildung, Schulungen, Kursen und Berufserfahrung verf\u00fcgt.<\/p>\n<p>Bei der \u00dcbersetzungsagentur Ecrivus International, die auf <a href=\"https:\/\/www.ecrivus-multimedia.nl\/go\/sollicitatiebrief-vertalen\/\" title=\"Bewerbungsschreiben \u00fcbersetzen\" class=\"pretty-link-keyword\"rel=\"\">Bewerbungsschreiben<\/a>-\u00dcbersetzer, die <em>Muttersprachler<\/em> ein (Muttersprachler) der Zielsprache sein. Sie verf\u00fcgen \u00fcber jahrelange Erfahrung in der \u00dcbersetzung aller Arten von Gesch\u00e4ftsdokumenten, einschlie\u00dflich Bewerbungsschreiben, Anschreiben, <a href=\"https:\/\/www.ecrivus-multimedia.nl\/go\/algemene-voorwaarden-beedigde-vertaling-met-stempel\/\" title=\"Beglaubigte \u00dcbersetzung von Allgemeinen Gesch\u00e4ftsbedingungen? Bestellen Sie in unserem Webshop!\" class=\"pretty-link-keyword\"rel=\"\">Allgemeine Bedingungen und Konditionen<\/a>, Arbeitsbedingungen, <a href=\"https:\/\/www.ecrivus-multimedia.nl\/go\/contract-beedigde-vertaling-met-stempel\/\" title=\"Beeidigte \u00dcbersetzung eines Vertrags? Bestellen Sie in unserem Webshop!\" class=\"pretty-link-keyword\"rel=\"\">Vertr\u00e4ge<\/a> und Gehaltsabrechnungen.<\/p>\n<p><strong>Die \u00dcbersetzung Ihres <\/strong><strong><span class=\"st\"><a href=\"https:\/\/www.ecrivus-multimedia.nl\/go\/sollicitatiebrief-vertalen\/\" title=\"Bewerbungsschreiben \u00fcbersetzen\" class=\"pretty-link-keyword\"rel=\"\">Bewerbungsschreiben<\/a><\/span><\/strong><strong> ist bei uns in guten H\u00e4nden:<\/strong><\/p>\n<ul>\n<li>\u00dcbersetzung durch einen erfahrenen und spezialisierten \u00dcbersetzer<\/li>\n<li>Inklusive <a href=\"http:\/\/www.ecrivus.nl\/proeflezen\/\">Korrekturlesen<\/a><\/li>\n<li>Inklusive <a href=\"http:\/\/www.ecrivus.nl\/qa-kwaliteitscontroles\/\">Qualit\u00e4tskontrollen<\/a><\/li>\n<li>\u00dcbersetzung von <em>Muttersprachler<\/em> der Zielsprache<\/li>\n<li>G\u00fcnstige Preise<\/li>\n<li>Schnelle Lieferzeiten<\/li>\n<li>Wahl der <a href=\"http:\/\/www.ecrivus.nl\/talen\/\">Hunderte von Sprachkombinationen<\/a><\/li>\n<li>Expresslieferung m\u00f6glich<\/li>\n<li>Unterst\u00fctzung f\u00fcr verschiedene Dateiformate, einschlie\u00dflich PDF<\/li>\n<li>Immer p\u00fcnktliche Lieferung per E-Mail<\/li>\n<\/ul>\n<p>So machen Sie Ihr <a href=\"https:\/\/www.ecrivus-multimedia.nl\/go\/sollicitatiebrief-vertalen\/\" title=\"Bewerbungsschreiben \u00fcbersetzen\" class=\"pretty-link-keyword\"rel=\"\">Bewerbungsschreiben<\/a> direkte \u00dcbersetzung w\u00fcnschen, w\u00e4hlen Sie oben die Anzahl der W\u00f6rter und die gew\u00fcnschte Sprachkombination aus. Klicken Sie dann auf 'In den Warenkorb'. Sie k\u00f6nnen dann die Allgemeinen <a href=\"https:\/\/www.ecrivus-multimedia.nl\/go\/sollicitatiebrief-vertalen\/\" title=\"Bewerbungsschreiben \u00fcbersetzen\" class=\"pretty-link-keyword\"rel=\"\">Bewerbungsschreiben<\/a> das Sie \u00fcbersetzt haben m\u00f6chten, und f\u00fcgen Sie es Ihrer Bestellung hinzu. F\u00fcr mehrere Dokumente k\u00f6nnen Sie eine ZIP-Datei hochladen. Wir bieten Ihnen verschiedene Zahlungsm\u00f6glichkeiten \u00fcber sichere Verbindungen (einschlie\u00dflich iDeal, Bank\u00fcberweisung und PayPal).<\/p>\n<p><strong>Standard-Lieferzeit<\/strong>: 5-6 Arbeitstage<\/p>","protected":false},"excerpt":{"rendered":"<p>Professionelle \u00dcbersetzung des Anschreibens durch einen Fach\u00fcbersetzer inklusive Korrekturlesen und Qualit\u00e4tspr\u00fcfung. W\u00e4hlen Sie unten die Sprachkombination aus:<\/p>","protected":false},"featured_media":132609,"comment_status":"open","ping_status":"closed","template":"","meta":{"_acf_changed":false,"_glsr_average":0,"_glsr_ranking":0,"_glsr_reviews":0,"_joinchat":[]},"product_brand":[],"product_cat":[670],"product_tag":[665],"class_list":{"0":"post-41309","1":"product","2":"type-product","3":"status-publish","4":"has-post-thumbnail","6":"product_cat-cv","7":"product_tag-onbeedigd","9":"first","10":"instock","11":"sold-individually","12":"taxable","13":"shipping-taxable","14":"purchasable","15":"product-type-variable"},"acf":[],"yoast_head":"<!-- This site is optimized with the Yoast SEO plugin v27.4 - https:\/\/yoast.com\/product\/yoast-seo-wordpress\/ -->\n<title>Sollicitatiebrief vertalen? 225+ talen. Bestel nu in onze webshop!<\/title>\n<meta name=\"description\" content=\"Sollicitatiebrief vertalen? Bestel nu online! \u2713 Ervaren vertalers \u2713 Alle talen \u2713 Voordelig geregeld \u2713 Snelle levertijden \u2713 Ook CV&#039;s \u2713 Behoud van opmaak\" \/>\n<meta name=\"robots\" content=\"index, follow, max-snippet:-1, max-image-preview:large, max-video-preview:-1\" \/>\n<link rel=\"canonical\" href=\"https:\/\/www.ecrivus-multimedia.nl\/de\/produkt\/bewerbungsschreiben-ubersetzen\/\" \/>\n<meta property=\"og:locale\" content=\"de_DE\" \/>\n<meta property=\"og:type\" content=\"article\" \/>\n<meta property=\"og:title\" content=\"Sollicitatiebrief vertalen? 225+ talen. Bestel nu in onze webshop!\" \/>\n<meta property=\"og:description\" content=\"Sollicitatiebrief vertalen? Bestel nu online! \u2713 Ervaren vertalers \u2713 Alle talen \u2713 Voordelig geregeld \u2713 Snelle levertijden \u2713 Ook CV&#039;s \u2713 Behoud van opmaak\" \/>\n<meta property=\"og:url\" content=\"https:\/\/www.ecrivus-multimedia.nl\/de\/produkt\/bewerbungsschreiben-ubersetzen\/\" \/>\n<meta property=\"og:site_name\" content=\"Ecrivus International Webshop\" \/>\n<meta property=\"article:publisher\" content=\"https:\/\/www.facebook.com\/Ecrivus-International-676624782512639\/\" \/>\n<meta property=\"article:modified_time\" content=\"2026-04-12T10:13:17+00:00\" \/>\n<meta property=\"og:image\" content=\"https:\/\/www.ecrivus-multimedia.nl\/wp-content\/uploads\/2018\/07\/job-application.webp\" \/>\n\t<meta property=\"og:image:width\" content=\"1000\" \/>\n\t<meta property=\"og:image:height\" content=\"668\" \/>\n\t<meta property=\"og:image:type\" content=\"image\/webp\" \/>\n<meta name=\"twitter:card\" content=\"summary_large_image\" \/>\n<meta name=\"twitter:site\" content=\"@ecrivusint\" \/>\n<meta name=\"twitter:label1\" content=\"Gesch\u00e4tzte Lesezeit\" \/>\n\t<meta name=\"twitter:data1\" content=\"1\u00a0Minute\" \/>\n<script type=\"application\/ld+json\" class=\"yoast-schema-graph\">{\"@context\":\"https:\\\/\\\/schema.org\",\"@graph\":[{\"@type\":\"WebPage\",\"@id\":\"https:\\\/\\\/www.ecrivus-multimedia.nl\\\/product\\\/sollicitatiebrief-vertalen\\\/\",\"url\":\"https:\\\/\\\/www.ecrivus-multimedia.nl\\\/product\\\/sollicitatiebrief-vertalen\\\/\",\"name\":\"Sollicitatiebrief vertalen? 225+ talen. Bestel nu in onze webshop!\",\"isPartOf\":{\"@id\":\"https:\\\/\\\/www.ecrivus-multimedia.nl\\\/#website\"},\"primaryImageOfPage\":{\"@id\":\"https:\\\/\\\/www.ecrivus-multimedia.nl\\\/product\\\/sollicitatiebrief-vertalen\\\/#primaryimage\"},\"image\":{\"@id\":\"https:\\\/\\\/www.ecrivus-multimedia.nl\\\/product\\\/sollicitatiebrief-vertalen\\\/#primaryimage\"},\"thumbnailUrl\":\"https:\\\/\\\/www.ecrivus-multimedia.nl\\\/wp-content\\\/uploads\\\/2026\\\/04\\\/lakstempel-drukken-document-vooraanzicht-2.jpg\",\"datePublished\":\"2019-04-17T12:01:50+00:00\",\"dateModified\":\"2026-04-12T10:13:17+00:00\",\"description\":\"Sollicitatiebrief vertalen? Bestel nu online! \u2713 Ervaren vertalers \u2713 Alle talen \u2713 Voordelig geregeld \u2713 Snelle levertijden \u2713 Ook CV's \u2713 Behoud van opmaak\",\"breadcrumb\":{\"@id\":\"https:\\\/\\\/www.ecrivus-multimedia.nl\\\/product\\\/sollicitatiebrief-vertalen\\\/#breadcrumb\"},\"inLanguage\":\"de\",\"potentialAction\":[{\"@type\":\"ReadAction\",\"target\":[\"https:\\\/\\\/www.ecrivus-multimedia.nl\\\/product\\\/sollicitatiebrief-vertalen\\\/\"]}]},{\"@type\":\"ImageObject\",\"inLanguage\":\"de\",\"@id\":\"https:\\\/\\\/www.ecrivus-multimedia.nl\\\/product\\\/sollicitatiebrief-vertalen\\\/#primaryimage\",\"url\":\"https:\\\/\\\/www.ecrivus-multimedia.nl\\\/wp-content\\\/uploads\\\/2026\\\/04\\\/lakstempel-drukken-document-vooraanzicht-2.jpg\",\"contentUrl\":\"https:\\\/\\\/www.ecrivus-multimedia.nl\\\/wp-content\\\/uploads\\\/2026\\\/04\\\/lakstempel-drukken-document-vooraanzicht-2.jpg\",\"width\":1000,\"height\":667},{\"@type\":\"BreadcrumbList\",\"@id\":\"https:\\\/\\\/www.ecrivus-multimedia.nl\\\/product\\\/sollicitatiebrief-vertalen\\\/#breadcrumb\",\"itemListElement\":[{\"@type\":\"ListItem\",\"position\":1,\"name\":\"Home\",\"item\":\"https:\\\/\\\/www.ecrivus-multimedia.nl\\\/\"},{\"@type\":\"ListItem\",\"position\":2,\"name\":\"Shop\",\"item\":\"https:\\\/\\\/www.ecrivus-multimedia.nl\\\/shop\\\/\"},{\"@type\":\"ListItem\",\"position\":3,\"name\":\"Sollicitatiebrief vertalen\"}]},{\"@type\":\"WebSite\",\"@id\":\"https:\\\/\\\/www.ecrivus-multimedia.nl\\\/#website\",\"url\":\"https:\\\/\\\/www.ecrivus-multimedia.nl\\\/\",\"name\":\"Ecrivus International Webshop\",\"description\":\"Erkende webshop voor be\u00ebdigde vertalingen.\",\"publisher\":{\"@id\":\"https:\\\/\\\/www.ecrivus-multimedia.nl\\\/#organization\"},\"potentialAction\":[{\"@type\":\"SearchAction\",\"target\":{\"@type\":\"EntryPoint\",\"urlTemplate\":\"https:\\\/\\\/www.ecrivus-multimedia.nl\\\/?s={search_term_string}\"},\"query-input\":{\"@type\":\"PropertyValueSpecification\",\"valueRequired\":true,\"valueName\":\"search_term_string\"}}],\"inLanguage\":\"de\"},{\"@type\":\"Organization\",\"@id\":\"https:\\\/\\\/www.ecrivus-multimedia.nl\\\/#organization\",\"name\":\"Ecrivus International\",\"url\":\"https:\\\/\\\/www.ecrivus-multimedia.nl\\\/\",\"logo\":{\"@type\":\"ImageObject\",\"inLanguage\":\"de\",\"@id\":\"https:\\\/\\\/www.ecrivus-multimedia.nl\\\/#\\\/schema\\\/logo\\\/image\\\/\",\"url\":\"https:\\\/\\\/www.ecrivus-multimedia.nl\\\/wp-content\\\/uploads\\\/2022\\\/01\\\/cropped-small-Logo-Ecrivus-Vector-Transparent2.png\",\"contentUrl\":\"https:\\\/\\\/www.ecrivus-multimedia.nl\\\/wp-content\\\/uploads\\\/2022\\\/01\\\/cropped-small-Logo-Ecrivus-Vector-Transparent2.png\",\"width\":512,\"height\":512,\"caption\":\"Ecrivus International\"},\"image\":{\"@id\":\"https:\\\/\\\/www.ecrivus-multimedia.nl\\\/#\\\/schema\\\/logo\\\/image\\\/\"},\"sameAs\":[\"https:\\\/\\\/www.facebook.com\\\/Ecrivus-International-676624782512639\\\/\",\"https:\\\/\\\/x.com\\\/ecrivusint\"]}]}<\/script>\n<!-- \/ Yoast SEO plugin. -->","yoast_head_json":{"title":"Sollicitatiebrief vertalen? 225+ talen. Bestel nu in onze webshop!","description":"Sollicitatiebrief vertalen? Bestel nu online! \u2713 Ervaren vertalers \u2713 Alle talen \u2713 Voordelig geregeld \u2713 Snelle levertijden \u2713 Ook CV's \u2713 Behoud van opmaak","robots":{"index":"index","follow":"follow","max-snippet":"max-snippet:-1","max-image-preview":"max-image-preview:large","max-video-preview":"max-video-preview:-1"},"canonical":"https:\/\/www.ecrivus-multimedia.nl\/de\/produkt\/bewerbungsschreiben-ubersetzen\/","og_locale":"de_DE","og_type":"article","og_title":"Sollicitatiebrief vertalen? 225+ talen. Bestel nu in onze webshop!","og_description":"Sollicitatiebrief vertalen? Bestel nu online! \u2713 Ervaren vertalers \u2713 Alle talen \u2713 Voordelig geregeld \u2713 Snelle levertijden \u2713 Ook CV's \u2713 Behoud van opmaak","og_url":"https:\/\/www.ecrivus-multimedia.nl\/de\/produkt\/bewerbungsschreiben-ubersetzen\/","og_site_name":"Ecrivus International Webshop","article_publisher":"https:\/\/www.facebook.com\/Ecrivus-International-676624782512639\/","article_modified_time":"2026-04-12T10:13:17+00:00","og_image":[{"width":1000,"height":668,"url":"https:\/\/www.ecrivus-multimedia.nl\/wp-content\/uploads\/2018\/07\/job-application.webp","type":"image\/webp"}],"twitter_card":"summary_large_image","twitter_site":"@ecrivusint","twitter_misc":{"Gesch\u00e4tzte Lesezeit":"1\u00a0Minute"},"schema":{"@context":"https:\/\/schema.org","@graph":[{"@type":"WebPage","@id":"https:\/\/www.ecrivus-multimedia.nl\/product\/sollicitatiebrief-vertalen\/","url":"https:\/\/www.ecrivus-multimedia.nl\/product\/sollicitatiebrief-vertalen\/","name":"Sollicitatiebrief vertalen? 225+ talen. Bestel nu in onze webshop!","isPartOf":{"@id":"https:\/\/www.ecrivus-multimedia.nl\/#website"},"primaryImageOfPage":{"@id":"https:\/\/www.ecrivus-multimedia.nl\/product\/sollicitatiebrief-vertalen\/#primaryimage"},"image":{"@id":"https:\/\/www.ecrivus-multimedia.nl\/product\/sollicitatiebrief-vertalen\/#primaryimage"},"thumbnailUrl":"https:\/\/www.ecrivus-multimedia.nl\/wp-content\/uploads\/2026\/04\/lakstempel-drukken-document-vooraanzicht-2.jpg","datePublished":"2019-04-17T12:01:50+00:00","dateModified":"2026-04-12T10:13:17+00:00","description":"Sollicitatiebrief vertalen? Bestel nu online! \u2713 Ervaren vertalers \u2713 Alle talen \u2713 Voordelig geregeld \u2713 Snelle levertijden \u2713 Ook CV's \u2713 Behoud van opmaak","breadcrumb":{"@id":"https:\/\/www.ecrivus-multimedia.nl\/product\/sollicitatiebrief-vertalen\/#breadcrumb"},"inLanguage":"de","potentialAction":[{"@type":"ReadAction","target":["https:\/\/www.ecrivus-multimedia.nl\/product\/sollicitatiebrief-vertalen\/"]}]},{"@type":"ImageObject","inLanguage":"de","@id":"https:\/\/www.ecrivus-multimedia.nl\/product\/sollicitatiebrief-vertalen\/#primaryimage","url":"https:\/\/www.ecrivus-multimedia.nl\/wp-content\/uploads\/2026\/04\/lakstempel-drukken-document-vooraanzicht-2.jpg","contentUrl":"https:\/\/www.ecrivus-multimedia.nl\/wp-content\/uploads\/2026\/04\/lakstempel-drukken-document-vooraanzicht-2.jpg","width":1000,"height":667},{"@type":"BreadcrumbList","@id":"https:\/\/www.ecrivus-multimedia.nl\/product\/sollicitatiebrief-vertalen\/#breadcrumb","itemListElement":[{"@type":"ListItem","position":1,"name":"Home","item":"https:\/\/www.ecrivus-multimedia.nl\/"},{"@type":"ListItem","position":2,"name":"Shop","item":"https:\/\/www.ecrivus-multimedia.nl\/shop\/"},{"@type":"ListItem","position":3,"name":"Sollicitatiebrief vertalen"}]},{"@type":"WebSite","@id":"https:\/\/www.ecrivus-multimedia.nl\/#website","url":"https:\/\/www.ecrivus-multimedia.nl\/","name":"Ecrivus International Webshop","description":"Erkende webshop voor be\u00ebdigde vertalingen.","publisher":{"@id":"https:\/\/www.ecrivus-multimedia.nl\/#organization"},"potentialAction":[{"@type":"SearchAction","target":{"@type":"EntryPoint","urlTemplate":"https:\/\/www.ecrivus-multimedia.nl\/?s={search_term_string}"},"query-input":{"@type":"PropertyValueSpecification","valueRequired":true,"valueName":"search_term_string"}}],"inLanguage":"de"},{"@type":"Organization","@id":"https:\/\/www.ecrivus-multimedia.nl\/#organization","name":"Ecrivus International","url":"https:\/\/www.ecrivus-multimedia.nl\/","logo":{"@type":"ImageObject","inLanguage":"de","@id":"https:\/\/www.ecrivus-multimedia.nl\/#\/schema\/logo\/image\/","url":"https:\/\/www.ecrivus-multimedia.nl\/wp-content\/uploads\/2022\/01\/cropped-small-Logo-Ecrivus-Vector-Transparent2.png","contentUrl":"https:\/\/www.ecrivus-multimedia.nl\/wp-content\/uploads\/2022\/01\/cropped-small-Logo-Ecrivus-Vector-Transparent2.png","width":512,"height":512,"caption":"Ecrivus International"},"image":{"@id":"https:\/\/www.ecrivus-multimedia.nl\/#\/schema\/logo\/image\/"},"sameAs":["https:\/\/www.facebook.com\/Ecrivus-International-676624782512639\/","https:\/\/x.com\/ecrivusint"]}]}},"_links":{"self":[{"href":"https:\/\/www.ecrivus-multimedia.nl\/de\/wp-json\/wp\/v2\/product\/41309","targetHints":{"allow":["GET"]}}],"collection":[{"href":"https:\/\/www.ecrivus-multimedia.nl\/de\/wp-json\/wp\/v2\/product"}],"about":[{"href":"https:\/\/www.ecrivus-multimedia.nl\/de\/wp-json\/wp\/v2\/types\/product"}],"replies":[{"embeddable":true,"href":"https:\/\/www.ecrivus-multimedia.nl\/de\/wp-json\/wp\/v2\/comments?post=41309"}],"wp:featuredmedia":[{"embeddable":true,"href":"https:\/\/www.ecrivus-multimedia.nl\/de\/wp-json\/wp\/v2\/media\/132609"}],"wp:attachment":[{"href":"https:\/\/www.ecrivus-multimedia.nl\/de\/wp-json\/wp\/v2\/media?parent=41309"}],"wp:term":[{"taxonomy":"product_brand","embeddable":true,"href":"https:\/\/www.ecrivus-multimedia.nl\/de\/wp-json\/wp\/v2\/product_brand?post=41309"},{"taxonomy":"product_cat","embeddable":true,"href":"https:\/\/www.ecrivus-multimedia.nl\/de\/wp-json\/wp\/v2\/product_cat?post=41309"},{"taxonomy":"product_tag","embeddable":true,"href":"https:\/\/www.ecrivus-multimedia.nl\/de\/wp-json\/wp\/v2\/product_tag?post=41309"}],"curies":[{"name":"wp","href":"https:\/\/api.w.org\/{rel}","templated":true}]}}