{"id":42119,"date":"2019-05-17T13:04:57","date_gmt":"2019-05-17T11:04:57","guid":{"rendered":"https:\/\/www.ecrivus-multimedia.nl\/?post_type=product&#038;p=42119"},"modified":"2026-04-13T09:26:51","modified_gmt":"2026-04-13T07:26:51","slug":"live-chat-installatieservice","status":"publish","type":"product","link":"https:\/\/www.ecrivus-multimedia.nl\/de\/produkt\/live-chat-installationsservice\/","title":{"rendered":"Live-Chat-Installationsdienst"},"content":{"rendered":"<h4>Live-Chat-Installationsdienst<\/h4>\n<p>Wilt u graag <a href=\"https:\/\/www.ecrivus-multimedia.nl\/go\/chat\/\" title=\"go\/chat\" class=\"pretty-link-keyword\"rel=\"\">Live Chat<\/a> aanbieden op uw website om online met uw (potenti\u00eble) klanten te kunnen chatten? Het integreren van <a href=\"https:\/\/www.ecrivus-multimedia.nl\/go\/chat\/\" title=\"go\/chat\" class=\"pretty-link-keyword\"rel=\"\">Live Chat<\/a> op uw website is een ideale manier om live met uw klanten en leads te kunnen chatten en om real-time klantenondersteuning te kunnen bieden. Reageer direct op vragen van klanten en verhoog uw omzet! Wij hebben een installatieservice samengesteld waarmee u binnen 1 werkdag <a href=\"https:\/\/www.ecrivus-multimedia.nl\/go\/chat\/\" title=\"go\/chat\" class=\"pretty-link-keyword\"rel=\"\">Live Chat<\/a> kunt aanbieden op uw website(s). Het pakket dat wij hebben samengesteld is ideaal voor ZZP-ers en het MKB.<\/p>\n<p>Die <a href=\"https:\/\/www.ecrivus-multimedia.nl\/go\/chat\/\" title=\"go\/chat\" class=\"pretty-link-keyword\"rel=\"\">Live Chat<\/a> die wij gebruiken is compatibel met alle type websites, ook als u WordPress, Drupal, Magento, Joomla, Concrete of andere CMS-pakketten gebruikt. De <a href=\"https:\/\/www.ecrivus-multimedia.nl\/go\/chat\/\" title=\"go\/chat\" class=\"pretty-link-keyword\"rel=\"\">Live Chat<\/a> functie die wij voor u installeren, is volledig <strong>kostenlos zu nutzen<\/strong>, er zijn geen maandelijks terugkerende kosten. De <a href=\"https:\/\/www.ecrivus-multimedia.nl\/go\/chat\/\" title=\"go\/chat\" class=\"pretty-link-keyword\"rel=\"\">Live Chat<\/a> software wordt tevens gratis en automatisch bijgewerkt naar de nieuwste versie.<\/p>\n<p>Unser <a href=\"https:\/\/www.ecrivus-multimedia.nl\/go\/live-chat-installatieservice\/\" title=\"Live-Chat-Installationsdienst\" class=\"pretty-link-keyword\"rel=\"\">Live Chat Installationsdienst<\/a> is een \u00e9\u00e9nmalige investering &#8211; er zijn geen terugkerende kosten. Bovendien kunnen deze kosten eenvoudig worden terugverdiend, aangezien het aanbieden van <a href=\"https:\/\/www.ecrivus-multimedia.nl\/go\/chat\/\" title=\"go\/chat\" class=\"pretty-link-keyword\"rel=\"\">Live Chat<\/a> uw omzet zal verhogen, doordat u live met uw leads en klanten kunt chatten.<\/p>\n<p>Ga vandaag nog aan de slag met het aanbieden van <a href=\"https:\/\/www.ecrivus-multimedia.nl\/go\/chat\/\" title=\"go\/chat\" class=\"pretty-link-keyword\"rel=\"\">Live Chat<\/a>!<\/p>\n<h4>Im Installationsservice enthalten:<\/h4>\n<ul>\n<li>Uploaden van het <a href=\"https:\/\/www.ecrivus-multimedia.nl\/go\/chat\/\" title=\"go\/chat\" class=\"pretty-link-keyword\"rel=\"\">Live Chat<\/a>-script naar uw webdomein (meest recente versie)<\/li>\n<li>Installatie van de <a href=\"https:\/\/www.ecrivus-multimedia.nl\/go\/chat\/\" title=\"go\/chat\" class=\"pretty-link-keyword\"rel=\"\">Live Chat<\/a> Software<\/li>\n<li>Aanmaak van de beheerder (<a href=\"https:\/\/www.ecrivus-multimedia.nl\/go\/chat\/\" title=\"go\/chat\" class=\"pretty-link-keyword\"rel=\"\">Live Chat<\/a> Operator)<\/li>\n<li>Erstellung von f\u00fcnf Verkn\u00fcpfungen (gespeicherte Nachrichten, die wiederverwendet werden k\u00f6nnen)<\/li>\n<li>Erstellung eines Ausl\u00f6sers (automatische Nachrichten an Leads\/Kunden, die Ihre Website besuchen)<\/li>\n<li>Instellen van tijdsplanning (wanneer uw <a href=\"https:\/\/www.ecrivus-multimedia.nl\/go\/chat\/\" title=\"go\/chat\" class=\"pretty-link-keyword\"rel=\"\">Live Chat<\/a> automatisch online\/offline is)<\/li>\n<\/ul>\n<h4>Die Live-Chat-Software umfasst die folgenden Optionen:<\/h4>\n<ul>\n<li>Verwendung von Verkn\u00fcpfungen (Begr\u00fc\u00dfungsnachrichten, Standardfragen usw. k\u00f6nnen gespeichert und sofort gesendet werden)<\/li>\n<li>Gebruik van triggers (start automatisch een <a href=\"https:\/\/www.ecrivus-multimedia.nl\/go\/chat\/\" title=\"go\/chat\" class=\"pretty-link-keyword\"rel=\"\">Live Chat<\/a> met uw bezoeker na bijvoorbeeld 1 minuut of het bezoeken van een bepaalde pagina).<\/li>\n<li>Ticket-systeem (als de <a href=\"https:\/\/www.ecrivus-multimedia.nl\/go\/chat\/\" title=\"go\/chat\" class=\"pretty-link-keyword\"rel=\"\">Live Chat<\/a> offline is, kunnen bezoekers tickets\/e-mails verzenden die in uw <a href=\"https:\/\/www.ecrivus-multimedia.nl\/go\/chat\/\" title=\"go\/chat\" class=\"pretty-link-keyword\"rel=\"\">Live Chat<\/a> configuratiescherm worden weergegeven)<\/li>\n<li>Toegang tot de <a href=\"https:\/\/www.ecrivus-multimedia.nl\/go\/chat\/\" title=\"go\/chat\" class=\"pretty-link-keyword\"rel=\"\">Live Chat<\/a> <a href=\"https:\/\/www.ecrivus-multimedia.nl\/go\/app-vertalen\/\" title=\"Eine App \u00fcbersetzen? \u2713 Android\u00ae \u2713 iOS\u00ae \u2713 Web \u2713 Jetzt online bestellen! \u2713 Festpreis\" class=\"pretty-link-keyword\"rel=\"\">App<\/a> kan zowel vanuit uw browser als vanuit een Windows applicatie. Het is zelfs mogelijk om via uw smartphone de offici\u00eble <a href=\"https:\/\/www.ecrivus-multimedia.nl\/go\/chat\/\" title=\"go\/chat\" class=\"pretty-link-keyword\"rel=\"\">Live Chat<\/a> <a href=\"https:\/\/www.ecrivus-multimedia.nl\/go\/app-vertalen\/\" title=\"Eine App \u00fcbersetzen? \u2713 Android\u00ae \u2713 iOS\u00ae \u2713 Web \u2713 Jetzt online bestellen! \u2713 Festpreis\" class=\"pretty-link-keyword\"rel=\"\">App<\/a> zum Herunterladen (verf\u00fcgbar f\u00fcr iOS\u00ae und Android\u00ae).<\/li>\n<li>Benachrichtigungen \u00fcber neue Website-Besucher<\/li>\n<li>Bericht\/<a href=\"https:\/\/www.ecrivus-multimedia.nl\/go\/analyserapport-beedigde-vertaling-met-stempel\/\" title=\"M\u00f6chten Sie einen beeidigten Analysebericht \u00fcbersetzen lassen? Bestellen Sie in unserem Webshop!\" class=\"pretty-link-keyword\"rel=\"\">Analyse<\/a> des Website-Verkehrs<\/li>\n<li>Abteilungen anlegen (z. B. \u201eVertrieb\u201c und \u201eSupport\u201c)<\/li>\n<li>DSGVO-konform<\/li>\n<li>Zahlreiche Vorlagen f\u00fcr Layout und Positionierung auf Ihrer Website<\/li>\n<li>Die <a href=\"https:\/\/www.ecrivus-multimedia.nl\/go\/chat\/\" title=\"go\/chat\" class=\"pretty-link-keyword\"rel=\"\">Live Chat<\/a> kan op \u00e9\u00e9n pagina, specifieke pagina's, of op elke pagina van uw website worden geplaatst.<\/li>\n<li>Und vieles mehr\u2026<\/li>\n<\/ul>\n<p><strong>Anforderungen:<\/strong><\/p>\n<ul>\n<li>Sie verf\u00fcgen \u00fcber eine aktive Webdom\u00e4ne mit Zugriff auf Ihren FTP-Server. F\u00fcr den Installationsservice ist es erforderlich, dass Sie uns diese Informationen mitteilen. Nach Abschluss der Installation k\u00f6nnen Sie die Anmeldedaten \u00e4ndern. W\u00e4hrend des Bezahlvorgangs k\u00f6nnen Sie Ihre Zugangsdaten f\u00fcr den FTP-Server eingeben <strong>Bestellhinweise<\/strong> (onder &#8216;Extra informatie'). Desgewenst kunt u ons deze ook apart per e-mail toezenden (info@ecrivus-multimedia.nl) of telefonisch: +31(0)43-365-5801.<\/li>\n<\/ul>\n<p><strong>Lieferzeit:<\/strong><\/p>\n<p>1-2 Werktage<\/p>\n<p>Deze dienst omvat enkel de installatie van een <a href=\"https:\/\/www.ecrivus-multimedia.nl\/go\/chat\/\" title=\"go\/chat\" class=\"pretty-link-keyword\"rel=\"\">Live Chat<\/a> softwarepakket op uw webserver en het klaarmaken hiervan voor gebruik door uw medewerkers. De <a href=\"https:\/\/www.ecrivus-multimedia.nl\/go\/chat\/\" title=\"go\/chat\" class=\"pretty-link-keyword\"rel=\"\">Live Chat<\/a> software wordt ontwikkeld door derden. Het gebruik van deze software is gratis, maar er zijn voor deze software betaalde &#8216;add-ons' beschikbaar (deze zijn niet vereist voor de werking van de software). Deze betaalde add-ons zijn niet inbegrepen bij onze installatieservice. Indien u specifieke vragen heeft over het <a href=\"https:\/\/www.ecrivus-multimedia.nl\/go\/chat\/\" title=\"go\/chat\" class=\"pretty-link-keyword\"rel=\"\">Live Chat<\/a> software pakket of een demo wil aanvragen, <a href=\"https:\/\/www.ecrivus-multimedia.nl\/de\/kontakt\/\">Sie k\u00f6nnen uns gerne kontaktieren<\/a>.<\/p>","protected":false},"excerpt":{"rendered":"<p>Live-Chat-Installationsservice. Ihr Live-Chat online schnell und g\u00fcnstig! Einmalige Kosten.<\/p>","protected":false},"featured_media":132695,"comment_status":"open","ping_status":"closed","template":"","meta":{"_acf_changed":false,"_glsr_average":0,"_glsr_ranking":0,"_glsr_reviews":0,"_joinchat":[]},"product_brand":[],"product_cat":[15288],"product_tag":[],"class_list":{"0":"post-42119","1":"product","2":"type-product","3":"status-publish","4":"has-post-thumbnail","6":"product_cat-web-app-ontwikkeling","8":"first","9":"instock","10":"virtual","11":"sold-individually","12":"taxable","13":"purchasable","14":"product-type-simple"},"acf":[],"yoast_head":"<!-- This site is optimized with the Yoast SEO plugin v27.4 - https:\/\/yoast.com\/product\/yoast-seo-wordpress\/ -->\n<title>Gratis Live Chat toevoegen aan uw website? Live Chat installatieservice<\/title>\n<meta name=\"description\" content=\"Hulp nodig bij het installeren van Live Chat software op uw website? Snelle en voordelige installatieservice van Live Chat. Bestel nu online!\" \/>\n<meta name=\"robots\" content=\"index, follow, max-snippet:-1, max-image-preview:large, max-video-preview:-1\" \/>\n<link rel=\"canonical\" href=\"https:\/\/www.ecrivus-multimedia.nl\/de\/produkt\/live-chat-installationsservice\/\" \/>\n<meta property=\"og:locale\" content=\"de_DE\" \/>\n<meta property=\"og:type\" content=\"article\" \/>\n<meta property=\"og:title\" content=\"Gratis Live Chat toevoegen aan uw website? Live Chat installatieservice\" \/>\n<meta property=\"og:description\" content=\"Hulp nodig bij het installeren van Live Chat software op uw website? Snelle en voordelige installatieservice van Live Chat. Bestel nu online!\" \/>\n<meta property=\"og:url\" content=\"https:\/\/www.ecrivus-multimedia.nl\/de\/produkt\/live-chat-installationsservice\/\" \/>\n<meta property=\"og:site_name\" content=\"Ecrivus International Webshop\" \/>\n<meta property=\"article:publisher\" content=\"https:\/\/www.facebook.com\/Ecrivus-International-676624782512639\/\" \/>\n<meta property=\"article:modified_time\" content=\"2026-04-13T07:26:51+00:00\" \/>\n<meta property=\"og:image\" content=\"https:\/\/www.ecrivus-multimedia.nl\/wp-content\/uploads\/2019\/05\/17072108_3557-scaled.webp\" \/>\n\t<meta property=\"og:image:width\" content=\"2560\" \/>\n\t<meta property=\"og:image:height\" content=\"2560\" \/>\n\t<meta property=\"og:image:type\" content=\"image\/webp\" \/>\n<meta name=\"twitter:card\" content=\"summary_large_image\" \/>\n<meta name=\"twitter:site\" content=\"@ecrivusint\" \/>\n<meta name=\"twitter:label1\" content=\"Gesch\u00e4tzte Lesezeit\" \/>\n\t<meta name=\"twitter:data1\" content=\"3\u00a0Minuten\" \/>\n<script type=\"application\/ld+json\" class=\"yoast-schema-graph\">{\"@context\":\"https:\\\/\\\/schema.org\",\"@graph\":[{\"@type\":\"WebPage\",\"@id\":\"https:\\\/\\\/www.ecrivus-multimedia.nl\\\/product\\\/live-chat-installatieservice\\\/\",\"url\":\"https:\\\/\\\/www.ecrivus-multimedia.nl\\\/product\\\/live-chat-installatieservice\\\/\",\"name\":\"Gratis Live Chat toevoegen aan uw website? Live Chat installatieservice\",\"isPartOf\":{\"@id\":\"https:\\\/\\\/www.ecrivus-multimedia.nl\\\/#website\"},\"primaryImageOfPage\":{\"@id\":\"https:\\\/\\\/www.ecrivus-multimedia.nl\\\/product\\\/live-chat-installatieservice\\\/#primaryimage\"},\"image\":{\"@id\":\"https:\\\/\\\/www.ecrivus-multimedia.nl\\\/product\\\/live-chat-installatieservice\\\/#primaryimage\"},\"thumbnailUrl\":\"https:\\\/\\\/www.ecrivus-multimedia.nl\\\/wp-content\\\/uploads\\\/2019\\\/05\\\/17072108_3557-scaled.webp\",\"datePublished\":\"2019-05-17T11:04:57+00:00\",\"dateModified\":\"2026-04-13T07:26:51+00:00\",\"description\":\"Hulp nodig bij het installeren van Live Chat software op uw website? Snelle en voordelige installatieservice van Live Chat. Bestel nu online!\",\"breadcrumb\":{\"@id\":\"https:\\\/\\\/www.ecrivus-multimedia.nl\\\/product\\\/live-chat-installatieservice\\\/#breadcrumb\"},\"inLanguage\":\"de\",\"potentialAction\":[{\"@type\":\"ReadAction\",\"target\":[\"https:\\\/\\\/www.ecrivus-multimedia.nl\\\/product\\\/live-chat-installatieservice\\\/\"]}]},{\"@type\":\"ImageObject\",\"inLanguage\":\"de\",\"@id\":\"https:\\\/\\\/www.ecrivus-multimedia.nl\\\/product\\\/live-chat-installatieservice\\\/#primaryimage\",\"url\":\"https:\\\/\\\/www.ecrivus-multimedia.nl\\\/wp-content\\\/uploads\\\/2019\\\/05\\\/17072108_3557-scaled.webp\",\"contentUrl\":\"https:\\\/\\\/www.ecrivus-multimedia.nl\\\/wp-content\\\/uploads\\\/2019\\\/05\\\/17072108_3557-scaled.webp\",\"width\":2560,\"height\":2560},{\"@type\":\"BreadcrumbList\",\"@id\":\"https:\\\/\\\/www.ecrivus-multimedia.nl\\\/product\\\/live-chat-installatieservice\\\/#breadcrumb\",\"itemListElement\":[{\"@type\":\"ListItem\",\"position\":1,\"name\":\"Home\",\"item\":\"https:\\\/\\\/www.ecrivus-multimedia.nl\\\/\"},{\"@type\":\"ListItem\",\"position\":2,\"name\":\"Shop\",\"item\":\"https:\\\/\\\/www.ecrivus-multimedia.nl\\\/shop\\\/\"},{\"@type\":\"ListItem\",\"position\":3,\"name\":\"Live Chat Installatieservice\"}]},{\"@type\":\"WebSite\",\"@id\":\"https:\\\/\\\/www.ecrivus-multimedia.nl\\\/#website\",\"url\":\"https:\\\/\\\/www.ecrivus-multimedia.nl\\\/\",\"name\":\"Ecrivus International Webshop\",\"description\":\"Erkende webshop voor be\u00ebdigde vertalingen.\",\"publisher\":{\"@id\":\"https:\\\/\\\/www.ecrivus-multimedia.nl\\\/#organization\"},\"potentialAction\":[{\"@type\":\"SearchAction\",\"target\":{\"@type\":\"EntryPoint\",\"urlTemplate\":\"https:\\\/\\\/www.ecrivus-multimedia.nl\\\/?s={search_term_string}\"},\"query-input\":{\"@type\":\"PropertyValueSpecification\",\"valueRequired\":true,\"valueName\":\"search_term_string\"}}],\"inLanguage\":\"de\"},{\"@type\":\"Organization\",\"@id\":\"https:\\\/\\\/www.ecrivus-multimedia.nl\\\/#organization\",\"name\":\"Ecrivus International\",\"url\":\"https:\\\/\\\/www.ecrivus-multimedia.nl\\\/\",\"logo\":{\"@type\":\"ImageObject\",\"inLanguage\":\"de\",\"@id\":\"https:\\\/\\\/www.ecrivus-multimedia.nl\\\/#\\\/schema\\\/logo\\\/image\\\/\",\"url\":\"https:\\\/\\\/www.ecrivus-multimedia.nl\\\/wp-content\\\/uploads\\\/2022\\\/01\\\/cropped-small-Logo-Ecrivus-Vector-Transparent2.png\",\"contentUrl\":\"https:\\\/\\\/www.ecrivus-multimedia.nl\\\/wp-content\\\/uploads\\\/2022\\\/01\\\/cropped-small-Logo-Ecrivus-Vector-Transparent2.png\",\"width\":512,\"height\":512,\"caption\":\"Ecrivus International\"},\"image\":{\"@id\":\"https:\\\/\\\/www.ecrivus-multimedia.nl\\\/#\\\/schema\\\/logo\\\/image\\\/\"},\"sameAs\":[\"https:\\\/\\\/www.facebook.com\\\/Ecrivus-International-676624782512639\\\/\",\"https:\\\/\\\/x.com\\\/ecrivusint\"]}]}<\/script>\n<!-- \/ Yoast SEO plugin. -->","yoast_head_json":{"title":"Gratis Live Chat toevoegen aan uw website? Live Chat installatieservice","description":"Hulp nodig bij het installeren van Live Chat software op uw website? Snelle en voordelige installatieservice van Live Chat. Bestel nu online!","robots":{"index":"index","follow":"follow","max-snippet":"max-snippet:-1","max-image-preview":"max-image-preview:large","max-video-preview":"max-video-preview:-1"},"canonical":"https:\/\/www.ecrivus-multimedia.nl\/de\/produkt\/live-chat-installationsservice\/","og_locale":"de_DE","og_type":"article","og_title":"Gratis Live Chat toevoegen aan uw website? Live Chat installatieservice","og_description":"Hulp nodig bij het installeren van Live Chat software op uw website? Snelle en voordelige installatieservice van Live Chat. Bestel nu online!","og_url":"https:\/\/www.ecrivus-multimedia.nl\/de\/produkt\/live-chat-installationsservice\/","og_site_name":"Ecrivus International Webshop","article_publisher":"https:\/\/www.facebook.com\/Ecrivus-International-676624782512639\/","article_modified_time":"2026-04-13T07:26:51+00:00","og_image":[{"width":2560,"height":2560,"url":"https:\/\/www.ecrivus-multimedia.nl\/wp-content\/uploads\/2019\/05\/17072108_3557-scaled.webp","type":"image\/webp"}],"twitter_card":"summary_large_image","twitter_site":"@ecrivusint","twitter_misc":{"Gesch\u00e4tzte Lesezeit":"3\u00a0Minuten"},"schema":{"@context":"https:\/\/schema.org","@graph":[{"@type":"WebPage","@id":"https:\/\/www.ecrivus-multimedia.nl\/product\/live-chat-installatieservice\/","url":"https:\/\/www.ecrivus-multimedia.nl\/product\/live-chat-installatieservice\/","name":"Gratis Live Chat toevoegen aan uw website? Live Chat installatieservice","isPartOf":{"@id":"https:\/\/www.ecrivus-multimedia.nl\/#website"},"primaryImageOfPage":{"@id":"https:\/\/www.ecrivus-multimedia.nl\/product\/live-chat-installatieservice\/#primaryimage"},"image":{"@id":"https:\/\/www.ecrivus-multimedia.nl\/product\/live-chat-installatieservice\/#primaryimage"},"thumbnailUrl":"https:\/\/www.ecrivus-multimedia.nl\/wp-content\/uploads\/2019\/05\/17072108_3557-scaled.webp","datePublished":"2019-05-17T11:04:57+00:00","dateModified":"2026-04-13T07:26:51+00:00","description":"Hulp nodig bij het installeren van Live Chat software op uw website? Snelle en voordelige installatieservice van Live Chat. Bestel nu online!","breadcrumb":{"@id":"https:\/\/www.ecrivus-multimedia.nl\/product\/live-chat-installatieservice\/#breadcrumb"},"inLanguage":"de","potentialAction":[{"@type":"ReadAction","target":["https:\/\/www.ecrivus-multimedia.nl\/product\/live-chat-installatieservice\/"]}]},{"@type":"ImageObject","inLanguage":"de","@id":"https:\/\/www.ecrivus-multimedia.nl\/product\/live-chat-installatieservice\/#primaryimage","url":"https:\/\/www.ecrivus-multimedia.nl\/wp-content\/uploads\/2019\/05\/17072108_3557-scaled.webp","contentUrl":"https:\/\/www.ecrivus-multimedia.nl\/wp-content\/uploads\/2019\/05\/17072108_3557-scaled.webp","width":2560,"height":2560},{"@type":"BreadcrumbList","@id":"https:\/\/www.ecrivus-multimedia.nl\/product\/live-chat-installatieservice\/#breadcrumb","itemListElement":[{"@type":"ListItem","position":1,"name":"Home","item":"https:\/\/www.ecrivus-multimedia.nl\/"},{"@type":"ListItem","position":2,"name":"Shop","item":"https:\/\/www.ecrivus-multimedia.nl\/shop\/"},{"@type":"ListItem","position":3,"name":"Live Chat Installatieservice"}]},{"@type":"WebSite","@id":"https:\/\/www.ecrivus-multimedia.nl\/#website","url":"https:\/\/www.ecrivus-multimedia.nl\/","name":"Ecrivus International Webshop","description":"Erkende webshop voor be\u00ebdigde vertalingen.","publisher":{"@id":"https:\/\/www.ecrivus-multimedia.nl\/#organization"},"potentialAction":[{"@type":"SearchAction","target":{"@type":"EntryPoint","urlTemplate":"https:\/\/www.ecrivus-multimedia.nl\/?s={search_term_string}"},"query-input":{"@type":"PropertyValueSpecification","valueRequired":true,"valueName":"search_term_string"}}],"inLanguage":"de"},{"@type":"Organization","@id":"https:\/\/www.ecrivus-multimedia.nl\/#organization","name":"Ecrivus International","url":"https:\/\/www.ecrivus-multimedia.nl\/","logo":{"@type":"ImageObject","inLanguage":"de","@id":"https:\/\/www.ecrivus-multimedia.nl\/#\/schema\/logo\/image\/","url":"https:\/\/www.ecrivus-multimedia.nl\/wp-content\/uploads\/2022\/01\/cropped-small-Logo-Ecrivus-Vector-Transparent2.png","contentUrl":"https:\/\/www.ecrivus-multimedia.nl\/wp-content\/uploads\/2022\/01\/cropped-small-Logo-Ecrivus-Vector-Transparent2.png","width":512,"height":512,"caption":"Ecrivus International"},"image":{"@id":"https:\/\/www.ecrivus-multimedia.nl\/#\/schema\/logo\/image\/"},"sameAs":["https:\/\/www.facebook.com\/Ecrivus-International-676624782512639\/","https:\/\/x.com\/ecrivusint"]}]}},"_links":{"self":[{"href":"https:\/\/www.ecrivus-multimedia.nl\/de\/wp-json\/wp\/v2\/product\/42119","targetHints":{"allow":["GET"]}}],"collection":[{"href":"https:\/\/www.ecrivus-multimedia.nl\/de\/wp-json\/wp\/v2\/product"}],"about":[{"href":"https:\/\/www.ecrivus-multimedia.nl\/de\/wp-json\/wp\/v2\/types\/product"}],"replies":[{"embeddable":true,"href":"https:\/\/www.ecrivus-multimedia.nl\/de\/wp-json\/wp\/v2\/comments?post=42119"}],"wp:featuredmedia":[{"embeddable":true,"href":"https:\/\/www.ecrivus-multimedia.nl\/de\/wp-json\/wp\/v2\/media\/132695"}],"wp:attachment":[{"href":"https:\/\/www.ecrivus-multimedia.nl\/de\/wp-json\/wp\/v2\/media?parent=42119"}],"wp:term":[{"taxonomy":"product_brand","embeddable":true,"href":"https:\/\/www.ecrivus-multimedia.nl\/de\/wp-json\/wp\/v2\/product_brand?post=42119"},{"taxonomy":"product_cat","embeddable":true,"href":"https:\/\/www.ecrivus-multimedia.nl\/de\/wp-json\/wp\/v2\/product_cat?post=42119"},{"taxonomy":"product_tag","embeddable":true,"href":"https:\/\/www.ecrivus-multimedia.nl\/de\/wp-json\/wp\/v2\/product_tag?post=42119"}],"curies":[{"name":"wp","href":"https:\/\/api.w.org\/{rel}","templated":true}]}}