{"id":42121,"date":"2019-05-17T14:45:53","date_gmt":"2019-05-17T12:45:53","guid":{"rendered":"https:\/\/www.ecrivus-multimedia.nl\/?post_type=product&#038;p=42121"},"modified":"2026-04-13T09:26:24","modified_gmt":"2026-04-13T07:26:24","slug":"wordpress-installatieservice","status":"publish","type":"product","link":"https:\/\/www.ecrivus-multimedia.nl\/de\/produkt\/wordpress-installationsservice\/","title":{"rendered":"WordPress Installationsservice"},"content":{"rendered":"<h4>WordPress Installationsservice<\/h4>\n<p>M\u00f6chten Sie eine WordPress-Website starten, ben\u00f6tigen aber Hilfe bei der Installation von WordPress auf Ihrem Webserver? Wir bieten ein erschwingliches und schnelles Angebot <a href=\"https:\/\/www.ecrivus-multimedia.nl\/go\/wordpress-installatieservice\/\" title=\"Wordpress-Installationsservice\" class=\"pretty-link-keyword\"rel=\"\">WordPress-Installationsservice<\/a>!<\/p>\n<p>Im Internet gibt es unz\u00e4hlige Handb\u00fccher und Tutorials zur Installation von WordPress. Hierzu sind jedoch h\u00e4ufig einige technische IT-Kenntnisse erforderlich. Haben Sie Probleme bei der korrekten Installation von WordPress oder stecken Sie bei einem bestimmten Schritt fest? Unser Team ist darauf spezialisiert, die WordPress-Installation schnell und korrekt durchzuf\u00fchren.<\/p>\n<p>Der Vorteil von WordPress besteht darin <strong>keine (monatlichen) Kosten<\/strong> verbunden sind. Seine Verwendung ist <strong>komplett frei<\/strong> und die Software wird monatlich von zahlreichen WordPress-Entwicklern aktualisiert. Die M\u00f6glichkeiten von WordPress sind endlos. Millionen von Websites laufen auf WordPress und es stehen Tausende von Plugins zur Verf\u00fcgung.<\/p>\n<p>Unser <a href=\"https:\/\/www.ecrivus-multimedia.nl\/go\/wordpress-installatieservice\/\" title=\"Wordpress-Installationsservice\" class=\"pretty-link-keyword\"rel=\"\">WordPress-Installationsservice<\/a> ist eine einmalige Investition \u2013 es fallen keine wiederkehrenden Kosten an. Dar\u00fcber hinaus k\u00f6nnen diese Kosten leicht amortisiert werden, da Sie Ihre Produkte oder Dienstleistungen auf Ihrer Website anbieten k\u00f6nnen. Gerne beraten wir Sie hierzu.<\/p>\n<p>Beginnen Sie noch heute mit Ihrer neuen WordPress-Website!<\/p>\n<h4>Im Installationsservice enthalten:<\/h4>\n<ul>\n<li>Hochladen der WordPress-Software auf Ihre Webdomain (aktuellste Version)<\/li>\n<li>Installation von WordPress<\/li>\n<li>Installation und Verkn\u00fcpfung der (MySQL-)Datenbank<\/li>\n<li>Installation des gew\u00e4hlten Sprachpakets<\/li>\n<li>Erstellung des Website-Administrators (admin)<\/li>\n<\/ul>\n<p><strong>Zusatzoption gegen Aufpreis:<\/strong><\/p>\n<ul>\n<li>Installation zus\u00e4tzlicher Plugins<\/li>\n<\/ul>\n<p><strong>Anforderungen:<\/strong><\/p>\n<ul>\n<li>Sie verf\u00fcgen \u00fcber eine aktive Webdom\u00e4ne mit Zugriff auf Ihren FTP-Server. F\u00fcr den Installationsservice ist es erforderlich, dass Sie uns diese Informationen mitteilen. Nach Abschluss der Installation k\u00f6nnen Sie die Anmeldedaten \u00e4ndern. W\u00e4hrend des Bezahlvorgangs k\u00f6nnen Sie Ihre Zugangsdaten f\u00fcr den FTP-Server eingeben <strong>Bestellhinweise<\/strong> (onder &#8216;Extra informatie'). Desgewenst kunt u ons deze ook apart per e-mail toezenden (info@ecrivus-multimedia.nl) of telefonisch: +31(0)43-365-5801.<\/li>\n<li>Ihr Webserver unterst\u00fctzt PHP und die MySQL-Datenbank. Sie sind sich nicht sicher, ob dies der Fall ist? <a href=\"https:\/\/www.ecrivus-multimedia.nl\/de\/kontakt\/\">Bitte kontaktieren Sie uns vor dem Kauf<\/a> um dies kostenlos \u00fcberpr\u00fcfen zu lassen.<\/li>\n<\/ul>\n<p><strong>Lieferzeit:<\/strong><\/p>\n<p>1-2 Werktage<\/p>\n<p>Unser <a href=\"https:\/\/www.ecrivus-multimedia.nl\/go\/wordpress-installatieservice\/\" title=\"Wordpress-Installationsservice\" class=\"pretty-link-keyword\"rel=\"\">WordPress-Installationsservice<\/a> Beinhaltet nur die Installation von WordPress und seiner Datenbank. Nach unserem Installationsservice ist WordPress einsatzbereit. Unser Installationsservice umfasst: <span style=\"text-decoration: underline;\">nicht<\/span> das Webdesign, Webtexte, Medien, Zusatzfunktionen und Weiterentwicklung Ihrer Website. Wir sind jedoch auf das Schreiben spezialisiert <a href=\"https:\/\/www.ecrivus.nl\/copywriting-tekstschrijven\/\">SEO-Texte<\/a> (Webtexte zur Suchmaschinenoptimierung) und it <a href=\"https:\/\/www.ecrivus.nl\/seo-vertaling\/\">\u00dcbersetzen von Webtexten<\/a>. <a href=\"https:\/\/www.ecrivus-multimedia.nl\/de\/kontakt\/\">Hierzu k\u00f6nnen Sie ganz einfach ein zus\u00e4tzliches Angebot anfordern.<\/a><\/p>","protected":false},"excerpt":{"rendered":"<p>WordPress-Installationsservice. Ihre neue Wordpress-Website schnell und g\u00fcnstig online!<\/p>","protected":false},"featured_media":132694,"comment_status":"open","ping_status":"closed","template":"","meta":{"_acf_changed":false,"_glsr_average":0,"_glsr_ranking":0,"_glsr_reviews":0,"_joinchat":[]},"product_brand":[],"product_cat":[15288],"product_tag":[15287,15286,15290],"class_list":{"0":"post-42121","1":"product","2":"type-product","3":"status-publish","4":"has-post-thumbnail","6":"product_cat-web-app-ontwikkeling","7":"product_tag-installatie","8":"product_tag-software","9":"product_tag-wordpress","11":"first","12":"instock","13":"virtual","14":"sold-individually","15":"taxable","16":"purchasable","17":"product-type-simple"},"acf":[],"yoast_head":"<!-- This site is optimized with the Yoast SEO plugin v27.4 - https:\/\/yoast.com\/product\/yoast-seo-wordpress\/ -->\n<title>Wordpress Installatieservice | Wij installeren Wordpress binnen 1 werkdag.<\/title>\n<meta name=\"description\" content=\"Hulp nodig bij het installeren van Wordpress? Snelle en voordelige installatieservice van Wordpress. Experts in Wordpress - bestel nu online!\" \/>\n<meta name=\"robots\" content=\"index, follow, max-snippet:-1, max-image-preview:large, max-video-preview:-1\" \/>\n<link rel=\"canonical\" href=\"https:\/\/www.ecrivus-multimedia.nl\/de\/produkt\/wordpress-installationsservice\/\" \/>\n<meta property=\"og:locale\" content=\"de_DE\" \/>\n<meta property=\"og:type\" content=\"article\" \/>\n<meta property=\"og:title\" content=\"Wordpress Installatieservice | Wij installeren Wordpress binnen 1 werkdag.\" \/>\n<meta property=\"og:description\" content=\"Hulp nodig bij het installeren van Wordpress? Snelle en voordelige installatieservice van Wordpress. Experts in Wordpress - bestel nu online!\" \/>\n<meta property=\"og:url\" content=\"https:\/\/www.ecrivus-multimedia.nl\/de\/produkt\/wordpress-installationsservice\/\" \/>\n<meta property=\"og:site_name\" content=\"Ecrivus International Webshop\" \/>\n<meta property=\"article:publisher\" content=\"https:\/\/www.facebook.com\/Ecrivus-International-676624782512639\/\" \/>\n<meta property=\"article:modified_time\" content=\"2026-04-13T07:26:24+00:00\" \/>\n<meta property=\"og:image\" content=\"https:\/\/www.ecrivus-multimedia.nl\/wp-content\/uploads\/2019\/05\/2147962618.webp\" \/>\n\t<meta property=\"og:image:width\" content=\"1000\" \/>\n\t<meta property=\"og:image:height\" content=\"667\" \/>\n\t<meta property=\"og:image:type\" content=\"image\/webp\" \/>\n<meta name=\"twitter:card\" content=\"summary_large_image\" \/>\n<meta name=\"twitter:site\" content=\"@ecrivusint\" \/>\n<meta name=\"twitter:label1\" content=\"Gesch\u00e4tzte Lesezeit\" \/>\n\t<meta name=\"twitter:data1\" content=\"2\u00a0Minuten\" \/>\n<script type=\"application\/ld+json\" class=\"yoast-schema-graph\">{\"@context\":\"https:\\\/\\\/schema.org\",\"@graph\":[{\"@type\":\"WebPage\",\"@id\":\"https:\\\/\\\/www.ecrivus-multimedia.nl\\\/product\\\/wordpress-installatieservice\\\/\",\"url\":\"https:\\\/\\\/www.ecrivus-multimedia.nl\\\/product\\\/wordpress-installatieservice\\\/\",\"name\":\"Wordpress Installatieservice | Wij installeren Wordpress binnen 1 werkdag.\",\"isPartOf\":{\"@id\":\"https:\\\/\\\/www.ecrivus-multimedia.nl\\\/#website\"},\"primaryImageOfPage\":{\"@id\":\"https:\\\/\\\/www.ecrivus-multimedia.nl\\\/product\\\/wordpress-installatieservice\\\/#primaryimage\"},\"image\":{\"@id\":\"https:\\\/\\\/www.ecrivus-multimedia.nl\\\/product\\\/wordpress-installatieservice\\\/#primaryimage\"},\"thumbnailUrl\":\"https:\\\/\\\/www.ecrivus-multimedia.nl\\\/wp-content\\\/uploads\\\/2019\\\/05\\\/2147962618.webp\",\"datePublished\":\"2019-05-17T12:45:53+00:00\",\"dateModified\":\"2026-04-13T07:26:24+00:00\",\"description\":\"Hulp nodig bij het installeren van Wordpress? Snelle en voordelige installatieservice van Wordpress. Experts in Wordpress - bestel nu online!\",\"breadcrumb\":{\"@id\":\"https:\\\/\\\/www.ecrivus-multimedia.nl\\\/product\\\/wordpress-installatieservice\\\/#breadcrumb\"},\"inLanguage\":\"de\",\"potentialAction\":[{\"@type\":\"ReadAction\",\"target\":[\"https:\\\/\\\/www.ecrivus-multimedia.nl\\\/product\\\/wordpress-installatieservice\\\/\"]}]},{\"@type\":\"ImageObject\",\"inLanguage\":\"de\",\"@id\":\"https:\\\/\\\/www.ecrivus-multimedia.nl\\\/product\\\/wordpress-installatieservice\\\/#primaryimage\",\"url\":\"https:\\\/\\\/www.ecrivus-multimedia.nl\\\/wp-content\\\/uploads\\\/2019\\\/05\\\/2147962618.webp\",\"contentUrl\":\"https:\\\/\\\/www.ecrivus-multimedia.nl\\\/wp-content\\\/uploads\\\/2019\\\/05\\\/2147962618.webp\",\"width\":1000,\"height\":667},{\"@type\":\"BreadcrumbList\",\"@id\":\"https:\\\/\\\/www.ecrivus-multimedia.nl\\\/product\\\/wordpress-installatieservice\\\/#breadcrumb\",\"itemListElement\":[{\"@type\":\"ListItem\",\"position\":1,\"name\":\"Home\",\"item\":\"https:\\\/\\\/www.ecrivus-multimedia.nl\\\/\"},{\"@type\":\"ListItem\",\"position\":2,\"name\":\"Shop\",\"item\":\"https:\\\/\\\/www.ecrivus-multimedia.nl\\\/shop\\\/\"},{\"@type\":\"ListItem\",\"position\":3,\"name\":\"WordPress Installatieservice\"}]},{\"@type\":\"WebSite\",\"@id\":\"https:\\\/\\\/www.ecrivus-multimedia.nl\\\/#website\",\"url\":\"https:\\\/\\\/www.ecrivus-multimedia.nl\\\/\",\"name\":\"Ecrivus International Webshop\",\"description\":\"Erkende webshop voor be\u00ebdigde vertalingen.\",\"publisher\":{\"@id\":\"https:\\\/\\\/www.ecrivus-multimedia.nl\\\/#organization\"},\"potentialAction\":[{\"@type\":\"SearchAction\",\"target\":{\"@type\":\"EntryPoint\",\"urlTemplate\":\"https:\\\/\\\/www.ecrivus-multimedia.nl\\\/?s={search_term_string}\"},\"query-input\":{\"@type\":\"PropertyValueSpecification\",\"valueRequired\":true,\"valueName\":\"search_term_string\"}}],\"inLanguage\":\"de\"},{\"@type\":\"Organization\",\"@id\":\"https:\\\/\\\/www.ecrivus-multimedia.nl\\\/#organization\",\"name\":\"Ecrivus International\",\"url\":\"https:\\\/\\\/www.ecrivus-multimedia.nl\\\/\",\"logo\":{\"@type\":\"ImageObject\",\"inLanguage\":\"de\",\"@id\":\"https:\\\/\\\/www.ecrivus-multimedia.nl\\\/#\\\/schema\\\/logo\\\/image\\\/\",\"url\":\"https:\\\/\\\/www.ecrivus-multimedia.nl\\\/wp-content\\\/uploads\\\/2022\\\/01\\\/cropped-small-Logo-Ecrivus-Vector-Transparent2.png\",\"contentUrl\":\"https:\\\/\\\/www.ecrivus-multimedia.nl\\\/wp-content\\\/uploads\\\/2022\\\/01\\\/cropped-small-Logo-Ecrivus-Vector-Transparent2.png\",\"width\":512,\"height\":512,\"caption\":\"Ecrivus International\"},\"image\":{\"@id\":\"https:\\\/\\\/www.ecrivus-multimedia.nl\\\/#\\\/schema\\\/logo\\\/image\\\/\"},\"sameAs\":[\"https:\\\/\\\/www.facebook.com\\\/Ecrivus-International-676624782512639\\\/\",\"https:\\\/\\\/x.com\\\/ecrivusint\"]}]}<\/script>\n<!-- \/ Yoast SEO plugin. -->","yoast_head_json":{"title":"Wordpress Installatieservice | Wij installeren Wordpress binnen 1 werkdag.","description":"Hulp nodig bij het installeren van Wordpress? Snelle en voordelige installatieservice van Wordpress. Experts in Wordpress - bestel nu online!","robots":{"index":"index","follow":"follow","max-snippet":"max-snippet:-1","max-image-preview":"max-image-preview:large","max-video-preview":"max-video-preview:-1"},"canonical":"https:\/\/www.ecrivus-multimedia.nl\/de\/produkt\/wordpress-installationsservice\/","og_locale":"de_DE","og_type":"article","og_title":"Wordpress Installatieservice | Wij installeren Wordpress binnen 1 werkdag.","og_description":"Hulp nodig bij het installeren van Wordpress? Snelle en voordelige installatieservice van Wordpress. Experts in Wordpress - bestel nu online!","og_url":"https:\/\/www.ecrivus-multimedia.nl\/de\/produkt\/wordpress-installationsservice\/","og_site_name":"Ecrivus International Webshop","article_publisher":"https:\/\/www.facebook.com\/Ecrivus-International-676624782512639\/","article_modified_time":"2026-04-13T07:26:24+00:00","og_image":[{"width":1000,"height":667,"url":"https:\/\/www.ecrivus-multimedia.nl\/wp-content\/uploads\/2019\/05\/2147962618.webp","type":"image\/webp"}],"twitter_card":"summary_large_image","twitter_site":"@ecrivusint","twitter_misc":{"Gesch\u00e4tzte Lesezeit":"2\u00a0Minuten"},"schema":{"@context":"https:\/\/schema.org","@graph":[{"@type":"WebPage","@id":"https:\/\/www.ecrivus-multimedia.nl\/product\/wordpress-installatieservice\/","url":"https:\/\/www.ecrivus-multimedia.nl\/product\/wordpress-installatieservice\/","name":"Wordpress Installatieservice | Wij installeren Wordpress binnen 1 werkdag.","isPartOf":{"@id":"https:\/\/www.ecrivus-multimedia.nl\/#website"},"primaryImageOfPage":{"@id":"https:\/\/www.ecrivus-multimedia.nl\/product\/wordpress-installatieservice\/#primaryimage"},"image":{"@id":"https:\/\/www.ecrivus-multimedia.nl\/product\/wordpress-installatieservice\/#primaryimage"},"thumbnailUrl":"https:\/\/www.ecrivus-multimedia.nl\/wp-content\/uploads\/2019\/05\/2147962618.webp","datePublished":"2019-05-17T12:45:53+00:00","dateModified":"2026-04-13T07:26:24+00:00","description":"Hulp nodig bij het installeren van Wordpress? Snelle en voordelige installatieservice van Wordpress. Experts in Wordpress - bestel nu online!","breadcrumb":{"@id":"https:\/\/www.ecrivus-multimedia.nl\/product\/wordpress-installatieservice\/#breadcrumb"},"inLanguage":"de","potentialAction":[{"@type":"ReadAction","target":["https:\/\/www.ecrivus-multimedia.nl\/product\/wordpress-installatieservice\/"]}]},{"@type":"ImageObject","inLanguage":"de","@id":"https:\/\/www.ecrivus-multimedia.nl\/product\/wordpress-installatieservice\/#primaryimage","url":"https:\/\/www.ecrivus-multimedia.nl\/wp-content\/uploads\/2019\/05\/2147962618.webp","contentUrl":"https:\/\/www.ecrivus-multimedia.nl\/wp-content\/uploads\/2019\/05\/2147962618.webp","width":1000,"height":667},{"@type":"BreadcrumbList","@id":"https:\/\/www.ecrivus-multimedia.nl\/product\/wordpress-installatieservice\/#breadcrumb","itemListElement":[{"@type":"ListItem","position":1,"name":"Home","item":"https:\/\/www.ecrivus-multimedia.nl\/"},{"@type":"ListItem","position":2,"name":"Shop","item":"https:\/\/www.ecrivus-multimedia.nl\/shop\/"},{"@type":"ListItem","position":3,"name":"WordPress Installatieservice"}]},{"@type":"WebSite","@id":"https:\/\/www.ecrivus-multimedia.nl\/#website","url":"https:\/\/www.ecrivus-multimedia.nl\/","name":"Ecrivus International Webshop","description":"Erkende webshop voor be\u00ebdigde vertalingen.","publisher":{"@id":"https:\/\/www.ecrivus-multimedia.nl\/#organization"},"potentialAction":[{"@type":"SearchAction","target":{"@type":"EntryPoint","urlTemplate":"https:\/\/www.ecrivus-multimedia.nl\/?s={search_term_string}"},"query-input":{"@type":"PropertyValueSpecification","valueRequired":true,"valueName":"search_term_string"}}],"inLanguage":"de"},{"@type":"Organization","@id":"https:\/\/www.ecrivus-multimedia.nl\/#organization","name":"Ecrivus International","url":"https:\/\/www.ecrivus-multimedia.nl\/","logo":{"@type":"ImageObject","inLanguage":"de","@id":"https:\/\/www.ecrivus-multimedia.nl\/#\/schema\/logo\/image\/","url":"https:\/\/www.ecrivus-multimedia.nl\/wp-content\/uploads\/2022\/01\/cropped-small-Logo-Ecrivus-Vector-Transparent2.png","contentUrl":"https:\/\/www.ecrivus-multimedia.nl\/wp-content\/uploads\/2022\/01\/cropped-small-Logo-Ecrivus-Vector-Transparent2.png","width":512,"height":512,"caption":"Ecrivus International"},"image":{"@id":"https:\/\/www.ecrivus-multimedia.nl\/#\/schema\/logo\/image\/"},"sameAs":["https:\/\/www.facebook.com\/Ecrivus-International-676624782512639\/","https:\/\/x.com\/ecrivusint"]}]}},"_links":{"self":[{"href":"https:\/\/www.ecrivus-multimedia.nl\/de\/wp-json\/wp\/v2\/product\/42121","targetHints":{"allow":["GET"]}}],"collection":[{"href":"https:\/\/www.ecrivus-multimedia.nl\/de\/wp-json\/wp\/v2\/product"}],"about":[{"href":"https:\/\/www.ecrivus-multimedia.nl\/de\/wp-json\/wp\/v2\/types\/product"}],"replies":[{"embeddable":true,"href":"https:\/\/www.ecrivus-multimedia.nl\/de\/wp-json\/wp\/v2\/comments?post=42121"}],"wp:featuredmedia":[{"embeddable":true,"href":"https:\/\/www.ecrivus-multimedia.nl\/de\/wp-json\/wp\/v2\/media\/132694"}],"wp:attachment":[{"href":"https:\/\/www.ecrivus-multimedia.nl\/de\/wp-json\/wp\/v2\/media?parent=42121"}],"wp:term":[{"taxonomy":"product_brand","embeddable":true,"href":"https:\/\/www.ecrivus-multimedia.nl\/de\/wp-json\/wp\/v2\/product_brand?post=42121"},{"taxonomy":"product_cat","embeddable":true,"href":"https:\/\/www.ecrivus-multimedia.nl\/de\/wp-json\/wp\/v2\/product_cat?post=42121"},{"taxonomy":"product_tag","embeddable":true,"href":"https:\/\/www.ecrivus-multimedia.nl\/de\/wp-json\/wp\/v2\/product_tag?post=42121"}],"curies":[{"name":"wp","href":"https:\/\/api.w.org\/{rel}","templated":true}]}}