{"id":42156,"date":"2019-05-24T14:23:22","date_gmt":"2019-05-24T12:23:22","guid":{"rendered":"https:\/\/www.ecrivus-multimedia.nl\/?post_type=product&#038;p=42156"},"modified":"2026-04-13T09:24:47","modified_gmt":"2026-04-13T07:24:47","slug":"app-vertalen","status":"publish","type":"product","link":"https:\/\/www.ecrivus-multimedia.nl\/de\/produkt\/app-ubersetzen\/","title":{"rendered":"\u00dcbersetzung von Android\u00ae, iOs\u00ae oder Web-Apps"},"content":{"rendered":"<h4><span style=\"font-size: 12pt;\">\u00dcbersetzung von Android\u00ae, iOs\u00ae oder Web-Apps<\/span><\/h4>\n<h4><strong>Das \u00dcbersetzen einer App geh\u00f6rt zu unseren Aufgaben <em>Kerngesch\u00e4ft<\/em><\/strong><\/h4>\n<p>Unsere Arbeit jeden Tag <a href=\"https:\/\/www.ecrivus.nl\/talen-2\/\" target=\"_blank\" rel=\"noopener noreferrer\"><em>Muttersprachler<\/em> \u00dcbersetzer<\/a> die sich darauf spezialisiert haben <a href=\"https:\/\/www.ecrivus-multimedia.nl\/go\/app-vertalen\/\" title=\"Eine App \u00fcbersetzen? \u2713 Android\u00ae \u2713 iOS\u00ae \u2713 Web \u2713 Jetzt online bestellen! \u2713 Festpreis\" class=\"pretty-link-keyword\"rel=\"\">App<\/a> \u00dcbersetzungen zu verschiedenen <a href=\"https:\/\/www.ecrivus.nl\/taaldiensten\/\" target=\"_blank\" rel=\"noopener noreferrer\">\u00dcbersetzungsprojekte<\/a> f\u00fcr (mobile) Anwendungen. Sie kennen den Fachjargon, sorgen daf\u00fcr, dass die Texte perfekt zu Ihrer Zielgruppe passen und arbeiten sehr pr\u00e4zise. Auch verbunden <a href=\"https:\/\/www.ecrivus.nl\/marketing-vertalingen\/\" target=\"_blank\" rel=\"noopener noreferrer\">Marketing-Websites<\/a> Wir k\u00f6nnen Online-Werbematerial m\u00fchelos \u00fcbersetzen. Am allerbesten? Mit einem guten <a href=\"https:\/\/www.ecrivus-multimedia.nl\/go\/app-vertalen\/\" title=\"Eine App \u00fcbersetzen? \u2713 Android\u00ae \u2713 iOS\u00ae \u2713 Web \u2713 Jetzt online bestellen! \u2713 Festpreis\" class=\"pretty-link-keyword\"rel=\"\">App<\/a>-\u00dcbersetzung, die Sie verwenden k\u00f6nnen <a href=\"https:\/\/www.ecrivus-multimedia.nl\/go\/app-vertalen\/\" title=\"Eine App \u00fcbersetzen? \u2713 Android\u00ae \u2713 iOS\u00ae \u2713 Web \u2713 Jetzt online bestellen! \u2713 Festpreis\" class=\"pretty-link-keyword\"rel=\"\">App<\/a> f\u00fcr die ganze Welt verf\u00fcgbar. Denk dar\u00fcber nach; einfach durch die \u00dcbersetzung <a href=\"https:\/\/www.ecrivus-multimedia.nl\/go\/app-vertalen\/\" title=\"Eine App \u00fcbersetzen? \u2713 Android\u00ae \u2713 iOS\u00ae \u2713 Web \u2713 Jetzt online bestellen! \u2713 Festpreis\" class=\"pretty-link-keyword\"rel=\"\">App<\/a> Auf Englisch erreichen Sie Nutzer in den USA, Gro\u00dfbritannien, Kanada, Australien und vielen anderen L\u00e4ndern. Und da wir mehr sind als... <a href=\"https:\/\/www.ecrivus.nl\/talen-2\/\" target=\"_blank\" rel=\"noopener noreferrer\">\u00dcber 225 Sprachen<\/a> Angebot, die M\u00f6glichkeiten sind endlos. Noch nie war es professionell <a href=\"https:\/\/www.ecrivus-multimedia.nl\/go\/app-vertalen\/\" title=\"Eine App \u00fcbersetzen? \u2713 Android\u00ae \u2713 iOS\u00ae \u2713 Web \u2713 Jetzt online bestellen! \u2713 Festpreis\" class=\"pretty-link-keyword\"rel=\"\">App \u00fcbersetzen<\/a> so einfach und transparent!<\/p>\n<p style=\"text-align: center;\"><a href=\"https:\/\/www.ecrivus-multimedia.nl\/de\/app-ubersetzungspakete\/\" class=\"su-button su-button-style-default\" style=\"color:#FFFFFF;background-color:#2D89EF;border-color:#246ec0;border-radius:7px\" target=\"_blank\" rel=\"noopener noreferrer\"><span style=\"color:#FFFFFF;padding:7px 20px;font-size:16px;line-height:24px;border-color:#6cadf4;border-radius:7px;text-shadow:none\"><i class=\"sui sui-arrow-right\" style=\"font-size:16px;color:#FFFFFF\"><\/i> Sehen Sie sich hier unsere App-\u00dcbersetzungspakete an.<\/span><\/a>\n<p>M\u00f6chten Sie, dass Ihr <a href=\"https:\/\/www.ecrivus-multimedia.nl\/go\/app-vertalen\/\" title=\"Eine App \u00fcbersetzen? \u2713 Android\u00ae \u2713 iOS\u00ae \u2713 Web \u2713 Jetzt online bestellen! \u2713 Festpreis\" class=\"pretty-link-keyword\"rel=\"\">App<\/a> Sie haben \u00fcbersetzt, wissen aber noch nicht, mit welchen Sprachen Sie die meisten Menschen erreichen k\u00f6nnen? Dann lesen Sie es <a href=\"https:\/\/nl.wikipedia.org\/wiki\/Lijst_van_talen_naar_moedertaalsprekers\" target=\"_blank\" rel=\"noopener noreferrer\">dieser Wikipedia-Artikel<\/a>. Diese Seite zeigt die Anzahl der Muttersprachler pro Sprache.<\/p>\n<p><strong>Weitere Informationen <a href=\"https:\/\/www.ecrivus-multimedia.nl\/go\/app-vertalen\/\" title=\"Eine App \u00fcbersetzen? \u2713 Android\u00ae \u2713 iOS\u00ae \u2713 Web \u2713 Jetzt online bestellen! \u2713 Festpreis\" class=\"pretty-link-keyword\"rel=\"\">App \u00fcbersetzen<\/a>:<\/strong><\/p>\n<ul>\n<li>Nachdem wir Ihre Bestellung erhalten haben, analysieren wir die Gesamtwortzahl der gelieferten Dateien. Wenn die Gesamtzahl der W\u00f6rter in das gew\u00e4hlte \u00dcbersetzungspaket f\u00e4llt, legen wir sofort los. Sollten mehr oder weniger W\u00f6rter als im ausgew\u00e4hlten Paket enthalten sein, werden wir Sie zun\u00e4chst kontaktieren.<\/li>\n<li>Wenn wir Fragen zum Text oder bei der Projektvorbereitung oder bei der \u00dcbersetzung haben <a href=\"https:\/\/www.ecrivus-multimedia.nl\/go\/app-vertalen\/\" title=\"Eine App \u00fcbersetzen? \u2713 Android\u00ae \u2713 iOS\u00ae \u2713 Web \u2713 Jetzt online bestellen! \u2713 Festpreis\" class=\"pretty-link-keyword\"rel=\"\">App<\/a>, wir werden Sie zeitnah informieren.<\/li>\n<li>Zijn er bijzonderheden met betrekking tot variabele inhoud, dynamische content of tags? Of wilt u andere vertaalinstructies meegeven? Vermeld deze in het notities-gedeelte bij het afrekenen of stuur ons een e-mail: info@ecrivus-multimedia.nl of info@ecrivus.nl.<\/li>\n<li>Die genannten Paketpreise gelten pro Sprache und verstehen sich zuz\u00fcglich 21% Mehrwertsteuer. Willst du das? <a href=\"https:\/\/www.ecrivus-multimedia.nl\/go\/app-vertalen\/\" title=\"Eine App \u00fcbersetzen? \u2713 Android\u00ae \u2713 iOS\u00ae \u2713 Web \u2713 Jetzt online bestellen! \u2713 Festpreis\" class=\"pretty-link-keyword\"rel=\"\">App<\/a> wurde es in mehrere Sprachen \u00fcbersetzt? F\u00fcgen Sie dies dann separat zu Ihrer Bestellung hinzu.<\/li>\n<\/ul>","protected":false},"excerpt":{"rendered":"<p>Professionelle App-\u00dcbersetzung durch spezialisierte App-\u00dcbersetzer (Muttersprachler). Sie k\u00f6nnen die zu \u00fcbersetzenden App-Quelldateien auf der Checkout-Seite hinzuf\u00fcgen, nachdem Sie den Dienst in den Warenkorb gelegt haben.<\/p>","protected":false},"featured_media":132693,"comment_status":"open","ping_status":"closed","template":"","meta":{"_acf_changed":false,"_glsr_average":0,"_glsr_ranking":0,"_glsr_reviews":0,"_joinchat":[]},"product_brand":[],"product_cat":[15301],"product_tag":[],"class_list":{"0":"post-42156","1":"product","2":"type-product","3":"status-publish","4":"has-post-thumbnail","6":"product_cat-web-app-vertalingen","8":"first","9":"instock","10":"sold-individually","11":"taxable","12":"shipping-taxable","13":"purchasable","14":"product-type-variable"},"acf":[],"yoast_head":"<!-- This site is optimized with the Yoast SEO plugin v27.4 - https:\/\/yoast.com\/product\/yoast-seo-wordpress\/ -->\n<title>App vertalen? \u2713 Android\u00ae \u2713 iOs\u00ae \u2713 Web \u2713 Bestel nu online! \u2713 Vaste prijs<\/title>\n<meta name=\"description\" content=\"Uw app vertalen en lanceren in andere landen? Wij lokaliseren en vertalen alle apps. \u2713 Vaste prijs \u2713 Alle bestandsformaten \u2713 Online bestellen \u2713 225+ talen\" \/>\n<meta name=\"robots\" content=\"index, follow, max-snippet:-1, max-image-preview:large, max-video-preview:-1\" \/>\n<link rel=\"canonical\" href=\"https:\/\/www.ecrivus-multimedia.nl\/de\/produkt\/app-ubersetzen\/\" \/>\n<meta property=\"og:locale\" content=\"de_DE\" \/>\n<meta property=\"og:type\" content=\"article\" \/>\n<meta property=\"og:title\" content=\"App vertalen? \u2713 Android\u00ae \u2713 iOs\u00ae \u2713 Web \u2713 Bestel nu online! \u2713 Vaste prijs\" \/>\n<meta property=\"og:description\" content=\"Uw app vertalen en lanceren in andere landen? Wij lokaliseren en vertalen alle apps. \u2713 Vaste prijs \u2713 Alle bestandsformaten \u2713 Online bestellen \u2713 225+ talen\" \/>\n<meta property=\"og:url\" content=\"https:\/\/www.ecrivus-multimedia.nl\/de\/produkt\/app-ubersetzen\/\" \/>\n<meta property=\"og:site_name\" content=\"Ecrivus International Webshop\" \/>\n<meta property=\"article:publisher\" content=\"https:\/\/www.facebook.com\/Ecrivus-International-676624782512639\/\" \/>\n<meta property=\"article:modified_time\" content=\"2026-04-13T07:24:47+00:00\" \/>\n<meta property=\"og:image\" content=\"https:\/\/www.ecrivus-multimedia.nl\/wp-content\/uploads\/2019\/05\/laptop-digitale-apps-online-diensten.jpg\" \/>\n\t<meta property=\"og:image:width\" content=\"1000\" \/>\n\t<meta property=\"og:image:height\" content=\"658\" \/>\n\t<meta property=\"og:image:type\" content=\"image\/jpeg\" \/>\n<meta name=\"twitter:card\" content=\"summary_large_image\" \/>\n<meta name=\"twitter:site\" content=\"@ecrivusint\" \/>\n<meta name=\"twitter:label1\" content=\"Gesch\u00e4tzte Lesezeit\" \/>\n\t<meta name=\"twitter:data1\" content=\"2\u00a0Minuten\" \/>\n<script type=\"application\/ld+json\" class=\"yoast-schema-graph\">{\"@context\":\"https:\\\/\\\/schema.org\",\"@graph\":[{\"@type\":\"WebPage\",\"@id\":\"https:\\\/\\\/www.ecrivus-multimedia.nl\\\/product\\\/app-vertalen\\\/\",\"url\":\"https:\\\/\\\/www.ecrivus-multimedia.nl\\\/product\\\/app-vertalen\\\/\",\"name\":\"App vertalen? \u2713 Android\u00ae \u2713 iOs\u00ae \u2713 Web \u2713 Bestel nu online! \u2713 Vaste prijs\",\"isPartOf\":{\"@id\":\"https:\\\/\\\/www.ecrivus-multimedia.nl\\\/#website\"},\"primaryImageOfPage\":{\"@id\":\"https:\\\/\\\/www.ecrivus-multimedia.nl\\\/product\\\/app-vertalen\\\/#primaryimage\"},\"image\":{\"@id\":\"https:\\\/\\\/www.ecrivus-multimedia.nl\\\/product\\\/app-vertalen\\\/#primaryimage\"},\"thumbnailUrl\":\"https:\\\/\\\/www.ecrivus-multimedia.nl\\\/wp-content\\\/uploads\\\/2019\\\/05\\\/laptop-digitale-apps-online-diensten.jpg\",\"datePublished\":\"2019-05-24T12:23:22+00:00\",\"dateModified\":\"2026-04-13T07:24:47+00:00\",\"description\":\"Uw app vertalen en lanceren in andere landen? Wij lokaliseren en vertalen alle apps. \u2713 Vaste prijs \u2713 Alle bestandsformaten \u2713 Online bestellen \u2713 225+ talen\",\"breadcrumb\":{\"@id\":\"https:\\\/\\\/www.ecrivus-multimedia.nl\\\/product\\\/app-vertalen\\\/#breadcrumb\"},\"inLanguage\":\"de\",\"potentialAction\":[{\"@type\":\"ReadAction\",\"target\":[\"https:\\\/\\\/www.ecrivus-multimedia.nl\\\/product\\\/app-vertalen\\\/\"]}]},{\"@type\":\"ImageObject\",\"inLanguage\":\"de\",\"@id\":\"https:\\\/\\\/www.ecrivus-multimedia.nl\\\/product\\\/app-vertalen\\\/#primaryimage\",\"url\":\"https:\\\/\\\/www.ecrivus-multimedia.nl\\\/wp-content\\\/uploads\\\/2019\\\/05\\\/laptop-digitale-apps-online-diensten.jpg\",\"contentUrl\":\"https:\\\/\\\/www.ecrivus-multimedia.nl\\\/wp-content\\\/uploads\\\/2019\\\/05\\\/laptop-digitale-apps-online-diensten.jpg\",\"width\":1000,\"height\":658},{\"@type\":\"BreadcrumbList\",\"@id\":\"https:\\\/\\\/www.ecrivus-multimedia.nl\\\/product\\\/app-vertalen\\\/#breadcrumb\",\"itemListElement\":[{\"@type\":\"ListItem\",\"position\":1,\"name\":\"Home\",\"item\":\"https:\\\/\\\/www.ecrivus-multimedia.nl\\\/\"},{\"@type\":\"ListItem\",\"position\":2,\"name\":\"Shop\",\"item\":\"https:\\\/\\\/www.ecrivus-multimedia.nl\\\/shop\\\/\"},{\"@type\":\"ListItem\",\"position\":3,\"name\":\"Android\u00ae, iOs\u00ae of Web app vertalen\"}]},{\"@type\":\"WebSite\",\"@id\":\"https:\\\/\\\/www.ecrivus-multimedia.nl\\\/#website\",\"url\":\"https:\\\/\\\/www.ecrivus-multimedia.nl\\\/\",\"name\":\"Ecrivus International Webshop\",\"description\":\"Erkende webshop voor be\u00ebdigde vertalingen.\",\"publisher\":{\"@id\":\"https:\\\/\\\/www.ecrivus-multimedia.nl\\\/#organization\"},\"potentialAction\":[{\"@type\":\"SearchAction\",\"target\":{\"@type\":\"EntryPoint\",\"urlTemplate\":\"https:\\\/\\\/www.ecrivus-multimedia.nl\\\/?s={search_term_string}\"},\"query-input\":{\"@type\":\"PropertyValueSpecification\",\"valueRequired\":true,\"valueName\":\"search_term_string\"}}],\"inLanguage\":\"de\"},{\"@type\":\"Organization\",\"@id\":\"https:\\\/\\\/www.ecrivus-multimedia.nl\\\/#organization\",\"name\":\"Ecrivus International\",\"url\":\"https:\\\/\\\/www.ecrivus-multimedia.nl\\\/\",\"logo\":{\"@type\":\"ImageObject\",\"inLanguage\":\"de\",\"@id\":\"https:\\\/\\\/www.ecrivus-multimedia.nl\\\/#\\\/schema\\\/logo\\\/image\\\/\",\"url\":\"https:\\\/\\\/www.ecrivus-multimedia.nl\\\/wp-content\\\/uploads\\\/2022\\\/01\\\/cropped-small-Logo-Ecrivus-Vector-Transparent2.png\",\"contentUrl\":\"https:\\\/\\\/www.ecrivus-multimedia.nl\\\/wp-content\\\/uploads\\\/2022\\\/01\\\/cropped-small-Logo-Ecrivus-Vector-Transparent2.png\",\"width\":512,\"height\":512,\"caption\":\"Ecrivus International\"},\"image\":{\"@id\":\"https:\\\/\\\/www.ecrivus-multimedia.nl\\\/#\\\/schema\\\/logo\\\/image\\\/\"},\"sameAs\":[\"https:\\\/\\\/www.facebook.com\\\/Ecrivus-International-676624782512639\\\/\",\"https:\\\/\\\/x.com\\\/ecrivusint\"]}]}<\/script>\n<!-- \/ Yoast SEO plugin. -->","yoast_head_json":{"title":"App vertalen? \u2713 Android\u00ae \u2713 iOs\u00ae \u2713 Web \u2713 Bestel nu online! \u2713 Vaste prijs","description":"Uw app vertalen en lanceren in andere landen? Wij lokaliseren en vertalen alle apps. \u2713 Vaste prijs \u2713 Alle bestandsformaten \u2713 Online bestellen \u2713 225+ talen","robots":{"index":"index","follow":"follow","max-snippet":"max-snippet:-1","max-image-preview":"max-image-preview:large","max-video-preview":"max-video-preview:-1"},"canonical":"https:\/\/www.ecrivus-multimedia.nl\/de\/produkt\/app-ubersetzen\/","og_locale":"de_DE","og_type":"article","og_title":"App vertalen? \u2713 Android\u00ae \u2713 iOs\u00ae \u2713 Web \u2713 Bestel nu online! \u2713 Vaste prijs","og_description":"Uw app vertalen en lanceren in andere landen? Wij lokaliseren en vertalen alle apps. \u2713 Vaste prijs \u2713 Alle bestandsformaten \u2713 Online bestellen \u2713 225+ talen","og_url":"https:\/\/www.ecrivus-multimedia.nl\/de\/produkt\/app-ubersetzen\/","og_site_name":"Ecrivus International Webshop","article_publisher":"https:\/\/www.facebook.com\/Ecrivus-International-676624782512639\/","article_modified_time":"2026-04-13T07:24:47+00:00","og_image":[{"width":1000,"height":658,"url":"https:\/\/www.ecrivus-multimedia.nl\/wp-content\/uploads\/2019\/05\/laptop-digitale-apps-online-diensten.jpg","type":"image\/jpeg"}],"twitter_card":"summary_large_image","twitter_site":"@ecrivusint","twitter_misc":{"Gesch\u00e4tzte Lesezeit":"2\u00a0Minuten"},"schema":{"@context":"https:\/\/schema.org","@graph":[{"@type":"WebPage","@id":"https:\/\/www.ecrivus-multimedia.nl\/product\/app-vertalen\/","url":"https:\/\/www.ecrivus-multimedia.nl\/product\/app-vertalen\/","name":"App vertalen? \u2713 Android\u00ae \u2713 iOs\u00ae \u2713 Web \u2713 Bestel nu online! \u2713 Vaste prijs","isPartOf":{"@id":"https:\/\/www.ecrivus-multimedia.nl\/#website"},"primaryImageOfPage":{"@id":"https:\/\/www.ecrivus-multimedia.nl\/product\/app-vertalen\/#primaryimage"},"image":{"@id":"https:\/\/www.ecrivus-multimedia.nl\/product\/app-vertalen\/#primaryimage"},"thumbnailUrl":"https:\/\/www.ecrivus-multimedia.nl\/wp-content\/uploads\/2019\/05\/laptop-digitale-apps-online-diensten.jpg","datePublished":"2019-05-24T12:23:22+00:00","dateModified":"2026-04-13T07:24:47+00:00","description":"Uw app vertalen en lanceren in andere landen? Wij lokaliseren en vertalen alle apps. \u2713 Vaste prijs \u2713 Alle bestandsformaten \u2713 Online bestellen \u2713 225+ talen","breadcrumb":{"@id":"https:\/\/www.ecrivus-multimedia.nl\/product\/app-vertalen\/#breadcrumb"},"inLanguage":"de","potentialAction":[{"@type":"ReadAction","target":["https:\/\/www.ecrivus-multimedia.nl\/product\/app-vertalen\/"]}]},{"@type":"ImageObject","inLanguage":"de","@id":"https:\/\/www.ecrivus-multimedia.nl\/product\/app-vertalen\/#primaryimage","url":"https:\/\/www.ecrivus-multimedia.nl\/wp-content\/uploads\/2019\/05\/laptop-digitale-apps-online-diensten.jpg","contentUrl":"https:\/\/www.ecrivus-multimedia.nl\/wp-content\/uploads\/2019\/05\/laptop-digitale-apps-online-diensten.jpg","width":1000,"height":658},{"@type":"BreadcrumbList","@id":"https:\/\/www.ecrivus-multimedia.nl\/product\/app-vertalen\/#breadcrumb","itemListElement":[{"@type":"ListItem","position":1,"name":"Home","item":"https:\/\/www.ecrivus-multimedia.nl\/"},{"@type":"ListItem","position":2,"name":"Shop","item":"https:\/\/www.ecrivus-multimedia.nl\/shop\/"},{"@type":"ListItem","position":3,"name":"Android\u00ae, iOs\u00ae of Web app vertalen"}]},{"@type":"WebSite","@id":"https:\/\/www.ecrivus-multimedia.nl\/#website","url":"https:\/\/www.ecrivus-multimedia.nl\/","name":"Ecrivus International Webshop","description":"Erkende webshop voor be\u00ebdigde vertalingen.","publisher":{"@id":"https:\/\/www.ecrivus-multimedia.nl\/#organization"},"potentialAction":[{"@type":"SearchAction","target":{"@type":"EntryPoint","urlTemplate":"https:\/\/www.ecrivus-multimedia.nl\/?s={search_term_string}"},"query-input":{"@type":"PropertyValueSpecification","valueRequired":true,"valueName":"search_term_string"}}],"inLanguage":"de"},{"@type":"Organization","@id":"https:\/\/www.ecrivus-multimedia.nl\/#organization","name":"Ecrivus International","url":"https:\/\/www.ecrivus-multimedia.nl\/","logo":{"@type":"ImageObject","inLanguage":"de","@id":"https:\/\/www.ecrivus-multimedia.nl\/#\/schema\/logo\/image\/","url":"https:\/\/www.ecrivus-multimedia.nl\/wp-content\/uploads\/2022\/01\/cropped-small-Logo-Ecrivus-Vector-Transparent2.png","contentUrl":"https:\/\/www.ecrivus-multimedia.nl\/wp-content\/uploads\/2022\/01\/cropped-small-Logo-Ecrivus-Vector-Transparent2.png","width":512,"height":512,"caption":"Ecrivus International"},"image":{"@id":"https:\/\/www.ecrivus-multimedia.nl\/#\/schema\/logo\/image\/"},"sameAs":["https:\/\/www.facebook.com\/Ecrivus-International-676624782512639\/","https:\/\/x.com\/ecrivusint"]}]}},"_links":{"self":[{"href":"https:\/\/www.ecrivus-multimedia.nl\/de\/wp-json\/wp\/v2\/product\/42156","targetHints":{"allow":["GET"]}}],"collection":[{"href":"https:\/\/www.ecrivus-multimedia.nl\/de\/wp-json\/wp\/v2\/product"}],"about":[{"href":"https:\/\/www.ecrivus-multimedia.nl\/de\/wp-json\/wp\/v2\/types\/product"}],"replies":[{"embeddable":true,"href":"https:\/\/www.ecrivus-multimedia.nl\/de\/wp-json\/wp\/v2\/comments?post=42156"}],"wp:featuredmedia":[{"embeddable":true,"href":"https:\/\/www.ecrivus-multimedia.nl\/de\/wp-json\/wp\/v2\/media\/132693"}],"wp:attachment":[{"href":"https:\/\/www.ecrivus-multimedia.nl\/de\/wp-json\/wp\/v2\/media?parent=42156"}],"wp:term":[{"taxonomy":"product_brand","embeddable":true,"href":"https:\/\/www.ecrivus-multimedia.nl\/de\/wp-json\/wp\/v2\/product_brand?post=42156"},{"taxonomy":"product_cat","embeddable":true,"href":"https:\/\/www.ecrivus-multimedia.nl\/de\/wp-json\/wp\/v2\/product_cat?post=42156"},{"taxonomy":"product_tag","embeddable":true,"href":"https:\/\/www.ecrivus-multimedia.nl\/de\/wp-json\/wp\/v2\/product_tag?post=42156"}],"curies":[{"name":"wp","href":"https:\/\/api.w.org\/{rel}","templated":true}]}}