{"id":42545,"date":"2019-05-28T12:43:07","date_gmt":"2019-05-28T10:43:07","guid":{"rendered":"https:\/\/www.ecrivus-multimedia.nl\/?post_type=product&#038;p=42545"},"modified":"2026-04-13T09:24:21","modified_gmt":"2026-04-13T07:24:21","slug":"shopping-marktplaats-app-kopen","status":"publish","type":"product","link":"https:\/\/www.ecrivus-multimedia.nl\/de\/produkt\/shopping-marktplatz-app-kaufen\/","title":{"rendered":"Shopping\/Marktplatz App kaufen"},"content":{"rendered":"<h4>Lassen Sie Ihre eigene Marktplatz-App kosteng\u00fcnstig entwickeln?<\/h4>\n<p>Dieser Marktplatz\/Einkauf <a href=\"https:\/\/www.ecrivus-multimedia.nl\/go\/app-vertalen\/\" title=\"Eine App \u00fcbersetzen? \u2713 Android\u00ae \u2713 iOS\u00ae \u2713 Web \u2713 Jetzt online bestellen! \u2713 Festpreis\" class=\"pretty-link-keyword\"rel=\"\">App<\/a> bietet hervorragende M\u00f6glichkeiten zur Generierung einer zus\u00e4tzlichen Einnahmequelle. Kaufen Sie Ihren eigenen Marktplatz \u2013<a href=\"https:\/\/www.ecrivus-multimedia.nl\/go\/app-vertalen\/\" title=\"Eine App \u00fcbersetzen? \u2713 Android\u00ae \u2713 iOS\u00ae \u2713 Web \u2713 Jetzt online bestellen! \u2713 Festpreis\" class=\"pretty-link-keyword\"rel=\"\">App<\/a> Hier k\u00f6nnen Benutzer ihre eigenen Produkte verkaufen und von anderen Benutzern kaufen. \u00dcber die integrierte Chat-Funktion ist es unter anderem m\u00f6glich, auf Anzeigen anderer Verk\u00e4ufer zu reagieren, nach Stichworten oder Standorten zu suchen.<\/p>\n<p style=\"text-align: center;\"><a href=\"https:\/\/www.ecrivus-multimedia.nl\/de\/app-restyling-pakete\/\" class=\"su-button su-button-style-default\" style=\"color:#FFFFFF;background-color:#2D89EF;border-color:#246ec0;border-radius:7px\" target=\"_blank\" rel=\"noopener noreferrer\"><span style=\"color:#FFFFFF;padding:7px 20px;font-size:16px;line-height:24px;border-color:#6cadf4;border-radius:7px;text-shadow:none\"><i class=\"sui sui-arrow-right\" style=\"font-size:16px;color:#FFFFFF\"><\/i> Sehen Sie sich hier unsere App-Styling-Pakete an und vergleichen Sie sie.<\/span><\/a>\n<h4>Sie m\u00f6chten Ihre eigene App im Google Play Store\u00ae, Apple App Store\u00ae oder im Internet ver\u00f6ffentlichen?<\/h4>\n<p>Ab sofort k\u00f6nnen Sie es sehr g\u00fcnstig selbst herstellen <a href=\"https:\/\/www.ecrivus-multimedia.nl\/go\/app-vertalen\/\" title=\"Eine App \u00fcbersetzen? \u2713 Android\u00ae \u2713 iOS\u00ae \u2713 Web \u2713 Jetzt online bestellen! \u2713 Festpreis\" class=\"pretty-link-keyword\"rel=\"\">App<\/a> Lassen Sie es erstellen und im Google Play Store von Apple ver\u00f6ffentlichen <a href=\"https:\/\/www.ecrivus-multimedia.nl\/go\/app-vertalen\/\" title=\"Eine App \u00fcbersetzen? \u2713 Android\u00ae \u2713 iOS\u00ae \u2713 Web \u2713 Jetzt online bestellen! \u2713 Festpreis\" class=\"pretty-link-keyword\"rel=\"\">App<\/a> Store und im Web.<\/p>\n<h4>Vorgefertigte Apps (neu gestalten) vs. benutzerdefinierte App (benutzerdefiniert)<\/h4>\n<p><strong>Fertige Apps (Ihre eigenen) g\u00fcnstig und schnell <a href=\"https:\/\/www.ecrivus-multimedia.nl\/go\/app-vertalen\/\" title=\"Eine App \u00fcbersetzen? \u2713 Android\u00ae \u2713 iOS\u00ae \u2713 Web \u2713 Jetzt online bestellen! \u2713 Festpreis\" class=\"pretty-link-keyword\"rel=\"\">App<\/a> ver\u00f6ffentlichen)<\/strong><\/p>\n<div class=\"su-quote su-quote-style-default su-quote-has-cite\"><div class=\"su-quote-inner su-u-clearfix su-u-trim\">Da wir bei unserem sind <a href=\"https:\/\/www.ecrivus-multimedia.nl\/go\/app-vertalen\/\" title=\"Eine App \u00fcbersetzen? \u2713 Android\u00ae \u2713 iOS\u00ae \u2713 Web \u2713 Jetzt online bestellen! \u2713 Festpreis\" class=\"pretty-link-keyword\"rel=\"\">App<\/a> Entwickler haben diese Apps bereits entwickelt, sodass wir keine Kosten f\u00fcr die Neuprogrammierung, Codierung und Gestaltung berechnen m\u00fcssen <a href=\"https:\/\/www.ecrivus-multimedia.nl\/go\/app-vertalen\/\" title=\"Eine App \u00fcbersetzen? \u2713 Android\u00ae \u2713 iOS\u00ae \u2713 Web \u2713 Jetzt online bestellen! \u2713 Festpreis\" class=\"pretty-link-keyword\"rel=\"\">App<\/a>. Dadurch sparen Sie schnell Tausende von Euro.<span class=\"su-quote-cite\">Ecrivus Multimedia<\/span><\/div><\/div>\n<p>Vor allem f\u00fcr Kunden, die schnell und g\u00fcnstig ein eigenes haben m\u00f6chten <a href=\"https:\/\/www.ecrivus-multimedia.nl\/go\/app-vertalen\/\" title=\"Eine App \u00fcbersetzen? \u2713 Android\u00ae \u2713 iOS\u00ae \u2713 Web \u2713 Jetzt online bestellen! \u2713 Festpreis\" class=\"pretty-link-keyword\"rel=\"\">App<\/a> starten m\u00f6chten, bieten wir eine Neugestaltung zahlreicher vorgefertigter Apps in verschiedenen Kategorien an, darunter Marktplatz-Apps (Kauf und Verkauf), Buchungs- und Reservierungs-Apps, Koch- und Di\u00e4t-Apps, Spiele, Tools, Audio und Video (Bearbeitung und Rendering), und vieles mehr. Sie fragen sich, warum wir Apps so g\u00fcnstig anbieten k\u00f6nnen? Da wir bei unserem sind <a href=\"https:\/\/www.ecrivus-multimedia.nl\/go\/app-vertalen\/\" title=\"Eine App \u00fcbersetzen? \u2713 Android\u00ae \u2713 iOS\u00ae \u2713 Web \u2713 Jetzt online bestellen! \u2713 Festpreis\" class=\"pretty-link-keyword\"rel=\"\">App<\/a> Entwickler haben diese Apps bereits entwickelt, wir m\u00fcssen es also nicht tun <span style=\"text-decoration: underline;\">keine Geb\u00fchren<\/span> Geb\u00fchr f\u00fcr die Neuprogrammierung, Codierung und Gestaltung der <a href=\"https:\/\/www.ecrivus-multimedia.nl\/go\/app-vertalen\/\" title=\"Eine App \u00fcbersetzen? \u2713 Android\u00ae \u2713 iOS\u00ae \u2713 Web \u2713 Jetzt online bestellen! \u2713 Festpreis\" class=\"pretty-link-keyword\"rel=\"\">App<\/a>. Dadurch sparen Sie schnell Tausende von Euro. Die fertigen Apps, die wir in unserem Webshop verkaufen, sind zuverl\u00e4ssige, gut funktionierende Apps, die von professionellen Programmierern erstellt und getestet wurden <a href=\"https:\/\/www.ecrivus-multimedia.nl\/go\/app-vertalen\/\" title=\"Eine App \u00fcbersetzen? \u2713 Android\u00ae \u2713 iOS\u00ae \u2713 Web \u2713 Jetzt online bestellen! \u2713 Festpreis\" class=\"pretty-link-keyword\"rel=\"\">App<\/a>Entwickler.<\/p>\n<p><strong>Die Anpassung <a href=\"https:\/\/www.ecrivus-multimedia.nl\/go\/app-vertalen\/\" title=\"Eine App \u00fcbersetzen? \u2713 Android\u00ae \u2713 iOS\u00ae \u2713 Web \u2713 Jetzt online bestellen! \u2713 Festpreis\" class=\"pretty-link-keyword\"rel=\"\">App<\/a> (Brauch)<br \/>\n<\/strong><\/p>\n<p>Bei der Entwicklung von Apps <em>von Grund auf<\/em> die in puncto Design und Funktionalit\u00e4t den eigenen W\u00fcnschen entsprechen, erfordern viel Individualisierung. Aus diesem Grund k\u00f6nnen die Kosten f\u00fcr die Erstellung benutzerdefinierter Apps hoch sein. Derartige Apps werden h\u00e4ufig speziell f\u00fcr bestimmte Unternehmen entwickelt <a href=\"https:\/\/www.ecrivus-multimedia.nl\/go\/app-vertalen\/\" title=\"Eine App \u00fcbersetzen? \u2713 Android\u00ae \u2713 iOS\u00ae \u2713 Web \u2713 Jetzt online bestellen! \u2713 Festpreis\" class=\"pretty-link-keyword\"rel=\"\">App<\/a>aber auch f\u00fcr staatliche Institutionen und Beh\u00f6rden wie Banken, Versicherungen und Krankenkassen. Ecrivus Multimedia, Teil von Ecrivus International, ist ein anerkannter Entwicklungspartner f\u00fcr (mobile) Anwendungen. Interesse an einer individuellen L\u00f6sung <a href=\"https:\/\/www.ecrivus-multimedia.nl\/go\/app-vertalen\/\" title=\"Eine App \u00fcbersetzen? \u2713 Android\u00ae \u2713 iOS\u00ae \u2713 Web \u2713 Jetzt online bestellen! \u2713 Festpreis\" class=\"pretty-link-keyword\"rel=\"\">App<\/a>? Bitte kontaktieren Sie uns f\u00fcr ein kostenloses Angebot.<\/p>\n<h4>G\u00fcnstige App-Erstellung<\/h4>\n<p>G\u00fcnstig a <a href=\"https:\/\/nl.wikipedia.org\/wiki\/Mobiele_app\" target=\"_blank\" rel=\"noopener noreferrer\">App-Entwicklung<\/a> zu geringen Kosten? Und beginnen Sie gleich damit, selbst online Geld zu verdienen <a href=\"https:\/\/www.ecrivus-multimedia.nl\/go\/app-vertalen\/\" title=\"Eine App \u00fcbersetzen? \u2713 Android\u00ae \u2713 iOS\u00ae \u2713 Web \u2713 Jetzt online bestellen! \u2713 Festpreis\" class=\"pretty-link-keyword\"rel=\"\">App<\/a>? Dann eine Investition in ein Fertigmodell <a href=\"https:\/\/www.ecrivus-multimedia.nl\/go\/app-vertalen\/\" title=\"Eine App \u00fcbersetzen? \u2713 Android\u00ae \u2713 iOS\u00ae \u2713 Web \u2713 Jetzt online bestellen! \u2713 Festpreis\" class=\"pretty-link-keyword\"rel=\"\">App<\/a> (Neugestaltung) die beste Wahl.<\/p>\n<p><strong>Vorteile:<\/strong><\/p>\n<ul>\n<li>Geringe Kosten<\/li>\n<li>All-in-One-Preis<\/li>\n<li>Keine Programmierkenntnisse erforderlich<\/li>\n<li>Keine teuren Entwicklungskosten<\/li>\n<li>Keine teuren Designkosten<\/li>\n<li>Unterst\u00fctzung f\u00fcr den Start im Google Play Store, Apple <a href=\"https:\/\/www.ecrivus-multimedia.nl\/go\/app-vertalen\/\" title=\"Eine App \u00fcbersetzen? \u2713 Android\u00ae \u2713 iOS\u00ae \u2713 Web \u2713 Jetzt online bestellen! \u2713 Festpreis\" class=\"pretty-link-keyword\"rel=\"\">App<\/a> Store oder im Internet<\/li>\n<li>Eigenes Logo\/Branding<\/li>\n<\/ul>\n<p>Diese einzigartige Formel erleichtert Ihnen die Verwaltung <a href=\"https:\/\/www.ecrivus-multimedia.nl\/go\/app-vertalen\/\" title=\"Eine App \u00fcbersetzen? \u2713 Android\u00ae \u2713 iOS\u00ae \u2713 Web \u2713 Jetzt online bestellen! \u2713 Festpreis\" class=\"pretty-link-keyword\"rel=\"\">App<\/a> F\u00fcr jeden zug\u00e4nglich.<\/p>\n<p><strong>Interessiert oder Fragen?<\/strong><\/p>\n<p>Heute nehmen <a href=\"https:\/\/www.ecrivus-multimedia.nl\/de\/kontakt\/\">Kontakt<\/a> met ons op! Wij zijn bereikbaar via <a href=\"https:\/\/www.ecrivus-multimedia.nl\/go\/chat\/\" title=\"go\/chat\" class=\"pretty-link-keyword\"rel=\"\">Live Chat<\/a>, telefoon en e-mail. Direct aan de slag? Bestel uw <a href=\"https:\/\/www.ecrivus-multimedia.nl\/go\/app-vertalen\/\" title=\"Eine App \u00fcbersetzen? \u2713 Android\u00ae \u2713 iOS\u00ae \u2713 Web \u2713 Jetzt online bestellen! \u2713 Festpreis\" class=\"pretty-link-keyword\"rel=\"\">App<\/a> dann \u00fcber unseren Webshop \u2013 Ihre Lieferung erfolgt innerhalb von 7 bis 10 Werktagen <a href=\"https:\/\/www.ecrivus-multimedia.nl\/go\/app-vertalen\/\" title=\"Eine App \u00fcbersetzen? \u2713 Android\u00ae \u2713 iOS\u00ae \u2713 Web \u2713 Jetzt online bestellen! \u2713 Festpreis\" class=\"pretty-link-keyword\"rel=\"\">App<\/a> bereit zum Start!<\/p>\n<p>&nbsp;<\/p>\n<p>&nbsp;<\/p>\n<p>&nbsp;<\/p>","protected":false},"excerpt":{"rendered":"<p>Entwicklung einer Shopping\/Marktplatz-App? Bestellen Sie Ihre neue Marktplatz-App noch heute. Mit Ihrer eigenen App Geld zu verdienen war noch nie so einfach. Ihre eigene App, vollst\u00e4ndig nach Ihren W\u00fcnschen umgestaltet.<\/p>","protected":false},"featured_media":132692,"comment_status":"open","ping_status":"closed","template":"","meta":{"_acf_changed":false,"_glsr_average":0,"_glsr_ranking":0,"_glsr_reviews":0,"_joinchat":[]},"product_brand":[],"product_cat":[15288],"product_tag":[],"class_list":{"0":"post-42545","1":"product","2":"type-product","3":"status-publish","4":"has-post-thumbnail","6":"product_cat-web-app-ontwikkeling","8":"first","9":"instock","10":"sold-individually","11":"taxable","12":"shipping-taxable","13":"purchasable","14":"product-type-variable"},"acf":[],"yoast_head":"<!-- This site is optimized with the Yoast SEO plugin v27.4 - https:\/\/yoast.com\/product\/yoast-seo-wordpress\/ -->\n<title>Online geld verdienen? Eigen marktplaats app kopen? \u2713 Vaste prijs: \u20ac499<\/title>\n<meta name=\"description\" content=\"Goedkoop uw eigen marktplaats-app kopen en ontwikkelen? Kant-en-klare apps tegen vaste lage prijzen \u2713 \u20ac499,- \u2713 Uw eigen app online in 1 week \u2713 Eigen logo\" \/>\n<meta name=\"robots\" content=\"index, follow, max-snippet:-1, max-image-preview:large, max-video-preview:-1\" \/>\n<link rel=\"canonical\" href=\"https:\/\/www.ecrivus-multimedia.nl\/de\/produkt\/shopping-marktplatz-app-kaufen\/\" \/>\n<meta property=\"og:locale\" content=\"de_DE\" \/>\n<meta property=\"og:type\" content=\"article\" \/>\n<meta property=\"og:title\" content=\"Online geld verdienen? Eigen marktplaats app kopen? \u2713 Vaste prijs: \u20ac499\" \/>\n<meta property=\"og:description\" content=\"Goedkoop uw eigen marktplaats-app kopen en ontwikkelen? Kant-en-klare apps tegen vaste lage prijzen \u2713 \u20ac499,- \u2713 Uw eigen app online in 1 week \u2713 Eigen logo\" \/>\n<meta property=\"og:url\" content=\"https:\/\/www.ecrivus-multimedia.nl\/de\/produkt\/shopping-marktplatz-app-kaufen\/\" \/>\n<meta property=\"og:site_name\" content=\"Ecrivus International Webshop\" \/>\n<meta property=\"article:publisher\" content=\"https:\/\/www.facebook.com\/Ecrivus-International-676624782512639\/\" \/>\n<meta property=\"article:modified_time\" content=\"2026-04-13T07:24:21+00:00\" \/>\n<meta property=\"og:image\" content=\"https:\/\/www.ecrivus-multimedia.nl\/wp-content\/uploads\/2019\/05\/2150169853.webp\" \/>\n\t<meta property=\"og:image:width\" content=\"1000\" \/>\n\t<meta property=\"og:image:height\" content=\"665\" \/>\n\t<meta property=\"og:image:type\" content=\"image\/webp\" \/>\n<meta name=\"twitter:card\" content=\"summary_large_image\" \/>\n<meta name=\"twitter:site\" content=\"@ecrivusint\" \/>\n<meta name=\"twitter:label1\" content=\"Gesch\u00e4tzte Lesezeit\" \/>\n\t<meta name=\"twitter:data1\" content=\"3\u00a0Minuten\" \/>\n<script type=\"application\/ld+json\" class=\"yoast-schema-graph\">{\"@context\":\"https:\\\/\\\/schema.org\",\"@graph\":[{\"@type\":\"WebPage\",\"@id\":\"https:\\\/\\\/www.ecrivus-multimedia.nl\\\/product\\\/shopping-marktplaats-app-kopen\\\/\",\"url\":\"https:\\\/\\\/www.ecrivus-multimedia.nl\\\/product\\\/shopping-marktplaats-app-kopen\\\/\",\"name\":\"Online geld verdienen? Eigen marktplaats app kopen? \u2713 Vaste prijs: \u20ac499\",\"isPartOf\":{\"@id\":\"https:\\\/\\\/www.ecrivus-multimedia.nl\\\/#website\"},\"primaryImageOfPage\":{\"@id\":\"https:\\\/\\\/www.ecrivus-multimedia.nl\\\/product\\\/shopping-marktplaats-app-kopen\\\/#primaryimage\"},\"image\":{\"@id\":\"https:\\\/\\\/www.ecrivus-multimedia.nl\\\/product\\\/shopping-marktplaats-app-kopen\\\/#primaryimage\"},\"thumbnailUrl\":\"https:\\\/\\\/www.ecrivus-multimedia.nl\\\/wp-content\\\/uploads\\\/2019\\\/05\\\/2150169853.webp\",\"datePublished\":\"2019-05-28T10:43:07+00:00\",\"dateModified\":\"2026-04-13T07:24:21+00:00\",\"description\":\"Goedkoop uw eigen marktplaats-app kopen en ontwikkelen? Kant-en-klare apps tegen vaste lage prijzen \u2713 \u20ac499,- \u2713 Uw eigen app online in 1 week \u2713 Eigen logo\",\"breadcrumb\":{\"@id\":\"https:\\\/\\\/www.ecrivus-multimedia.nl\\\/product\\\/shopping-marktplaats-app-kopen\\\/#breadcrumb\"},\"inLanguage\":\"de\",\"potentialAction\":[{\"@type\":\"ReadAction\",\"target\":[\"https:\\\/\\\/www.ecrivus-multimedia.nl\\\/product\\\/shopping-marktplaats-app-kopen\\\/\"]}]},{\"@type\":\"ImageObject\",\"inLanguage\":\"de\",\"@id\":\"https:\\\/\\\/www.ecrivus-multimedia.nl\\\/product\\\/shopping-marktplaats-app-kopen\\\/#primaryimage\",\"url\":\"https:\\\/\\\/www.ecrivus-multimedia.nl\\\/wp-content\\\/uploads\\\/2019\\\/05\\\/2150169853.webp\",\"contentUrl\":\"https:\\\/\\\/www.ecrivus-multimedia.nl\\\/wp-content\\\/uploads\\\/2019\\\/05\\\/2150169853.webp\",\"width\":1000,\"height\":665},{\"@type\":\"BreadcrumbList\",\"@id\":\"https:\\\/\\\/www.ecrivus-multimedia.nl\\\/product\\\/shopping-marktplaats-app-kopen\\\/#breadcrumb\",\"itemListElement\":[{\"@type\":\"ListItem\",\"position\":1,\"name\":\"Home\",\"item\":\"https:\\\/\\\/www.ecrivus-multimedia.nl\\\/\"},{\"@type\":\"ListItem\",\"position\":2,\"name\":\"Shop\",\"item\":\"https:\\\/\\\/www.ecrivus-multimedia.nl\\\/shop\\\/\"},{\"@type\":\"ListItem\",\"position\":3,\"name\":\"Shopping\\\/Marktplaats App kopen\"}]},{\"@type\":\"WebSite\",\"@id\":\"https:\\\/\\\/www.ecrivus-multimedia.nl\\\/#website\",\"url\":\"https:\\\/\\\/www.ecrivus-multimedia.nl\\\/\",\"name\":\"Ecrivus International Webshop\",\"description\":\"Erkende webshop voor be\u00ebdigde vertalingen.\",\"publisher\":{\"@id\":\"https:\\\/\\\/www.ecrivus-multimedia.nl\\\/#organization\"},\"potentialAction\":[{\"@type\":\"SearchAction\",\"target\":{\"@type\":\"EntryPoint\",\"urlTemplate\":\"https:\\\/\\\/www.ecrivus-multimedia.nl\\\/?s={search_term_string}\"},\"query-input\":{\"@type\":\"PropertyValueSpecification\",\"valueRequired\":true,\"valueName\":\"search_term_string\"}}],\"inLanguage\":\"de\"},{\"@type\":\"Organization\",\"@id\":\"https:\\\/\\\/www.ecrivus-multimedia.nl\\\/#organization\",\"name\":\"Ecrivus International\",\"url\":\"https:\\\/\\\/www.ecrivus-multimedia.nl\\\/\",\"logo\":{\"@type\":\"ImageObject\",\"inLanguage\":\"de\",\"@id\":\"https:\\\/\\\/www.ecrivus-multimedia.nl\\\/#\\\/schema\\\/logo\\\/image\\\/\",\"url\":\"https:\\\/\\\/www.ecrivus-multimedia.nl\\\/wp-content\\\/uploads\\\/2022\\\/01\\\/cropped-small-Logo-Ecrivus-Vector-Transparent2.png\",\"contentUrl\":\"https:\\\/\\\/www.ecrivus-multimedia.nl\\\/wp-content\\\/uploads\\\/2022\\\/01\\\/cropped-small-Logo-Ecrivus-Vector-Transparent2.png\",\"width\":512,\"height\":512,\"caption\":\"Ecrivus International\"},\"image\":{\"@id\":\"https:\\\/\\\/www.ecrivus-multimedia.nl\\\/#\\\/schema\\\/logo\\\/image\\\/\"},\"sameAs\":[\"https:\\\/\\\/www.facebook.com\\\/Ecrivus-International-676624782512639\\\/\",\"https:\\\/\\\/x.com\\\/ecrivusint\"]}]}<\/script>\n<!-- \/ Yoast SEO plugin. -->","yoast_head_json":{"title":"Online geld verdienen? Eigen marktplaats app kopen? \u2713 Vaste prijs: \u20ac499","description":"Goedkoop uw eigen marktplaats-app kopen en ontwikkelen? Kant-en-klare apps tegen vaste lage prijzen \u2713 \u20ac499,- \u2713 Uw eigen app online in 1 week \u2713 Eigen logo","robots":{"index":"index","follow":"follow","max-snippet":"max-snippet:-1","max-image-preview":"max-image-preview:large","max-video-preview":"max-video-preview:-1"},"canonical":"https:\/\/www.ecrivus-multimedia.nl\/de\/produkt\/shopping-marktplatz-app-kaufen\/","og_locale":"de_DE","og_type":"article","og_title":"Online geld verdienen? Eigen marktplaats app kopen? \u2713 Vaste prijs: \u20ac499","og_description":"Goedkoop uw eigen marktplaats-app kopen en ontwikkelen? Kant-en-klare apps tegen vaste lage prijzen \u2713 \u20ac499,- \u2713 Uw eigen app online in 1 week \u2713 Eigen logo","og_url":"https:\/\/www.ecrivus-multimedia.nl\/de\/produkt\/shopping-marktplatz-app-kaufen\/","og_site_name":"Ecrivus International Webshop","article_publisher":"https:\/\/www.facebook.com\/Ecrivus-International-676624782512639\/","article_modified_time":"2026-04-13T07:24:21+00:00","og_image":[{"width":1000,"height":665,"url":"https:\/\/www.ecrivus-multimedia.nl\/wp-content\/uploads\/2019\/05\/2150169853.webp","type":"image\/webp"}],"twitter_card":"summary_large_image","twitter_site":"@ecrivusint","twitter_misc":{"Gesch\u00e4tzte Lesezeit":"3\u00a0Minuten"},"schema":{"@context":"https:\/\/schema.org","@graph":[{"@type":"WebPage","@id":"https:\/\/www.ecrivus-multimedia.nl\/product\/shopping-marktplaats-app-kopen\/","url":"https:\/\/www.ecrivus-multimedia.nl\/product\/shopping-marktplaats-app-kopen\/","name":"Online geld verdienen? Eigen marktplaats app kopen? \u2713 Vaste prijs: \u20ac499","isPartOf":{"@id":"https:\/\/www.ecrivus-multimedia.nl\/#website"},"primaryImageOfPage":{"@id":"https:\/\/www.ecrivus-multimedia.nl\/product\/shopping-marktplaats-app-kopen\/#primaryimage"},"image":{"@id":"https:\/\/www.ecrivus-multimedia.nl\/product\/shopping-marktplaats-app-kopen\/#primaryimage"},"thumbnailUrl":"https:\/\/www.ecrivus-multimedia.nl\/wp-content\/uploads\/2019\/05\/2150169853.webp","datePublished":"2019-05-28T10:43:07+00:00","dateModified":"2026-04-13T07:24:21+00:00","description":"Goedkoop uw eigen marktplaats-app kopen en ontwikkelen? Kant-en-klare apps tegen vaste lage prijzen \u2713 \u20ac499,- \u2713 Uw eigen app online in 1 week \u2713 Eigen logo","breadcrumb":{"@id":"https:\/\/www.ecrivus-multimedia.nl\/product\/shopping-marktplaats-app-kopen\/#breadcrumb"},"inLanguage":"de","potentialAction":[{"@type":"ReadAction","target":["https:\/\/www.ecrivus-multimedia.nl\/product\/shopping-marktplaats-app-kopen\/"]}]},{"@type":"ImageObject","inLanguage":"de","@id":"https:\/\/www.ecrivus-multimedia.nl\/product\/shopping-marktplaats-app-kopen\/#primaryimage","url":"https:\/\/www.ecrivus-multimedia.nl\/wp-content\/uploads\/2019\/05\/2150169853.webp","contentUrl":"https:\/\/www.ecrivus-multimedia.nl\/wp-content\/uploads\/2019\/05\/2150169853.webp","width":1000,"height":665},{"@type":"BreadcrumbList","@id":"https:\/\/www.ecrivus-multimedia.nl\/product\/shopping-marktplaats-app-kopen\/#breadcrumb","itemListElement":[{"@type":"ListItem","position":1,"name":"Home","item":"https:\/\/www.ecrivus-multimedia.nl\/"},{"@type":"ListItem","position":2,"name":"Shop","item":"https:\/\/www.ecrivus-multimedia.nl\/shop\/"},{"@type":"ListItem","position":3,"name":"Shopping\/Marktplaats App kopen"}]},{"@type":"WebSite","@id":"https:\/\/www.ecrivus-multimedia.nl\/#website","url":"https:\/\/www.ecrivus-multimedia.nl\/","name":"Ecrivus International Webshop","description":"Erkende webshop voor be\u00ebdigde vertalingen.","publisher":{"@id":"https:\/\/www.ecrivus-multimedia.nl\/#organization"},"potentialAction":[{"@type":"SearchAction","target":{"@type":"EntryPoint","urlTemplate":"https:\/\/www.ecrivus-multimedia.nl\/?s={search_term_string}"},"query-input":{"@type":"PropertyValueSpecification","valueRequired":true,"valueName":"search_term_string"}}],"inLanguage":"de"},{"@type":"Organization","@id":"https:\/\/www.ecrivus-multimedia.nl\/#organization","name":"Ecrivus International","url":"https:\/\/www.ecrivus-multimedia.nl\/","logo":{"@type":"ImageObject","inLanguage":"de","@id":"https:\/\/www.ecrivus-multimedia.nl\/#\/schema\/logo\/image\/","url":"https:\/\/www.ecrivus-multimedia.nl\/wp-content\/uploads\/2022\/01\/cropped-small-Logo-Ecrivus-Vector-Transparent2.png","contentUrl":"https:\/\/www.ecrivus-multimedia.nl\/wp-content\/uploads\/2022\/01\/cropped-small-Logo-Ecrivus-Vector-Transparent2.png","width":512,"height":512,"caption":"Ecrivus International"},"image":{"@id":"https:\/\/www.ecrivus-multimedia.nl\/#\/schema\/logo\/image\/"},"sameAs":["https:\/\/www.facebook.com\/Ecrivus-International-676624782512639\/","https:\/\/x.com\/ecrivusint"]}]}},"_links":{"self":[{"href":"https:\/\/www.ecrivus-multimedia.nl\/de\/wp-json\/wp\/v2\/product\/42545","targetHints":{"allow":["GET"]}}],"collection":[{"href":"https:\/\/www.ecrivus-multimedia.nl\/de\/wp-json\/wp\/v2\/product"}],"about":[{"href":"https:\/\/www.ecrivus-multimedia.nl\/de\/wp-json\/wp\/v2\/types\/product"}],"replies":[{"embeddable":true,"href":"https:\/\/www.ecrivus-multimedia.nl\/de\/wp-json\/wp\/v2\/comments?post=42545"}],"wp:featuredmedia":[{"embeddable":true,"href":"https:\/\/www.ecrivus-multimedia.nl\/de\/wp-json\/wp\/v2\/media\/132692"}],"wp:attachment":[{"href":"https:\/\/www.ecrivus-multimedia.nl\/de\/wp-json\/wp\/v2\/media?parent=42545"}],"wp:term":[{"taxonomy":"product_brand","embeddable":true,"href":"https:\/\/www.ecrivus-multimedia.nl\/de\/wp-json\/wp\/v2\/product_brand?post=42545"},{"taxonomy":"product_cat","embeddable":true,"href":"https:\/\/www.ecrivus-multimedia.nl\/de\/wp-json\/wp\/v2\/product_cat?post=42545"},{"taxonomy":"product_tag","embeddable":true,"href":"https:\/\/www.ecrivus-multimedia.nl\/de\/wp-json\/wp\/v2\/product_tag?post=42545"}],"curies":[{"name":"wp","href":"https:\/\/api.w.org\/{rel}","templated":true}]}}