{"id":44336,"date":"2019-07-26T10:31:38","date_gmt":"2019-07-26T08:31:38","guid":{"rendered":"https:\/\/www.ecrivus-multimedia.nl\/?post_type=product&#038;p=44336"},"modified":"2026-04-13T09:23:50","modified_gmt":"2026-04-13T07:23:50","slug":"advertorial-schrijven","status":"publish","type":"product","link":"https:\/\/www.ecrivus-multimedia.nl\/de\/produkt\/advertorial-schreiben\/","title":{"rendered":"Ein Advertorial schreiben"},"content":{"rendered":"<h2><strong>Ein Advertorial schreiben?<\/strong><\/h2>\n<p class=\"western\">Ecrivus International besch\u00e4ftigt interne Texter und Texter, die sich auf Folgendes spezialisiert haben <a href=\"https:\/\/www.ecrivus.nl\/advertorial-schrijven\/\" target=\"_blank\" rel=\"noopener noreferrer\">Schreiben professioneller Advertorials<\/a> in makellosem Niederl\u00e4ndisch. Ideal, um (inter)nationale Medien und Zeitschriften auf neue Produkte und Dienstleistungen aufmerksam zu machen, neue Leads zu generieren und Ihre Markenbekanntheit zu steigern. Eine gelungene <a href=\"https:\/\/www.ecrivus-multimedia.nl\/go\/advertorial-schrijven\/\" title=\"Ein Advertorial schreiben\" class=\"pretty-link-keyword\"rel=\"\">Advertorial<\/a> Das Schreiben kann oft innerhalb von 1-2 Werktagen f\u00fcr Sie erledigt werden.<\/p>\n<h4 class=\"western\"><strong>Ein Advertorial in perfektem Niederl\u00e4ndisch schreiben<\/strong><\/h4>\n<p class=\"western\">Da der Zweck eines <a href=\"https:\/\/www.ecrivus-multimedia.nl\/go\/advertorial-schrijven\/\" title=\"Ein Advertorial schreiben\" class=\"pretty-link-keyword\"rel=\"\">Advertorial<\/a> Damit der Text von m\u00f6glichst vielen Menschen gelesen wird, ist es wichtig, dass die Qualit\u00e4t des Textes hervorragend ist. 100% in der Reihenfolge der Rechtschreibung, Grammatik, Wortstellung, Satzstruktur und Terminologie ist der Ausgangspunkt. Dank unserer langj\u00e4hrigen Erfahrung im Schreiben von Advertorials f\u00fcr niederl\u00e4ndische und ausl\u00e4ndische Unternehmen k\u00f6nnen Sie sicher sein, dass unsere schriftlichen Advertorials sofort zur Ver\u00f6ffentlichung bereit sind.<\/p>\n<p class=\"western\"><strong>Wir schreiben Advertorials f\u00fcr:<\/strong><\/p>\n<ul>\n<li>\n<p class=\"western\">Startups<\/p>\n<\/li>\n<li>\n<p class=\"western\">Selbstst\u00e4ndige<\/p>\n<\/li>\n<li>\n<p class=\"western\">KMU<\/p>\n<\/li>\n<li>\n<p class=\"western\">Multinationale Unternehmen<\/p>\n<\/li>\n<\/ul>\n<p class=\"western\"><strong>Die von uns verfassten Advertorials eignen sich ideal f\u00fcr:<\/strong><\/p>\n<ul>\n<li>\n<p class=\"western\">Steigern Sie die Markenbekanntheit<\/p>\n<\/li>\n<li>\n<p class=\"western\">Einf\u00fchrung neuer Produkte und Dienstleistungen<\/p>\n<\/li>\n<li>\n<p class=\"western\">Ank\u00fcndigung wichtiger Wirtschaftsnachrichten<\/p>\n<\/li>\n<li>\n<p class=\"western\">Bereitstellung von Informationen f\u00fcr nationale und internationale Medien<\/p>\n<\/li>\n<li>\n<p class=\"western\">Im Internet <a href=\"https:\/\/www.ecrivus-multimedia.nl\/go\/advertorial-schrijven\/\" title=\"Ein Advertorial schreiben\" class=\"pretty-link-keyword\"rel=\"\">Advertorial<\/a> Publikationen: Steigerung Ihrer Position in Suchmaschinen (SEO-Ranking\/Suchmaschinenoptimierung)<\/p>\n<\/li>\n<li>\n<p class=\"western\">Erh\u00f6hen Sie die Online-Sichtbarkeit Ihres Unternehmens<\/p>\n<\/li>\n<li>\n<p class=\"western\">Lead-Generierung<\/p>\n<\/li>\n<\/ul>\n<p><strong>Schreiben Sie Ihre <\/strong><strong><a href=\"https:\/\/www.ecrivus-multimedia.nl\/go\/advertorial-schrijven\/\" title=\"Ein Advertorial schreiben\" class=\"pretty-link-keyword\"rel=\"\">Advertorial<\/a> ist bei uns in guten H\u00e4nden:<\/strong><\/p>\n<ul>\n<li>Texterstellung durch einen spezialisierten Texter<\/li>\n<li>Inklusive <a href=\"http:\/\/www.ecrivus.nl\/proeflezen\/\" target=\"_blank\" rel=\"noopener noreferrer\">Korrekturlesen<\/a><\/li>\n<li>Inklusive <a href=\"http:\/\/www.ecrivus.nl\/qa-kwaliteitscontroles\/\" target=\"_blank\" rel=\"noopener noreferrer\">Qualit\u00e4tskontrollen<\/a><\/li>\n<li>Inklusive Endbearbeitung<\/li>\n<li>G\u00fcnstige Preise<\/li>\n<li>Schnelle Lieferzeiten<\/li>\n<li>Expresslieferung m\u00f6glich<\/li>\n<li>Lieferung in Microsoft Word\u00ae und PDF<\/li>\n<li>Immer p\u00fcnktliche Lieferung per E-Mail<\/li>\n<\/ul>\n<p>So machen Sie Ihr <a href=\"https:\/\/www.ecrivus-multimedia.nl\/go\/advertorial-schrijven\/\" title=\"Ein Advertorial schreiben\" class=\"pretty-link-keyword\"rel=\"\">Advertorial<\/a> Um es sofort schreiben zu lassen, w\u00e4hlen Sie oben die gew\u00fcnschte Wortanzahl aus. Klicken Sie dann auf \u201eIn den Warenkorb\u201c. Anschlie\u00dfend k\u00f6nnen Sie das Briefing\/die Anleitung, die Sie dem Texter geben m\u00f6chten, hochladen und zu Ihrem Auftrag hinzuf\u00fcgen. Sie k\u00f6nnen eine ZIP-Datei f\u00fcr mehrere Dokumente hochladen. Wir bieten verschiedene Zahlungsm\u00f6glichkeiten \u00fcber sichere Verbindungen an (u.a. iDeal, Bank\u00fcberweisung und PayPal).<\/p>\n<p><strong>Standard-Lieferzeit<\/strong>: 5 Werktage<\/p>","protected":false},"excerpt":{"rendered":"<p>Professionell verfasstes Advertorial durch spezialisierten Texter inklusive Qualit\u00e4tskontrolle und Endredaktion. W\u00e4hlen Sie unten die gew\u00fcnschte Sprache aus:<\/p>","protected":false},"featured_media":132653,"comment_status":"open","ping_status":"closed","template":"","meta":{"_acf_changed":false,"_glsr_average":0,"_glsr_ranking":0,"_glsr_reviews":0,"_joinchat":[]},"product_brand":[],"product_cat":[15342],"product_tag":[15355,15349,15343,15357,15353,15348,15347,15344,15356],"class_list":{"0":"post-44336","1":"product","2":"type-product","3":"status-publish","4":"has-post-thumbnail","6":"product_cat-copywriting-content","7":"product_tag-advertorial","8":"product_tag-content-creatie","9":"product_tag-copywriting","10":"product_tag-magazine","11":"product_tag-marketing","12":"product_tag-media","13":"product_tag-pr","14":"product_tag-tekstschrijven","15":"product_tag-tijdschrift","17":"first","18":"instock","19":"sold-individually","20":"taxable","21":"shipping-taxable","22":"purchasable","23":"product-type-variable"},"acf":[],"yoast_head":"<!-- This site is optimized with the Yoast SEO plugin v27.4 - https:\/\/yoast.com\/product\/yoast-seo-wordpress\/ -->\n<title>Advertorial schrijven? Bestel nu in onze webshop! 15+ jaar ervaring!<\/title>\n<meta name=\"description\" content=\"Advertorial schrijven? Bestel direct online! \u2713 Ervaren copywriters \u2713 Perfect Nederlands \u2713 Voordelig geregeld \u2713 Snelle levertijden \u2713 Veilig betalen via iDEAL\" \/>\n<meta name=\"robots\" content=\"index, follow, max-snippet:-1, max-image-preview:large, max-video-preview:-1\" \/>\n<link rel=\"canonical\" href=\"https:\/\/www.ecrivus-multimedia.nl\/de\/produkt\/advertorial-schreiben\/\" \/>\n<meta property=\"og:locale\" content=\"de_DE\" \/>\n<meta property=\"og:type\" content=\"article\" \/>\n<meta property=\"og:title\" content=\"Advertorial schrijven? Bestel nu in onze webshop! 15+ jaar ervaring!\" \/>\n<meta property=\"og:description\" content=\"Advertorial schrijven? Bestel direct online! \u2713 Ervaren copywriters \u2713 Perfect Nederlands \u2713 Voordelig geregeld \u2713 Snelle levertijden \u2713 Veilig betalen via iDEAL\" \/>\n<meta property=\"og:url\" content=\"https:\/\/www.ecrivus-multimedia.nl\/de\/produkt\/advertorial-schreiben\/\" \/>\n<meta property=\"og:site_name\" content=\"Ecrivus International Webshop\" \/>\n<meta property=\"article:publisher\" content=\"https:\/\/www.facebook.com\/Ecrivus-International-676624782512639\/\" \/>\n<meta property=\"article:modified_time\" content=\"2026-04-13T07:23:50+00:00\" \/>\n<meta property=\"og:image\" content=\"https:\/\/www.ecrivus-multimedia.nl\/wp-content\/uploads\/2026\/04\/vrouw-reikt-document-aan-adviseur.jpg\" \/>\n\t<meta property=\"og:image:width\" content=\"1000\" \/>\n\t<meta property=\"og:image:height\" content=\"667\" \/>\n\t<meta property=\"og:image:type\" content=\"image\/jpeg\" \/>\n<meta name=\"twitter:card\" content=\"summary_large_image\" \/>\n<meta name=\"twitter:site\" content=\"@ecrivusint\" \/>\n<meta name=\"twitter:label1\" content=\"Gesch\u00e4tzte Lesezeit\" \/>\n\t<meta name=\"twitter:data1\" content=\"2\u00a0Minuten\" \/>\n<script type=\"application\/ld+json\" class=\"yoast-schema-graph\">{\"@context\":\"https:\\\/\\\/schema.org\",\"@graph\":[{\"@type\":\"WebPage\",\"@id\":\"https:\\\/\\\/www.ecrivus-multimedia.nl\\\/product\\\/advertorial-schrijven\\\/\",\"url\":\"https:\\\/\\\/www.ecrivus-multimedia.nl\\\/product\\\/advertorial-schrijven\\\/\",\"name\":\"Advertorial schrijven? Bestel nu in onze webshop! 15+ jaar ervaring!\",\"isPartOf\":{\"@id\":\"https:\\\/\\\/www.ecrivus-multimedia.nl\\\/#website\"},\"primaryImageOfPage\":{\"@id\":\"https:\\\/\\\/www.ecrivus-multimedia.nl\\\/product\\\/advertorial-schrijven\\\/#primaryimage\"},\"image\":{\"@id\":\"https:\\\/\\\/www.ecrivus-multimedia.nl\\\/product\\\/advertorial-schrijven\\\/#primaryimage\"},\"thumbnailUrl\":\"https:\\\/\\\/www.ecrivus-multimedia.nl\\\/wp-content\\\/uploads\\\/2026\\\/04\\\/vrouw-reikt-document-aan-adviseur.jpg\",\"datePublished\":\"2019-07-26T08:31:38+00:00\",\"dateModified\":\"2026-04-13T07:23:50+00:00\",\"description\":\"Advertorial schrijven? Bestel direct online! \u2713 Ervaren copywriters \u2713 Perfect Nederlands \u2713 Voordelig geregeld \u2713 Snelle levertijden \u2713 Veilig betalen via iDEAL\",\"breadcrumb\":{\"@id\":\"https:\\\/\\\/www.ecrivus-multimedia.nl\\\/product\\\/advertorial-schrijven\\\/#breadcrumb\"},\"inLanguage\":\"de\",\"potentialAction\":[{\"@type\":\"ReadAction\",\"target\":[\"https:\\\/\\\/www.ecrivus-multimedia.nl\\\/product\\\/advertorial-schrijven\\\/\"]}]},{\"@type\":\"ImageObject\",\"inLanguage\":\"de\",\"@id\":\"https:\\\/\\\/www.ecrivus-multimedia.nl\\\/product\\\/advertorial-schrijven\\\/#primaryimage\",\"url\":\"https:\\\/\\\/www.ecrivus-multimedia.nl\\\/wp-content\\\/uploads\\\/2026\\\/04\\\/vrouw-reikt-document-aan-adviseur.jpg\",\"contentUrl\":\"https:\\\/\\\/www.ecrivus-multimedia.nl\\\/wp-content\\\/uploads\\\/2026\\\/04\\\/vrouw-reikt-document-aan-adviseur.jpg\",\"width\":1000,\"height\":667},{\"@type\":\"BreadcrumbList\",\"@id\":\"https:\\\/\\\/www.ecrivus-multimedia.nl\\\/product\\\/advertorial-schrijven\\\/#breadcrumb\",\"itemListElement\":[{\"@type\":\"ListItem\",\"position\":1,\"name\":\"Home\",\"item\":\"https:\\\/\\\/www.ecrivus-multimedia.nl\\\/\"},{\"@type\":\"ListItem\",\"position\":2,\"name\":\"Shop\",\"item\":\"https:\\\/\\\/www.ecrivus-multimedia.nl\\\/shop\\\/\"},{\"@type\":\"ListItem\",\"position\":3,\"name\":\"Advertorial schrijven\"}]},{\"@type\":\"WebSite\",\"@id\":\"https:\\\/\\\/www.ecrivus-multimedia.nl\\\/#website\",\"url\":\"https:\\\/\\\/www.ecrivus-multimedia.nl\\\/\",\"name\":\"Ecrivus International Webshop\",\"description\":\"Erkende webshop voor be\u00ebdigde vertalingen.\",\"publisher\":{\"@id\":\"https:\\\/\\\/www.ecrivus-multimedia.nl\\\/#organization\"},\"potentialAction\":[{\"@type\":\"SearchAction\",\"target\":{\"@type\":\"EntryPoint\",\"urlTemplate\":\"https:\\\/\\\/www.ecrivus-multimedia.nl\\\/?s={search_term_string}\"},\"query-input\":{\"@type\":\"PropertyValueSpecification\",\"valueRequired\":true,\"valueName\":\"search_term_string\"}}],\"inLanguage\":\"de\"},{\"@type\":\"Organization\",\"@id\":\"https:\\\/\\\/www.ecrivus-multimedia.nl\\\/#organization\",\"name\":\"Ecrivus International\",\"url\":\"https:\\\/\\\/www.ecrivus-multimedia.nl\\\/\",\"logo\":{\"@type\":\"ImageObject\",\"inLanguage\":\"de\",\"@id\":\"https:\\\/\\\/www.ecrivus-multimedia.nl\\\/#\\\/schema\\\/logo\\\/image\\\/\",\"url\":\"https:\\\/\\\/www.ecrivus-multimedia.nl\\\/wp-content\\\/uploads\\\/2022\\\/01\\\/cropped-small-Logo-Ecrivus-Vector-Transparent2.png\",\"contentUrl\":\"https:\\\/\\\/www.ecrivus-multimedia.nl\\\/wp-content\\\/uploads\\\/2022\\\/01\\\/cropped-small-Logo-Ecrivus-Vector-Transparent2.png\",\"width\":512,\"height\":512,\"caption\":\"Ecrivus International\"},\"image\":{\"@id\":\"https:\\\/\\\/www.ecrivus-multimedia.nl\\\/#\\\/schema\\\/logo\\\/image\\\/\"},\"sameAs\":[\"https:\\\/\\\/www.facebook.com\\\/Ecrivus-International-676624782512639\\\/\",\"https:\\\/\\\/x.com\\\/ecrivusint\"]}]}<\/script>\n<!-- \/ Yoast SEO plugin. -->","yoast_head_json":{"title":"Advertorial schrijven? Bestel nu in onze webshop! 15+ jaar ervaring!","description":"Advertorial schrijven? Bestel direct online! \u2713 Ervaren copywriters \u2713 Perfect Nederlands \u2713 Voordelig geregeld \u2713 Snelle levertijden \u2713 Veilig betalen via iDEAL","robots":{"index":"index","follow":"follow","max-snippet":"max-snippet:-1","max-image-preview":"max-image-preview:large","max-video-preview":"max-video-preview:-1"},"canonical":"https:\/\/www.ecrivus-multimedia.nl\/de\/produkt\/advertorial-schreiben\/","og_locale":"de_DE","og_type":"article","og_title":"Advertorial schrijven? Bestel nu in onze webshop! 15+ jaar ervaring!","og_description":"Advertorial schrijven? Bestel direct online! \u2713 Ervaren copywriters \u2713 Perfect Nederlands \u2713 Voordelig geregeld \u2713 Snelle levertijden \u2713 Veilig betalen via iDEAL","og_url":"https:\/\/www.ecrivus-multimedia.nl\/de\/produkt\/advertorial-schreiben\/","og_site_name":"Ecrivus International Webshop","article_publisher":"https:\/\/www.facebook.com\/Ecrivus-International-676624782512639\/","article_modified_time":"2026-04-13T07:23:50+00:00","og_image":[{"width":1000,"height":667,"url":"https:\/\/www.ecrivus-multimedia.nl\/wp-content\/uploads\/2026\/04\/vrouw-reikt-document-aan-adviseur.jpg","type":"image\/jpeg"}],"twitter_card":"summary_large_image","twitter_site":"@ecrivusint","twitter_misc":{"Gesch\u00e4tzte Lesezeit":"2\u00a0Minuten"},"schema":{"@context":"https:\/\/schema.org","@graph":[{"@type":"WebPage","@id":"https:\/\/www.ecrivus-multimedia.nl\/product\/advertorial-schrijven\/","url":"https:\/\/www.ecrivus-multimedia.nl\/product\/advertorial-schrijven\/","name":"Advertorial schrijven? Bestel nu in onze webshop! 15+ jaar ervaring!","isPartOf":{"@id":"https:\/\/www.ecrivus-multimedia.nl\/#website"},"primaryImageOfPage":{"@id":"https:\/\/www.ecrivus-multimedia.nl\/product\/advertorial-schrijven\/#primaryimage"},"image":{"@id":"https:\/\/www.ecrivus-multimedia.nl\/product\/advertorial-schrijven\/#primaryimage"},"thumbnailUrl":"https:\/\/www.ecrivus-multimedia.nl\/wp-content\/uploads\/2026\/04\/vrouw-reikt-document-aan-adviseur.jpg","datePublished":"2019-07-26T08:31:38+00:00","dateModified":"2026-04-13T07:23:50+00:00","description":"Advertorial schrijven? Bestel direct online! \u2713 Ervaren copywriters \u2713 Perfect Nederlands \u2713 Voordelig geregeld \u2713 Snelle levertijden \u2713 Veilig betalen via iDEAL","breadcrumb":{"@id":"https:\/\/www.ecrivus-multimedia.nl\/product\/advertorial-schrijven\/#breadcrumb"},"inLanguage":"de","potentialAction":[{"@type":"ReadAction","target":["https:\/\/www.ecrivus-multimedia.nl\/product\/advertorial-schrijven\/"]}]},{"@type":"ImageObject","inLanguage":"de","@id":"https:\/\/www.ecrivus-multimedia.nl\/product\/advertorial-schrijven\/#primaryimage","url":"https:\/\/www.ecrivus-multimedia.nl\/wp-content\/uploads\/2026\/04\/vrouw-reikt-document-aan-adviseur.jpg","contentUrl":"https:\/\/www.ecrivus-multimedia.nl\/wp-content\/uploads\/2026\/04\/vrouw-reikt-document-aan-adviseur.jpg","width":1000,"height":667},{"@type":"BreadcrumbList","@id":"https:\/\/www.ecrivus-multimedia.nl\/product\/advertorial-schrijven\/#breadcrumb","itemListElement":[{"@type":"ListItem","position":1,"name":"Home","item":"https:\/\/www.ecrivus-multimedia.nl\/"},{"@type":"ListItem","position":2,"name":"Shop","item":"https:\/\/www.ecrivus-multimedia.nl\/shop\/"},{"@type":"ListItem","position":3,"name":"Advertorial schrijven"}]},{"@type":"WebSite","@id":"https:\/\/www.ecrivus-multimedia.nl\/#website","url":"https:\/\/www.ecrivus-multimedia.nl\/","name":"Ecrivus International Webshop","description":"Erkende webshop voor be\u00ebdigde vertalingen.","publisher":{"@id":"https:\/\/www.ecrivus-multimedia.nl\/#organization"},"potentialAction":[{"@type":"SearchAction","target":{"@type":"EntryPoint","urlTemplate":"https:\/\/www.ecrivus-multimedia.nl\/?s={search_term_string}"},"query-input":{"@type":"PropertyValueSpecification","valueRequired":true,"valueName":"search_term_string"}}],"inLanguage":"de"},{"@type":"Organization","@id":"https:\/\/www.ecrivus-multimedia.nl\/#organization","name":"Ecrivus International","url":"https:\/\/www.ecrivus-multimedia.nl\/","logo":{"@type":"ImageObject","inLanguage":"de","@id":"https:\/\/www.ecrivus-multimedia.nl\/#\/schema\/logo\/image\/","url":"https:\/\/www.ecrivus-multimedia.nl\/wp-content\/uploads\/2022\/01\/cropped-small-Logo-Ecrivus-Vector-Transparent2.png","contentUrl":"https:\/\/www.ecrivus-multimedia.nl\/wp-content\/uploads\/2022\/01\/cropped-small-Logo-Ecrivus-Vector-Transparent2.png","width":512,"height":512,"caption":"Ecrivus International"},"image":{"@id":"https:\/\/www.ecrivus-multimedia.nl\/#\/schema\/logo\/image\/"},"sameAs":["https:\/\/www.facebook.com\/Ecrivus-International-676624782512639\/","https:\/\/x.com\/ecrivusint"]}]}},"_links":{"self":[{"href":"https:\/\/www.ecrivus-multimedia.nl\/de\/wp-json\/wp\/v2\/product\/44336","targetHints":{"allow":["GET"]}}],"collection":[{"href":"https:\/\/www.ecrivus-multimedia.nl\/de\/wp-json\/wp\/v2\/product"}],"about":[{"href":"https:\/\/www.ecrivus-multimedia.nl\/de\/wp-json\/wp\/v2\/types\/product"}],"replies":[{"embeddable":true,"href":"https:\/\/www.ecrivus-multimedia.nl\/de\/wp-json\/wp\/v2\/comments?post=44336"}],"wp:featuredmedia":[{"embeddable":true,"href":"https:\/\/www.ecrivus-multimedia.nl\/de\/wp-json\/wp\/v2\/media\/132653"}],"wp:attachment":[{"href":"https:\/\/www.ecrivus-multimedia.nl\/de\/wp-json\/wp\/v2\/media?parent=44336"}],"wp:term":[{"taxonomy":"product_brand","embeddable":true,"href":"https:\/\/www.ecrivus-multimedia.nl\/de\/wp-json\/wp\/v2\/product_brand?post=44336"},{"taxonomy":"product_cat","embeddable":true,"href":"https:\/\/www.ecrivus-multimedia.nl\/de\/wp-json\/wp\/v2\/product_cat?post=44336"},{"taxonomy":"product_tag","embeddable":true,"href":"https:\/\/www.ecrivus-multimedia.nl\/de\/wp-json\/wp\/v2\/product_tag?post=44336"}],"curies":[{"name":"wp","href":"https:\/\/api.w.org\/{rel}","templated":true}]}}