{"id":44343,"date":"2019-07-26T11:31:53","date_gmt":"2019-07-26T09:31:53","guid":{"rendered":"https:\/\/www.ecrivus-multimedia.nl\/?post_type=product&#038;p=44343"},"modified":"2026-04-13T09:22:43","modified_gmt":"2026-04-13T07:22:43","slug":"slogan-schrijven","status":"publish","type":"product","link":"https:\/\/www.ecrivus-multimedia.nl\/de\/produkt\/slogan-schreiben\/","title":{"rendered":"Slogan schreiben"},"content":{"rendered":"<h2 class=\"western\"><strong>Einen Slogan schreiben?<\/strong><\/h2>\n<p class=\"western\">Ecrivus International besch\u00e4ftigt interne Texter und Texter, die sich auf Folgendes spezialisiert haben <a href=\"https:\/\/www.ecrivus.nl\/slogan-schrijven\/\" target=\"_blank\" rel=\"noopener noreferrer\">Schreiben professioneller Slogans und Mottos<\/a> in makellosem Niederl\u00e4ndisch. Ideal, um Ihre Markenbekanntheit zu steigern und Ihren Markennamen mit einer positiven Botschaft zu verbinden. Eine gelungene <a href=\"https:\/\/www.ecrivus-multimedia.nl\/go\/slogan-schrijven\/\" title=\"Slogan schreiben\" class=\"pretty-link-keyword\"rel=\"\">Slogan<\/a> Das Schreiben kann oft innerhalb von 1-2 Werktagen f\u00fcr Sie erledigt werden. Unser Copywriting-Team verf\u00fcgt \u00fcber gro\u00dfe Erfahrung in der Entwicklung von Firmenslogans, die die Kernwerte Ihres Unternehmens perfekt widerspiegeln.<\/p>\n<h4 class=\"western\"><strong>Schreiben Sie einen Slogan in perfektem Niederl\u00e4ndisch<\/strong><\/h4>\n<p class=\"western\">Da der Zweck eines <a href=\"https:\/\/www.ecrivus-multimedia.nl\/go\/slogan-schrijven\/\" title=\"Slogan schreiben\" class=\"pretty-link-keyword\"rel=\"\">Slogan<\/a> Damit der Text m\u00f6glichst vielen Menschen in Erinnerung bleibt, ist es wichtig, dass die Qualit\u00e4t des Textes hervorragend ist und er die Zielgruppe anspricht. <a href=\"https:\/\/www.ecrivus.nl\/qa-kwaliteitscontroles\/\" target=\"_blank\" rel=\"noopener noreferrer\">100% in der richtigen Reihenfolge hinsichtlich Rechtschreibung, Grammatik, Wortstellung, Satzstruktur und Terminologie<\/a> ist der Ausgangspunkt. Nat\u00fcrlich lieben wir es auch <a href=\"https:\/\/www.ecrivus-multimedia.nl\/go\/factuur-beedigde-vertaling-met-stempel\/\" title=\"M\u00f6chten Sie eine beglaubigte Rechnung \u00fcbersetzen? Bestellen Sie in unserem Webshop!\" class=\"pretty-link-keyword\"rel=\"\">Konto<\/a> mit kultureller Angemessenheit (<i>interkulturelle Eignung<\/i>). Dank unserer langj\u00e4hrigen Erfahrung im Schreiben von Slogans und Mottos f\u00fcr niederl\u00e4ndische und ausl\u00e4ndische Unternehmen k\u00f6nnen Sie sicher sein, dass unsere geschriebenen Slogans sofort zur Ver\u00f6ffentlichung und (inter)nationalen Verwendung bereit sind.<\/p>\n<p class=\"western\"><b>Wir verschreiben Slogans:<\/b><\/p>\n<ul>\n<li>\n<p class=\"western\">Startups<\/p>\n<\/li>\n<li>\n<p class=\"western\">Selbstst\u00e4ndige<\/p>\n<\/li>\n<li>\n<p class=\"western\">KMU<\/p>\n<\/li>\n<li>\n<p class=\"western\">Multinationale Unternehmen<\/p>\n<\/li>\n<\/ul>\n<p class=\"western\"><b>Die Slogans, die wir schreiben, sind ideal f\u00fcr:<\/b><\/p>\n<ul>\n<li>\n<p class=\"western\">Steigern Sie die Markenbekanntheit<\/p>\n<\/li>\n<li>\n<p class=\"western\">Positive Assoziation mit Ihrem Markennamen oder Firmennamen<\/p>\n<\/li>\n<li>\n<p class=\"western\">Einf\u00fchrung neuer Produkte und Dienstleistungen<\/p>\n<\/li>\n<li>\n<p class=\"western\">Steigerung der Unternehmensreputation: Wiedererkennbarkeit, Ihre Grundwerte in einem zusammengefasst <i>eing\u00e4ngig<\/i> <a href=\"https:\/\/www.ecrivus-multimedia.nl\/go\/slogan-schrijven\/\" title=\"Slogan schreiben\" class=\"pretty-link-keyword\"rel=\"\">Slogan<\/a><\/p>\n<\/li>\n<li>\n<p class=\"western\">Lead-Generierung<\/p>\n<\/li>\n<\/ul>\n<p><strong>Schreiben Sie Ihre <a href=\"https:\/\/www.ecrivus-multimedia.nl\/go\/slogan-schrijven\/\" title=\"Slogan schreiben\" class=\"pretty-link-keyword\"rel=\"\">Slogan<\/a> oder Motto<\/strong><strong> ist bei uns in guten H\u00e4nden:<\/strong><\/p>\n<ul>\n<li>Texterstellung durch einen spezialisierten Texter<\/li>\n<li>Inklusive <a href=\"http:\/\/www.ecrivus.nl\/proeflezen\/\" target=\"_blank\" rel=\"noopener noreferrer\">Korrekturlesen<\/a><\/li>\n<li>Inklusive <a href=\"http:\/\/www.ecrivus.nl\/qa-kwaliteitscontroles\/\" target=\"_blank\" rel=\"noopener noreferrer\">Qualit\u00e4tskontrollen<\/a><\/li>\n<li>Inklusive Endbearbeitung<\/li>\n<li>Nicht weniger als 10 oder 20 Vorschl\u00e4ge f\u00fcr Ihr neues <a href=\"https:\/\/www.ecrivus-multimedia.nl\/go\/slogan-schrijven\/\" title=\"Slogan schreiben\" class=\"pretty-link-keyword\"rel=\"\">Slogan<\/a> oder Motto<\/li>\n<li>G\u00fcnstige Preise<\/li>\n<li>Schnelle Lieferzeiten<\/li>\n<li>Expresslieferung m\u00f6glich<\/li>\n<li>Lieferung in Microsoft Word\u00ae und PDF<\/li>\n<li>Immer p\u00fcnktliche Lieferung per E-Mail<\/li>\n<\/ul>\n<p>So machen Sie Ihr <a href=\"https:\/\/www.ecrivus-multimedia.nl\/go\/slogan-schrijven\/\" title=\"Slogan schreiben\" class=\"pretty-link-keyword\"rel=\"\">Slogan<\/a> oder Motto direkt geschrieben, w\u00e4hlen Sie oben die gew\u00fcnschte Sprache aus. Klicken Sie dann auf \u201eIn den Warenkorb\u201c. Anschlie\u00dfend k\u00f6nnen Sie das Briefing\/die Anleitung, die Sie dem Texter geben m\u00f6chten, hochladen und zu Ihrem Auftrag hinzuf\u00fcgen. Ber\u00fccksichtigen Sie die Grundwerte, f\u00fcr die Ihr Unternehmen steht und die Sie darin widerspiegeln m\u00f6chten <a href=\"https:\/\/www.ecrivus-multimedia.nl\/go\/slogan-schrijven\/\" title=\"Slogan schreiben\" class=\"pretty-link-keyword\"rel=\"\">Slogan<\/a>. Sie k\u00f6nnen eine ZIP-Datei f\u00fcr mehrere Dokumente hochladen. Wir bieten verschiedene Zahlungsm\u00f6glichkeiten \u00fcber sichere Verbindungen an (u.a. iDeal, Bank\u00fcberweisung und PayPal).<\/p>\n<p><strong>Standard-Lieferzeit<\/strong>: 3 Werktage<\/p>","protected":false},"excerpt":{"rendered":"<p>Professionell verfasster Slogan\/Motto (10 oder 20 Vorschl\u00e4ge) von einem spezialisierten Texter inklusive Qualit\u00e4tskontrolle und Endredaktion. W\u00e4hlen Sie unten die gew\u00fcnschte Sprache aus:<\/p>","protected":false},"featured_media":132690,"comment_status":"open","ping_status":"closed","template":"","meta":{"_acf_changed":false,"_glsr_average":0,"_glsr_ranking":0,"_glsr_reviews":0,"_joinchat":[]},"product_brand":[],"product_cat":[15342],"product_tag":[15349,15343,15348,15359,15347,15360,15358,15344],"class_list":{"0":"post-44343","1":"product","2":"type-product","3":"status-publish","4":"has-post-thumbnail","6":"product_cat-copywriting-content","7":"product_tag-content-creatie","8":"product_tag-copywriting","9":"product_tag-media","10":"product_tag-motto","11":"product_tag-pr","12":"product_tag-slagzin","13":"product_tag-slogan","14":"product_tag-tekstschrijven","16":"first","17":"instock","18":"sold-individually","19":"taxable","20":"shipping-taxable","21":"purchasable","22":"product-type-variable"},"acf":[],"yoast_head":"<!-- This site is optimized with the Yoast SEO plugin v27.4 - https:\/\/yoast.com\/product\/yoast-seo-wordpress\/ -->\n<title>Slogan schrijven? Motto? Bestel nu in onze webshop! 15+ jaar ervaring!<\/title>\n<meta name=\"description\" content=\"Slogan schrijven? Nieuw motto? Bestel direct online! \u2713 Ervaren copywriters \u2713 Perfect Nederlands \u2713 Voordelig \u2713 Snelle levertijden \u2713 Veilig betalen via iDEAL\" \/>\n<meta name=\"robots\" content=\"index, follow, max-snippet:-1, max-image-preview:large, max-video-preview:-1\" \/>\n<link rel=\"canonical\" href=\"https:\/\/www.ecrivus-multimedia.nl\/de\/produkt\/slogan-schreiben\/\" \/>\n<meta property=\"og:locale\" content=\"de_DE\" \/>\n<meta property=\"og:type\" content=\"article\" \/>\n<meta property=\"og:title\" content=\"Slogan schrijven? Motto? Bestel nu in onze webshop! 15+ jaar ervaring!\" \/>\n<meta property=\"og:description\" content=\"Slogan schrijven? Nieuw motto? Bestel direct online! \u2713 Ervaren copywriters \u2713 Perfect Nederlands \u2713 Voordelig \u2713 Snelle levertijden \u2713 Veilig betalen via iDEAL\" \/>\n<meta property=\"og:url\" content=\"https:\/\/www.ecrivus-multimedia.nl\/de\/produkt\/slogan-schreiben\/\" \/>\n<meta property=\"og:site_name\" content=\"Ecrivus International Webshop\" \/>\n<meta property=\"article:publisher\" content=\"https:\/\/www.facebook.com\/Ecrivus-International-676624782512639\/\" \/>\n<meta property=\"article:modified_time\" content=\"2026-04-13T07:22:43+00:00\" \/>\n<meta property=\"og:image\" content=\"https:\/\/www.ecrivus-multimedia.nl\/wp-content\/uploads\/2019\/07\/image-4.webp\" \/>\n\t<meta property=\"og:image:width\" content=\"1000\" \/>\n\t<meta property=\"og:image:height\" content=\"667\" \/>\n\t<meta property=\"og:image:type\" content=\"image\/webp\" \/>\n<meta name=\"twitter:card\" content=\"summary_large_image\" \/>\n<meta name=\"twitter:site\" content=\"@ecrivusint\" \/>\n<meta name=\"twitter:label1\" content=\"Gesch\u00e4tzte Lesezeit\" \/>\n\t<meta name=\"twitter:data1\" content=\"2\u00a0Minuten\" \/>\n<script type=\"application\/ld+json\" class=\"yoast-schema-graph\">{\"@context\":\"https:\\\/\\\/schema.org\",\"@graph\":[{\"@type\":\"WebPage\",\"@id\":\"https:\\\/\\\/www.ecrivus-multimedia.nl\\\/product\\\/slogan-schrijven\\\/\",\"url\":\"https:\\\/\\\/www.ecrivus-multimedia.nl\\\/product\\\/slogan-schrijven\\\/\",\"name\":\"Slogan schrijven? Motto? Bestel nu in onze webshop! 15+ jaar ervaring!\",\"isPartOf\":{\"@id\":\"https:\\\/\\\/www.ecrivus-multimedia.nl\\\/#website\"},\"primaryImageOfPage\":{\"@id\":\"https:\\\/\\\/www.ecrivus-multimedia.nl\\\/product\\\/slogan-schrijven\\\/#primaryimage\"},\"image\":{\"@id\":\"https:\\\/\\\/www.ecrivus-multimedia.nl\\\/product\\\/slogan-schrijven\\\/#primaryimage\"},\"thumbnailUrl\":\"https:\\\/\\\/www.ecrivus-multimedia.nl\\\/wp-content\\\/uploads\\\/2019\\\/07\\\/image-4.webp\",\"datePublished\":\"2019-07-26T09:31:53+00:00\",\"dateModified\":\"2026-04-13T07:22:43+00:00\",\"description\":\"Slogan schrijven? Nieuw motto? Bestel direct online! \u2713 Ervaren copywriters \u2713 Perfect Nederlands \u2713 Voordelig \u2713 Snelle levertijden \u2713 Veilig betalen via iDEAL\",\"breadcrumb\":{\"@id\":\"https:\\\/\\\/www.ecrivus-multimedia.nl\\\/product\\\/slogan-schrijven\\\/#breadcrumb\"},\"inLanguage\":\"de\",\"potentialAction\":[{\"@type\":\"ReadAction\",\"target\":[\"https:\\\/\\\/www.ecrivus-multimedia.nl\\\/product\\\/slogan-schrijven\\\/\"]}]},{\"@type\":\"ImageObject\",\"inLanguage\":\"de\",\"@id\":\"https:\\\/\\\/www.ecrivus-multimedia.nl\\\/product\\\/slogan-schrijven\\\/#primaryimage\",\"url\":\"https:\\\/\\\/www.ecrivus-multimedia.nl\\\/wp-content\\\/uploads\\\/2019\\\/07\\\/image-4.webp\",\"contentUrl\":\"https:\\\/\\\/www.ecrivus-multimedia.nl\\\/wp-content\\\/uploads\\\/2019\\\/07\\\/image-4.webp\",\"width\":1000,\"height\":667},{\"@type\":\"BreadcrumbList\",\"@id\":\"https:\\\/\\\/www.ecrivus-multimedia.nl\\\/product\\\/slogan-schrijven\\\/#breadcrumb\",\"itemListElement\":[{\"@type\":\"ListItem\",\"position\":1,\"name\":\"Home\",\"item\":\"https:\\\/\\\/www.ecrivus-multimedia.nl\\\/\"},{\"@type\":\"ListItem\",\"position\":2,\"name\":\"Shop\",\"item\":\"https:\\\/\\\/www.ecrivus-multimedia.nl\\\/shop\\\/\"},{\"@type\":\"ListItem\",\"position\":3,\"name\":\"Slogan schrijven\"}]},{\"@type\":\"WebSite\",\"@id\":\"https:\\\/\\\/www.ecrivus-multimedia.nl\\\/#website\",\"url\":\"https:\\\/\\\/www.ecrivus-multimedia.nl\\\/\",\"name\":\"Ecrivus International Webshop\",\"description\":\"Erkende webshop voor be\u00ebdigde vertalingen.\",\"publisher\":{\"@id\":\"https:\\\/\\\/www.ecrivus-multimedia.nl\\\/#organization\"},\"potentialAction\":[{\"@type\":\"SearchAction\",\"target\":{\"@type\":\"EntryPoint\",\"urlTemplate\":\"https:\\\/\\\/www.ecrivus-multimedia.nl\\\/?s={search_term_string}\"},\"query-input\":{\"@type\":\"PropertyValueSpecification\",\"valueRequired\":true,\"valueName\":\"search_term_string\"}}],\"inLanguage\":\"de\"},{\"@type\":\"Organization\",\"@id\":\"https:\\\/\\\/www.ecrivus-multimedia.nl\\\/#organization\",\"name\":\"Ecrivus International\",\"url\":\"https:\\\/\\\/www.ecrivus-multimedia.nl\\\/\",\"logo\":{\"@type\":\"ImageObject\",\"inLanguage\":\"de\",\"@id\":\"https:\\\/\\\/www.ecrivus-multimedia.nl\\\/#\\\/schema\\\/logo\\\/image\\\/\",\"url\":\"https:\\\/\\\/www.ecrivus-multimedia.nl\\\/wp-content\\\/uploads\\\/2022\\\/01\\\/cropped-small-Logo-Ecrivus-Vector-Transparent2.png\",\"contentUrl\":\"https:\\\/\\\/www.ecrivus-multimedia.nl\\\/wp-content\\\/uploads\\\/2022\\\/01\\\/cropped-small-Logo-Ecrivus-Vector-Transparent2.png\",\"width\":512,\"height\":512,\"caption\":\"Ecrivus International\"},\"image\":{\"@id\":\"https:\\\/\\\/www.ecrivus-multimedia.nl\\\/#\\\/schema\\\/logo\\\/image\\\/\"},\"sameAs\":[\"https:\\\/\\\/www.facebook.com\\\/Ecrivus-International-676624782512639\\\/\",\"https:\\\/\\\/x.com\\\/ecrivusint\"]}]}<\/script>\n<!-- \/ Yoast SEO plugin. -->","yoast_head_json":{"title":"Slogan schrijven? Motto? Bestel nu in onze webshop! 15+ jaar ervaring!","description":"Slogan schrijven? Nieuw motto? Bestel direct online! \u2713 Ervaren copywriters \u2713 Perfect Nederlands \u2713 Voordelig \u2713 Snelle levertijden \u2713 Veilig betalen via iDEAL","robots":{"index":"index","follow":"follow","max-snippet":"max-snippet:-1","max-image-preview":"max-image-preview:large","max-video-preview":"max-video-preview:-1"},"canonical":"https:\/\/www.ecrivus-multimedia.nl\/de\/produkt\/slogan-schreiben\/","og_locale":"de_DE","og_type":"article","og_title":"Slogan schrijven? Motto? Bestel nu in onze webshop! 15+ jaar ervaring!","og_description":"Slogan schrijven? Nieuw motto? Bestel direct online! \u2713 Ervaren copywriters \u2713 Perfect Nederlands \u2713 Voordelig \u2713 Snelle levertijden \u2713 Veilig betalen via iDEAL","og_url":"https:\/\/www.ecrivus-multimedia.nl\/de\/produkt\/slogan-schreiben\/","og_site_name":"Ecrivus International Webshop","article_publisher":"https:\/\/www.facebook.com\/Ecrivus-International-676624782512639\/","article_modified_time":"2026-04-13T07:22:43+00:00","og_image":[{"width":1000,"height":667,"url":"https:\/\/www.ecrivus-multimedia.nl\/wp-content\/uploads\/2019\/07\/image-4.webp","type":"image\/webp"}],"twitter_card":"summary_large_image","twitter_site":"@ecrivusint","twitter_misc":{"Gesch\u00e4tzte Lesezeit":"2\u00a0Minuten"},"schema":{"@context":"https:\/\/schema.org","@graph":[{"@type":"WebPage","@id":"https:\/\/www.ecrivus-multimedia.nl\/product\/slogan-schrijven\/","url":"https:\/\/www.ecrivus-multimedia.nl\/product\/slogan-schrijven\/","name":"Slogan schrijven? Motto? Bestel nu in onze webshop! 15+ jaar ervaring!","isPartOf":{"@id":"https:\/\/www.ecrivus-multimedia.nl\/#website"},"primaryImageOfPage":{"@id":"https:\/\/www.ecrivus-multimedia.nl\/product\/slogan-schrijven\/#primaryimage"},"image":{"@id":"https:\/\/www.ecrivus-multimedia.nl\/product\/slogan-schrijven\/#primaryimage"},"thumbnailUrl":"https:\/\/www.ecrivus-multimedia.nl\/wp-content\/uploads\/2019\/07\/image-4.webp","datePublished":"2019-07-26T09:31:53+00:00","dateModified":"2026-04-13T07:22:43+00:00","description":"Slogan schrijven? Nieuw motto? Bestel direct online! \u2713 Ervaren copywriters \u2713 Perfect Nederlands \u2713 Voordelig \u2713 Snelle levertijden \u2713 Veilig betalen via iDEAL","breadcrumb":{"@id":"https:\/\/www.ecrivus-multimedia.nl\/product\/slogan-schrijven\/#breadcrumb"},"inLanguage":"de","potentialAction":[{"@type":"ReadAction","target":["https:\/\/www.ecrivus-multimedia.nl\/product\/slogan-schrijven\/"]}]},{"@type":"ImageObject","inLanguage":"de","@id":"https:\/\/www.ecrivus-multimedia.nl\/product\/slogan-schrijven\/#primaryimage","url":"https:\/\/www.ecrivus-multimedia.nl\/wp-content\/uploads\/2019\/07\/image-4.webp","contentUrl":"https:\/\/www.ecrivus-multimedia.nl\/wp-content\/uploads\/2019\/07\/image-4.webp","width":1000,"height":667},{"@type":"BreadcrumbList","@id":"https:\/\/www.ecrivus-multimedia.nl\/product\/slogan-schrijven\/#breadcrumb","itemListElement":[{"@type":"ListItem","position":1,"name":"Home","item":"https:\/\/www.ecrivus-multimedia.nl\/"},{"@type":"ListItem","position":2,"name":"Shop","item":"https:\/\/www.ecrivus-multimedia.nl\/shop\/"},{"@type":"ListItem","position":3,"name":"Slogan schrijven"}]},{"@type":"WebSite","@id":"https:\/\/www.ecrivus-multimedia.nl\/#website","url":"https:\/\/www.ecrivus-multimedia.nl\/","name":"Ecrivus International Webshop","description":"Erkende webshop voor be\u00ebdigde vertalingen.","publisher":{"@id":"https:\/\/www.ecrivus-multimedia.nl\/#organization"},"potentialAction":[{"@type":"SearchAction","target":{"@type":"EntryPoint","urlTemplate":"https:\/\/www.ecrivus-multimedia.nl\/?s={search_term_string}"},"query-input":{"@type":"PropertyValueSpecification","valueRequired":true,"valueName":"search_term_string"}}],"inLanguage":"de"},{"@type":"Organization","@id":"https:\/\/www.ecrivus-multimedia.nl\/#organization","name":"Ecrivus International","url":"https:\/\/www.ecrivus-multimedia.nl\/","logo":{"@type":"ImageObject","inLanguage":"de","@id":"https:\/\/www.ecrivus-multimedia.nl\/#\/schema\/logo\/image\/","url":"https:\/\/www.ecrivus-multimedia.nl\/wp-content\/uploads\/2022\/01\/cropped-small-Logo-Ecrivus-Vector-Transparent2.png","contentUrl":"https:\/\/www.ecrivus-multimedia.nl\/wp-content\/uploads\/2022\/01\/cropped-small-Logo-Ecrivus-Vector-Transparent2.png","width":512,"height":512,"caption":"Ecrivus International"},"image":{"@id":"https:\/\/www.ecrivus-multimedia.nl\/#\/schema\/logo\/image\/"},"sameAs":["https:\/\/www.facebook.com\/Ecrivus-International-676624782512639\/","https:\/\/x.com\/ecrivusint"]}]}},"_links":{"self":[{"href":"https:\/\/www.ecrivus-multimedia.nl\/de\/wp-json\/wp\/v2\/product\/44343","targetHints":{"allow":["GET"]}}],"collection":[{"href":"https:\/\/www.ecrivus-multimedia.nl\/de\/wp-json\/wp\/v2\/product"}],"about":[{"href":"https:\/\/www.ecrivus-multimedia.nl\/de\/wp-json\/wp\/v2\/types\/product"}],"replies":[{"embeddable":true,"href":"https:\/\/www.ecrivus-multimedia.nl\/de\/wp-json\/wp\/v2\/comments?post=44343"}],"wp:featuredmedia":[{"embeddable":true,"href":"https:\/\/www.ecrivus-multimedia.nl\/de\/wp-json\/wp\/v2\/media\/132690"}],"wp:attachment":[{"href":"https:\/\/www.ecrivus-multimedia.nl\/de\/wp-json\/wp\/v2\/media?parent=44343"}],"wp:term":[{"taxonomy":"product_brand","embeddable":true,"href":"https:\/\/www.ecrivus-multimedia.nl\/de\/wp-json\/wp\/v2\/product_brand?post=44343"},{"taxonomy":"product_cat","embeddable":true,"href":"https:\/\/www.ecrivus-multimedia.nl\/de\/wp-json\/wp\/v2\/product_cat?post=44343"},{"taxonomy":"product_tag","embeddable":true,"href":"https:\/\/www.ecrivus-multimedia.nl\/de\/wp-json\/wp\/v2\/product_tag?post=44343"}],"curies":[{"name":"wp","href":"https:\/\/api.w.org\/{rel}","templated":true}]}}