{"id":44351,"date":"2019-07-26T14:52:55","date_gmt":"2019-07-26T12:52:55","guid":{"rendered":"https:\/\/www.ecrivus-multimedia.nl\/?post_type=product&#038;p=44351"},"modified":"2026-04-13T09:22:43","modified_gmt":"2026-04-13T07:22:43","slug":"webtekst-schrijven","status":"publish","type":"product","link":"https:\/\/www.ecrivus-multimedia.nl\/de\/produkt\/webtext-schreiben\/","title":{"rendered":"Webtexte schreiben"},"content":{"rendered":"<h2><strong>Webtext schreiben?<\/strong><\/h2>\n<p class=\"western\">Ecrivus International besch\u00e4ftigt interne Texter und Texter, die sich auf Folgendes spezialisiert haben <a href=\"https:\/\/www.ecrivus.nl\/webtekst-schrijven\/\" target=\"_blank\" rel=\"noopener noreferrer\">\u00dcberzeugende Webtexte schreiben<\/a> und andere Webinhalte in perfektem Niederl\u00e4ndisch.<\/p>\n<p class=\"western\">Planen Sie eine neue Website und ben\u00f6tigen kommerzielle, informative und \u00fcberzeugende Texte? Oder haben Sie bereits eine Website, die vorhandenen Texte sind jedoch nicht mehr aktuell und ben\u00f6tigen ein Update? Wir helfen Ihnen gerne beim Verfassen erfolgreicher Webtexte, Webinhalte, Produktbeschreibungen und Standardwebseiten wie \u201e\u00dcber uns\u201c, \u201eKontakt\u201c, \u201eHome\u201c und Kontaktformulare.<\/p>\n<p class=\"western\">Die von uns verfassten Webtexte sind konversionsorientiert und SEO-freundlich. Beispielsweise optimieren wir die Texte im Bereich der Suchmaschinenoptimierung (zur Steigerung Ihres SEO-Rankings) und platzieren CTAs (Call-to-Actions) an taktvollen Stellen im Text, um den Leser zum Handeln, etwa zum Ausf\u00fcllen, zu animieren ein Angebotsformular oder den Kauf eines Produkts oder einer Dienstleistung. Eine gelungene <a href=\"https:\/\/www.ecrivus-multimedia.nl\/go\/webtekst-schrijven\/\" title=\"Webtexte schreiben\" class=\"pretty-link-keyword\"rel=\"\">Webtext<\/a> Das Schreiben kann oft innerhalb von 2-3 Werktagen f\u00fcr Sie erledigt werden.<\/p>\n<p class=\"western\"><b>Wir schreiben Webtexte f\u00fcr:<\/b><\/p>\n<ul>\n<li>\n<p class=\"western\">Startups<\/p>\n<\/li>\n<li>\n<p class=\"western\">Selbstst\u00e4ndige<\/p>\n<\/li>\n<li>\n<p class=\"western\">KMU<\/p>\n<\/li>\n<li>\n<p class=\"western\">Multinationale Unternehmen<\/p>\n<\/li>\n<\/ul>\n<p class=\"western\"><b>Die von uns verfassten Webtexte sind ideal f\u00fcr:<\/b><\/p>\n<ul>\n<li>\n<p class=\"western\">Steigern Sie die Markenbekanntheit<\/p>\n<\/li>\n<li>\n<p class=\"western\">Professioneller Auftritt durch Texte in ausgezeichnetem Niederl\u00e4ndisch<\/p>\n<\/li>\n<li>\n<p class=\"western\">(potenzielle) Kunden auf Informationen aufmerksam machen<\/p>\n<\/li>\n<li>\n<p class=\"western\">Erh\u00f6hen Sie Ihr Suchmaschinenranking (<span style=\"color: #000080;\"><span lang=\"zxx\"><a href=\"https:\/\/www.ecrivus.nl\/seo-vertaling\/\">SEO-Ranking\/Suchmaschinenoptimierung<\/a><\/span><\/span>)<\/p>\n<\/li>\n<li>\n<p class=\"western\">Erh\u00f6hen Sie die Online-Sichtbarkeit Ihres Unternehmens<\/p>\n<\/li>\n<li>\n<p class=\"western\">Lead-Generierung<\/p>\n<\/li>\n<li>\n<p class=\"western\">Landingpages, Werbe- und Marketingkampagnen<\/p>\n<\/li>\n<li>\n<p class=\"western\">Umsatzsteigerung (durch Call-to-Actions)<\/p>\n<\/li>\n<\/ul>\n<p>So machen Sie Ihr <a href=\"https:\/\/www.ecrivus-multimedia.nl\/go\/webtekst-schrijven\/\" title=\"Webtexte schreiben\" class=\"pretty-link-keyword\"rel=\"\">Webtext<\/a> Um es sofort schreiben zu lassen, w\u00e4hlen Sie oben die gew\u00fcnschte Wortanzahl aus. Klicken Sie dann auf \u201eIn den Warenkorb\u201c. Anschlie\u00dfend k\u00f6nnen Sie das Briefing\/die Anleitung, die Sie dem Texter geben m\u00f6chten, hochladen und zu Ihrem Auftrag hinzuf\u00fcgen. Sie k\u00f6nnen eine ZIP-Datei f\u00fcr mehrere Dokumente hochladen. Wir bieten verschiedene Zahlungsm\u00f6glichkeiten \u00fcber sichere Verbindungen an (u.a. iDeal, Bank\u00fcberweisung und PayPal).<\/p>\n<p><strong>Standard-Lieferzeit<\/strong>: 5 Werktage<\/p>","protected":false},"excerpt":{"rendered":"<p>Professionell verfasste Webtexte durch spezialisierte Texter inklusive Qualit\u00e4tskontrolle und Endredaktion. W\u00e4hlen Sie unten die gew\u00fcnschte Sprache aus:<\/p>","protected":false},"featured_media":132689,"comment_status":"open","ping_status":"closed","template":"","meta":{"_acf_changed":false,"_glsr_average":0,"_glsr_ranking":0,"_glsr_reviews":0,"_joinchat":[]},"product_brand":[],"product_cat":[15342],"product_tag":[],"class_list":{"0":"post-44351","1":"product","2":"type-product","3":"status-publish","4":"has-post-thumbnail","6":"product_cat-copywriting-content","8":"first","9":"instock","10":"sold-individually","11":"taxable","12":"shipping-taxable","13":"purchasable","14":"product-type-variable"},"acf":[],"yoast_head":"<!-- This site is optimized with the Yoast SEO plugin v27.4 - https:\/\/yoast.com\/product\/yoast-seo-wordpress\/ -->\n<title>Webtekst schrijven? Webcontent nodig? Bestel nu in onze webshop!<\/title>\n<meta name=\"description\" content=\"Webtekst schrijven? Wij schrijven webteksten in helder en perfect Nederlands. \u2713 SEO-vriendelijk \u2713 GRATIS offerte \u2713 Voordelig en snel\" \/>\n<meta name=\"robots\" content=\"index, follow, max-snippet:-1, max-image-preview:large, max-video-preview:-1\" \/>\n<link rel=\"canonical\" href=\"https:\/\/www.ecrivus-multimedia.nl\/de\/produkt\/webtext-schreiben\/\" \/>\n<meta property=\"og:locale\" content=\"de_DE\" \/>\n<meta property=\"og:type\" content=\"article\" \/>\n<meta property=\"og:title\" content=\"Webtekst schrijven? Webcontent nodig? Bestel nu in onze webshop!\" \/>\n<meta property=\"og:description\" content=\"Webtekst schrijven? Wij schrijven webteksten in helder en perfect Nederlands. \u2713 SEO-vriendelijk \u2713 GRATIS offerte \u2713 Voordelig en snel\" \/>\n<meta property=\"og:url\" content=\"https:\/\/www.ecrivus-multimedia.nl\/de\/produkt\/webtext-schreiben\/\" \/>\n<meta property=\"og:site_name\" content=\"Ecrivus International Webshop\" \/>\n<meta property=\"article:publisher\" content=\"https:\/\/www.facebook.com\/Ecrivus-International-676624782512639\/\" \/>\n<meta property=\"article:modified_time\" content=\"2026-04-13T07:22:43+00:00\" \/>\n<meta property=\"og:image\" content=\"https:\/\/www.ecrivus-multimedia.nl\/wp-content\/uploads\/2019\/07\/image-2.webp\" \/>\n\t<meta property=\"og:image:width\" content=\"1000\" \/>\n\t<meta property=\"og:image:height\" content=\"667\" \/>\n\t<meta property=\"og:image:type\" content=\"image\/webp\" \/>\n<meta name=\"twitter:card\" content=\"summary_large_image\" \/>\n<meta name=\"twitter:site\" content=\"@ecrivusint\" \/>\n<meta name=\"twitter:label1\" content=\"Gesch\u00e4tzte Lesezeit\" \/>\n\t<meta name=\"twitter:data1\" content=\"2\u00a0Minuten\" \/>\n<script type=\"application\/ld+json\" class=\"yoast-schema-graph\">{\"@context\":\"https:\\\/\\\/schema.org\",\"@graph\":[{\"@type\":\"WebPage\",\"@id\":\"https:\\\/\\\/www.ecrivus-multimedia.nl\\\/product\\\/webtekst-schrijven\\\/\",\"url\":\"https:\\\/\\\/www.ecrivus-multimedia.nl\\\/product\\\/webtekst-schrijven\\\/\",\"name\":\"Webtekst schrijven? Webcontent nodig? Bestel nu in onze webshop!\",\"isPartOf\":{\"@id\":\"https:\\\/\\\/www.ecrivus-multimedia.nl\\\/#website\"},\"primaryImageOfPage\":{\"@id\":\"https:\\\/\\\/www.ecrivus-multimedia.nl\\\/product\\\/webtekst-schrijven\\\/#primaryimage\"},\"image\":{\"@id\":\"https:\\\/\\\/www.ecrivus-multimedia.nl\\\/product\\\/webtekst-schrijven\\\/#primaryimage\"},\"thumbnailUrl\":\"https:\\\/\\\/www.ecrivus-multimedia.nl\\\/wp-content\\\/uploads\\\/2019\\\/07\\\/image-2.webp\",\"datePublished\":\"2019-07-26T12:52:55+00:00\",\"dateModified\":\"2026-04-13T07:22:43+00:00\",\"description\":\"Webtekst schrijven? Wij schrijven webteksten in helder en perfect Nederlands. \u2713 SEO-vriendelijk \u2713 GRATIS offerte \u2713 Voordelig en snel\",\"breadcrumb\":{\"@id\":\"https:\\\/\\\/www.ecrivus-multimedia.nl\\\/product\\\/webtekst-schrijven\\\/#breadcrumb\"},\"inLanguage\":\"de\",\"potentialAction\":[{\"@type\":\"ReadAction\",\"target\":[\"https:\\\/\\\/www.ecrivus-multimedia.nl\\\/product\\\/webtekst-schrijven\\\/\"]}]},{\"@type\":\"ImageObject\",\"inLanguage\":\"de\",\"@id\":\"https:\\\/\\\/www.ecrivus-multimedia.nl\\\/product\\\/webtekst-schrijven\\\/#primaryimage\",\"url\":\"https:\\\/\\\/www.ecrivus-multimedia.nl\\\/wp-content\\\/uploads\\\/2019\\\/07\\\/image-2.webp\",\"contentUrl\":\"https:\\\/\\\/www.ecrivus-multimedia.nl\\\/wp-content\\\/uploads\\\/2019\\\/07\\\/image-2.webp\",\"width\":1000,\"height\":667},{\"@type\":\"BreadcrumbList\",\"@id\":\"https:\\\/\\\/www.ecrivus-multimedia.nl\\\/product\\\/webtekst-schrijven\\\/#breadcrumb\",\"itemListElement\":[{\"@type\":\"ListItem\",\"position\":1,\"name\":\"Home\",\"item\":\"https:\\\/\\\/www.ecrivus-multimedia.nl\\\/\"},{\"@type\":\"ListItem\",\"position\":2,\"name\":\"Shop\",\"item\":\"https:\\\/\\\/www.ecrivus-multimedia.nl\\\/shop\\\/\"},{\"@type\":\"ListItem\",\"position\":3,\"name\":\"Webtekst schrijven\"}]},{\"@type\":\"WebSite\",\"@id\":\"https:\\\/\\\/www.ecrivus-multimedia.nl\\\/#website\",\"url\":\"https:\\\/\\\/www.ecrivus-multimedia.nl\\\/\",\"name\":\"Ecrivus International Webshop\",\"description\":\"Erkende webshop voor be\u00ebdigde vertalingen.\",\"publisher\":{\"@id\":\"https:\\\/\\\/www.ecrivus-multimedia.nl\\\/#organization\"},\"potentialAction\":[{\"@type\":\"SearchAction\",\"target\":{\"@type\":\"EntryPoint\",\"urlTemplate\":\"https:\\\/\\\/www.ecrivus-multimedia.nl\\\/?s={search_term_string}\"},\"query-input\":{\"@type\":\"PropertyValueSpecification\",\"valueRequired\":true,\"valueName\":\"search_term_string\"}}],\"inLanguage\":\"de\"},{\"@type\":\"Organization\",\"@id\":\"https:\\\/\\\/www.ecrivus-multimedia.nl\\\/#organization\",\"name\":\"Ecrivus International\",\"url\":\"https:\\\/\\\/www.ecrivus-multimedia.nl\\\/\",\"logo\":{\"@type\":\"ImageObject\",\"inLanguage\":\"de\",\"@id\":\"https:\\\/\\\/www.ecrivus-multimedia.nl\\\/#\\\/schema\\\/logo\\\/image\\\/\",\"url\":\"https:\\\/\\\/www.ecrivus-multimedia.nl\\\/wp-content\\\/uploads\\\/2022\\\/01\\\/cropped-small-Logo-Ecrivus-Vector-Transparent2.png\",\"contentUrl\":\"https:\\\/\\\/www.ecrivus-multimedia.nl\\\/wp-content\\\/uploads\\\/2022\\\/01\\\/cropped-small-Logo-Ecrivus-Vector-Transparent2.png\",\"width\":512,\"height\":512,\"caption\":\"Ecrivus International\"},\"image\":{\"@id\":\"https:\\\/\\\/www.ecrivus-multimedia.nl\\\/#\\\/schema\\\/logo\\\/image\\\/\"},\"sameAs\":[\"https:\\\/\\\/www.facebook.com\\\/Ecrivus-International-676624782512639\\\/\",\"https:\\\/\\\/x.com\\\/ecrivusint\"]}]}<\/script>\n<!-- \/ Yoast SEO plugin. -->","yoast_head_json":{"title":"Webtekst schrijven? Webcontent nodig? Bestel nu in onze webshop!","description":"Webtekst schrijven? Wij schrijven webteksten in helder en perfect Nederlands. \u2713 SEO-vriendelijk \u2713 GRATIS offerte \u2713 Voordelig en snel","robots":{"index":"index","follow":"follow","max-snippet":"max-snippet:-1","max-image-preview":"max-image-preview:large","max-video-preview":"max-video-preview:-1"},"canonical":"https:\/\/www.ecrivus-multimedia.nl\/de\/produkt\/webtext-schreiben\/","og_locale":"de_DE","og_type":"article","og_title":"Webtekst schrijven? Webcontent nodig? Bestel nu in onze webshop!","og_description":"Webtekst schrijven? Wij schrijven webteksten in helder en perfect Nederlands. \u2713 SEO-vriendelijk \u2713 GRATIS offerte \u2713 Voordelig en snel","og_url":"https:\/\/www.ecrivus-multimedia.nl\/de\/produkt\/webtext-schreiben\/","og_site_name":"Ecrivus International Webshop","article_publisher":"https:\/\/www.facebook.com\/Ecrivus-International-676624782512639\/","article_modified_time":"2026-04-13T07:22:43+00:00","og_image":[{"width":1000,"height":667,"url":"https:\/\/www.ecrivus-multimedia.nl\/wp-content\/uploads\/2019\/07\/image-2.webp","type":"image\/webp"}],"twitter_card":"summary_large_image","twitter_site":"@ecrivusint","twitter_misc":{"Gesch\u00e4tzte Lesezeit":"2\u00a0Minuten"},"schema":{"@context":"https:\/\/schema.org","@graph":[{"@type":"WebPage","@id":"https:\/\/www.ecrivus-multimedia.nl\/product\/webtekst-schrijven\/","url":"https:\/\/www.ecrivus-multimedia.nl\/product\/webtekst-schrijven\/","name":"Webtekst schrijven? Webcontent nodig? Bestel nu in onze webshop!","isPartOf":{"@id":"https:\/\/www.ecrivus-multimedia.nl\/#website"},"primaryImageOfPage":{"@id":"https:\/\/www.ecrivus-multimedia.nl\/product\/webtekst-schrijven\/#primaryimage"},"image":{"@id":"https:\/\/www.ecrivus-multimedia.nl\/product\/webtekst-schrijven\/#primaryimage"},"thumbnailUrl":"https:\/\/www.ecrivus-multimedia.nl\/wp-content\/uploads\/2019\/07\/image-2.webp","datePublished":"2019-07-26T12:52:55+00:00","dateModified":"2026-04-13T07:22:43+00:00","description":"Webtekst schrijven? Wij schrijven webteksten in helder en perfect Nederlands. \u2713 SEO-vriendelijk \u2713 GRATIS offerte \u2713 Voordelig en snel","breadcrumb":{"@id":"https:\/\/www.ecrivus-multimedia.nl\/product\/webtekst-schrijven\/#breadcrumb"},"inLanguage":"de","potentialAction":[{"@type":"ReadAction","target":["https:\/\/www.ecrivus-multimedia.nl\/product\/webtekst-schrijven\/"]}]},{"@type":"ImageObject","inLanguage":"de","@id":"https:\/\/www.ecrivus-multimedia.nl\/product\/webtekst-schrijven\/#primaryimage","url":"https:\/\/www.ecrivus-multimedia.nl\/wp-content\/uploads\/2019\/07\/image-2.webp","contentUrl":"https:\/\/www.ecrivus-multimedia.nl\/wp-content\/uploads\/2019\/07\/image-2.webp","width":1000,"height":667},{"@type":"BreadcrumbList","@id":"https:\/\/www.ecrivus-multimedia.nl\/product\/webtekst-schrijven\/#breadcrumb","itemListElement":[{"@type":"ListItem","position":1,"name":"Home","item":"https:\/\/www.ecrivus-multimedia.nl\/"},{"@type":"ListItem","position":2,"name":"Shop","item":"https:\/\/www.ecrivus-multimedia.nl\/shop\/"},{"@type":"ListItem","position":3,"name":"Webtekst schrijven"}]},{"@type":"WebSite","@id":"https:\/\/www.ecrivus-multimedia.nl\/#website","url":"https:\/\/www.ecrivus-multimedia.nl\/","name":"Ecrivus International Webshop","description":"Erkende webshop voor be\u00ebdigde vertalingen.","publisher":{"@id":"https:\/\/www.ecrivus-multimedia.nl\/#organization"},"potentialAction":[{"@type":"SearchAction","target":{"@type":"EntryPoint","urlTemplate":"https:\/\/www.ecrivus-multimedia.nl\/?s={search_term_string}"},"query-input":{"@type":"PropertyValueSpecification","valueRequired":true,"valueName":"search_term_string"}}],"inLanguage":"de"},{"@type":"Organization","@id":"https:\/\/www.ecrivus-multimedia.nl\/#organization","name":"Ecrivus International","url":"https:\/\/www.ecrivus-multimedia.nl\/","logo":{"@type":"ImageObject","inLanguage":"de","@id":"https:\/\/www.ecrivus-multimedia.nl\/#\/schema\/logo\/image\/","url":"https:\/\/www.ecrivus-multimedia.nl\/wp-content\/uploads\/2022\/01\/cropped-small-Logo-Ecrivus-Vector-Transparent2.png","contentUrl":"https:\/\/www.ecrivus-multimedia.nl\/wp-content\/uploads\/2022\/01\/cropped-small-Logo-Ecrivus-Vector-Transparent2.png","width":512,"height":512,"caption":"Ecrivus International"},"image":{"@id":"https:\/\/www.ecrivus-multimedia.nl\/#\/schema\/logo\/image\/"},"sameAs":["https:\/\/www.facebook.com\/Ecrivus-International-676624782512639\/","https:\/\/x.com\/ecrivusint"]}]}},"_links":{"self":[{"href":"https:\/\/www.ecrivus-multimedia.nl\/de\/wp-json\/wp\/v2\/product\/44351","targetHints":{"allow":["GET"]}}],"collection":[{"href":"https:\/\/www.ecrivus-multimedia.nl\/de\/wp-json\/wp\/v2\/product"}],"about":[{"href":"https:\/\/www.ecrivus-multimedia.nl\/de\/wp-json\/wp\/v2\/types\/product"}],"replies":[{"embeddable":true,"href":"https:\/\/www.ecrivus-multimedia.nl\/de\/wp-json\/wp\/v2\/comments?post=44351"}],"wp:featuredmedia":[{"embeddable":true,"href":"https:\/\/www.ecrivus-multimedia.nl\/de\/wp-json\/wp\/v2\/media\/132689"}],"wp:attachment":[{"href":"https:\/\/www.ecrivus-multimedia.nl\/de\/wp-json\/wp\/v2\/media?parent=44351"}],"wp:term":[{"taxonomy":"product_brand","embeddable":true,"href":"https:\/\/www.ecrivus-multimedia.nl\/de\/wp-json\/wp\/v2\/product_brand?post=44351"},{"taxonomy":"product_cat","embeddable":true,"href":"https:\/\/www.ecrivus-multimedia.nl\/de\/wp-json\/wp\/v2\/product_cat?post=44351"},{"taxonomy":"product_tag","embeddable":true,"href":"https:\/\/www.ecrivus-multimedia.nl\/de\/wp-json\/wp\/v2\/product_tag?post=44351"}],"curies":[{"name":"wp","href":"https:\/\/api.w.org\/{rel}","templated":true}]}}