{"id":54745,"date":"2017-08-04T08:29:10","date_gmt":"2017-08-04T06:29:10","guid":{"rendered":"https:\/\/www.ecrivus-multimedia.nl\/product\/verslag-betalingen-aan-overheden-beedigde-vertaling-met-stempel\/"},"modified":"2026-04-12T12:13:17","modified_gmt":"2026-04-12T10:13:17","slug":"verslag-betalingen-aan-overheden-beedigde-vertaling-met-stempel","status":"publish","type":"product","link":"https:\/\/www.ecrivus-multimedia.nl\/de\/produkt\/bericht-uber-zahlungen-an-regierungen-beglaubigte-ubersetzung-mit-stempel\/","title":{"rendered":"\u00dcbersetzen Sie Bericht Zahlungen an Regierungen (vereidigt)"},"content":{"rendered":"<p><strong>Bericht <a href=\"https:\/\/www.ecrivus-multimedia.nl\/go\/verslag-betalingen-aan-overheden-beedigde-vertaling-met-stempel\/\" title=\"Zahlungen an Regierungen melden, beglaubigte \u00dcbersetzung? Bestellen Sie in unserem Webshop!\" class=\"pretty-link-keyword\"rel=\"\">Zahlungen an Regierungen<\/a> (<a href=\"https:\/\/www.ecrivus-multimedia.nl\/go\/be\u00ebdigde-vertaling\/\" title=\"Beglaubigte \u00dcbersetzungen Archiv | Ecrivus International Webshop\" class=\"pretty-link-keyword\"rel=\"\">beeidigte \u00dcbersetzung<\/a> mit Stempel)<\/strong><\/p>\n<p>Die <a href=\"https:\/\/www.ecrivus-multimedia.nl\/go\/be\u00ebdigde-vertaling\/\" title=\"Beglaubigte \u00dcbersetzungen Archiv | Ecrivus International Webshop\" class=\"pretty-link-keyword\"rel=\"\">beeidigte \u00dcbersetzung<\/a> Ihres Berichts <a href=\"https:\/\/www.ecrivus-multimedia.nl\/go\/verslag-betalingen-aan-overheden-beedigde-vertaling-met-stempel\/\" title=\"Zahlungen an Regierungen melden, beglaubigte \u00dcbersetzung? Bestellen Sie in unserem Webshop!\" class=\"pretty-link-keyword\"rel=\"\">Zahlungen an Regierungen<\/a> k\u00f6nnen jetzt ganz einfach online bestellt werden.<\/p>\n<p>Haben Sie eine <a href=\"https:\/\/www.ecrivus-multimedia.nl\/go\/be\u00ebdigde-vertaling\/\" title=\"Beglaubigte \u00dcbersetzungen Archiv | Ecrivus International Webshop\" class=\"pretty-link-keyword\"rel=\"\">beeidigte \u00dcbersetzung<\/a> eines Berichts <a href=\"https:\/\/www.ecrivus-multimedia.nl\/go\/verslag-betalingen-aan-overheden-beedigde-vertaling-met-stempel\/\" title=\"Zahlungen an Regierungen melden, beglaubigte \u00dcbersetzung? Bestellen Sie in unserem Webshop!\" class=\"pretty-link-keyword\"rel=\"\">Zahlungen an Regierungen<\/a> ben\u00f6tigt? A <a href=\"https:\/\/www.ecrivus-multimedia.nl\/go\/be\u00ebdigde-vertaling\/\" title=\"Beglaubigte \u00dcbersetzungen Archiv | Ecrivus International Webshop\" class=\"pretty-link-keyword\"rel=\"\">beeidigte \u00dcbersetzung<\/a> eines Berichts <a href=\"https:\/\/www.ecrivus-multimedia.nl\/go\/verslag-betalingen-aan-overheden-beedigde-vertaling-met-stempel\/\" title=\"Zahlungen an Regierungen melden, beglaubigte \u00dcbersetzung? Bestellen Sie in unserem Webshop!\" class=\"pretty-link-keyword\"rel=\"\">Zahlungen an Regierungen<\/a> ist bei Ecrivus International schnell und einfach erledigt. Wir arbeiten eng mit einem umfangreichen Netzwerk von qualifizierten und vereidigten \u00dcbersetzern zusammen, die \u00fcber umfangreiche Erfahrung in der vereidigten \u00dcbersetzung von <a href=\"https:\/\/www.ecrivus-multimedia.nl\/go\/be\u00ebdigde-vertaling\/\" title=\"Beglaubigte \u00dcbersetzungen Archiv | Ecrivus International Webshop\" class=\"pretty-link-keyword\"rel=\"\">offizielle Dokumente<\/a>. Das bedeutet, dass Sie Ihrem Bericht vertrauen k\u00f6nnen <a href=\"https:\/\/www.ecrivus-multimedia.nl\/go\/verslag-betalingen-aan-overheden-beedigde-vertaling-met-stempel\/\" title=\"Zahlungen an Regierungen melden, beglaubigte \u00dcbersetzung? Bestellen Sie in unserem Webshop!\" class=\"pretty-link-keyword\"rel=\"\">Zahlungen an Regierungen<\/a> genau in die gew\u00fcnschte Sprache \u00fcbersetzt. Alle unsere <a href=\"https:\/\/www.ecrivus-multimedia.nl\/go\/be\u00ebdigde-vertaling\/\" title=\"Beglaubigte \u00dcbersetzungen Archiv | Ecrivus International Webshop\" class=\"pretty-link-keyword\"rel=\"\">beglaubigte \u00dcbersetzungen<\/a> umfassen nat\u00fcrlich den Stempel des <a href=\"https:\/\/www.ecrivus-multimedia.nl\/go\/be\u00ebdigde-vertaling\/\" title=\"Beglaubigte \u00dcbersetzungen Archiv | Ecrivus International Webshop\" class=\"pretty-link-keyword\"rel=\"\">vereidigter \u00dcbersetzer<\/a>.<\/p>\n<p><strong>Die <a href=\"https:\/\/www.ecrivus-multimedia.nl\/go\/be\u00ebdigde-vertaling\/\" title=\"Beglaubigte \u00dcbersetzungen Archiv | Ecrivus International Webshop\" class=\"pretty-link-keyword\"rel=\"\">beeidigte \u00dcbersetzung<\/a> Ihres Berichts <a href=\"https:\/\/www.ecrivus-multimedia.nl\/go\/verslag-betalingen-aan-overheden-beedigde-vertaling-met-stempel\/\" title=\"Zahlungen an Regierungen melden, beglaubigte \u00dcbersetzung? Bestellen Sie in unserem Webshop!\" class=\"pretty-link-keyword\"rel=\"\">Zahlungen an Regierungen<\/a> ist bei uns in guten H\u00e4nden:<\/strong><\/p>\n<ul>\n<li>\u00dcbersetzung durch vereidigte, erfahrene und spezialisierte <a href=\"http:\/\/www.ecrivus.nl\/juridische-vertalingen\/\">juristische \u00dcbersetzerin<\/a><\/li>\n<li>Inklusive <a href=\"http:\/\/www.ecrivus.nl\/proeflezen\/\">Korrekturlesen<\/a><\/li>\n<li>Inklusive <a href=\"http:\/\/www.ecrivus.nl\/qa-kwaliteitscontroles\/\">Qualit\u00e4tskontrollen<\/a><\/li>\n<li>G\u00fcnstige Preise<\/li>\n<li>Schnelle Lieferzeiten<\/li>\n<li>Wahl der <a href=\"http:\/\/www.ecrivus.nl\/talen\/\">Hunderte von Sprachkombinationen<\/a><\/li>\n<li>Expresslieferung m\u00f6glich<\/li>\n<li>Unterst\u00fctzung f\u00fcr viele Dateiformate, einschlie\u00dflich PDF<\/li>\n<li>Stets eingeschriebene Zustellung Ihrer <a href=\"https:\/\/www.ecrivus-multimedia.nl\/go\/be\u00ebdigde-vertaling\/\" title=\"Beglaubigte \u00dcbersetzungen Archiv | Ecrivus International Webshop\" class=\"pretty-link-keyword\"rel=\"\">beeidigte \u00dcbersetzung<\/a> mit Track &amp; Trace<\/li>\n<li>Die M\u00f6glichkeit, Ihr Dokument mit einem <a href=\"https:\/\/www.ecrivus-multimedia.nl\/go\/apostilles-legalisatie-landenoverzicht\/\" title=\"Apostillen (Legalisierung) - L\u00e4nder\u00fcbersicht\" class=\"pretty-link-keyword\"rel=\"\">Apostille<\/a> oder <a href=\"https:\/\/www.ecrivus-multimedia.nl\/go\/apostilles-legalisatie-landenoverzicht\/\" title=\"Apostillen (Legalisierung) - L\u00e4nder\u00fcbersicht\" class=\"pretty-link-keyword\"rel=\"\">Legalisierung<\/a> (legalisieren)<\/li>\n<\/ul>\n<p>F\u00fcr Ihren Bericht <a href=\"https:\/\/www.ecrivus-multimedia.nl\/go\/verslag-betalingen-aan-overheden-beedigde-vertaling-met-stempel\/\" title=\"Zahlungen an Regierungen melden, beglaubigte \u00dcbersetzung? Bestellen Sie in unserem Webshop!\" class=\"pretty-link-keyword\"rel=\"\">Zahlungen an Regierungen<\/a> Um es sofort \u00fcbersetzen zu lassen, w\u00e4hlen Sie oben auf dieser Seite die Anzahl der Seiten und die gew\u00fcnschte Sprachkombination aus. Klicken Sie dann auf \u201eIn den Warenkorb\u201c. Anschlie\u00dfend k\u00f6nnen Sie ein Foto\/einen Scan Ihres Berichts machen <a href=\"https:\/\/www.ecrivus-multimedia.nl\/go\/verslag-betalingen-aan-overheden-beedigde-vertaling-met-stempel\/\" title=\"Zahlungen an Regierungen melden, beglaubigte \u00dcbersetzung? Bestellen Sie in unserem Webshop!\" class=\"pretty-link-keyword\"rel=\"\">Zahlungen an Regierungen<\/a> hochladen und zu Ihrer Bestellung hinzuf\u00fcgen. Wir bieten mehrere Zahlungsm\u00f6glichkeiten \u00fcber sichere Verbindungen an (einschlie\u00dflich iDEAL, Bank\u00fcberweisung und PayPal).<\/p>\n<p><strong>Standard-Lieferzeit<\/strong>: 5-6 Arbeitstage. Eine Expresslieferung ist m\u00f6glich (2-3 Werktage).<\/p>\n<p>&nbsp;<\/p>","protected":false},"excerpt":{"rendered":"<p>Beglaubigte \u00dcbersetzung mit Stempel durch einen beeidigten \u00dcbersetzer.<br \/>\nBitte w\u00e4hlen Sie die untenstehende Sprachkombination aus:<\/p>","protected":false},"featured_media":132609,"comment_status":"open","ping_status":"closed","template":"","meta":{"_acf_changed":false,"_glsr_average":0,"_glsr_ranking":0,"_glsr_reviews":0,"_joinchat":[]},"product_brand":[],"product_cat":[107,624],"product_tag":[642,112,15521],"class_list":{"0":"post-54745","1":"product","2":"type-product","3":"status-publish","4":"has-post-thumbnail","6":"product_cat-beedigde-vertalingen","7":"product_cat-juridische-vertalingen","8":"product_tag-beedigd","9":"product_tag-juridisch","10":"product_tag-verslag-betalingen-aan-overheden","12":"first","13":"instock","14":"sold-individually","15":"taxable","16":"shipping-taxable","17":"purchasable","18":"product-type-variable"},"acf":[],"yoast_head":"<!-- This site is optimized with the Yoast SEO plugin v27.4 - https:\/\/yoast.com\/product\/yoast-seo-wordpress\/ -->\n<title>Verslag betalingen aan overheden be\u00ebdigd vertalen? Bestel in onze webshop!<\/title>\n<meta name=\"description\" content=\"Verslag betalingen aan overheden be\u00ebdigd vertalen? Bestel direct online! Offici\u00eble be\u00ebdigde vertaling met stempel van uw verslag betalingen aan overheden. Alle talen. Voordelig geregeld!\" \/>\n<meta name=\"robots\" content=\"index, follow, max-snippet:-1, max-image-preview:large, max-video-preview:-1\" \/>\n<link rel=\"canonical\" href=\"https:\/\/www.ecrivus-multimedia.nl\/de\/produkt\/bericht-uber-zahlungen-an-regierungen-beglaubigte-ubersetzung-mit-stempel\/\" \/>\n<meta property=\"og:locale\" content=\"de_DE\" \/>\n<meta property=\"og:type\" content=\"article\" \/>\n<meta property=\"og:title\" content=\"Verslag betalingen aan overheden be\u00ebdigd vertalen? Bestel in onze webshop!\" \/>\n<meta property=\"og:description\" content=\"Verslag betalingen aan overheden be\u00ebdigd vertalen? Bestel direct online! Offici\u00eble be\u00ebdigde vertaling met stempel van uw verslag betalingen aan overheden. Alle talen. Voordelig geregeld!\" \/>\n<meta property=\"og:url\" content=\"https:\/\/www.ecrivus-multimedia.nl\/de\/produkt\/bericht-uber-zahlungen-an-regierungen-beglaubigte-ubersetzung-mit-stempel\/\" \/>\n<meta property=\"og:site_name\" content=\"Ecrivus International Webshop\" \/>\n<meta property=\"article:publisher\" content=\"https:\/\/www.facebook.com\/Ecrivus-International-676624782512639\/\" \/>\n<meta property=\"article:modified_time\" content=\"2026-04-12T10:13:17+00:00\" \/>\n<meta property=\"og:image\" content=\"https:\/\/www.ecrivus-multimedia.nl\/wp-content\/uploads\/2021\/11\/beedigde-vertaling.jpg\" \/>\n\t<meta property=\"og:image:width\" content=\"1000\" \/>\n\t<meta property=\"og:image:height\" content=\"667\" \/>\n\t<meta property=\"og:image:type\" content=\"image\/jpeg\" \/>\n<meta name=\"twitter:card\" content=\"summary_large_image\" \/>\n<meta name=\"twitter:site\" content=\"@ecrivusint\" \/>\n<meta name=\"twitter:label1\" content=\"Gesch\u00e4tzte Lesezeit\" \/>\n\t<meta name=\"twitter:data1\" content=\"1\u00a0Minute\" \/>\n<script type=\"application\/ld+json\" class=\"yoast-schema-graph\">{\"@context\":\"https:\\\/\\\/schema.org\",\"@graph\":[{\"@type\":\"WebPage\",\"@id\":\"https:\\\/\\\/www.ecrivus-multimedia.nl\\\/product\\\/verslag-betalingen-aan-overheden-beedigde-vertaling-met-stempel\\\/\",\"url\":\"https:\\\/\\\/www.ecrivus-multimedia.nl\\\/product\\\/verslag-betalingen-aan-overheden-beedigde-vertaling-met-stempel\\\/\",\"name\":\"Verslag betalingen aan overheden be\u00ebdigd vertalen? Bestel in onze webshop!\",\"isPartOf\":{\"@id\":\"https:\\\/\\\/www.ecrivus-multimedia.nl\\\/#website\"},\"primaryImageOfPage\":{\"@id\":\"https:\\\/\\\/www.ecrivus-multimedia.nl\\\/product\\\/verslag-betalingen-aan-overheden-beedigde-vertaling-met-stempel\\\/#primaryimage\"},\"image\":{\"@id\":\"https:\\\/\\\/www.ecrivus-multimedia.nl\\\/product\\\/verslag-betalingen-aan-overheden-beedigde-vertaling-met-stempel\\\/#primaryimage\"},\"thumbnailUrl\":\"https:\\\/\\\/www.ecrivus-multimedia.nl\\\/wp-content\\\/uploads\\\/2026\\\/04\\\/lakstempel-drukken-document-vooraanzicht-2.jpg\",\"datePublished\":\"2017-08-04T06:29:10+00:00\",\"dateModified\":\"2026-04-12T10:13:17+00:00\",\"description\":\"Verslag betalingen aan overheden be\u00ebdigd vertalen? Bestel direct online! Offici\u00eble be\u00ebdigde vertaling met stempel van uw verslag betalingen aan overheden. Alle talen. Voordelig geregeld!\",\"breadcrumb\":{\"@id\":\"https:\\\/\\\/www.ecrivus-multimedia.nl\\\/product\\\/verslag-betalingen-aan-overheden-beedigde-vertaling-met-stempel\\\/#breadcrumb\"},\"inLanguage\":\"de\",\"potentialAction\":[{\"@type\":\"ReadAction\",\"target\":[\"https:\\\/\\\/www.ecrivus-multimedia.nl\\\/product\\\/verslag-betalingen-aan-overheden-beedigde-vertaling-met-stempel\\\/\"]}]},{\"@type\":\"ImageObject\",\"inLanguage\":\"de\",\"@id\":\"https:\\\/\\\/www.ecrivus-multimedia.nl\\\/product\\\/verslag-betalingen-aan-overheden-beedigde-vertaling-met-stempel\\\/#primaryimage\",\"url\":\"https:\\\/\\\/www.ecrivus-multimedia.nl\\\/wp-content\\\/uploads\\\/2026\\\/04\\\/lakstempel-drukken-document-vooraanzicht-2.jpg\",\"contentUrl\":\"https:\\\/\\\/www.ecrivus-multimedia.nl\\\/wp-content\\\/uploads\\\/2026\\\/04\\\/lakstempel-drukken-document-vooraanzicht-2.jpg\",\"width\":1000,\"height\":667},{\"@type\":\"BreadcrumbList\",\"@id\":\"https:\\\/\\\/www.ecrivus-multimedia.nl\\\/product\\\/verslag-betalingen-aan-overheden-beedigde-vertaling-met-stempel\\\/#breadcrumb\",\"itemListElement\":[{\"@type\":\"ListItem\",\"position\":1,\"name\":\"Home\",\"item\":\"https:\\\/\\\/www.ecrivus-multimedia.nl\\\/\"},{\"@type\":\"ListItem\",\"position\":2,\"name\":\"Shop\",\"item\":\"https:\\\/\\\/www.ecrivus-multimedia.nl\\\/shop\\\/\"},{\"@type\":\"ListItem\",\"position\":3,\"name\":\"Verslag betalingen aan overheden vertalen (be\u00ebdigd)\"}]},{\"@type\":\"WebSite\",\"@id\":\"https:\\\/\\\/www.ecrivus-multimedia.nl\\\/#website\",\"url\":\"https:\\\/\\\/www.ecrivus-multimedia.nl\\\/\",\"name\":\"Ecrivus International Webshop\",\"description\":\"Erkende webshop voor be\u00ebdigde vertalingen.\",\"publisher\":{\"@id\":\"https:\\\/\\\/www.ecrivus-multimedia.nl\\\/#organization\"},\"potentialAction\":[{\"@type\":\"SearchAction\",\"target\":{\"@type\":\"EntryPoint\",\"urlTemplate\":\"https:\\\/\\\/www.ecrivus-multimedia.nl\\\/?s={search_term_string}\"},\"query-input\":{\"@type\":\"PropertyValueSpecification\",\"valueRequired\":true,\"valueName\":\"search_term_string\"}}],\"inLanguage\":\"de\"},{\"@type\":\"Organization\",\"@id\":\"https:\\\/\\\/www.ecrivus-multimedia.nl\\\/#organization\",\"name\":\"Ecrivus International\",\"url\":\"https:\\\/\\\/www.ecrivus-multimedia.nl\\\/\",\"logo\":{\"@type\":\"ImageObject\",\"inLanguage\":\"de\",\"@id\":\"https:\\\/\\\/www.ecrivus-multimedia.nl\\\/#\\\/schema\\\/logo\\\/image\\\/\",\"url\":\"https:\\\/\\\/www.ecrivus-multimedia.nl\\\/wp-content\\\/uploads\\\/2022\\\/01\\\/cropped-small-Logo-Ecrivus-Vector-Transparent2.png\",\"contentUrl\":\"https:\\\/\\\/www.ecrivus-multimedia.nl\\\/wp-content\\\/uploads\\\/2022\\\/01\\\/cropped-small-Logo-Ecrivus-Vector-Transparent2.png\",\"width\":512,\"height\":512,\"caption\":\"Ecrivus International\"},\"image\":{\"@id\":\"https:\\\/\\\/www.ecrivus-multimedia.nl\\\/#\\\/schema\\\/logo\\\/image\\\/\"},\"sameAs\":[\"https:\\\/\\\/www.facebook.com\\\/Ecrivus-International-676624782512639\\\/\",\"https:\\\/\\\/x.com\\\/ecrivusint\"]}]}<\/script>\n<!-- \/ Yoast SEO plugin. -->","yoast_head_json":{"title":"Verslag betalingen aan overheden be\u00ebdigd vertalen? Bestel in onze webshop!","description":"Verslag betalingen aan overheden be\u00ebdigd vertalen? Bestel direct online! Offici\u00eble be\u00ebdigde vertaling met stempel van uw verslag betalingen aan overheden. Alle talen. Voordelig geregeld!","robots":{"index":"index","follow":"follow","max-snippet":"max-snippet:-1","max-image-preview":"max-image-preview:large","max-video-preview":"max-video-preview:-1"},"canonical":"https:\/\/www.ecrivus-multimedia.nl\/de\/produkt\/bericht-uber-zahlungen-an-regierungen-beglaubigte-ubersetzung-mit-stempel\/","og_locale":"de_DE","og_type":"article","og_title":"Verslag betalingen aan overheden be\u00ebdigd vertalen? Bestel in onze webshop!","og_description":"Verslag betalingen aan overheden be\u00ebdigd vertalen? Bestel direct online! Offici\u00eble be\u00ebdigde vertaling met stempel van uw verslag betalingen aan overheden. Alle talen. Voordelig geregeld!","og_url":"https:\/\/www.ecrivus-multimedia.nl\/de\/produkt\/bericht-uber-zahlungen-an-regierungen-beglaubigte-ubersetzung-mit-stempel\/","og_site_name":"Ecrivus International Webshop","article_publisher":"https:\/\/www.facebook.com\/Ecrivus-International-676624782512639\/","article_modified_time":"2026-04-12T10:13:17+00:00","og_image":[{"width":1000,"height":667,"url":"https:\/\/www.ecrivus-multimedia.nl\/wp-content\/uploads\/2021\/11\/beedigde-vertaling.jpg","type":"image\/jpeg"}],"twitter_card":"summary_large_image","twitter_site":"@ecrivusint","twitter_misc":{"Gesch\u00e4tzte Lesezeit":"1\u00a0Minute"},"schema":{"@context":"https:\/\/schema.org","@graph":[{"@type":"WebPage","@id":"https:\/\/www.ecrivus-multimedia.nl\/product\/verslag-betalingen-aan-overheden-beedigde-vertaling-met-stempel\/","url":"https:\/\/www.ecrivus-multimedia.nl\/product\/verslag-betalingen-aan-overheden-beedigde-vertaling-met-stempel\/","name":"Verslag betalingen aan overheden be\u00ebdigd vertalen? Bestel in onze webshop!","isPartOf":{"@id":"https:\/\/www.ecrivus-multimedia.nl\/#website"},"primaryImageOfPage":{"@id":"https:\/\/www.ecrivus-multimedia.nl\/product\/verslag-betalingen-aan-overheden-beedigde-vertaling-met-stempel\/#primaryimage"},"image":{"@id":"https:\/\/www.ecrivus-multimedia.nl\/product\/verslag-betalingen-aan-overheden-beedigde-vertaling-met-stempel\/#primaryimage"},"thumbnailUrl":"https:\/\/www.ecrivus-multimedia.nl\/wp-content\/uploads\/2026\/04\/lakstempel-drukken-document-vooraanzicht-2.jpg","datePublished":"2017-08-04T06:29:10+00:00","dateModified":"2026-04-12T10:13:17+00:00","description":"Verslag betalingen aan overheden be\u00ebdigd vertalen? Bestel direct online! Offici\u00eble be\u00ebdigde vertaling met stempel van uw verslag betalingen aan overheden. Alle talen. Voordelig geregeld!","breadcrumb":{"@id":"https:\/\/www.ecrivus-multimedia.nl\/product\/verslag-betalingen-aan-overheden-beedigde-vertaling-met-stempel\/#breadcrumb"},"inLanguage":"de","potentialAction":[{"@type":"ReadAction","target":["https:\/\/www.ecrivus-multimedia.nl\/product\/verslag-betalingen-aan-overheden-beedigde-vertaling-met-stempel\/"]}]},{"@type":"ImageObject","inLanguage":"de","@id":"https:\/\/www.ecrivus-multimedia.nl\/product\/verslag-betalingen-aan-overheden-beedigde-vertaling-met-stempel\/#primaryimage","url":"https:\/\/www.ecrivus-multimedia.nl\/wp-content\/uploads\/2026\/04\/lakstempel-drukken-document-vooraanzicht-2.jpg","contentUrl":"https:\/\/www.ecrivus-multimedia.nl\/wp-content\/uploads\/2026\/04\/lakstempel-drukken-document-vooraanzicht-2.jpg","width":1000,"height":667},{"@type":"BreadcrumbList","@id":"https:\/\/www.ecrivus-multimedia.nl\/product\/verslag-betalingen-aan-overheden-beedigde-vertaling-met-stempel\/#breadcrumb","itemListElement":[{"@type":"ListItem","position":1,"name":"Home","item":"https:\/\/www.ecrivus-multimedia.nl\/"},{"@type":"ListItem","position":2,"name":"Shop","item":"https:\/\/www.ecrivus-multimedia.nl\/shop\/"},{"@type":"ListItem","position":3,"name":"Verslag betalingen aan overheden vertalen (be\u00ebdigd)"}]},{"@type":"WebSite","@id":"https:\/\/www.ecrivus-multimedia.nl\/#website","url":"https:\/\/www.ecrivus-multimedia.nl\/","name":"Ecrivus International Webshop","description":"Erkende webshop voor be\u00ebdigde vertalingen.","publisher":{"@id":"https:\/\/www.ecrivus-multimedia.nl\/#organization"},"potentialAction":[{"@type":"SearchAction","target":{"@type":"EntryPoint","urlTemplate":"https:\/\/www.ecrivus-multimedia.nl\/?s={search_term_string}"},"query-input":{"@type":"PropertyValueSpecification","valueRequired":true,"valueName":"search_term_string"}}],"inLanguage":"de"},{"@type":"Organization","@id":"https:\/\/www.ecrivus-multimedia.nl\/#organization","name":"Ecrivus International","url":"https:\/\/www.ecrivus-multimedia.nl\/","logo":{"@type":"ImageObject","inLanguage":"de","@id":"https:\/\/www.ecrivus-multimedia.nl\/#\/schema\/logo\/image\/","url":"https:\/\/www.ecrivus-multimedia.nl\/wp-content\/uploads\/2022\/01\/cropped-small-Logo-Ecrivus-Vector-Transparent2.png","contentUrl":"https:\/\/www.ecrivus-multimedia.nl\/wp-content\/uploads\/2022\/01\/cropped-small-Logo-Ecrivus-Vector-Transparent2.png","width":512,"height":512,"caption":"Ecrivus International"},"image":{"@id":"https:\/\/www.ecrivus-multimedia.nl\/#\/schema\/logo\/image\/"},"sameAs":["https:\/\/www.facebook.com\/Ecrivus-International-676624782512639\/","https:\/\/x.com\/ecrivusint"]}]}},"_links":{"self":[{"href":"https:\/\/www.ecrivus-multimedia.nl\/de\/wp-json\/wp\/v2\/product\/54745","targetHints":{"allow":["GET"]}}],"collection":[{"href":"https:\/\/www.ecrivus-multimedia.nl\/de\/wp-json\/wp\/v2\/product"}],"about":[{"href":"https:\/\/www.ecrivus-multimedia.nl\/de\/wp-json\/wp\/v2\/types\/product"}],"replies":[{"embeddable":true,"href":"https:\/\/www.ecrivus-multimedia.nl\/de\/wp-json\/wp\/v2\/comments?post=54745"}],"wp:featuredmedia":[{"embeddable":true,"href":"https:\/\/www.ecrivus-multimedia.nl\/de\/wp-json\/wp\/v2\/media\/132609"}],"wp:attachment":[{"href":"https:\/\/www.ecrivus-multimedia.nl\/de\/wp-json\/wp\/v2\/media?parent=54745"}],"wp:term":[{"taxonomy":"product_brand","embeddable":true,"href":"https:\/\/www.ecrivus-multimedia.nl\/de\/wp-json\/wp\/v2\/product_brand?post=54745"},{"taxonomy":"product_cat","embeddable":true,"href":"https:\/\/www.ecrivus-multimedia.nl\/de\/wp-json\/wp\/v2\/product_cat?post=54745"},{"taxonomy":"product_tag","embeddable":true,"href":"https:\/\/www.ecrivus-multimedia.nl\/de\/wp-json\/wp\/v2\/product_tag?post=54745"}],"curies":[{"name":"wp","href":"https:\/\/api.w.org\/{rel}","templated":true}]}}