{"id":8390,"date":"2017-08-11T14:35:10","date_gmt":"2017-08-11T12:35:10","guid":{"rendered":"http:\/\/www.ecrivus-multimedia.nl\/?post_type=product&#038;p=8390\/"},"modified":"2026-04-12T12:15:33","modified_gmt":"2026-04-12T10:15:33","slug":"akte-van-huwelijkse-voorwaarden-vertalen","status":"publish","type":"product","link":"https:\/\/www.ecrivus-multimedia.nl\/de\/produkt\/ehevertragsurkunde-ubersetzen-lassen\/","title":{"rendered":"\u00dcbersetzung von Ehevertr\u00e4gen (beglaubigt)"},"content":{"rendered":"<p><strong><a href=\"https:\/\/www.ecrivus-multimedia.nl\/go\/notariele-akte-vertalen-beedigd\/\" title=\"Beglaubigte \u00dcbersetzung einer notariellen Urkunde? Bestellen Sie \u00fcber unseren Webshop!\" class=\"pretty-link-keyword\"rel=\"\">Tat<\/a> von <a href=\"https:\/\/www.ecrivus-multimedia.nl\/go\/akte-van-huwelijkse-voorwaarden-vertalen\/\" title=\"M\u00f6chten Sie einen beglaubigten Ehevertrag \u00fcbersetzen lassen? Bestellen Sie in unserem Webshop!\" class=\"pretty-link-keyword\"rel=\"\">Ehevertr\u00e4ge<\/a> beeidigte \u00dcbersetzung<\/strong><\/p>\n<p>Die <a href=\"https:\/\/www.ecrivus-multimedia.nl\/go\/be\u00ebdigde-vertaling\/\" title=\"Beglaubigte \u00dcbersetzungen Archiv | Ecrivus International Webshop\" class=\"pretty-link-keyword\"rel=\"\">beeidigte \u00dcbersetzung<\/a> Ihrer <a href=\"https:\/\/www.ecrivus-multimedia.nl\/go\/akte-van-huwelijkse-voorwaarden-vertalen\/\" title=\"M\u00f6chten Sie einen beglaubigten Ehevertrag \u00fcbersetzen lassen? Bestellen Sie in unserem Webshop!\" class=\"pretty-link-keyword\"rel=\"\">Ehevertr\u00e4ge<\/a> k\u00f6nnen jetzt ganz einfach online beim \u00dcbersetzungsb\u00fcro Ecrivus International bestellt werden.<\/p>\n<p>Die beeidigte \u00dcbersetzung von <a href=\"https:\/\/www.ecrivus-multimedia.nl\/go\/akte-van-huwelijkse-voorwaarden-vertalen\/\" title=\"M\u00f6chten Sie einen beglaubigten Ehevertrag \u00fcbersetzen lassen? Bestellen Sie in unserem Webshop!\" class=\"pretty-link-keyword\"rel=\"\">Ehevertr\u00e4ge<\/a> ist zum Beispiel notwendig (und oft sogar obligatorisch), wenn Sie gehen <a href=\"https:\/\/www.ecrivus-multimedia.nl\/go\/huwelijksakte-vertalen-beedigd\/\" title=\"Beglaubigte \u00dcbersetzung der Heiratsurkunde\/Eheurkunde ben\u00f6tigt? Jetzt online bestellen!\" class=\"pretty-link-keyword\"rel=\"\">heiraten<\/a> im Ausland oder wenn Sie einen Partner haben, der die Sprache spricht, in der Sie leben <a href=\"https:\/\/www.ecrivus-multimedia.nl\/go\/notariele-akte-vertalen-beedigd\/\" title=\"Beglaubigte \u00dcbersetzung einer notariellen Urkunde? Bestellen Sie \u00fcber unseren Webshop!\" class=\"pretty-link-keyword\"rel=\"\">Urkunde<\/a> erstellt wurde, ist nicht aussagekr\u00e4ftig. Nach dem <a href=\"https:\/\/www.ecrivus-multimedia.nl\/go\/notariele-akte-vertalen-beedigd\/\" title=\"Beglaubigte \u00dcbersetzung einer notariellen Urkunde? Bestellen Sie \u00fcber unseren Webshop!\" class=\"pretty-link-keyword\"rel=\"\">Urkunde<\/a> von <a href=\"https:\/\/www.ecrivus-multimedia.nl\/go\/akte-van-huwelijkse-voorwaarden-vertalen\/\" title=\"M\u00f6chten Sie einen beglaubigten Ehevertrag \u00fcbersetzen lassen? Bestellen Sie in unserem Webshop!\" class=\"pretty-link-keyword\"rel=\"\">Ehevertr\u00e4ge<\/a> von uns professionell \u00fcbersetzt wurde, k\u00f6nnen Sie es zusammen mit dem Original einsehen <a href=\"https:\/\/www.ecrivus-multimedia.nl\/go\/notariele-akte-vertalen-beedigd\/\" title=\"Beglaubigte \u00dcbersetzung einer notariellen Urkunde? Bestellen Sie \u00fcber unseren Webshop!\" class=\"pretty-link-keyword\"rel=\"\">Urkunde<\/a> Bei der <a href=\"https:\/\/www.ecrivus-multimedia.nl\/go\/notulen-beedigde-vertaling-met-stempel\/\" title=\"Sie m\u00f6chten beeidigte Protokolle \u00fcbersetzen lassen? Bestellen Sie in unserem Webshop!\" class=\"pretty-link-keyword\"rel=\"\">Notar<\/a> lass es passieren. Je nach notariellem Auftrag ist h\u00e4ufig die \u00dcbersetzung der Urkunden erforderlich <a href=\"https:\/\/www.ecrivus-multimedia.nl\/go\/akte-van-huwelijkse-voorwaarden-vertalen\/\" title=\"M\u00f6chten Sie einen beglaubigten Ehevertrag \u00fcbersetzen lassen? Bestellen Sie in unserem Webshop!\" class=\"pretty-link-keyword\"rel=\"\">Ehevertr\u00e4ge<\/a> auch beeidigt ist und\/oder dass es einen gibt <a href=\"http:\/\/www.ecrivus.nl\/tolkdiensten\/\">vereidigter Dolmetscher<\/a> ist dabei <a href=\"https:\/\/www.ecrivus-multimedia.nl\/go\/notulen-beedigde-vertaling-met-stempel\/\" title=\"Sie m\u00f6chten beeidigte Protokolle \u00fcbersetzen lassen? Bestellen Sie in unserem Webshop!\" class=\"pretty-link-keyword\"rel=\"\">Notar<\/a>. Auch hierzu k\u00f6nnen Sie uns gerne kontaktieren. <a href=\"http:\/\/www.ecrivus.nl\/contact\/\">Klicken Sie hier, um auch ein Angebot f\u00fcr einen beeidigten, notariellen Dolmetscher anzufordern.<\/a><\/p>\n<p><strong>Die <a href=\"https:\/\/www.ecrivus-multimedia.nl\/go\/be\u00ebdigde-vertaling\/\" title=\"Beglaubigte \u00dcbersetzungen Archiv | Ecrivus International Webshop\" class=\"pretty-link-keyword\"rel=\"\">beeidigte \u00dcbersetzung<\/a> Ihrer <a href=\"https:\/\/www.ecrivus-multimedia.nl\/go\/akte-van-huwelijkse-voorwaarden-vertalen\/\" title=\"M\u00f6chten Sie einen beglaubigten Ehevertrag \u00fcbersetzen lassen? Bestellen Sie in unserem Webshop!\" class=\"pretty-link-keyword\"rel=\"\">Ehevertr\u00e4ge<\/a> ist bei uns in guten H\u00e4nden:<\/strong><\/p>\n<ul>\n<li>\u00dcbersetzung durch vereidigte, erfahrene und spezialisierte <a href=\"http:\/\/www.ecrivus.nl\/juridische-vertalingen\/\">juristische \u00dcbersetzerin<\/a><\/li>\n<li>Inklusive <a href=\"http:\/\/www.ecrivus.nl\/proeflezen\/\">Korrekturlesen<\/a><\/li>\n<li>Inklusive <a href=\"http:\/\/www.ecrivus.nl\/qa-kwaliteitscontroles\/\">Qualit\u00e4tskontrollen<\/a><\/li>\n<li>G\u00fcnstige Preise<\/li>\n<li>Schnelle Lieferzeiten<\/li>\n<li>Wahl der <a href=\"http:\/\/www.ecrivus.nl\/talen\/\">Hunderte von Sprachkombinationen<\/a><\/li>\n<li>Expresslieferung m\u00f6glich<\/li>\n<li>Unterst\u00fctzung f\u00fcr verschiedene Dateiformate, einschlie\u00dflich PDF<\/li>\n<li>Stets eingeschriebene Zustellung Ihrer <a href=\"https:\/\/www.ecrivus-multimedia.nl\/go\/be\u00ebdigde-vertaling\/\" title=\"Beglaubigte \u00dcbersetzungen Archiv | Ecrivus International Webshop\" class=\"pretty-link-keyword\"rel=\"\">beeidigte \u00dcbersetzung<\/a> mit Track &amp; Trace<\/li>\n<li>Die M\u00f6glichkeit, Ihr Dokument mit einem <a href=\"https:\/\/www.ecrivus-multimedia.nl\/go\/apostilles-legalisatie-landenoverzicht\/\" title=\"Apostillen (Legalisierung) - L\u00e4nder\u00fcbersicht\" class=\"pretty-link-keyword\"rel=\"\">Apostille<\/a> oder <a href=\"https:\/\/www.ecrivus-multimedia.nl\/go\/apostilles-legalisatie-landenoverzicht\/\" title=\"Apostillen (Legalisierung) - L\u00e4nder\u00fcbersicht\" class=\"pretty-link-keyword\"rel=\"\">Legalisierung<\/a> (legalisieren)<\/li>\n<\/ul>\n<p>So machen Sie Ihr <a href=\"https:\/\/www.ecrivus-multimedia.nl\/go\/akte-van-huwelijkse-voorwaarden-vertalen\/\" title=\"M\u00f6chten Sie einen beglaubigten Ehevertrag \u00fcbersetzen lassen? Bestellen Sie in unserem Webshop!\" class=\"pretty-link-keyword\"rel=\"\">Ehevertr\u00e4ge<\/a> Um es sofort \u00fcbersetzen zu lassen, w\u00e4hlen Sie oben die Anzahl der W\u00f6rter und die gew\u00fcnschte Sprachkombination aus. Klicken Sie dann auf \u201eIn den Warenkorb\u201c. Dann k\u00f6nnen Sie das verwenden <a href=\"https:\/\/www.ecrivus-multimedia.nl\/go\/akte-van-huwelijkse-voorwaarden-vertalen\/\" title=\"M\u00f6chten Sie einen beglaubigten Ehevertrag \u00fcbersetzen lassen? Bestellen Sie in unserem Webshop!\" class=\"pretty-link-keyword\"rel=\"\">Ehevertr\u00e4ge<\/a> hochladen und zu Ihrer Bestellung hinzuf\u00fcgen. Sie k\u00f6nnen eine ZIP-Datei f\u00fcr mehrere Dokumente hochladen. Wir bieten verschiedene Zahlungsm\u00f6glichkeiten \u00fcber sichere Verbindungen an (u.a. iDeal, Bank\u00fcberweisung und PayPal).<\/p>\n<p><strong>Standard-Lieferzeit<\/strong>: 5-6 Arbeitstage<\/p>","protected":false},"excerpt":{"rendered":"<p>Professionelle beglaubigte \u00dcbersetzung durch einen spezialisierten juristischen \u00dcbersetzer inklusive Korrekturlesen und Qualit\u00e4tspr\u00fcfung. W\u00e4hlen Sie unten die Sprachkombination aus:<\/p>","protected":false},"featured_media":132609,"comment_status":"open","ping_status":"closed","template":"","meta":{"_acf_changed":false,"_glsr_average":0,"_glsr_ranking":0,"_glsr_reviews":0,"_joinchat":[]},"product_brand":[],"product_cat":[107,624,15366],"product_tag":[625,657,626,112,629,628,627,113],"class_list":{"0":"post-8390","1":"product","2":"type-product","3":"status-publish","4":"has-post-thumbnail","6":"product_cat-beedigde-vertalingen","7":"product_cat-juridische-vertalingen","8":"product_cat-notariele-vertalingen-notaris","9":"product_tag-akte-van-huwelijkse-voorwaarden","10":"product_tag-huwelijksakte","11":"product_tag-huwelijkse-voorwaarden","12":"product_tag-juridisch","13":"product_tag-notariele-vertaling","14":"product_tag-notaris","15":"product_tag-trouwakte","16":"product_tag-voorwaarden","18":"first","19":"instock","20":"sold-individually","21":"taxable","22":"shipping-taxable","23":"purchasable","24":"product-type-variable"},"acf":[],"yoast_head":"<!-- This site is optimized with the Yoast SEO plugin v27.4 - https:\/\/yoast.com\/product\/yoast-seo-wordpress\/ -->\n<title>Huwelijkse voorwaarden be\u00ebdigd vertalen? Bestel in onze webshop!<\/title>\n<meta name=\"description\" content=\"Huwelijkse voorwaarden be\u00ebdigd vertalen? Bestel direct online! \u2713 Ervaren be\u00ebdigd vertalers \u2713 Alle talen \u2713 Voordelig geregeld \u2713 Snelle levertijden \u2713 Korting \u2713 Eenvoudig betalen via iDeal of PayPal\" \/>\n<meta name=\"robots\" content=\"index, follow, max-snippet:-1, max-image-preview:large, max-video-preview:-1\" \/>\n<link rel=\"canonical\" href=\"https:\/\/www.ecrivus-multimedia.nl\/de\/produkt\/ehevertragsurkunde-ubersetzen-lassen\/\" \/>\n<meta property=\"og:locale\" content=\"de_DE\" \/>\n<meta property=\"og:type\" content=\"article\" \/>\n<meta property=\"og:title\" content=\"Huwelijkse voorwaarden be\u00ebdigd vertalen? Bestel in onze webshop!\" \/>\n<meta property=\"og:description\" content=\"Huwelijkse voorwaarden be\u00ebdigd vertalen? Bestel direct online! \u2713 Ervaren be\u00ebdigd vertalers \u2713 Alle talen \u2713 Voordelig geregeld \u2713 Snelle levertijden \u2713 Korting \u2713 Eenvoudig betalen via iDeal of PayPal\" \/>\n<meta property=\"og:url\" content=\"https:\/\/www.ecrivus-multimedia.nl\/de\/produkt\/ehevertragsurkunde-ubersetzen-lassen\/\" \/>\n<meta property=\"og:site_name\" content=\"Ecrivus International Webshop\" \/>\n<meta property=\"article:publisher\" content=\"https:\/\/www.facebook.com\/Ecrivus-International-676624782512639\/\" \/>\n<meta property=\"article:modified_time\" content=\"2026-04-12T10:15:33+00:00\" \/>\n<meta property=\"og:image\" content=\"https:\/\/www.ecrivus-multimedia.nl\/wp-content\/uploads\/2026\/04\/lakstempel-drukken-document-vooraanzicht-2.jpg\" \/>\n\t<meta property=\"og:image:width\" content=\"1000\" \/>\n\t<meta property=\"og:image:height\" content=\"667\" \/>\n\t<meta property=\"og:image:type\" content=\"image\/jpeg\" \/>\n<meta name=\"twitter:card\" content=\"summary_large_image\" \/>\n<meta name=\"twitter:site\" content=\"@ecrivusint\" \/>\n<meta name=\"twitter:label1\" content=\"Gesch\u00e4tzte Lesezeit\" \/>\n\t<meta name=\"twitter:data1\" content=\"2\u00a0Minuten\" \/>\n<script type=\"application\/ld+json\" class=\"yoast-schema-graph\">{\"@context\":\"https:\\\/\\\/schema.org\",\"@graph\":[{\"@type\":\"WebPage\",\"@id\":\"https:\\\/\\\/www.ecrivus-multimedia.nl\\\/product\\\/akte-van-huwelijkse-voorwaarden-vertalen\\\/\",\"url\":\"https:\\\/\\\/www.ecrivus-multimedia.nl\\\/product\\\/akte-van-huwelijkse-voorwaarden-vertalen\\\/\",\"name\":\"Huwelijkse voorwaarden be\u00ebdigd vertalen? Bestel in onze webshop!\",\"isPartOf\":{\"@id\":\"https:\\\/\\\/www.ecrivus-multimedia.nl\\\/#website\"},\"primaryImageOfPage\":{\"@id\":\"https:\\\/\\\/www.ecrivus-multimedia.nl\\\/product\\\/akte-van-huwelijkse-voorwaarden-vertalen\\\/#primaryimage\"},\"image\":{\"@id\":\"https:\\\/\\\/www.ecrivus-multimedia.nl\\\/product\\\/akte-van-huwelijkse-voorwaarden-vertalen\\\/#primaryimage\"},\"thumbnailUrl\":\"https:\\\/\\\/www.ecrivus-multimedia.nl\\\/wp-content\\\/uploads\\\/2026\\\/04\\\/lakstempel-drukken-document-vooraanzicht-2.jpg\",\"datePublished\":\"2017-08-11T12:35:10+00:00\",\"dateModified\":\"2026-04-12T10:15:33+00:00\",\"description\":\"Huwelijkse voorwaarden be\u00ebdigd vertalen? Bestel direct online! \u2713 Ervaren be\u00ebdigd vertalers \u2713 Alle talen \u2713 Voordelig geregeld \u2713 Snelle levertijden \u2713 Korting \u2713 Eenvoudig betalen via iDeal of PayPal\",\"breadcrumb\":{\"@id\":\"https:\\\/\\\/www.ecrivus-multimedia.nl\\\/product\\\/akte-van-huwelijkse-voorwaarden-vertalen\\\/#breadcrumb\"},\"inLanguage\":\"de\",\"potentialAction\":[{\"@type\":\"ReadAction\",\"target\":[\"https:\\\/\\\/www.ecrivus-multimedia.nl\\\/product\\\/akte-van-huwelijkse-voorwaarden-vertalen\\\/\"]}]},{\"@type\":\"ImageObject\",\"inLanguage\":\"de\",\"@id\":\"https:\\\/\\\/www.ecrivus-multimedia.nl\\\/product\\\/akte-van-huwelijkse-voorwaarden-vertalen\\\/#primaryimage\",\"url\":\"https:\\\/\\\/www.ecrivus-multimedia.nl\\\/wp-content\\\/uploads\\\/2026\\\/04\\\/lakstempel-drukken-document-vooraanzicht-2.jpg\",\"contentUrl\":\"https:\\\/\\\/www.ecrivus-multimedia.nl\\\/wp-content\\\/uploads\\\/2026\\\/04\\\/lakstempel-drukken-document-vooraanzicht-2.jpg\",\"width\":1000,\"height\":667},{\"@type\":\"BreadcrumbList\",\"@id\":\"https:\\\/\\\/www.ecrivus-multimedia.nl\\\/product\\\/akte-van-huwelijkse-voorwaarden-vertalen\\\/#breadcrumb\",\"itemListElement\":[{\"@type\":\"ListItem\",\"position\":1,\"name\":\"Home\",\"item\":\"https:\\\/\\\/www.ecrivus-multimedia.nl\\\/\"},{\"@type\":\"ListItem\",\"position\":2,\"name\":\"Shop\",\"item\":\"https:\\\/\\\/www.ecrivus-multimedia.nl\\\/shop\\\/\"},{\"@type\":\"ListItem\",\"position\":3,\"name\":\"Huwelijkse voorwaarden vertalen (be\u00ebdigd)\"}]},{\"@type\":\"WebSite\",\"@id\":\"https:\\\/\\\/www.ecrivus-multimedia.nl\\\/#website\",\"url\":\"https:\\\/\\\/www.ecrivus-multimedia.nl\\\/\",\"name\":\"Ecrivus International Webshop\",\"description\":\"Erkende webshop voor be\u00ebdigde vertalingen.\",\"publisher\":{\"@id\":\"https:\\\/\\\/www.ecrivus-multimedia.nl\\\/#organization\"},\"potentialAction\":[{\"@type\":\"SearchAction\",\"target\":{\"@type\":\"EntryPoint\",\"urlTemplate\":\"https:\\\/\\\/www.ecrivus-multimedia.nl\\\/?s={search_term_string}\"},\"query-input\":{\"@type\":\"PropertyValueSpecification\",\"valueRequired\":true,\"valueName\":\"search_term_string\"}}],\"inLanguage\":\"de\"},{\"@type\":\"Organization\",\"@id\":\"https:\\\/\\\/www.ecrivus-multimedia.nl\\\/#organization\",\"name\":\"Ecrivus International\",\"url\":\"https:\\\/\\\/www.ecrivus-multimedia.nl\\\/\",\"logo\":{\"@type\":\"ImageObject\",\"inLanguage\":\"de\",\"@id\":\"https:\\\/\\\/www.ecrivus-multimedia.nl\\\/#\\\/schema\\\/logo\\\/image\\\/\",\"url\":\"https:\\\/\\\/www.ecrivus-multimedia.nl\\\/wp-content\\\/uploads\\\/2022\\\/01\\\/cropped-small-Logo-Ecrivus-Vector-Transparent2.png\",\"contentUrl\":\"https:\\\/\\\/www.ecrivus-multimedia.nl\\\/wp-content\\\/uploads\\\/2022\\\/01\\\/cropped-small-Logo-Ecrivus-Vector-Transparent2.png\",\"width\":512,\"height\":512,\"caption\":\"Ecrivus International\"},\"image\":{\"@id\":\"https:\\\/\\\/www.ecrivus-multimedia.nl\\\/#\\\/schema\\\/logo\\\/image\\\/\"},\"sameAs\":[\"https:\\\/\\\/www.facebook.com\\\/Ecrivus-International-676624782512639\\\/\",\"https:\\\/\\\/x.com\\\/ecrivusint\"]}]}<\/script>\n<!-- \/ Yoast SEO plugin. -->","yoast_head_json":{"title":"Huwelijkse voorwaarden be\u00ebdigd vertalen? Bestel in onze webshop!","description":"Huwelijkse voorwaarden be\u00ebdigd vertalen? Bestel direct online! \u2713 Ervaren be\u00ebdigd vertalers \u2713 Alle talen \u2713 Voordelig geregeld \u2713 Snelle levertijden \u2713 Korting \u2713 Eenvoudig betalen via iDeal of PayPal","robots":{"index":"index","follow":"follow","max-snippet":"max-snippet:-1","max-image-preview":"max-image-preview:large","max-video-preview":"max-video-preview:-1"},"canonical":"https:\/\/www.ecrivus-multimedia.nl\/de\/produkt\/ehevertragsurkunde-ubersetzen-lassen\/","og_locale":"de_DE","og_type":"article","og_title":"Huwelijkse voorwaarden be\u00ebdigd vertalen? Bestel in onze webshop!","og_description":"Huwelijkse voorwaarden be\u00ebdigd vertalen? Bestel direct online! \u2713 Ervaren be\u00ebdigd vertalers \u2713 Alle talen \u2713 Voordelig geregeld \u2713 Snelle levertijden \u2713 Korting \u2713 Eenvoudig betalen via iDeal of PayPal","og_url":"https:\/\/www.ecrivus-multimedia.nl\/de\/produkt\/ehevertragsurkunde-ubersetzen-lassen\/","og_site_name":"Ecrivus International Webshop","article_publisher":"https:\/\/www.facebook.com\/Ecrivus-International-676624782512639\/","article_modified_time":"2026-04-12T10:15:33+00:00","og_image":[{"width":1000,"height":667,"url":"https:\/\/www.ecrivus-multimedia.nl\/wp-content\/uploads\/2026\/04\/lakstempel-drukken-document-vooraanzicht-2.jpg","type":"image\/jpeg"}],"twitter_card":"summary_large_image","twitter_site":"@ecrivusint","twitter_misc":{"Gesch\u00e4tzte Lesezeit":"2\u00a0Minuten"},"schema":{"@context":"https:\/\/schema.org","@graph":[{"@type":"WebPage","@id":"https:\/\/www.ecrivus-multimedia.nl\/product\/akte-van-huwelijkse-voorwaarden-vertalen\/","url":"https:\/\/www.ecrivus-multimedia.nl\/product\/akte-van-huwelijkse-voorwaarden-vertalen\/","name":"Huwelijkse voorwaarden be\u00ebdigd vertalen? Bestel in onze webshop!","isPartOf":{"@id":"https:\/\/www.ecrivus-multimedia.nl\/#website"},"primaryImageOfPage":{"@id":"https:\/\/www.ecrivus-multimedia.nl\/product\/akte-van-huwelijkse-voorwaarden-vertalen\/#primaryimage"},"image":{"@id":"https:\/\/www.ecrivus-multimedia.nl\/product\/akte-van-huwelijkse-voorwaarden-vertalen\/#primaryimage"},"thumbnailUrl":"https:\/\/www.ecrivus-multimedia.nl\/wp-content\/uploads\/2026\/04\/lakstempel-drukken-document-vooraanzicht-2.jpg","datePublished":"2017-08-11T12:35:10+00:00","dateModified":"2026-04-12T10:15:33+00:00","description":"Huwelijkse voorwaarden be\u00ebdigd vertalen? Bestel direct online! \u2713 Ervaren be\u00ebdigd vertalers \u2713 Alle talen \u2713 Voordelig geregeld \u2713 Snelle levertijden \u2713 Korting \u2713 Eenvoudig betalen via iDeal of PayPal","breadcrumb":{"@id":"https:\/\/www.ecrivus-multimedia.nl\/product\/akte-van-huwelijkse-voorwaarden-vertalen\/#breadcrumb"},"inLanguage":"de","potentialAction":[{"@type":"ReadAction","target":["https:\/\/www.ecrivus-multimedia.nl\/product\/akte-van-huwelijkse-voorwaarden-vertalen\/"]}]},{"@type":"ImageObject","inLanguage":"de","@id":"https:\/\/www.ecrivus-multimedia.nl\/product\/akte-van-huwelijkse-voorwaarden-vertalen\/#primaryimage","url":"https:\/\/www.ecrivus-multimedia.nl\/wp-content\/uploads\/2026\/04\/lakstempel-drukken-document-vooraanzicht-2.jpg","contentUrl":"https:\/\/www.ecrivus-multimedia.nl\/wp-content\/uploads\/2026\/04\/lakstempel-drukken-document-vooraanzicht-2.jpg","width":1000,"height":667},{"@type":"BreadcrumbList","@id":"https:\/\/www.ecrivus-multimedia.nl\/product\/akte-van-huwelijkse-voorwaarden-vertalen\/#breadcrumb","itemListElement":[{"@type":"ListItem","position":1,"name":"Home","item":"https:\/\/www.ecrivus-multimedia.nl\/"},{"@type":"ListItem","position":2,"name":"Shop","item":"https:\/\/www.ecrivus-multimedia.nl\/shop\/"},{"@type":"ListItem","position":3,"name":"Huwelijkse voorwaarden vertalen (be\u00ebdigd)"}]},{"@type":"WebSite","@id":"https:\/\/www.ecrivus-multimedia.nl\/#website","url":"https:\/\/www.ecrivus-multimedia.nl\/","name":"Ecrivus International Webshop","description":"Erkende webshop voor be\u00ebdigde vertalingen.","publisher":{"@id":"https:\/\/www.ecrivus-multimedia.nl\/#organization"},"potentialAction":[{"@type":"SearchAction","target":{"@type":"EntryPoint","urlTemplate":"https:\/\/www.ecrivus-multimedia.nl\/?s={search_term_string}"},"query-input":{"@type":"PropertyValueSpecification","valueRequired":true,"valueName":"search_term_string"}}],"inLanguage":"de"},{"@type":"Organization","@id":"https:\/\/www.ecrivus-multimedia.nl\/#organization","name":"Ecrivus International","url":"https:\/\/www.ecrivus-multimedia.nl\/","logo":{"@type":"ImageObject","inLanguage":"de","@id":"https:\/\/www.ecrivus-multimedia.nl\/#\/schema\/logo\/image\/","url":"https:\/\/www.ecrivus-multimedia.nl\/wp-content\/uploads\/2022\/01\/cropped-small-Logo-Ecrivus-Vector-Transparent2.png","contentUrl":"https:\/\/www.ecrivus-multimedia.nl\/wp-content\/uploads\/2022\/01\/cropped-small-Logo-Ecrivus-Vector-Transparent2.png","width":512,"height":512,"caption":"Ecrivus International"},"image":{"@id":"https:\/\/www.ecrivus-multimedia.nl\/#\/schema\/logo\/image\/"},"sameAs":["https:\/\/www.facebook.com\/Ecrivus-International-676624782512639\/","https:\/\/x.com\/ecrivusint"]}]}},"_links":{"self":[{"href":"https:\/\/www.ecrivus-multimedia.nl\/de\/wp-json\/wp\/v2\/product\/8390","targetHints":{"allow":["GET"]}}],"collection":[{"href":"https:\/\/www.ecrivus-multimedia.nl\/de\/wp-json\/wp\/v2\/product"}],"about":[{"href":"https:\/\/www.ecrivus-multimedia.nl\/de\/wp-json\/wp\/v2\/types\/product"}],"replies":[{"embeddable":true,"href":"https:\/\/www.ecrivus-multimedia.nl\/de\/wp-json\/wp\/v2\/comments?post=8390"}],"wp:featuredmedia":[{"embeddable":true,"href":"https:\/\/www.ecrivus-multimedia.nl\/de\/wp-json\/wp\/v2\/media\/132609"}],"wp:attachment":[{"href":"https:\/\/www.ecrivus-multimedia.nl\/de\/wp-json\/wp\/v2\/media?parent=8390"}],"wp:term":[{"taxonomy":"product_brand","embeddable":true,"href":"https:\/\/www.ecrivus-multimedia.nl\/de\/wp-json\/wp\/v2\/product_brand?post=8390"},{"taxonomy":"product_cat","embeddable":true,"href":"https:\/\/www.ecrivus-multimedia.nl\/de\/wp-json\/wp\/v2\/product_cat?post=8390"},{"taxonomy":"product_tag","embeddable":true,"href":"https:\/\/www.ecrivus-multimedia.nl\/de\/wp-json\/wp\/v2\/product_tag?post=8390"}],"curies":[{"name":"wp","href":"https:\/\/api.w.org\/{rel}","templated":true}]}}