{"id":109441,"date":"2023-05-16T11:14:03","date_gmt":"2023-05-16T09:14:03","guid":{"rendered":"https:\/\/www.ecrivus-multimedia.nl\/?post_type=product&#038;p=109441"},"modified":"2026-04-12T12:13:17","modified_gmt":"2026-04-12T10:13:17","slug":"belastingaangifte-vertalen-beedigd","status":"publish","type":"product","link":"https:\/\/www.ecrivus-multimedia.nl\/en\/product\/tax-return-translation-sworn\/","title":{"rendered":"Translate tax returns (sworn)"},"content":{"rendered":"<p><span style=\"color: #808080;\"><strong><a href=\"https:\/\/www.ecrivus-multimedia.nl\/go\/belastingaangifte-vertalen-beedigd\/\" title=\"Want to translate a sworn tax return? Order via our webshop!\" class=\"pretty-link-keyword\"rel=\"\">Tax return<\/a> (<a href=\"https:\/\/www.ecrivus-multimedia.nl\/go\/be\u00ebdigde-vertaling\/\" title=\"Sworn translations Archives | Ecrivus International Webshop\" class=\"pretty-link-keyword\"rel=\"\">sworn translation<\/a> with stamp)<\/strong><\/span><\/p>\n<p><span style=\"color: #808080;\">The <a href=\"https:\/\/www.ecrivus-multimedia.nl\/go\/be\u00ebdigde-vertaling\/\" title=\"Sworn translations Archives | Ecrivus International Webshop\" class=\"pretty-link-keyword\"rel=\"\">sworn translation<\/a> of your <a href=\"https:\/\/www.ecrivus-multimedia.nl\/go\/belastingaangifte-vertalen-beedigd\/\" title=\"Want to translate a sworn tax return? Order via our webshop!\" class=\"pretty-link-keyword\"rel=\"\">tax return<\/a> can now easily be ordered online.<\/span><\/p>\n<p><span style=\"color: #808080;\"><strong>The <a href=\"https:\/\/www.ecrivus-multimedia.nl\/go\/be\u00ebdigde-vertaling\/\" title=\"Sworn translations Archives | Ecrivus International Webshop\" class=\"pretty-link-keyword\"rel=\"\">sworn translation<\/a> of your <a href=\"https:\/\/www.ecrivus-multimedia.nl\/go\/belastingaangifte-vertalen-beedigd\/\" title=\"Want to translate a sworn tax return? Order via our webshop!\" class=\"pretty-link-keyword\"rel=\"\">tax return<\/a> is in good hands with us:<\/strong><\/span><\/p>\n<ul>\n<li><span style=\"color: #808080;\">Translation by sworn, experienced and specialised <a style=\"color: #808080;\" href=\"http:\/\/www.ecrivus.nl\/juridische-vertalingen\/\">legal and tax translator<\/a><\/span><\/li>\n<li><span style=\"color: #808080;\">Including <a style=\"color: #808080;\" href=\"http:\/\/www.ecrivus.nl\/proeflezen\/\">proofreading<\/a><\/span><\/li>\n<li><span style=\"color: #808080;\">Including <a style=\"color: #808080;\" href=\"http:\/\/www.ecrivus.nl\/qa-kwaliteitscontroles\/\">quality checks<\/a><\/span><\/li>\n<li><span style=\"color: #808080;\">Competitive rates<\/span><\/li>\n<li><span style=\"color: #808080;\">Fast delivery time<\/span><\/li>\n<li><span style=\"color: #808080;\">Choice of <a style=\"color: #808080;\" href=\"http:\/\/www.ecrivus.nl\/talen\/\">hundreds of language combinations<\/a><\/span><\/li>\n<li><span style=\"color: #808080;\">Express delivery possible<\/span><\/li>\n<li><span style=\"color: #808080;\">Support for various file formats, including PDF<\/span><\/li>\n<li><span style=\"color: #808080;\">Always registered delivery of your <a href=\"https:\/\/www.ecrivus-multimedia.nl\/go\/be\u00ebdigde-vertaling\/\" title=\"Sworn translations Archives | Ecrivus International Webshop\" class=\"pretty-link-keyword\"rel=\"\">sworn translation<\/a> with Track &amp; Trace<\/span><\/li>\n<li><span style=\"color: #808080;\">Possibility of having your document marked with a <a href=\"https:\/\/www.ecrivus-multimedia.nl\/go\/apostilles-legalisatie-landenoverzicht\/\" title=\"Apostilles (legalisation) - overview of countries\" class=\"pretty-link-keyword\"rel=\"\">apostille<\/a> or <a href=\"https:\/\/www.ecrivus-multimedia.nl\/go\/apostilles-legalisatie-landenoverzicht\/\" title=\"Apostilles (legalisation) - overview of countries\" class=\"pretty-link-keyword\"rel=\"\">legalisation<\/a> (legalise)<\/span><\/li>\n<\/ul>\n<p><span style=\"color: #808080;\">Are you looking for a reliable and professional <a href=\"https:\/\/www.ecrivus-multimedia.nl\/go\/be\u00ebdigde-vertaling\/\" title=\"Sworn translations Archives | Ecrivus International Webshop\" class=\"pretty-link-keyword\"rel=\"\">sworn translation<\/a> for your tax documents? Our service for <a href=\"https:\/\/www.ecrivus-multimedia.nl\/go\/be\u00ebdigde-vertaling\/\" title=\"Sworn translations Archives | Ecrivus International Webshop\" class=\"pretty-link-keyword\"rel=\"\">sworn translations<\/a> by <a href=\"https:\/\/www.ecrivus-multimedia.nl\/go\/belastingaangifte-vertalen-beedigd\/\" title=\"Want to translate a sworn tax return? Order via our webshop!\" class=\"pretty-link-keyword\"rel=\"\">tax returns<\/a> is exactly what you need.<\/span><\/p>\n<p><span style=\"color: #808080;\">Our certified translators are experts in converting various tax documents into an accurate and reliable translation. Whether it concerns your income tax return, tax deductions, tax rates, payroll taxes or provisional <a href=\"https:\/\/www.ecrivus-multimedia.nl\/go\/belastingaangifte-vertalen-beedigd\/\" title=\"Want to translate a sworn tax return? Order via our webshop!\" class=\"pretty-link-keyword\"rel=\"\">attacks<\/a>, we ensure that your documents are professionally translated.<\/span><\/p>\n<p><span style=\"color: #808080;\">In today&#039;s global economy, situations may arise in which you need to have your tax documents sworn translated for use abroad. For example, when you enter into international business transactions, emigrate to another country, a foreign one <a href=\"https:\/\/www.ecrivus-multimedia.nl\/go\/leningovereenkomst-beedigde-vertaling-met-stempel\/\" title=\"Want to translate a sworn loan agreement? Order in our webshop!\" class=\"pretty-link-keyword\"rel=\"\">mortgage<\/a> requests or a foreign government agency requires your documents. Our <a href=\"https:\/\/www.ecrivus-multimedia.nl\/go\/be\u00ebdigde-vertaling\/\" title=\"Sworn translations Archives | Ecrivus International Webshop\" class=\"pretty-link-keyword\"rel=\"\">sworn translations<\/a> meet the requirements of official bodies worldwide and guarantee the legal validity of your documents.<\/span><\/p>\n<p><span style=\"color: #808080;\">Our translators are familiar with the complex terminology and specific requirements associated with tax documents. They work with utmost precision to ensure that your translation is complete and accurate, leaving no room for misunderstandings or differences in interpretation.<\/span><\/p>\n<p><span style=\"color: #808080;\">In addition, we treat your documents with strict confidentiality and ensure that your personal and <a href=\"https:\/\/www.ecrivus-multimedia.nl\/go\/financi\u00eble-vertalingen\/\" title=\"Financial translations\" class=\"pretty-link-keyword\"rel=\"\">financial<\/a> data is safe. We understand the sensitive nature of tax documents and take protecting your privacy very seriously.<\/span><\/p>\n<p><span style=\"color: #808080;\">Our <a href=\"https:\/\/www.ecrivus-multimedia.nl\/go\/be\u00ebdigde-vertaling\/\" title=\"Sworn translations Archives | Ecrivus International Webshop\" class=\"pretty-link-keyword\"rel=\"\">sworn translations<\/a> include a wide range of tax documents, such as tax return forms, tax deduction statements, income and asset statements, tax certificates and more. Regardless of the type <a href=\"https:\/\/www.ecrivus-multimedia.nl\/go\/belastingaangifte-vertalen-beedigd\/\" title=\"Want to translate a sworn tax return? Order via our webshop!\" class=\"pretty-link-keyword\"rel=\"\">fiscal<\/a> document you need, you can trust that our experienced translators will handle it with the necessary expertise and accuracy.<\/span><\/p>\n<p><span style=\"color: #808080;\">Let us help you with the <a href=\"https:\/\/www.ecrivus-multimedia.nl\/go\/be\u00ebdigde-vertaling\/\" title=\"Sworn translations Archives | Ecrivus International Webshop\" class=\"pretty-link-keyword\"rel=\"\">sworn translation<\/a> of your tax documents, so you can confidently meet the requirements of international authorities. Contact us today and find out how we can meet your tax translation needs with our reliable, certified translation service.<\/span><\/p>\n<p><span style=\"color: #808080;\">To make your <a href=\"https:\/\/www.ecrivus-multimedia.nl\/go\/belastingaangifte-vertalen-beedigd\/\" title=\"Want to translate a sworn tax return? Order via our webshop!\" class=\"pretty-link-keyword\"rel=\"\">tax return<\/a> to have it translated immediately, select the number of pages above <a href=\"https:\/\/www.ecrivus-multimedia.nl\/go\/belastingaangifte-vertalen-beedigd\/\" title=\"Want to translate a sworn tax return? Order via our webshop!\" class=\"pretty-link-keyword\"rel=\"\">tax return<\/a> and the desired language combination. Then click on &#039;Add to cart&#039;. You can then take a photo\/scan of your <a href=\"https:\/\/www.ecrivus-multimedia.nl\/go\/belastingaangifte-vertalen-beedigd\/\" title=\"Want to translate a sworn tax return? Order via our webshop!\" class=\"pretty-link-keyword\"rel=\"\">tax return<\/a> upload and add to your order. We offer various payment options via secure connections (including iDeal, bank transfer and PayPal).<\/span><\/p>\n<p><span style=\"color: #808080;\"><strong>Standard delivery time<\/strong>: 5-6 working days<\/span><\/p>\n<p>&nbsp;<\/p>\n<p>&nbsp;<\/p>","protected":false},"excerpt":{"rendered":"<p>Professional sworn translation with stamp by officially sworn translator.<br \/>\nSelect the language combination below:<\/p>","protected":false},"featured_media":132609,"comment_status":"open","ping_status":"closed","template":"","meta":{"_acf_changed":false,"_glsr_average":0,"_glsr_ranking":0,"_glsr_reviews":0,"_joinchat":[]},"product_brand":[],"product_cat":[107,15333,624],"product_tag":[15949,15950,15951,642,15946,15947,15948,15953,15954,15952],"class_list":{"0":"post-109441","1":"product","2":"type-product","3":"status-publish","4":"has-post-thumbnail","6":"product_cat-beedigde-vertalingen","7":"product_cat-financiele-vertalingen","8":"product_cat-juridische-vertalingen","9":"product_tag-aangifte","10":"product_tag-aanslag","11":"product_tag-aanslagen","12":"product_tag-beedigd","13":"product_tag-belasting","14":"product_tag-belastingaangifte","15":"product_tag-fiscaal","16":"product_tag-heffing","17":"product_tag-inkomstenbelasting","18":"product_tag-loonheffing","20":"first","21":"instock","22":"sold-individually","23":"taxable","24":"shipping-taxable","25":"purchasable","26":"product-type-variable"},"acf":[],"yoast_head":"<!-- This site is optimized with the Yoast SEO plugin v27.4 - https:\/\/yoast.com\/product\/yoast-seo-wordpress\/ -->\n<title>Belastingaangifte be\u00ebdigd vertalen? Bestel via onze webshop!<\/title>\n<meta name=\"description\" content=\"Belastingaangifte be\u00ebdigd vertalen? Bestel direct online! Offici\u00eble be\u00ebdigde vertaling met stempel van uw fiscale documenten. Alle talen. Veilig betalen.\" \/>\n<meta name=\"robots\" content=\"index, follow, max-snippet:-1, max-image-preview:large, max-video-preview:-1\" \/>\n<link rel=\"canonical\" href=\"https:\/\/www.ecrivus-multimedia.nl\/en\/product\/tax-return-translation-sworn\/\" \/>\n<meta property=\"og:locale\" content=\"en_GB\" \/>\n<meta property=\"og:type\" content=\"article\" \/>\n<meta property=\"og:title\" content=\"Belastingaangifte be\u00ebdigd vertalen? Bestel via onze webshop!\" \/>\n<meta property=\"og:description\" content=\"Belastingaangifte be\u00ebdigd vertalen? Bestel direct online! Offici\u00eble be\u00ebdigde vertaling met stempel van uw fiscale documenten. Alle talen. Veilig betalen.\" \/>\n<meta property=\"og:url\" content=\"https:\/\/www.ecrivus-multimedia.nl\/en\/product\/tax-return-translation-sworn\/\" \/>\n<meta property=\"og:site_name\" content=\"Ecrivus International Webshop\" \/>\n<meta property=\"article:publisher\" content=\"https:\/\/www.facebook.com\/Ecrivus-International-676624782512639\/\" \/>\n<meta property=\"article:modified_time\" content=\"2026-04-12T10:13:17+00:00\" \/>\n<meta property=\"og:image\" content=\"https:\/\/www.ecrivus-multimedia.nl\/wp-content\/uploads\/2017\/08\/beedigde-vertaling2.webp\" \/>\n\t<meta property=\"og:image:width\" content=\"1000\" \/>\n\t<meta property=\"og:image:height\" content=\"623\" \/>\n\t<meta property=\"og:image:type\" content=\"image\/webp\" \/>\n<meta name=\"twitter:card\" content=\"summary_large_image\" \/>\n<meta name=\"twitter:site\" content=\"@ecrivusint\" \/>\n<meta name=\"twitter:label1\" content=\"Estimated reading time\" \/>\n\t<meta name=\"twitter:data1\" content=\"3 minutes\" \/>\n<script type=\"application\/ld+json\" class=\"yoast-schema-graph\">{\"@context\":\"https:\\\/\\\/schema.org\",\"@graph\":[{\"@type\":\"WebPage\",\"@id\":\"https:\\\/\\\/www.ecrivus-multimedia.nl\\\/product\\\/belastingaangifte-vertalen-beedigd\\\/\",\"url\":\"https:\\\/\\\/www.ecrivus-multimedia.nl\\\/product\\\/belastingaangifte-vertalen-beedigd\\\/\",\"name\":\"Belastingaangifte be\u00ebdigd vertalen? Bestel via onze webshop!\",\"isPartOf\":{\"@id\":\"https:\\\/\\\/www.ecrivus-multimedia.nl\\\/#website\"},\"primaryImageOfPage\":{\"@id\":\"https:\\\/\\\/www.ecrivus-multimedia.nl\\\/product\\\/belastingaangifte-vertalen-beedigd\\\/#primaryimage\"},\"image\":{\"@id\":\"https:\\\/\\\/www.ecrivus-multimedia.nl\\\/product\\\/belastingaangifte-vertalen-beedigd\\\/#primaryimage\"},\"thumbnailUrl\":\"https:\\\/\\\/www.ecrivus-multimedia.nl\\\/wp-content\\\/uploads\\\/2026\\\/04\\\/lakstempel-drukken-document-vooraanzicht-2.jpg\",\"datePublished\":\"2023-05-16T09:14:03+00:00\",\"dateModified\":\"2026-04-12T10:13:17+00:00\",\"description\":\"Belastingaangifte be\u00ebdigd vertalen? Bestel direct online! Offici\u00eble be\u00ebdigde vertaling met stempel van uw fiscale documenten. Alle talen. Veilig betalen.\",\"breadcrumb\":{\"@id\":\"https:\\\/\\\/www.ecrivus-multimedia.nl\\\/product\\\/belastingaangifte-vertalen-beedigd\\\/#breadcrumb\"},\"inLanguage\":\"en-GB\",\"potentialAction\":[{\"@type\":\"ReadAction\",\"target\":[\"https:\\\/\\\/www.ecrivus-multimedia.nl\\\/product\\\/belastingaangifte-vertalen-beedigd\\\/\"]}]},{\"@type\":\"ImageObject\",\"inLanguage\":\"en-GB\",\"@id\":\"https:\\\/\\\/www.ecrivus-multimedia.nl\\\/product\\\/belastingaangifte-vertalen-beedigd\\\/#primaryimage\",\"url\":\"https:\\\/\\\/www.ecrivus-multimedia.nl\\\/wp-content\\\/uploads\\\/2026\\\/04\\\/lakstempel-drukken-document-vooraanzicht-2.jpg\",\"contentUrl\":\"https:\\\/\\\/www.ecrivus-multimedia.nl\\\/wp-content\\\/uploads\\\/2026\\\/04\\\/lakstempel-drukken-document-vooraanzicht-2.jpg\",\"width\":1000,\"height\":667},{\"@type\":\"BreadcrumbList\",\"@id\":\"https:\\\/\\\/www.ecrivus-multimedia.nl\\\/product\\\/belastingaangifte-vertalen-beedigd\\\/#breadcrumb\",\"itemListElement\":[{\"@type\":\"ListItem\",\"position\":1,\"name\":\"Home\",\"item\":\"https:\\\/\\\/www.ecrivus-multimedia.nl\\\/\"},{\"@type\":\"ListItem\",\"position\":2,\"name\":\"Shop\",\"item\":\"https:\\\/\\\/www.ecrivus-multimedia.nl\\\/shop\\\/\"},{\"@type\":\"ListItem\",\"position\":3,\"name\":\"Belastingaangifte vertalen (be\u00ebdigd)\"}]},{\"@type\":\"WebSite\",\"@id\":\"https:\\\/\\\/www.ecrivus-multimedia.nl\\\/#website\",\"url\":\"https:\\\/\\\/www.ecrivus-multimedia.nl\\\/\",\"name\":\"Ecrivus International Webshop\",\"description\":\"Erkende webshop voor be\u00ebdigde vertalingen.\",\"publisher\":{\"@id\":\"https:\\\/\\\/www.ecrivus-multimedia.nl\\\/#organization\"},\"potentialAction\":[{\"@type\":\"SearchAction\",\"target\":{\"@type\":\"EntryPoint\",\"urlTemplate\":\"https:\\\/\\\/www.ecrivus-multimedia.nl\\\/?s={search_term_string}\"},\"query-input\":{\"@type\":\"PropertyValueSpecification\",\"valueRequired\":true,\"valueName\":\"search_term_string\"}}],\"inLanguage\":\"en-GB\"},{\"@type\":\"Organization\",\"@id\":\"https:\\\/\\\/www.ecrivus-multimedia.nl\\\/#organization\",\"name\":\"Ecrivus International\",\"url\":\"https:\\\/\\\/www.ecrivus-multimedia.nl\\\/\",\"logo\":{\"@type\":\"ImageObject\",\"inLanguage\":\"en-GB\",\"@id\":\"https:\\\/\\\/www.ecrivus-multimedia.nl\\\/#\\\/schema\\\/logo\\\/image\\\/\",\"url\":\"https:\\\/\\\/www.ecrivus-multimedia.nl\\\/wp-content\\\/uploads\\\/2022\\\/01\\\/cropped-small-Logo-Ecrivus-Vector-Transparent2.png\",\"contentUrl\":\"https:\\\/\\\/www.ecrivus-multimedia.nl\\\/wp-content\\\/uploads\\\/2022\\\/01\\\/cropped-small-Logo-Ecrivus-Vector-Transparent2.png\",\"width\":512,\"height\":512,\"caption\":\"Ecrivus International\"},\"image\":{\"@id\":\"https:\\\/\\\/www.ecrivus-multimedia.nl\\\/#\\\/schema\\\/logo\\\/image\\\/\"},\"sameAs\":[\"https:\\\/\\\/www.facebook.com\\\/Ecrivus-International-676624782512639\\\/\",\"https:\\\/\\\/x.com\\\/ecrivusint\"]}]}<\/script>\n<!-- \/ Yoast SEO plugin. -->","yoast_head_json":{"title":"Belastingaangifte be\u00ebdigd vertalen? Bestel via onze webshop!","description":"Belastingaangifte be\u00ebdigd vertalen? Bestel direct online! Offici\u00eble be\u00ebdigde vertaling met stempel van uw fiscale documenten. Alle talen. Veilig betalen.","robots":{"index":"index","follow":"follow","max-snippet":"max-snippet:-1","max-image-preview":"max-image-preview:large","max-video-preview":"max-video-preview:-1"},"canonical":"https:\/\/www.ecrivus-multimedia.nl\/en\/product\/tax-return-translation-sworn\/","og_locale":"en_GB","og_type":"article","og_title":"Belastingaangifte be\u00ebdigd vertalen? Bestel via onze webshop!","og_description":"Belastingaangifte be\u00ebdigd vertalen? Bestel direct online! Offici\u00eble be\u00ebdigde vertaling met stempel van uw fiscale documenten. Alle talen. Veilig betalen.","og_url":"https:\/\/www.ecrivus-multimedia.nl\/en\/product\/tax-return-translation-sworn\/","og_site_name":"Ecrivus International Webshop","article_publisher":"https:\/\/www.facebook.com\/Ecrivus-International-676624782512639\/","article_modified_time":"2026-04-12T10:13:17+00:00","og_image":[{"width":1000,"height":623,"url":"https:\/\/www.ecrivus-multimedia.nl\/wp-content\/uploads\/2017\/08\/beedigde-vertaling2.webp","type":"image\/webp"}],"twitter_card":"summary_large_image","twitter_site":"@ecrivusint","twitter_misc":{"Estimated reading time":"3 minutes"},"schema":{"@context":"https:\/\/schema.org","@graph":[{"@type":"WebPage","@id":"https:\/\/www.ecrivus-multimedia.nl\/product\/belastingaangifte-vertalen-beedigd\/","url":"https:\/\/www.ecrivus-multimedia.nl\/product\/belastingaangifte-vertalen-beedigd\/","name":"Belastingaangifte be\u00ebdigd vertalen? Bestel via onze webshop!","isPartOf":{"@id":"https:\/\/www.ecrivus-multimedia.nl\/#website"},"primaryImageOfPage":{"@id":"https:\/\/www.ecrivus-multimedia.nl\/product\/belastingaangifte-vertalen-beedigd\/#primaryimage"},"image":{"@id":"https:\/\/www.ecrivus-multimedia.nl\/product\/belastingaangifte-vertalen-beedigd\/#primaryimage"},"thumbnailUrl":"https:\/\/www.ecrivus-multimedia.nl\/wp-content\/uploads\/2026\/04\/lakstempel-drukken-document-vooraanzicht-2.jpg","datePublished":"2023-05-16T09:14:03+00:00","dateModified":"2026-04-12T10:13:17+00:00","description":"Belastingaangifte be\u00ebdigd vertalen? Bestel direct online! Offici\u00eble be\u00ebdigde vertaling met stempel van uw fiscale documenten. Alle talen. Veilig betalen.","breadcrumb":{"@id":"https:\/\/www.ecrivus-multimedia.nl\/product\/belastingaangifte-vertalen-beedigd\/#breadcrumb"},"inLanguage":"en-GB","potentialAction":[{"@type":"ReadAction","target":["https:\/\/www.ecrivus-multimedia.nl\/product\/belastingaangifte-vertalen-beedigd\/"]}]},{"@type":"ImageObject","inLanguage":"en-GB","@id":"https:\/\/www.ecrivus-multimedia.nl\/product\/belastingaangifte-vertalen-beedigd\/#primaryimage","url":"https:\/\/www.ecrivus-multimedia.nl\/wp-content\/uploads\/2026\/04\/lakstempel-drukken-document-vooraanzicht-2.jpg","contentUrl":"https:\/\/www.ecrivus-multimedia.nl\/wp-content\/uploads\/2026\/04\/lakstempel-drukken-document-vooraanzicht-2.jpg","width":1000,"height":667},{"@type":"BreadcrumbList","@id":"https:\/\/www.ecrivus-multimedia.nl\/product\/belastingaangifte-vertalen-beedigd\/#breadcrumb","itemListElement":[{"@type":"ListItem","position":1,"name":"Home","item":"https:\/\/www.ecrivus-multimedia.nl\/"},{"@type":"ListItem","position":2,"name":"Shop","item":"https:\/\/www.ecrivus-multimedia.nl\/shop\/"},{"@type":"ListItem","position":3,"name":"Belastingaangifte vertalen (be\u00ebdigd)"}]},{"@type":"WebSite","@id":"https:\/\/www.ecrivus-multimedia.nl\/#website","url":"https:\/\/www.ecrivus-multimedia.nl\/","name":"Ecrivus International Webshop","description":"Erkende webshop voor be\u00ebdigde vertalingen.","publisher":{"@id":"https:\/\/www.ecrivus-multimedia.nl\/#organization"},"potentialAction":[{"@type":"SearchAction","target":{"@type":"EntryPoint","urlTemplate":"https:\/\/www.ecrivus-multimedia.nl\/?s={search_term_string}"},"query-input":{"@type":"PropertyValueSpecification","valueRequired":true,"valueName":"search_term_string"}}],"inLanguage":"en-GB"},{"@type":"Organization","@id":"https:\/\/www.ecrivus-multimedia.nl\/#organization","name":"Ecrivus International","url":"https:\/\/www.ecrivus-multimedia.nl\/","logo":{"@type":"ImageObject","inLanguage":"en-GB","@id":"https:\/\/www.ecrivus-multimedia.nl\/#\/schema\/logo\/image\/","url":"https:\/\/www.ecrivus-multimedia.nl\/wp-content\/uploads\/2022\/01\/cropped-small-Logo-Ecrivus-Vector-Transparent2.png","contentUrl":"https:\/\/www.ecrivus-multimedia.nl\/wp-content\/uploads\/2022\/01\/cropped-small-Logo-Ecrivus-Vector-Transparent2.png","width":512,"height":512,"caption":"Ecrivus International"},"image":{"@id":"https:\/\/www.ecrivus-multimedia.nl\/#\/schema\/logo\/image\/"},"sameAs":["https:\/\/www.facebook.com\/Ecrivus-International-676624782512639\/","https:\/\/x.com\/ecrivusint"]}]}},"_links":{"self":[{"href":"https:\/\/www.ecrivus-multimedia.nl\/en\/wp-json\/wp\/v2\/product\/109441","targetHints":{"allow":["GET"]}}],"collection":[{"href":"https:\/\/www.ecrivus-multimedia.nl\/en\/wp-json\/wp\/v2\/product"}],"about":[{"href":"https:\/\/www.ecrivus-multimedia.nl\/en\/wp-json\/wp\/v2\/types\/product"}],"replies":[{"embeddable":true,"href":"https:\/\/www.ecrivus-multimedia.nl\/en\/wp-json\/wp\/v2\/comments?post=109441"}],"wp:featuredmedia":[{"embeddable":true,"href":"https:\/\/www.ecrivus-multimedia.nl\/en\/wp-json\/wp\/v2\/media\/132609"}],"wp:attachment":[{"href":"https:\/\/www.ecrivus-multimedia.nl\/en\/wp-json\/wp\/v2\/media?parent=109441"}],"wp:term":[{"taxonomy":"product_brand","embeddable":true,"href":"https:\/\/www.ecrivus-multimedia.nl\/en\/wp-json\/wp\/v2\/product_brand?post=109441"},{"taxonomy":"product_cat","embeddable":true,"href":"https:\/\/www.ecrivus-multimedia.nl\/en\/wp-json\/wp\/v2\/product_cat?post=109441"},{"taxonomy":"product_tag","embeddable":true,"href":"https:\/\/www.ecrivus-multimedia.nl\/en\/wp-json\/wp\/v2\/product_tag?post=109441"}],"curies":[{"name":"wp","href":"https:\/\/api.w.org\/{rel}","templated":true}]}}