{"id":127224,"date":"2024-04-16T10:38:09","date_gmt":"2024-04-16T08:38:09","guid":{"rendered":"https:\/\/www.ecrivus-multimedia.nl\/?post_type=product&#038;p=127224"},"modified":"2026-04-12T12:13:17","modified_gmt":"2026-04-12T10:13:17","slug":"bewijs-of-verklaring-bezit-nederlanderschap-beedigd","status":"publish","type":"product","link":"https:\/\/www.ecrivus-multimedia.nl\/en\/product\/legal-document-translation-sworn-2\/","title":{"rendered":"Certificate or declaration of Dutch citizenship (sworn)"},"content":{"rendered":"<p><strong><a href=\"https:\/\/www.ecrivus-multimedia.nl\/go\/bewijs-of-verklaring-bezit-nederlanderschap-beedigd\/\" title=\"Proof\/Declaration of possession of Dutch nationality sworn? Translate now!\" class=\"pretty-link-keyword\"rel=\"\">Proof of possession of Dutch citizenship<\/a> (<a href=\"https:\/\/www.ecrivus-multimedia.nl\/go\/be\u00ebdigde-vertaling\/\" title=\"Sworn translations Archives | Ecrivus International Webshop\" class=\"pretty-link-keyword\"rel=\"\">sworn translation<\/a> with stamp)<\/strong><\/p>\n<p>The <a href=\"https:\/\/www.ecrivus-multimedia.nl\/go\/be\u00ebdigde-vertaling\/\" title=\"Sworn translations Archives | Ecrivus International Webshop\" class=\"pretty-link-keyword\"rel=\"\">sworn translation<\/a> of your <a href=\"https:\/\/www.ecrivus-multimedia.nl\/go\/bewijs-of-verklaring-bezit-nederlanderschap-beedigd\/\" title=\"Proof\/Declaration of possession of Dutch nationality sworn? Translate now!\" class=\"pretty-link-keyword\"rel=\"\">Proof or Declaration of possession of Dutch citizenship<\/a> can now easily be ordered online.<\/p>\n<p>Onze be\u00ebdigde vertaaldienst is zeer geschikt voor het vertalen van offici\u00eble overheidsdocumenten, zoals <a href=\"https:\/\/www.ecrivus-multimedia.nl\/go\/paspoort-vertalen-beedigd\/\" title=\"Sworn translation of passport? Order via our webshop!\" class=\"pretty-link-keyword\"rel=\"\">passports<\/a>, <a href=\"https:\/\/www.ecrivus-multimedia.nl\/go\/identiteitsbewijs-vertalen-beedigd\/\" title=\"Identity document or identity card sworn translation? Order online now!\" class=\"pretty-link-keyword\"rel=\"\">IDs<\/a>, <a href=\"https:\/\/www.ecrivus-multimedia.nl\/go\/geboorteakte-beedigde-vertaling-met-stempel\/\" title=\"Need sworn translation of birth certificate? Order online now!\" class=\"pretty-link-keyword\"rel=\"\">birth certificates<\/a>, <a href=\"https:\/\/www.ecrivus-multimedia.nl\/go\/huwelijksakte-vertalen-beedigd\/\" title=\"Sworn translation of marriage certificate\/marriage certificate needed? Order online now!\" class=\"pretty-link-keyword\"rel=\"\">marriage certificates<\/a>, but also a <a href=\"https:\/\/www.ecrivus-multimedia.nl\/go\/bewijs-of-verklaring-bezit-nederlanderschap-beedigd\/\" title=\"Proof\/Declaration of possession of Dutch nationality sworn? Translate now!\" class=\"pretty-link-keyword\"rel=\"\">Proof or Declaration of possession of Dutch citizenship<\/a>. U heeft een <a href=\"https:\/\/www.ecrivus-multimedia.nl\/go\/bewijs-of-verklaring-bezit-nederlanderschap-beedigd\/\" title=\"Proof\/Declaration of possession of Dutch nationality sworn? Translate now!\" class=\"pretty-link-keyword\"rel=\"\">Declaration of possession of Dutch nationality<\/a> nodig om aan te tonen dat u de Nederlandse nationaliteit heeft. Dit is bijvoorbeeld nodig bij een verhuizing naar het buitenland of een <a href=\"https:\/\/www.ecrivus-multimedia.nl\/go\/huwelijksakte-vertalen-beedigd\/\" title=\"Sworn translation of marriage certificate\/marriage certificate needed? Order online now!\" class=\"pretty-link-keyword\"rel=\"\">wedding<\/a>. Of voor het uitoefenen van bepaalde beroepen, zoals een functie in het openbaar bestuur. Bij Ecrivus International zijn enkel gediplomeerde en be\u00ebdigde vertalers aangesloten, die ruime ervaring hebben in het vertalen van documenten van de <a href=\"https:\/\/www.ecrivus-multimedia.nl\/go\/verslag-betalingen-aan-overheden-beedigde-vertaling-met-stempel\/\" title=\"Report payments to governments sworn translation? Order in our webshop!\" class=\"pretty-link-keyword\"rel=\"\">government<\/a>. As a result, you can be confident that your <a href=\"https:\/\/www.ecrivus-multimedia.nl\/go\/bewijs-of-verklaring-bezit-nederlanderschap-beedigd\/\" title=\"Proof\/Declaration of possession of Dutch nationality sworn? Translate now!\" class=\"pretty-link-keyword\"rel=\"\">Proof of possession of Dutch citizenship<\/a> is accurately translated into the desired language.<\/p>\n<p><strong>The <a href=\"https:\/\/www.ecrivus-multimedia.nl\/go\/be\u00ebdigde-vertaling\/\" title=\"Sworn translations Archives | Ecrivus International Webshop\" class=\"pretty-link-keyword\"rel=\"\">sworn translation<\/a> of your <a href=\"https:\/\/www.ecrivus-multimedia.nl\/go\/bewijs-of-verklaring-bezit-nederlanderschap-beedigd\/\" title=\"Proof\/Declaration of possession of Dutch nationality sworn? Translate now!\" class=\"pretty-link-keyword\"rel=\"\">Proof or Declaration of possession of Dutch citizenship<\/a> is in good hands with us:<\/strong><\/p>\n<ul>\n<li>Translation by sworn, experienced and specialised <a href=\"http:\/\/www.ecrivus.nl\/juridische-vertalingen\/\">legal translator<\/a><\/li>\n<li>Including <a href=\"http:\/\/www.ecrivus.nl\/proeflezen\/\">proofreading<\/a><\/li>\n<li>Including <a href=\"http:\/\/www.ecrivus.nl\/qa-kwaliteitscontroles\/\">quality checks<\/a><\/li>\n<li>Competitive rates<\/li>\n<li>Fast delivery time<\/li>\n<li>Choice of <a href=\"http:\/\/www.ecrivus.nl\/talen\/\">hundreds of language combinations<\/a><\/li>\n<li>Express delivery possible<\/li>\n<li>Support for various file formats, including PDF<\/li>\n<li>Always registered delivery of your <a href=\"https:\/\/www.ecrivus-multimedia.nl\/go\/be\u00ebdigde-vertaling\/\" title=\"Sworn translations Archives | Ecrivus International Webshop\" class=\"pretty-link-keyword\"rel=\"\">sworn translation<\/a> with Track &amp; Trace<\/li>\n<li>Possibility of having your document marked with a <a href=\"https:\/\/www.ecrivus-multimedia.nl\/go\/apostilles-legalisatie-landenoverzicht\/\" title=\"Apostilles (legalisation) - overview of countries\" class=\"pretty-link-keyword\"rel=\"\">apostille<\/a> or <a href=\"https:\/\/www.ecrivus-multimedia.nl\/go\/apostilles-legalisatie-landenoverzicht\/\" title=\"Apostilles (legalisation) - overview of countries\" class=\"pretty-link-keyword\"rel=\"\">legalisation<\/a> (legalise)<\/li>\n<\/ul>\n<p>To make your <a href=\"https:\/\/www.ecrivus-multimedia.nl\/go\/bewijs-of-verklaring-bezit-nederlanderschap-beedigd\/\" title=\"Proof\/Declaration of possession of Dutch nationality sworn? Translate now!\" class=\"pretty-link-keyword\"rel=\"\">Proof of possession of Dutch citizenship<\/a> direct be\u00ebdigd te laten vertalen, selecteert u hierboven het aantal pagina\u2019s van uw document en de gewenste talencombinatie. Vervolgens klikt u op \u2018In winkelwagen\u2019. Daarna kunt u een foto\/scan van uw <a href=\"https:\/\/www.ecrivus-multimedia.nl\/go\/bewijs-of-verklaring-bezit-nederlanderschap-beedigd\/\" title=\"Proof\/Declaration of possession of Dutch nationality sworn? Translate now!\" class=\"pretty-link-keyword\"rel=\"\">Proof or Declaration of possession of Dutch citizenship<\/a> upload and add to your order. We offer various payment options via secure connections (including iDeal, bank transfer and PayPal).<\/p>\n<p><strong>Standard delivery time<\/strong>: 5-6 working days<\/p>","protected":false},"excerpt":{"rendered":"<p>Professional sworn translation with stamp by officially sworn translator.<br \/>\nSelect the language combination below:<\/p>","protected":false},"featured_media":132609,"comment_status":"open","ping_status":"closed","template":"","meta":{"_acf_changed":false,"_glsr_average":0,"_glsr_ranking":0,"_glsr_reviews":0,"_joinchat":[]},"product_brand":[],"product_cat":[107,624],"product_tag":[642,15973,112,15975,15974],"class_list":{"0":"post-127224","1":"product","2":"type-product","3":"status-publish","4":"has-post-thumbnail","6":"product_cat-beedigde-vertalingen","7":"product_cat-juridische-vertalingen","8":"product_tag-beedigd","9":"product_tag-bewijs-bezit-nederlanderschap","10":"product_tag-juridisch","11":"product_tag-nederlanderschap","12":"product_tag-verklaring-bezit-nederlanderschap","14":"first","15":"instock","16":"sold-individually","17":"taxable","18":"shipping-taxable","19":"purchasable","20":"product-type-variable"},"acf":[],"yoast_head":"<!-- This site is optimized with the Yoast SEO plugin v27.4 - https:\/\/yoast.com\/product\/yoast-seo-wordpress\/ -->\n<title>Bewijs\/Verklaring bezit Nederlanderschap be\u00ebdigd? Vertaal nu!<\/title>\n<meta name=\"description\" content=\"Bewijs of Verklaring bezit Nederlanderschap be\u00ebdigd vertalen? Bestel direct online! Offici\u00eble be\u00ebdigde vertaling met stempel. Alle talen. Snel in huis.\" \/>\n<meta name=\"robots\" content=\"index, follow, max-snippet:-1, max-image-preview:large, max-video-preview:-1\" \/>\n<link rel=\"canonical\" href=\"https:\/\/www.ecrivus-multimedia.nl\/en\/product\/legal-document-translation-sworn-2\/\" \/>\n<meta property=\"og:locale\" content=\"en_GB\" \/>\n<meta property=\"og:type\" content=\"article\" \/>\n<meta property=\"og:title\" content=\"Bewijs\/Verklaring bezit Nederlanderschap be\u00ebdigd? Vertaal nu!\" \/>\n<meta property=\"og:description\" content=\"Bewijs of Verklaring bezit Nederlanderschap be\u00ebdigd vertalen? Bestel direct online! Offici\u00eble be\u00ebdigde vertaling met stempel. Alle talen. Snel in huis.\" \/>\n<meta property=\"og:url\" content=\"https:\/\/www.ecrivus-multimedia.nl\/en\/product\/legal-document-translation-sworn-2\/\" \/>\n<meta property=\"og:site_name\" content=\"Ecrivus International Webshop\" \/>\n<meta property=\"article:publisher\" content=\"https:\/\/www.facebook.com\/Ecrivus-International-676624782512639\/\" \/>\n<meta property=\"article:modified_time\" content=\"2026-04-12T10:13:17+00:00\" \/>\n<meta property=\"og:image\" content=\"https:\/\/www.ecrivus-multimedia.nl\/wp-content\/uploads\/2017\/08\/beedigde-vertaling2.webp\" \/>\n\t<meta property=\"og:image:width\" content=\"1000\" \/>\n\t<meta property=\"og:image:height\" content=\"623\" \/>\n\t<meta property=\"og:image:type\" content=\"image\/webp\" \/>\n<meta name=\"twitter:card\" content=\"summary_large_image\" \/>\n<meta name=\"twitter:site\" content=\"@ecrivusint\" \/>\n<meta name=\"twitter:label1\" content=\"Estimated reading time\" \/>\n\t<meta name=\"twitter:data1\" content=\"2 minutes\" \/>\n<script type=\"application\/ld+json\" class=\"yoast-schema-graph\">{\"@context\":\"https:\\\/\\\/schema.org\",\"@graph\":[{\"@type\":\"WebPage\",\"@id\":\"https:\\\/\\\/www.ecrivus-multimedia.nl\\\/product\\\/bewijs-of-verklaring-bezit-nederlanderschap-beedigd\\\/\",\"url\":\"https:\\\/\\\/www.ecrivus-multimedia.nl\\\/product\\\/bewijs-of-verklaring-bezit-nederlanderschap-beedigd\\\/\",\"name\":\"Bewijs\\\/Verklaring bezit Nederlanderschap be\u00ebdigd? Vertaal nu!\",\"isPartOf\":{\"@id\":\"https:\\\/\\\/www.ecrivus-multimedia.nl\\\/#website\"},\"primaryImageOfPage\":{\"@id\":\"https:\\\/\\\/www.ecrivus-multimedia.nl\\\/product\\\/bewijs-of-verklaring-bezit-nederlanderschap-beedigd\\\/#primaryimage\"},\"image\":{\"@id\":\"https:\\\/\\\/www.ecrivus-multimedia.nl\\\/product\\\/bewijs-of-verklaring-bezit-nederlanderschap-beedigd\\\/#primaryimage\"},\"thumbnailUrl\":\"https:\\\/\\\/www.ecrivus-multimedia.nl\\\/wp-content\\\/uploads\\\/2026\\\/04\\\/lakstempel-drukken-document-vooraanzicht-2.jpg\",\"datePublished\":\"2024-04-16T08:38:09+00:00\",\"dateModified\":\"2026-04-12T10:13:17+00:00\",\"description\":\"Bewijs of Verklaring bezit Nederlanderschap be\u00ebdigd vertalen? Bestel direct online! Offici\u00eble be\u00ebdigde vertaling met stempel. Alle talen. Snel in huis.\",\"breadcrumb\":{\"@id\":\"https:\\\/\\\/www.ecrivus-multimedia.nl\\\/product\\\/bewijs-of-verklaring-bezit-nederlanderschap-beedigd\\\/#breadcrumb\"},\"inLanguage\":\"en-GB\",\"potentialAction\":[{\"@type\":\"ReadAction\",\"target\":[\"https:\\\/\\\/www.ecrivus-multimedia.nl\\\/product\\\/bewijs-of-verklaring-bezit-nederlanderschap-beedigd\\\/\"]}]},{\"@type\":\"ImageObject\",\"inLanguage\":\"en-GB\",\"@id\":\"https:\\\/\\\/www.ecrivus-multimedia.nl\\\/product\\\/bewijs-of-verklaring-bezit-nederlanderschap-beedigd\\\/#primaryimage\",\"url\":\"https:\\\/\\\/www.ecrivus-multimedia.nl\\\/wp-content\\\/uploads\\\/2026\\\/04\\\/lakstempel-drukken-document-vooraanzicht-2.jpg\",\"contentUrl\":\"https:\\\/\\\/www.ecrivus-multimedia.nl\\\/wp-content\\\/uploads\\\/2026\\\/04\\\/lakstempel-drukken-document-vooraanzicht-2.jpg\",\"width\":1000,\"height\":667},{\"@type\":\"BreadcrumbList\",\"@id\":\"https:\\\/\\\/www.ecrivus-multimedia.nl\\\/product\\\/bewijs-of-verklaring-bezit-nederlanderschap-beedigd\\\/#breadcrumb\",\"itemListElement\":[{\"@type\":\"ListItem\",\"position\":1,\"name\":\"Home\",\"item\":\"https:\\\/\\\/www.ecrivus-multimedia.nl\\\/\"},{\"@type\":\"ListItem\",\"position\":2,\"name\":\"Shop\",\"item\":\"https:\\\/\\\/www.ecrivus-multimedia.nl\\\/shop\\\/\"},{\"@type\":\"ListItem\",\"position\":3,\"name\":\"Bewijs of Verklaring bezit Nederlanderschap (be\u00ebdigd)\"}]},{\"@type\":\"WebSite\",\"@id\":\"https:\\\/\\\/www.ecrivus-multimedia.nl\\\/#website\",\"url\":\"https:\\\/\\\/www.ecrivus-multimedia.nl\\\/\",\"name\":\"Ecrivus International Webshop\",\"description\":\"Erkende webshop voor be\u00ebdigde vertalingen.\",\"publisher\":{\"@id\":\"https:\\\/\\\/www.ecrivus-multimedia.nl\\\/#organization\"},\"potentialAction\":[{\"@type\":\"SearchAction\",\"target\":{\"@type\":\"EntryPoint\",\"urlTemplate\":\"https:\\\/\\\/www.ecrivus-multimedia.nl\\\/?s={search_term_string}\"},\"query-input\":{\"@type\":\"PropertyValueSpecification\",\"valueRequired\":true,\"valueName\":\"search_term_string\"}}],\"inLanguage\":\"en-GB\"},{\"@type\":\"Organization\",\"@id\":\"https:\\\/\\\/www.ecrivus-multimedia.nl\\\/#organization\",\"name\":\"Ecrivus International\",\"url\":\"https:\\\/\\\/www.ecrivus-multimedia.nl\\\/\",\"logo\":{\"@type\":\"ImageObject\",\"inLanguage\":\"en-GB\",\"@id\":\"https:\\\/\\\/www.ecrivus-multimedia.nl\\\/#\\\/schema\\\/logo\\\/image\\\/\",\"url\":\"https:\\\/\\\/www.ecrivus-multimedia.nl\\\/wp-content\\\/uploads\\\/2022\\\/01\\\/cropped-small-Logo-Ecrivus-Vector-Transparent2.png\",\"contentUrl\":\"https:\\\/\\\/www.ecrivus-multimedia.nl\\\/wp-content\\\/uploads\\\/2022\\\/01\\\/cropped-small-Logo-Ecrivus-Vector-Transparent2.png\",\"width\":512,\"height\":512,\"caption\":\"Ecrivus International\"},\"image\":{\"@id\":\"https:\\\/\\\/www.ecrivus-multimedia.nl\\\/#\\\/schema\\\/logo\\\/image\\\/\"},\"sameAs\":[\"https:\\\/\\\/www.facebook.com\\\/Ecrivus-International-676624782512639\\\/\",\"https:\\\/\\\/x.com\\\/ecrivusint\"]}]}<\/script>\n<!-- \/ Yoast SEO plugin. -->","yoast_head_json":{"title":"Bewijs\/Verklaring bezit Nederlanderschap be\u00ebdigd? Vertaal nu!","description":"Bewijs of Verklaring bezit Nederlanderschap be\u00ebdigd vertalen? Bestel direct online! Offici\u00eble be\u00ebdigde vertaling met stempel. Alle talen. Snel in huis.","robots":{"index":"index","follow":"follow","max-snippet":"max-snippet:-1","max-image-preview":"max-image-preview:large","max-video-preview":"max-video-preview:-1"},"canonical":"https:\/\/www.ecrivus-multimedia.nl\/en\/product\/legal-document-translation-sworn-2\/","og_locale":"en_GB","og_type":"article","og_title":"Bewijs\/Verklaring bezit Nederlanderschap be\u00ebdigd? Vertaal nu!","og_description":"Bewijs of Verklaring bezit Nederlanderschap be\u00ebdigd vertalen? Bestel direct online! Offici\u00eble be\u00ebdigde vertaling met stempel. Alle talen. Snel in huis.","og_url":"https:\/\/www.ecrivus-multimedia.nl\/en\/product\/legal-document-translation-sworn-2\/","og_site_name":"Ecrivus International Webshop","article_publisher":"https:\/\/www.facebook.com\/Ecrivus-International-676624782512639\/","article_modified_time":"2026-04-12T10:13:17+00:00","og_image":[{"width":1000,"height":623,"url":"https:\/\/www.ecrivus-multimedia.nl\/wp-content\/uploads\/2017\/08\/beedigde-vertaling2.webp","type":"image\/webp"}],"twitter_card":"summary_large_image","twitter_site":"@ecrivusint","twitter_misc":{"Estimated reading time":"2 minutes"},"schema":{"@context":"https:\/\/schema.org","@graph":[{"@type":"WebPage","@id":"https:\/\/www.ecrivus-multimedia.nl\/product\/bewijs-of-verklaring-bezit-nederlanderschap-beedigd\/","url":"https:\/\/www.ecrivus-multimedia.nl\/product\/bewijs-of-verklaring-bezit-nederlanderschap-beedigd\/","name":"Bewijs\/Verklaring bezit Nederlanderschap be\u00ebdigd? Vertaal nu!","isPartOf":{"@id":"https:\/\/www.ecrivus-multimedia.nl\/#website"},"primaryImageOfPage":{"@id":"https:\/\/www.ecrivus-multimedia.nl\/product\/bewijs-of-verklaring-bezit-nederlanderschap-beedigd\/#primaryimage"},"image":{"@id":"https:\/\/www.ecrivus-multimedia.nl\/product\/bewijs-of-verklaring-bezit-nederlanderschap-beedigd\/#primaryimage"},"thumbnailUrl":"https:\/\/www.ecrivus-multimedia.nl\/wp-content\/uploads\/2026\/04\/lakstempel-drukken-document-vooraanzicht-2.jpg","datePublished":"2024-04-16T08:38:09+00:00","dateModified":"2026-04-12T10:13:17+00:00","description":"Bewijs of Verklaring bezit Nederlanderschap be\u00ebdigd vertalen? Bestel direct online! Offici\u00eble be\u00ebdigde vertaling met stempel. Alle talen. Snel in huis.","breadcrumb":{"@id":"https:\/\/www.ecrivus-multimedia.nl\/product\/bewijs-of-verklaring-bezit-nederlanderschap-beedigd\/#breadcrumb"},"inLanguage":"en-GB","potentialAction":[{"@type":"ReadAction","target":["https:\/\/www.ecrivus-multimedia.nl\/product\/bewijs-of-verklaring-bezit-nederlanderschap-beedigd\/"]}]},{"@type":"ImageObject","inLanguage":"en-GB","@id":"https:\/\/www.ecrivus-multimedia.nl\/product\/bewijs-of-verklaring-bezit-nederlanderschap-beedigd\/#primaryimage","url":"https:\/\/www.ecrivus-multimedia.nl\/wp-content\/uploads\/2026\/04\/lakstempel-drukken-document-vooraanzicht-2.jpg","contentUrl":"https:\/\/www.ecrivus-multimedia.nl\/wp-content\/uploads\/2026\/04\/lakstempel-drukken-document-vooraanzicht-2.jpg","width":1000,"height":667},{"@type":"BreadcrumbList","@id":"https:\/\/www.ecrivus-multimedia.nl\/product\/bewijs-of-verklaring-bezit-nederlanderschap-beedigd\/#breadcrumb","itemListElement":[{"@type":"ListItem","position":1,"name":"Home","item":"https:\/\/www.ecrivus-multimedia.nl\/"},{"@type":"ListItem","position":2,"name":"Shop","item":"https:\/\/www.ecrivus-multimedia.nl\/shop\/"},{"@type":"ListItem","position":3,"name":"Bewijs of Verklaring bezit Nederlanderschap (be\u00ebdigd)"}]},{"@type":"WebSite","@id":"https:\/\/www.ecrivus-multimedia.nl\/#website","url":"https:\/\/www.ecrivus-multimedia.nl\/","name":"Ecrivus International Webshop","description":"Erkende webshop voor be\u00ebdigde vertalingen.","publisher":{"@id":"https:\/\/www.ecrivus-multimedia.nl\/#organization"},"potentialAction":[{"@type":"SearchAction","target":{"@type":"EntryPoint","urlTemplate":"https:\/\/www.ecrivus-multimedia.nl\/?s={search_term_string}"},"query-input":{"@type":"PropertyValueSpecification","valueRequired":true,"valueName":"search_term_string"}}],"inLanguage":"en-GB"},{"@type":"Organization","@id":"https:\/\/www.ecrivus-multimedia.nl\/#organization","name":"Ecrivus International","url":"https:\/\/www.ecrivus-multimedia.nl\/","logo":{"@type":"ImageObject","inLanguage":"en-GB","@id":"https:\/\/www.ecrivus-multimedia.nl\/#\/schema\/logo\/image\/","url":"https:\/\/www.ecrivus-multimedia.nl\/wp-content\/uploads\/2022\/01\/cropped-small-Logo-Ecrivus-Vector-Transparent2.png","contentUrl":"https:\/\/www.ecrivus-multimedia.nl\/wp-content\/uploads\/2022\/01\/cropped-small-Logo-Ecrivus-Vector-Transparent2.png","width":512,"height":512,"caption":"Ecrivus International"},"image":{"@id":"https:\/\/www.ecrivus-multimedia.nl\/#\/schema\/logo\/image\/"},"sameAs":["https:\/\/www.facebook.com\/Ecrivus-International-676624782512639\/","https:\/\/x.com\/ecrivusint"]}]}},"_links":{"self":[{"href":"https:\/\/www.ecrivus-multimedia.nl\/en\/wp-json\/wp\/v2\/product\/127224","targetHints":{"allow":["GET"]}}],"collection":[{"href":"https:\/\/www.ecrivus-multimedia.nl\/en\/wp-json\/wp\/v2\/product"}],"about":[{"href":"https:\/\/www.ecrivus-multimedia.nl\/en\/wp-json\/wp\/v2\/types\/product"}],"replies":[{"embeddable":true,"href":"https:\/\/www.ecrivus-multimedia.nl\/en\/wp-json\/wp\/v2\/comments?post=127224"}],"wp:featuredmedia":[{"embeddable":true,"href":"https:\/\/www.ecrivus-multimedia.nl\/en\/wp-json\/wp\/v2\/media\/132609"}],"wp:attachment":[{"href":"https:\/\/www.ecrivus-multimedia.nl\/en\/wp-json\/wp\/v2\/media?parent=127224"}],"wp:term":[{"taxonomy":"product_brand","embeddable":true,"href":"https:\/\/www.ecrivus-multimedia.nl\/en\/wp-json\/wp\/v2\/product_brand?post=127224"},{"taxonomy":"product_cat","embeddable":true,"href":"https:\/\/www.ecrivus-multimedia.nl\/en\/wp-json\/wp\/v2\/product_cat?post=127224"},{"taxonomy":"product_tag","embeddable":true,"href":"https:\/\/www.ecrivus-multimedia.nl\/en\/wp-json\/wp\/v2\/product_tag?post=127224"}],"curies":[{"name":"wp","href":"https:\/\/api.w.org\/{rel}","templated":true}]}}