{"id":42956,"date":"2019-07-11T20:31:53","date_gmt":"2019-07-11T18:31:53","guid":{"rendered":"https:\/\/www.ecrivus-multimedia.nl\/?post_type=product&#038;p=42956"},"modified":"2026-04-13T09:04:12","modified_gmt":"2026-04-13T07:04:12","slug":"bankafschrift-vertalen-beedigd","status":"publish","type":"product","link":"https:\/\/www.ecrivus-multimedia.nl\/en\/product\/translate-bank-statement\/","title":{"rendered":"Bank statement translation (sworn)"},"content":{"rendered":"<p><strong><a href=\"https:\/\/www.ecrivus-multimedia.nl\/go\/bankafschrift-vertalen-beedigd\/\" title=\"Bank statement certified translation? Order via our webshop!\" class=\"pretty-link-keyword\"rel=\"\">Bank statement<\/a> (<a href=\"https:\/\/www.ecrivus-multimedia.nl\/go\/be\u00ebdigde-vertaling\/\" title=\"Sworn translations Archives | Ecrivus International Webshop\" class=\"pretty-link-keyword\"rel=\"\">sworn translation<\/a> with stamp)<\/strong><\/p>\n<p>The <a href=\"https:\/\/www.ecrivus-multimedia.nl\/go\/be\u00ebdigde-vertaling\/\" title=\"Sworn translations Archives | Ecrivus International Webshop\" class=\"pretty-link-keyword\"rel=\"\">sworn translation<\/a> of your <a href=\"https:\/\/www.ecrivus-multimedia.nl\/go\/bankafschrift-vertalen-beedigd\/\" title=\"Bank statement certified translation? Order via our webshop!\" class=\"pretty-link-keyword\"rel=\"\">bank statement<\/a> can now easily be ordered online.<\/p>\n<p>Several (<a href=\"https:\/\/www.ecrivus-multimedia.nl\/go\/financi\u00eble-vertalingen\/\" title=\"Financial translations\" class=\"pretty-link-keyword\"rel=\"\">financial<\/a>) agencies and companies can ask for a <a href=\"https:\/\/www.ecrivus-multimedia.nl\/go\/be\u00ebdigde-vertaling\/\" title=\"Sworn translations Archives | Ecrivus International Webshop\" class=\"pretty-link-keyword\"rel=\"\">sworn translation<\/a> of your <a href=\"https:\/\/www.ecrivus-multimedia.nl\/go\/bankafschrift-vertalen-beedigd\/\" title=\"Bank statement certified translation? Order via our webshop!\" class=\"pretty-link-keyword\"rel=\"\">bank statement<\/a> for example, to verify your home address or business address. A <a href=\"https:\/\/www.ecrivus-multimedia.nl\/go\/be\u00ebdigde-vertaling\/\" title=\"Sworn translations Archives | Ecrivus International Webshop\" class=\"pretty-link-keyword\"rel=\"\">sworn translation<\/a> of your <a href=\"https:\/\/www.ecrivus-multimedia.nl\/go\/bankafschrift-vertalen-beedigd\/\" title=\"Bank statement certified translation? Order via our webshop!\" class=\"pretty-link-keyword\"rel=\"\">bank statement<\/a> is also necessary if you are <a href=\"https:\/\/www.ecrivus-multimedia.nl\/en\/sworn-translation-for-amazon-seller-account-netherlands\/\" target=\"_blank\" rel=\"noopener noreferrer\"><strong>want to register as a seller with Amazon Netherlands <\/strong><\/a>(An <a href=\"https:\/\/www.ecrivus-multimedia.nl\/go\/beedigde-vertaling-voor-amazon-seller-account-nederland\/\" title=\"Need a certified translation for Amazon Seller Account? Bank statement + ID\" class=\"pretty-link-keyword\"rel=\"\">Amazon Seller<\/a> Central account). Ecrivus International only employs certified and sworn translators who have extensive experience in translating <a href=\"https:\/\/www.ecrivus-multimedia.nl\/go\/bankafschrift-vertalen-beedigd\/\" title=\"Bank statement certified translation? Order via our webshop!\" class=\"pretty-link-keyword\"rel=\"\">Bank statements<\/a>. As a result, you can be confident that your <a href=\"https:\/\/www.ecrivus-multimedia.nl\/go\/bankafschrift-vertalen-beedigd\/\" title=\"Bank statement certified translation? Order via our webshop!\" class=\"pretty-link-keyword\"rel=\"\">bank statement<\/a> is accurately translated into the desired language.<\/p>\n<p><strong>The <a href=\"https:\/\/www.ecrivus-multimedia.nl\/go\/be\u00ebdigde-vertaling\/\" title=\"Sworn translations Archives | Ecrivus International Webshop\" class=\"pretty-link-keyword\"rel=\"\">sworn translation<\/a> of your <a href=\"https:\/\/www.ecrivus-multimedia.nl\/go\/bankafschrift-vertalen-beedigd\/\" title=\"Bank statement certified translation? Order via our webshop!\" class=\"pretty-link-keyword\"rel=\"\">bank statement<\/a> is in good hands with us:<\/strong><\/p>\n<ul>\n<li>Translation by sworn, experienced and specialised <a href=\"http:\/\/www.ecrivus.nl\/juridische-vertalingen\/\">legal translator<\/a><\/li>\n<li>Including <a href=\"http:\/\/www.ecrivus.nl\/proeflezen\/\">proofreading<\/a><\/li>\n<li>Including <a href=\"http:\/\/www.ecrivus.nl\/qa-kwaliteitscontroles\/\">quality checks<\/a><\/li>\n<li>Competitive rates<\/li>\n<li>Fast delivery time<\/li>\n<li>Choice of <a href=\"http:\/\/www.ecrivus.nl\/talen\/\">hundreds of language combinations<\/a><\/li>\n<li>Express delivery possible<\/li>\n<li>Support for various file formats, including PDF<\/li>\n<li>Always registered delivery of your <a href=\"https:\/\/www.ecrivus-multimedia.nl\/go\/be\u00ebdigde-vertaling\/\" title=\"Sworn translations Archives | Ecrivus International Webshop\" class=\"pretty-link-keyword\"rel=\"\">sworn translation<\/a> with Track &amp; Trace<\/li>\n<li>Possibility of having your document marked with a <a href=\"https:\/\/www.ecrivus-multimedia.nl\/go\/apostilles-legalisatie-landenoverzicht\/\" title=\"Apostilles (legalisation) - overview of countries\" class=\"pretty-link-keyword\"rel=\"\">apostille<\/a> or <a href=\"https:\/\/www.ecrivus-multimedia.nl\/go\/apostilles-legalisatie-landenoverzicht\/\" title=\"Apostilles (legalisation) - overview of countries\" class=\"pretty-link-keyword\"rel=\"\">legalisation<\/a> (legalise)<\/li>\n<li><strong>Also suitable for registration as a seller <a href=\"https:\/\/www.ecrivus-multimedia.nl\/go\/beedigde-vertaling-voor-amazon-seller-account-nederland\/\" title=\"Need a certified translation for Amazon Seller Account? Bank statement + ID\" class=\"pretty-link-keyword\"rel=\"\">Amazon Seller<\/a> Central<\/strong><\/li>\n<\/ul>\n<p><strong>Two handy tips for <a href=\"https:\/\/www.ecrivus-multimedia.nl\/go\/be\u00ebdigde-vertaling\/\" title=\"Sworn translations Archives | Ecrivus International Webshop\" class=\"pretty-link-keyword\"rel=\"\">sworn translations<\/a> of account statements, <a href=\"https:\/\/www.ecrivus-multimedia.nl\/go\/bankafschrift-vertalen-beedigd\/\" title=\"Bank statement certified translation? Order via our webshop!\" class=\"pretty-link-keyword\"rel=\"\">Bank statements<\/a>, credits and debits and credit card transactions if you want to register as a seller with <a href=\"https:\/\/www.ecrivus-multimedia.nl\/go\/beedigde-vertaling-voor-amazon-seller-account-nederland\/\" title=\"Need a certified translation for Amazon Seller Account? Bank statement + ID\" class=\"pretty-link-keyword\"rel=\"\">Amazon<\/a>:<\/strong><br \/>\n- the digital copy you wish to have sworn translated should be in <span style=\"text-decoration: underline;\">colour<\/span> to be supplied to us in PDF (you can upload the document during ordering on the 'checkout' page)<br \/>\n\u2013 the name and address details and the company name on the statement must correspond exactly with the (company) details with which you register with <a href=\"https:\/\/www.ecrivus-multimedia.nl\/go\/beedigde-vertaling-voor-amazon-seller-account-nederland\/\" title=\"Need a certified translation for Amazon Seller Account? Bank statement + ID\" class=\"pretty-link-keyword\"rel=\"\">Amazon<\/a><\/p>\n<p>To make your <a href=\"https:\/\/www.ecrivus-multimedia.nl\/go\/bankafschrift-vertalen-beedigd\/\" title=\"Bank statement certified translation? Order via our webshop!\" class=\"pretty-link-keyword\"rel=\"\">bank statement<\/a> to have it translated immediately, select the number of pages above <a href=\"https:\/\/www.ecrivus-multimedia.nl\/go\/bankafschrift-vertalen-beedigd\/\" title=\"Bank statement certified translation? Order via our webshop!\" class=\"pretty-link-keyword\"rel=\"\">bank statement<\/a> and the desired language combination. Then click on &#039;Add to cart&#039;. You can then take a photo\/scan of your <a href=\"https:\/\/www.ecrivus-multimedia.nl\/go\/bankafschrift-vertalen-beedigd\/\" title=\"Bank statement certified translation? Order via our webshop!\" class=\"pretty-link-keyword\"rel=\"\">bank statement<\/a> upload and add to your order. We offer various payment options via secure connections (including iDeal, bank transfer and PayPal).<\/p>\n<p><strong>Standard delivery time<\/strong>: 5-6 working days<\/p>","protected":false},"excerpt":{"rendered":"<p>Professional sworn translation with stamp by officially sworn translator. <strong>Also suitable for registration as a seller with Amazon<\/strong>.<br \/>\nSelect the language combination below:<\/p>","protected":false},"featured_media":132685,"comment_status":"open","ping_status":"closed","template":"","meta":{"_acf_changed":false,"_glsr_average":0,"_glsr_ranking":0,"_glsr_reviews":0,"_joinchat":[]},"product_brand":[],"product_cat":[107,15333],"product_tag":[15398,15509,15335,642,15511,15396,15397,15510],"class_list":{"0":"post-42956","1":"product","2":"type-product","3":"status-publish","4":"has-post-thumbnail","6":"product_cat-beedigde-vertalingen","7":"product_cat-financiele-vertalingen","8":"product_tag-afschrift","9":"product_tag-amazon","10":"product_tag-bankafschrift","11":"product_tag-beedigd","12":"product_tag-jaaroverzicht","13":"product_tag-rekeningafschrift","14":"product_tag-rekeningoverzicht","15":"product_tag-transacties","17":"first","18":"instock","19":"sold-individually","20":"taxable","21":"shipping-taxable","22":"purchasable","23":"product-type-variable"},"acf":[],"yoast_head":"<!-- This site is optimized with the Yoast SEO plugin v27.4 - https:\/\/yoast.com\/product\/yoast-seo-wordpress\/ -->\n<title>Bankafschrift be\u00ebdigd vertalen? Bestel via onze webshop!<\/title>\n<meta name=\"description\" content=\"Bankafschrift be\u00ebdigd vertalen? Bestel direct online! Offici\u00eble be\u00ebdigde vertaling met stempel van uw bankafschrift. Alle talen. Binnen 3 werkdagen in huis. Veilig betalen met iDeal of PayPal. Erkend vertaalbureau.\" \/>\n<meta name=\"robots\" content=\"index, follow, max-snippet:-1, max-image-preview:large, max-video-preview:-1\" \/>\n<link rel=\"canonical\" href=\"https:\/\/www.ecrivus-multimedia.nl\/en\/product\/translate-bank-statement\/\" \/>\n<meta property=\"og:locale\" content=\"en_GB\" \/>\n<meta property=\"og:type\" content=\"article\" \/>\n<meta property=\"og:title\" content=\"Bankafschrift be\u00ebdigd vertalen? Bestel via onze webshop!\" \/>\n<meta property=\"og:description\" content=\"Bankafschrift be\u00ebdigd vertalen? Bestel direct online! Offici\u00eble be\u00ebdigde vertaling met stempel van uw bankafschrift. Alle talen. Binnen 3 werkdagen in huis. Veilig betalen met iDeal of PayPal. Erkend vertaalbureau.\" \/>\n<meta property=\"og:url\" content=\"https:\/\/www.ecrivus-multimedia.nl\/en\/product\/translate-bank-statement\/\" \/>\n<meta property=\"og:site_name\" content=\"Ecrivus International Webshop\" \/>\n<meta property=\"article:publisher\" content=\"https:\/\/www.facebook.com\/Ecrivus-International-676624782512639\/\" \/>\n<meta property=\"article:modified_time\" content=\"2026-04-13T07:04:12+00:00\" \/>\n<meta property=\"og:image\" content=\"https:\/\/www.ecrivus-multimedia.nl\/wp-content\/uploads\/2017\/08\/voorbeeld-bankafschrift-large.webp\" \/>\n\t<meta property=\"og:image:width\" content=\"1146\" \/>\n\t<meta property=\"og:image:height\" content=\"800\" \/>\n\t<meta property=\"og:image:type\" content=\"image\/webp\" \/>\n<meta name=\"twitter:card\" content=\"summary_large_image\" \/>\n<meta name=\"twitter:site\" content=\"@ecrivusint\" \/>\n<meta name=\"twitter:label1\" content=\"Estimated reading time\" \/>\n\t<meta name=\"twitter:data1\" content=\"2 minutes\" \/>\n<script type=\"application\/ld+json\" class=\"yoast-schema-graph\">{\"@context\":\"https:\\\/\\\/schema.org\",\"@graph\":[{\"@type\":\"WebPage\",\"@id\":\"https:\\\/\\\/www.ecrivus-multimedia.nl\\\/product\\\/bankafschrift-vertalen-beedigd\\\/\",\"url\":\"https:\\\/\\\/www.ecrivus-multimedia.nl\\\/product\\\/bankafschrift-vertalen-beedigd\\\/\",\"name\":\"Bankafschrift be\u00ebdigd vertalen? Bestel via onze webshop!\",\"isPartOf\":{\"@id\":\"https:\\\/\\\/www.ecrivus-multimedia.nl\\\/#website\"},\"primaryImageOfPage\":{\"@id\":\"https:\\\/\\\/www.ecrivus-multimedia.nl\\\/product\\\/bankafschrift-vertalen-beedigd\\\/#primaryimage\"},\"image\":{\"@id\":\"https:\\\/\\\/www.ecrivus-multimedia.nl\\\/product\\\/bankafschrift-vertalen-beedigd\\\/#primaryimage\"},\"thumbnailUrl\":\"https:\\\/\\\/www.ecrivus-multimedia.nl\\\/wp-content\\\/uploads\\\/2017\\\/08\\\/voorbeeld-bankafschrift-large.webp\",\"datePublished\":\"2019-07-11T18:31:53+00:00\",\"dateModified\":\"2026-04-13T07:04:12+00:00\",\"description\":\"Bankafschrift be\u00ebdigd vertalen? Bestel direct online! Offici\u00eble be\u00ebdigde vertaling met stempel van uw bankafschrift. Alle talen. Binnen 3 werkdagen in huis. Veilig betalen met iDeal of PayPal. Erkend vertaalbureau.\",\"breadcrumb\":{\"@id\":\"https:\\\/\\\/www.ecrivus-multimedia.nl\\\/product\\\/bankafschrift-vertalen-beedigd\\\/#breadcrumb\"},\"inLanguage\":\"en-GB\",\"potentialAction\":[{\"@type\":\"ReadAction\",\"target\":[\"https:\\\/\\\/www.ecrivus-multimedia.nl\\\/product\\\/bankafschrift-vertalen-beedigd\\\/\"]}]},{\"@type\":\"ImageObject\",\"inLanguage\":\"en-GB\",\"@id\":\"https:\\\/\\\/www.ecrivus-multimedia.nl\\\/product\\\/bankafschrift-vertalen-beedigd\\\/#primaryimage\",\"url\":\"https:\\\/\\\/www.ecrivus-multimedia.nl\\\/wp-content\\\/uploads\\\/2017\\\/08\\\/voorbeeld-bankafschrift-large.webp\",\"contentUrl\":\"https:\\\/\\\/www.ecrivus-multimedia.nl\\\/wp-content\\\/uploads\\\/2017\\\/08\\\/voorbeeld-bankafschrift-large.webp\",\"width\":1146,\"height\":800},{\"@type\":\"BreadcrumbList\",\"@id\":\"https:\\\/\\\/www.ecrivus-multimedia.nl\\\/product\\\/bankafschrift-vertalen-beedigd\\\/#breadcrumb\",\"itemListElement\":[{\"@type\":\"ListItem\",\"position\":1,\"name\":\"Home\",\"item\":\"https:\\\/\\\/www.ecrivus-multimedia.nl\\\/\"},{\"@type\":\"ListItem\",\"position\":2,\"name\":\"Shop\",\"item\":\"https:\\\/\\\/www.ecrivus-multimedia.nl\\\/shop\\\/\"},{\"@type\":\"ListItem\",\"position\":3,\"name\":\"Bankafschrift vertalen (be\u00ebdigd)\"}]},{\"@type\":\"WebSite\",\"@id\":\"https:\\\/\\\/www.ecrivus-multimedia.nl\\\/#website\",\"url\":\"https:\\\/\\\/www.ecrivus-multimedia.nl\\\/\",\"name\":\"Ecrivus International Webshop\",\"description\":\"Erkende webshop voor be\u00ebdigde vertalingen.\",\"publisher\":{\"@id\":\"https:\\\/\\\/www.ecrivus-multimedia.nl\\\/#organization\"},\"potentialAction\":[{\"@type\":\"SearchAction\",\"target\":{\"@type\":\"EntryPoint\",\"urlTemplate\":\"https:\\\/\\\/www.ecrivus-multimedia.nl\\\/?s={search_term_string}\"},\"query-input\":{\"@type\":\"PropertyValueSpecification\",\"valueRequired\":true,\"valueName\":\"search_term_string\"}}],\"inLanguage\":\"en-GB\"},{\"@type\":\"Organization\",\"@id\":\"https:\\\/\\\/www.ecrivus-multimedia.nl\\\/#organization\",\"name\":\"Ecrivus International\",\"url\":\"https:\\\/\\\/www.ecrivus-multimedia.nl\\\/\",\"logo\":{\"@type\":\"ImageObject\",\"inLanguage\":\"en-GB\",\"@id\":\"https:\\\/\\\/www.ecrivus-multimedia.nl\\\/#\\\/schema\\\/logo\\\/image\\\/\",\"url\":\"https:\\\/\\\/www.ecrivus-multimedia.nl\\\/wp-content\\\/uploads\\\/2022\\\/01\\\/cropped-small-Logo-Ecrivus-Vector-Transparent2.png\",\"contentUrl\":\"https:\\\/\\\/www.ecrivus-multimedia.nl\\\/wp-content\\\/uploads\\\/2022\\\/01\\\/cropped-small-Logo-Ecrivus-Vector-Transparent2.png\",\"width\":512,\"height\":512,\"caption\":\"Ecrivus International\"},\"image\":{\"@id\":\"https:\\\/\\\/www.ecrivus-multimedia.nl\\\/#\\\/schema\\\/logo\\\/image\\\/\"},\"sameAs\":[\"https:\\\/\\\/www.facebook.com\\\/Ecrivus-International-676624782512639\\\/\",\"https:\\\/\\\/x.com\\\/ecrivusint\"]}]}<\/script>\n<!-- \/ Yoast SEO plugin. -->","yoast_head_json":{"title":"Bankafschrift be\u00ebdigd vertalen? Bestel via onze webshop!","description":"Bankafschrift be\u00ebdigd vertalen? Bestel direct online! Offici\u00eble be\u00ebdigde vertaling met stempel van uw bankafschrift. Alle talen. Binnen 3 werkdagen in huis. Veilig betalen met iDeal of PayPal. Erkend vertaalbureau.","robots":{"index":"index","follow":"follow","max-snippet":"max-snippet:-1","max-image-preview":"max-image-preview:large","max-video-preview":"max-video-preview:-1"},"canonical":"https:\/\/www.ecrivus-multimedia.nl\/en\/product\/translate-bank-statement\/","og_locale":"en_GB","og_type":"article","og_title":"Bankafschrift be\u00ebdigd vertalen? Bestel via onze webshop!","og_description":"Bankafschrift be\u00ebdigd vertalen? Bestel direct online! Offici\u00eble be\u00ebdigde vertaling met stempel van uw bankafschrift. Alle talen. Binnen 3 werkdagen in huis. Veilig betalen met iDeal of PayPal. Erkend vertaalbureau.","og_url":"https:\/\/www.ecrivus-multimedia.nl\/en\/product\/translate-bank-statement\/","og_site_name":"Ecrivus International Webshop","article_publisher":"https:\/\/www.facebook.com\/Ecrivus-International-676624782512639\/","article_modified_time":"2026-04-13T07:04:12+00:00","og_image":[{"width":1146,"height":800,"url":"https:\/\/www.ecrivus-multimedia.nl\/wp-content\/uploads\/2017\/08\/voorbeeld-bankafschrift-large.webp","type":"image\/webp"}],"twitter_card":"summary_large_image","twitter_site":"@ecrivusint","twitter_misc":{"Estimated reading time":"2 minutes"},"schema":{"@context":"https:\/\/schema.org","@graph":[{"@type":"WebPage","@id":"https:\/\/www.ecrivus-multimedia.nl\/product\/bankafschrift-vertalen-beedigd\/","url":"https:\/\/www.ecrivus-multimedia.nl\/product\/bankafschrift-vertalen-beedigd\/","name":"Bankafschrift be\u00ebdigd vertalen? Bestel via onze webshop!","isPartOf":{"@id":"https:\/\/www.ecrivus-multimedia.nl\/#website"},"primaryImageOfPage":{"@id":"https:\/\/www.ecrivus-multimedia.nl\/product\/bankafschrift-vertalen-beedigd\/#primaryimage"},"image":{"@id":"https:\/\/www.ecrivus-multimedia.nl\/product\/bankafschrift-vertalen-beedigd\/#primaryimage"},"thumbnailUrl":"https:\/\/www.ecrivus-multimedia.nl\/wp-content\/uploads\/2017\/08\/voorbeeld-bankafschrift-large.webp","datePublished":"2019-07-11T18:31:53+00:00","dateModified":"2026-04-13T07:04:12+00:00","description":"Bankafschrift be\u00ebdigd vertalen? Bestel direct online! Offici\u00eble be\u00ebdigde vertaling met stempel van uw bankafschrift. Alle talen. Binnen 3 werkdagen in huis. Veilig betalen met iDeal of PayPal. Erkend vertaalbureau.","breadcrumb":{"@id":"https:\/\/www.ecrivus-multimedia.nl\/product\/bankafschrift-vertalen-beedigd\/#breadcrumb"},"inLanguage":"en-GB","potentialAction":[{"@type":"ReadAction","target":["https:\/\/www.ecrivus-multimedia.nl\/product\/bankafschrift-vertalen-beedigd\/"]}]},{"@type":"ImageObject","inLanguage":"en-GB","@id":"https:\/\/www.ecrivus-multimedia.nl\/product\/bankafschrift-vertalen-beedigd\/#primaryimage","url":"https:\/\/www.ecrivus-multimedia.nl\/wp-content\/uploads\/2017\/08\/voorbeeld-bankafschrift-large.webp","contentUrl":"https:\/\/www.ecrivus-multimedia.nl\/wp-content\/uploads\/2017\/08\/voorbeeld-bankafschrift-large.webp","width":1146,"height":800},{"@type":"BreadcrumbList","@id":"https:\/\/www.ecrivus-multimedia.nl\/product\/bankafschrift-vertalen-beedigd\/#breadcrumb","itemListElement":[{"@type":"ListItem","position":1,"name":"Home","item":"https:\/\/www.ecrivus-multimedia.nl\/"},{"@type":"ListItem","position":2,"name":"Shop","item":"https:\/\/www.ecrivus-multimedia.nl\/shop\/"},{"@type":"ListItem","position":3,"name":"Bankafschrift vertalen (be\u00ebdigd)"}]},{"@type":"WebSite","@id":"https:\/\/www.ecrivus-multimedia.nl\/#website","url":"https:\/\/www.ecrivus-multimedia.nl\/","name":"Ecrivus International Webshop","description":"Erkende webshop voor be\u00ebdigde vertalingen.","publisher":{"@id":"https:\/\/www.ecrivus-multimedia.nl\/#organization"},"potentialAction":[{"@type":"SearchAction","target":{"@type":"EntryPoint","urlTemplate":"https:\/\/www.ecrivus-multimedia.nl\/?s={search_term_string}"},"query-input":{"@type":"PropertyValueSpecification","valueRequired":true,"valueName":"search_term_string"}}],"inLanguage":"en-GB"},{"@type":"Organization","@id":"https:\/\/www.ecrivus-multimedia.nl\/#organization","name":"Ecrivus International","url":"https:\/\/www.ecrivus-multimedia.nl\/","logo":{"@type":"ImageObject","inLanguage":"en-GB","@id":"https:\/\/www.ecrivus-multimedia.nl\/#\/schema\/logo\/image\/","url":"https:\/\/www.ecrivus-multimedia.nl\/wp-content\/uploads\/2022\/01\/cropped-small-Logo-Ecrivus-Vector-Transparent2.png","contentUrl":"https:\/\/www.ecrivus-multimedia.nl\/wp-content\/uploads\/2022\/01\/cropped-small-Logo-Ecrivus-Vector-Transparent2.png","width":512,"height":512,"caption":"Ecrivus International"},"image":{"@id":"https:\/\/www.ecrivus-multimedia.nl\/#\/schema\/logo\/image\/"},"sameAs":["https:\/\/www.facebook.com\/Ecrivus-International-676624782512639\/","https:\/\/x.com\/ecrivusint"]}]}},"_links":{"self":[{"href":"https:\/\/www.ecrivus-multimedia.nl\/en\/wp-json\/wp\/v2\/product\/42956","targetHints":{"allow":["GET"]}}],"collection":[{"href":"https:\/\/www.ecrivus-multimedia.nl\/en\/wp-json\/wp\/v2\/product"}],"about":[{"href":"https:\/\/www.ecrivus-multimedia.nl\/en\/wp-json\/wp\/v2\/types\/product"}],"replies":[{"embeddable":true,"href":"https:\/\/www.ecrivus-multimedia.nl\/en\/wp-json\/wp\/v2\/comments?post=42956"}],"wp:featuredmedia":[{"embeddable":true,"href":"https:\/\/www.ecrivus-multimedia.nl\/en\/wp-json\/wp\/v2\/media\/132685"}],"wp:attachment":[{"href":"https:\/\/www.ecrivus-multimedia.nl\/en\/wp-json\/wp\/v2\/media?parent=42956"}],"wp:term":[{"taxonomy":"product_brand","embeddable":true,"href":"https:\/\/www.ecrivus-multimedia.nl\/en\/wp-json\/wp\/v2\/product_brand?post=42956"},{"taxonomy":"product_cat","embeddable":true,"href":"https:\/\/www.ecrivus-multimedia.nl\/en\/wp-json\/wp\/v2\/product_cat?post=42956"},{"taxonomy":"product_tag","embeddable":true,"href":"https:\/\/www.ecrivus-multimedia.nl\/en\/wp-json\/wp\/v2\/product_tag?post=42956"}],"curies":[{"name":"wp","href":"https:\/\/api.w.org\/{rel}","templated":true}]}}