{"id":42094,"date":"2019-05-09T15:56:32","date_gmt":"2019-05-09T13:56:32","guid":{"rendered":"https:\/\/www.ecrivus-multimedia.nl\/?page_id=42094"},"modified":"2026-04-12T14:34:14","modified_gmt":"2026-04-12T12:34:14","slug":"apostilles-legalisatie-landenoverzicht","status":"publish","type":"page","link":"https:\/\/www.ecrivus-multimedia.nl\/es\/descripcion-general-del-pais-de-legalizacion-de-apostillas\/","title":{"rendered":"Apostillas (legalizaci\u00f3n) \u2013 descripci\u00f3n general del pa\u00eds"},"content":{"rendered":"<div class=\"banner has-hover\" id=\"banner-666274468\">\n          <div class=\"banner-inner fill\">\n        <div class=\"banner-bg fill\" >\n            <img decoding=\"async\" width=\"1000\" height=\"684\" src=\"https:\/\/www.ecrivus-multimedia.nl\/wp-content\/uploads\/2026\/04\/2151889549.webp\" class=\"bg attachment-large size-large\" alt=\"\" \/>                                    \n                    <\/div>\n\t\t\n        <div class=\"banner-layers container\">\n            <div class=\"fill banner-link\"><\/div>            \n   <div id=\"text-box-498739752\" class=\"text-box banner-layer x95 md-x95 lg-x95 y50 md-y50 lg-y50 res-text\">\n                                <div class=\"text-box-content text box-shadow-3\">\n              \n              <div class=\"text-inner text-center\">\n                  \n<h2 class=\"uppercase\"><strong>apostillas<\/strong><\/h2>\n<h3>&amp; legalizaciones<\/h3>\n<p>Algunas autoridades en el extranjero exigen que se instale uno. <a href=\"https:\/\/www.ecrivus-multimedia.nl\/go\/apostilles-legalisatie-landenoverzicht\/\" title=\"Apostillas (legalizaci\u00f3n) - descripci\u00f3n general del pa\u00eds\" class=\"pretty-link-keyword\"rel=\"\">apostilla<\/a> de la Corte. Podemos encargarnos de esto por usted. En esta p\u00e1gina puedes leer todo al respecto y encontrar todos los pa\u00edses que son miembros del tratado de apostilla.<\/p>\n<a href=\"https:\/\/www.ecrivus-multimedia.nl\/es\/categoria-producto\/traducciones-juradas\/\" class=\"button primary is-smaller\" >\n\t\t<span>Traducciones juradas<\/span>\n\t<i class=\"icon-angle-right\" aria-hidden=\"true\"><\/i><\/a>\n\n<a href=\"https:\/\/www.ecrivus-multimedia.nl\/es\/categoria-de-producto\/apostilles-legalisaties\/\" class=\"button primary is-outline is-smaller\" >\n\t\t<span>APOSTILLES & LEGALISATIES<\/span>\n\t<i class=\"icon-angle-right\" aria-hidden=\"true\"><\/i><\/a>\n\n              <\/div>\n           <\/div>\n                            \n<style>\n#text-box-498739752 .text-box-content {\n  background-color: rgba(255, 255, 255, 0.86);\n  font-size: 100%;\n}\n#text-box-498739752 .text-inner {\n  padding: 30px 30px 30px 30px;\n}\n#text-box-498739752 {\n  width: 60%;\n}\n@media (min-width:550px) {\n  #text-box-498739752 {\n    width: 47%;\n  }\n}\n<\/style>\n    <\/div>\n \n        <\/div>\n      <\/div>\n\n            \n<style>\n#banner-666274468 {\n  padding-top: 500px;\n}\n#banner-666274468 .banner-bg img {\n  object-position: 0% 80%;\n}\n<\/style>\n  <\/div>\n\n\n<div class=\"is-divider divider clearfix\" ><\/div>\n<h4><strong>Apostillas (legalizaci\u00f3n) \u2013 descripci\u00f3n general del pa\u00eds<\/strong><\/h4>\n<p>\u00c9l <a href=\"https:\/\/nl.wikipedia.org\/wiki\/Apostilleverdrag\" target=\"_blank\" rel=\"noopener noreferrer\">tratado de apostilla<\/a> (firmado en 1961 en La Haya) es un acuerdo internacional entre pa\u00edses para... <a href=\"https:\/\/www.ecrivus-multimedia.nl\/go\/apostilles-legalisatie-landenoverzicht\/\" title=\"Apostillas (legalizaci\u00f3n) - descripci\u00f3n general del pa\u00eds\" class=\"pretty-link-keyword\"rel=\"\">legalizaci\u00f3n<\/a> por <a href=\"https:\/\/www.ecrivus-multimedia.nl\/go\/be\u00ebdigde-vertaling\/\" title=\"Traducciones juradas Archivos | Tienda web internacional Ecrivus\" class=\"pretty-link-keyword\"rel=\"\">documentos oficiales<\/a> simplificar. El tratado significa que el <a href=\"https:\/\/www.ecrivus-multimedia.nl\/go\/apostilles-legalisatie-landenoverzicht\/\" title=\"Apostillas (legalizaci\u00f3n) - descripci\u00f3n general del pa\u00eds\" class=\"pretty-link-keyword\"rel=\"\">apostilla<\/a> es el \u00fanico formulario requerido <a href=\"https:\/\/www.ecrivus-multimedia.nl\/go\/apostilles-legalisatie-landenoverzicht\/\" title=\"Apostillas (legalizaci\u00f3n) - descripci\u00f3n general del pa\u00eds\" class=\"pretty-link-keyword\"rel=\"\">legalizaci\u00f3n<\/a>, si los documentos se utilizan en los pa\u00edses que han firmado el tratado.<\/p>\n<p>El <a href=\"https:\/\/www.ecrivus-multimedia.nl\/go\/apostilles-legalisatie-landenoverzicht\/\" title=\"Apostillas (legalizaci\u00f3n) - descripci\u00f3n general del pa\u00eds\" class=\"pretty-link-keyword\"rel=\"\">apostilla<\/a> es un sello del tribunal que declara que su documento es aut\u00e9ntico, lo que significa que puede usarse legalmente en el tr\u00e1fico internacional de documentos. Mucho<\/p>\n<p>Ecrivus International se complace en ayudarle a organizar el <a href=\"https:\/\/www.ecrivus-multimedia.nl\/go\/apostilles-legalisatie-landenoverzicht\/\" title=\"Apostillas (legalizaci\u00f3n) - descripci\u00f3n general del pa\u00eds\" class=\"pretty-link-keyword\"rel=\"\">legalizaci\u00f3n<\/a> de tu <a href=\"https:\/\/www.ecrivus-multimedia.nl\/es\/\">documentos jurados<\/a> al tenerlo equipado con uno <a href=\"https:\/\/www.ecrivus-multimedia.nl\/go\/apostilles-legalisatie-landenoverzicht\/\" title=\"Apostillas (legalizaci\u00f3n) - descripci\u00f3n general del pa\u00eds\" class=\"pretty-link-keyword\"rel=\"\">apostilla<\/a> en uno de los tribunales holandeses. <a href=\"https:\/\/www.ecrivus-multimedia.nl\/es\/categoria-de-producto\/traducciones-juradas\/\">haga clic aqu\u00ed<\/a> para ti <a href=\"https:\/\/www.ecrivus-multimedia.nl\/go\/be\u00ebdigde-vertaling\/\" title=\"Traducciones juradas Archivos | Tienda web internacional Ecrivus\" class=\"pretty-link-keyword\"rel=\"\">traducci\u00f3n certificada<\/a> Se puede pedir directamente. \u00bfLe gustar\u00eda que acudi\u00e9ramos a los tribunales por usted? <a href=\"https:\/\/www.ecrivus-multimedia.nl\/go\/apostilles-legalisatie-landenoverzicht\/\" title=\"Apostillas (legalizaci\u00f3n) - descripci\u00f3n general del pa\u00eds\" class=\"pretty-link-keyword\"rel=\"\">apostilla<\/a> para tenerlo instalado? \u00a1Eso es posible! Puede seleccionarlo f\u00e1cilmente durante el proceso de pedido en nuestra tienda web.<\/p>\n<p>A continuaci\u00f3n se muestra la lista de pa\u00edses que han firmado el Convenio sobre Apostilla.<\/p>\n<h2>a<\/h2>\n<ul>\n<li>Albania (<span dir=\"ltr\" lang=\"en\">Albania<\/span>)<\/li>\n<li>Andorra<\/li>\n<li>Antigua y Barbuda (<span dir=\"ltr\" lang=\"en\">Antigua y Barbuda<\/span>)<\/li>\n<li>Argentina (<span dir=\"ltr\" lang=\"en\">Argentina<\/span>)<\/li>\n<li>Armenia (<span dir=\"ltr\" lang=\"en\">Armenia<\/span>)<\/li>\n<li>Australia (<span dir=\"ltr\" lang=\"en\">Australia<\/span>)<\/li>\n<li>Azerbaiy\u00e1n (<span dir=\"ltr\" lang=\"en\">Azerbaiy\u00e1n<\/span>)<\/li>\n<\/ul>\n<h2>b<\/h2>\n<ul>\n<li>Bahamas (<span dir=\"ltr\" lang=\"en\">bahamas<\/span>)<\/li>\n<li>Bahr\u00e9in (<span dir=\"ltr\" lang=\"en\">Bahr\u00e9in<\/span>)<\/li>\n<li>Barbados<\/li>\n<li>Bielorrusia (<span dir=\"ltr\" lang=\"en\">Bielorrusia<\/span>)<\/li>\n<li>B\u00e9lgica (<span dir=\"ltr\" lang=\"en\">B\u00e9lgica<\/span>)<\/li>\n<li>Belice<\/li>\n<li>bolivia<\/li>\n<li>Bosnia y Herzegovina (<span dir=\"ltr\" lang=\"en\">Bosnia y Herzegovina<\/span>)<\/li>\n<li>Botsuana<\/li>\n<li>Brasil (<span dir=\"ltr\" lang=\"en\">Brasil<\/span>)<\/li>\n<li>Brunei Darussalam<\/li>\n<li>bulgaria (<span dir=\"ltr\" lang=\"en\">Bulgaria<\/span>)<\/li>\n<li>Burundi<\/li>\n<\/ul>\n<h2>C<\/h2>\n<ul>\n<li>Canad\u00e1 (a partir del 11 de enero de 2024)<\/li>\n<li>chile (chile)<\/li>\n<li>Porcelana<\/li>\n<li>Colombia<\/li>\n<li>Islas Cook (<span dir=\"ltr\" lang=\"en\">Islas Cook<\/span>)<\/li>\n<li>Costa Rica<\/li>\n<li>Chipre<\/li>\n<\/ul>\n<h2>D<\/h2>\n<ul>\n<li>Dinamarca (<span dir=\"ltr\" lang=\"en\">Dinamarca<\/span>)<\/li>\n<li>rep\u00fablica dominicana<\/li>\n<li>Rep\u00fablica Dominicana (<span dir=\"ltr\" lang=\"en\">Rep\u00fablica Dominicana<\/span>)<\/li>\n<li>Alemania (<span dir=\"ltr\" lang=\"en\">Alemania<\/span>)<\/li>\n<\/ul>\n<h2>mi<\/h2>\n<ul>\n<li>Ecuador<\/li>\n<li>El Salvador<\/li>\n<li>Estonia (<span dir=\"ltr\" lang=\"en\">Estonia<\/span>)<\/li>\n<li>Esuatini<\/li>\n<\/ul>\n<h2>F<\/h2>\n<ul>\n<li>Fiyi<\/li>\n<li>Filipinas (<span dir=\"ltr\" lang=\"en\">Filipinas<\/span>)<\/li>\n<li>Finlandia<\/li>\n<li>Francia (<span dir=\"ltr\" lang=\"en\">Francia<\/span>)<\/li>\n<\/ul>\n<h2>GRAMO<\/h2>\n<ul>\n<li>georgia (<span dir=\"ltr\" lang=\"en\">Georgia<\/span>)<\/li>\n<li>Granada<\/li>\n<li>Grecia (<span dir=\"ltr\" lang=\"en\">Grecia<\/span>)<\/li>\n<li>Guatemala<\/li>\n<li>Guayana<\/li>\n<\/ul>\n<h2>h<\/h2>\n<ul>\n<li>Honduras<\/li>\n<li>Hungr\u00eda (<span dir=\"ltr\" lang=\"en\">Hungr\u00eda<\/span>)<\/li>\n<li>Hong Kong<\/li>\n<\/ul>\n<h2>I<\/h2>\n<ul>\n<li>Irlanda (<span dir=\"ltr\" lang=\"en\">Irlanda<\/span>)<\/li>\n<li>Islandia (<span dir=\"ltr\" lang=\"en\">Islandia<\/span>)<\/li>\n<li>India<\/li>\n<li>Indonesia (<span dir=\"ltr\" lang=\"en\">Indonesia<\/span>)<\/li>\n<li>Israel (<span dir=\"ltr\" lang=\"en\">Israel<\/span>)<\/li>\n<li>Italia (<span dir=\"ltr\" lang=\"en\">Italia<\/span>)<\/li>\n<\/ul>\n<h2>j<\/h2>\n<ul>\n<li>Jamaica<\/li>\n<li>Jap\u00f3n<\/li>\n<\/ul>\n<h2>k<\/h2>\n<ul>\n<li>Cabo Verde (<span dir=\"ltr\" lang=\"en\">Cabo Verde<\/span>)<\/li>\n<li>Kazajst\u00e1n (<span dir=\"ltr\" lang=\"en\">Kazajst\u00e1n<\/span>)<\/li>\n<li>Kirguist\u00e1n (<span dir=\"ltr\" lang=\"en\">Kirguist\u00e1n<\/span>)<\/li>\n<li>Kosovo<\/li>\n<li>Croacia (<span dir=\"ltr\" lang=\"en\">Croacia<\/span>)<\/li>\n<\/ul>\n<h2>l<\/h2>\n<ul>\n<li>Letonia (<span dir=\"ltr\" lang=\"en\">Letonia<\/span>)<\/li>\n<li>Lesoto<\/li>\n<li>Liberia<\/li>\n<li>Liechtenstein<\/li>\n<li>Lituania (<span dir=\"ltr\" lang=\"en\">Lituania<\/span>)<\/li>\n<li>Luxemburgo (<span dir=\"ltr\" lang=\"en\">Luxemburgo<\/span>)<\/li>\n<\/ul>\n<h2>METRO<\/h2>\n<ul>\n<li>RAE de Macao<\/li>\n<li>Malaui<\/li>\n<li>Malta<\/li>\n<li>Marruecos (<span dir=\"ltr\" lang=\"en\">Marruecos<\/span>)<\/li>\n<li>Islas Marshall (<span dir=\"ltr\" lang=\"en\">Islas Marshall<\/span>)<\/li>\n<li>Mauricio<\/li>\n<li>M\u00e9xico<\/li>\n<li>Moldavia (<span dir=\"ltr\" lang=\"en\">Rep\u00fablica de Moldova<\/span>)<\/li>\n<li>M\u00f3naco<\/li>\n<li>Mongolia (<span dir=\"ltr\" lang=\"en\">Mongolia<\/span>)<\/li>\n<li>Montenegro<\/li>\n<\/ul>\n<h2>norte<\/h2>\n<ul>\n<li>Namibia (<span dir=\"ltr\" lang=\"en\">Namibia<\/span>)<\/li>\n<li>Los pa\u00edses bajos (<span dir=\"ltr\" lang=\"en\">Pa\u00edses Bajos<\/span>)<\/li>\n<li>Nicaragua<\/li>\n<li>Nueva Zelanda (<span dir=\"ltr\" lang=\"en\">Nueva Zelanda<\/span>)<\/li>\n<li>Niue<\/li>\n<li>Macedonia del Norte (<span dir=\"ltr\" lang=\"en\">Rep\u00fablica de Macedonia del Norte<\/span>)<\/li>\n<li>Noruega (<span dir=\"ltr\" lang=\"en\">Noruega<\/span>)<\/li>\n<\/ul>\n<h2>oh<\/h2>\n<ul>\n<li>Ucrania (<span dir=\"ltr\" lang=\"en\">Ucrania<\/span>)<\/li>\n<li>Uzbekist\u00e1n (<span dir=\"ltr\" lang=\"en\">Uzbekist\u00e1n<\/span>)<\/li>\n<li>Om\u00e1n<\/li>\n<li>Austria (<span dir=\"ltr\" lang=\"en\">Austria<\/span>)<\/li>\n<\/ul>\n<h2>PAG<\/h2>\n<ul>\n<li>Palaos<\/li>\n<li>Panam\u00e1<\/li>\n<li>Paraguay<\/li>\n<li>Per\u00fa<\/li>\n<li>Polonia (<span dir=\"ltr\" lang=\"en\">Polonia<\/span>)<\/li>\n<li>Portugal<\/li>\n<\/ul>\n<h2>R<\/h2>\n<ul>\n<li>Rumania (<span dir=\"ltr\" lang=\"en\">Rumania<\/span>)<\/li>\n<li>Rusia (<span dir=\"ltr\" lang=\"en\">Federaci\u00f3n Rusa<\/span>)<\/li>\n<\/ul>\n<h2>S<\/h2>\n<ul>\n<li>San Crist\u00f3bal y Nieves (<span dir=\"ltr\" lang=\"en\">San Crist\u00f3bal y Nieves<\/span>)<\/li>\n<li>Santa Luc\u00eda<\/li>\n<li>San Vicente y las Granadinas (<span dir=\"ltr\" lang=\"en\">San Vicente y las Granadinas<\/span>)<\/li>\n<li>Samoa<\/li>\n<li>San Marino<\/li>\n<li>Arabia Saudita (<span dir=\"ltr\" lang=\"en\">Arabia Saudita<\/span>)<\/li>\n<li>Santo Tom\u00e9 y Pr\u00edncipe (<span dir=\"ltr\" lang=\"en\">Santo Tom\u00e9 y Pr\u00edncipe<\/span>)<\/li>\n<li>Serbia (<span dir=\"ltr\" lang=\"en\">Serbia<\/span>)<\/li>\n<li>Seychelles (<span dir=\"ltr\" lang=\"en\">Seychelles<\/span>)<\/li>\n<li>Singapur<\/li>\n<li>Eslovenia (<span dir=\"ltr\" lang=\"en\">Eslovenia<\/span>)<\/li>\n<li>Eslovaquia (<span dir=\"ltr\" lang=\"en\">Eslovaquia<\/span>)<\/li>\n<li>Espa\u00f1a (<span dir=\"ltr\" lang=\"en\">Espa\u00f1a<\/span>)<\/li>\n<li>Surinam<\/li>\n<\/ul>\n<h2>t<\/h2>\n<ul>\n<li>Tayikist\u00e1n (<span dir=\"ltr\" lang=\"en\">Tayikist\u00e1n<\/span>)<\/li>\n<li>Tonga<\/li>\n<li>Trinidad y Tobago (<span dir=\"ltr\" lang=\"en\">Trinidad y Tobago<\/span>)<\/li>\n<li>Rep\u00fablica Checa (<span dir=\"ltr\" lang=\"en\">Rep\u00fablica Checa<\/span>)<\/li>\n<li>T\u00fanez (<span dir=\"ltr\" lang=\"en\">T\u00fanez<\/span>)<\/li>\n<li>Pavo (<span dir=\"ltr\" lang=\"en\">Turqu\u00eda<\/span>)<\/li>\n<\/ul>\n<h2>T\u00da<\/h2>\n<ul>\n<li>Uruguay<\/li>\n<\/ul>\n<h2>V<\/h2>\n<ul>\n<li>Vanuatu<\/li>\n<li>Venezuela<\/li>\n<li>Reino Unido (<span dir=\"ltr\" lang=\"en\">Reino Unido<\/span>)<\/li>\n<li>Estados Unidos (<span dir=\"ltr\" lang=\"en\">Estados Unidos de Am\u00e9rica<\/span>)<\/li>\n<\/ul>\n<h2>z<\/h2>\n<ul>\n<li>Sud\u00e1frica (<span dir=\"ltr\" lang=\"en\">Sud\u00e1frica<\/span>)<\/li>\n<li>Corea del Sur (<span dir=\"ltr\" lang=\"en\">Corea, rep\u00fablica de<\/span>)<\/li>\n<li>Suecia (<span dir=\"ltr\" lang=\"en\">Suecia<\/span>)<\/li>\n<li>Suiza (<span dir=\"ltr\" lang=\"en\">Suiza<\/span>)<\/li>\n<\/ul>","protected":false},"excerpt":{"rendered":"<p>Apostilles (legalisatie) &#8211; landenoverzicht Het apostilleverdrag (ondertekend in 1961 in Den Haag) is een internationale afspraak tussen landen om de legalisatie van offici\u00eble documenten te vereenvoudigen. Het verdrag houdt in dat de apostille geldt als de enige benodigde vorm van legalisatie, indien de documenten worden gebruikt in de landen die het verdrag hebben ondertekend. De&#8230;<\/p>","protected":false},"author":1,"featured_media":0,"parent":0,"menu_order":0,"comment_status":"closed","ping_status":"closed","template":"","meta":{"_acf_changed":false,"_glsr_average":0,"_glsr_ranking":0,"_glsr_reviews":0,"_joinchat":[],"footnotes":""},"class_list":["post-42094","page","type-page","status-publish","hentry"],"acf":[],"yoast_head":"<!-- This site is optimized with the Yoast SEO plugin v27.4 - https:\/\/yoast.com\/product\/yoast-seo-wordpress\/ -->\n<title>Apostilles (legalisatie) - landenoverzicht | Ecrivus International Webshop<\/title>\n<meta name=\"description\" content=\"Lees hier wat het apostilleverdrag inhoudt en wanneer u een apostille nodig heeft voor uw be\u00ebdigde vertaling. Incl. landenlijst. Direct online te bestellen.\" \/>\n<meta name=\"robots\" content=\"index, follow, max-snippet:-1, max-image-preview:large, max-video-preview:-1\" \/>\n<link rel=\"canonical\" href=\"https:\/\/www.ecrivus-multimedia.nl\/es\/descripcion-general-del-pais-de-legalizacion-de-apostillas\/\" \/>\n<meta property=\"og:locale\" content=\"es_ES\" \/>\n<meta property=\"og:type\" content=\"article\" \/>\n<meta property=\"og:title\" content=\"Apostilles (legalisatie) - landenoverzicht | Ecrivus International Webshop\" \/>\n<meta property=\"og:description\" content=\"Lees hier wat het apostilleverdrag inhoudt en wanneer u een apostille nodig heeft voor uw be\u00ebdigde vertaling. Incl. landenlijst. Direct online te bestellen.\" \/>\n<meta property=\"og:url\" content=\"https:\/\/www.ecrivus-multimedia.nl\/es\/descripcion-general-del-pais-de-legalizacion-de-apostillas\/\" \/>\n<meta property=\"og:site_name\" content=\"Ecrivus International Webshop\" \/>\n<meta property=\"article:publisher\" content=\"https:\/\/www.facebook.com\/Ecrivus-International-676624782512639\/\" \/>\n<meta property=\"article:modified_time\" content=\"2026-04-12T12:34:14+00:00\" \/>\n<meta name=\"twitter:card\" content=\"summary_large_image\" \/>\n<meta name=\"twitter:site\" content=\"@ecrivusint\" \/>\n<meta name=\"twitter:label1\" content=\"Tiempo de lectura\" \/>\n\t<meta name=\"twitter:data1\" content=\"3 minutos\" \/>\n<script type=\"application\/ld+json\" class=\"yoast-schema-graph\">{\"@context\":\"https:\\\/\\\/schema.org\",\"@graph\":[{\"@type\":\"WebPage\",\"@id\":\"https:\\\/\\\/www.ecrivus-multimedia.nl\\\/apostilles-legalisatie-landenoverzicht\\\/\",\"url\":\"https:\\\/\\\/www.ecrivus-multimedia.nl\\\/apostilles-legalisatie-landenoverzicht\\\/\",\"name\":\"Apostilles (legalisatie) - landenoverzicht | Ecrivus International Webshop\",\"isPartOf\":{\"@id\":\"https:\\\/\\\/www.ecrivus-multimedia.nl\\\/#website\"},\"datePublished\":\"2019-05-09T13:56:32+00:00\",\"dateModified\":\"2026-04-12T12:34:14+00:00\",\"description\":\"Lees hier wat het apostilleverdrag inhoudt en wanneer u een apostille nodig heeft voor uw be\u00ebdigde vertaling. Incl. landenlijst. Direct online te bestellen.\",\"breadcrumb\":{\"@id\":\"https:\\\/\\\/www.ecrivus-multimedia.nl\\\/apostilles-legalisatie-landenoverzicht\\\/#breadcrumb\"},\"inLanguage\":\"es\",\"potentialAction\":[{\"@type\":\"ReadAction\",\"target\":[\"https:\\\/\\\/www.ecrivus-multimedia.nl\\\/apostilles-legalisatie-landenoverzicht\\\/\"]}]},{\"@type\":\"BreadcrumbList\",\"@id\":\"https:\\\/\\\/www.ecrivus-multimedia.nl\\\/apostilles-legalisatie-landenoverzicht\\\/#breadcrumb\",\"itemListElement\":[{\"@type\":\"ListItem\",\"position\":1,\"name\":\"Home\",\"item\":\"https:\\\/\\\/www.ecrivus-multimedia.nl\\\/\"},{\"@type\":\"ListItem\",\"position\":2,\"name\":\"Apostilles (legalisatie) &#8211; landenoverzicht\"}]},{\"@type\":\"WebSite\",\"@id\":\"https:\\\/\\\/www.ecrivus-multimedia.nl\\\/#website\",\"url\":\"https:\\\/\\\/www.ecrivus-multimedia.nl\\\/\",\"name\":\"Ecrivus International Webshop\",\"description\":\"Erkende webshop voor be\u00ebdigde vertalingen.\",\"publisher\":{\"@id\":\"https:\\\/\\\/www.ecrivus-multimedia.nl\\\/#organization\"},\"potentialAction\":[{\"@type\":\"SearchAction\",\"target\":{\"@type\":\"EntryPoint\",\"urlTemplate\":\"https:\\\/\\\/www.ecrivus-multimedia.nl\\\/?s={search_term_string}\"},\"query-input\":{\"@type\":\"PropertyValueSpecification\",\"valueRequired\":true,\"valueName\":\"search_term_string\"}}],\"inLanguage\":\"es\"},{\"@type\":\"Organization\",\"@id\":\"https:\\\/\\\/www.ecrivus-multimedia.nl\\\/#organization\",\"name\":\"Ecrivus International\",\"url\":\"https:\\\/\\\/www.ecrivus-multimedia.nl\\\/\",\"logo\":{\"@type\":\"ImageObject\",\"inLanguage\":\"es\",\"@id\":\"https:\\\/\\\/www.ecrivus-multimedia.nl\\\/#\\\/schema\\\/logo\\\/image\\\/\",\"url\":\"https:\\\/\\\/www.ecrivus-multimedia.nl\\\/wp-content\\\/uploads\\\/2022\\\/01\\\/cropped-small-Logo-Ecrivus-Vector-Transparent2.png\",\"contentUrl\":\"https:\\\/\\\/www.ecrivus-multimedia.nl\\\/wp-content\\\/uploads\\\/2022\\\/01\\\/cropped-small-Logo-Ecrivus-Vector-Transparent2.png\",\"width\":512,\"height\":512,\"caption\":\"Ecrivus International\"},\"image\":{\"@id\":\"https:\\\/\\\/www.ecrivus-multimedia.nl\\\/#\\\/schema\\\/logo\\\/image\\\/\"},\"sameAs\":[\"https:\\\/\\\/www.facebook.com\\\/Ecrivus-International-676624782512639\\\/\",\"https:\\\/\\\/x.com\\\/ecrivusint\"]}]}<\/script>\n<!-- \/ Yoast SEO plugin. -->","yoast_head_json":{"title":"Apostilles (legalisatie) - landenoverzicht | Ecrivus International Webshop","description":"Lees hier wat het apostilleverdrag inhoudt en wanneer u een apostille nodig heeft voor uw be\u00ebdigde vertaling. Incl. landenlijst. Direct online te bestellen.","robots":{"index":"index","follow":"follow","max-snippet":"max-snippet:-1","max-image-preview":"max-image-preview:large","max-video-preview":"max-video-preview:-1"},"canonical":"https:\/\/www.ecrivus-multimedia.nl\/es\/descripcion-general-del-pais-de-legalizacion-de-apostillas\/","og_locale":"es_ES","og_type":"article","og_title":"Apostilles (legalisatie) - landenoverzicht | Ecrivus International Webshop","og_description":"Lees hier wat het apostilleverdrag inhoudt en wanneer u een apostille nodig heeft voor uw be\u00ebdigde vertaling. Incl. landenlijst. Direct online te bestellen.","og_url":"https:\/\/www.ecrivus-multimedia.nl\/es\/descripcion-general-del-pais-de-legalizacion-de-apostillas\/","og_site_name":"Ecrivus International Webshop","article_publisher":"https:\/\/www.facebook.com\/Ecrivus-International-676624782512639\/","article_modified_time":"2026-04-12T12:34:14+00:00","twitter_card":"summary_large_image","twitter_site":"@ecrivusint","twitter_misc":{"Tiempo de lectura":"3 minutos"},"schema":{"@context":"https:\/\/schema.org","@graph":[{"@type":"WebPage","@id":"https:\/\/www.ecrivus-multimedia.nl\/apostilles-legalisatie-landenoverzicht\/","url":"https:\/\/www.ecrivus-multimedia.nl\/apostilles-legalisatie-landenoverzicht\/","name":"Apostilles (legalisatie) - landenoverzicht | Ecrivus International Webshop","isPartOf":{"@id":"https:\/\/www.ecrivus-multimedia.nl\/#website"},"datePublished":"2019-05-09T13:56:32+00:00","dateModified":"2026-04-12T12:34:14+00:00","description":"Lees hier wat het apostilleverdrag inhoudt en wanneer u een apostille nodig heeft voor uw be\u00ebdigde vertaling. Incl. landenlijst. Direct online te bestellen.","breadcrumb":{"@id":"https:\/\/www.ecrivus-multimedia.nl\/apostilles-legalisatie-landenoverzicht\/#breadcrumb"},"inLanguage":"es","potentialAction":[{"@type":"ReadAction","target":["https:\/\/www.ecrivus-multimedia.nl\/apostilles-legalisatie-landenoverzicht\/"]}]},{"@type":"BreadcrumbList","@id":"https:\/\/www.ecrivus-multimedia.nl\/apostilles-legalisatie-landenoverzicht\/#breadcrumb","itemListElement":[{"@type":"ListItem","position":1,"name":"Home","item":"https:\/\/www.ecrivus-multimedia.nl\/"},{"@type":"ListItem","position":2,"name":"Apostilles (legalisatie) &#8211; landenoverzicht"}]},{"@type":"WebSite","@id":"https:\/\/www.ecrivus-multimedia.nl\/#website","url":"https:\/\/www.ecrivus-multimedia.nl\/","name":"Ecrivus International Webshop","description":"Erkende webshop voor be\u00ebdigde vertalingen.","publisher":{"@id":"https:\/\/www.ecrivus-multimedia.nl\/#organization"},"potentialAction":[{"@type":"SearchAction","target":{"@type":"EntryPoint","urlTemplate":"https:\/\/www.ecrivus-multimedia.nl\/?s={search_term_string}"},"query-input":{"@type":"PropertyValueSpecification","valueRequired":true,"valueName":"search_term_string"}}],"inLanguage":"es"},{"@type":"Organization","@id":"https:\/\/www.ecrivus-multimedia.nl\/#organization","name":"Ecrivus International","url":"https:\/\/www.ecrivus-multimedia.nl\/","logo":{"@type":"ImageObject","inLanguage":"es","@id":"https:\/\/www.ecrivus-multimedia.nl\/#\/schema\/logo\/image\/","url":"https:\/\/www.ecrivus-multimedia.nl\/wp-content\/uploads\/2022\/01\/cropped-small-Logo-Ecrivus-Vector-Transparent2.png","contentUrl":"https:\/\/www.ecrivus-multimedia.nl\/wp-content\/uploads\/2022\/01\/cropped-small-Logo-Ecrivus-Vector-Transparent2.png","width":512,"height":512,"caption":"Ecrivus International"},"image":{"@id":"https:\/\/www.ecrivus-multimedia.nl\/#\/schema\/logo\/image\/"},"sameAs":["https:\/\/www.facebook.com\/Ecrivus-International-676624782512639\/","https:\/\/x.com\/ecrivusint"]}]}},"_links":{"self":[{"href":"https:\/\/www.ecrivus-multimedia.nl\/es\/wp-json\/wp\/v2\/pages\/42094","targetHints":{"allow":["GET"]}}],"collection":[{"href":"https:\/\/www.ecrivus-multimedia.nl\/es\/wp-json\/wp\/v2\/pages"}],"about":[{"href":"https:\/\/www.ecrivus-multimedia.nl\/es\/wp-json\/wp\/v2\/types\/page"}],"author":[{"embeddable":true,"href":"https:\/\/www.ecrivus-multimedia.nl\/es\/wp-json\/wp\/v2\/users\/1"}],"replies":[{"embeddable":true,"href":"https:\/\/www.ecrivus-multimedia.nl\/es\/wp-json\/wp\/v2\/comments?post=42094"}],"version-history":[{"count":2,"href":"https:\/\/www.ecrivus-multimedia.nl\/es\/wp-json\/wp\/v2\/pages\/42094\/revisions"}],"predecessor-version":[{"id":132666,"href":"https:\/\/www.ecrivus-multimedia.nl\/es\/wp-json\/wp\/v2\/pages\/42094\/revisions\/132666"}],"wp:attachment":[{"href":"https:\/\/www.ecrivus-multimedia.nl\/es\/wp-json\/wp\/v2\/media?parent=42094"}],"curies":[{"name":"wp","href":"https:\/\/api.w.org\/{rel}","templated":true}]}}