{"id":44944,"date":"2020-02-03T15:31:18","date_gmt":"2020-02-03T14:31:18","guid":{"rendered":"https:\/\/www.ecrivus-multimedia.nl\/?page_id=44944"},"modified":"2026-04-12T14:36:19","modified_gmt":"2026-04-12T12:36:19","slug":"beedigde-vertaling-lees-alles-wat-u-moet-weten","status":"publish","type":"page","link":"https:\/\/www.ecrivus-multimedia.nl\/es\/traduccion-jurada-lee-todo-lo-que-necesitas-saber\/","title":{"rendered":"\u00bfTraducci\u00f3n jurada? Lee todo lo que necesitas saber"},"content":{"rendered":"<div class=\"banner has-hover\" id=\"banner-1729808530\">\n          <div class=\"banner-inner fill\">\n        <div class=\"banner-bg fill\" >\n            <img decoding=\"async\" width=\"1020\" height=\"679\" src=\"https:\/\/www.ecrivus-multimedia.nl\/wp-content\/uploads\/2023\/10\/diploma-lakzegel-op-stapel-boeken-1202x800.webp\" class=\"bg attachment-large size-large\" alt=\"\" \/>                                    \n                    <\/div>\n\t\t\n        <div class=\"banner-layers container\">\n            <div class=\"fill banner-link\"><\/div>            \n   <div id=\"text-box-849881880\" class=\"text-box banner-layer x50 md-x50 lg-x50 y50 md-y50 lg-y50 res-text\">\n                                <div class=\"text-box-content text dark\">\n              \n              <div class=\"text-inner text-center\">\n                  \n<h3 class=\"uppercase\"><span style=\"color: #000000;\"><strong>Info. traducciones juradas<br \/><\/strong><\/span><\/h3>\n<p><span style=\"color: #000000;\">Todo lo que necesitas saber sobre <a href=\"https:\/\/www.ecrivus-multimedia.nl\/go\/be\u00ebdigde-vertaling\/\" title=\"Traducciones juradas Archivos | Tienda web internacional Ecrivus\" class=\"pretty-link-keyword\"rel=\"\">traducciones certificadas<\/a>.<br \/><\/span><span style=\"color: #000000;\">\u00bfPregunta espec\u00edfica? Llame al 043-365-5801: \u00a1estaremos encantados de ayudarle!<\/span><\/p>\n              <\/div>\n           <\/div>\n                            \n<style>\n#text-box-849881880 {\n  width: 69%;\n}\n#text-box-849881880 .text-box-content {\n  font-size: 100%;\n}\n<\/style>\n    <\/div>\n \n        <\/div>\n      <\/div>\n\n            \n<style>\n#banner-1729808530 {\n  padding-top: 500px;\n}\n#banner-1729808530 .banner-bg img {\n  object-position: 50% 70%;\n}\n<\/style>\n  <\/div>\n\n\n<div class=\"is-divider divider clearfix\" ><\/div>\n<h2><strong>\u00bfQu\u00e9 es una traducci\u00f3n jurada?<\/strong><strong>?<\/strong><\/h2>\n<p>A <a href=\"https:\/\/www.ecrivus-multimedia.nl\/go\/be\u00ebdigde-vertaling\/\" title=\"Traducciones juradas Archivos | Tienda web internacional Ecrivus\" class=\"pretty-link-keyword\"rel=\"\">traducci\u00f3n certificada<\/a> Es una traducci\u00f3n oficial y legalmente v\u00e1lida de un documento formal realizada exclusivamente por un <a href=\"https:\/\/www.ecrivus-multimedia.nl\/go\/be\u00ebdigde-vertaling\/\" title=\"Traducciones juradas Archivos | Tienda web internacional Ecrivus\" class=\"pretty-link-keyword\"rel=\"\">traductor bajo juramento<\/a> puede ser traducido. A <a href=\"https:\/\/www.ecrivus-multimedia.nl\/go\/be\u00ebdigde-vertaling\/\" title=\"Traducciones juradas Archivos | Tienda web internacional Ecrivus\" class=\"pretty-link-keyword\"rel=\"\">traductor bajo juramento<\/a> siempre ha prestado juramento ante un tribunal holand\u00e9s y tambi\u00e9n est\u00e1 registrado en uno o m\u00e1s tribunales de los Pa\u00edses Bajos.<\/p>\n<h4><strong>\u00bfCu\u00e1ndo necesitas una traducci\u00f3n jurada?<\/strong><\/h4>\n<p>A <a href=\"https:\/\/www.ecrivus-multimedia.nl\/go\/be\u00ebdigde-vertaling\/\" title=\"Traducciones juradas Archivos | Tienda web internacional Ecrivus\" class=\"pretty-link-keyword\"rel=\"\">traducci\u00f3n certificada<\/a> que necesita para los documentos que deben traducirse a otro idioma para las autoridades oficiales (tanto en los Pa\u00edses Bajos como en el extranjero). Normalmente, la propia autoridad le informar\u00e1 si la traducci\u00f3n de su documento oficial debe ser jurada o no.<\/p>\n<p style=\"text-align: center;\"><strong><a href=\"https:\/\/www.ecrivus-multimedia.nl\/es\/contacto\/\" class=\"su-button su-button-style-default\" style=\"color:#FFFFFF;background-color:#2D89EF;border-color:#246ec0;border-radius:7px\" target=\"_blank\" rel=\"noopener noreferrer\"><span style=\"color:#FFFFFF;padding:7px 20px;font-size:16px;line-height:24px;border-color:#6cadf4;border-radius:7px;text-shadow:none\"><i class=\"sui sui-arrow-right\" style=\"font-size:16px;color:#FFFFFF\"><\/i> \u00bfDudas sobre si prestar juramento o no? \u00a1Pregunta aqu\u00ed!<\/span><\/a><\/strong><\/p>\n<p>Ejemplos de documentos que casi siempre requieren uno oficial <a href=\"https:\/\/www.ecrivus-multimedia.nl\/go\/be\u00ebdigde-vertaling\/\" title=\"Traducciones juradas Archivos | Tienda web internacional Ecrivus\" class=\"pretty-link-keyword\"rel=\"\">traducci\u00f3n certificada<\/a> se requiere:<\/p>\n<ul>\n<li><a href=\"https:\/\/www.ecrivus-multimedia.nl\/go\/juridisch-document-vertalen-beedigd\/\" title=\"\u00bfNecesita una traducci\u00f3n jurada de un documento legal? \u00a1Haga su pedido a trav\u00e9s de nuestra tienda web!\" class=\"pretty-link-keyword\"rel=\"\">Documentos legales<\/a> (citaciones, sentencias, <a href=\"https:\/\/www.ecrivus-multimedia.nl\/go\/beschikking-beedigde-vertaling-met-stempel\/\" title=\"\u00bfTraducci\u00f3n jurada de decisi\u00f3n? \u00a1Haz tu pedido en nuestra tienda web!\" class=\"pretty-link-keyword\"rel=\"\">decisiones<\/a>, autos de alguaciles, peticiones, defensas)<\/li>\n<li>Documentos notariales (<a href=\"https:\/\/www.ecrivus-multimedia.nl\/es\/producto\/traducir-estatutos-juramentados\/\">estatutos<\/a>, <a href=\"https:\/\/www.ecrivus-multimedia.nl\/es\/producto\/traduccion-de-la-escritura-de-constitucion-jurada\/\">articulos de incorporaci\u00f3n<\/a>, <a href=\"https:\/\/www.ecrivus-multimedia.nl\/es\/producto\/traduccion-de-escritura-de-compra-jurada\/\">escrituras de compra<\/a>, <a href=\"https:\/\/www.ecrivus-multimedia.nl\/es\/producto\/traduccion-jurada-4\/\">testamentos<\/a>, <a href=\"https:\/\/www.ecrivus-multimedia.nl\/es\/producto\/escritura-notarial-traducida-jurada\/\">declaraciones de ley de herencia<\/a>)<\/li>\n<li><a href=\"https:\/\/www.ecrivus-multimedia.nl\/go\/document-burgerlijke-stand-beedigde-vertaling-met-stempel\/\" title=\"ir\/documento-estado-civil-traduccion-jurada-con-sello\" class=\"pretty-link-keyword\"rel=\"\">Estado civil<\/a>-documentos (<a href=\"https:\/\/www.ecrivus-multimedia.nl\/go\/rijbewijs-beedigde-vertaling-met-stempel\/\" title=\"\u00bfTraducci\u00f3n jurada de permiso de conducir? \u00a1Haz tu pedido en nuestra tienda web!\" class=\"pretty-link-keyword\"rel=\"\">licencias de conducir<\/a>, <a href=\"https:\/\/www.ecrivus-multimedia.nl\/es\/producto\/traduccion-jurada-de-pasaporte\/\">pasaportes<\/a>, <a href=\"https:\/\/www.ecrivus-multimedia.nl\/es\/producto\/extracto-del-registro-basico-de-personas-brp-traduccion-jurada\/\">extractos del registro de poblaci\u00f3n<\/a>, <a href=\"https:\/\/www.ecrivus-multimedia.nl\/es\/producto\/certificado-de-nacimiento-traduccion-jurada-con-sello\/\">certificados de nacimiento<\/a>, <a href=\"https:\/\/www.ecrivus-multimedia.nl\/es\/producto\/traduccion-jurada-del-certificado-de-defuncion\/\">certificados de defunci\u00f3n<\/a>, <a href=\"https:\/\/www.ecrivus-multimedia.nl\/es\/producto\/acta-de-matrimonio-traducida-jurada\/\">certificados de matrimonio<\/a>, <a href=\"https:\/\/www.ecrivus-multimedia.nl\/go\/notariele-akte-vertalen-beedigd\/\" title=\"\u00bfQuieres traducir una escritura notarial jurada? \u00a1Haga su pedido a trav\u00e9s de nuestra tienda web!\" class=\"pretty-link-keyword\"rel=\"\">andanzas<\/a> <a href=\"https:\/\/www.ecrivus-multimedia.nl\/es\/producto\/escritura-notarial-traducida-jurada\/\">pareja registrada<\/a>, <a href=\"https:\/\/www.ecrivus-multimedia.nl\/es\/producto\/acta-de-divorcio-traducida-jurada\/\">certificados de divorcio<\/a>)<\/li>\n<li><a href=\"https:\/\/www.ecrivus-multimedia.nl\/go\/contract-beedigde-vertaling-met-stempel\/\" title=\"\u00bfQuieres traducir un contrato jurado? \u00a1Haz tu pedido en nuestra tienda web!\" class=\"pretty-link-keyword\"rel=\"\">Acuerdos<\/a> o <a href=\"https:\/\/www.ecrivus-multimedia.nl\/go\/contract-beedigde-vertaling-met-stempel\/\" title=\"\u00bfQuieres traducir un contrato jurado? \u00a1Haz tu pedido en nuestra tienda web!\" class=\"pretty-link-keyword\"rel=\"\">contratos<\/a> (<a href=\"https:\/\/www.ecrivus-multimedia.nl\/es\/producto\/traducir-contrato-de-alquiler-jurado\/\">contratos de alquiler<\/a>, <a href=\"https:\/\/www.ecrivus-multimedia.nl\/go\/koopovereenkomst-beedigde-vertaling-met-stempel\/\" title=\"\u00bfQuieres traducir un contrato de compraventa jurada? \u00a1Haz tu pedido en nuestra tienda web!\" class=\"pretty-link-keyword\"rel=\"\">acuerdos de compra<\/a>, <a href=\"https:\/\/www.ecrivus-multimedia.nl\/go\/arbeidsovereenkomst-beedigde-vertaling-met-stempel\/\" title=\"\u00bfQuieres traducir un contrato de trabajo jurado? \u00a1Haz tu pedido en nuestra tienda web!\" class=\"pretty-link-keyword\"rel=\"\">contratos de trabajo<\/a>, acuerdos de pensiones)<\/li>\n<li>Otros <a href=\"https:\/\/www.ecrivus-multimedia.nl\/go\/be\u00ebdigde-vertaling\/\" title=\"Traducciones juradas Archivos | Tienda web internacional Ecrivus\" class=\"pretty-link-keyword\"rel=\"\">documentos oficiales<\/a> como documentos de emigraci\u00f3n, <a href=\"https:\/\/www.ecrivus-multimedia.nl\/es\/producto\/diploma-en-traduccion-jurada\/\">diplomas<\/a>, <a href=\"https:\/\/www.ecrivus-multimedia.nl\/go\/diploma-vertalen-beedigd\/\" title=\"\u00bfNecesita un diploma de traducci\u00f3n jurada? \u00a1Ahora disponible para ordenar en l\u00ednea!\" class=\"pretty-link-keyword\"rel=\"\">certificados<\/a>, <a href=\"https:\/\/www.ecrivus-multimedia.nl\/es\/producto\/traduccion-de-lista-de-calificaciones-jurada\/\">listas de calificaciones<\/a>, referencias, n\u00f3minas, declaraciones del empleador, documentos fiscales, <a href=\"https:\/\/www.ecrivus-multimedia.nl\/es\/producto\/extracto-de-la-camara-de-comercio-traduccion-jurada-con-sello\/\">extractos de la c\u00e1mara de comercio<\/a><\/li>\n<\/ul>\n<h4><strong>\u00bfC\u00f3mo es una traducci\u00f3n jurada?<\/strong><\/h4>\n<p>Cuando nos pides uno <a href=\"https:\/\/www.ecrivus-multimedia.nl\/go\/be\u00ebdigde-vertaling\/\" title=\"Traducciones juradas Archivos | Tienda web internacional Ecrivus\" class=\"pretty-link-keyword\"rel=\"\">traducci\u00f3n certificada<\/a> Si realiza el pedido, recibir\u00e1 por correo postal (certificado) un paquete encuadernado que consta de 3 partes:<\/p>\n<ol>\n<li><strong>El original<\/strong>: esto tambi\u00e9n se llama texto original o texto fuente. Debe cargar el original con su pedido en nuestra tienda web mediante un escaneo bien expuesto o una foto recortada con su tel\u00e9fono inteligente\/tableta.<\/li>\n<li><strong>El <a href=\"https:\/\/www.ecrivus-multimedia.nl\/go\/be\u00ebdigde-vertaling\/\" title=\"Traducciones juradas Archivos | Tienda web internacional Ecrivus\" class=\"pretty-link-keyword\"rel=\"\">traducci\u00f3n certificada<\/a><\/strong>: el <a href=\"https:\/\/www.ecrivus-multimedia.nl\/go\/be\u00ebdigde-vertaling\/\" title=\"Traducciones juradas Archivos | Tienda web internacional Ecrivus\" class=\"pretty-link-keyword\"rel=\"\">traducci\u00f3n certificada<\/a> se adjunta al original y se entrega con sello de legalizaci\u00f3n o <a href=\"https:\/\/www.ecrivus-multimedia.nl\/go\/apostilles-legalisatie-landenoverzicht\/\" title=\"Apostillas (legalizaci\u00f3n) - descripci\u00f3n general del pa\u00eds\" class=\"pretty-link-keyword\"rel=\"\">apostilla<\/a> (si se solicita) y firma del traductor jurado. El documento traducido tiene el mismo valor legal que el original.<\/li>\n<li><strong>El oficial <a href=\"https:\/\/www.ecrivus-multimedia.nl\/go\/verklaring-beedigde-vertaling-met-stempel\/\" title=\"\u00bfQuieres traducir una declaraci\u00f3n jurada? \u00a1Haz tu pedido en nuestra tienda web!\" class=\"pretty-link-keyword\"rel=\"\">declaraci\u00f3n<\/a> del <a href=\"https:\/\/www.ecrivus-multimedia.nl\/go\/be\u00ebdigde-vertaling\/\" title=\"Traducciones juradas Archivos | Tienda web internacional Ecrivus\" class=\"pretty-link-keyword\"rel=\"\">traductor bajo juramento<\/a><\/strong>: en esto <a href=\"https:\/\/www.ecrivus-multimedia.nl\/go\/verklaring-beedigde-vertaling-met-stempel\/\" title=\"\u00bfQuieres traducir una declaraci\u00f3n jurada? \u00a1Haz tu pedido en nuestra tienda web!\" class=\"pretty-link-keyword\"rel=\"\">declaraci\u00f3n<\/a>, acompa\u00f1ada de firma, sello oficial y fecha, el traductor jurado declara que la traducci\u00f3n es fiel representaci\u00f3n del original.<\/li>\n<\/ol>\n<p>Las 3 partes anteriores son a prueba de manipulaciones y est\u00e1n unidas en un solo paquete.<\/p>\n<h4><strong>Apostillas y legalizaciones<\/strong><\/h4>\n<p>A veces las autoridades exigen garant\u00edas adicionales de que la firma en el <a href=\"https:\/\/www.ecrivus-multimedia.nl\/go\/be\u00ebdigde-vertaling\/\" title=\"Traducciones juradas Archivos | Tienda web internacional Ecrivus\" class=\"pretty-link-keyword\"rel=\"\">traducci\u00f3n certificada<\/a> en realidad pertenece al traductor jurado implicado. En ese caso uno puede <a href=\"https:\/\/www.ecrivus-multimedia.nl\/es\/descripcion-general-del-pais-de-legalizacion-de-apostillas\/\">legalizaci\u00f3n o apostilla<\/a> son solicitados. Ambos <a href=\"https:\/\/www.ecrivus-multimedia.nl\/go\/apostilles-legalisatie-landenoverzicht\/\" title=\"Apostillas (legalizaci\u00f3n) - descripci\u00f3n general del pa\u00eds\" class=\"pretty-link-keyword\"rel=\"\">legalizaciones<\/a> como <a href=\"https:\/\/www.ecrivus-multimedia.nl\/go\/apostilles-legalisatie-landenoverzicht\/\" title=\"Apostillas (legalizaci\u00f3n) - descripci\u00f3n general del pa\u00eds\" class=\"pretty-link-keyword\"rel=\"\">apostillas<\/a> \u00a1Se puede pedir r\u00e1pida y f\u00e1cilmente en nuestra tienda web!<\/p>\n<h4><strong>\u00bfPor qu\u00e9 Ecrivus Multimedia?<\/strong><\/h4>\n<div class=\"su-list\" style=\"margin-left:0px\">\n<ul>\n<li style=\"list-style-type: none;\">\n<ul>\n<li style=\"list-style-type: none;\">\n<ul>\n<li><i class=\"sui sui-check\" style=\"color:#333\"><\/i> Trabaja exclusivamente con traductores jurados inscritos en el Registro de Int\u00e9rpretes y Traductores Jurados.<\/li>\n<li><i class=\"sui sui-check\" style=\"color:#333\"><\/i> Trabaja de acuerdo con el c\u00f3digo de conducta de int\u00e9rpretes y traductores en el marco de la Ley de Int\u00e9rpretes y Traductores Jurados.<\/li>\n<li><i class=\"sui sui-check\" style=\"color:#333\"><\/i> Proporciona documentos traducidos certificados y reconocidos a nivel nacional e internacional.<\/li>\n<li><i class=\"sui sui-check\" style=\"color:#333\"><\/i> Amplio conocimiento y experiencia en el campo de <a href=\"https:\/\/www.ecrivus-multimedia.nl\/es\/categoria-de-producto\/traducciones-juradas\/\">traducciones certificadas<\/a>, <a href=\"https:\/\/www.ecrivus-multimedia.nl\/go\/apostilles-legalisatie-landenoverzicht\/\" title=\"Apostillas (legalizaci\u00f3n) - descripci\u00f3n general del pa\u00eds\" class=\"pretty-link-keyword\"rel=\"\">legalizaciones<\/a> y <a href=\"https:\/\/www.ecrivus-multimedia.nl\/go\/apostilles-legalisatie-landenoverzicht\/\" title=\"Apostillas (legalizaci\u00f3n) - descripci\u00f3n general del pa\u00eds\" class=\"pretty-link-keyword\"rel=\"\">apostillas<\/a>.<\/li>\n<li><i class=\"sui sui-check\" style=\"color:#333\"><\/i> Realizar pedidos de forma r\u00e1pida y sencilla en nuestra tienda web, 100% fiable y con un precio siempre competitivo.<\/li>\n<\/ul>\n<\/li>\n<\/ul>\n<\/li>\n<\/ul>\n<\/div>\n<p style=\"text-align: center;\"><a href=\"https:\/\/www.ecrivus-multimedia.nl\/es\/categoria-de-producto\/traducciones-juradas\/\" class=\"su-button su-button-style-default\" style=\"color:#FFFFFF;background-color:#2D89EF;border-color:#246ec0;border-radius:7px\" target=\"_self\"><span style=\"color:#FFFFFF;padding:7px 20px;font-size:16px;line-height:24px;border-color:#6cadf4;border-radius:7px;text-shadow:none\"><i class=\"sui sui-arrow-right\" style=\"font-size:16px;color:#FFFFFF\"><\/i> Solicite una traducci\u00f3n jurada ahora en la tienda web<\/span><\/a>","protected":false},"excerpt":{"rendered":"<p>Wat is een be\u00ebdigde vertaling? Een be\u00ebdigde vertaling is een offici\u00eble, rechtsgeldige vertaling van een formeel document die uitsluitend door een be\u00ebdigd vertaler mag worden vertaald. Een be\u00ebdigd vertaler is altijd be\u00ebdigd door een Nederlandse rechtbank en staat tevens bij \u00e9\u00e9n of meerdere rechtbanken in Nederland geregistreerd. Wanneer heeft u een be\u00ebdigde vertaling nodig? Een&#8230;<\/p>","protected":false},"author":1,"featured_media":0,"parent":0,"menu_order":0,"comment_status":"closed","ping_status":"closed","template":"","meta":{"_acf_changed":false,"_glsr_average":0,"_glsr_ranking":0,"_glsr_reviews":0,"_joinchat":[],"footnotes":""},"class_list":["post-44944","page","type-page","status-publish","hentry"],"acf":[],"yoast_head":"<!-- This site is optimized with the Yoast SEO plugin v27.4 - https:\/\/yoast.com\/product\/yoast-seo-wordpress\/ -->\n<title>Be\u00ebdigde vertaling? Lees alles wat u moet weten | Webshop<\/title>\n<meta name=\"description\" content=\"Bestel uw be\u00ebdigde vertaling direct in onze webshop. Op deze pagina leest u alles over be\u00ebdigde vertalingen, legalisaties, apostilles en meer!\" \/>\n<meta name=\"robots\" content=\"index, follow, max-snippet:-1, max-image-preview:large, max-video-preview:-1\" \/>\n<link rel=\"canonical\" href=\"https:\/\/www.ecrivus-multimedia.nl\/es\/traduccion-jurada-lee-todo-lo-que-necesitas-saber\/\" \/>\n<meta property=\"og:locale\" content=\"es_ES\" \/>\n<meta property=\"og:type\" content=\"article\" \/>\n<meta property=\"og:title\" content=\"Be\u00ebdigde vertaling? Lees alles wat u moet weten | Webshop\" \/>\n<meta property=\"og:description\" content=\"Bestel uw be\u00ebdigde vertaling direct in onze webshop. Op deze pagina leest u alles over be\u00ebdigde vertalingen, legalisaties, apostilles en meer!\" \/>\n<meta property=\"og:url\" content=\"https:\/\/www.ecrivus-multimedia.nl\/es\/traduccion-jurada-lee-todo-lo-que-necesitas-saber\/\" \/>\n<meta property=\"og:site_name\" content=\"Ecrivus International Webshop\" \/>\n<meta property=\"article:publisher\" content=\"https:\/\/www.facebook.com\/Ecrivus-International-676624782512639\/\" \/>\n<meta property=\"article:modified_time\" content=\"2026-04-12T12:36:19+00:00\" \/>\n<meta name=\"twitter:card\" content=\"summary_large_image\" \/>\n<meta name=\"twitter:site\" content=\"@ecrivusint\" \/>\n<meta name=\"twitter:label1\" content=\"Tiempo de lectura\" \/>\n\t<meta name=\"twitter:data1\" content=\"3 minutos\" \/>\n<script type=\"application\/ld+json\" class=\"yoast-schema-graph\">{\"@context\":\"https:\\\/\\\/schema.org\",\"@graph\":[{\"@type\":\"WebPage\",\"@id\":\"https:\\\/\\\/www.ecrivus-multimedia.nl\\\/beedigde-vertaling-lees-alles-wat-u-moet-weten\\\/\",\"url\":\"https:\\\/\\\/www.ecrivus-multimedia.nl\\\/beedigde-vertaling-lees-alles-wat-u-moet-weten\\\/\",\"name\":\"Be\u00ebdigde vertaling? Lees alles wat u moet weten | Webshop\",\"isPartOf\":{\"@id\":\"https:\\\/\\\/www.ecrivus-multimedia.nl\\\/#website\"},\"datePublished\":\"2020-02-03T14:31:18+00:00\",\"dateModified\":\"2026-04-12T12:36:19+00:00\",\"description\":\"Bestel uw be\u00ebdigde vertaling direct in onze webshop. Op deze pagina leest u alles over be\u00ebdigde vertalingen, legalisaties, apostilles en meer!\",\"breadcrumb\":{\"@id\":\"https:\\\/\\\/www.ecrivus-multimedia.nl\\\/beedigde-vertaling-lees-alles-wat-u-moet-weten\\\/#breadcrumb\"},\"inLanguage\":\"es\",\"potentialAction\":[{\"@type\":\"ReadAction\",\"target\":[\"https:\\\/\\\/www.ecrivus-multimedia.nl\\\/beedigde-vertaling-lees-alles-wat-u-moet-weten\\\/\"]}]},{\"@type\":\"BreadcrumbList\",\"@id\":\"https:\\\/\\\/www.ecrivus-multimedia.nl\\\/beedigde-vertaling-lees-alles-wat-u-moet-weten\\\/#breadcrumb\",\"itemListElement\":[{\"@type\":\"ListItem\",\"position\":1,\"name\":\"Home\",\"item\":\"https:\\\/\\\/www.ecrivus-multimedia.nl\\\/\"},{\"@type\":\"ListItem\",\"position\":2,\"name\":\"Be\u00ebdigde vertaling? Lees alles wat u moet weten\"}]},{\"@type\":\"WebSite\",\"@id\":\"https:\\\/\\\/www.ecrivus-multimedia.nl\\\/#website\",\"url\":\"https:\\\/\\\/www.ecrivus-multimedia.nl\\\/\",\"name\":\"Ecrivus International Webshop\",\"description\":\"Erkende webshop voor be\u00ebdigde vertalingen.\",\"publisher\":{\"@id\":\"https:\\\/\\\/www.ecrivus-multimedia.nl\\\/#organization\"},\"potentialAction\":[{\"@type\":\"SearchAction\",\"target\":{\"@type\":\"EntryPoint\",\"urlTemplate\":\"https:\\\/\\\/www.ecrivus-multimedia.nl\\\/?s={search_term_string}\"},\"query-input\":{\"@type\":\"PropertyValueSpecification\",\"valueRequired\":true,\"valueName\":\"search_term_string\"}}],\"inLanguage\":\"es\"},{\"@type\":\"Organization\",\"@id\":\"https:\\\/\\\/www.ecrivus-multimedia.nl\\\/#organization\",\"name\":\"Ecrivus International\",\"url\":\"https:\\\/\\\/www.ecrivus-multimedia.nl\\\/\",\"logo\":{\"@type\":\"ImageObject\",\"inLanguage\":\"es\",\"@id\":\"https:\\\/\\\/www.ecrivus-multimedia.nl\\\/#\\\/schema\\\/logo\\\/image\\\/\",\"url\":\"https:\\\/\\\/www.ecrivus-multimedia.nl\\\/wp-content\\\/uploads\\\/2022\\\/01\\\/cropped-small-Logo-Ecrivus-Vector-Transparent2.png\",\"contentUrl\":\"https:\\\/\\\/www.ecrivus-multimedia.nl\\\/wp-content\\\/uploads\\\/2022\\\/01\\\/cropped-small-Logo-Ecrivus-Vector-Transparent2.png\",\"width\":512,\"height\":512,\"caption\":\"Ecrivus International\"},\"image\":{\"@id\":\"https:\\\/\\\/www.ecrivus-multimedia.nl\\\/#\\\/schema\\\/logo\\\/image\\\/\"},\"sameAs\":[\"https:\\\/\\\/www.facebook.com\\\/Ecrivus-International-676624782512639\\\/\",\"https:\\\/\\\/x.com\\\/ecrivusint\"]}]}<\/script>\n<!-- \/ Yoast SEO plugin. -->","yoast_head_json":{"title":"Be\u00ebdigde vertaling? Lees alles wat u moet weten | Webshop","description":"Bestel uw be\u00ebdigde vertaling direct in onze webshop. Op deze pagina leest u alles over be\u00ebdigde vertalingen, legalisaties, apostilles en meer!","robots":{"index":"index","follow":"follow","max-snippet":"max-snippet:-1","max-image-preview":"max-image-preview:large","max-video-preview":"max-video-preview:-1"},"canonical":"https:\/\/www.ecrivus-multimedia.nl\/es\/traduccion-jurada-lee-todo-lo-que-necesitas-saber\/","og_locale":"es_ES","og_type":"article","og_title":"Be\u00ebdigde vertaling? Lees alles wat u moet weten | Webshop","og_description":"Bestel uw be\u00ebdigde vertaling direct in onze webshop. Op deze pagina leest u alles over be\u00ebdigde vertalingen, legalisaties, apostilles en meer!","og_url":"https:\/\/www.ecrivus-multimedia.nl\/es\/traduccion-jurada-lee-todo-lo-que-necesitas-saber\/","og_site_name":"Ecrivus International Webshop","article_publisher":"https:\/\/www.facebook.com\/Ecrivus-International-676624782512639\/","article_modified_time":"2026-04-12T12:36:19+00:00","twitter_card":"summary_large_image","twitter_site":"@ecrivusint","twitter_misc":{"Tiempo de lectura":"3 minutos"},"schema":{"@context":"https:\/\/schema.org","@graph":[{"@type":"WebPage","@id":"https:\/\/www.ecrivus-multimedia.nl\/beedigde-vertaling-lees-alles-wat-u-moet-weten\/","url":"https:\/\/www.ecrivus-multimedia.nl\/beedigde-vertaling-lees-alles-wat-u-moet-weten\/","name":"Be\u00ebdigde vertaling? Lees alles wat u moet weten | Webshop","isPartOf":{"@id":"https:\/\/www.ecrivus-multimedia.nl\/#website"},"datePublished":"2020-02-03T14:31:18+00:00","dateModified":"2026-04-12T12:36:19+00:00","description":"Bestel uw be\u00ebdigde vertaling direct in onze webshop. Op deze pagina leest u alles over be\u00ebdigde vertalingen, legalisaties, apostilles en meer!","breadcrumb":{"@id":"https:\/\/www.ecrivus-multimedia.nl\/beedigde-vertaling-lees-alles-wat-u-moet-weten\/#breadcrumb"},"inLanguage":"es","potentialAction":[{"@type":"ReadAction","target":["https:\/\/www.ecrivus-multimedia.nl\/beedigde-vertaling-lees-alles-wat-u-moet-weten\/"]}]},{"@type":"BreadcrumbList","@id":"https:\/\/www.ecrivus-multimedia.nl\/beedigde-vertaling-lees-alles-wat-u-moet-weten\/#breadcrumb","itemListElement":[{"@type":"ListItem","position":1,"name":"Home","item":"https:\/\/www.ecrivus-multimedia.nl\/"},{"@type":"ListItem","position":2,"name":"Be\u00ebdigde vertaling? Lees alles wat u moet weten"}]},{"@type":"WebSite","@id":"https:\/\/www.ecrivus-multimedia.nl\/#website","url":"https:\/\/www.ecrivus-multimedia.nl\/","name":"Ecrivus International Webshop","description":"Erkende webshop voor be\u00ebdigde vertalingen.","publisher":{"@id":"https:\/\/www.ecrivus-multimedia.nl\/#organization"},"potentialAction":[{"@type":"SearchAction","target":{"@type":"EntryPoint","urlTemplate":"https:\/\/www.ecrivus-multimedia.nl\/?s={search_term_string}"},"query-input":{"@type":"PropertyValueSpecification","valueRequired":true,"valueName":"search_term_string"}}],"inLanguage":"es"},{"@type":"Organization","@id":"https:\/\/www.ecrivus-multimedia.nl\/#organization","name":"Ecrivus International","url":"https:\/\/www.ecrivus-multimedia.nl\/","logo":{"@type":"ImageObject","inLanguage":"es","@id":"https:\/\/www.ecrivus-multimedia.nl\/#\/schema\/logo\/image\/","url":"https:\/\/www.ecrivus-multimedia.nl\/wp-content\/uploads\/2022\/01\/cropped-small-Logo-Ecrivus-Vector-Transparent2.png","contentUrl":"https:\/\/www.ecrivus-multimedia.nl\/wp-content\/uploads\/2022\/01\/cropped-small-Logo-Ecrivus-Vector-Transparent2.png","width":512,"height":512,"caption":"Ecrivus International"},"image":{"@id":"https:\/\/www.ecrivus-multimedia.nl\/#\/schema\/logo\/image\/"},"sameAs":["https:\/\/www.facebook.com\/Ecrivus-International-676624782512639\/","https:\/\/x.com\/ecrivusint"]}]}},"_links":{"self":[{"href":"https:\/\/www.ecrivus-multimedia.nl\/es\/wp-json\/wp\/v2\/pages\/44944","targetHints":{"allow":["GET"]}}],"collection":[{"href":"https:\/\/www.ecrivus-multimedia.nl\/es\/wp-json\/wp\/v2\/pages"}],"about":[{"href":"https:\/\/www.ecrivus-multimedia.nl\/es\/wp-json\/wp\/v2\/types\/page"}],"author":[{"embeddable":true,"href":"https:\/\/www.ecrivus-multimedia.nl\/es\/wp-json\/wp\/v2\/users\/1"}],"replies":[{"embeddable":true,"href":"https:\/\/www.ecrivus-multimedia.nl\/es\/wp-json\/wp\/v2\/comments?post=44944"}],"version-history":[{"count":1,"href":"https:\/\/www.ecrivus-multimedia.nl\/es\/wp-json\/wp\/v2\/pages\/44944\/revisions"}],"predecessor-version":[{"id":132667,"href":"https:\/\/www.ecrivus-multimedia.nl\/es\/wp-json\/wp\/v2\/pages\/44944\/revisions\/132667"}],"wp:attachment":[{"href":"https:\/\/www.ecrivus-multimedia.nl\/es\/wp-json\/wp\/v2\/media?parent=44944"}],"curies":[{"name":"wp","href":"https:\/\/api.w.org\/{rel}","templated":true}]}}