{"id":47983,"date":"2020-03-05T21:18:11","date_gmt":"2020-03-05T20:18:11","guid":{"rendered":"https:\/\/www.ecrivus-multimedia.nl\/beedigde-vertaling-bankafschrift-italiaans\/"},"modified":"2020-03-05T21:18:11","modified_gmt":"2020-03-05T20:18:11","slug":"beedigde-vertaling-bankafschrift-italiaans","status":"publish","type":"page","link":"https:\/\/www.ecrivus-multimedia.nl\/es\/traduccion-jurada-de-extracto-bancario-al-italiano-2-3\/","title":{"rendered":"\u00bfTraducci\u00f3n jurada de extracto bancario al italiano? \u2713 Con sello \u2713 Asequible \u2713 Realice su pedido en nuestra tienda web"},"content":{"rendered":"<div class=\"banner has-hover\" id=\"banner-12010231\">\n          <div class=\"banner-inner fill\">\n        <div class=\"banner-bg fill\" >\n                                    <div class=\"overlay\"><\/div>            \n                    <\/div>\n\t\t\n        <div class=\"banner-layers container\">\n            <div class=\"fill banner-link\"><\/div>            \n   <div id=\"text-box-882538869\" class=\"text-box banner-layer x50 md-x50 lg-x50 y90 md-y90 lg-y90 res-text\">\n                                <div class=\"text-box-content text dark\">\n              \n              <div class=\"text-inner text-center\">\n                  \n<h4 class=\"uppercase\">Traducci\u00f3n jurada<\/h4>\n<h2 class=\"uppercase\"><strong>extracto bancario En italiano<\/strong><\/h2>\n<a href=\"https:\/\/www.ecrivus-multimedia.nl\/es\/producto\/traduccion-jurada-de-extractos-bancarios\/\" class=\"button white is-outline\" >\n\t\t<span>Haga su pedido ahora en nuestra tienda web<\/span>\n\t<\/a>\n\n              <\/div>\n           <\/div>\n                            \n<style>\n#text-box-882538869 {\n  width: 80%;\n}\n#text-box-882538869 .text-box-content {\n  font-size: 100%;\n}\n<\/style>\n    <\/div>\n \n        <\/div>\n      <\/div>\n\n            \n<style>\n#banner-12010231 {\n  padding-top: 400px;\n}\n#banner-12010231 .overlay {\n  background-color: rgba(0, 0, 0, 0.2);\n}\n<\/style>\n  <\/div>\n\n\n<div class=\"is-divider divider clearfix\" style=\"margin-top:3px;margin-bottom:3px;\"><\/div>\n<div class=\"row\"  id=\"row-1624612847\">\n\t<div id=\"gap-1089445506\" class=\"gap-element clearfix\" style=\"display:block; height:auto;\">\n\t\t\n<style>\n#gap-1089445506 {\n  padding-top: 20px;\n}\n<\/style>\n\t<\/div>\n\t\n\n\t<div id=\"col-1195129331\" class=\"col small-12 large-12\"  >\n\t\t\t\t<div class=\"col-inner\"  >\n\t\t\t\n\t\t\t\n<h4><strong>\u00bfNecesita una traducci\u00f3n certificada de su extracto bancario en italiano?<\/strong><\/h4>\n<p>Tienes un <a href=\"https:\/\/www.ecrivus-multimedia.nl\/go\/be\u00ebdigde-vertaling\/\" title=\"Traducciones juradas Archivos | Tienda web internacional Ecrivus\" class=\"pretty-link-keyword\"rel=\"\">traducci\u00f3n certificada<\/a> necesita de su <a href=\"https:\/\/www.ecrivus-multimedia.nl\/go\/bankafschrift-vertalen-beedigd\/\" title=\"\u00bfQuieres traducir un extracto bancario jurado? \u00a1Haga su pedido a trav\u00e9s de nuestra tienda web!\" class=\"pretty-link-keyword\"rel=\"\">extracto de cuenta<\/a> \u00bfEn italiano? Entonces has venido al lugar correcto.<\/p>\n<p>El <a href=\"https:\/\/www.ecrivus-multimedia.nl\/go\/be\u00ebdigde-vertaling\/\" title=\"Traducciones juradas Archivos | Tienda web internacional Ecrivus\" class=\"pretty-link-keyword\"rel=\"\">traducci\u00f3n certificada<\/a> de tu <a href=\"https:\/\/www.ecrivus-multimedia.nl\/go\/bankafschrift-vertalen-beedigd\/\" title=\"\u00bfQuieres traducir un extracto bancario jurado? \u00a1Haga su pedido a trav\u00e9s de nuestra tienda web!\" class=\"pretty-link-keyword\"rel=\"\">extracto de cuenta<\/a> en italiano puede realizar pedidos directamente con nosotros en l\u00ednea. Para ti <a href=\"https:\/\/www.ecrivus-multimedia.nl\/go\/bankafschrift-vertalen-beedigd\/\" title=\"\u00bfQuieres traducir un extracto bancario jurado? \u00a1Haga su pedido a trav\u00e9s de nuestra tienda web!\" class=\"pretty-link-keyword\"rel=\"\">extracto de cuenta<\/a> para que lo traduzcan inmediatamente, <a href=\"https:\/\/www.ecrivus-multimedia.nl\/es\/producto\/traduccion-jurada-de-extractos-bancarios\/\">haga clic aqu\u00ed<\/a>.<\/p>\n<h4><strong>Traducci\u00f3n jurada de italiano: extracto bancario<\/strong><\/h4>\n<p>El <a href=\"https:\/\/www.ecrivus-multimedia.nl\/go\/be\u00ebdigde-vertaling\/\" title=\"Traducciones juradas Archivos | Tienda web internacional Ecrivus\" class=\"pretty-link-keyword\"rel=\"\">traducci\u00f3n certificada<\/a> de tu <a href=\"https:\/\/www.ecrivus-multimedia.nl\/go\/bankafschrift-vertalen-beedigd\/\" title=\"\u00bfQuieres traducir un extracto bancario jurado? \u00a1Haga su pedido a trav\u00e9s de nuestra tienda web!\" class=\"pretty-link-keyword\"rel=\"\">extracto de cuenta<\/a> significa que es realizado por un <a href=\"https:\/\/www.ecrivus-multimedia.nl\/go\/be\u00ebdigde-vertaling\/\" title=\"Traducciones juradas Archivos | Tienda web internacional Ecrivus\" class=\"pretty-link-keyword\"rel=\"\">traductor bajo juramento<\/a> Alem\u00e1n. Estos traductores oficiales han sido jurados ante uno de los tribunales de los Pa\u00edses Bajos. Adem\u00e1s de realizar la traducci\u00f3n, colocan un sello y una declaraci\u00f3n jurada con firma tanto en el texto de origen (el documento que proporcionas) como en el texto de destino (los textos traducidos en alem\u00e1n). Esto hace que el documento sea legalmente v\u00e1lido y pueda enviarlo a muchos organismos oficiales. <a href=\"https:\/\/www.ecrivus-multimedia.nl\/go\/verslag-betalingen-aan-overheden-beedigde-vertaling-met-stempel\/\" title=\"\u00bfQuieres traducir un informe jurado sobre pagos a gobiernos? \u00a1Haz tu pedido en nuestra tienda web!\" class=\"pretty-link-keyword\"rel=\"\">gobiernos<\/a> usar.<\/p>\n<p style=\"text-align: center;\"><a href=\"https:\/\/www.ecrivus-multimedia.nl\/es\/producto\/traduccion-jurada-de-extractos-bancarios\/\" class=\"su-button su-button-style-default\" style=\"color:#FFFFFF;background-color:#2D89EF;border-color:#246ec0;border-radius:7px\" target=\"_self\"><span style=\"color:#FFFFFF;padding:7px 20px;font-size:16px;line-height:24px;border-color:#6cadf4;border-radius:7px;text-shadow:none\"><i class=\"sui sui-arrow-right\" style=\"font-size:16px;color:#FFFFFF\"><\/i> Solicite ahora una traducci\u00f3n certificada de extractos bancarios en la tienda web &gt;<\/span><\/a>\n<h4><strong>Apostillas y legalizaci\u00f3n de extractos bancarios en italiano.<\/strong><\/h4>\n<p>A <a href=\"https:\/\/www.ecrivus-multimedia.nl\/go\/apostilles-legalisatie-landenoverzicht\/\" title=\"Apostillas (legalizaci\u00f3n) - descripci\u00f3n general del pa\u00eds\" class=\"pretty-link-keyword\"rel=\"\">apostilla<\/a> es un sello del tribunal que declara que su documento es aut\u00e9ntico, lo que significa que puede usarse legalmente en el tr\u00e1fico internacional de documentos. Mucho <a href=\"https:\/\/www.ecrivus-multimedia.nl\/go\/verslag-betalingen-aan-overheden-beedigde-vertaling-met-stempel\/\" title=\"\u00bfQuieres traducir un informe jurado sobre pagos a gobiernos? \u00a1Haz tu pedido en nuestra tienda web!\" class=\"pretty-link-keyword\"rel=\"\">gobiernos<\/a> y los organismos oficiales exigen que su <a href=\"https:\/\/www.ecrivus-multimedia.nl\/go\/bankafschrift-vertalen-beedigd\/\" title=\"\u00bfQuieres traducir un extracto bancario jurado? \u00a1Haga su pedido a trav\u00e9s de nuestra tienda web!\" class=\"pretty-link-keyword\"rel=\"\">extracto de cuenta<\/a> no s\u00f3lo es una traducci\u00f3n jurada, sino que tambi\u00e9n cuenta con una <a href=\"https:\/\/www.ecrivus-multimedia.nl\/go\/apostilles-legalisatie-landenoverzicht\/\" title=\"Apostillas (legalizaci\u00f3n) - descripci\u00f3n general del pa\u00eds\" class=\"pretty-link-keyword\"rel=\"\">apostilla<\/a>. \u00bfLe gustar\u00eda que acudi\u00e9ramos a los tribunales por usted? <a href=\"https:\/\/www.ecrivus-multimedia.nl\/go\/apostilles-legalisatie-landenoverzicht\/\" title=\"Apostillas (legalizaci\u00f3n) - descripci\u00f3n general del pa\u00eds\" class=\"pretty-link-keyword\"rel=\"\">apostilla<\/a> para tenerlo instalado? \u00a1Eso es posible! Puede seleccionarlo f\u00e1cilmente durante el proceso de pedido en nuestra tienda web. M\u00e1s informaci\u00f3n sobre <a href=\"https:\/\/www.ecrivus-multimedia.nl\/go\/apostilles-legalisatie-landenoverzicht\/\" title=\"Apostillas (legalizaci\u00f3n) - descripci\u00f3n general del pa\u00eds\" class=\"pretty-link-keyword\"rel=\"\">apostillas<\/a>, <a href=\"https:\/\/www.ecrivus-multimedia.nl\/go\/apostilles-legalisatie-landenoverzicht\/\" title=\"Apostillas (legalizaci\u00f3n) - descripci\u00f3n general del pa\u00eds\" class=\"pretty-link-keyword\"rel=\"\">legalizaci\u00f3n<\/a> y qu\u00e9 pa\u00edses son miembros del tratado de apostilla, <a href=\"https:\/\/www.ecrivus-multimedia.nl\/es\/descripcion-general-del-pais-de-legalizacion-de-apostillas\/\">se puede encontrar aqu\u00ed<\/a>.<\/p>\n<h4><strong>La traducci\u00f3n jurada de su extracto bancario est\u00e1 en buenas manos con nosotros:<\/strong><\/h4>\n<ul>\n<li>Traducci\u00f3n realizada por traductor italiano jurado, experimentado y especializado.<\/li>\n<li>Incluye sello de juramento.<\/li>\n<li>Incluyendo revisi\u00f3n<\/li>\n<li>Incluyendo controles de calidad.<\/li>\n<li>Precios competitivos<\/li>\n<li>Entrega r\u00e1pida<\/li>\n<li>Elija entre cientos de combinaciones de idiomas<\/li>\n<li>Entrega urgente posible<\/li>\n<li>Admite varios formatos de archivo, incluido PDF<\/li>\n<li>Env\u00edo siempre registrado <a href=\"https:\/\/www.ecrivus-multimedia.nl\/go\/be\u00ebdigde-vertaling\/\" title=\"Traducciones juradas Archivos | Tienda web internacional Ecrivus\" class=\"pretty-link-keyword\"rel=\"\">traducci\u00f3n certificada<\/a> con seguimiento y localizaci\u00f3n<\/li>\n<li>Posibilidad de que su documento est\u00e9 provisto de un <a href=\"https:\/\/www.ecrivus-multimedia.nl\/go\/apostilles-legalisatie-landenoverzicht\/\" title=\"Apostillas (legalizaci\u00f3n) - descripci\u00f3n general del pa\u00eds\" class=\"pretty-link-keyword\"rel=\"\">apostilla<\/a> o <a href=\"https:\/\/www.ecrivus-multimedia.nl\/go\/apostilles-legalisatie-landenoverzicht\/\" title=\"Apostillas (legalizaci\u00f3n) - descripci\u00f3n general del pa\u00eds\" class=\"pretty-link-keyword\"rel=\"\">legalizaci\u00f3n<\/a> (legalizar)<\/li>\n<li>Posibilidad de recibir tambi\u00e9n una copia digital de la traducci\u00f3n por correo electr\u00f3nico<\/li>\n<\/ul>\n<p>\u00bfQuieres tu <a href=\"https:\/\/www.ecrivus-multimedia.nl\/go\/bankafschrift-vertalen-beedigd\/\" title=\"\u00bfQuieres traducir un extracto bancario jurado? \u00a1Haga su pedido a trav\u00e9s de nuestra tienda web!\" class=\"pretty-link-keyword\"rel=\"\">extracto de cuenta<\/a> Disponemos de una traducci\u00f3n jurada al italiano, pero \u00bfprimero tienes algunas preguntas? Estamos listos para ti. Para nuestro <a href=\"https:\/\/www.ecrivus-multimedia.nl\/es\/contacto\/\">pagina de contacto<\/a> Encontrar\u00e1s nuestros detalles. Puede llamarnos al +31(0)43-365-5801 o enviarnos un correo electr\u00f3nico a <a href=\"mailto:info@ecrivus-multimedia.nl\">info@ecrivus-multimedia.nl<\/a>. Op werkdagen tussen 09.00 en 17.00 uur kunt u uw vraag tevens stellen via onze <a href=\"https:\/\/www.ecrivus-multimedia.nl\/go\/chat\/\" title=\"go\/chat\" class=\"pretty-link-keyword\"rel=\"\">Live Chat<\/a> Support \u2013 wij reageren binnen 1 minuut.<\/p>\n\t<div id=\"gap-1693579227\" class=\"gap-element clearfix\" style=\"display:block; height:auto;\">\n\t\t\n<style>\n#gap-1693579227 {\n  padding-top: 20px;\n}\n<\/style>\n\t<\/div>\n\t\n<div class=\"row row-divided\"  id=\"row-1661811774\"><\/div>\n\t\t<\/div>\n\t\t\t\t\t<\/div>\n\n\t\n\n\t<div id=\"col-905496354\" class=\"col medium-4 large-4\"  >\n\t\t\t\t<div class=\"col-inner\"  >\n\t\t\t\n\t\t\t\n\n\t\t<div class=\"icon-box featured-box icon-box-center text-center\"  style=\"margin:0px 0px 0px 0px;\">\n\t\t\t\t\t<div class=\"icon-box-img has-icon-bg\" style=\"width: 46px\">\n\t\t\t\t<div class=\"icon\">\n\t\t\t\t\t<div class=\"icon-inner\" style=\"border-width:2px;color:rgb(182, 182, 182);\">\n\t\t\t\t\t\t<img decoding=\"async\" width=\"40\" height=\"40\" src=\"https:\/\/www.ecrivus-multimedia.nl\/wp-content\/uploads\/2020\/02\/icons8-delivery-40.png\" class=\"attachment-medium size-medium\" alt=\"\" \/>\t\t\t\t\t<\/div>\n\t\t\t\t<\/div>\n\t\t\t<\/div>\n\t\t\t\t<div class=\"icon-box-text last-reset\">\n\t\t\t<h5 class=\"uppercase\">Env\u00edo con Track &amp; Trace<\/h5>\t\t\t\t\t\t\n<p>Todas nuestras traducciones se env\u00edan con Track &amp; Trace. Siga sus documentos traducidos de forma segura hasta su casa.<\/p>\n\t\t<\/div>\n\t<\/div>\n\t\n\t\n\t\t<\/div>\n\t\t\t\t\t<\/div>\n\n\t\n\n\t<div id=\"col-127454316\" class=\"col medium-4 large-4\"  >\n\t\t\t\t<div class=\"col-inner\"  >\n\t\t\t\n\t\t\t\n\n\t\t<div class=\"icon-box featured-box icon-box-center text-center\"  style=\"margin:0px 0px 0px 0px;\">\n\t\t\t\t\t<div class=\"icon-box-img has-icon-bg\" style=\"width: 46px\">\n\t\t\t\t<div class=\"icon\">\n\t\t\t\t\t<div class=\"icon-inner\" style=\"border-width:2px;color:rgb(182, 182, 182);\">\n\t\t\t\t\t\t<img decoding=\"async\" width=\"40\" height=\"40\" src=\"https:\/\/www.ecrivus-multimedia.nl\/wp-content\/uploads\/2020\/02\/icons8-contract-40.png\" class=\"attachment-medium size-medium\" alt=\"\" \/>\t\t\t\t\t<\/div>\n\t\t\t\t<\/div>\n\t\t\t<\/div>\n\t\t\t\t<div class=\"icon-box-text last-reset\">\n\t\t\t<h5 class=\"uppercase\">Reconocido y confiable<\/h5>\t\t\t\t\t\t\n<p>Nuestra tienda web para <a href=\"https:\/\/www.ecrivus-multimedia.nl\/go\/be\u00ebdigde-vertaling\/\" title=\"Traducciones juradas Archivos | Tienda web internacional Ecrivus\" class=\"pretty-link-keyword\"rel=\"\">traducciones certificadas<\/a> es \u00fanico en los Pa\u00edses Bajos. 100% fiable, legalmente v\u00e1lido y seguro. Los m\u00e1s valorados.<\/p>\n\t\t<\/div>\n\t<\/div>\n\t\n\t\n\t\t<\/div>\n\t\t\t\t\t<\/div>\n\n\t\n\n\t<div id=\"col-1257506299\" class=\"col medium-4 large-4\"  >\n\t\t\t\t<div class=\"col-inner\"  >\n\t\t\t\n\t\t\t\n\n\t\t<div class=\"icon-box featured-box icon-box-center text-center\"  style=\"margin:0px 0px 0px 0px;\">\n\t\t\t\t\t<div class=\"icon-box-img has-icon-bg\" style=\"width: 46px\">\n\t\t\t\t<div class=\"icon\">\n\t\t\t\t\t<div class=\"icon-inner\" style=\"border-width:2px;color:rgb(182, 182, 182);\">\n\t\t\t\t\t\t<img decoding=\"async\" width=\"40\" height=\"40\" src=\"https:\/\/www.ecrivus-multimedia.nl\/wp-content\/uploads\/2020\/02\/icons8-euro-40.png\" class=\"attachment-medium size-medium\" alt=\"\" \/>\t\t\t\t\t<\/div>\n\t\t\t\t<\/div>\n\t\t\t<\/div>\n\t\t\t\t<div class=\"icon-box-text last-reset\">\n\t\t\t<h5 class=\"uppercase\">Pago seguro en l\u00ednea<\/h5>\t\t\t\t\t\t\n<p>Pago seguro en l\u00ednea a trav\u00e9s de iDeal, PayPal o transferencia bancaria. Puede gestionar y realizar un seguimiento completo de su pedido a trav\u00e9s de Mi cuenta.<\/p>\n\t\t<\/div>\n\t<\/div>\n\t\n\t\n\t\t<\/div>\n\t\t\t\t\t<\/div>\n\n\t\n<\/div>","protected":false},"excerpt":{"rendered":"","protected":false},"author":1,"featured_media":0,"parent":0,"menu_order":0,"comment_status":"closed","ping_status":"closed","template":"page-blank.php","meta":{"_acf_changed":false,"_glsr_average":0,"_glsr_ranking":0,"_glsr_reviews":0,"_joinchat":[],"footnotes":""},"class_list":["post-47983","page","type-page","status-publish","hentry"],"acf":[],"yoast_head":"<!-- This site is optimized with the Yoast SEO plugin v27.4 - https:\/\/yoast.com\/product\/yoast-seo-wordpress\/ -->\n<title>Be\u00ebdigde vertaling bankafschrift in Italiaans? \u2713 Met stempel \u2713 Voordelig \u2713 Bestellen in onze webshop<\/title>\n<meta name=\"description\" content=\"Be\u00ebdigde vertaling bankafschrift nodig in Italiaans? \u2713 Met stempel \u2713 Voordelig bestellen in onze webshop \u2713 Track &amp; Trace \u2713 200+ talen\" \/>\n<meta name=\"robots\" content=\"index, follow, max-snippet:-1, max-image-preview:large, max-video-preview:-1\" \/>\n<link rel=\"canonical\" href=\"https:\/\/www.ecrivus-multimedia.nl\/es\/traduccion-jurada-de-extracto-bancario-al-italiano-2-3\/\" \/>\n<meta property=\"og:locale\" content=\"es_ES\" \/>\n<meta property=\"og:type\" content=\"article\" \/>\n<meta property=\"og:title\" content=\"Be\u00ebdigde vertaling bankafschrift in Italiaans? \u2713 Met stempel \u2713 Voordelig \u2713 Bestellen in onze webshop\" \/>\n<meta property=\"og:description\" content=\"Be\u00ebdigde vertaling bankafschrift nodig in Italiaans? \u2713 Met stempel \u2713 Voordelig bestellen in onze webshop \u2713 Track &amp; Trace \u2713 200+ talen\" \/>\n<meta property=\"og:url\" content=\"https:\/\/www.ecrivus-multimedia.nl\/es\/traduccion-jurada-de-extracto-bancario-al-italiano-2-3\/\" \/>\n<meta property=\"og:site_name\" content=\"Ecrivus International Webshop\" \/>\n<meta property=\"article:publisher\" content=\"https:\/\/www.facebook.com\/Ecrivus-International-676624782512639\/\" \/>\n<meta name=\"twitter:card\" content=\"summary_large_image\" \/>\n<meta name=\"twitter:site\" content=\"@ecrivusint\" \/>\n<meta name=\"twitter:label1\" content=\"Tiempo de lectura\" \/>\n\t<meta name=\"twitter:data1\" content=\"3 minutos\" \/>\n<script type=\"application\/ld+json\" class=\"yoast-schema-graph\">{\"@context\":\"https:\\\/\\\/schema.org\",\"@graph\":[{\"@type\":\"WebPage\",\"@id\":\"https:\\\/\\\/www.ecrivus-multimedia.nl\\\/beedigde-vertaling-bankafschrift-italiaans\\\/\",\"url\":\"https:\\\/\\\/www.ecrivus-multimedia.nl\\\/beedigde-vertaling-bankafschrift-italiaans\\\/\",\"name\":\"Be\u00ebdigde vertaling bankafschrift in Italiaans? \u2713 Met stempel \u2713 Voordelig \u2713 Bestellen in onze webshop\",\"isPartOf\":{\"@id\":\"https:\\\/\\\/www.ecrivus-multimedia.nl\\\/#website\"},\"datePublished\":\"2020-03-05T20:18:11+00:00\",\"description\":\"Be\u00ebdigde vertaling bankafschrift nodig in Italiaans? \u2713 Met stempel \u2713 Voordelig bestellen in onze webshop \u2713 Track & Trace \u2713 200+ talen\",\"breadcrumb\":{\"@id\":\"https:\\\/\\\/www.ecrivus-multimedia.nl\\\/beedigde-vertaling-bankafschrift-italiaans\\\/#breadcrumb\"},\"inLanguage\":\"es\",\"potentialAction\":[{\"@type\":\"ReadAction\",\"target\":[\"https:\\\/\\\/www.ecrivus-multimedia.nl\\\/beedigde-vertaling-bankafschrift-italiaans\\\/\"]}]},{\"@type\":\"BreadcrumbList\",\"@id\":\"https:\\\/\\\/www.ecrivus-multimedia.nl\\\/beedigde-vertaling-bankafschrift-italiaans\\\/#breadcrumb\",\"itemListElement\":[{\"@type\":\"ListItem\",\"position\":1,\"name\":\"Home\",\"item\":\"https:\\\/\\\/www.ecrivus-multimedia.nl\\\/\"},{\"@type\":\"ListItem\",\"position\":2,\"name\":\"Be\u00ebdigde vertaling bankafschrift in Italiaans? \u2713 Met stempel \u2713 Voordelig \u2713 Bestellen in onze webshop\"}]},{\"@type\":\"WebSite\",\"@id\":\"https:\\\/\\\/www.ecrivus-multimedia.nl\\\/#website\",\"url\":\"https:\\\/\\\/www.ecrivus-multimedia.nl\\\/\",\"name\":\"Ecrivus International Webshop\",\"description\":\"Erkende webshop voor be\u00ebdigde vertalingen.\",\"publisher\":{\"@id\":\"https:\\\/\\\/www.ecrivus-multimedia.nl\\\/#organization\"},\"potentialAction\":[{\"@type\":\"SearchAction\",\"target\":{\"@type\":\"EntryPoint\",\"urlTemplate\":\"https:\\\/\\\/www.ecrivus-multimedia.nl\\\/?s={search_term_string}\"},\"query-input\":{\"@type\":\"PropertyValueSpecification\",\"valueRequired\":true,\"valueName\":\"search_term_string\"}}],\"inLanguage\":\"es\"},{\"@type\":\"Organization\",\"@id\":\"https:\\\/\\\/www.ecrivus-multimedia.nl\\\/#organization\",\"name\":\"Ecrivus International\",\"url\":\"https:\\\/\\\/www.ecrivus-multimedia.nl\\\/\",\"logo\":{\"@type\":\"ImageObject\",\"inLanguage\":\"es\",\"@id\":\"https:\\\/\\\/www.ecrivus-multimedia.nl\\\/#\\\/schema\\\/logo\\\/image\\\/\",\"url\":\"https:\\\/\\\/www.ecrivus-multimedia.nl\\\/wp-content\\\/uploads\\\/2022\\\/01\\\/cropped-small-Logo-Ecrivus-Vector-Transparent2.png\",\"contentUrl\":\"https:\\\/\\\/www.ecrivus-multimedia.nl\\\/wp-content\\\/uploads\\\/2022\\\/01\\\/cropped-small-Logo-Ecrivus-Vector-Transparent2.png\",\"width\":512,\"height\":512,\"caption\":\"Ecrivus International\"},\"image\":{\"@id\":\"https:\\\/\\\/www.ecrivus-multimedia.nl\\\/#\\\/schema\\\/logo\\\/image\\\/\"},\"sameAs\":[\"https:\\\/\\\/www.facebook.com\\\/Ecrivus-International-676624782512639\\\/\",\"https:\\\/\\\/x.com\\\/ecrivusint\"]}]}<\/script>\n<!-- \/ Yoast SEO plugin. -->","yoast_head_json":{"title":"Be\u00ebdigde vertaling bankafschrift in Italiaans? \u2713 Met stempel \u2713 Voordelig \u2713 Bestellen in onze webshop","description":"Be\u00ebdigde vertaling bankafschrift nodig in Italiaans? \u2713 Met stempel \u2713 Voordelig bestellen in onze webshop \u2713 Track & Trace \u2713 200+ talen","robots":{"index":"index","follow":"follow","max-snippet":"max-snippet:-1","max-image-preview":"max-image-preview:large","max-video-preview":"max-video-preview:-1"},"canonical":"https:\/\/www.ecrivus-multimedia.nl\/es\/traduccion-jurada-de-extracto-bancario-al-italiano-2-3\/","og_locale":"es_ES","og_type":"article","og_title":"Be\u00ebdigde vertaling bankafschrift in Italiaans? \u2713 Met stempel \u2713 Voordelig \u2713 Bestellen in onze webshop","og_description":"Be\u00ebdigde vertaling bankafschrift nodig in Italiaans? \u2713 Met stempel \u2713 Voordelig bestellen in onze webshop \u2713 Track & Trace \u2713 200+ talen","og_url":"https:\/\/www.ecrivus-multimedia.nl\/es\/traduccion-jurada-de-extracto-bancario-al-italiano-2-3\/","og_site_name":"Ecrivus International Webshop","article_publisher":"https:\/\/www.facebook.com\/Ecrivus-International-676624782512639\/","twitter_card":"summary_large_image","twitter_site":"@ecrivusint","twitter_misc":{"Tiempo de lectura":"3 minutos"},"schema":{"@context":"https:\/\/schema.org","@graph":[{"@type":"WebPage","@id":"https:\/\/www.ecrivus-multimedia.nl\/beedigde-vertaling-bankafschrift-italiaans\/","url":"https:\/\/www.ecrivus-multimedia.nl\/beedigde-vertaling-bankafschrift-italiaans\/","name":"Be\u00ebdigde vertaling bankafschrift in Italiaans? \u2713 Met stempel \u2713 Voordelig \u2713 Bestellen in onze webshop","isPartOf":{"@id":"https:\/\/www.ecrivus-multimedia.nl\/#website"},"datePublished":"2020-03-05T20:18:11+00:00","description":"Be\u00ebdigde vertaling bankafschrift nodig in Italiaans? \u2713 Met stempel \u2713 Voordelig bestellen in onze webshop \u2713 Track & Trace \u2713 200+ talen","breadcrumb":{"@id":"https:\/\/www.ecrivus-multimedia.nl\/beedigde-vertaling-bankafschrift-italiaans\/#breadcrumb"},"inLanguage":"es","potentialAction":[{"@type":"ReadAction","target":["https:\/\/www.ecrivus-multimedia.nl\/beedigde-vertaling-bankafschrift-italiaans\/"]}]},{"@type":"BreadcrumbList","@id":"https:\/\/www.ecrivus-multimedia.nl\/beedigde-vertaling-bankafschrift-italiaans\/#breadcrumb","itemListElement":[{"@type":"ListItem","position":1,"name":"Home","item":"https:\/\/www.ecrivus-multimedia.nl\/"},{"@type":"ListItem","position":2,"name":"Be\u00ebdigde vertaling bankafschrift in Italiaans? \u2713 Met stempel \u2713 Voordelig \u2713 Bestellen in onze webshop"}]},{"@type":"WebSite","@id":"https:\/\/www.ecrivus-multimedia.nl\/#website","url":"https:\/\/www.ecrivus-multimedia.nl\/","name":"Ecrivus International Webshop","description":"Erkende webshop voor be\u00ebdigde vertalingen.","publisher":{"@id":"https:\/\/www.ecrivus-multimedia.nl\/#organization"},"potentialAction":[{"@type":"SearchAction","target":{"@type":"EntryPoint","urlTemplate":"https:\/\/www.ecrivus-multimedia.nl\/?s={search_term_string}"},"query-input":{"@type":"PropertyValueSpecification","valueRequired":true,"valueName":"search_term_string"}}],"inLanguage":"es"},{"@type":"Organization","@id":"https:\/\/www.ecrivus-multimedia.nl\/#organization","name":"Ecrivus International","url":"https:\/\/www.ecrivus-multimedia.nl\/","logo":{"@type":"ImageObject","inLanguage":"es","@id":"https:\/\/www.ecrivus-multimedia.nl\/#\/schema\/logo\/image\/","url":"https:\/\/www.ecrivus-multimedia.nl\/wp-content\/uploads\/2022\/01\/cropped-small-Logo-Ecrivus-Vector-Transparent2.png","contentUrl":"https:\/\/www.ecrivus-multimedia.nl\/wp-content\/uploads\/2022\/01\/cropped-small-Logo-Ecrivus-Vector-Transparent2.png","width":512,"height":512,"caption":"Ecrivus International"},"image":{"@id":"https:\/\/www.ecrivus-multimedia.nl\/#\/schema\/logo\/image\/"},"sameAs":["https:\/\/www.facebook.com\/Ecrivus-International-676624782512639\/","https:\/\/x.com\/ecrivusint"]}]}},"_links":{"self":[{"href":"https:\/\/www.ecrivus-multimedia.nl\/es\/wp-json\/wp\/v2\/pages\/47983","targetHints":{"allow":["GET"]}}],"collection":[{"href":"https:\/\/www.ecrivus-multimedia.nl\/es\/wp-json\/wp\/v2\/pages"}],"about":[{"href":"https:\/\/www.ecrivus-multimedia.nl\/es\/wp-json\/wp\/v2\/types\/page"}],"author":[{"embeddable":true,"href":"https:\/\/www.ecrivus-multimedia.nl\/es\/wp-json\/wp\/v2\/users\/1"}],"replies":[{"embeddable":true,"href":"https:\/\/www.ecrivus-multimedia.nl\/es\/wp-json\/wp\/v2\/comments?post=47983"}],"version-history":[{"count":0,"href":"https:\/\/www.ecrivus-multimedia.nl\/es\/wp-json\/wp\/v2\/pages\/47983\/revisions"}],"wp:attachment":[{"href":"https:\/\/www.ecrivus-multimedia.nl\/es\/wp-json\/wp\/v2\/media?parent=47983"}],"curies":[{"name":"wp","href":"https:\/\/api.w.org\/{rel}","templated":true}]}}