{"id":109402,"date":"2023-05-05T13:21:24","date_gmt":"2023-05-05T11:21:24","guid":{"rendered":"https:\/\/www.ecrivus-multimedia.nl\/?post_type=product&#038;p=109402"},"modified":"2026-04-12T13:16:05","modified_gmt":"2026-04-12T11:16:05","slug":"ai-contentoptimalisatie","status":"publish","type":"product","link":"https:\/\/www.ecrivus-multimedia.nl\/es\/producto\/optimizacion-de-contenido-ia\/","title":{"rendered":"Optimizaci\u00f3n y edici\u00f3n de contenido con IA: optimice su contenido y su capacidad de b\u00fasqueda en l\u00ednea"},"content":{"rendered":"<h1><strong>Optimizaci\u00f3n de contenido de IA<\/strong><\/h1>\n<p>Su sitio web es una herramienta importante para llegar a nuevos clientes y aumentar su facturaci\u00f3n. <strong>Con nuestro revolucionario <a href=\"https:\/\/www.ecrivus-multimedia.nl\/go\/ai-contentoptimalisatie\/\" title=\"Optimizaci\u00f3n de contenido AI + edici\u00f3n para obtener puntuaciones m\u00e1s altas en los motores de b\u00fasqueda\" class=\"pretty-link-keyword\"rel=\"\">Optimizaci\u00f3n de contenido de IA<\/a>servicio, te ofrecemos la oportunidad de transformar tus contenidos antiguos en textos optimizados y de alta calidad.<\/strong> Lo \u00fanico de nuestro servicio es que <strong>IA y profesionales capacitados<\/strong> juntos para lograr los mejores resultados.<\/p>\n<p>Nuestras herramientas de IA desarrolladas ayudan a optimizar su contenido para un mejor rendimiento y visibilidad en los motores de b\u00fasqueda y las redes sociales. Si bien la herramienta de inteligencia artificial juega un papel importante para lograr los resultados deseados, los expertos en ling\u00fc\u00edstica, como editores y ling\u00fcistas, tambi\u00e9n son esenciales. Dotan de un toque humano a los textos optimizados, los perfeccionan hasta el \u00faltimo detalle y aportan creatividad al proceso.<\/p>\n<h3>Optimizaci\u00f3n de contenido AI en 3 pasos<\/h3>\n<ol>\n<li>Usted proporciona el contenido que se optimizar\u00e1 en forma de archivos de texto, p\u00e1ginas web o URL. Luego aplicamos nuestros algoritmos de IA para analizar los textos y optimizarlos para los motores de b\u00fasqueda y su legibilidad. Nuestros expertos ling\u00fcistas trabajar\u00e1n en ello para perfeccionar a\u00fan m\u00e1s los textos y garantizar as\u00ed la mejor calidad posible.<\/li>\n<li>Entregamos el resultado en forma de textos optimizados que obtienen mejores resultados en los motores de b\u00fasqueda y son m\u00e1s f\u00e1ciles de leer para su grupo objetivo. Al entregar su contenido antiguo, le brindamos textos optimizados que ayudar\u00e1n a que su negocio crezca. Y todo ello a un precio por p\u00e1gina web muy asequible.<\/li>\n<li>A trav\u00e9s de las estad\u00edsticas podemos demostrar que nuestros textos optimizados obtienen puntuaciones significativamente m\u00e1s altas en los motores de b\u00fasqueda y funcionan mejor. Como resultado, atraer\u00e1 m\u00e1s visitantes y clientes potenciales, lo que en \u00faltima instancia se traducir\u00e1 en m\u00e1s ventas para su empresa.<\/li>\n<\/ol>\n<p>Elegir <a href=\"https:\/\/www.ecrivus-multimedia.nl\/go\/ai-contentoptimalisatie\/\" title=\"Optimizaci\u00f3n de contenido AI + edici\u00f3n para obtener puntuaciones m\u00e1s altas en los motores de b\u00fasqueda\" class=\"pretty-link-keyword\"rel=\"\">Optimizaci\u00f3n de contenido de IA<\/a> de Ecrivus Multimedia y experimente usted mismo c\u00f3mo puede transformar su contenido antiguo en textos optimizados y de alta calidad. Junto con nuestras herramientas de IA y expertos ling\u00fc\u00edsticos, obtendr\u00e1s la mejor calidad y resultados para tu negocio.<\/p>\n<p>En resumen, su sitio web es una herramienta importante para llegar a nuevos clientes y aumentar su facturaci\u00f3n. Con nuestro <a href=\"https:\/\/www.ecrivus-multimedia.nl\/go\/ai-contentoptimalisatie\/\" title=\"Optimizaci\u00f3n de contenido AI + edici\u00f3n para obtener puntuaciones m\u00e1s altas en los motores de b\u00fasqueda\" class=\"pretty-link-keyword\"rel=\"\">Optimizaci\u00f3n de contenido de IA<\/a>El servicio transforma su contenido antiguo en textos optimizados y de alta calidad. Nuestras herramientas de inteligencia artificial garantizan que sus textos no solo sean compatibles con los motores de b\u00fasqueda, sino tambi\u00e9n legibles y comprensibles para su grupo objetivo. Elija Ecrivus Multimedia y benef\u00edciese del poder de nuestro <a href=\"https:\/\/www.ecrivus-multimedia.nl\/go\/ai-contentoptimalisatie\/\" title=\"Optimizaci\u00f3n de contenido AI + edici\u00f3n para obtener puntuaciones m\u00e1s altas en los motores de b\u00fasqueda\" class=\"pretty-link-keyword\"rel=\"\">Optimizaci\u00f3n de contenido de IA<\/a>.<\/p>","protected":false},"excerpt":{"rendered":"<p>Optimice su contenido con AI Content Optimization y aumente su visibilidad en l\u00ednea.<br \/>\nCargue las URL a continuaci\u00f3n y seleccione la cantidad de URL que desea optimizar. Costes: 10\u20ac por URL.<\/p>","protected":false},"featured_media":132637,"comment_status":"closed","ping_status":"closed","template":"","meta":{"_acf_changed":false,"_glsr_average":0,"_glsr_ranking":0,"_glsr_reviews":0,"_joinchat":[]},"product_brand":[],"product_cat":[15288],"product_tag":[15941,15942,15944,15943,15945],"class_list":{"0":"post-109402","1":"product","2":"type-product","3":"status-publish","4":"has-post-thumbnail","6":"product_cat-web-app-ontwikkeling","7":"product_tag-ai","8":"product_tag-contentoptimalisatie","9":"product_tag-online-zichtbaarheid","10":"product_tag-seo","11":"product_tag-zoekmachines","13":"first","14":"instock","15":"virtual","16":"sold-individually","17":"taxable","18":"purchasable","19":"product-type-simple"},"acf":[],"yoast_head":"<!-- This site is optimized with the Yoast SEO plugin v27.4 - https:\/\/yoast.com\/product\/yoast-seo-wordpress\/ -->\n<title>AI Contentoptimalisatie + editing voor hogere zoekmachine scores<\/title>\n<meta name=\"description\" content=\"Transformeer uw content met AI Contentoptimalisatie. Verhoog uw online zichtbaarheid en bereik meer klanten. Bespaar tijd en optimaliseer uw teksten nu!\" \/>\n<meta name=\"robots\" content=\"index, follow, max-snippet:-1, max-image-preview:large, max-video-preview:-1\" \/>\n<link rel=\"canonical\" href=\"https:\/\/www.ecrivus-multimedia.nl\/es\/producto\/optimizacion-de-contenido-ia\/\" \/>\n<meta property=\"og:locale\" content=\"es_ES\" \/>\n<meta property=\"og:type\" content=\"article\" \/>\n<meta property=\"og:title\" content=\"AI Contentoptimalisatie + editing voor hogere zoekmachine scores\" \/>\n<meta property=\"og:description\" content=\"Transformeer uw content met AI Contentoptimalisatie. Verhoog uw online zichtbaarheid en bereik meer klanten. Bespaar tijd en optimaliseer uw teksten nu!\" \/>\n<meta property=\"og:url\" content=\"https:\/\/www.ecrivus-multimedia.nl\/es\/producto\/optimizacion-de-contenido-ia\/\" \/>\n<meta property=\"og:site_name\" content=\"Ecrivus International Webshop\" \/>\n<meta property=\"article:publisher\" content=\"https:\/\/www.facebook.com\/Ecrivus-International-676624782512639\/\" \/>\n<meta property=\"article:modified_time\" content=\"2026-04-12T11:16:05+00:00\" \/>\n<meta property=\"og:image\" content=\"https:\/\/www.ecrivus-multimedia.nl\/wp-content\/uploads\/2023\/05\/ai-tools-online-marketing-seo-laptop.jpg\" \/>\n\t<meta property=\"og:image:width\" content=\"1000\" \/>\n\t<meta property=\"og:image:height\" content=\"571\" \/>\n\t<meta property=\"og:image:type\" content=\"image\/jpeg\" \/>\n<meta name=\"twitter:card\" content=\"summary_large_image\" \/>\n<meta name=\"twitter:site\" content=\"@ecrivusint\" \/>\n<meta name=\"twitter:label1\" content=\"Tiempo de lectura\" \/>\n\t<meta name=\"twitter:data1\" content=\"2 minutos\" \/>\n<script type=\"application\/ld+json\" class=\"yoast-schema-graph\">{\"@context\":\"https:\\\/\\\/schema.org\",\"@graph\":[{\"@type\":\"WebPage\",\"@id\":\"https:\\\/\\\/www.ecrivus-multimedia.nl\\\/product\\\/ai-contentoptimalisatie\\\/\",\"url\":\"https:\\\/\\\/www.ecrivus-multimedia.nl\\\/product\\\/ai-contentoptimalisatie\\\/\",\"name\":\"AI Contentoptimalisatie + editing voor hogere zoekmachine scores\",\"isPartOf\":{\"@id\":\"https:\\\/\\\/www.ecrivus-multimedia.nl\\\/#website\"},\"primaryImageOfPage\":{\"@id\":\"https:\\\/\\\/www.ecrivus-multimedia.nl\\\/product\\\/ai-contentoptimalisatie\\\/#primaryimage\"},\"image\":{\"@id\":\"https:\\\/\\\/www.ecrivus-multimedia.nl\\\/product\\\/ai-contentoptimalisatie\\\/#primaryimage\"},\"thumbnailUrl\":\"https:\\\/\\\/www.ecrivus-multimedia.nl\\\/wp-content\\\/uploads\\\/2023\\\/05\\\/ai-tools-online-marketing-seo-laptop.jpg\",\"datePublished\":\"2023-05-05T11:21:24+00:00\",\"dateModified\":\"2026-04-12T11:16:05+00:00\",\"description\":\"Transformeer uw content met AI Contentoptimalisatie. Verhoog uw online zichtbaarheid en bereik meer klanten. Bespaar tijd en optimaliseer uw teksten nu!\",\"breadcrumb\":{\"@id\":\"https:\\\/\\\/www.ecrivus-multimedia.nl\\\/product\\\/ai-contentoptimalisatie\\\/#breadcrumb\"},\"inLanguage\":\"es\",\"potentialAction\":[{\"@type\":\"ReadAction\",\"target\":[\"https:\\\/\\\/www.ecrivus-multimedia.nl\\\/product\\\/ai-contentoptimalisatie\\\/\"]}]},{\"@type\":\"ImageObject\",\"inLanguage\":\"es\",\"@id\":\"https:\\\/\\\/www.ecrivus-multimedia.nl\\\/product\\\/ai-contentoptimalisatie\\\/#primaryimage\",\"url\":\"https:\\\/\\\/www.ecrivus-multimedia.nl\\\/wp-content\\\/uploads\\\/2023\\\/05\\\/ai-tools-online-marketing-seo-laptop.jpg\",\"contentUrl\":\"https:\\\/\\\/www.ecrivus-multimedia.nl\\\/wp-content\\\/uploads\\\/2023\\\/05\\\/ai-tools-online-marketing-seo-laptop.jpg\",\"width\":1000,\"height\":571},{\"@type\":\"BreadcrumbList\",\"@id\":\"https:\\\/\\\/www.ecrivus-multimedia.nl\\\/product\\\/ai-contentoptimalisatie\\\/#breadcrumb\",\"itemListElement\":[{\"@type\":\"ListItem\",\"position\":1,\"name\":\"Home\",\"item\":\"https:\\\/\\\/www.ecrivus-multimedia.nl\\\/\"},{\"@type\":\"ListItem\",\"position\":2,\"name\":\"Shop\",\"item\":\"https:\\\/\\\/www.ecrivus-multimedia.nl\\\/shop\\\/\"},{\"@type\":\"ListItem\",\"position\":3,\"name\":\"AI Contentoptimalisatie + editing \u2013 Optimaliseer uw content en online vindbaarheid\"}]},{\"@type\":\"WebSite\",\"@id\":\"https:\\\/\\\/www.ecrivus-multimedia.nl\\\/#website\",\"url\":\"https:\\\/\\\/www.ecrivus-multimedia.nl\\\/\",\"name\":\"Ecrivus International Webshop\",\"description\":\"Erkende webshop voor be\u00ebdigde vertalingen.\",\"publisher\":{\"@id\":\"https:\\\/\\\/www.ecrivus-multimedia.nl\\\/#organization\"},\"potentialAction\":[{\"@type\":\"SearchAction\",\"target\":{\"@type\":\"EntryPoint\",\"urlTemplate\":\"https:\\\/\\\/www.ecrivus-multimedia.nl\\\/?s={search_term_string}\"},\"query-input\":{\"@type\":\"PropertyValueSpecification\",\"valueRequired\":true,\"valueName\":\"search_term_string\"}}],\"inLanguage\":\"es\"},{\"@type\":\"Organization\",\"@id\":\"https:\\\/\\\/www.ecrivus-multimedia.nl\\\/#organization\",\"name\":\"Ecrivus International\",\"url\":\"https:\\\/\\\/www.ecrivus-multimedia.nl\\\/\",\"logo\":{\"@type\":\"ImageObject\",\"inLanguage\":\"es\",\"@id\":\"https:\\\/\\\/www.ecrivus-multimedia.nl\\\/#\\\/schema\\\/logo\\\/image\\\/\",\"url\":\"https:\\\/\\\/www.ecrivus-multimedia.nl\\\/wp-content\\\/uploads\\\/2022\\\/01\\\/cropped-small-Logo-Ecrivus-Vector-Transparent2.png\",\"contentUrl\":\"https:\\\/\\\/www.ecrivus-multimedia.nl\\\/wp-content\\\/uploads\\\/2022\\\/01\\\/cropped-small-Logo-Ecrivus-Vector-Transparent2.png\",\"width\":512,\"height\":512,\"caption\":\"Ecrivus International\"},\"image\":{\"@id\":\"https:\\\/\\\/www.ecrivus-multimedia.nl\\\/#\\\/schema\\\/logo\\\/image\\\/\"},\"sameAs\":[\"https:\\\/\\\/www.facebook.com\\\/Ecrivus-International-676624782512639\\\/\",\"https:\\\/\\\/x.com\\\/ecrivusint\"]}]}<\/script>\n<!-- \/ Yoast SEO plugin. -->","yoast_head_json":{"title":"AI Contentoptimalisatie + editing voor hogere zoekmachine scores","description":"Transformeer uw content met AI Contentoptimalisatie. Verhoog uw online zichtbaarheid en bereik meer klanten. Bespaar tijd en optimaliseer uw teksten nu!","robots":{"index":"index","follow":"follow","max-snippet":"max-snippet:-1","max-image-preview":"max-image-preview:large","max-video-preview":"max-video-preview:-1"},"canonical":"https:\/\/www.ecrivus-multimedia.nl\/es\/producto\/optimizacion-de-contenido-ia\/","og_locale":"es_ES","og_type":"article","og_title":"AI Contentoptimalisatie + editing voor hogere zoekmachine scores","og_description":"Transformeer uw content met AI Contentoptimalisatie. Verhoog uw online zichtbaarheid en bereik meer klanten. Bespaar tijd en optimaliseer uw teksten nu!","og_url":"https:\/\/www.ecrivus-multimedia.nl\/es\/producto\/optimizacion-de-contenido-ia\/","og_site_name":"Ecrivus International Webshop","article_publisher":"https:\/\/www.facebook.com\/Ecrivus-International-676624782512639\/","article_modified_time":"2026-04-12T11:16:05+00:00","og_image":[{"width":1000,"height":571,"url":"https:\/\/www.ecrivus-multimedia.nl\/wp-content\/uploads\/2023\/05\/ai-tools-online-marketing-seo-laptop.jpg","type":"image\/jpeg"}],"twitter_card":"summary_large_image","twitter_site":"@ecrivusint","twitter_misc":{"Tiempo de lectura":"2 minutos"},"schema":{"@context":"https:\/\/schema.org","@graph":[{"@type":"WebPage","@id":"https:\/\/www.ecrivus-multimedia.nl\/product\/ai-contentoptimalisatie\/","url":"https:\/\/www.ecrivus-multimedia.nl\/product\/ai-contentoptimalisatie\/","name":"AI Contentoptimalisatie + editing voor hogere zoekmachine scores","isPartOf":{"@id":"https:\/\/www.ecrivus-multimedia.nl\/#website"},"primaryImageOfPage":{"@id":"https:\/\/www.ecrivus-multimedia.nl\/product\/ai-contentoptimalisatie\/#primaryimage"},"image":{"@id":"https:\/\/www.ecrivus-multimedia.nl\/product\/ai-contentoptimalisatie\/#primaryimage"},"thumbnailUrl":"https:\/\/www.ecrivus-multimedia.nl\/wp-content\/uploads\/2023\/05\/ai-tools-online-marketing-seo-laptop.jpg","datePublished":"2023-05-05T11:21:24+00:00","dateModified":"2026-04-12T11:16:05+00:00","description":"Transformeer uw content met AI Contentoptimalisatie. Verhoog uw online zichtbaarheid en bereik meer klanten. Bespaar tijd en optimaliseer uw teksten nu!","breadcrumb":{"@id":"https:\/\/www.ecrivus-multimedia.nl\/product\/ai-contentoptimalisatie\/#breadcrumb"},"inLanguage":"es","potentialAction":[{"@type":"ReadAction","target":["https:\/\/www.ecrivus-multimedia.nl\/product\/ai-contentoptimalisatie\/"]}]},{"@type":"ImageObject","inLanguage":"es","@id":"https:\/\/www.ecrivus-multimedia.nl\/product\/ai-contentoptimalisatie\/#primaryimage","url":"https:\/\/www.ecrivus-multimedia.nl\/wp-content\/uploads\/2023\/05\/ai-tools-online-marketing-seo-laptop.jpg","contentUrl":"https:\/\/www.ecrivus-multimedia.nl\/wp-content\/uploads\/2023\/05\/ai-tools-online-marketing-seo-laptop.jpg","width":1000,"height":571},{"@type":"BreadcrumbList","@id":"https:\/\/www.ecrivus-multimedia.nl\/product\/ai-contentoptimalisatie\/#breadcrumb","itemListElement":[{"@type":"ListItem","position":1,"name":"Home","item":"https:\/\/www.ecrivus-multimedia.nl\/"},{"@type":"ListItem","position":2,"name":"Shop","item":"https:\/\/www.ecrivus-multimedia.nl\/shop\/"},{"@type":"ListItem","position":3,"name":"AI Contentoptimalisatie + editing \u2013 Optimaliseer uw content en online vindbaarheid"}]},{"@type":"WebSite","@id":"https:\/\/www.ecrivus-multimedia.nl\/#website","url":"https:\/\/www.ecrivus-multimedia.nl\/","name":"Ecrivus International Webshop","description":"Erkende webshop voor be\u00ebdigde vertalingen.","publisher":{"@id":"https:\/\/www.ecrivus-multimedia.nl\/#organization"},"potentialAction":[{"@type":"SearchAction","target":{"@type":"EntryPoint","urlTemplate":"https:\/\/www.ecrivus-multimedia.nl\/?s={search_term_string}"},"query-input":{"@type":"PropertyValueSpecification","valueRequired":true,"valueName":"search_term_string"}}],"inLanguage":"es"},{"@type":"Organization","@id":"https:\/\/www.ecrivus-multimedia.nl\/#organization","name":"Ecrivus International","url":"https:\/\/www.ecrivus-multimedia.nl\/","logo":{"@type":"ImageObject","inLanguage":"es","@id":"https:\/\/www.ecrivus-multimedia.nl\/#\/schema\/logo\/image\/","url":"https:\/\/www.ecrivus-multimedia.nl\/wp-content\/uploads\/2022\/01\/cropped-small-Logo-Ecrivus-Vector-Transparent2.png","contentUrl":"https:\/\/www.ecrivus-multimedia.nl\/wp-content\/uploads\/2022\/01\/cropped-small-Logo-Ecrivus-Vector-Transparent2.png","width":512,"height":512,"caption":"Ecrivus International"},"image":{"@id":"https:\/\/www.ecrivus-multimedia.nl\/#\/schema\/logo\/image\/"},"sameAs":["https:\/\/www.facebook.com\/Ecrivus-International-676624782512639\/","https:\/\/x.com\/ecrivusint"]}]}},"_links":{"self":[{"href":"https:\/\/www.ecrivus-multimedia.nl\/es\/wp-json\/wp\/v2\/product\/109402","targetHints":{"allow":["GET"]}}],"collection":[{"href":"https:\/\/www.ecrivus-multimedia.nl\/es\/wp-json\/wp\/v2\/product"}],"about":[{"href":"https:\/\/www.ecrivus-multimedia.nl\/es\/wp-json\/wp\/v2\/types\/product"}],"replies":[{"embeddable":true,"href":"https:\/\/www.ecrivus-multimedia.nl\/es\/wp-json\/wp\/v2\/comments?post=109402"}],"wp:featuredmedia":[{"embeddable":true,"href":"https:\/\/www.ecrivus-multimedia.nl\/es\/wp-json\/wp\/v2\/media\/132637"}],"wp:attachment":[{"href":"https:\/\/www.ecrivus-multimedia.nl\/es\/wp-json\/wp\/v2\/media?parent=109402"}],"wp:term":[{"taxonomy":"product_brand","embeddable":true,"href":"https:\/\/www.ecrivus-multimedia.nl\/es\/wp-json\/wp\/v2\/product_brand?post=109402"},{"taxonomy":"product_cat","embeddable":true,"href":"https:\/\/www.ecrivus-multimedia.nl\/es\/wp-json\/wp\/v2\/product_cat?post=109402"},{"taxonomy":"product_tag","embeddable":true,"href":"https:\/\/www.ecrivus-multimedia.nl\/es\/wp-json\/wp\/v2\/product_tag?post=109402"}],"curies":[{"name":"wp","href":"https:\/\/api.w.org\/{rel}","templated":true}]}}