{"id":109441,"date":"2023-05-16T11:14:03","date_gmt":"2023-05-16T09:14:03","guid":{"rendered":"https:\/\/www.ecrivus-multimedia.nl\/?post_type=product&#038;p=109441"},"modified":"2026-04-12T12:13:17","modified_gmt":"2026-04-12T10:13:17","slug":"belastingaangifte-vertalen-beedigd","status":"publish","type":"product","link":"https:\/\/www.ecrivus-multimedia.nl\/es\/producto\/traduccion-jurada-de-declaracion-de-impuestos\/","title":{"rendered":"Traducir declaraci\u00f3n de impuestos (jurada)"},"content":{"rendered":"<p><span style=\"color: #808080;\"><strong><a href=\"https:\/\/www.ecrivus-multimedia.nl\/go\/belastingaangifte-vertalen-beedigd\/\" title=\"\u00bfQuieres traducir una declaraci\u00f3n jurada de impuestos? \u00a1Haga su pedido a trav\u00e9s de nuestra tienda web!\" class=\"pretty-link-keyword\"rel=\"\">Declaraci\u00f3n de impuestos<\/a> (<a href=\"https:\/\/www.ecrivus-multimedia.nl\/go\/be\u00ebdigde-vertaling\/\" title=\"Traducciones juradas Archivos | Tienda web internacional Ecrivus\" class=\"pretty-link-keyword\"rel=\"\">traducci\u00f3n certificada<\/a> con sello)<\/strong><\/span><\/p>\n<p><span style=\"color: #808080;\">El <a href=\"https:\/\/www.ecrivus-multimedia.nl\/go\/be\u00ebdigde-vertaling\/\" title=\"Traducciones juradas Archivos | Tienda web internacional Ecrivus\" class=\"pretty-link-keyword\"rel=\"\">traducci\u00f3n certificada<\/a> de tu <a href=\"https:\/\/www.ecrivus-multimedia.nl\/go\/belastingaangifte-vertalen-beedigd\/\" title=\"\u00bfQuieres traducir una declaraci\u00f3n jurada de impuestos? \u00a1Haga su pedido a trav\u00e9s de nuestra tienda web!\" class=\"pretty-link-keyword\"rel=\"\">declaraci\u00f3n de impuestos<\/a> ahora se puede pedir f\u00e1cilmente en l\u00ednea.<\/span><\/p>\n<p><span style=\"color: #808080;\"><strong>El <a href=\"https:\/\/www.ecrivus-multimedia.nl\/go\/be\u00ebdigde-vertaling\/\" title=\"Traducciones juradas Archivos | Tienda web internacional Ecrivus\" class=\"pretty-link-keyword\"rel=\"\">traducci\u00f3n certificada<\/a> de tu <a href=\"https:\/\/www.ecrivus-multimedia.nl\/go\/belastingaangifte-vertalen-beedigd\/\" title=\"\u00bfQuieres traducir una declaraci\u00f3n jurada de impuestos? \u00a1Haga su pedido a trav\u00e9s de nuestra tienda web!\" class=\"pretty-link-keyword\"rel=\"\">declaraci\u00f3n de impuestos<\/a> est\u00e1 en buenas manos con nosotros:<\/strong><\/span><\/p>\n<ul>\n<li><span style=\"color: #808080;\">Traducci\u00f3n jurada, experimentada y especializada <a style=\"color: #808080;\" href=\"http:\/\/www.ecrivus.nl\/juridische-vertalingen\/\">traductor jur\u00eddico y fiscal<\/a><\/span><\/li>\n<li><span style=\"color: #808080;\">Inclusivo <a style=\"color: #808080;\" href=\"http:\/\/www.ecrivus.nl\/proeflezen\/\">correcci\u00f3n de pruebas<\/a><\/span><\/li>\n<li><span style=\"color: #808080;\">Inclusivo <a style=\"color: #808080;\" href=\"http:\/\/www.ecrivus.nl\/qa-kwaliteitscontroles\/\">controles de calidad<\/a><\/span><\/li>\n<li><span style=\"color: #808080;\">Precios competitivos<\/span><\/li>\n<li><span style=\"color: #808080;\">Entrega r\u00e1pida<\/span><\/li>\n<li><span style=\"color: #808080;\">Escoge de <a style=\"color: #808080;\" href=\"http:\/\/www.ecrivus.nl\/talen\/\">cientos de combinaciones de idiomas<\/a><\/span><\/li>\n<li><span style=\"color: #808080;\">Entrega urgente posible<\/span><\/li>\n<li><span style=\"color: #808080;\">Admite varios formatos de archivo, incluido PDF<\/span><\/li>\n<li><span style=\"color: #808080;\">Env\u00edo siempre registrado <a href=\"https:\/\/www.ecrivus-multimedia.nl\/go\/be\u00ebdigde-vertaling\/\" title=\"Traducciones juradas Archivos | Tienda web internacional Ecrivus\" class=\"pretty-link-keyword\"rel=\"\">traducci\u00f3n certificada<\/a> con seguimiento y localizaci\u00f3n<\/span><\/li>\n<li><span style=\"color: #808080;\">Posibilidad de que su documento est\u00e9 provisto de un <a href=\"https:\/\/www.ecrivus-multimedia.nl\/go\/apostilles-legalisatie-landenoverzicht\/\" title=\"Apostillas (legalizaci\u00f3n) - descripci\u00f3n general del pa\u00eds\" class=\"pretty-link-keyword\"rel=\"\">apostilla<\/a> o <a href=\"https:\/\/www.ecrivus-multimedia.nl\/go\/apostilles-legalisatie-landenoverzicht\/\" title=\"Apostillas (legalizaci\u00f3n) - descripci\u00f3n general del pa\u00eds\" class=\"pretty-link-keyword\"rel=\"\">legalizaci\u00f3n<\/a> (legalizar)<\/span><\/li>\n<\/ul>\n<p><span style=\"color: #808080;\">\u00bfEst\u00e1s buscando un profesional confiable y <a href=\"https:\/\/www.ecrivus-multimedia.nl\/go\/be\u00ebdigde-vertaling\/\" title=\"Traducciones juradas Archivos | Tienda web internacional Ecrivus\" class=\"pretty-link-keyword\"rel=\"\">traducci\u00f3n certificada<\/a> para sus documentos fiscales? Nuestro servicio para <a href=\"https:\/\/www.ecrivus-multimedia.nl\/go\/be\u00ebdigde-vertaling\/\" title=\"Traducciones juradas Archivos | Tienda web internacional Ecrivus\" class=\"pretty-link-keyword\"rel=\"\">traducciones certificadas<\/a> por <a href=\"https:\/\/www.ecrivus-multimedia.nl\/go\/belastingaangifte-vertalen-beedigd\/\" title=\"\u00bfQuieres traducir una declaraci\u00f3n jurada de impuestos? \u00a1Haga su pedido a trav\u00e9s de nuestra tienda web!\" class=\"pretty-link-keyword\"rel=\"\">declaraciones de impuestos<\/a> es exactamente lo que necesitas.<\/span><\/p>\n<p><span style=\"color: #808080;\">Nuestros traductores jurados son expertos en convertir diversos documentos fiscales en una traducci\u00f3n precisa y fiable. Ya sea que se trate de su declaraci\u00f3n de impuestos sobre la renta, deducciones fiscales, tasas impositivas, impuestos sobre la n\u00f3mina o provisionales <a href=\"https:\/\/www.ecrivus-multimedia.nl\/go\/belastingaangifte-vertalen-beedigd\/\" title=\"\u00bfQuieres traducir una declaraci\u00f3n jurada de impuestos? \u00a1Haga su pedido a trav\u00e9s de nuestra tienda web!\" class=\"pretty-link-keyword\"rel=\"\">ataques<\/a>, nos aseguramos de que sus documentos sean traducidos profesionalmente.<\/span><\/p>\n<p><span style=\"color: #808080;\">En la econom\u00eda global actual, pueden surgir situaciones en las que necesite realizar una traducci\u00f3n jurada de sus documentos fiscales para su uso en el extranjero. Por ejemplo, cuando realiza transacciones comerciales internacionales, emigra a otro pa\u00eds, uno extranjero <a href=\"https:\/\/www.ecrivus-multimedia.nl\/go\/leningovereenkomst-beedigde-vertaling-met-stempel\/\" title=\"\u00bfQuiere traducir un contrato de pr\u00e9stamo jurado? \u00a1Haz tu pedido en nuestra tienda web!\" class=\"pretty-link-keyword\"rel=\"\">hipoteca<\/a> solicitudes o una agencia gubernamental extranjera requiere sus documentos. Nuestro <a href=\"https:\/\/www.ecrivus-multimedia.nl\/go\/be\u00ebdigde-vertaling\/\" title=\"Traducciones juradas Archivos | Tienda web internacional Ecrivus\" class=\"pretty-link-keyword\"rel=\"\">traducciones certificadas<\/a> cumplir con los requisitos de organismos oficiales a nivel mundial y garantizar la validez legal de sus documentos.<\/span><\/p>\n<p><span style=\"color: #808080;\">Nuestros traductores est\u00e1n familiarizados con la terminolog\u00eda compleja y los requisitos espec\u00edficos asociados con los documentos fiscales. Trabajan con la m\u00e1xima precisi\u00f3n para garantizar que su traducci\u00f3n sea completa y precisa, sin dejar lugar a malentendidos o diferencias de interpretaci\u00f3n.<\/span><\/p>\n<p><span style=\"color: #808080;\">Adem\u00e1s, tratamos sus documentos con estricta confidencialidad y nos aseguramos de que su informaci\u00f3n personal y <a href=\"https:\/\/www.ecrivus-multimedia.nl\/go\/financi\u00eble-vertalingen\/\" title=\"Traducciones financieras\" class=\"pretty-link-keyword\"rel=\"\">financiero<\/a> los datos est\u00e1n seguros. Entendemos la naturaleza sensible de los documentos fiscales y nos tomamos muy en serio la protecci\u00f3n de su privacidad.<\/span><\/p>\n<p><span style=\"color: #808080;\">Nuestro <a href=\"https:\/\/www.ecrivus-multimedia.nl\/go\/be\u00ebdigde-vertaling\/\" title=\"Traducciones juradas Archivos | Tienda web internacional Ecrivus\" class=\"pretty-link-keyword\"rel=\"\">traducciones certificadas<\/a> incluya una amplia gama de documentos tributarios, como formularios de declaraci\u00f3n de impuestos, declaraciones de deducciones de impuestos, declaraciones de ingresos y activos, certificados de impuestos y m\u00e1s. Independientemente del tipo <a href=\"https:\/\/www.ecrivus-multimedia.nl\/go\/belastingaangifte-vertalen-beedigd\/\" title=\"\u00bfQuieres traducir una declaraci\u00f3n jurada de impuestos? \u00a1Haga su pedido a trav\u00e9s de nuestra tienda web!\" class=\"pretty-link-keyword\"rel=\"\">fiscal<\/a> documento que necesita, puede confiar en que nuestros traductores experimentados lo manejar\u00e1n con la experiencia y precisi\u00f3n necesarias.<\/span><\/p>\n<p><span style=\"color: #808080;\">D\u00e9janos ayudarte con el <a href=\"https:\/\/www.ecrivus-multimedia.nl\/go\/be\u00ebdigde-vertaling\/\" title=\"Traducciones juradas Archivos | Tienda web internacional Ecrivus\" class=\"pretty-link-keyword\"rel=\"\">traducci\u00f3n certificada<\/a> de sus documentos fiscales, para que pueda cumplir con confianza los requisitos de las autoridades internacionales. Cont\u00e1ctenos hoy y descubra c\u00f3mo podemos satisfacer sus necesidades de traducci\u00f3n fiscal con nuestro confiable servicio de traducci\u00f3n certificada.<\/span><\/p>\n<p><span style=\"color: #808080;\">Para ti <a href=\"https:\/\/www.ecrivus-multimedia.nl\/go\/belastingaangifte-vertalen-beedigd\/\" title=\"\u00bfQuieres traducir una declaraci\u00f3n jurada de impuestos? \u00a1Haga su pedido a trav\u00e9s de nuestra tienda web!\" class=\"pretty-link-keyword\"rel=\"\">declaraci\u00f3n de impuestos<\/a> para traducirlo inmediatamente, seleccione el n\u00famero de p\u00e1ginas arriba <a href=\"https:\/\/www.ecrivus-multimedia.nl\/go\/belastingaangifte-vertalen-beedigd\/\" title=\"\u00bfQuieres traducir una declaraci\u00f3n jurada de impuestos? \u00a1Haga su pedido a trav\u00e9s de nuestra tienda web!\" class=\"pretty-link-keyword\"rel=\"\">declaraci\u00f3n de impuestos<\/a> y la combinaci\u00f3n de idiomas deseada. Luego haga clic en &#039;Agregar al carrito&#039;. Luego podr\u00e1 tomar una fotograf\u00eda\/escanear su <a href=\"https:\/\/www.ecrivus-multimedia.nl\/go\/belastingaangifte-vertalen-beedigd\/\" title=\"\u00bfQuieres traducir una declaraci\u00f3n jurada de impuestos? \u00a1Haga su pedido a trav\u00e9s de nuestra tienda web!\" class=\"pretty-link-keyword\"rel=\"\">declaraci\u00f3n de impuestos<\/a> Sube y agrega a tu pedido. Ofrecemos varias opciones de pago a trav\u00e9s de conexiones seguras (incluidas iDeal, transferencia bancaria y PayPal).<\/span><\/p>\n<p><span style=\"color: #808080;\"><strong>Tiempo de entrega est\u00e1ndar<\/strong>: 5-6 d\u00edas laborables<\/span><\/p>\n<p>&nbsp;<\/p>\n<p>&nbsp;<\/p>","protected":false},"excerpt":{"rendered":"<p>Traducci\u00f3n jurada profesional con sello de traductor jurado oficial.<br \/>\nSeleccione la combinaci\u00f3n de idiomas a continuaci\u00f3n:<\/p>","protected":false},"featured_media":132609,"comment_status":"open","ping_status":"closed","template":"","meta":{"_acf_changed":false,"_glsr_average":0,"_glsr_ranking":0,"_glsr_reviews":0,"_joinchat":[]},"product_brand":[],"product_cat":[107,15333,624],"product_tag":[15949,15950,15951,642,15946,15947,15948,15953,15954,15952],"class_list":{"0":"post-109441","1":"product","2":"type-product","3":"status-publish","4":"has-post-thumbnail","6":"product_cat-beedigde-vertalingen","7":"product_cat-financiele-vertalingen","8":"product_cat-juridische-vertalingen","9":"product_tag-aangifte","10":"product_tag-aanslag","11":"product_tag-aanslagen","12":"product_tag-beedigd","13":"product_tag-belasting","14":"product_tag-belastingaangifte","15":"product_tag-fiscaal","16":"product_tag-heffing","17":"product_tag-inkomstenbelasting","18":"product_tag-loonheffing","20":"first","21":"instock","22":"sold-individually","23":"taxable","24":"shipping-taxable","25":"purchasable","26":"product-type-variable"},"acf":[],"yoast_head":"<!-- This site is optimized with the Yoast SEO plugin v27.4 - https:\/\/yoast.com\/product\/yoast-seo-wordpress\/ -->\n<title>Belastingaangifte be\u00ebdigd vertalen? Bestel via onze webshop!<\/title>\n<meta name=\"description\" content=\"Belastingaangifte be\u00ebdigd vertalen? Bestel direct online! Offici\u00eble be\u00ebdigde vertaling met stempel van uw fiscale documenten. Alle talen. Veilig betalen.\" \/>\n<meta name=\"robots\" content=\"index, follow, max-snippet:-1, max-image-preview:large, max-video-preview:-1\" \/>\n<link rel=\"canonical\" href=\"https:\/\/www.ecrivus-multimedia.nl\/es\/producto\/traduccion-jurada-de-declaracion-de-impuestos\/\" \/>\n<meta property=\"og:locale\" content=\"es_ES\" \/>\n<meta property=\"og:type\" content=\"article\" \/>\n<meta property=\"og:title\" content=\"Belastingaangifte be\u00ebdigd vertalen? Bestel via onze webshop!\" \/>\n<meta property=\"og:description\" content=\"Belastingaangifte be\u00ebdigd vertalen? Bestel direct online! Offici\u00eble be\u00ebdigde vertaling met stempel van uw fiscale documenten. Alle talen. Veilig betalen.\" \/>\n<meta property=\"og:url\" content=\"https:\/\/www.ecrivus-multimedia.nl\/es\/producto\/traduccion-jurada-de-declaracion-de-impuestos\/\" \/>\n<meta property=\"og:site_name\" content=\"Ecrivus International Webshop\" \/>\n<meta property=\"article:publisher\" content=\"https:\/\/www.facebook.com\/Ecrivus-International-676624782512639\/\" \/>\n<meta property=\"article:modified_time\" content=\"2026-04-12T10:13:17+00:00\" \/>\n<meta property=\"og:image\" content=\"https:\/\/www.ecrivus-multimedia.nl\/wp-content\/uploads\/2017\/08\/beedigde-vertaling2.webp\" \/>\n\t<meta property=\"og:image:width\" content=\"1000\" \/>\n\t<meta property=\"og:image:height\" content=\"623\" \/>\n\t<meta property=\"og:image:type\" content=\"image\/webp\" \/>\n<meta name=\"twitter:card\" content=\"summary_large_image\" \/>\n<meta name=\"twitter:site\" content=\"@ecrivusint\" \/>\n<meta name=\"twitter:label1\" content=\"Tiempo de lectura\" \/>\n\t<meta name=\"twitter:data1\" content=\"3 minutos\" \/>\n<script type=\"application\/ld+json\" class=\"yoast-schema-graph\">{\"@context\":\"https:\\\/\\\/schema.org\",\"@graph\":[{\"@type\":\"WebPage\",\"@id\":\"https:\\\/\\\/www.ecrivus-multimedia.nl\\\/product\\\/belastingaangifte-vertalen-beedigd\\\/\",\"url\":\"https:\\\/\\\/www.ecrivus-multimedia.nl\\\/product\\\/belastingaangifte-vertalen-beedigd\\\/\",\"name\":\"Belastingaangifte be\u00ebdigd vertalen? Bestel via onze webshop!\",\"isPartOf\":{\"@id\":\"https:\\\/\\\/www.ecrivus-multimedia.nl\\\/#website\"},\"primaryImageOfPage\":{\"@id\":\"https:\\\/\\\/www.ecrivus-multimedia.nl\\\/product\\\/belastingaangifte-vertalen-beedigd\\\/#primaryimage\"},\"image\":{\"@id\":\"https:\\\/\\\/www.ecrivus-multimedia.nl\\\/product\\\/belastingaangifte-vertalen-beedigd\\\/#primaryimage\"},\"thumbnailUrl\":\"https:\\\/\\\/www.ecrivus-multimedia.nl\\\/wp-content\\\/uploads\\\/2026\\\/04\\\/lakstempel-drukken-document-vooraanzicht-2.jpg\",\"datePublished\":\"2023-05-16T09:14:03+00:00\",\"dateModified\":\"2026-04-12T10:13:17+00:00\",\"description\":\"Belastingaangifte be\u00ebdigd vertalen? Bestel direct online! Offici\u00eble be\u00ebdigde vertaling met stempel van uw fiscale documenten. Alle talen. Veilig betalen.\",\"breadcrumb\":{\"@id\":\"https:\\\/\\\/www.ecrivus-multimedia.nl\\\/product\\\/belastingaangifte-vertalen-beedigd\\\/#breadcrumb\"},\"inLanguage\":\"es\",\"potentialAction\":[{\"@type\":\"ReadAction\",\"target\":[\"https:\\\/\\\/www.ecrivus-multimedia.nl\\\/product\\\/belastingaangifte-vertalen-beedigd\\\/\"]}]},{\"@type\":\"ImageObject\",\"inLanguage\":\"es\",\"@id\":\"https:\\\/\\\/www.ecrivus-multimedia.nl\\\/product\\\/belastingaangifte-vertalen-beedigd\\\/#primaryimage\",\"url\":\"https:\\\/\\\/www.ecrivus-multimedia.nl\\\/wp-content\\\/uploads\\\/2026\\\/04\\\/lakstempel-drukken-document-vooraanzicht-2.jpg\",\"contentUrl\":\"https:\\\/\\\/www.ecrivus-multimedia.nl\\\/wp-content\\\/uploads\\\/2026\\\/04\\\/lakstempel-drukken-document-vooraanzicht-2.jpg\",\"width\":1000,\"height\":667},{\"@type\":\"BreadcrumbList\",\"@id\":\"https:\\\/\\\/www.ecrivus-multimedia.nl\\\/product\\\/belastingaangifte-vertalen-beedigd\\\/#breadcrumb\",\"itemListElement\":[{\"@type\":\"ListItem\",\"position\":1,\"name\":\"Home\",\"item\":\"https:\\\/\\\/www.ecrivus-multimedia.nl\\\/\"},{\"@type\":\"ListItem\",\"position\":2,\"name\":\"Shop\",\"item\":\"https:\\\/\\\/www.ecrivus-multimedia.nl\\\/shop\\\/\"},{\"@type\":\"ListItem\",\"position\":3,\"name\":\"Belastingaangifte vertalen (be\u00ebdigd)\"}]},{\"@type\":\"WebSite\",\"@id\":\"https:\\\/\\\/www.ecrivus-multimedia.nl\\\/#website\",\"url\":\"https:\\\/\\\/www.ecrivus-multimedia.nl\\\/\",\"name\":\"Ecrivus International Webshop\",\"description\":\"Erkende webshop voor be\u00ebdigde vertalingen.\",\"publisher\":{\"@id\":\"https:\\\/\\\/www.ecrivus-multimedia.nl\\\/#organization\"},\"potentialAction\":[{\"@type\":\"SearchAction\",\"target\":{\"@type\":\"EntryPoint\",\"urlTemplate\":\"https:\\\/\\\/www.ecrivus-multimedia.nl\\\/?s={search_term_string}\"},\"query-input\":{\"@type\":\"PropertyValueSpecification\",\"valueRequired\":true,\"valueName\":\"search_term_string\"}}],\"inLanguage\":\"es\"},{\"@type\":\"Organization\",\"@id\":\"https:\\\/\\\/www.ecrivus-multimedia.nl\\\/#organization\",\"name\":\"Ecrivus International\",\"url\":\"https:\\\/\\\/www.ecrivus-multimedia.nl\\\/\",\"logo\":{\"@type\":\"ImageObject\",\"inLanguage\":\"es\",\"@id\":\"https:\\\/\\\/www.ecrivus-multimedia.nl\\\/#\\\/schema\\\/logo\\\/image\\\/\",\"url\":\"https:\\\/\\\/www.ecrivus-multimedia.nl\\\/wp-content\\\/uploads\\\/2022\\\/01\\\/cropped-small-Logo-Ecrivus-Vector-Transparent2.png\",\"contentUrl\":\"https:\\\/\\\/www.ecrivus-multimedia.nl\\\/wp-content\\\/uploads\\\/2022\\\/01\\\/cropped-small-Logo-Ecrivus-Vector-Transparent2.png\",\"width\":512,\"height\":512,\"caption\":\"Ecrivus International\"},\"image\":{\"@id\":\"https:\\\/\\\/www.ecrivus-multimedia.nl\\\/#\\\/schema\\\/logo\\\/image\\\/\"},\"sameAs\":[\"https:\\\/\\\/www.facebook.com\\\/Ecrivus-International-676624782512639\\\/\",\"https:\\\/\\\/x.com\\\/ecrivusint\"]}]}<\/script>\n<!-- \/ Yoast SEO plugin. -->","yoast_head_json":{"title":"Belastingaangifte be\u00ebdigd vertalen? Bestel via onze webshop!","description":"Belastingaangifte be\u00ebdigd vertalen? Bestel direct online! Offici\u00eble be\u00ebdigde vertaling met stempel van uw fiscale documenten. Alle talen. Veilig betalen.","robots":{"index":"index","follow":"follow","max-snippet":"max-snippet:-1","max-image-preview":"max-image-preview:large","max-video-preview":"max-video-preview:-1"},"canonical":"https:\/\/www.ecrivus-multimedia.nl\/es\/producto\/traduccion-jurada-de-declaracion-de-impuestos\/","og_locale":"es_ES","og_type":"article","og_title":"Belastingaangifte be\u00ebdigd vertalen? Bestel via onze webshop!","og_description":"Belastingaangifte be\u00ebdigd vertalen? Bestel direct online! Offici\u00eble be\u00ebdigde vertaling met stempel van uw fiscale documenten. Alle talen. Veilig betalen.","og_url":"https:\/\/www.ecrivus-multimedia.nl\/es\/producto\/traduccion-jurada-de-declaracion-de-impuestos\/","og_site_name":"Ecrivus International Webshop","article_publisher":"https:\/\/www.facebook.com\/Ecrivus-International-676624782512639\/","article_modified_time":"2026-04-12T10:13:17+00:00","og_image":[{"width":1000,"height":623,"url":"https:\/\/www.ecrivus-multimedia.nl\/wp-content\/uploads\/2017\/08\/beedigde-vertaling2.webp","type":"image\/webp"}],"twitter_card":"summary_large_image","twitter_site":"@ecrivusint","twitter_misc":{"Tiempo de lectura":"3 minutos"},"schema":{"@context":"https:\/\/schema.org","@graph":[{"@type":"WebPage","@id":"https:\/\/www.ecrivus-multimedia.nl\/product\/belastingaangifte-vertalen-beedigd\/","url":"https:\/\/www.ecrivus-multimedia.nl\/product\/belastingaangifte-vertalen-beedigd\/","name":"Belastingaangifte be\u00ebdigd vertalen? Bestel via onze webshop!","isPartOf":{"@id":"https:\/\/www.ecrivus-multimedia.nl\/#website"},"primaryImageOfPage":{"@id":"https:\/\/www.ecrivus-multimedia.nl\/product\/belastingaangifte-vertalen-beedigd\/#primaryimage"},"image":{"@id":"https:\/\/www.ecrivus-multimedia.nl\/product\/belastingaangifte-vertalen-beedigd\/#primaryimage"},"thumbnailUrl":"https:\/\/www.ecrivus-multimedia.nl\/wp-content\/uploads\/2026\/04\/lakstempel-drukken-document-vooraanzicht-2.jpg","datePublished":"2023-05-16T09:14:03+00:00","dateModified":"2026-04-12T10:13:17+00:00","description":"Belastingaangifte be\u00ebdigd vertalen? Bestel direct online! Offici\u00eble be\u00ebdigde vertaling met stempel van uw fiscale documenten. Alle talen. Veilig betalen.","breadcrumb":{"@id":"https:\/\/www.ecrivus-multimedia.nl\/product\/belastingaangifte-vertalen-beedigd\/#breadcrumb"},"inLanguage":"es","potentialAction":[{"@type":"ReadAction","target":["https:\/\/www.ecrivus-multimedia.nl\/product\/belastingaangifte-vertalen-beedigd\/"]}]},{"@type":"ImageObject","inLanguage":"es","@id":"https:\/\/www.ecrivus-multimedia.nl\/product\/belastingaangifte-vertalen-beedigd\/#primaryimage","url":"https:\/\/www.ecrivus-multimedia.nl\/wp-content\/uploads\/2026\/04\/lakstempel-drukken-document-vooraanzicht-2.jpg","contentUrl":"https:\/\/www.ecrivus-multimedia.nl\/wp-content\/uploads\/2026\/04\/lakstempel-drukken-document-vooraanzicht-2.jpg","width":1000,"height":667},{"@type":"BreadcrumbList","@id":"https:\/\/www.ecrivus-multimedia.nl\/product\/belastingaangifte-vertalen-beedigd\/#breadcrumb","itemListElement":[{"@type":"ListItem","position":1,"name":"Home","item":"https:\/\/www.ecrivus-multimedia.nl\/"},{"@type":"ListItem","position":2,"name":"Shop","item":"https:\/\/www.ecrivus-multimedia.nl\/shop\/"},{"@type":"ListItem","position":3,"name":"Belastingaangifte vertalen (be\u00ebdigd)"}]},{"@type":"WebSite","@id":"https:\/\/www.ecrivus-multimedia.nl\/#website","url":"https:\/\/www.ecrivus-multimedia.nl\/","name":"Ecrivus International Webshop","description":"Erkende webshop voor be\u00ebdigde vertalingen.","publisher":{"@id":"https:\/\/www.ecrivus-multimedia.nl\/#organization"},"potentialAction":[{"@type":"SearchAction","target":{"@type":"EntryPoint","urlTemplate":"https:\/\/www.ecrivus-multimedia.nl\/?s={search_term_string}"},"query-input":{"@type":"PropertyValueSpecification","valueRequired":true,"valueName":"search_term_string"}}],"inLanguage":"es"},{"@type":"Organization","@id":"https:\/\/www.ecrivus-multimedia.nl\/#organization","name":"Ecrivus International","url":"https:\/\/www.ecrivus-multimedia.nl\/","logo":{"@type":"ImageObject","inLanguage":"es","@id":"https:\/\/www.ecrivus-multimedia.nl\/#\/schema\/logo\/image\/","url":"https:\/\/www.ecrivus-multimedia.nl\/wp-content\/uploads\/2022\/01\/cropped-small-Logo-Ecrivus-Vector-Transparent2.png","contentUrl":"https:\/\/www.ecrivus-multimedia.nl\/wp-content\/uploads\/2022\/01\/cropped-small-Logo-Ecrivus-Vector-Transparent2.png","width":512,"height":512,"caption":"Ecrivus International"},"image":{"@id":"https:\/\/www.ecrivus-multimedia.nl\/#\/schema\/logo\/image\/"},"sameAs":["https:\/\/www.facebook.com\/Ecrivus-International-676624782512639\/","https:\/\/x.com\/ecrivusint"]}]}},"_links":{"self":[{"href":"https:\/\/www.ecrivus-multimedia.nl\/es\/wp-json\/wp\/v2\/product\/109441","targetHints":{"allow":["GET"]}}],"collection":[{"href":"https:\/\/www.ecrivus-multimedia.nl\/es\/wp-json\/wp\/v2\/product"}],"about":[{"href":"https:\/\/www.ecrivus-multimedia.nl\/es\/wp-json\/wp\/v2\/types\/product"}],"replies":[{"embeddable":true,"href":"https:\/\/www.ecrivus-multimedia.nl\/es\/wp-json\/wp\/v2\/comments?post=109441"}],"wp:featuredmedia":[{"embeddable":true,"href":"https:\/\/www.ecrivus-multimedia.nl\/es\/wp-json\/wp\/v2\/media\/132609"}],"wp:attachment":[{"href":"https:\/\/www.ecrivus-multimedia.nl\/es\/wp-json\/wp\/v2\/media?parent=109441"}],"wp:term":[{"taxonomy":"product_brand","embeddable":true,"href":"https:\/\/www.ecrivus-multimedia.nl\/es\/wp-json\/wp\/v2\/product_brand?post=109441"},{"taxonomy":"product_cat","embeddable":true,"href":"https:\/\/www.ecrivus-multimedia.nl\/es\/wp-json\/wp\/v2\/product_cat?post=109441"},{"taxonomy":"product_tag","embeddable":true,"href":"https:\/\/www.ecrivus-multimedia.nl\/es\/wp-json\/wp\/v2\/product_tag?post=109441"}],"curies":[{"name":"wp","href":"https:\/\/api.w.org\/{rel}","templated":true}]}}