{"id":109930,"date":"2023-10-29T16:40:49","date_gmt":"2023-10-29T15:40:49","guid":{"rendered":"https:\/\/www.ecrivus-multimedia.nl\/?post_type=product&#038;p=109930"},"modified":"2026-04-12T13:14:34","modified_gmt":"2026-04-12T11:14:34","slug":"ondertiteling-ondertitelen-video","status":"publish","type":"product","link":"https:\/\/www.ecrivus-multimedia.nl\/es\/producto\/subtitulos-subtitulos-video\/","title":{"rendered":"Subt\u00edtulos (v\u00eddeo)"},"content":{"rendered":"<h2>Subt\u00edtulos profesionales para tus v\u00eddeos<\/h2>\n<h3>\u00bfV\u00eddeo con subt\u00edtulos? Solicite subt\u00edtulos asequibles en l\u00ednea ahora<\/h3>\n<ul>\n<li><strong>Servicio de emergencia<\/strong>: opci\u00f3n de entrega en 24\/48 horas o plazo de entrega est\u00e1ndar<\/li>\n<li><strong>M\u00e1s de 500 combinaciones de idiomas<\/strong><\/li>\n<li><strong>Hablantes nativos<\/strong>: trabajamos con una red global de <a href=\"https:\/\/www.ecrivus-multimedia.nl\/go\/ondertiteling-ondertitelen-video\/\" title=\"Subt\u00edtulos (v\u00eddeo)\" class=\"pretty-link-keyword\"rel=\"\">subtituladores<\/a>, <a href=\"https:\/\/www.ecrivus.nl\/taaldiensten\/\" target=\"_blank\" rel=\"noopener\">traductores<\/a> y ling\u00fcistas<\/li>\n<li><a href=\"https:\/\/www.ecrivus-multimedia.nl\/go\/ondertiteling-ondertitelen-video\/\" title=\"Subt\u00edtulos (v\u00eddeo)\" class=\"pretty-link-keyword\"rel=\"\">Subt\u00edtulos<\/a> en el idioma hablado del video o traducido directamente al idioma(s) de su elecci\u00f3n<\/li>\n<li><a href=\"https:\/\/www.ecrivus-multimedia.nl\/go\/ondertiteling-ondertitelen-video\/\" title=\"Subt\u00edtulos (v\u00eddeo)\" class=\"pretty-link-keyword\"rel=\"\">Subt\u00edtulos<\/a> grabar en video o entregar como archivo .SRT<\/li>\n<li><strong>M\u00e1s de 20 a\u00f1os de experiencia<\/strong><\/li>\n<li>Nosotros <a href=\"https:\/\/www.ecrivus-multimedia.nl\/go\/ondertiteling-ondertitelen-video\/\" title=\"Subt\u00edtulos (v\u00eddeo)\" class=\"pretty-link-keyword\"rel=\"\">subtitulado<\/a> para empresas (v\u00eddeos corporativos), (semi-)<a href=\"https:\/\/www.ecrivus-multimedia.nl\/go\/verslag-betalingen-aan-overheden-beedigde-vertaling-met-stempel\/\" title=\"\u00bfQuieres traducir un informe jurado sobre pagos a gobiernos? \u00a1Haz tu pedido en nuestra tienda web!\" class=\"pretty-link-keyword\"rel=\"\">gobiernos<\/a>, ONG, organizaciones e instituciones<\/li>\n<li>Adecuado para canales en l\u00ednea como <strong>YouTube\u00ae y Vimeo\u00ae pero tambi\u00e9n para TV<\/strong><\/li>\n<li><a href=\"https:\/\/www.ecrivus-multimedia.nl\/go\/ondertiteling-ondertitelen-video\/\" title=\"Subt\u00edtulos (v\u00eddeo)\" class=\"pretty-link-keyword\"rel=\"\">Subt\u00edtulos<\/a> <strong>cumplir con los requisitos y directrices internacionales<\/strong><\/li>\n<li><strong>Controles de calidad<\/strong> (QA) incluido<\/li>\n<li><a href=\"https:\/\/www.ecrivus-multimedia.nl\/go\/ondertiteling-ondertitelen-video\/\" title=\"Subt\u00edtulos (v\u00eddeo)\" class=\"pretty-link-keyword\"rel=\"\">Subt\u00edtulos<\/a> son <strong>preciso y perfectamente sincronizado<\/strong><\/li>\n<li><strong>Los m\u00e1s valorados<\/strong><\/li>\n<li>Tambi\u00e9n <a href=\"https:\/\/www.ecrivus-multimedia.nl\/go\/transcriptie-audio-naar-tekst\/\" title=\"\u00bfNecesita transcripci\u00f3n (audio a texto)?\" class=\"pretty-link-keyword\"rel=\"\">transcripciones<\/a><\/li>\n<\/ul>\n<h3>Solicitar subt\u00edtulos de v\u00eddeo<\/h3>\n<p><a href=\"https:\/\/www.ecrivus-multimedia.nl\/go\/ondertiteling-ondertitelen-video\/\" title=\"Subt\u00edtulos (v\u00eddeo)\" class=\"pretty-link-keyword\"rel=\"\">Subt\u00edtulos<\/a> ofrece muchos beneficios tanto para los creadores de contenido como para los espectadores. <a href=\"https:\/\/www.ecrivus-multimedia.nl\/go\/ondertiteling-ondertitelen-video\/\" title=\"Subt\u00edtulos (v\u00eddeo)\" class=\"pretty-link-keyword\"rel=\"\">Subt\u00edtulos<\/a> hace que los v\u00eddeos sean accesibles a una audiencia amplia e internacional. Adem\u00e1s <a href=\"https:\/\/www.ecrivus-multimedia.nl\/go\/ondertiteling-ondertitelen-video\/\" title=\"Subt\u00edtulos (v\u00eddeo)\" class=\"pretty-link-keyword\"rel=\"\">subt\u00edtulos<\/a> una ayuda ideal para personas con discapacidad auditiva y espectadores en entornos concurridos. Traducido <a href=\"https:\/\/www.ecrivus-multimedia.nl\/go\/ondertiteling-ondertitelen-video\/\" title=\"Subt\u00edtulos (v\u00eddeo)\" class=\"pretty-link-keyword\"rel=\"\">subt\u00edtulos<\/a> Naturalmente, tambi\u00e9n hace que el contenido sea adecuado para una audiencia internacional, permitiendo a los espectadores ver y leer el contenido de su v\u00eddeo en su idioma nativo. Todo esto hace <a href=\"https:\/\/www.ecrivus-multimedia.nl\/go\/ondertiteling-ondertitelen-video\/\" title=\"Subt\u00edtulos (v\u00eddeo)\" class=\"pretty-link-keyword\"rel=\"\">subt\u00edtulos<\/a> una excelente herramienta para el marketing internacional, aumentando la visibilidad de la marca y llegando a diversos grupos objetivo internacionales. Esta es una ventaja a menudo subexpuesta <a href=\"https:\/\/www.ecrivus-multimedia.nl\/go\/ondertiteling-ondertitelen-video\/\" title=\"Subt\u00edtulos (v\u00eddeo)\" class=\"pretty-link-keyword\"rel=\"\">subt\u00edtulos<\/a> Tambi\u00e9n puede contribuir al rendimiento SEO (optimizaci\u00f3n de motores de b\u00fasqueda) de los v\u00eddeos. Como resultado, los v\u00eddeos obtienen mejores resultados en los resultados de los motores de b\u00fasqueda y obtienen una clasificaci\u00f3n m\u00e1s alta en Google\u00ae y YouTube\u00ae.\u00a0<\/p>\n<p>\u00bfQuieres <a href=\"https:\/\/www.ecrivus-multimedia.nl\/es\/producto\/transcripcion-de-audio-a-texto\/\">tener audio escrito en texto<\/a>? Tambi\u00e9n ofrecemos audio <a href=\"https:\/\/www.ecrivus-multimedia.nl\/go\/transcriptie-audio-naar-tekst\/\" title=\"\u00bfNecesita transcripci\u00f3n (audio a texto)?\" class=\"pretty-link-keyword\"rel=\"\">transcripci\u00f3n<\/a>.<\/p>\n<h3>Solicitar subt\u00edtulos en l\u00ednea<\/h3>\n<p>R\u00e1pido <a href=\"https:\/\/www.ecrivus-multimedia.nl\/go\/ondertiteling-ondertitelen-video\/\" title=\"Subt\u00edtulos (v\u00eddeo)\" class=\"pretty-link-keyword\"rel=\"\">subt\u00edtulos<\/a> \u00bfNecesitas tu pel\u00edcula, documental, v\u00eddeo corporativo o v\u00eddeo de animaci\u00f3n? Experimente nuestro r\u00e1pido servicio y la conveniencia del proceso de pedido en l\u00ednea. Pago seguro en l\u00ednea a trav\u00e9s de iDEAL.<\/p>\n<p>Despu\u00e9s de recibir su pedido, comenzaremos a trabajar para usted de inmediato. Los v\u00eddeos grabados se le enviar\u00e1n a trav\u00e9s de nuestro portal web seguro dentro del plazo de entrega acordado. \u00bfHa optado por la entrega de archivos .srt? Luego lo recibir\u00e1 por correo electr\u00f3nico.<\/p>\n<p>\u00a1Haga que su contenido de video sea accesible para una audiencia internacional con nuestro servicio de subtitulado!<\/p>\n<p>\u00bfTiene una solicitud que requiere personalizaci\u00f3n? Por ejemplo, varios v\u00eddeos, un proyecto grande o requisitos especiales en cuanto a fuente y tama\u00f1o. <a href=\"https:\/\/www.ecrivus-multimedia.nl\/go\/ondertiteling-ondertitelen-video\/\" title=\"Subt\u00edtulos (v\u00eddeo)\" class=\"pretty-link-keyword\"rel=\"\">subt\u00edtulos<\/a>? Que puede. Entonces ll\u00e9nanos <a href=\"https:\/\/www.ecrivus-multimedia.nl\/es\/contacto\/\">formulario de cotizaci\u00f3n en nuestra p\u00e1gina de contacto<\/a> y le enviaremos su cotizaci\u00f3n para su <a href=\"https:\/\/www.ecrivus-multimedia.nl\/go\/ondertiteling-ondertitelen-video\/\" title=\"Subt\u00edtulos (v\u00eddeo)\" class=\"pretty-link-keyword\"rel=\"\">subt\u00edtulos<\/a> lo antes posible!<\/p>","protected":false},"excerpt":{"rendered":"<p>\u00bfV\u00eddeo con subt\u00edtulos? \u00a1Ordenar ahora! Elija entre m\u00e1s de 500 combinaciones de idiomas. \u00a1Seleccione las opciones a continuaci\u00f3n y haga su pedido inmediatamente!<\/p>","protected":false},"featured_media":132632,"comment_status":"open","ping_status":"closed","template":"","meta":{"_acf_changed":false,"_glsr_average":0,"_glsr_ranking":0,"_glsr_reviews":0,"_joinchat":[]},"product_brand":[],"product_cat":[15958,15955],"product_tag":[15957,15956],"class_list":{"0":"post-109930","1":"product","2":"type-product","3":"status-publish","4":"has-post-thumbnail","6":"product_cat-audio-video","7":"product_cat-multimedia","8":"product_tag-ondertitelen","9":"product_tag-ondertiteling","11":"first","12":"instock","13":"sold-individually","14":"taxable","15":"shipping-taxable","16":"purchasable","17":"product-type-variable"},"acf":[],"yoast_head":"<!-- This site is optimized with the Yoast SEO plugin v27.4 - https:\/\/yoast.com\/product\/yoast-seo-wordpress\/ -->\n<title>Video ondertitelen? \ud83c\udfac Bestel nu supersnel ondertiteling online!<\/title>\n<meta name=\"description\" content=\"Video ondertitelen? \ud83c\udfa6 Bestel nu de ondertiteling voor je video&#039;s eenvoudig online. Goedkoop, 500+ talen, spoedservice, inbranden &amp; best beoordeeld! \u2714\" \/>\n<meta name=\"robots\" content=\"index, follow, max-snippet:-1, max-image-preview:large, max-video-preview:-1\" \/>\n<link rel=\"canonical\" href=\"https:\/\/www.ecrivus-multimedia.nl\/es\/producto\/subtitulos-subtitulos-video\/\" \/>\n<meta property=\"og:locale\" content=\"es_ES\" \/>\n<meta property=\"og:type\" content=\"article\" \/>\n<meta property=\"og:title\" content=\"Video ondertitelen? \ud83c\udfac Bestel nu supersnel ondertiteling online!\" \/>\n<meta property=\"og:description\" content=\"Video ondertitelen? \ud83c\udfa6 Bestel nu de ondertiteling voor je video&#039;s eenvoudig online. Goedkoop, 500+ talen, spoedservice, inbranden &amp; best beoordeeld! \u2714\" \/>\n<meta property=\"og:url\" content=\"https:\/\/www.ecrivus-multimedia.nl\/es\/producto\/subtitulos-subtitulos-video\/\" \/>\n<meta property=\"og:site_name\" content=\"Ecrivus International Webshop\" \/>\n<meta property=\"article:publisher\" content=\"https:\/\/www.facebook.com\/Ecrivus-International-676624782512639\/\" \/>\n<meta property=\"article:modified_time\" content=\"2026-04-12T11:14:34+00:00\" \/>\n<meta property=\"og:image\" content=\"https:\/\/www.ecrivus-multimedia.nl\/wp-content\/uploads\/2023\/10\/video-editor-twee-monitoren-bewerkingssoftware.jpg\" \/>\n\t<meta property=\"og:image:width\" content=\"1000\" \/>\n\t<meta property=\"og:image:height\" content=\"667\" \/>\n\t<meta property=\"og:image:type\" content=\"image\/jpeg\" \/>\n<meta name=\"twitter:card\" content=\"summary_large_image\" \/>\n<meta name=\"twitter:site\" content=\"@ecrivusint\" \/>\n<meta name=\"twitter:label1\" content=\"Tiempo de lectura\" \/>\n\t<meta name=\"twitter:data1\" content=\"2 minutos\" \/>\n<script type=\"application\/ld+json\" class=\"yoast-schema-graph\">{\"@context\":\"https:\\\/\\\/schema.org\",\"@graph\":[{\"@type\":\"WebPage\",\"@id\":\"https:\\\/\\\/www.ecrivus-multimedia.nl\\\/product\\\/ondertiteling-ondertitelen-video\\\/\",\"url\":\"https:\\\/\\\/www.ecrivus-multimedia.nl\\\/product\\\/ondertiteling-ondertitelen-video\\\/\",\"name\":\"Video ondertitelen? \ud83c\udfac Bestel nu supersnel ondertiteling online!\",\"isPartOf\":{\"@id\":\"https:\\\/\\\/www.ecrivus-multimedia.nl\\\/#website\"},\"primaryImageOfPage\":{\"@id\":\"https:\\\/\\\/www.ecrivus-multimedia.nl\\\/product\\\/ondertiteling-ondertitelen-video\\\/#primaryimage\"},\"image\":{\"@id\":\"https:\\\/\\\/www.ecrivus-multimedia.nl\\\/product\\\/ondertiteling-ondertitelen-video\\\/#primaryimage\"},\"thumbnailUrl\":\"https:\\\/\\\/www.ecrivus-multimedia.nl\\\/wp-content\\\/uploads\\\/2023\\\/10\\\/video-editor-twee-monitoren-bewerkingssoftware.jpg\",\"datePublished\":\"2023-10-29T15:40:49+00:00\",\"dateModified\":\"2026-04-12T11:14:34+00:00\",\"description\":\"Video ondertitelen? \ud83c\udfa6 Bestel nu de ondertiteling voor je video's eenvoudig online. Goedkoop, 500+ talen, spoedservice, inbranden & best beoordeeld! \u2714\",\"breadcrumb\":{\"@id\":\"https:\\\/\\\/www.ecrivus-multimedia.nl\\\/product\\\/ondertiteling-ondertitelen-video\\\/#breadcrumb\"},\"inLanguage\":\"es\",\"potentialAction\":[{\"@type\":\"ReadAction\",\"target\":[\"https:\\\/\\\/www.ecrivus-multimedia.nl\\\/product\\\/ondertiteling-ondertitelen-video\\\/\"]}]},{\"@type\":\"ImageObject\",\"inLanguage\":\"es\",\"@id\":\"https:\\\/\\\/www.ecrivus-multimedia.nl\\\/product\\\/ondertiteling-ondertitelen-video\\\/#primaryimage\",\"url\":\"https:\\\/\\\/www.ecrivus-multimedia.nl\\\/wp-content\\\/uploads\\\/2023\\\/10\\\/video-editor-twee-monitoren-bewerkingssoftware.jpg\",\"contentUrl\":\"https:\\\/\\\/www.ecrivus-multimedia.nl\\\/wp-content\\\/uploads\\\/2023\\\/10\\\/video-editor-twee-monitoren-bewerkingssoftware.jpg\",\"width\":1000,\"height\":667},{\"@type\":\"BreadcrumbList\",\"@id\":\"https:\\\/\\\/www.ecrivus-multimedia.nl\\\/product\\\/ondertiteling-ondertitelen-video\\\/#breadcrumb\",\"itemListElement\":[{\"@type\":\"ListItem\",\"position\":1,\"name\":\"Home\",\"item\":\"https:\\\/\\\/www.ecrivus-multimedia.nl\\\/\"},{\"@type\":\"ListItem\",\"position\":2,\"name\":\"Shop\",\"item\":\"https:\\\/\\\/www.ecrivus-multimedia.nl\\\/shop\\\/\"},{\"@type\":\"ListItem\",\"position\":3,\"name\":\"Ondertiteling (video)\"}]},{\"@type\":\"WebSite\",\"@id\":\"https:\\\/\\\/www.ecrivus-multimedia.nl\\\/#website\",\"url\":\"https:\\\/\\\/www.ecrivus-multimedia.nl\\\/\",\"name\":\"Ecrivus International Webshop\",\"description\":\"Erkende webshop voor be\u00ebdigde vertalingen.\",\"publisher\":{\"@id\":\"https:\\\/\\\/www.ecrivus-multimedia.nl\\\/#organization\"},\"potentialAction\":[{\"@type\":\"SearchAction\",\"target\":{\"@type\":\"EntryPoint\",\"urlTemplate\":\"https:\\\/\\\/www.ecrivus-multimedia.nl\\\/?s={search_term_string}\"},\"query-input\":{\"@type\":\"PropertyValueSpecification\",\"valueRequired\":true,\"valueName\":\"search_term_string\"}}],\"inLanguage\":\"es\"},{\"@type\":\"Organization\",\"@id\":\"https:\\\/\\\/www.ecrivus-multimedia.nl\\\/#organization\",\"name\":\"Ecrivus International\",\"url\":\"https:\\\/\\\/www.ecrivus-multimedia.nl\\\/\",\"logo\":{\"@type\":\"ImageObject\",\"inLanguage\":\"es\",\"@id\":\"https:\\\/\\\/www.ecrivus-multimedia.nl\\\/#\\\/schema\\\/logo\\\/image\\\/\",\"url\":\"https:\\\/\\\/www.ecrivus-multimedia.nl\\\/wp-content\\\/uploads\\\/2022\\\/01\\\/cropped-small-Logo-Ecrivus-Vector-Transparent2.png\",\"contentUrl\":\"https:\\\/\\\/www.ecrivus-multimedia.nl\\\/wp-content\\\/uploads\\\/2022\\\/01\\\/cropped-small-Logo-Ecrivus-Vector-Transparent2.png\",\"width\":512,\"height\":512,\"caption\":\"Ecrivus International\"},\"image\":{\"@id\":\"https:\\\/\\\/www.ecrivus-multimedia.nl\\\/#\\\/schema\\\/logo\\\/image\\\/\"},\"sameAs\":[\"https:\\\/\\\/www.facebook.com\\\/Ecrivus-International-676624782512639\\\/\",\"https:\\\/\\\/x.com\\\/ecrivusint\"]}]}<\/script>\n<!-- \/ Yoast SEO plugin. -->","yoast_head_json":{"title":"Video ondertitelen? \ud83c\udfac Bestel nu supersnel ondertiteling online!","description":"Video ondertitelen? \ud83c\udfa6 Bestel nu de ondertiteling voor je video's eenvoudig online. Goedkoop, 500+ talen, spoedservice, inbranden & best beoordeeld! \u2714","robots":{"index":"index","follow":"follow","max-snippet":"max-snippet:-1","max-image-preview":"max-image-preview:large","max-video-preview":"max-video-preview:-1"},"canonical":"https:\/\/www.ecrivus-multimedia.nl\/es\/producto\/subtitulos-subtitulos-video\/","og_locale":"es_ES","og_type":"article","og_title":"Video ondertitelen? \ud83c\udfac Bestel nu supersnel ondertiteling online!","og_description":"Video ondertitelen? \ud83c\udfa6 Bestel nu de ondertiteling voor je video's eenvoudig online. Goedkoop, 500+ talen, spoedservice, inbranden & best beoordeeld! \u2714","og_url":"https:\/\/www.ecrivus-multimedia.nl\/es\/producto\/subtitulos-subtitulos-video\/","og_site_name":"Ecrivus International Webshop","article_publisher":"https:\/\/www.facebook.com\/Ecrivus-International-676624782512639\/","article_modified_time":"2026-04-12T11:14:34+00:00","og_image":[{"width":1000,"height":667,"url":"https:\/\/www.ecrivus-multimedia.nl\/wp-content\/uploads\/2023\/10\/video-editor-twee-monitoren-bewerkingssoftware.jpg","type":"image\/jpeg"}],"twitter_card":"summary_large_image","twitter_site":"@ecrivusint","twitter_misc":{"Tiempo de lectura":"2 minutos"},"schema":{"@context":"https:\/\/schema.org","@graph":[{"@type":"WebPage","@id":"https:\/\/www.ecrivus-multimedia.nl\/product\/ondertiteling-ondertitelen-video\/","url":"https:\/\/www.ecrivus-multimedia.nl\/product\/ondertiteling-ondertitelen-video\/","name":"Video ondertitelen? \ud83c\udfac Bestel nu supersnel ondertiteling online!","isPartOf":{"@id":"https:\/\/www.ecrivus-multimedia.nl\/#website"},"primaryImageOfPage":{"@id":"https:\/\/www.ecrivus-multimedia.nl\/product\/ondertiteling-ondertitelen-video\/#primaryimage"},"image":{"@id":"https:\/\/www.ecrivus-multimedia.nl\/product\/ondertiteling-ondertitelen-video\/#primaryimage"},"thumbnailUrl":"https:\/\/www.ecrivus-multimedia.nl\/wp-content\/uploads\/2023\/10\/video-editor-twee-monitoren-bewerkingssoftware.jpg","datePublished":"2023-10-29T15:40:49+00:00","dateModified":"2026-04-12T11:14:34+00:00","description":"Video ondertitelen? \ud83c\udfa6 Bestel nu de ondertiteling voor je video's eenvoudig online. Goedkoop, 500+ talen, spoedservice, inbranden & best beoordeeld! \u2714","breadcrumb":{"@id":"https:\/\/www.ecrivus-multimedia.nl\/product\/ondertiteling-ondertitelen-video\/#breadcrumb"},"inLanguage":"es","potentialAction":[{"@type":"ReadAction","target":["https:\/\/www.ecrivus-multimedia.nl\/product\/ondertiteling-ondertitelen-video\/"]}]},{"@type":"ImageObject","inLanguage":"es","@id":"https:\/\/www.ecrivus-multimedia.nl\/product\/ondertiteling-ondertitelen-video\/#primaryimage","url":"https:\/\/www.ecrivus-multimedia.nl\/wp-content\/uploads\/2023\/10\/video-editor-twee-monitoren-bewerkingssoftware.jpg","contentUrl":"https:\/\/www.ecrivus-multimedia.nl\/wp-content\/uploads\/2023\/10\/video-editor-twee-monitoren-bewerkingssoftware.jpg","width":1000,"height":667},{"@type":"BreadcrumbList","@id":"https:\/\/www.ecrivus-multimedia.nl\/product\/ondertiteling-ondertitelen-video\/#breadcrumb","itemListElement":[{"@type":"ListItem","position":1,"name":"Home","item":"https:\/\/www.ecrivus-multimedia.nl\/"},{"@type":"ListItem","position":2,"name":"Shop","item":"https:\/\/www.ecrivus-multimedia.nl\/shop\/"},{"@type":"ListItem","position":3,"name":"Ondertiteling (video)"}]},{"@type":"WebSite","@id":"https:\/\/www.ecrivus-multimedia.nl\/#website","url":"https:\/\/www.ecrivus-multimedia.nl\/","name":"Ecrivus International Webshop","description":"Erkende webshop voor be\u00ebdigde vertalingen.","publisher":{"@id":"https:\/\/www.ecrivus-multimedia.nl\/#organization"},"potentialAction":[{"@type":"SearchAction","target":{"@type":"EntryPoint","urlTemplate":"https:\/\/www.ecrivus-multimedia.nl\/?s={search_term_string}"},"query-input":{"@type":"PropertyValueSpecification","valueRequired":true,"valueName":"search_term_string"}}],"inLanguage":"es"},{"@type":"Organization","@id":"https:\/\/www.ecrivus-multimedia.nl\/#organization","name":"Ecrivus International","url":"https:\/\/www.ecrivus-multimedia.nl\/","logo":{"@type":"ImageObject","inLanguage":"es","@id":"https:\/\/www.ecrivus-multimedia.nl\/#\/schema\/logo\/image\/","url":"https:\/\/www.ecrivus-multimedia.nl\/wp-content\/uploads\/2022\/01\/cropped-small-Logo-Ecrivus-Vector-Transparent2.png","contentUrl":"https:\/\/www.ecrivus-multimedia.nl\/wp-content\/uploads\/2022\/01\/cropped-small-Logo-Ecrivus-Vector-Transparent2.png","width":512,"height":512,"caption":"Ecrivus International"},"image":{"@id":"https:\/\/www.ecrivus-multimedia.nl\/#\/schema\/logo\/image\/"},"sameAs":["https:\/\/www.facebook.com\/Ecrivus-International-676624782512639\/","https:\/\/x.com\/ecrivusint"]}]}},"_links":{"self":[{"href":"https:\/\/www.ecrivus-multimedia.nl\/es\/wp-json\/wp\/v2\/product\/109930","targetHints":{"allow":["GET"]}}],"collection":[{"href":"https:\/\/www.ecrivus-multimedia.nl\/es\/wp-json\/wp\/v2\/product"}],"about":[{"href":"https:\/\/www.ecrivus-multimedia.nl\/es\/wp-json\/wp\/v2\/types\/product"}],"replies":[{"embeddable":true,"href":"https:\/\/www.ecrivus-multimedia.nl\/es\/wp-json\/wp\/v2\/comments?post=109930"}],"wp:featuredmedia":[{"embeddable":true,"href":"https:\/\/www.ecrivus-multimedia.nl\/es\/wp-json\/wp\/v2\/media\/132632"}],"wp:attachment":[{"href":"https:\/\/www.ecrivus-multimedia.nl\/es\/wp-json\/wp\/v2\/media?parent=109930"}],"wp:term":[{"taxonomy":"product_brand","embeddable":true,"href":"https:\/\/www.ecrivus-multimedia.nl\/es\/wp-json\/wp\/v2\/product_brand?post=109930"},{"taxonomy":"product_cat","embeddable":true,"href":"https:\/\/www.ecrivus-multimedia.nl\/es\/wp-json\/wp\/v2\/product_cat?post=109930"},{"taxonomy":"product_tag","embeddable":true,"href":"https:\/\/www.ecrivus-multimedia.nl\/es\/wp-json\/wp\/v2\/product_tag?post=109930"}],"curies":[{"name":"wp","href":"https:\/\/api.w.org\/{rel}","templated":true}]}}