{"id":41309,"date":"2019-04-17T14:01:50","date_gmt":"2019-04-17T12:01:50","guid":{"rendered":"https:\/\/www.ecrivus-multimedia.nl\/?post_type=product&#038;p=41309"},"modified":"2026-04-12T12:13:17","modified_gmt":"2026-04-12T10:13:17","slug":"sollicitatiebrief-vertalen","status":"publish","type":"product","link":"https:\/\/www.ecrivus-multimedia.nl\/es\/producto\/traducir-carta-de-solicitud\/","title":{"rendered":"Traducir carta de solicitud"},"content":{"rendered":"<p><strong><a href=\"https:\/\/www.ecrivus-multimedia.nl\/go\/sollicitatiebrief-vertalen\/\" title=\"Traducir carta de solicitud\" class=\"pretty-link-keyword\"rel=\"\">Carta de solicitud<\/a> traducir<br \/>\n<\/strong><\/p>\n<p>La traducci\u00f3n de tu <a href=\"https:\/\/www.ecrivus-multimedia.nl\/go\/sollicitatiebrief-vertalen\/\" title=\"Traducir carta de solicitud\" class=\"pretty-link-keyword\"rel=\"\">carta de solicitud<\/a> Ahora se puede solicitar f\u00e1cilmente en l\u00ednea a la agencia de traducci\u00f3n Ecrivus International.<\/p>\n<p>Su <a href=\"https:\/\/www.ecrivus-multimedia.nl\/go\/sollicitatiebrief-vertalen\/\" title=\"Traducir carta de solicitud\" class=\"pretty-link-keyword\"rel=\"\">carta de solicitud<\/a> Traducir es una buena idea si quieres postularte para una empresa internacional o si quieres trabajar en el extranjero. Trae tu <a href=\"https:\/\/www.ecrivus-multimedia.nl\/go\/sollicitatiebrief-vertalen\/\" title=\"Traducir carta de solicitud\" class=\"pretty-link-keyword\"rel=\"\">carta de solicitud<\/a> presentado a la atenci\u00f3n de empleadores extranjeros por su <a href=\"https:\/\/www.ecrivus-multimedia.nl\/go\/sollicitatiebrief-vertalen\/\" title=\"Traducir carta de solicitud\" class=\"pretty-link-keyword\"rel=\"\">carta de solicitud<\/a> ser traducido profesionalmente por uno de nuestros especialistas <a href=\"https:\/\/www.ecrivus-multimedia.nl\/go\/sollicitatiebrief-vertalen\/\" title=\"Traducir carta de solicitud\" class=\"pretty-link-keyword\"rel=\"\">carta de solicitud<\/a>-traductores. tu puedes tu <a href=\"https:\/\/www.ecrivus-multimedia.nl\/go\/sollicitatiebrief-vertalen\/\" title=\"Traducir carta de solicitud\" class=\"pretty-link-keyword\"rel=\"\">carta de solicitud<\/a> (u otros documentos laborales) traducidos a todos los idiomas deseados. Los idiomas m\u00e1s populares incluyen ingl\u00e9s, alem\u00e1n, franc\u00e9s, espa\u00f1ol, italiano y portugu\u00e9s. El <a href=\"https:\/\/www.ecrivus-multimedia.nl\/go\/sollicitatiebrief-vertalen\/\" title=\"Traducir carta de solicitud\" class=\"pretty-link-keyword\"rel=\"\">carta de solicitud<\/a> es traducido por un hablante nativo que tiene a\u00f1os de experiencia en la traducci\u00f3n de funciones, motivaciones, educaci\u00f3n, capacitaci\u00f3n, cursos y experiencia laboral.<\/p>\n<p>La agencia de traducci\u00f3n Ecrivus International emplea especialistas <a href=\"https:\/\/www.ecrivus-multimedia.nl\/go\/sollicitatiebrief-vertalen\/\" title=\"Traducir carta de solicitud\" class=\"pretty-link-keyword\"rel=\"\">carta de solicitud<\/a>-traductores que <em>hablante nativo<\/em> Ser (hablante nativo) del idioma de destino. Tienen a\u00f1os de experiencia en la traducci\u00f3n de todo tipo de documentos comerciales, incluidas cartas de solicitud, cartas de presentaci\u00f3n, <a href=\"https:\/\/www.ecrivus-multimedia.nl\/go\/algemene-voorwaarden-beedigde-vertaling-met-stempel\/\" title=\"\u00bfTraducci\u00f3n jurada de t\u00e9rminos y condiciones generales? \u00a1Haz tu pedido en nuestra tienda web!\" class=\"pretty-link-keyword\"rel=\"\">T\u00e9rminos y condiciones<\/a>, condiciones de empleo, <a href=\"https:\/\/www.ecrivus-multimedia.nl\/go\/contract-beedigde-vertaling-met-stempel\/\" title=\"\u00bfQuieres traducir un contrato jurado? \u00a1Haz tu pedido en nuestra tienda web!\" class=\"pretty-link-keyword\"rel=\"\">contratos<\/a> y n\u00f3minas.<\/p>\n<p><strong>La traducci\u00f3n de tu <\/strong><strong><span class=\"st\"><a href=\"https:\/\/www.ecrivus-multimedia.nl\/go\/sollicitatiebrief-vertalen\/\" title=\"Traducir carta de solicitud\" class=\"pretty-link-keyword\"rel=\"\">carta de solicitud<\/a><\/span><\/strong><strong> est\u00e1 en buenas manos con nosotros:<\/strong><\/p>\n<ul>\n<li>Traducci\u00f3n por un traductor experimentado y especializado.<\/li>\n<li>Inclusivo <a href=\"http:\/\/www.ecrivus.nl\/proeflezen\/\">correcci\u00f3n de pruebas<\/a><\/li>\n<li>Inclusivo <a href=\"http:\/\/www.ecrivus.nl\/qa-kwaliteitscontroles\/\">controles de calidad<\/a><\/li>\n<li>Traducci\u00f3n por <em>hablante nativo<\/em> del idioma de destino<\/li>\n<li>Precios competitivos<\/li>\n<li>Entrega r\u00e1pida<\/li>\n<li>Escoge de <a href=\"http:\/\/www.ecrivus.nl\/talen\/\">cientos de combinaciones de idiomas<\/a><\/li>\n<li>Entrega urgente posible<\/li>\n<li>Admite varios formatos de archivo, incluido PDF<\/li>\n<li>Entrega siempre a tiempo por correo electr\u00f3nico<\/li>\n<\/ul>\n<p>Para ti <a href=\"https:\/\/www.ecrivus-multimedia.nl\/go\/sollicitatiebrief-vertalen\/\" title=\"Traducir carta de solicitud\" class=\"pretty-link-keyword\"rel=\"\">carta de solicitud<\/a> Para traducirlo inmediatamente, seleccione arriba el n\u00famero de palabras y la combinaci\u00f3n de idiomas deseada. Luego haga clic en &#039;Agregar al carrito&#039;. Entonces puedes usar el <a href=\"https:\/\/www.ecrivus-multimedia.nl\/go\/sollicitatiebrief-vertalen\/\" title=\"Traducir carta de solicitud\" class=\"pretty-link-keyword\"rel=\"\">carta de solicitud<\/a> que le gustar\u00eda traducir y a\u00f1adir a su pedido. Puede cargar un archivo ZIP para varios documentos. Ofrecemos varias opciones de pago a trav\u00e9s de conexiones seguras (incluidas iDeal, transferencia bancaria y PayPal).<\/p>\n<p><strong>Tiempo de entrega est\u00e1ndar<\/strong>: 5-6 d\u00edas laborables<\/p>","protected":false},"excerpt":{"rendered":"<p>Traducci\u00f3n profesional de cartas de presentaci\u00f3n por un traductor especializado que incluye revisi\u00f3n y controles de calidad. Seleccione la combinaci\u00f3n de idiomas a continuaci\u00f3n:<\/p>","protected":false},"featured_media":132609,"comment_status":"open","ping_status":"closed","template":"","meta":{"_acf_changed":false,"_glsr_average":0,"_glsr_ranking":0,"_glsr_reviews":0,"_joinchat":[]},"product_brand":[],"product_cat":[670],"product_tag":[665],"class_list":{"0":"post-41309","1":"product","2":"type-product","3":"status-publish","4":"has-post-thumbnail","6":"product_cat-cv","7":"product_tag-onbeedigd","9":"first","10":"instock","11":"sold-individually","12":"taxable","13":"shipping-taxable","14":"purchasable","15":"product-type-variable"},"acf":[],"yoast_head":"<!-- This site is optimized with the Yoast SEO plugin v27.4 - https:\/\/yoast.com\/product\/yoast-seo-wordpress\/ -->\n<title>Sollicitatiebrief vertalen? 225+ talen. Bestel nu in onze webshop!<\/title>\n<meta name=\"description\" content=\"Sollicitatiebrief vertalen? Bestel nu online! \u2713 Ervaren vertalers \u2713 Alle talen \u2713 Voordelig geregeld \u2713 Snelle levertijden \u2713 Ook CV&#039;s \u2713 Behoud van opmaak\" \/>\n<meta name=\"robots\" content=\"index, follow, max-snippet:-1, max-image-preview:large, max-video-preview:-1\" \/>\n<link rel=\"canonical\" href=\"https:\/\/www.ecrivus-multimedia.nl\/es\/producto\/traducir-carta-de-solicitud\/\" \/>\n<meta property=\"og:locale\" content=\"es_ES\" \/>\n<meta property=\"og:type\" content=\"article\" \/>\n<meta property=\"og:title\" content=\"Sollicitatiebrief vertalen? 225+ talen. Bestel nu in onze webshop!\" \/>\n<meta property=\"og:description\" content=\"Sollicitatiebrief vertalen? Bestel nu online! \u2713 Ervaren vertalers \u2713 Alle talen \u2713 Voordelig geregeld \u2713 Snelle levertijden \u2713 Ook CV&#039;s \u2713 Behoud van opmaak\" \/>\n<meta property=\"og:url\" content=\"https:\/\/www.ecrivus-multimedia.nl\/es\/producto\/traducir-carta-de-solicitud\/\" \/>\n<meta property=\"og:site_name\" content=\"Ecrivus International Webshop\" \/>\n<meta property=\"article:publisher\" content=\"https:\/\/www.facebook.com\/Ecrivus-International-676624782512639\/\" \/>\n<meta property=\"article:modified_time\" content=\"2026-04-12T10:13:17+00:00\" \/>\n<meta property=\"og:image\" content=\"https:\/\/www.ecrivus-multimedia.nl\/wp-content\/uploads\/2018\/07\/job-application.webp\" \/>\n\t<meta property=\"og:image:width\" content=\"1000\" \/>\n\t<meta property=\"og:image:height\" content=\"668\" \/>\n\t<meta property=\"og:image:type\" content=\"image\/webp\" \/>\n<meta name=\"twitter:card\" content=\"summary_large_image\" \/>\n<meta name=\"twitter:site\" content=\"@ecrivusint\" \/>\n<meta name=\"twitter:label1\" content=\"Tiempo de lectura\" \/>\n\t<meta name=\"twitter:data1\" content=\"1 minuto\" \/>\n<script type=\"application\/ld+json\" class=\"yoast-schema-graph\">{\"@context\":\"https:\\\/\\\/schema.org\",\"@graph\":[{\"@type\":\"WebPage\",\"@id\":\"https:\\\/\\\/www.ecrivus-multimedia.nl\\\/product\\\/sollicitatiebrief-vertalen\\\/\",\"url\":\"https:\\\/\\\/www.ecrivus-multimedia.nl\\\/product\\\/sollicitatiebrief-vertalen\\\/\",\"name\":\"Sollicitatiebrief vertalen? 225+ talen. Bestel nu in onze webshop!\",\"isPartOf\":{\"@id\":\"https:\\\/\\\/www.ecrivus-multimedia.nl\\\/#website\"},\"primaryImageOfPage\":{\"@id\":\"https:\\\/\\\/www.ecrivus-multimedia.nl\\\/product\\\/sollicitatiebrief-vertalen\\\/#primaryimage\"},\"image\":{\"@id\":\"https:\\\/\\\/www.ecrivus-multimedia.nl\\\/product\\\/sollicitatiebrief-vertalen\\\/#primaryimage\"},\"thumbnailUrl\":\"https:\\\/\\\/www.ecrivus-multimedia.nl\\\/wp-content\\\/uploads\\\/2026\\\/04\\\/lakstempel-drukken-document-vooraanzicht-2.jpg\",\"datePublished\":\"2019-04-17T12:01:50+00:00\",\"dateModified\":\"2026-04-12T10:13:17+00:00\",\"description\":\"Sollicitatiebrief vertalen? Bestel nu online! \u2713 Ervaren vertalers \u2713 Alle talen \u2713 Voordelig geregeld \u2713 Snelle levertijden \u2713 Ook CV's \u2713 Behoud van opmaak\",\"breadcrumb\":{\"@id\":\"https:\\\/\\\/www.ecrivus-multimedia.nl\\\/product\\\/sollicitatiebrief-vertalen\\\/#breadcrumb\"},\"inLanguage\":\"es\",\"potentialAction\":[{\"@type\":\"ReadAction\",\"target\":[\"https:\\\/\\\/www.ecrivus-multimedia.nl\\\/product\\\/sollicitatiebrief-vertalen\\\/\"]}]},{\"@type\":\"ImageObject\",\"inLanguage\":\"es\",\"@id\":\"https:\\\/\\\/www.ecrivus-multimedia.nl\\\/product\\\/sollicitatiebrief-vertalen\\\/#primaryimage\",\"url\":\"https:\\\/\\\/www.ecrivus-multimedia.nl\\\/wp-content\\\/uploads\\\/2026\\\/04\\\/lakstempel-drukken-document-vooraanzicht-2.jpg\",\"contentUrl\":\"https:\\\/\\\/www.ecrivus-multimedia.nl\\\/wp-content\\\/uploads\\\/2026\\\/04\\\/lakstempel-drukken-document-vooraanzicht-2.jpg\",\"width\":1000,\"height\":667},{\"@type\":\"BreadcrumbList\",\"@id\":\"https:\\\/\\\/www.ecrivus-multimedia.nl\\\/product\\\/sollicitatiebrief-vertalen\\\/#breadcrumb\",\"itemListElement\":[{\"@type\":\"ListItem\",\"position\":1,\"name\":\"Home\",\"item\":\"https:\\\/\\\/www.ecrivus-multimedia.nl\\\/\"},{\"@type\":\"ListItem\",\"position\":2,\"name\":\"Shop\",\"item\":\"https:\\\/\\\/www.ecrivus-multimedia.nl\\\/shop\\\/\"},{\"@type\":\"ListItem\",\"position\":3,\"name\":\"Sollicitatiebrief vertalen\"}]},{\"@type\":\"WebSite\",\"@id\":\"https:\\\/\\\/www.ecrivus-multimedia.nl\\\/#website\",\"url\":\"https:\\\/\\\/www.ecrivus-multimedia.nl\\\/\",\"name\":\"Ecrivus International Webshop\",\"description\":\"Erkende webshop voor be\u00ebdigde vertalingen.\",\"publisher\":{\"@id\":\"https:\\\/\\\/www.ecrivus-multimedia.nl\\\/#organization\"},\"potentialAction\":[{\"@type\":\"SearchAction\",\"target\":{\"@type\":\"EntryPoint\",\"urlTemplate\":\"https:\\\/\\\/www.ecrivus-multimedia.nl\\\/?s={search_term_string}\"},\"query-input\":{\"@type\":\"PropertyValueSpecification\",\"valueRequired\":true,\"valueName\":\"search_term_string\"}}],\"inLanguage\":\"es\"},{\"@type\":\"Organization\",\"@id\":\"https:\\\/\\\/www.ecrivus-multimedia.nl\\\/#organization\",\"name\":\"Ecrivus International\",\"url\":\"https:\\\/\\\/www.ecrivus-multimedia.nl\\\/\",\"logo\":{\"@type\":\"ImageObject\",\"inLanguage\":\"es\",\"@id\":\"https:\\\/\\\/www.ecrivus-multimedia.nl\\\/#\\\/schema\\\/logo\\\/image\\\/\",\"url\":\"https:\\\/\\\/www.ecrivus-multimedia.nl\\\/wp-content\\\/uploads\\\/2022\\\/01\\\/cropped-small-Logo-Ecrivus-Vector-Transparent2.png\",\"contentUrl\":\"https:\\\/\\\/www.ecrivus-multimedia.nl\\\/wp-content\\\/uploads\\\/2022\\\/01\\\/cropped-small-Logo-Ecrivus-Vector-Transparent2.png\",\"width\":512,\"height\":512,\"caption\":\"Ecrivus International\"},\"image\":{\"@id\":\"https:\\\/\\\/www.ecrivus-multimedia.nl\\\/#\\\/schema\\\/logo\\\/image\\\/\"},\"sameAs\":[\"https:\\\/\\\/www.facebook.com\\\/Ecrivus-International-676624782512639\\\/\",\"https:\\\/\\\/x.com\\\/ecrivusint\"]}]}<\/script>\n<!-- \/ Yoast SEO plugin. -->","yoast_head_json":{"title":"Sollicitatiebrief vertalen? 225+ talen. Bestel nu in onze webshop!","description":"Sollicitatiebrief vertalen? Bestel nu online! \u2713 Ervaren vertalers \u2713 Alle talen \u2713 Voordelig geregeld \u2713 Snelle levertijden \u2713 Ook CV's \u2713 Behoud van opmaak","robots":{"index":"index","follow":"follow","max-snippet":"max-snippet:-1","max-image-preview":"max-image-preview:large","max-video-preview":"max-video-preview:-1"},"canonical":"https:\/\/www.ecrivus-multimedia.nl\/es\/producto\/traducir-carta-de-solicitud\/","og_locale":"es_ES","og_type":"article","og_title":"Sollicitatiebrief vertalen? 225+ talen. Bestel nu in onze webshop!","og_description":"Sollicitatiebrief vertalen? Bestel nu online! \u2713 Ervaren vertalers \u2713 Alle talen \u2713 Voordelig geregeld \u2713 Snelle levertijden \u2713 Ook CV's \u2713 Behoud van opmaak","og_url":"https:\/\/www.ecrivus-multimedia.nl\/es\/producto\/traducir-carta-de-solicitud\/","og_site_name":"Ecrivus International Webshop","article_publisher":"https:\/\/www.facebook.com\/Ecrivus-International-676624782512639\/","article_modified_time":"2026-04-12T10:13:17+00:00","og_image":[{"width":1000,"height":668,"url":"https:\/\/www.ecrivus-multimedia.nl\/wp-content\/uploads\/2018\/07\/job-application.webp","type":"image\/webp"}],"twitter_card":"summary_large_image","twitter_site":"@ecrivusint","twitter_misc":{"Tiempo de lectura":"1 minuto"},"schema":{"@context":"https:\/\/schema.org","@graph":[{"@type":"WebPage","@id":"https:\/\/www.ecrivus-multimedia.nl\/product\/sollicitatiebrief-vertalen\/","url":"https:\/\/www.ecrivus-multimedia.nl\/product\/sollicitatiebrief-vertalen\/","name":"Sollicitatiebrief vertalen? 225+ talen. Bestel nu in onze webshop!","isPartOf":{"@id":"https:\/\/www.ecrivus-multimedia.nl\/#website"},"primaryImageOfPage":{"@id":"https:\/\/www.ecrivus-multimedia.nl\/product\/sollicitatiebrief-vertalen\/#primaryimage"},"image":{"@id":"https:\/\/www.ecrivus-multimedia.nl\/product\/sollicitatiebrief-vertalen\/#primaryimage"},"thumbnailUrl":"https:\/\/www.ecrivus-multimedia.nl\/wp-content\/uploads\/2026\/04\/lakstempel-drukken-document-vooraanzicht-2.jpg","datePublished":"2019-04-17T12:01:50+00:00","dateModified":"2026-04-12T10:13:17+00:00","description":"Sollicitatiebrief vertalen? Bestel nu online! \u2713 Ervaren vertalers \u2713 Alle talen \u2713 Voordelig geregeld \u2713 Snelle levertijden \u2713 Ook CV's \u2713 Behoud van opmaak","breadcrumb":{"@id":"https:\/\/www.ecrivus-multimedia.nl\/product\/sollicitatiebrief-vertalen\/#breadcrumb"},"inLanguage":"es","potentialAction":[{"@type":"ReadAction","target":["https:\/\/www.ecrivus-multimedia.nl\/product\/sollicitatiebrief-vertalen\/"]}]},{"@type":"ImageObject","inLanguage":"es","@id":"https:\/\/www.ecrivus-multimedia.nl\/product\/sollicitatiebrief-vertalen\/#primaryimage","url":"https:\/\/www.ecrivus-multimedia.nl\/wp-content\/uploads\/2026\/04\/lakstempel-drukken-document-vooraanzicht-2.jpg","contentUrl":"https:\/\/www.ecrivus-multimedia.nl\/wp-content\/uploads\/2026\/04\/lakstempel-drukken-document-vooraanzicht-2.jpg","width":1000,"height":667},{"@type":"BreadcrumbList","@id":"https:\/\/www.ecrivus-multimedia.nl\/product\/sollicitatiebrief-vertalen\/#breadcrumb","itemListElement":[{"@type":"ListItem","position":1,"name":"Home","item":"https:\/\/www.ecrivus-multimedia.nl\/"},{"@type":"ListItem","position":2,"name":"Shop","item":"https:\/\/www.ecrivus-multimedia.nl\/shop\/"},{"@type":"ListItem","position":3,"name":"Sollicitatiebrief vertalen"}]},{"@type":"WebSite","@id":"https:\/\/www.ecrivus-multimedia.nl\/#website","url":"https:\/\/www.ecrivus-multimedia.nl\/","name":"Ecrivus International Webshop","description":"Erkende webshop voor be\u00ebdigde vertalingen.","publisher":{"@id":"https:\/\/www.ecrivus-multimedia.nl\/#organization"},"potentialAction":[{"@type":"SearchAction","target":{"@type":"EntryPoint","urlTemplate":"https:\/\/www.ecrivus-multimedia.nl\/?s={search_term_string}"},"query-input":{"@type":"PropertyValueSpecification","valueRequired":true,"valueName":"search_term_string"}}],"inLanguage":"es"},{"@type":"Organization","@id":"https:\/\/www.ecrivus-multimedia.nl\/#organization","name":"Ecrivus International","url":"https:\/\/www.ecrivus-multimedia.nl\/","logo":{"@type":"ImageObject","inLanguage":"es","@id":"https:\/\/www.ecrivus-multimedia.nl\/#\/schema\/logo\/image\/","url":"https:\/\/www.ecrivus-multimedia.nl\/wp-content\/uploads\/2022\/01\/cropped-small-Logo-Ecrivus-Vector-Transparent2.png","contentUrl":"https:\/\/www.ecrivus-multimedia.nl\/wp-content\/uploads\/2022\/01\/cropped-small-Logo-Ecrivus-Vector-Transparent2.png","width":512,"height":512,"caption":"Ecrivus International"},"image":{"@id":"https:\/\/www.ecrivus-multimedia.nl\/#\/schema\/logo\/image\/"},"sameAs":["https:\/\/www.facebook.com\/Ecrivus-International-676624782512639\/","https:\/\/x.com\/ecrivusint"]}]}},"_links":{"self":[{"href":"https:\/\/www.ecrivus-multimedia.nl\/es\/wp-json\/wp\/v2\/product\/41309","targetHints":{"allow":["GET"]}}],"collection":[{"href":"https:\/\/www.ecrivus-multimedia.nl\/es\/wp-json\/wp\/v2\/product"}],"about":[{"href":"https:\/\/www.ecrivus-multimedia.nl\/es\/wp-json\/wp\/v2\/types\/product"}],"replies":[{"embeddable":true,"href":"https:\/\/www.ecrivus-multimedia.nl\/es\/wp-json\/wp\/v2\/comments?post=41309"}],"wp:featuredmedia":[{"embeddable":true,"href":"https:\/\/www.ecrivus-multimedia.nl\/es\/wp-json\/wp\/v2\/media\/132609"}],"wp:attachment":[{"href":"https:\/\/www.ecrivus-multimedia.nl\/es\/wp-json\/wp\/v2\/media?parent=41309"}],"wp:term":[{"taxonomy":"product_brand","embeddable":true,"href":"https:\/\/www.ecrivus-multimedia.nl\/es\/wp-json\/wp\/v2\/product_brand?post=41309"},{"taxonomy":"product_cat","embeddable":true,"href":"https:\/\/www.ecrivus-multimedia.nl\/es\/wp-json\/wp\/v2\/product_cat?post=41309"},{"taxonomy":"product_tag","embeddable":true,"href":"https:\/\/www.ecrivus-multimedia.nl\/es\/wp-json\/wp\/v2\/product_tag?post=41309"}],"curies":[{"name":"wp","href":"https:\/\/api.w.org\/{rel}","templated":true}]}}