{"id":42119,"date":"2019-05-17T13:04:57","date_gmt":"2019-05-17T11:04:57","guid":{"rendered":"https:\/\/www.ecrivus-multimedia.nl\/?post_type=product&#038;p=42119"},"modified":"2026-04-13T09:26:51","modified_gmt":"2026-04-13T07:26:51","slug":"live-chat-installatieservice","status":"publish","type":"product","link":"https:\/\/www.ecrivus-multimedia.nl\/es\/producto\/servicio-de-instalacion-de-chat-en-vivo\/","title":{"rendered":"Servicio de instalaci\u00f3n de chat en vivo"},"content":{"rendered":"<h4>Servicio de instalaci\u00f3n de chat en vivo<\/h4>\n<p>Wilt u graag <a href=\"https:\/\/www.ecrivus-multimedia.nl\/go\/chat\/\" title=\"go\/chat\" class=\"pretty-link-keyword\"rel=\"\">Live Chat<\/a> aanbieden op uw website om online met uw (potenti\u00eble) klanten te kunnen chatten? Het integreren van <a href=\"https:\/\/www.ecrivus-multimedia.nl\/go\/chat\/\" title=\"go\/chat\" class=\"pretty-link-keyword\"rel=\"\">Live Chat<\/a> op uw website is een ideale manier om live met uw klanten en leads te kunnen chatten en om real-time klantenondersteuning te kunnen bieden. Reageer direct op vragen van klanten en verhoog uw omzet! Wij hebben een installatieservice samengesteld waarmee u binnen 1 werkdag <a href=\"https:\/\/www.ecrivus-multimedia.nl\/go\/chat\/\" title=\"go\/chat\" class=\"pretty-link-keyword\"rel=\"\">Live Chat<\/a> kunt aanbieden op uw website(s). Het pakket dat wij hebben samengesteld is ideaal voor ZZP-ers en het MKB.<\/p>\n<p>El <a href=\"https:\/\/www.ecrivus-multimedia.nl\/go\/chat\/\" title=\"go\/chat\" class=\"pretty-link-keyword\"rel=\"\">Live Chat<\/a> die wij gebruiken is compatibel met alle type websites, ook als u WordPress, Drupal, Magento, Joomla, Concrete of andere CMS-pakketten gebruikt. De <a href=\"https:\/\/www.ecrivus-multimedia.nl\/go\/chat\/\" title=\"go\/chat\" class=\"pretty-link-keyword\"rel=\"\">Live Chat<\/a> functie die wij voor u installeren, is volledig <strong>libre de usar<\/strong>, er zijn geen maandelijks terugkerende kosten. De <a href=\"https:\/\/www.ecrivus-multimedia.nl\/go\/chat\/\" title=\"go\/chat\" class=\"pretty-link-keyword\"rel=\"\">Live Chat<\/a> software wordt tevens gratis en automatisch bijgewerkt naar de nieuwste versie.<\/p>\n<p>Nuestro <a href=\"https:\/\/www.ecrivus-multimedia.nl\/go\/live-chat-installatieservice\/\" title=\"Servicio de instalaci\u00f3n de chat en vivo\" class=\"pretty-link-keyword\"rel=\"\">Servicio de instalaci\u00f3n de chat en vivo<\/a> is een \u00e9\u00e9nmalige investering &#8211; er zijn geen terugkerende kosten. Bovendien kunnen deze kosten eenvoudig worden terugverdiend, aangezien het aanbieden van <a href=\"https:\/\/www.ecrivus-multimedia.nl\/go\/chat\/\" title=\"go\/chat\" class=\"pretty-link-keyword\"rel=\"\">Live Chat<\/a> uw omzet zal verhogen, doordat u live met uw leads en klanten kunt chatten.<\/p>\n<p>Ga vandaag nog aan de slag met het aanbieden van <a href=\"https:\/\/www.ecrivus-multimedia.nl\/go\/chat\/\" title=\"go\/chat\" class=\"pretty-link-keyword\"rel=\"\">Live Chat<\/a>!<\/p>\n<h4>Incluido en el servicio de instalaci\u00f3n:<\/h4>\n<ul>\n<li>Uploaden van het <a href=\"https:\/\/www.ecrivus-multimedia.nl\/go\/chat\/\" title=\"go\/chat\" class=\"pretty-link-keyword\"rel=\"\">Live Chat<\/a>-script naar uw webdomein (meest recente versie)<\/li>\n<li>Installatie van de <a href=\"https:\/\/www.ecrivus-multimedia.nl\/go\/chat\/\" title=\"go\/chat\" class=\"pretty-link-keyword\"rel=\"\">Live Chat<\/a> software<\/li>\n<li>Aanmaak van de beheerder (<a href=\"https:\/\/www.ecrivus-multimedia.nl\/go\/chat\/\" title=\"go\/chat\" class=\"pretty-link-keyword\"rel=\"\">Live Chat<\/a> Operator)<\/li>\n<li>Creaci\u00f3n de cinco atajos (mensajes guardados que se pueden reutilizar)<\/li>\n<li>Creaci\u00f3n de 1 disparador (mensajes autom\u00e1ticos a leads\/clientes que visitan tu sitio web)<\/li>\n<li>Instellen van tijdsplanning (wanneer uw <a href=\"https:\/\/www.ecrivus-multimedia.nl\/go\/chat\/\" title=\"go\/chat\" class=\"pretty-link-keyword\"rel=\"\">Live Chat<\/a> automatisch online\/offline is)<\/li>\n<\/ul>\n<h4>El software de chat en vivo incluye las siguientes opciones:<\/h4>\n<ul>\n<li>Uso de atajos (mensajes de bienvenida, preguntas est\u00e1ndar, etc. pueden almacenarse en la memoria y enviarse inmediatamente)<\/li>\n<li>Gebruik van triggers (start automatisch een <a href=\"https:\/\/www.ecrivus-multimedia.nl\/go\/chat\/\" title=\"go\/chat\" class=\"pretty-link-keyword\"rel=\"\">Live Chat<\/a> met uw bezoeker na bijvoorbeeld 1 minuut of het bezoeken van een bepaalde pagina).<\/li>\n<li>Ticket-systeem (als de <a href=\"https:\/\/www.ecrivus-multimedia.nl\/go\/chat\/\" title=\"go\/chat\" class=\"pretty-link-keyword\"rel=\"\">Live Chat<\/a> offline is, kunnen bezoekers tickets\/e-mails verzenden die in uw <a href=\"https:\/\/www.ecrivus-multimedia.nl\/go\/chat\/\" title=\"go\/chat\" class=\"pretty-link-keyword\"rel=\"\">Live Chat<\/a> configuratiescherm worden weergegeven)<\/li>\n<li>Toegang tot de <a href=\"https:\/\/www.ecrivus-multimedia.nl\/go\/chat\/\" title=\"go\/chat\" class=\"pretty-link-keyword\"rel=\"\">Live Chat<\/a> <a href=\"https:\/\/www.ecrivus-multimedia.nl\/go\/app-vertalen\/\" title=\"\u00bfTraducir aplicaci\u00f3n? \u2713 Android\u00ae \u2713 iOs\u00ae \u2713 Web \u2713 \u00a1Haga su pedido en l\u00ednea ahora! \u2713 Precio fijo\" class=\"pretty-link-keyword\"rel=\"\">aplicaci\u00f3n<\/a> kan zowel vanuit uw browser als vanuit een Windows applicatie. Het is zelfs mogelijk om via uw smartphone de offici\u00eble <a href=\"https:\/\/www.ecrivus-multimedia.nl\/go\/chat\/\" title=\"go\/chat\" class=\"pretty-link-keyword\"rel=\"\">Live Chat<\/a> <a href=\"https:\/\/www.ecrivus-multimedia.nl\/go\/app-vertalen\/\" title=\"\u00bfTraducir aplicaci\u00f3n? \u2713 Android\u00ae \u2713 iOs\u00ae \u2713 Web \u2713 \u00a1Haga su pedido en l\u00ednea ahora! \u2713 Precio fijo\" class=\"pretty-link-keyword\"rel=\"\">aplicaci\u00f3n<\/a> para descargar (disponible para iOS\u00ae y Android\u00ae).<\/li>\n<li>Notificaciones de nuevos visitantes del sitio web<\/li>\n<li>Informe\/<a href=\"https:\/\/www.ecrivus-multimedia.nl\/go\/analyserapport-beedigde-vertaling-met-stempel\/\" title=\"\u00bfQuieres traducir un informe de an\u00e1lisis jurado? \u00a1Haz tu pedido en nuestra tienda web!\" class=\"pretty-link-keyword\"rel=\"\">an\u00e1lisis<\/a> del tr\u00e1fico del sitio web<\/li>\n<li>Crear departamentos (por ejemplo, &#039;ventas&#039; y &#039;soporte&#039;)<\/li>\n<li>Cumple con el RGPD<\/li>\n<li>Numerosas plantillas para maquetaci\u00f3n y posicionamiento en tu web<\/li>\n<li>El <a href=\"https:\/\/www.ecrivus-multimedia.nl\/go\/chat\/\" title=\"go\/chat\" class=\"pretty-link-keyword\"rel=\"\">Live Chat<\/a> kan op \u00e9\u00e9n pagina, specifieke pagina's, of op elke pagina van uw website worden geplaatst.<\/li>\n<li>Y mucho m\u00e1s\u2026<\/li>\n<\/ul>\n<p><strong>Requisitos:<\/strong><\/p>\n<ul>\n<li>Tienes un dominio web activo con acceso a tu servidor FTP. Para el servicio de instalaci\u00f3n es necesario que nos proporciones esta informaci\u00f3n. Despu\u00e9s de completar la instalaci\u00f3n, puede cambiar los datos de inicio de sesi\u00f3n. Puede ingresar sus datos de inicio de sesi\u00f3n para el servidor FTP durante el pago <strong>Pedidos<\/strong> (onder &#8216;Extra informatie'). Desgewenst kunt u ons deze ook apart per e-mail toezenden (info@ecrivus-multimedia.nl) of telefonisch: +31(0)43-365-5801.<\/li>\n<\/ul>\n<p><strong>El tiempo de entrega:<\/strong><\/p>\n<p>1-2 d\u00edas h\u00e1biles<\/p>\n<p>Deze dienst omvat enkel de installatie van een <a href=\"https:\/\/www.ecrivus-multimedia.nl\/go\/chat\/\" title=\"go\/chat\" class=\"pretty-link-keyword\"rel=\"\">Live Chat<\/a> softwarepakket op uw webserver en het klaarmaken hiervan voor gebruik door uw medewerkers. De <a href=\"https:\/\/www.ecrivus-multimedia.nl\/go\/chat\/\" title=\"go\/chat\" class=\"pretty-link-keyword\"rel=\"\">Live Chat<\/a> software wordt ontwikkeld door derden. Het gebruik van deze software is gratis, maar er zijn voor deze software betaalde &#8216;add-ons' beschikbaar (deze zijn niet vereist voor de werking van de software). Deze betaalde add-ons zijn niet inbegrepen bij onze installatieservice. Indien u specifieke vragen heeft over het <a href=\"https:\/\/www.ecrivus-multimedia.nl\/go\/chat\/\" title=\"go\/chat\" class=\"pretty-link-keyword\"rel=\"\">Live Chat<\/a> software pakket of een demo wil aanvragen, <a href=\"https:\/\/www.ecrivus-multimedia.nl\/es\/contacto\/\">Si\u00e9ntete libre de contactarnos<\/a>.<\/p>","protected":false},"excerpt":{"rendered":"<p>Servicio de instalaci\u00f3n de Chat en vivo. \u00a1Tu Chat en Vivo online de forma r\u00e1pida y econ\u00f3mica! Costos \u00fanicos.<\/p>","protected":false},"featured_media":132695,"comment_status":"open","ping_status":"closed","template":"","meta":{"_acf_changed":false,"_glsr_average":0,"_glsr_ranking":0,"_glsr_reviews":0,"_joinchat":[]},"product_brand":[],"product_cat":[15288],"product_tag":[],"class_list":{"0":"post-42119","1":"product","2":"type-product","3":"status-publish","4":"has-post-thumbnail","6":"product_cat-web-app-ontwikkeling","8":"first","9":"instock","10":"virtual","11":"sold-individually","12":"taxable","13":"purchasable","14":"product-type-simple"},"acf":[],"yoast_head":"<!-- This site is optimized with the Yoast SEO plugin v27.4 - https:\/\/yoast.com\/product\/yoast-seo-wordpress\/ -->\n<title>Gratis Live Chat toevoegen aan uw website? Live Chat installatieservice<\/title>\n<meta name=\"description\" content=\"Hulp nodig bij het installeren van Live Chat software op uw website? Snelle en voordelige installatieservice van Live Chat. Bestel nu online!\" \/>\n<meta name=\"robots\" content=\"index, follow, max-snippet:-1, max-image-preview:large, max-video-preview:-1\" \/>\n<link rel=\"canonical\" href=\"https:\/\/www.ecrivus-multimedia.nl\/es\/producto\/servicio-de-instalacion-de-chat-en-vivo\/\" \/>\n<meta property=\"og:locale\" content=\"es_ES\" \/>\n<meta property=\"og:type\" content=\"article\" \/>\n<meta property=\"og:title\" content=\"Gratis Live Chat toevoegen aan uw website? Live Chat installatieservice\" \/>\n<meta property=\"og:description\" content=\"Hulp nodig bij het installeren van Live Chat software op uw website? Snelle en voordelige installatieservice van Live Chat. Bestel nu online!\" \/>\n<meta property=\"og:url\" content=\"https:\/\/www.ecrivus-multimedia.nl\/es\/producto\/servicio-de-instalacion-de-chat-en-vivo\/\" \/>\n<meta property=\"og:site_name\" content=\"Ecrivus International Webshop\" \/>\n<meta property=\"article:publisher\" content=\"https:\/\/www.facebook.com\/Ecrivus-International-676624782512639\/\" \/>\n<meta property=\"article:modified_time\" content=\"2026-04-13T07:26:51+00:00\" \/>\n<meta property=\"og:image\" content=\"https:\/\/www.ecrivus-multimedia.nl\/wp-content\/uploads\/2019\/05\/17072108_3557-scaled.webp\" \/>\n\t<meta property=\"og:image:width\" content=\"2560\" \/>\n\t<meta property=\"og:image:height\" content=\"2560\" \/>\n\t<meta property=\"og:image:type\" content=\"image\/webp\" \/>\n<meta name=\"twitter:card\" content=\"summary_large_image\" \/>\n<meta name=\"twitter:site\" content=\"@ecrivusint\" \/>\n<meta name=\"twitter:label1\" content=\"Tiempo de lectura\" \/>\n\t<meta name=\"twitter:data1\" content=\"3 minutos\" \/>\n<script type=\"application\/ld+json\" class=\"yoast-schema-graph\">{\"@context\":\"https:\\\/\\\/schema.org\",\"@graph\":[{\"@type\":\"WebPage\",\"@id\":\"https:\\\/\\\/www.ecrivus-multimedia.nl\\\/product\\\/live-chat-installatieservice\\\/\",\"url\":\"https:\\\/\\\/www.ecrivus-multimedia.nl\\\/product\\\/live-chat-installatieservice\\\/\",\"name\":\"Gratis Live Chat toevoegen aan uw website? Live Chat installatieservice\",\"isPartOf\":{\"@id\":\"https:\\\/\\\/www.ecrivus-multimedia.nl\\\/#website\"},\"primaryImageOfPage\":{\"@id\":\"https:\\\/\\\/www.ecrivus-multimedia.nl\\\/product\\\/live-chat-installatieservice\\\/#primaryimage\"},\"image\":{\"@id\":\"https:\\\/\\\/www.ecrivus-multimedia.nl\\\/product\\\/live-chat-installatieservice\\\/#primaryimage\"},\"thumbnailUrl\":\"https:\\\/\\\/www.ecrivus-multimedia.nl\\\/wp-content\\\/uploads\\\/2019\\\/05\\\/17072108_3557-scaled.webp\",\"datePublished\":\"2019-05-17T11:04:57+00:00\",\"dateModified\":\"2026-04-13T07:26:51+00:00\",\"description\":\"Hulp nodig bij het installeren van Live Chat software op uw website? Snelle en voordelige installatieservice van Live Chat. Bestel nu online!\",\"breadcrumb\":{\"@id\":\"https:\\\/\\\/www.ecrivus-multimedia.nl\\\/product\\\/live-chat-installatieservice\\\/#breadcrumb\"},\"inLanguage\":\"es\",\"potentialAction\":[{\"@type\":\"ReadAction\",\"target\":[\"https:\\\/\\\/www.ecrivus-multimedia.nl\\\/product\\\/live-chat-installatieservice\\\/\"]}]},{\"@type\":\"ImageObject\",\"inLanguage\":\"es\",\"@id\":\"https:\\\/\\\/www.ecrivus-multimedia.nl\\\/product\\\/live-chat-installatieservice\\\/#primaryimage\",\"url\":\"https:\\\/\\\/www.ecrivus-multimedia.nl\\\/wp-content\\\/uploads\\\/2019\\\/05\\\/17072108_3557-scaled.webp\",\"contentUrl\":\"https:\\\/\\\/www.ecrivus-multimedia.nl\\\/wp-content\\\/uploads\\\/2019\\\/05\\\/17072108_3557-scaled.webp\",\"width\":2560,\"height\":2560},{\"@type\":\"BreadcrumbList\",\"@id\":\"https:\\\/\\\/www.ecrivus-multimedia.nl\\\/product\\\/live-chat-installatieservice\\\/#breadcrumb\",\"itemListElement\":[{\"@type\":\"ListItem\",\"position\":1,\"name\":\"Home\",\"item\":\"https:\\\/\\\/www.ecrivus-multimedia.nl\\\/\"},{\"@type\":\"ListItem\",\"position\":2,\"name\":\"Shop\",\"item\":\"https:\\\/\\\/www.ecrivus-multimedia.nl\\\/shop\\\/\"},{\"@type\":\"ListItem\",\"position\":3,\"name\":\"Live Chat Installatieservice\"}]},{\"@type\":\"WebSite\",\"@id\":\"https:\\\/\\\/www.ecrivus-multimedia.nl\\\/#website\",\"url\":\"https:\\\/\\\/www.ecrivus-multimedia.nl\\\/\",\"name\":\"Ecrivus International Webshop\",\"description\":\"Erkende webshop voor be\u00ebdigde vertalingen.\",\"publisher\":{\"@id\":\"https:\\\/\\\/www.ecrivus-multimedia.nl\\\/#organization\"},\"potentialAction\":[{\"@type\":\"SearchAction\",\"target\":{\"@type\":\"EntryPoint\",\"urlTemplate\":\"https:\\\/\\\/www.ecrivus-multimedia.nl\\\/?s={search_term_string}\"},\"query-input\":{\"@type\":\"PropertyValueSpecification\",\"valueRequired\":true,\"valueName\":\"search_term_string\"}}],\"inLanguage\":\"es\"},{\"@type\":\"Organization\",\"@id\":\"https:\\\/\\\/www.ecrivus-multimedia.nl\\\/#organization\",\"name\":\"Ecrivus International\",\"url\":\"https:\\\/\\\/www.ecrivus-multimedia.nl\\\/\",\"logo\":{\"@type\":\"ImageObject\",\"inLanguage\":\"es\",\"@id\":\"https:\\\/\\\/www.ecrivus-multimedia.nl\\\/#\\\/schema\\\/logo\\\/image\\\/\",\"url\":\"https:\\\/\\\/www.ecrivus-multimedia.nl\\\/wp-content\\\/uploads\\\/2022\\\/01\\\/cropped-small-Logo-Ecrivus-Vector-Transparent2.png\",\"contentUrl\":\"https:\\\/\\\/www.ecrivus-multimedia.nl\\\/wp-content\\\/uploads\\\/2022\\\/01\\\/cropped-small-Logo-Ecrivus-Vector-Transparent2.png\",\"width\":512,\"height\":512,\"caption\":\"Ecrivus International\"},\"image\":{\"@id\":\"https:\\\/\\\/www.ecrivus-multimedia.nl\\\/#\\\/schema\\\/logo\\\/image\\\/\"},\"sameAs\":[\"https:\\\/\\\/www.facebook.com\\\/Ecrivus-International-676624782512639\\\/\",\"https:\\\/\\\/x.com\\\/ecrivusint\"]}]}<\/script>\n<!-- \/ Yoast SEO plugin. -->","yoast_head_json":{"title":"Gratis Live Chat toevoegen aan uw website? Live Chat installatieservice","description":"Hulp nodig bij het installeren van Live Chat software op uw website? Snelle en voordelige installatieservice van Live Chat. Bestel nu online!","robots":{"index":"index","follow":"follow","max-snippet":"max-snippet:-1","max-image-preview":"max-image-preview:large","max-video-preview":"max-video-preview:-1"},"canonical":"https:\/\/www.ecrivus-multimedia.nl\/es\/producto\/servicio-de-instalacion-de-chat-en-vivo\/","og_locale":"es_ES","og_type":"article","og_title":"Gratis Live Chat toevoegen aan uw website? Live Chat installatieservice","og_description":"Hulp nodig bij het installeren van Live Chat software op uw website? Snelle en voordelige installatieservice van Live Chat. Bestel nu online!","og_url":"https:\/\/www.ecrivus-multimedia.nl\/es\/producto\/servicio-de-instalacion-de-chat-en-vivo\/","og_site_name":"Ecrivus International Webshop","article_publisher":"https:\/\/www.facebook.com\/Ecrivus-International-676624782512639\/","article_modified_time":"2026-04-13T07:26:51+00:00","og_image":[{"width":2560,"height":2560,"url":"https:\/\/www.ecrivus-multimedia.nl\/wp-content\/uploads\/2019\/05\/17072108_3557-scaled.webp","type":"image\/webp"}],"twitter_card":"summary_large_image","twitter_site":"@ecrivusint","twitter_misc":{"Tiempo de lectura":"3 minutos"},"schema":{"@context":"https:\/\/schema.org","@graph":[{"@type":"WebPage","@id":"https:\/\/www.ecrivus-multimedia.nl\/product\/live-chat-installatieservice\/","url":"https:\/\/www.ecrivus-multimedia.nl\/product\/live-chat-installatieservice\/","name":"Gratis Live Chat toevoegen aan uw website? Live Chat installatieservice","isPartOf":{"@id":"https:\/\/www.ecrivus-multimedia.nl\/#website"},"primaryImageOfPage":{"@id":"https:\/\/www.ecrivus-multimedia.nl\/product\/live-chat-installatieservice\/#primaryimage"},"image":{"@id":"https:\/\/www.ecrivus-multimedia.nl\/product\/live-chat-installatieservice\/#primaryimage"},"thumbnailUrl":"https:\/\/www.ecrivus-multimedia.nl\/wp-content\/uploads\/2019\/05\/17072108_3557-scaled.webp","datePublished":"2019-05-17T11:04:57+00:00","dateModified":"2026-04-13T07:26:51+00:00","description":"Hulp nodig bij het installeren van Live Chat software op uw website? Snelle en voordelige installatieservice van Live Chat. Bestel nu online!","breadcrumb":{"@id":"https:\/\/www.ecrivus-multimedia.nl\/product\/live-chat-installatieservice\/#breadcrumb"},"inLanguage":"es","potentialAction":[{"@type":"ReadAction","target":["https:\/\/www.ecrivus-multimedia.nl\/product\/live-chat-installatieservice\/"]}]},{"@type":"ImageObject","inLanguage":"es","@id":"https:\/\/www.ecrivus-multimedia.nl\/product\/live-chat-installatieservice\/#primaryimage","url":"https:\/\/www.ecrivus-multimedia.nl\/wp-content\/uploads\/2019\/05\/17072108_3557-scaled.webp","contentUrl":"https:\/\/www.ecrivus-multimedia.nl\/wp-content\/uploads\/2019\/05\/17072108_3557-scaled.webp","width":2560,"height":2560},{"@type":"BreadcrumbList","@id":"https:\/\/www.ecrivus-multimedia.nl\/product\/live-chat-installatieservice\/#breadcrumb","itemListElement":[{"@type":"ListItem","position":1,"name":"Home","item":"https:\/\/www.ecrivus-multimedia.nl\/"},{"@type":"ListItem","position":2,"name":"Shop","item":"https:\/\/www.ecrivus-multimedia.nl\/shop\/"},{"@type":"ListItem","position":3,"name":"Live Chat Installatieservice"}]},{"@type":"WebSite","@id":"https:\/\/www.ecrivus-multimedia.nl\/#website","url":"https:\/\/www.ecrivus-multimedia.nl\/","name":"Ecrivus International Webshop","description":"Erkende webshop voor be\u00ebdigde vertalingen.","publisher":{"@id":"https:\/\/www.ecrivus-multimedia.nl\/#organization"},"potentialAction":[{"@type":"SearchAction","target":{"@type":"EntryPoint","urlTemplate":"https:\/\/www.ecrivus-multimedia.nl\/?s={search_term_string}"},"query-input":{"@type":"PropertyValueSpecification","valueRequired":true,"valueName":"search_term_string"}}],"inLanguage":"es"},{"@type":"Organization","@id":"https:\/\/www.ecrivus-multimedia.nl\/#organization","name":"Ecrivus International","url":"https:\/\/www.ecrivus-multimedia.nl\/","logo":{"@type":"ImageObject","inLanguage":"es","@id":"https:\/\/www.ecrivus-multimedia.nl\/#\/schema\/logo\/image\/","url":"https:\/\/www.ecrivus-multimedia.nl\/wp-content\/uploads\/2022\/01\/cropped-small-Logo-Ecrivus-Vector-Transparent2.png","contentUrl":"https:\/\/www.ecrivus-multimedia.nl\/wp-content\/uploads\/2022\/01\/cropped-small-Logo-Ecrivus-Vector-Transparent2.png","width":512,"height":512,"caption":"Ecrivus International"},"image":{"@id":"https:\/\/www.ecrivus-multimedia.nl\/#\/schema\/logo\/image\/"},"sameAs":["https:\/\/www.facebook.com\/Ecrivus-International-676624782512639\/","https:\/\/x.com\/ecrivusint"]}]}},"_links":{"self":[{"href":"https:\/\/www.ecrivus-multimedia.nl\/es\/wp-json\/wp\/v2\/product\/42119","targetHints":{"allow":["GET"]}}],"collection":[{"href":"https:\/\/www.ecrivus-multimedia.nl\/es\/wp-json\/wp\/v2\/product"}],"about":[{"href":"https:\/\/www.ecrivus-multimedia.nl\/es\/wp-json\/wp\/v2\/types\/product"}],"replies":[{"embeddable":true,"href":"https:\/\/www.ecrivus-multimedia.nl\/es\/wp-json\/wp\/v2\/comments?post=42119"}],"wp:featuredmedia":[{"embeddable":true,"href":"https:\/\/www.ecrivus-multimedia.nl\/es\/wp-json\/wp\/v2\/media\/132695"}],"wp:attachment":[{"href":"https:\/\/www.ecrivus-multimedia.nl\/es\/wp-json\/wp\/v2\/media?parent=42119"}],"wp:term":[{"taxonomy":"product_brand","embeddable":true,"href":"https:\/\/www.ecrivus-multimedia.nl\/es\/wp-json\/wp\/v2\/product_brand?post=42119"},{"taxonomy":"product_cat","embeddable":true,"href":"https:\/\/www.ecrivus-multimedia.nl\/es\/wp-json\/wp\/v2\/product_cat?post=42119"},{"taxonomy":"product_tag","embeddable":true,"href":"https:\/\/www.ecrivus-multimedia.nl\/es\/wp-json\/wp\/v2\/product_tag?post=42119"}],"curies":[{"name":"wp","href":"https:\/\/api.w.org\/{rel}","templated":true}]}}