{"id":42156,"date":"2019-05-24T14:23:22","date_gmt":"2019-05-24T12:23:22","guid":{"rendered":"https:\/\/www.ecrivus-multimedia.nl\/?post_type=product&#038;p=42156"},"modified":"2026-04-13T09:24:47","modified_gmt":"2026-04-13T07:24:47","slug":"app-vertalen","status":"publish","type":"product","link":"https:\/\/www.ecrivus-multimedia.nl\/es\/producto\/traducir-aplicacion\/","title":{"rendered":"Traducir Android\u00ae, iOS\u00ae o aplicaci\u00f3n web"},"content":{"rendered":"<h4><span style=\"font-size: 12pt;\">Traducir Android\u00ae, iOS\u00ae o aplicaci\u00f3n web<\/span><\/h4>\n<h4><strong>Traducir una aplicaci\u00f3n es nuestra <em>negocio principal<\/em><\/strong><\/h4>\n<p>Nuestro trabajo cada d\u00eda <a href=\"https:\/\/www.ecrivus.nl\/talen-2\/\" target=\"_blank\" rel=\"noopener noreferrer\"><em>hablante nativo<\/em> traductores<\/a> que se especializan en <a href=\"https:\/\/www.ecrivus-multimedia.nl\/go\/app-vertalen\/\" title=\"\u00bfTraducir aplicaci\u00f3n? \u2713 Android\u00ae \u2713 iOs\u00ae \u2713 Web \u2713 \u00a1Haga su pedido en l\u00ednea ahora! \u2713 Precio fijo\" class=\"pretty-link-keyword\"rel=\"\">aplicaci\u00f3n<\/a> traducciones a varios <a href=\"https:\/\/www.ecrivus.nl\/taaldiensten\/\" target=\"_blank\" rel=\"noopener noreferrer\">proyectos de traducci\u00f3n<\/a> para aplicaciones (m\u00f3viles). Conocen la jerga, se aseguran de que los textos se adapten perfectamente a su grupo objetivo y funcionen con mucha precisi\u00f3n. Tambi\u00e9n asociado <a href=\"https:\/\/www.ecrivus.nl\/marketing-vertalingen\/\" target=\"_blank\" rel=\"noopener noreferrer\">sitios web de marketing<\/a> Podemos traducir sin esfuerzo material promocional en l\u00ednea. \u00bfMejor de todo? con una buena <a href=\"https:\/\/www.ecrivus-multimedia.nl\/go\/app-vertalen\/\" title=\"\u00bfTraducir aplicaci\u00f3n? \u2713 Android\u00ae \u2713 iOs\u00ae \u2713 Web \u2713 \u00a1Haga su pedido en l\u00ednea ahora! \u2713 Precio fijo\" class=\"pretty-link-keyword\"rel=\"\">aplicaci\u00f3n<\/a>-traducci\u00f3n puedes usar tu <a href=\"https:\/\/www.ecrivus-multimedia.nl\/go\/app-vertalen\/\" title=\"\u00bfTraducir aplicaci\u00f3n? \u2713 Android\u00ae \u2713 iOs\u00ae \u2713 Web \u2713 \u00a1Haga su pedido en l\u00ednea ahora! \u2713 Precio fijo\" class=\"pretty-link-keyword\"rel=\"\">aplicaci\u00f3n<\/a> disponible para todo el mundo. Pi\u00e9nsalo; simplemente traduciendo el <a href=\"https:\/\/www.ecrivus-multimedia.nl\/go\/app-vertalen\/\" title=\"\u00bfTraducir aplicaci\u00f3n? \u2713 Android\u00ae \u2713 iOs\u00ae \u2713 Web \u2713 \u00a1Haga su pedido en l\u00ednea ahora! \u2713 Precio fijo\" class=\"pretty-link-keyword\"rel=\"\">aplicaci\u00f3n<\/a> al ingl\u00e9s puedes llegar a usuarios de Estados Unidos, Gran Breta\u00f1a, Canad\u00e1, Australia y muchos otros pa\u00edses. Y como somos m\u00e1s que... <a href=\"https:\/\/www.ecrivus.nl\/talen-2\/\" target=\"_blank\" rel=\"noopener noreferrer\">M\u00e1s de 225 idiomas<\/a> oferta, las posibilidades son infinitas. Nunca antes fue uno profesional. <a href=\"https:\/\/www.ecrivus-multimedia.nl\/go\/app-vertalen\/\" title=\"\u00bfTraducir aplicaci\u00f3n? \u2713 Android\u00ae \u2713 iOs\u00ae \u2713 Web \u2713 \u00a1Haga su pedido en l\u00ednea ahora! \u2713 Precio fijo\" class=\"pretty-link-keyword\"rel=\"\">traducir aplicaci\u00f3n<\/a> \u00a1Qu\u00e9 simple y transparente!<\/p>\n<p style=\"text-align: center;\"><a href=\"https:\/\/www.ecrivus-multimedia.nl\/es\/paquetes-de-traduccion-de-aplicaciones\/\" class=\"su-button su-button-style-default\" style=\"color:#FFFFFF;background-color:#2D89EF;border-color:#246ec0;border-radius:7px\" target=\"_blank\" rel=\"noopener noreferrer\"><span style=\"color:#FFFFFF;padding:7px 20px;font-size:16px;line-height:24px;border-color:#6cadf4;border-radius:7px;text-shadow:none\"><i class=\"sui sui-arrow-right\" style=\"font-size:16px;color:#FFFFFF\"><\/i> Vea nuestros paquetes de traducci\u00f3n de aplicaciones aqu\u00ed.<\/span><\/a>\n<p>\u00bfQuieres tu <a href=\"https:\/\/www.ecrivus-multimedia.nl\/go\/app-vertalen\/\" title=\"\u00bfTraducir aplicaci\u00f3n? \u2713 Android\u00ae \u2713 iOs\u00ae \u2713 Web \u2713 \u00a1Haga su pedido en l\u00ednea ahora! \u2713 Precio fijo\" class=\"pretty-link-keyword\"rel=\"\">aplicaci\u00f3n<\/a> \u00bfHas traducido, pero a\u00fan no sabes qu\u00e9 idiomas puedes utilizar para llegar a la mayor cantidad de personas? Entonces l\u00e9elo <a href=\"https:\/\/nl.wikipedia.org\/wiki\/Lijst_van_talen_naar_moedertaalsprekers\" target=\"_blank\" rel=\"noopener noreferrer\">este art\u00edculo de Wikipedia<\/a>. Esta p\u00e1gina muestra el n\u00famero de hablantes nativos por idioma.<\/p>\n<p><strong>Informaci\u00f3n adicional <a href=\"https:\/\/www.ecrivus-multimedia.nl\/go\/app-vertalen\/\" title=\"\u00bfTraducir aplicaci\u00f3n? \u2713 Android\u00ae \u2713 iOs\u00ae \u2713 Web \u2713 \u00a1Haga su pedido en l\u00ednea ahora! \u2713 Precio fijo\" class=\"pretty-link-keyword\"rel=\"\">traducir aplicaci\u00f3n<\/a>:<\/strong><\/p>\n<ul>\n<li>Despu\u00e9s de recibir su pedido, analizamos el recuento total de palabras de los archivos suministrados. Si el n\u00famero total de palabras est\u00e1 dentro del paquete de traducci\u00f3n elegido, comenzaremos de inmediato. Si parece haber m\u00e1s o menos palabras que el paquete seleccionado, nos comunicaremos con usted primero.<\/li>\n<li>Si tenemos preguntas sobre el texto o durante la preparaci\u00f3n del proyecto o durante la traducci\u00f3n <a href=\"https:\/\/www.ecrivus-multimedia.nl\/go\/app-vertalen\/\" title=\"\u00bfTraducir aplicaci\u00f3n? \u2713 Android\u00ae \u2713 iOs\u00ae \u2713 Web \u2713 \u00a1Haga su pedido en l\u00ednea ahora! \u2713 Precio fijo\" class=\"pretty-link-keyword\"rel=\"\">aplicaci\u00f3n<\/a>, se lo haremos saber oportunamente.<\/li>\n<li>Zijn er bijzonderheden met betrekking tot variabele inhoud, dynamische content of tags? Of wilt u andere vertaalinstructies meegeven? Vermeld deze in het notities-gedeelte bij het afrekenen of stuur ons een e-mail: info@ecrivus-multimedia.nl of info@ecrivus.nl.<\/li>\n<li>Los precios de los paquetes mencionados aplican por idioma y no incluyen el IVA 21%. \u00bfQuieres el <a href=\"https:\/\/www.ecrivus-multimedia.nl\/go\/app-vertalen\/\" title=\"\u00bfTraducir aplicaci\u00f3n? \u2713 Android\u00ae \u2713 iOs\u00ae \u2713 Web \u2713 \u00a1Haga su pedido en l\u00ednea ahora! \u2713 Precio fijo\" class=\"pretty-link-keyword\"rel=\"\">aplicaci\u00f3n<\/a> \u00bfEst\u00e1 traducido a varios idiomas? Luego agregue esto por separado a su pedido.<\/li>\n<\/ul>","protected":false},"excerpt":{"rendered":"<p>Traducci\u00f3n de aplicaciones profesional por traductores de aplicaciones especializados (hablantes nativos). Puede agregar los archivos fuente de la aplicaci\u00f3n que deben traducirse en la p\u00e1gina de pago despu\u00e9s de agregar el servicio al carrito.<\/p>","protected":false},"featured_media":132693,"comment_status":"open","ping_status":"closed","template":"","meta":{"_acf_changed":false,"_glsr_average":0,"_glsr_ranking":0,"_glsr_reviews":0,"_joinchat":[]},"product_brand":[],"product_cat":[15301],"product_tag":[],"class_list":{"0":"post-42156","1":"product","2":"type-product","3":"status-publish","4":"has-post-thumbnail","6":"product_cat-web-app-vertalingen","8":"first","9":"instock","10":"sold-individually","11":"taxable","12":"shipping-taxable","13":"purchasable","14":"product-type-variable"},"acf":[],"yoast_head":"<!-- This site is optimized with the Yoast SEO plugin v27.4 - https:\/\/yoast.com\/product\/yoast-seo-wordpress\/ -->\n<title>App vertalen? \u2713 Android\u00ae \u2713 iOs\u00ae \u2713 Web \u2713 Bestel nu online! \u2713 Vaste prijs<\/title>\n<meta name=\"description\" content=\"Uw app vertalen en lanceren in andere landen? Wij lokaliseren en vertalen alle apps. \u2713 Vaste prijs \u2713 Alle bestandsformaten \u2713 Online bestellen \u2713 225+ talen\" \/>\n<meta name=\"robots\" content=\"index, follow, max-snippet:-1, max-image-preview:large, max-video-preview:-1\" \/>\n<link rel=\"canonical\" href=\"https:\/\/www.ecrivus-multimedia.nl\/es\/producto\/traducir-aplicacion\/\" \/>\n<meta property=\"og:locale\" content=\"es_ES\" \/>\n<meta property=\"og:type\" content=\"article\" \/>\n<meta property=\"og:title\" content=\"App vertalen? \u2713 Android\u00ae \u2713 iOs\u00ae \u2713 Web \u2713 Bestel nu online! \u2713 Vaste prijs\" \/>\n<meta property=\"og:description\" content=\"Uw app vertalen en lanceren in andere landen? Wij lokaliseren en vertalen alle apps. \u2713 Vaste prijs \u2713 Alle bestandsformaten \u2713 Online bestellen \u2713 225+ talen\" \/>\n<meta property=\"og:url\" content=\"https:\/\/www.ecrivus-multimedia.nl\/es\/producto\/traducir-aplicacion\/\" \/>\n<meta property=\"og:site_name\" content=\"Ecrivus International Webshop\" \/>\n<meta property=\"article:publisher\" content=\"https:\/\/www.facebook.com\/Ecrivus-International-676624782512639\/\" \/>\n<meta property=\"article:modified_time\" content=\"2026-04-13T07:24:47+00:00\" \/>\n<meta property=\"og:image\" content=\"https:\/\/www.ecrivus-multimedia.nl\/wp-content\/uploads\/2019\/05\/laptop-digitale-apps-online-diensten.jpg\" \/>\n\t<meta property=\"og:image:width\" content=\"1000\" \/>\n\t<meta property=\"og:image:height\" content=\"658\" \/>\n\t<meta property=\"og:image:type\" content=\"image\/jpeg\" \/>\n<meta name=\"twitter:card\" content=\"summary_large_image\" \/>\n<meta name=\"twitter:site\" content=\"@ecrivusint\" \/>\n<meta name=\"twitter:label1\" content=\"Tiempo de lectura\" \/>\n\t<meta name=\"twitter:data1\" content=\"2 minutos\" \/>\n<script type=\"application\/ld+json\" class=\"yoast-schema-graph\">{\"@context\":\"https:\\\/\\\/schema.org\",\"@graph\":[{\"@type\":\"WebPage\",\"@id\":\"https:\\\/\\\/www.ecrivus-multimedia.nl\\\/product\\\/app-vertalen\\\/\",\"url\":\"https:\\\/\\\/www.ecrivus-multimedia.nl\\\/product\\\/app-vertalen\\\/\",\"name\":\"App vertalen? \u2713 Android\u00ae \u2713 iOs\u00ae \u2713 Web \u2713 Bestel nu online! \u2713 Vaste prijs\",\"isPartOf\":{\"@id\":\"https:\\\/\\\/www.ecrivus-multimedia.nl\\\/#website\"},\"primaryImageOfPage\":{\"@id\":\"https:\\\/\\\/www.ecrivus-multimedia.nl\\\/product\\\/app-vertalen\\\/#primaryimage\"},\"image\":{\"@id\":\"https:\\\/\\\/www.ecrivus-multimedia.nl\\\/product\\\/app-vertalen\\\/#primaryimage\"},\"thumbnailUrl\":\"https:\\\/\\\/www.ecrivus-multimedia.nl\\\/wp-content\\\/uploads\\\/2019\\\/05\\\/laptop-digitale-apps-online-diensten.jpg\",\"datePublished\":\"2019-05-24T12:23:22+00:00\",\"dateModified\":\"2026-04-13T07:24:47+00:00\",\"description\":\"Uw app vertalen en lanceren in andere landen? Wij lokaliseren en vertalen alle apps. \u2713 Vaste prijs \u2713 Alle bestandsformaten \u2713 Online bestellen \u2713 225+ talen\",\"breadcrumb\":{\"@id\":\"https:\\\/\\\/www.ecrivus-multimedia.nl\\\/product\\\/app-vertalen\\\/#breadcrumb\"},\"inLanguage\":\"es\",\"potentialAction\":[{\"@type\":\"ReadAction\",\"target\":[\"https:\\\/\\\/www.ecrivus-multimedia.nl\\\/product\\\/app-vertalen\\\/\"]}]},{\"@type\":\"ImageObject\",\"inLanguage\":\"es\",\"@id\":\"https:\\\/\\\/www.ecrivus-multimedia.nl\\\/product\\\/app-vertalen\\\/#primaryimage\",\"url\":\"https:\\\/\\\/www.ecrivus-multimedia.nl\\\/wp-content\\\/uploads\\\/2019\\\/05\\\/laptop-digitale-apps-online-diensten.jpg\",\"contentUrl\":\"https:\\\/\\\/www.ecrivus-multimedia.nl\\\/wp-content\\\/uploads\\\/2019\\\/05\\\/laptop-digitale-apps-online-diensten.jpg\",\"width\":1000,\"height\":658},{\"@type\":\"BreadcrumbList\",\"@id\":\"https:\\\/\\\/www.ecrivus-multimedia.nl\\\/product\\\/app-vertalen\\\/#breadcrumb\",\"itemListElement\":[{\"@type\":\"ListItem\",\"position\":1,\"name\":\"Home\",\"item\":\"https:\\\/\\\/www.ecrivus-multimedia.nl\\\/\"},{\"@type\":\"ListItem\",\"position\":2,\"name\":\"Shop\",\"item\":\"https:\\\/\\\/www.ecrivus-multimedia.nl\\\/shop\\\/\"},{\"@type\":\"ListItem\",\"position\":3,\"name\":\"Android\u00ae, iOs\u00ae of Web app vertalen\"}]},{\"@type\":\"WebSite\",\"@id\":\"https:\\\/\\\/www.ecrivus-multimedia.nl\\\/#website\",\"url\":\"https:\\\/\\\/www.ecrivus-multimedia.nl\\\/\",\"name\":\"Ecrivus International Webshop\",\"description\":\"Erkende webshop voor be\u00ebdigde vertalingen.\",\"publisher\":{\"@id\":\"https:\\\/\\\/www.ecrivus-multimedia.nl\\\/#organization\"},\"potentialAction\":[{\"@type\":\"SearchAction\",\"target\":{\"@type\":\"EntryPoint\",\"urlTemplate\":\"https:\\\/\\\/www.ecrivus-multimedia.nl\\\/?s={search_term_string}\"},\"query-input\":{\"@type\":\"PropertyValueSpecification\",\"valueRequired\":true,\"valueName\":\"search_term_string\"}}],\"inLanguage\":\"es\"},{\"@type\":\"Organization\",\"@id\":\"https:\\\/\\\/www.ecrivus-multimedia.nl\\\/#organization\",\"name\":\"Ecrivus International\",\"url\":\"https:\\\/\\\/www.ecrivus-multimedia.nl\\\/\",\"logo\":{\"@type\":\"ImageObject\",\"inLanguage\":\"es\",\"@id\":\"https:\\\/\\\/www.ecrivus-multimedia.nl\\\/#\\\/schema\\\/logo\\\/image\\\/\",\"url\":\"https:\\\/\\\/www.ecrivus-multimedia.nl\\\/wp-content\\\/uploads\\\/2022\\\/01\\\/cropped-small-Logo-Ecrivus-Vector-Transparent2.png\",\"contentUrl\":\"https:\\\/\\\/www.ecrivus-multimedia.nl\\\/wp-content\\\/uploads\\\/2022\\\/01\\\/cropped-small-Logo-Ecrivus-Vector-Transparent2.png\",\"width\":512,\"height\":512,\"caption\":\"Ecrivus International\"},\"image\":{\"@id\":\"https:\\\/\\\/www.ecrivus-multimedia.nl\\\/#\\\/schema\\\/logo\\\/image\\\/\"},\"sameAs\":[\"https:\\\/\\\/www.facebook.com\\\/Ecrivus-International-676624782512639\\\/\",\"https:\\\/\\\/x.com\\\/ecrivusint\"]}]}<\/script>\n<!-- \/ Yoast SEO plugin. -->","yoast_head_json":{"title":"App vertalen? \u2713 Android\u00ae \u2713 iOs\u00ae \u2713 Web \u2713 Bestel nu online! \u2713 Vaste prijs","description":"Uw app vertalen en lanceren in andere landen? Wij lokaliseren en vertalen alle apps. \u2713 Vaste prijs \u2713 Alle bestandsformaten \u2713 Online bestellen \u2713 225+ talen","robots":{"index":"index","follow":"follow","max-snippet":"max-snippet:-1","max-image-preview":"max-image-preview:large","max-video-preview":"max-video-preview:-1"},"canonical":"https:\/\/www.ecrivus-multimedia.nl\/es\/producto\/traducir-aplicacion\/","og_locale":"es_ES","og_type":"article","og_title":"App vertalen? \u2713 Android\u00ae \u2713 iOs\u00ae \u2713 Web \u2713 Bestel nu online! \u2713 Vaste prijs","og_description":"Uw app vertalen en lanceren in andere landen? Wij lokaliseren en vertalen alle apps. \u2713 Vaste prijs \u2713 Alle bestandsformaten \u2713 Online bestellen \u2713 225+ talen","og_url":"https:\/\/www.ecrivus-multimedia.nl\/es\/producto\/traducir-aplicacion\/","og_site_name":"Ecrivus International Webshop","article_publisher":"https:\/\/www.facebook.com\/Ecrivus-International-676624782512639\/","article_modified_time":"2026-04-13T07:24:47+00:00","og_image":[{"width":1000,"height":658,"url":"https:\/\/www.ecrivus-multimedia.nl\/wp-content\/uploads\/2019\/05\/laptop-digitale-apps-online-diensten.jpg","type":"image\/jpeg"}],"twitter_card":"summary_large_image","twitter_site":"@ecrivusint","twitter_misc":{"Tiempo de lectura":"2 minutos"},"schema":{"@context":"https:\/\/schema.org","@graph":[{"@type":"WebPage","@id":"https:\/\/www.ecrivus-multimedia.nl\/product\/app-vertalen\/","url":"https:\/\/www.ecrivus-multimedia.nl\/product\/app-vertalen\/","name":"App vertalen? \u2713 Android\u00ae \u2713 iOs\u00ae \u2713 Web \u2713 Bestel nu online! \u2713 Vaste prijs","isPartOf":{"@id":"https:\/\/www.ecrivus-multimedia.nl\/#website"},"primaryImageOfPage":{"@id":"https:\/\/www.ecrivus-multimedia.nl\/product\/app-vertalen\/#primaryimage"},"image":{"@id":"https:\/\/www.ecrivus-multimedia.nl\/product\/app-vertalen\/#primaryimage"},"thumbnailUrl":"https:\/\/www.ecrivus-multimedia.nl\/wp-content\/uploads\/2019\/05\/laptop-digitale-apps-online-diensten.jpg","datePublished":"2019-05-24T12:23:22+00:00","dateModified":"2026-04-13T07:24:47+00:00","description":"Uw app vertalen en lanceren in andere landen? Wij lokaliseren en vertalen alle apps. \u2713 Vaste prijs \u2713 Alle bestandsformaten \u2713 Online bestellen \u2713 225+ talen","breadcrumb":{"@id":"https:\/\/www.ecrivus-multimedia.nl\/product\/app-vertalen\/#breadcrumb"},"inLanguage":"es","potentialAction":[{"@type":"ReadAction","target":["https:\/\/www.ecrivus-multimedia.nl\/product\/app-vertalen\/"]}]},{"@type":"ImageObject","inLanguage":"es","@id":"https:\/\/www.ecrivus-multimedia.nl\/product\/app-vertalen\/#primaryimage","url":"https:\/\/www.ecrivus-multimedia.nl\/wp-content\/uploads\/2019\/05\/laptop-digitale-apps-online-diensten.jpg","contentUrl":"https:\/\/www.ecrivus-multimedia.nl\/wp-content\/uploads\/2019\/05\/laptop-digitale-apps-online-diensten.jpg","width":1000,"height":658},{"@type":"BreadcrumbList","@id":"https:\/\/www.ecrivus-multimedia.nl\/product\/app-vertalen\/#breadcrumb","itemListElement":[{"@type":"ListItem","position":1,"name":"Home","item":"https:\/\/www.ecrivus-multimedia.nl\/"},{"@type":"ListItem","position":2,"name":"Shop","item":"https:\/\/www.ecrivus-multimedia.nl\/shop\/"},{"@type":"ListItem","position":3,"name":"Android\u00ae, iOs\u00ae of Web app vertalen"}]},{"@type":"WebSite","@id":"https:\/\/www.ecrivus-multimedia.nl\/#website","url":"https:\/\/www.ecrivus-multimedia.nl\/","name":"Ecrivus International Webshop","description":"Erkende webshop voor be\u00ebdigde vertalingen.","publisher":{"@id":"https:\/\/www.ecrivus-multimedia.nl\/#organization"},"potentialAction":[{"@type":"SearchAction","target":{"@type":"EntryPoint","urlTemplate":"https:\/\/www.ecrivus-multimedia.nl\/?s={search_term_string}"},"query-input":{"@type":"PropertyValueSpecification","valueRequired":true,"valueName":"search_term_string"}}],"inLanguage":"es"},{"@type":"Organization","@id":"https:\/\/www.ecrivus-multimedia.nl\/#organization","name":"Ecrivus International","url":"https:\/\/www.ecrivus-multimedia.nl\/","logo":{"@type":"ImageObject","inLanguage":"es","@id":"https:\/\/www.ecrivus-multimedia.nl\/#\/schema\/logo\/image\/","url":"https:\/\/www.ecrivus-multimedia.nl\/wp-content\/uploads\/2022\/01\/cropped-small-Logo-Ecrivus-Vector-Transparent2.png","contentUrl":"https:\/\/www.ecrivus-multimedia.nl\/wp-content\/uploads\/2022\/01\/cropped-small-Logo-Ecrivus-Vector-Transparent2.png","width":512,"height":512,"caption":"Ecrivus International"},"image":{"@id":"https:\/\/www.ecrivus-multimedia.nl\/#\/schema\/logo\/image\/"},"sameAs":["https:\/\/www.facebook.com\/Ecrivus-International-676624782512639\/","https:\/\/x.com\/ecrivusint"]}]}},"_links":{"self":[{"href":"https:\/\/www.ecrivus-multimedia.nl\/es\/wp-json\/wp\/v2\/product\/42156","targetHints":{"allow":["GET"]}}],"collection":[{"href":"https:\/\/www.ecrivus-multimedia.nl\/es\/wp-json\/wp\/v2\/product"}],"about":[{"href":"https:\/\/www.ecrivus-multimedia.nl\/es\/wp-json\/wp\/v2\/types\/product"}],"replies":[{"embeddable":true,"href":"https:\/\/www.ecrivus-multimedia.nl\/es\/wp-json\/wp\/v2\/comments?post=42156"}],"wp:featuredmedia":[{"embeddable":true,"href":"https:\/\/www.ecrivus-multimedia.nl\/es\/wp-json\/wp\/v2\/media\/132693"}],"wp:attachment":[{"href":"https:\/\/www.ecrivus-multimedia.nl\/es\/wp-json\/wp\/v2\/media?parent=42156"}],"wp:term":[{"taxonomy":"product_brand","embeddable":true,"href":"https:\/\/www.ecrivus-multimedia.nl\/es\/wp-json\/wp\/v2\/product_brand?post=42156"},{"taxonomy":"product_cat","embeddable":true,"href":"https:\/\/www.ecrivus-multimedia.nl\/es\/wp-json\/wp\/v2\/product_cat?post=42156"},{"taxonomy":"product_tag","embeddable":true,"href":"https:\/\/www.ecrivus-multimedia.nl\/es\/wp-json\/wp\/v2\/product_tag?post=42156"}],"curies":[{"name":"wp","href":"https:\/\/api.w.org\/{rel}","templated":true}]}}