{"id":42545,"date":"2019-05-28T12:43:07","date_gmt":"2019-05-28T10:43:07","guid":{"rendered":"https:\/\/www.ecrivus-multimedia.nl\/?post_type=product&#038;p=42545"},"modified":"2026-04-13T09:24:21","modified_gmt":"2026-04-13T07:24:21","slug":"shopping-marktplaats-app-kopen","status":"publish","type":"product","link":"https:\/\/www.ecrivus-multimedia.nl\/es\/producto\/aplicacion-de-mercado-de-compras-comprar\/","title":{"rendered":"Compre una aplicaci\u00f3n de compras\/mercado"},"content":{"rendered":"<h4>\u00bfQuiere desarrollar su propia aplicaci\u00f3n de mercado de forma econ\u00f3mica?<\/h4>\n<p>Este mercado\/compras <a href=\"https:\/\/www.ecrivus-multimedia.nl\/go\/app-vertalen\/\" title=\"\u00bfTraducir aplicaci\u00f3n? \u2713 Android\u00ae \u2713 iOs\u00ae \u2713 Web \u2713 \u00a1Haga su pedido en l\u00ednea ahora! \u2713 Precio fijo\" class=\"pretty-link-keyword\"rel=\"\">aplicaci\u00f3n<\/a> ofrece excelentes oportunidades para generar un flujo de ingresos adicional. Compra tu propio mercado<a href=\"https:\/\/www.ecrivus-multimedia.nl\/go\/app-vertalen\/\" title=\"\u00bfTraducir aplicaci\u00f3n? \u2713 Android\u00ae \u2713 iOs\u00ae \u2713 Web \u2713 \u00a1Haga su pedido en l\u00ednea ahora! \u2713 Precio fijo\" class=\"pretty-link-keyword\"rel=\"\">aplicaci\u00f3n<\/a> donde los usuarios pueden vender sus propios productos y comprarlos a otros usuarios. Es posible, entre otras cosas, responder a anuncios de otros vendedores a trav\u00e9s de la funci\u00f3n de chat incorporada, realizar b\u00fasquedas por palabras clave o ubicaciones.<\/p>\n<p style=\"text-align: center;\"><a href=\"https:\/\/www.ecrivus-multimedia.nl\/es\/paquetes-de-rediseno-de-aplicaciones\/\" class=\"su-button su-button-style-default\" style=\"color:#FFFFFF;background-color:#2D89EF;border-color:#246ec0;border-radius:7px\" target=\"_blank\" rel=\"noopener noreferrer\"><span style=\"color:#FFFFFF;padding:7px 20px;font-size:16px;line-height:24px;border-color:#6cadf4;border-radius:7px;text-shadow:none\"><i class=\"sui sui-arrow-right\" style=\"font-size:16px;color:#FFFFFF\"><\/i> Vea y compare nuestros paquetes de redise\u00f1o de aplicaciones aqu\u00ed.<\/span><\/a>\n<h4>\u00bfLanzar su propia aplicaci\u00f3n en Google Play Store\u00ae, Apple App Store\u00ae o en la Web?<\/h4>\n<p>A partir de ahora puedes hacer el tuyo muy barato. <a href=\"https:\/\/www.ecrivus-multimedia.nl\/go\/app-vertalen\/\" title=\"\u00bfTraducir aplicaci\u00f3n? \u2713 Android\u00ae \u2713 iOs\u00ae \u2713 Web \u2713 \u00a1Haga su pedido en l\u00ednea ahora! \u2713 Precio fijo\" class=\"pretty-link-keyword\"rel=\"\">aplicaci\u00f3n<\/a> tenerlo creado y publicado en Google Play Store, Apple <a href=\"https:\/\/www.ecrivus-multimedia.nl\/go\/app-vertalen\/\" title=\"\u00bfTraducir aplicaci\u00f3n? \u2713 Android\u00ae \u2713 iOs\u00ae \u2713 Web \u2713 \u00a1Haga su pedido en l\u00ednea ahora! \u2713 Precio fijo\" class=\"pretty-link-keyword\"rel=\"\">Aplicaci\u00f3n<\/a> Tienda y en la Web.<\/p>\n<h4>Aplicaciones listas para usar (restyling) vs. aplicaci\u00f3n personalizada (personalizada)<\/h4>\n<p><strong>Aplicaciones listas para usar (las suyas propias, econ\u00f3micas y r\u00e1pidas) <a href=\"https:\/\/www.ecrivus-multimedia.nl\/go\/app-vertalen\/\" title=\"\u00bfTraducir aplicaci\u00f3n? \u2713 Android\u00ae \u2713 iOs\u00ae \u2713 Web \u2713 \u00a1Haga su pedido en l\u00ednea ahora! \u2713 Precio fijo\" class=\"pretty-link-keyword\"rel=\"\">aplicaci\u00f3n<\/a> a publicar)<\/strong><\/p>\n<div class=\"su-quote su-quote-style-default su-quote-has-cite\"><div class=\"su-quote-inner su-u-clearfix su-u-trim\">Ya que estamos con nuestro <a href=\"https:\/\/www.ecrivus-multimedia.nl\/go\/app-vertalen\/\" title=\"\u00bfTraducir aplicaci\u00f3n? \u2713 Android\u00ae \u2713 iOs\u00ae \u2713 Web \u2713 \u00a1Haga su pedido en l\u00ednea ahora! \u2713 Precio fijo\" class=\"pretty-link-keyword\"rel=\"\">Aplicaci\u00f3n<\/a> Los desarrolladores ya han desarrollado estas aplicaciones, por lo que no tenemos que cobrar ning\u00fan costo por reprogramarlas, codificarlas y dise\u00f1arlas. <a href=\"https:\/\/www.ecrivus-multimedia.nl\/go\/app-vertalen\/\" title=\"\u00bfTraducir aplicaci\u00f3n? \u2713 Android\u00ae \u2713 iOs\u00ae \u2713 Web \u2713 \u00a1Haga su pedido en l\u00ednea ahora! \u2713 Precio fijo\" class=\"pretty-link-keyword\"rel=\"\">aplicaci\u00f3n<\/a>. Esto le permitir\u00e1 ahorrar r\u00e1pidamente miles de euros.<span class=\"su-quote-cite\">Ecrivus Multimedia<\/span><\/div><\/div>\n<p>Especialmente para clientes que quieren el suyo propio de forma r\u00e1pida y econ\u00f3mica. <a href=\"https:\/\/www.ecrivus-multimedia.nl\/go\/app-vertalen\/\" title=\"\u00bfTraducir aplicaci\u00f3n? \u2713 Android\u00ae \u2713 iOs\u00ae \u2713 Web \u2713 \u00a1Haga su pedido en l\u00ednea ahora! \u2713 Precio fijo\" class=\"pretty-link-keyword\"rel=\"\">aplicaci\u00f3n<\/a> queremos lanzar, ofrecemos un redise\u00f1o de numerosas aplicaciones listas para usar en varias categor\u00edas, incluidas aplicaciones de mercado (compra y venta), aplicaciones de reservas y reservas, aplicaciones de cocina y dieta, juegos, herramientas, audio y video (edici\u00f3n y renderizado), y mucho m\u00e1s. \u00bfSe pregunta por qu\u00e9 podemos ofrecer aplicaciones a un precio tan bajo? Ya que estamos con nuestro <a href=\"https:\/\/www.ecrivus-multimedia.nl\/go\/app-vertalen\/\" title=\"\u00bfTraducir aplicaci\u00f3n? \u2713 Android\u00ae \u2713 iOs\u00ae \u2713 Web \u2713 \u00a1Haga su pedido en l\u00ednea ahora! \u2713 Precio fijo\" class=\"pretty-link-keyword\"rel=\"\">Aplicaci\u00f3n<\/a> Los desarrolladores ya han desarrollado estas aplicaciones, por lo que no tenemos que hacerlo <span style=\"text-decoration: underline;\">sin costos<\/span> cargo por reprogramar, codificar y dise\u00f1ar el <a href=\"https:\/\/www.ecrivus-multimedia.nl\/go\/app-vertalen\/\" title=\"\u00bfTraducir aplicaci\u00f3n? \u2713 Android\u00ae \u2713 iOs\u00ae \u2713 Web \u2713 \u00a1Haga su pedido en l\u00ednea ahora! \u2713 Precio fijo\" class=\"pretty-link-keyword\"rel=\"\">aplicaci\u00f3n<\/a>. Esto le permitir\u00e1 ahorrar r\u00e1pidamente miles de euros. Las aplicaciones listas para usar que vendemos en nuestra tienda web son aplicaciones confiables y que funcionan bien, que han sido creadas y probadas por programadores profesionales y <a href=\"https:\/\/www.ecrivus-multimedia.nl\/go\/app-vertalen\/\" title=\"\u00bfTraducir aplicaci\u00f3n? \u2713 Android\u00ae \u2713 iOs\u00ae \u2713 Web \u2713 \u00a1Haga su pedido en l\u00ednea ahora! \u2713 Precio fijo\" class=\"pretty-link-keyword\"rel=\"\">aplicaci\u00f3n<\/a>desarrolladores.<\/p>\n<p><strong>La personalizaci\u00f3n <a href=\"https:\/\/www.ecrivus-multimedia.nl\/go\/app-vertalen\/\" title=\"\u00bfTraducir aplicaci\u00f3n? \u2713 Android\u00ae \u2713 iOs\u00ae \u2713 Web \u2713 \u00a1Haga su pedido en l\u00ednea ahora! \u2713 Precio fijo\" class=\"pretty-link-keyword\"rel=\"\">aplicaci\u00f3n<\/a> (costumbre)<br \/>\n<\/strong><\/p>\n<p>En el desarrollo de aplicaciones <em>desde cero<\/em> que satisfagan sus propios deseos en t\u00e9rminos de dise\u00f1o y funcionalidad, requieren mucha personalizaci\u00f3n. Es por eso que los costos de crear aplicaciones personalizadas pueden ser altos. Este tipo de aplicaciones suelen estar desarrolladas especialmente para empresas espec\u00edficas. <a href=\"https:\/\/www.ecrivus-multimedia.nl\/go\/app-vertalen\/\" title=\"\u00bfTraducir aplicaci\u00f3n? \u2713 Android\u00ae \u2713 iOs\u00ae \u2713 Web \u2713 \u00a1Haga su pedido en l\u00ednea ahora! \u2713 Precio fijo\" class=\"pretty-link-keyword\"rel=\"\">aplicaci\u00f3n<\/a>funciones, sino tambi\u00e9n para instituciones y agencias gubernamentales como bancos, compa\u00f1\u00edas de seguros y aseguradoras de salud. Ecrivus Multimedia, parte de Ecrivus International, es un socio de desarrollo reconocido de aplicaciones (m\u00f3viles). Interesado en una soluci\u00f3n personalizada <a href=\"https:\/\/www.ecrivus-multimedia.nl\/go\/app-vertalen\/\" title=\"\u00bfTraducir aplicaci\u00f3n? \u2713 Android\u00ae \u2713 iOs\u00ae \u2713 Web \u2713 \u00a1Haga su pedido en l\u00ednea ahora! \u2713 Precio fijo\" class=\"pretty-link-keyword\"rel=\"\">aplicaci\u00f3n<\/a>? Por favor cont\u00e1ctenos para una cotizaci\u00f3n gratuita.<\/p>\n<h4>Tener una aplicaci\u00f3n hecha a bajo costo.<\/h4>\n<p>uno barato <a href=\"https:\/\/nl.wikipedia.org\/wiki\/Mobiele_app\" target=\"_blank\" rel=\"noopener noreferrer\">desarrollar aplicaci\u00f3n<\/a> a bajo costo? Y comience de inmediato a ganar dinero en l\u00ednea por su cuenta. <a href=\"https:\/\/www.ecrivus-multimedia.nl\/go\/app-vertalen\/\" title=\"\u00bfTraducir aplicaci\u00f3n? \u2713 Android\u00ae \u2713 iOs\u00ae \u2713 Web \u2713 \u00a1Haga su pedido en l\u00ednea ahora! \u2713 Precio fijo\" class=\"pretty-link-keyword\"rel=\"\">aplicaci\u00f3n<\/a>? Entonces una inversi\u00f3n en un ya hecho. <a href=\"https:\/\/www.ecrivus-multimedia.nl\/go\/app-vertalen\/\" title=\"\u00bfTraducir aplicaci\u00f3n? \u2713 Android\u00ae \u2713 iOs\u00ae \u2713 Web \u2713 \u00a1Haga su pedido en l\u00ednea ahora! \u2713 Precio fijo\" class=\"pretty-link-keyword\"rel=\"\">aplicaci\u00f3n<\/a> (restyling) la mejor opci\u00f3n.<\/p>\n<p><strong>Ventajas:<\/strong><\/p>\n<ul>\n<li>Bajos costos<\/li>\n<li>Precio todo en uno<\/li>\n<li>No se requieren conocimientos de programaci\u00f3n<\/li>\n<li>Sin costosos costes de desarrollo<\/li>\n<li>Sin costosos costes de dise\u00f1o<\/li>\n<li>Lanzar soporte en Google Play Store, Apple <a href=\"https:\/\/www.ecrivus-multimedia.nl\/go\/app-vertalen\/\" title=\"\u00bfTraducir aplicaci\u00f3n? \u2713 Android\u00ae \u2713 iOs\u00ae \u2713 Web \u2713 \u00a1Haga su pedido en l\u00ednea ahora! \u2713 Precio fijo\" class=\"pretty-link-keyword\"rel=\"\">Aplicaci\u00f3n<\/a> Tienda o en la Web<\/li>\n<li>Logotipo\/marca propia<\/li>\n<\/ul>\n<p>Esta f\u00f3rmula \u00fanica hace que la gesti\u00f3n sea tuya <a href=\"https:\/\/www.ecrivus-multimedia.nl\/go\/app-vertalen\/\" title=\"\u00bfTraducir aplicaci\u00f3n? \u2713 Android\u00ae \u2713 iOs\u00ae \u2713 Web \u2713 \u00a1Haga su pedido en l\u00ednea ahora! \u2713 Precio fijo\" class=\"pretty-link-keyword\"rel=\"\">aplicaci\u00f3n<\/a> Para todos accesible.<\/p>\n<p><strong>\u00bfInteresado o preguntas?<\/strong><\/p>\n<p>Toma hoy <a href=\"https:\/\/www.ecrivus-multimedia.nl\/es\/contacto\/\">Contacto<\/a> met ons op! Wij zijn bereikbaar via <a href=\"https:\/\/www.ecrivus-multimedia.nl\/go\/chat\/\" title=\"go\/chat\" class=\"pretty-link-keyword\"rel=\"\">Live Chat<\/a>, telefoon en e-mail. Direct aan de slag? Bestel uw <a href=\"https:\/\/www.ecrivus-multimedia.nl\/go\/app-vertalen\/\" title=\"\u00bfTraducir aplicaci\u00f3n? \u2713 Android\u00ae \u2713 iOs\u00ae \u2713 Web \u2713 \u00a1Haga su pedido en l\u00ednea ahora! \u2713 Precio fijo\" class=\"pretty-link-keyword\"rel=\"\">aplicaci\u00f3n<\/a> luego a trav\u00e9s de nuestra tienda web: la suya se entregar\u00e1 en un plazo de 7 a 10 d\u00edas h\u00e1biles <a href=\"https:\/\/www.ecrivus-multimedia.nl\/go\/app-vertalen\/\" title=\"\u00bfTraducir aplicaci\u00f3n? \u2713 Android\u00ae \u2713 iOs\u00ae \u2713 Web \u2713 \u00a1Haga su pedido en l\u00ednea ahora! \u2713 Precio fijo\" class=\"pretty-link-keyword\"rel=\"\">aplicaci\u00f3n<\/a> listo para el lanzamiento!<\/p>\n<p>&nbsp;<\/p>\n<p>&nbsp;<\/p>\n<p>&nbsp;<\/p>","protected":false},"excerpt":{"rendered":"<p>\u00bfQuiere desarrollar una aplicaci\u00f3n de compras\/mercado? Solicite su nueva aplicaci\u00f3n de mercado hoy. Ganar dinero con tu propia aplicaci\u00f3n nunca ha sido tan f\u00e1cil. Tu propia aplicaci\u00f3n, completamente redise\u00f1ada seg\u00fan tus deseos.<\/p>","protected":false},"featured_media":132692,"comment_status":"open","ping_status":"closed","template":"","meta":{"_acf_changed":false,"_glsr_average":0,"_glsr_ranking":0,"_glsr_reviews":0,"_joinchat":[]},"product_brand":[],"product_cat":[15288],"product_tag":[],"class_list":{"0":"post-42545","1":"product","2":"type-product","3":"status-publish","4":"has-post-thumbnail","6":"product_cat-web-app-ontwikkeling","8":"first","9":"instock","10":"sold-individually","11":"taxable","12":"shipping-taxable","13":"purchasable","14":"product-type-variable"},"acf":[],"yoast_head":"<!-- This site is optimized with the Yoast SEO plugin v27.4 - https:\/\/yoast.com\/product\/yoast-seo-wordpress\/ -->\n<title>Online geld verdienen? Eigen marktplaats app kopen? \u2713 Vaste prijs: \u20ac499<\/title>\n<meta name=\"description\" content=\"Goedkoop uw eigen marktplaats-app kopen en ontwikkelen? Kant-en-klare apps tegen vaste lage prijzen \u2713 \u20ac499,- \u2713 Uw eigen app online in 1 week \u2713 Eigen logo\" \/>\n<meta name=\"robots\" content=\"index, follow, max-snippet:-1, max-image-preview:large, max-video-preview:-1\" \/>\n<link rel=\"canonical\" href=\"https:\/\/www.ecrivus-multimedia.nl\/es\/producto\/aplicacion-de-mercado-de-compras-comprar\/\" \/>\n<meta property=\"og:locale\" content=\"es_ES\" \/>\n<meta property=\"og:type\" content=\"article\" \/>\n<meta property=\"og:title\" content=\"Online geld verdienen? Eigen marktplaats app kopen? \u2713 Vaste prijs: \u20ac499\" \/>\n<meta property=\"og:description\" content=\"Goedkoop uw eigen marktplaats-app kopen en ontwikkelen? Kant-en-klare apps tegen vaste lage prijzen \u2713 \u20ac499,- \u2713 Uw eigen app online in 1 week \u2713 Eigen logo\" \/>\n<meta property=\"og:url\" content=\"https:\/\/www.ecrivus-multimedia.nl\/es\/producto\/aplicacion-de-mercado-de-compras-comprar\/\" \/>\n<meta property=\"og:site_name\" content=\"Ecrivus International Webshop\" \/>\n<meta property=\"article:publisher\" content=\"https:\/\/www.facebook.com\/Ecrivus-International-676624782512639\/\" \/>\n<meta property=\"article:modified_time\" content=\"2026-04-13T07:24:21+00:00\" \/>\n<meta property=\"og:image\" content=\"https:\/\/www.ecrivus-multimedia.nl\/wp-content\/uploads\/2019\/05\/2150169853.webp\" \/>\n\t<meta property=\"og:image:width\" content=\"1000\" \/>\n\t<meta property=\"og:image:height\" content=\"665\" \/>\n\t<meta property=\"og:image:type\" content=\"image\/webp\" \/>\n<meta name=\"twitter:card\" content=\"summary_large_image\" \/>\n<meta name=\"twitter:site\" content=\"@ecrivusint\" \/>\n<meta name=\"twitter:label1\" content=\"Tiempo de lectura\" \/>\n\t<meta name=\"twitter:data1\" content=\"3 minutos\" \/>\n<script type=\"application\/ld+json\" class=\"yoast-schema-graph\">{\"@context\":\"https:\\\/\\\/schema.org\",\"@graph\":[{\"@type\":\"WebPage\",\"@id\":\"https:\\\/\\\/www.ecrivus-multimedia.nl\\\/product\\\/shopping-marktplaats-app-kopen\\\/\",\"url\":\"https:\\\/\\\/www.ecrivus-multimedia.nl\\\/product\\\/shopping-marktplaats-app-kopen\\\/\",\"name\":\"Online geld verdienen? Eigen marktplaats app kopen? \u2713 Vaste prijs: \u20ac499\",\"isPartOf\":{\"@id\":\"https:\\\/\\\/www.ecrivus-multimedia.nl\\\/#website\"},\"primaryImageOfPage\":{\"@id\":\"https:\\\/\\\/www.ecrivus-multimedia.nl\\\/product\\\/shopping-marktplaats-app-kopen\\\/#primaryimage\"},\"image\":{\"@id\":\"https:\\\/\\\/www.ecrivus-multimedia.nl\\\/product\\\/shopping-marktplaats-app-kopen\\\/#primaryimage\"},\"thumbnailUrl\":\"https:\\\/\\\/www.ecrivus-multimedia.nl\\\/wp-content\\\/uploads\\\/2019\\\/05\\\/2150169853.webp\",\"datePublished\":\"2019-05-28T10:43:07+00:00\",\"dateModified\":\"2026-04-13T07:24:21+00:00\",\"description\":\"Goedkoop uw eigen marktplaats-app kopen en ontwikkelen? Kant-en-klare apps tegen vaste lage prijzen \u2713 \u20ac499,- \u2713 Uw eigen app online in 1 week \u2713 Eigen logo\",\"breadcrumb\":{\"@id\":\"https:\\\/\\\/www.ecrivus-multimedia.nl\\\/product\\\/shopping-marktplaats-app-kopen\\\/#breadcrumb\"},\"inLanguage\":\"es\",\"potentialAction\":[{\"@type\":\"ReadAction\",\"target\":[\"https:\\\/\\\/www.ecrivus-multimedia.nl\\\/product\\\/shopping-marktplaats-app-kopen\\\/\"]}]},{\"@type\":\"ImageObject\",\"inLanguage\":\"es\",\"@id\":\"https:\\\/\\\/www.ecrivus-multimedia.nl\\\/product\\\/shopping-marktplaats-app-kopen\\\/#primaryimage\",\"url\":\"https:\\\/\\\/www.ecrivus-multimedia.nl\\\/wp-content\\\/uploads\\\/2019\\\/05\\\/2150169853.webp\",\"contentUrl\":\"https:\\\/\\\/www.ecrivus-multimedia.nl\\\/wp-content\\\/uploads\\\/2019\\\/05\\\/2150169853.webp\",\"width\":1000,\"height\":665},{\"@type\":\"BreadcrumbList\",\"@id\":\"https:\\\/\\\/www.ecrivus-multimedia.nl\\\/product\\\/shopping-marktplaats-app-kopen\\\/#breadcrumb\",\"itemListElement\":[{\"@type\":\"ListItem\",\"position\":1,\"name\":\"Home\",\"item\":\"https:\\\/\\\/www.ecrivus-multimedia.nl\\\/\"},{\"@type\":\"ListItem\",\"position\":2,\"name\":\"Shop\",\"item\":\"https:\\\/\\\/www.ecrivus-multimedia.nl\\\/shop\\\/\"},{\"@type\":\"ListItem\",\"position\":3,\"name\":\"Shopping\\\/Marktplaats App kopen\"}]},{\"@type\":\"WebSite\",\"@id\":\"https:\\\/\\\/www.ecrivus-multimedia.nl\\\/#website\",\"url\":\"https:\\\/\\\/www.ecrivus-multimedia.nl\\\/\",\"name\":\"Ecrivus International Webshop\",\"description\":\"Erkende webshop voor be\u00ebdigde vertalingen.\",\"publisher\":{\"@id\":\"https:\\\/\\\/www.ecrivus-multimedia.nl\\\/#organization\"},\"potentialAction\":[{\"@type\":\"SearchAction\",\"target\":{\"@type\":\"EntryPoint\",\"urlTemplate\":\"https:\\\/\\\/www.ecrivus-multimedia.nl\\\/?s={search_term_string}\"},\"query-input\":{\"@type\":\"PropertyValueSpecification\",\"valueRequired\":true,\"valueName\":\"search_term_string\"}}],\"inLanguage\":\"es\"},{\"@type\":\"Organization\",\"@id\":\"https:\\\/\\\/www.ecrivus-multimedia.nl\\\/#organization\",\"name\":\"Ecrivus International\",\"url\":\"https:\\\/\\\/www.ecrivus-multimedia.nl\\\/\",\"logo\":{\"@type\":\"ImageObject\",\"inLanguage\":\"es\",\"@id\":\"https:\\\/\\\/www.ecrivus-multimedia.nl\\\/#\\\/schema\\\/logo\\\/image\\\/\",\"url\":\"https:\\\/\\\/www.ecrivus-multimedia.nl\\\/wp-content\\\/uploads\\\/2022\\\/01\\\/cropped-small-Logo-Ecrivus-Vector-Transparent2.png\",\"contentUrl\":\"https:\\\/\\\/www.ecrivus-multimedia.nl\\\/wp-content\\\/uploads\\\/2022\\\/01\\\/cropped-small-Logo-Ecrivus-Vector-Transparent2.png\",\"width\":512,\"height\":512,\"caption\":\"Ecrivus International\"},\"image\":{\"@id\":\"https:\\\/\\\/www.ecrivus-multimedia.nl\\\/#\\\/schema\\\/logo\\\/image\\\/\"},\"sameAs\":[\"https:\\\/\\\/www.facebook.com\\\/Ecrivus-International-676624782512639\\\/\",\"https:\\\/\\\/x.com\\\/ecrivusint\"]}]}<\/script>\n<!-- \/ Yoast SEO plugin. -->","yoast_head_json":{"title":"Online geld verdienen? Eigen marktplaats app kopen? \u2713 Vaste prijs: \u20ac499","description":"Goedkoop uw eigen marktplaats-app kopen en ontwikkelen? Kant-en-klare apps tegen vaste lage prijzen \u2713 \u20ac499,- \u2713 Uw eigen app online in 1 week \u2713 Eigen logo","robots":{"index":"index","follow":"follow","max-snippet":"max-snippet:-1","max-image-preview":"max-image-preview:large","max-video-preview":"max-video-preview:-1"},"canonical":"https:\/\/www.ecrivus-multimedia.nl\/es\/producto\/aplicacion-de-mercado-de-compras-comprar\/","og_locale":"es_ES","og_type":"article","og_title":"Online geld verdienen? Eigen marktplaats app kopen? \u2713 Vaste prijs: \u20ac499","og_description":"Goedkoop uw eigen marktplaats-app kopen en ontwikkelen? Kant-en-klare apps tegen vaste lage prijzen \u2713 \u20ac499,- \u2713 Uw eigen app online in 1 week \u2713 Eigen logo","og_url":"https:\/\/www.ecrivus-multimedia.nl\/es\/producto\/aplicacion-de-mercado-de-compras-comprar\/","og_site_name":"Ecrivus International Webshop","article_publisher":"https:\/\/www.facebook.com\/Ecrivus-International-676624782512639\/","article_modified_time":"2026-04-13T07:24:21+00:00","og_image":[{"width":1000,"height":665,"url":"https:\/\/www.ecrivus-multimedia.nl\/wp-content\/uploads\/2019\/05\/2150169853.webp","type":"image\/webp"}],"twitter_card":"summary_large_image","twitter_site":"@ecrivusint","twitter_misc":{"Tiempo de lectura":"3 minutos"},"schema":{"@context":"https:\/\/schema.org","@graph":[{"@type":"WebPage","@id":"https:\/\/www.ecrivus-multimedia.nl\/product\/shopping-marktplaats-app-kopen\/","url":"https:\/\/www.ecrivus-multimedia.nl\/product\/shopping-marktplaats-app-kopen\/","name":"Online geld verdienen? Eigen marktplaats app kopen? \u2713 Vaste prijs: \u20ac499","isPartOf":{"@id":"https:\/\/www.ecrivus-multimedia.nl\/#website"},"primaryImageOfPage":{"@id":"https:\/\/www.ecrivus-multimedia.nl\/product\/shopping-marktplaats-app-kopen\/#primaryimage"},"image":{"@id":"https:\/\/www.ecrivus-multimedia.nl\/product\/shopping-marktplaats-app-kopen\/#primaryimage"},"thumbnailUrl":"https:\/\/www.ecrivus-multimedia.nl\/wp-content\/uploads\/2019\/05\/2150169853.webp","datePublished":"2019-05-28T10:43:07+00:00","dateModified":"2026-04-13T07:24:21+00:00","description":"Goedkoop uw eigen marktplaats-app kopen en ontwikkelen? Kant-en-klare apps tegen vaste lage prijzen \u2713 \u20ac499,- \u2713 Uw eigen app online in 1 week \u2713 Eigen logo","breadcrumb":{"@id":"https:\/\/www.ecrivus-multimedia.nl\/product\/shopping-marktplaats-app-kopen\/#breadcrumb"},"inLanguage":"es","potentialAction":[{"@type":"ReadAction","target":["https:\/\/www.ecrivus-multimedia.nl\/product\/shopping-marktplaats-app-kopen\/"]}]},{"@type":"ImageObject","inLanguage":"es","@id":"https:\/\/www.ecrivus-multimedia.nl\/product\/shopping-marktplaats-app-kopen\/#primaryimage","url":"https:\/\/www.ecrivus-multimedia.nl\/wp-content\/uploads\/2019\/05\/2150169853.webp","contentUrl":"https:\/\/www.ecrivus-multimedia.nl\/wp-content\/uploads\/2019\/05\/2150169853.webp","width":1000,"height":665},{"@type":"BreadcrumbList","@id":"https:\/\/www.ecrivus-multimedia.nl\/product\/shopping-marktplaats-app-kopen\/#breadcrumb","itemListElement":[{"@type":"ListItem","position":1,"name":"Home","item":"https:\/\/www.ecrivus-multimedia.nl\/"},{"@type":"ListItem","position":2,"name":"Shop","item":"https:\/\/www.ecrivus-multimedia.nl\/shop\/"},{"@type":"ListItem","position":3,"name":"Shopping\/Marktplaats App kopen"}]},{"@type":"WebSite","@id":"https:\/\/www.ecrivus-multimedia.nl\/#website","url":"https:\/\/www.ecrivus-multimedia.nl\/","name":"Ecrivus International Webshop","description":"Erkende webshop voor be\u00ebdigde vertalingen.","publisher":{"@id":"https:\/\/www.ecrivus-multimedia.nl\/#organization"},"potentialAction":[{"@type":"SearchAction","target":{"@type":"EntryPoint","urlTemplate":"https:\/\/www.ecrivus-multimedia.nl\/?s={search_term_string}"},"query-input":{"@type":"PropertyValueSpecification","valueRequired":true,"valueName":"search_term_string"}}],"inLanguage":"es"},{"@type":"Organization","@id":"https:\/\/www.ecrivus-multimedia.nl\/#organization","name":"Ecrivus International","url":"https:\/\/www.ecrivus-multimedia.nl\/","logo":{"@type":"ImageObject","inLanguage":"es","@id":"https:\/\/www.ecrivus-multimedia.nl\/#\/schema\/logo\/image\/","url":"https:\/\/www.ecrivus-multimedia.nl\/wp-content\/uploads\/2022\/01\/cropped-small-Logo-Ecrivus-Vector-Transparent2.png","contentUrl":"https:\/\/www.ecrivus-multimedia.nl\/wp-content\/uploads\/2022\/01\/cropped-small-Logo-Ecrivus-Vector-Transparent2.png","width":512,"height":512,"caption":"Ecrivus International"},"image":{"@id":"https:\/\/www.ecrivus-multimedia.nl\/#\/schema\/logo\/image\/"},"sameAs":["https:\/\/www.facebook.com\/Ecrivus-International-676624782512639\/","https:\/\/x.com\/ecrivusint"]}]}},"_links":{"self":[{"href":"https:\/\/www.ecrivus-multimedia.nl\/es\/wp-json\/wp\/v2\/product\/42545","targetHints":{"allow":["GET"]}}],"collection":[{"href":"https:\/\/www.ecrivus-multimedia.nl\/es\/wp-json\/wp\/v2\/product"}],"about":[{"href":"https:\/\/www.ecrivus-multimedia.nl\/es\/wp-json\/wp\/v2\/types\/product"}],"replies":[{"embeddable":true,"href":"https:\/\/www.ecrivus-multimedia.nl\/es\/wp-json\/wp\/v2\/comments?post=42545"}],"wp:featuredmedia":[{"embeddable":true,"href":"https:\/\/www.ecrivus-multimedia.nl\/es\/wp-json\/wp\/v2\/media\/132692"}],"wp:attachment":[{"href":"https:\/\/www.ecrivus-multimedia.nl\/es\/wp-json\/wp\/v2\/media?parent=42545"}],"wp:term":[{"taxonomy":"product_brand","embeddable":true,"href":"https:\/\/www.ecrivus-multimedia.nl\/es\/wp-json\/wp\/v2\/product_brand?post=42545"},{"taxonomy":"product_cat","embeddable":true,"href":"https:\/\/www.ecrivus-multimedia.nl\/es\/wp-json\/wp\/v2\/product_cat?post=42545"},{"taxonomy":"product_tag","embeddable":true,"href":"https:\/\/www.ecrivus-multimedia.nl\/es\/wp-json\/wp\/v2\/product_tag?post=42545"}],"curies":[{"name":"wp","href":"https:\/\/api.w.org\/{rel}","templated":true}]}}