{"id":44330,"date":"2019-07-25T16:17:59","date_gmt":"2019-07-25T14:17:59","guid":{"rendered":"https:\/\/www.ecrivus-multimedia.nl\/?post_type=product&#038;p=44330"},"modified":"2026-04-12T13:18:28","modified_gmt":"2026-04-12T11:18:28","slug":"nieuwsbrief-schrijven","status":"publish","type":"product","link":"https:\/\/www.ecrivus-multimedia.nl\/es\/producto\/redaccion-del-boletin\/","title":{"rendered":"Escribir bolet\u00edn"},"content":{"rendered":"<h2 class=\"western\">\u00bfEscribir un bolet\u00edn?<\/h2>\n<p>Ecrivus International emplea redactores publicitarios internos y redactores publicitarios que se especializan en <a href=\"https:\/\/www.ecrivus.nl\/nieuwsbrief-schrijven\/\" target=\"_blank\" rel=\"noopener noreferrer\">Redacci\u00f3n de boletines profesionales en holand\u00e9s sin errores.<\/a>. Ideal para atraer la atenci\u00f3n de clientes existentes y potenciales sobre nuevos productos y servicios, generar nuevos clientes potenciales y aumentar el conocimiento de su marca. uno exitoso <a href=\"https:\/\/www.ecrivus-multimedia.nl\/go\/nieuwsbrief-schrijven\/\" title=\"Escribir bolet\u00edn\" class=\"pretty-link-keyword\"rel=\"\">Boletin informativo<\/a> Por lo general, el escrito se puede completar en 1 o 2 d\u00edas h\u00e1biles.<\/p>\n<h4 class=\"western\"><strong>Redactar una newsletter en perfecto holand\u00e9s<\/strong><\/h4>\n<p>Dado que el prop\u00f3sito de un <a href=\"https:\/\/www.ecrivus-multimedia.nl\/go\/nieuwsbrief-schrijven\/\" title=\"Escribir bolet\u00edn\" class=\"pretty-link-keyword\"rel=\"\">Boletin informativo<\/a> es que sea le\u00eddo por la mayor cantidad de personas posible, es importante que la calidad del texto sea excelente. Al redactar boletines, utilizamos una combinaci\u00f3n de un estilo de redacci\u00f3n informativo, comercial y persuasivo con CTA (llamado a la acci\u00f3n). Gracias a nuestros a\u00f1os de experiencia en la redacci\u00f3n de boletines para empresas holandesas y extranjeras, puede estar seguro de que nuestros boletines escritos estar\u00e1n listos inmediatamente para su marketing por correo electr\u00f3nico (como MailChimp\u00ae) y otras campa\u00f1as publicitarias.<\/p>\n<p><strong>Redactamos boletines para:<\/strong><\/p>\n<ul>\n<li>Inauguraci\u00f3n<\/li>\n<li>trabajadores por cuenta propia<\/li>\n<li>PYME<\/li>\n<li>Multinacionales<\/li>\n<\/ul>\n<p><strong>Las newsletters que redactamos son ideales para:<\/strong><\/p>\n<ul>\n<li>Aumentar el conocimiento de la marca<\/li>\n<li>Lanzamiento de nuevos productos y servicios.<\/li>\n<li>Anuncio de noticias empresariales importantes.<\/li>\n<li>Llevar la informaci\u00f3n a la atenci\u00f3n de los medios de comunicaci\u00f3n nacionales e internacionales.<\/li>\n<li>Incrementa la visibilidad online de tu empresa<\/li>\n<li>Generaci\u00f3n l\u00edder<\/li>\n<li>Activar clientes pasivos<\/li>\n<\/ul>\n<p><strong>Escribiendo tu <a href=\"https:\/\/www.ecrivus-multimedia.nl\/go\/nieuwsbrief-schrijven\/\" title=\"Escribir bolet\u00edn\" class=\"pretty-link-keyword\"rel=\"\">Boletin informativo<\/a> <\/strong><strong>est\u00e1 en buenas manos con nosotros:<\/strong><\/p>\n<ul>\n<li>Redacci\u00f3n de textos por un redactor especializado<\/li>\n<li>Inclusivo <a href=\"http:\/\/www.ecrivus.nl\/proeflezen\/\" target=\"_blank\" rel=\"noopener noreferrer\">correcci\u00f3n de pruebas<\/a><\/li>\n<li>Inclusivo <a href=\"http:\/\/www.ecrivus.nl\/qa-kwaliteitscontroles\/\" target=\"_blank\" rel=\"noopener noreferrer\">controles de calidad<\/a><\/li>\n<li>Incluyendo la edici\u00f3n final<\/li>\n<li>Precios competitivos<\/li>\n<li>Entrega r\u00e1pida<\/li>\n<li>Entrega urgente posible<\/li>\n<li>Entrega en Microsoft Word\u00ae y PDF<\/li>\n<li>Entrega siempre a tiempo por correo electr\u00f3nico<\/li>\n<\/ul>\n<p>Para ti <a href=\"https:\/\/www.ecrivus-multimedia.nl\/go\/nieuwsbrief-schrijven\/\" title=\"Escribir bolet\u00edn\" class=\"pretty-link-keyword\"rel=\"\">Boletin informativo<\/a> Para que se escriba inmediatamente, seleccione arriba el n\u00famero deseado de palabras. Luego haga clic en &#039;Agregar al carrito&#039;. Luego puede cargar las instrucciones\/instrucciones que desea darle al redactor y agregarlas a su pedido. Puede cargar un archivo ZIP para varios documentos. Ofrecemos varias opciones de pago a trav\u00e9s de conexiones seguras (incluidas iDeal, transferencia bancaria y PayPal).<\/p>\n<p><strong>Tiempo de entrega est\u00e1ndar<\/strong>: 3-4 d\u00edas laborables<\/p>","protected":false},"excerpt":{"rendered":"<p>Bolet\u00edn escrito profesionalmente por un redactor especializado que incluye controles de calidad y edici\u00f3n final. Seleccione el idioma deseado a continuaci\u00f3n:<\/p>","protected":false},"featured_media":132617,"comment_status":"open","ping_status":"closed","template":"","meta":{"_acf_changed":false,"_glsr_average":0,"_glsr_ranking":0,"_glsr_reviews":0,"_joinchat":[]},"product_brand":[],"product_cat":[15342],"product_tag":[15349,15343,15354,15353,15348,15351,15350,15352,15344],"class_list":{"0":"post-44330","1":"product","2":"type-product","3":"status-publish","4":"has-post-thumbnail","6":"product_cat-copywriting-content","7":"product_tag-content-creatie","8":"product_tag-copywriting","9":"product_tag-e-commerce","10":"product_tag-marketing","11":"product_tag-media","12":"product_tag-newsletter","13":"product_tag-nieuwsbrief","14":"product_tag-reclame","15":"product_tag-tekstschrijven","17":"first","18":"instock","19":"sold-individually","20":"taxable","21":"shipping-taxable","22":"purchasable","23":"product-type-variable"},"acf":[],"yoast_head":"<!-- This site is optimized with the Yoast SEO plugin v27.4 - https:\/\/yoast.com\/product\/yoast-seo-wordpress\/ -->\n<title>Nieuwsbrief schrijven? Bestel nu in onze webshop! 15+ jaar ervaring!<\/title>\n<meta name=\"description\" content=\"Nieuwsbrief schrijven? Bestel direct online! \u2713 Ervaren copywriters \u2713 Perfect Nederlands \u2713 Voordelig geregeld \u2713 Snelle levertijden \u2713 Veilig betalen via iDEAL\" \/>\n<meta name=\"robots\" content=\"index, follow, max-snippet:-1, max-image-preview:large, max-video-preview:-1\" \/>\n<link rel=\"canonical\" href=\"https:\/\/www.ecrivus-multimedia.nl\/es\/producto\/redaccion-del-boletin\/\" \/>\n<meta property=\"og:locale\" content=\"es_ES\" \/>\n<meta property=\"og:type\" content=\"article\" \/>\n<meta property=\"og:title\" content=\"Nieuwsbrief schrijven? Bestel nu in onze webshop! 15+ jaar ervaring!\" \/>\n<meta property=\"og:description\" content=\"Nieuwsbrief schrijven? Bestel direct online! \u2713 Ervaren copywriters \u2713 Perfect Nederlands \u2713 Voordelig geregeld \u2713 Snelle levertijden \u2713 Veilig betalen via iDEAL\" \/>\n<meta property=\"og:url\" content=\"https:\/\/www.ecrivus-multimedia.nl\/es\/producto\/redaccion-del-boletin\/\" \/>\n<meta property=\"og:site_name\" content=\"Ecrivus International Webshop\" \/>\n<meta property=\"article:publisher\" content=\"https:\/\/www.facebook.com\/Ecrivus-International-676624782512639\/\" \/>\n<meta property=\"article:modified_time\" content=\"2026-04-12T11:18:28+00:00\" \/>\n<meta property=\"og:image\" content=\"https:\/\/www.ecrivus-multimedia.nl\/wp-content\/uploads\/2023\/10\/professionele-vrouw-consult-koffie.jpg\" \/>\n\t<meta property=\"og:image:width\" content=\"1000\" \/>\n\t<meta property=\"og:image:height\" content=\"667\" \/>\n\t<meta property=\"og:image:type\" content=\"image\/jpeg\" \/>\n<meta name=\"twitter:card\" content=\"summary_large_image\" \/>\n<meta name=\"twitter:site\" content=\"@ecrivusint\" \/>\n<meta name=\"twitter:label1\" content=\"Tiempo de lectura\" \/>\n\t<meta name=\"twitter:data1\" content=\"2 minutos\" \/>\n<script type=\"application\/ld+json\" class=\"yoast-schema-graph\">{\"@context\":\"https:\\\/\\\/schema.org\",\"@graph\":[{\"@type\":\"WebPage\",\"@id\":\"https:\\\/\\\/www.ecrivus-multimedia.nl\\\/product\\\/nieuwsbrief-schrijven\\\/\",\"url\":\"https:\\\/\\\/www.ecrivus-multimedia.nl\\\/product\\\/nieuwsbrief-schrijven\\\/\",\"name\":\"Nieuwsbrief schrijven? Bestel nu in onze webshop! 15+ jaar ervaring!\",\"isPartOf\":{\"@id\":\"https:\\\/\\\/www.ecrivus-multimedia.nl\\\/#website\"},\"primaryImageOfPage\":{\"@id\":\"https:\\\/\\\/www.ecrivus-multimedia.nl\\\/product\\\/nieuwsbrief-schrijven\\\/#primaryimage\"},\"image\":{\"@id\":\"https:\\\/\\\/www.ecrivus-multimedia.nl\\\/product\\\/nieuwsbrief-schrijven\\\/#primaryimage\"},\"thumbnailUrl\":\"https:\\\/\\\/www.ecrivus-multimedia.nl\\\/wp-content\\\/uploads\\\/2023\\\/10\\\/professionele-vrouw-consult-koffie.jpg\",\"datePublished\":\"2019-07-25T14:17:59+00:00\",\"dateModified\":\"2026-04-12T11:18:28+00:00\",\"description\":\"Nieuwsbrief schrijven? Bestel direct online! \u2713 Ervaren copywriters \u2713 Perfect Nederlands \u2713 Voordelig geregeld \u2713 Snelle levertijden \u2713 Veilig betalen via iDEAL\",\"breadcrumb\":{\"@id\":\"https:\\\/\\\/www.ecrivus-multimedia.nl\\\/product\\\/nieuwsbrief-schrijven\\\/#breadcrumb\"},\"inLanguage\":\"es\",\"potentialAction\":[{\"@type\":\"ReadAction\",\"target\":[\"https:\\\/\\\/www.ecrivus-multimedia.nl\\\/product\\\/nieuwsbrief-schrijven\\\/\"]}]},{\"@type\":\"ImageObject\",\"inLanguage\":\"es\",\"@id\":\"https:\\\/\\\/www.ecrivus-multimedia.nl\\\/product\\\/nieuwsbrief-schrijven\\\/#primaryimage\",\"url\":\"https:\\\/\\\/www.ecrivus-multimedia.nl\\\/wp-content\\\/uploads\\\/2023\\\/10\\\/professionele-vrouw-consult-koffie.jpg\",\"contentUrl\":\"https:\\\/\\\/www.ecrivus-multimedia.nl\\\/wp-content\\\/uploads\\\/2023\\\/10\\\/professionele-vrouw-consult-koffie.jpg\",\"width\":1000,\"height\":667},{\"@type\":\"BreadcrumbList\",\"@id\":\"https:\\\/\\\/www.ecrivus-multimedia.nl\\\/product\\\/nieuwsbrief-schrijven\\\/#breadcrumb\",\"itemListElement\":[{\"@type\":\"ListItem\",\"position\":1,\"name\":\"Home\",\"item\":\"https:\\\/\\\/www.ecrivus-multimedia.nl\\\/\"},{\"@type\":\"ListItem\",\"position\":2,\"name\":\"Shop\",\"item\":\"https:\\\/\\\/www.ecrivus-multimedia.nl\\\/shop\\\/\"},{\"@type\":\"ListItem\",\"position\":3,\"name\":\"Nieuwsbrief schrijven\"}]},{\"@type\":\"WebSite\",\"@id\":\"https:\\\/\\\/www.ecrivus-multimedia.nl\\\/#website\",\"url\":\"https:\\\/\\\/www.ecrivus-multimedia.nl\\\/\",\"name\":\"Ecrivus International Webshop\",\"description\":\"Erkende webshop voor be\u00ebdigde vertalingen.\",\"publisher\":{\"@id\":\"https:\\\/\\\/www.ecrivus-multimedia.nl\\\/#organization\"},\"potentialAction\":[{\"@type\":\"SearchAction\",\"target\":{\"@type\":\"EntryPoint\",\"urlTemplate\":\"https:\\\/\\\/www.ecrivus-multimedia.nl\\\/?s={search_term_string}\"},\"query-input\":{\"@type\":\"PropertyValueSpecification\",\"valueRequired\":true,\"valueName\":\"search_term_string\"}}],\"inLanguage\":\"es\"},{\"@type\":\"Organization\",\"@id\":\"https:\\\/\\\/www.ecrivus-multimedia.nl\\\/#organization\",\"name\":\"Ecrivus International\",\"url\":\"https:\\\/\\\/www.ecrivus-multimedia.nl\\\/\",\"logo\":{\"@type\":\"ImageObject\",\"inLanguage\":\"es\",\"@id\":\"https:\\\/\\\/www.ecrivus-multimedia.nl\\\/#\\\/schema\\\/logo\\\/image\\\/\",\"url\":\"https:\\\/\\\/www.ecrivus-multimedia.nl\\\/wp-content\\\/uploads\\\/2022\\\/01\\\/cropped-small-Logo-Ecrivus-Vector-Transparent2.png\",\"contentUrl\":\"https:\\\/\\\/www.ecrivus-multimedia.nl\\\/wp-content\\\/uploads\\\/2022\\\/01\\\/cropped-small-Logo-Ecrivus-Vector-Transparent2.png\",\"width\":512,\"height\":512,\"caption\":\"Ecrivus International\"},\"image\":{\"@id\":\"https:\\\/\\\/www.ecrivus-multimedia.nl\\\/#\\\/schema\\\/logo\\\/image\\\/\"},\"sameAs\":[\"https:\\\/\\\/www.facebook.com\\\/Ecrivus-International-676624782512639\\\/\",\"https:\\\/\\\/x.com\\\/ecrivusint\"]}]}<\/script>\n<!-- \/ Yoast SEO plugin. -->","yoast_head_json":{"title":"Nieuwsbrief schrijven? Bestel nu in onze webshop! 15+ jaar ervaring!","description":"Nieuwsbrief schrijven? Bestel direct online! \u2713 Ervaren copywriters \u2713 Perfect Nederlands \u2713 Voordelig geregeld \u2713 Snelle levertijden \u2713 Veilig betalen via iDEAL","robots":{"index":"index","follow":"follow","max-snippet":"max-snippet:-1","max-image-preview":"max-image-preview:large","max-video-preview":"max-video-preview:-1"},"canonical":"https:\/\/www.ecrivus-multimedia.nl\/es\/producto\/redaccion-del-boletin\/","og_locale":"es_ES","og_type":"article","og_title":"Nieuwsbrief schrijven? Bestel nu in onze webshop! 15+ jaar ervaring!","og_description":"Nieuwsbrief schrijven? Bestel direct online! \u2713 Ervaren copywriters \u2713 Perfect Nederlands \u2713 Voordelig geregeld \u2713 Snelle levertijden \u2713 Veilig betalen via iDEAL","og_url":"https:\/\/www.ecrivus-multimedia.nl\/es\/producto\/redaccion-del-boletin\/","og_site_name":"Ecrivus International Webshop","article_publisher":"https:\/\/www.facebook.com\/Ecrivus-International-676624782512639\/","article_modified_time":"2026-04-12T11:18:28+00:00","og_image":[{"width":1000,"height":667,"url":"https:\/\/www.ecrivus-multimedia.nl\/wp-content\/uploads\/2023\/10\/professionele-vrouw-consult-koffie.jpg","type":"image\/jpeg"}],"twitter_card":"summary_large_image","twitter_site":"@ecrivusint","twitter_misc":{"Tiempo de lectura":"2 minutos"},"schema":{"@context":"https:\/\/schema.org","@graph":[{"@type":"WebPage","@id":"https:\/\/www.ecrivus-multimedia.nl\/product\/nieuwsbrief-schrijven\/","url":"https:\/\/www.ecrivus-multimedia.nl\/product\/nieuwsbrief-schrijven\/","name":"Nieuwsbrief schrijven? Bestel nu in onze webshop! 15+ jaar ervaring!","isPartOf":{"@id":"https:\/\/www.ecrivus-multimedia.nl\/#website"},"primaryImageOfPage":{"@id":"https:\/\/www.ecrivus-multimedia.nl\/product\/nieuwsbrief-schrijven\/#primaryimage"},"image":{"@id":"https:\/\/www.ecrivus-multimedia.nl\/product\/nieuwsbrief-schrijven\/#primaryimage"},"thumbnailUrl":"https:\/\/www.ecrivus-multimedia.nl\/wp-content\/uploads\/2023\/10\/professionele-vrouw-consult-koffie.jpg","datePublished":"2019-07-25T14:17:59+00:00","dateModified":"2026-04-12T11:18:28+00:00","description":"Nieuwsbrief schrijven? Bestel direct online! \u2713 Ervaren copywriters \u2713 Perfect Nederlands \u2713 Voordelig geregeld \u2713 Snelle levertijden \u2713 Veilig betalen via iDEAL","breadcrumb":{"@id":"https:\/\/www.ecrivus-multimedia.nl\/product\/nieuwsbrief-schrijven\/#breadcrumb"},"inLanguage":"es","potentialAction":[{"@type":"ReadAction","target":["https:\/\/www.ecrivus-multimedia.nl\/product\/nieuwsbrief-schrijven\/"]}]},{"@type":"ImageObject","inLanguage":"es","@id":"https:\/\/www.ecrivus-multimedia.nl\/product\/nieuwsbrief-schrijven\/#primaryimage","url":"https:\/\/www.ecrivus-multimedia.nl\/wp-content\/uploads\/2023\/10\/professionele-vrouw-consult-koffie.jpg","contentUrl":"https:\/\/www.ecrivus-multimedia.nl\/wp-content\/uploads\/2023\/10\/professionele-vrouw-consult-koffie.jpg","width":1000,"height":667},{"@type":"BreadcrumbList","@id":"https:\/\/www.ecrivus-multimedia.nl\/product\/nieuwsbrief-schrijven\/#breadcrumb","itemListElement":[{"@type":"ListItem","position":1,"name":"Home","item":"https:\/\/www.ecrivus-multimedia.nl\/"},{"@type":"ListItem","position":2,"name":"Shop","item":"https:\/\/www.ecrivus-multimedia.nl\/shop\/"},{"@type":"ListItem","position":3,"name":"Nieuwsbrief schrijven"}]},{"@type":"WebSite","@id":"https:\/\/www.ecrivus-multimedia.nl\/#website","url":"https:\/\/www.ecrivus-multimedia.nl\/","name":"Ecrivus International Webshop","description":"Erkende webshop voor be\u00ebdigde vertalingen.","publisher":{"@id":"https:\/\/www.ecrivus-multimedia.nl\/#organization"},"potentialAction":[{"@type":"SearchAction","target":{"@type":"EntryPoint","urlTemplate":"https:\/\/www.ecrivus-multimedia.nl\/?s={search_term_string}"},"query-input":{"@type":"PropertyValueSpecification","valueRequired":true,"valueName":"search_term_string"}}],"inLanguage":"es"},{"@type":"Organization","@id":"https:\/\/www.ecrivus-multimedia.nl\/#organization","name":"Ecrivus International","url":"https:\/\/www.ecrivus-multimedia.nl\/","logo":{"@type":"ImageObject","inLanguage":"es","@id":"https:\/\/www.ecrivus-multimedia.nl\/#\/schema\/logo\/image\/","url":"https:\/\/www.ecrivus-multimedia.nl\/wp-content\/uploads\/2022\/01\/cropped-small-Logo-Ecrivus-Vector-Transparent2.png","contentUrl":"https:\/\/www.ecrivus-multimedia.nl\/wp-content\/uploads\/2022\/01\/cropped-small-Logo-Ecrivus-Vector-Transparent2.png","width":512,"height":512,"caption":"Ecrivus International"},"image":{"@id":"https:\/\/www.ecrivus-multimedia.nl\/#\/schema\/logo\/image\/"},"sameAs":["https:\/\/www.facebook.com\/Ecrivus-International-676624782512639\/","https:\/\/x.com\/ecrivusint"]}]}},"_links":{"self":[{"href":"https:\/\/www.ecrivus-multimedia.nl\/es\/wp-json\/wp\/v2\/product\/44330","targetHints":{"allow":["GET"]}}],"collection":[{"href":"https:\/\/www.ecrivus-multimedia.nl\/es\/wp-json\/wp\/v2\/product"}],"about":[{"href":"https:\/\/www.ecrivus-multimedia.nl\/es\/wp-json\/wp\/v2\/types\/product"}],"replies":[{"embeddable":true,"href":"https:\/\/www.ecrivus-multimedia.nl\/es\/wp-json\/wp\/v2\/comments?post=44330"}],"wp:featuredmedia":[{"embeddable":true,"href":"https:\/\/www.ecrivus-multimedia.nl\/es\/wp-json\/wp\/v2\/media\/132617"}],"wp:attachment":[{"href":"https:\/\/www.ecrivus-multimedia.nl\/es\/wp-json\/wp\/v2\/media?parent=44330"}],"wp:term":[{"taxonomy":"product_brand","embeddable":true,"href":"https:\/\/www.ecrivus-multimedia.nl\/es\/wp-json\/wp\/v2\/product_brand?post=44330"},{"taxonomy":"product_cat","embeddable":true,"href":"https:\/\/www.ecrivus-multimedia.nl\/es\/wp-json\/wp\/v2\/product_cat?post=44330"},{"taxonomy":"product_tag","embeddable":true,"href":"https:\/\/www.ecrivus-multimedia.nl\/es\/wp-json\/wp\/v2\/product_tag?post=44330"}],"curies":[{"name":"wp","href":"https:\/\/api.w.org\/{rel}","templated":true}]}}