{"id":44343,"date":"2019-07-26T11:31:53","date_gmt":"2019-07-26T09:31:53","guid":{"rendered":"https:\/\/www.ecrivus-multimedia.nl\/?post_type=product&#038;p=44343"},"modified":"2026-04-13T09:22:43","modified_gmt":"2026-04-13T07:22:43","slug":"slogan-schrijven","status":"publish","type":"product","link":"https:\/\/www.ecrivus-multimedia.nl\/es\/producto\/escribiendo-lema\/","title":{"rendered":"Escribe un eslogan"},"content":{"rendered":"<h2 class=\"western\"><strong>\u00bfEscribir un eslogan?<\/strong><\/h2>\n<p class=\"western\">Ecrivus International emplea redactores publicitarios internos y redactores publicitarios que se especializan en <a href=\"https:\/\/www.ecrivus.nl\/slogan-schrijven\/\" target=\"_blank\" rel=\"noopener noreferrer\">escribir lemas y lemas profesionales<\/a> en un holand\u00e9s impecable. Ideal para aumentar el conocimiento de su marca y asociar su marca con un mensaje positivo. uno exitoso <a href=\"https:\/\/www.ecrivus-multimedia.nl\/go\/slogan-schrijven\/\" title=\"Escribe un eslogan\" class=\"pretty-link-keyword\"rel=\"\">eslogan<\/a> La redacci\u00f3n a menudo se puede completar en 1 o 2 d\u00edas h\u00e1biles. Nuestro equipo de redacci\u00f3n tiene mucha experiencia en la creaci\u00f3n de esl\u00f3ganes empresariales que reflejen perfectamente los valores fundamentales de su empresa.<\/p>\n<h4 class=\"western\"><strong>Escribe un eslogan en perfecto holand\u00e9s.<\/strong><\/h4>\n<p class=\"western\">Dado que el prop\u00f3sito de un <a href=\"https:\/\/www.ecrivus-multimedia.nl\/go\/slogan-schrijven\/\" title=\"Escribe un eslogan\" class=\"pretty-link-keyword\"rel=\"\">eslogan<\/a> es que sea recordado por la mayor cantidad de personas posible, es importante que la calidad del texto sea excelente y que atraiga al grupo objetivo. <a href=\"https:\/\/www.ecrivus.nl\/qa-kwaliteitscontroles\/\" target=\"_blank\" rel=\"noopener noreferrer\">100% en orden en t\u00e9rminos de ortograf\u00eda, gram\u00e1tica, orden de palabras, estructura de oraciones y terminolog\u00eda<\/a> es el punto de partida. Por supuesto que a nosotros tambi\u00e9n nos encanta <a href=\"https:\/\/www.ecrivus-multimedia.nl\/go\/factuur-beedigde-vertaling-met-stempel\/\" title=\"\u00bfQuieres traducir una factura jurada? \u00a1Haz tu pedido en nuestra tienda web!\" class=\"pretty-link-keyword\"rel=\"\">cuenta<\/a> con adecuaci\u00f3n cultural (<i>idoneidad transcultural<\/i>). Gracias a nuestros a\u00f1os de experiencia en la redacci\u00f3n de esl\u00f3ganes y lemas para empresas holandesas y extranjeras, puede estar seguro de que nuestros esl\u00f3ganes escritos estar\u00e1n inmediatamente listos para su publicaci\u00f3n y uso (inter)nacional.<\/p>\n<p class=\"western\"><b>Prescribimos lemas:<\/b><\/p>\n<ul>\n<li>\n<p class=\"western\">Inauguraci\u00f3n<\/p>\n<\/li>\n<li>\n<p class=\"western\">trabajadores por cuenta propia<\/p>\n<\/li>\n<li>\n<p class=\"western\">PYME<\/p>\n<\/li>\n<li>\n<p class=\"western\">Multinacionales<\/p>\n<\/li>\n<\/ul>\n<p class=\"western\"><b>Los slogans que escribimos son ideales para:<\/b><\/p>\n<ul>\n<li>\n<p class=\"western\">Aumentar el conocimiento de la marca<\/p>\n<\/li>\n<li>\n<p class=\"western\">Asociaci\u00f3n positiva con su marca o nombre de empresa<\/p>\n<\/li>\n<li>\n<p class=\"western\">Lanzamiento de nuevos productos y servicios.<\/p>\n<\/li>\n<li>\n<p class=\"western\">Aumento de la reputaci\u00f3n corporativa: reconocibilidad, sus valores fundamentales resumidos en uno <i>pegadizo<\/i> <a href=\"https:\/\/www.ecrivus-multimedia.nl\/go\/slogan-schrijven\/\" title=\"Escribe un eslogan\" class=\"pretty-link-keyword\"rel=\"\">eslogan<\/a><\/p>\n<\/li>\n<li>\n<p class=\"western\">Generaci\u00f3n l\u00edder<\/p>\n<\/li>\n<\/ul>\n<p><strong>Escribiendo tu <a href=\"https:\/\/www.ecrivus-multimedia.nl\/go\/slogan-schrijven\/\" title=\"Escribe un eslogan\" class=\"pretty-link-keyword\"rel=\"\">eslogan<\/a> o lema<\/strong><strong> est\u00e1 en buenas manos con nosotros:<\/strong><\/p>\n<ul>\n<li>Redacci\u00f3n de textos por un redactor especializado<\/li>\n<li>Inclusivo <a href=\"http:\/\/www.ecrivus.nl\/proeflezen\/\" target=\"_blank\" rel=\"noopener noreferrer\">correcci\u00f3n de pruebas<\/a><\/li>\n<li>Inclusivo <a href=\"http:\/\/www.ecrivus.nl\/qa-kwaliteitscontroles\/\" target=\"_blank\" rel=\"noopener noreferrer\">controles de calidad<\/a><\/li>\n<li>Incluyendo la edici\u00f3n final<\/li>\n<li>Nada menos que 10 o 20 sugerencias para tu nuevo <a href=\"https:\/\/www.ecrivus-multimedia.nl\/go\/slogan-schrijven\/\" title=\"Escribe un eslogan\" class=\"pretty-link-keyword\"rel=\"\">eslogan<\/a> o lema<\/li>\n<li>Precios competitivos<\/li>\n<li>Entrega r\u00e1pida<\/li>\n<li>Entrega urgente posible<\/li>\n<li>Entrega en Microsoft Word\u00ae y PDF<\/li>\n<li>Entrega siempre a tiempo por correo electr\u00f3nico<\/li>\n<\/ul>\n<p>Para ti <a href=\"https:\/\/www.ecrivus-multimedia.nl\/go\/slogan-schrijven\/\" title=\"Escribe un eslogan\" class=\"pretty-link-keyword\"rel=\"\">eslogan<\/a> o lema escrito directamente, seleccione arriba el idioma deseado. Luego haga clic en &#039;Agregar al carrito&#039;. Luego puede cargar las instrucciones\/instrucciones que desea darle al redactor y agregarlas a su pedido. Considere los valores fundamentales que defiende su empresa y que le gustar\u00eda reflejar en el <a href=\"https:\/\/www.ecrivus-multimedia.nl\/go\/slogan-schrijven\/\" title=\"Escribe un eslogan\" class=\"pretty-link-keyword\"rel=\"\">eslogan<\/a>. Puede cargar un archivo ZIP para varios documentos. Ofrecemos varias opciones de pago a trav\u00e9s de conexiones seguras (incluidas iDeal, transferencia bancaria y PayPal).<\/p>\n<p><strong>Tiempo de entrega est\u00e1ndar<\/strong>: 3 d\u00edas laborables<\/p>","protected":false},"excerpt":{"rendered":"<p>Eslogan\/lema escrito profesionalmente (10 o 20 sugerencias) por un redactor especializado que incluye controles de calidad y edici\u00f3n final. Seleccione el idioma deseado a continuaci\u00f3n:<\/p>","protected":false},"featured_media":132690,"comment_status":"open","ping_status":"closed","template":"","meta":{"_acf_changed":false,"_glsr_average":0,"_glsr_ranking":0,"_glsr_reviews":0,"_joinchat":[]},"product_brand":[],"product_cat":[15342],"product_tag":[15349,15343,15348,15359,15347,15360,15358,15344],"class_list":{"0":"post-44343","1":"product","2":"type-product","3":"status-publish","4":"has-post-thumbnail","6":"product_cat-copywriting-content","7":"product_tag-content-creatie","8":"product_tag-copywriting","9":"product_tag-media","10":"product_tag-motto","11":"product_tag-pr","12":"product_tag-slagzin","13":"product_tag-slogan","14":"product_tag-tekstschrijven","16":"first","17":"instock","18":"sold-individually","19":"taxable","20":"shipping-taxable","21":"purchasable","22":"product-type-variable"},"acf":[],"yoast_head":"<!-- This site is optimized with the Yoast SEO plugin v27.4 - https:\/\/yoast.com\/product\/yoast-seo-wordpress\/ -->\n<title>Slogan schrijven? Motto? Bestel nu in onze webshop! 15+ jaar ervaring!<\/title>\n<meta name=\"description\" content=\"Slogan schrijven? Nieuw motto? Bestel direct online! \u2713 Ervaren copywriters \u2713 Perfect Nederlands \u2713 Voordelig \u2713 Snelle levertijden \u2713 Veilig betalen via iDEAL\" \/>\n<meta name=\"robots\" content=\"index, follow, max-snippet:-1, max-image-preview:large, max-video-preview:-1\" \/>\n<link rel=\"canonical\" href=\"https:\/\/www.ecrivus-multimedia.nl\/es\/producto\/escribiendo-lema\/\" \/>\n<meta property=\"og:locale\" content=\"es_ES\" \/>\n<meta property=\"og:type\" content=\"article\" \/>\n<meta property=\"og:title\" content=\"Slogan schrijven? Motto? Bestel nu in onze webshop! 15+ jaar ervaring!\" \/>\n<meta property=\"og:description\" content=\"Slogan schrijven? Nieuw motto? Bestel direct online! \u2713 Ervaren copywriters \u2713 Perfect Nederlands \u2713 Voordelig \u2713 Snelle levertijden \u2713 Veilig betalen via iDEAL\" \/>\n<meta property=\"og:url\" content=\"https:\/\/www.ecrivus-multimedia.nl\/es\/producto\/escribiendo-lema\/\" \/>\n<meta property=\"og:site_name\" content=\"Ecrivus International Webshop\" \/>\n<meta property=\"article:publisher\" content=\"https:\/\/www.facebook.com\/Ecrivus-International-676624782512639\/\" \/>\n<meta property=\"article:modified_time\" content=\"2026-04-13T07:22:43+00:00\" \/>\n<meta property=\"og:image\" content=\"https:\/\/www.ecrivus-multimedia.nl\/wp-content\/uploads\/2019\/07\/image-4.webp\" \/>\n\t<meta property=\"og:image:width\" content=\"1000\" \/>\n\t<meta property=\"og:image:height\" content=\"667\" \/>\n\t<meta property=\"og:image:type\" content=\"image\/webp\" \/>\n<meta name=\"twitter:card\" content=\"summary_large_image\" \/>\n<meta name=\"twitter:site\" content=\"@ecrivusint\" \/>\n<meta name=\"twitter:label1\" content=\"Tiempo de lectura\" \/>\n\t<meta name=\"twitter:data1\" content=\"2 minutos\" \/>\n<script type=\"application\/ld+json\" class=\"yoast-schema-graph\">{\"@context\":\"https:\\\/\\\/schema.org\",\"@graph\":[{\"@type\":\"WebPage\",\"@id\":\"https:\\\/\\\/www.ecrivus-multimedia.nl\\\/product\\\/slogan-schrijven\\\/\",\"url\":\"https:\\\/\\\/www.ecrivus-multimedia.nl\\\/product\\\/slogan-schrijven\\\/\",\"name\":\"Slogan schrijven? Motto? Bestel nu in onze webshop! 15+ jaar ervaring!\",\"isPartOf\":{\"@id\":\"https:\\\/\\\/www.ecrivus-multimedia.nl\\\/#website\"},\"primaryImageOfPage\":{\"@id\":\"https:\\\/\\\/www.ecrivus-multimedia.nl\\\/product\\\/slogan-schrijven\\\/#primaryimage\"},\"image\":{\"@id\":\"https:\\\/\\\/www.ecrivus-multimedia.nl\\\/product\\\/slogan-schrijven\\\/#primaryimage\"},\"thumbnailUrl\":\"https:\\\/\\\/www.ecrivus-multimedia.nl\\\/wp-content\\\/uploads\\\/2019\\\/07\\\/image-4.webp\",\"datePublished\":\"2019-07-26T09:31:53+00:00\",\"dateModified\":\"2026-04-13T07:22:43+00:00\",\"description\":\"Slogan schrijven? Nieuw motto? Bestel direct online! \u2713 Ervaren copywriters \u2713 Perfect Nederlands \u2713 Voordelig \u2713 Snelle levertijden \u2713 Veilig betalen via iDEAL\",\"breadcrumb\":{\"@id\":\"https:\\\/\\\/www.ecrivus-multimedia.nl\\\/product\\\/slogan-schrijven\\\/#breadcrumb\"},\"inLanguage\":\"es\",\"potentialAction\":[{\"@type\":\"ReadAction\",\"target\":[\"https:\\\/\\\/www.ecrivus-multimedia.nl\\\/product\\\/slogan-schrijven\\\/\"]}]},{\"@type\":\"ImageObject\",\"inLanguage\":\"es\",\"@id\":\"https:\\\/\\\/www.ecrivus-multimedia.nl\\\/product\\\/slogan-schrijven\\\/#primaryimage\",\"url\":\"https:\\\/\\\/www.ecrivus-multimedia.nl\\\/wp-content\\\/uploads\\\/2019\\\/07\\\/image-4.webp\",\"contentUrl\":\"https:\\\/\\\/www.ecrivus-multimedia.nl\\\/wp-content\\\/uploads\\\/2019\\\/07\\\/image-4.webp\",\"width\":1000,\"height\":667},{\"@type\":\"BreadcrumbList\",\"@id\":\"https:\\\/\\\/www.ecrivus-multimedia.nl\\\/product\\\/slogan-schrijven\\\/#breadcrumb\",\"itemListElement\":[{\"@type\":\"ListItem\",\"position\":1,\"name\":\"Home\",\"item\":\"https:\\\/\\\/www.ecrivus-multimedia.nl\\\/\"},{\"@type\":\"ListItem\",\"position\":2,\"name\":\"Shop\",\"item\":\"https:\\\/\\\/www.ecrivus-multimedia.nl\\\/shop\\\/\"},{\"@type\":\"ListItem\",\"position\":3,\"name\":\"Slogan schrijven\"}]},{\"@type\":\"WebSite\",\"@id\":\"https:\\\/\\\/www.ecrivus-multimedia.nl\\\/#website\",\"url\":\"https:\\\/\\\/www.ecrivus-multimedia.nl\\\/\",\"name\":\"Ecrivus International Webshop\",\"description\":\"Erkende webshop voor be\u00ebdigde vertalingen.\",\"publisher\":{\"@id\":\"https:\\\/\\\/www.ecrivus-multimedia.nl\\\/#organization\"},\"potentialAction\":[{\"@type\":\"SearchAction\",\"target\":{\"@type\":\"EntryPoint\",\"urlTemplate\":\"https:\\\/\\\/www.ecrivus-multimedia.nl\\\/?s={search_term_string}\"},\"query-input\":{\"@type\":\"PropertyValueSpecification\",\"valueRequired\":true,\"valueName\":\"search_term_string\"}}],\"inLanguage\":\"es\"},{\"@type\":\"Organization\",\"@id\":\"https:\\\/\\\/www.ecrivus-multimedia.nl\\\/#organization\",\"name\":\"Ecrivus International\",\"url\":\"https:\\\/\\\/www.ecrivus-multimedia.nl\\\/\",\"logo\":{\"@type\":\"ImageObject\",\"inLanguage\":\"es\",\"@id\":\"https:\\\/\\\/www.ecrivus-multimedia.nl\\\/#\\\/schema\\\/logo\\\/image\\\/\",\"url\":\"https:\\\/\\\/www.ecrivus-multimedia.nl\\\/wp-content\\\/uploads\\\/2022\\\/01\\\/cropped-small-Logo-Ecrivus-Vector-Transparent2.png\",\"contentUrl\":\"https:\\\/\\\/www.ecrivus-multimedia.nl\\\/wp-content\\\/uploads\\\/2022\\\/01\\\/cropped-small-Logo-Ecrivus-Vector-Transparent2.png\",\"width\":512,\"height\":512,\"caption\":\"Ecrivus International\"},\"image\":{\"@id\":\"https:\\\/\\\/www.ecrivus-multimedia.nl\\\/#\\\/schema\\\/logo\\\/image\\\/\"},\"sameAs\":[\"https:\\\/\\\/www.facebook.com\\\/Ecrivus-International-676624782512639\\\/\",\"https:\\\/\\\/x.com\\\/ecrivusint\"]}]}<\/script>\n<!-- \/ Yoast SEO plugin. -->","yoast_head_json":{"title":"Slogan schrijven? Motto? Bestel nu in onze webshop! 15+ jaar ervaring!","description":"Slogan schrijven? Nieuw motto? Bestel direct online! \u2713 Ervaren copywriters \u2713 Perfect Nederlands \u2713 Voordelig \u2713 Snelle levertijden \u2713 Veilig betalen via iDEAL","robots":{"index":"index","follow":"follow","max-snippet":"max-snippet:-1","max-image-preview":"max-image-preview:large","max-video-preview":"max-video-preview:-1"},"canonical":"https:\/\/www.ecrivus-multimedia.nl\/es\/producto\/escribiendo-lema\/","og_locale":"es_ES","og_type":"article","og_title":"Slogan schrijven? Motto? Bestel nu in onze webshop! 15+ jaar ervaring!","og_description":"Slogan schrijven? Nieuw motto? Bestel direct online! \u2713 Ervaren copywriters \u2713 Perfect Nederlands \u2713 Voordelig \u2713 Snelle levertijden \u2713 Veilig betalen via iDEAL","og_url":"https:\/\/www.ecrivus-multimedia.nl\/es\/producto\/escribiendo-lema\/","og_site_name":"Ecrivus International Webshop","article_publisher":"https:\/\/www.facebook.com\/Ecrivus-International-676624782512639\/","article_modified_time":"2026-04-13T07:22:43+00:00","og_image":[{"width":1000,"height":667,"url":"https:\/\/www.ecrivus-multimedia.nl\/wp-content\/uploads\/2019\/07\/image-4.webp","type":"image\/webp"}],"twitter_card":"summary_large_image","twitter_site":"@ecrivusint","twitter_misc":{"Tiempo de lectura":"2 minutos"},"schema":{"@context":"https:\/\/schema.org","@graph":[{"@type":"WebPage","@id":"https:\/\/www.ecrivus-multimedia.nl\/product\/slogan-schrijven\/","url":"https:\/\/www.ecrivus-multimedia.nl\/product\/slogan-schrijven\/","name":"Slogan schrijven? Motto? Bestel nu in onze webshop! 15+ jaar ervaring!","isPartOf":{"@id":"https:\/\/www.ecrivus-multimedia.nl\/#website"},"primaryImageOfPage":{"@id":"https:\/\/www.ecrivus-multimedia.nl\/product\/slogan-schrijven\/#primaryimage"},"image":{"@id":"https:\/\/www.ecrivus-multimedia.nl\/product\/slogan-schrijven\/#primaryimage"},"thumbnailUrl":"https:\/\/www.ecrivus-multimedia.nl\/wp-content\/uploads\/2019\/07\/image-4.webp","datePublished":"2019-07-26T09:31:53+00:00","dateModified":"2026-04-13T07:22:43+00:00","description":"Slogan schrijven? Nieuw motto? Bestel direct online! \u2713 Ervaren copywriters \u2713 Perfect Nederlands \u2713 Voordelig \u2713 Snelle levertijden \u2713 Veilig betalen via iDEAL","breadcrumb":{"@id":"https:\/\/www.ecrivus-multimedia.nl\/product\/slogan-schrijven\/#breadcrumb"},"inLanguage":"es","potentialAction":[{"@type":"ReadAction","target":["https:\/\/www.ecrivus-multimedia.nl\/product\/slogan-schrijven\/"]}]},{"@type":"ImageObject","inLanguage":"es","@id":"https:\/\/www.ecrivus-multimedia.nl\/product\/slogan-schrijven\/#primaryimage","url":"https:\/\/www.ecrivus-multimedia.nl\/wp-content\/uploads\/2019\/07\/image-4.webp","contentUrl":"https:\/\/www.ecrivus-multimedia.nl\/wp-content\/uploads\/2019\/07\/image-4.webp","width":1000,"height":667},{"@type":"BreadcrumbList","@id":"https:\/\/www.ecrivus-multimedia.nl\/product\/slogan-schrijven\/#breadcrumb","itemListElement":[{"@type":"ListItem","position":1,"name":"Home","item":"https:\/\/www.ecrivus-multimedia.nl\/"},{"@type":"ListItem","position":2,"name":"Shop","item":"https:\/\/www.ecrivus-multimedia.nl\/shop\/"},{"@type":"ListItem","position":3,"name":"Slogan schrijven"}]},{"@type":"WebSite","@id":"https:\/\/www.ecrivus-multimedia.nl\/#website","url":"https:\/\/www.ecrivus-multimedia.nl\/","name":"Ecrivus International Webshop","description":"Erkende webshop voor be\u00ebdigde vertalingen.","publisher":{"@id":"https:\/\/www.ecrivus-multimedia.nl\/#organization"},"potentialAction":[{"@type":"SearchAction","target":{"@type":"EntryPoint","urlTemplate":"https:\/\/www.ecrivus-multimedia.nl\/?s={search_term_string}"},"query-input":{"@type":"PropertyValueSpecification","valueRequired":true,"valueName":"search_term_string"}}],"inLanguage":"es"},{"@type":"Organization","@id":"https:\/\/www.ecrivus-multimedia.nl\/#organization","name":"Ecrivus International","url":"https:\/\/www.ecrivus-multimedia.nl\/","logo":{"@type":"ImageObject","inLanguage":"es","@id":"https:\/\/www.ecrivus-multimedia.nl\/#\/schema\/logo\/image\/","url":"https:\/\/www.ecrivus-multimedia.nl\/wp-content\/uploads\/2022\/01\/cropped-small-Logo-Ecrivus-Vector-Transparent2.png","contentUrl":"https:\/\/www.ecrivus-multimedia.nl\/wp-content\/uploads\/2022\/01\/cropped-small-Logo-Ecrivus-Vector-Transparent2.png","width":512,"height":512,"caption":"Ecrivus International"},"image":{"@id":"https:\/\/www.ecrivus-multimedia.nl\/#\/schema\/logo\/image\/"},"sameAs":["https:\/\/www.facebook.com\/Ecrivus-International-676624782512639\/","https:\/\/x.com\/ecrivusint"]}]}},"_links":{"self":[{"href":"https:\/\/www.ecrivus-multimedia.nl\/es\/wp-json\/wp\/v2\/product\/44343","targetHints":{"allow":["GET"]}}],"collection":[{"href":"https:\/\/www.ecrivus-multimedia.nl\/es\/wp-json\/wp\/v2\/product"}],"about":[{"href":"https:\/\/www.ecrivus-multimedia.nl\/es\/wp-json\/wp\/v2\/types\/product"}],"replies":[{"embeddable":true,"href":"https:\/\/www.ecrivus-multimedia.nl\/es\/wp-json\/wp\/v2\/comments?post=44343"}],"wp:featuredmedia":[{"embeddable":true,"href":"https:\/\/www.ecrivus-multimedia.nl\/es\/wp-json\/wp\/v2\/media\/132690"}],"wp:attachment":[{"href":"https:\/\/www.ecrivus-multimedia.nl\/es\/wp-json\/wp\/v2\/media?parent=44343"}],"wp:term":[{"taxonomy":"product_brand","embeddable":true,"href":"https:\/\/www.ecrivus-multimedia.nl\/es\/wp-json\/wp\/v2\/product_brand?post=44343"},{"taxonomy":"product_cat","embeddable":true,"href":"https:\/\/www.ecrivus-multimedia.nl\/es\/wp-json\/wp\/v2\/product_cat?post=44343"},{"taxonomy":"product_tag","embeddable":true,"href":"https:\/\/www.ecrivus-multimedia.nl\/es\/wp-json\/wp\/v2\/product_tag?post=44343"}],"curies":[{"name":"wp","href":"https:\/\/api.w.org\/{rel}","templated":true}]}}