{"id":44351,"date":"2019-07-26T14:52:55","date_gmt":"2019-07-26T12:52:55","guid":{"rendered":"https:\/\/www.ecrivus-multimedia.nl\/?post_type=product&#038;p=44351"},"modified":"2026-04-13T09:22:43","modified_gmt":"2026-04-13T07:22:43","slug":"webtekst-schrijven","status":"publish","type":"product","link":"https:\/\/www.ecrivus-multimedia.nl\/es\/producto\/escribiendo-texto-web\/","title":{"rendered":"Escribir texto web"},"content":{"rendered":"<h2><strong>\u00bfEscribir texto web?<\/strong><\/h2>\n<p class=\"western\">Ecrivus International emplea redactores publicitarios internos y redactores publicitarios que se especializan en <a href=\"https:\/\/www.ecrivus.nl\/webtekst-schrijven\/\" target=\"_blank\" rel=\"noopener noreferrer\">escribir textos web convincentes<\/a> y otros contenidos web en perfecto holand\u00e9s.<\/p>\n<p class=\"western\">\u00bfVas a estrenar una nueva web y necesitas textos comerciales, informativos y persuasivos? \u00bfO ya tienes un sitio web, pero los textos existentes est\u00e1n desactualizados y necesitan una actualizaci\u00f3n? Estaremos encantados de ayudarle a redactar textos web exitosos, contenido web, descripciones de productos y p\u00e1ginas web est\u00e1ndar como &quot;Acerca de nosotros&quot;, &quot;Contacto&quot;, &quot;Inicio&quot; y formularios de contacto.<\/p>\n<p class=\"western\">Los textos web que escribimos est\u00e1n orientados a la conversi\u00f3n y son compatibles con SEO. Por ejemplo, optimizamos los textos en el campo de la optimizaci\u00f3n de motores de b\u00fasqueda (para aumentar su clasificaci\u00f3n SEO) y colocamos CTA (llamados a la acci\u00f3n) en lugares discretos del texto para alentar al lector a tomar medidas, como completar un formulario de cotizaci\u00f3n o la compra de un producto o servicio. uno exitoso <a href=\"https:\/\/www.ecrivus-multimedia.nl\/go\/webtekst-schrijven\/\" title=\"Escribir texto web\" class=\"pretty-link-keyword\"rel=\"\">texto web<\/a> La escritura a menudo se puede completar en 2 o 3 d\u00edas h\u00e1biles.<\/p>\n<p class=\"western\"><b>Redactamos textos web para:<\/b><\/p>\n<ul>\n<li>\n<p class=\"western\">Inauguraci\u00f3n<\/p>\n<\/li>\n<li>\n<p class=\"western\">trabajadores por cuenta propia<\/p>\n<\/li>\n<li>\n<p class=\"western\">PYME<\/p>\n<\/li>\n<li>\n<p class=\"western\">Multinacionales<\/p>\n<\/li>\n<\/ul>\n<p class=\"western\"><b>Los textos web que redactamos son ideales para:<\/b><\/p>\n<ul>\n<li>\n<p class=\"western\">Aumentar el conocimiento de la marca<\/p>\n<\/li>\n<li>\n<p class=\"western\">Apariencia profesional a trav\u00e9s de textos en excelente holand\u00e9s.<\/p>\n<\/li>\n<li>\n<p class=\"western\">Llevar informaci\u00f3n a la atenci\u00f3n de los clientes (potenciales)<\/p>\n<\/li>\n<li>\n<p class=\"western\">Aumentar su ranking en los motores de b\u00fasqueda (<span style=\"color: #000080;\"><span lang=\"zxx\"><a href=\"https:\/\/www.ecrivus.nl\/seo-vertaling\/\">Clasificaci\u00f3n SEO\/optimizaci\u00f3n de motores de b\u00fasqueda<\/a><\/span><\/span>)<\/p>\n<\/li>\n<li>\n<p class=\"western\">Incrementa la visibilidad online de tu empresa<\/p>\n<\/li>\n<li>\n<p class=\"western\">Generaci\u00f3n l\u00edder<\/p>\n<\/li>\n<li>\n<p class=\"western\">Landing pages, campa\u00f1as de publicidad y marketing.<\/p>\n<\/li>\n<li>\n<p class=\"western\">Incrementar la facturaci\u00f3n (a trav\u00e9s de llamadas a la acci\u00f3n)<\/p>\n<\/li>\n<\/ul>\n<p>Para ti <a href=\"https:\/\/www.ecrivus-multimedia.nl\/go\/webtekst-schrijven\/\" title=\"Escribir texto web\" class=\"pretty-link-keyword\"rel=\"\">texto web<\/a> Para que se escriba inmediatamente, seleccione arriba el n\u00famero deseado de palabras. Luego haga clic en &#039;Agregar al carrito&#039;. Luego puede cargar las instrucciones\/instrucciones que desea darle al redactor y agregarlas a su pedido. Puede cargar un archivo ZIP para varios documentos. Ofrecemos varias opciones de pago a trav\u00e9s de conexiones seguras (incluidas iDeal, transferencia bancaria y PayPal).<\/p>\n<p><strong>Tiempo de entrega est\u00e1ndar<\/strong>: 5 d\u00edas laborables<\/p>","protected":false},"excerpt":{"rendered":"<p>Textos web escritos profesionalmente por redactores especializados que incluyen controles de calidad y edici\u00f3n final. Seleccione el idioma deseado a continuaci\u00f3n:<\/p>","protected":false},"featured_media":132689,"comment_status":"open","ping_status":"closed","template":"","meta":{"_acf_changed":false,"_glsr_average":0,"_glsr_ranking":0,"_glsr_reviews":0,"_joinchat":[]},"product_brand":[],"product_cat":[15342],"product_tag":[],"class_list":{"0":"post-44351","1":"product","2":"type-product","3":"status-publish","4":"has-post-thumbnail","6":"product_cat-copywriting-content","8":"first","9":"instock","10":"sold-individually","11":"taxable","12":"shipping-taxable","13":"purchasable","14":"product-type-variable"},"acf":[],"yoast_head":"<!-- This site is optimized with the Yoast SEO plugin v27.4 - https:\/\/yoast.com\/product\/yoast-seo-wordpress\/ -->\n<title>Webtekst schrijven? Webcontent nodig? Bestel nu in onze webshop!<\/title>\n<meta name=\"description\" content=\"Webtekst schrijven? Wij schrijven webteksten in helder en perfect Nederlands. \u2713 SEO-vriendelijk \u2713 GRATIS offerte \u2713 Voordelig en snel\" \/>\n<meta name=\"robots\" content=\"index, follow, max-snippet:-1, max-image-preview:large, max-video-preview:-1\" \/>\n<link rel=\"canonical\" href=\"https:\/\/www.ecrivus-multimedia.nl\/es\/producto\/escribiendo-texto-web\/\" \/>\n<meta property=\"og:locale\" content=\"es_ES\" \/>\n<meta property=\"og:type\" content=\"article\" \/>\n<meta property=\"og:title\" content=\"Webtekst schrijven? Webcontent nodig? Bestel nu in onze webshop!\" \/>\n<meta property=\"og:description\" content=\"Webtekst schrijven? Wij schrijven webteksten in helder en perfect Nederlands. \u2713 SEO-vriendelijk \u2713 GRATIS offerte \u2713 Voordelig en snel\" \/>\n<meta property=\"og:url\" content=\"https:\/\/www.ecrivus-multimedia.nl\/es\/producto\/escribiendo-texto-web\/\" \/>\n<meta property=\"og:site_name\" content=\"Ecrivus International Webshop\" \/>\n<meta property=\"article:publisher\" content=\"https:\/\/www.facebook.com\/Ecrivus-International-676624782512639\/\" \/>\n<meta property=\"article:modified_time\" content=\"2026-04-13T07:22:43+00:00\" \/>\n<meta property=\"og:image\" content=\"https:\/\/www.ecrivus-multimedia.nl\/wp-content\/uploads\/2019\/07\/image-2.webp\" \/>\n\t<meta property=\"og:image:width\" content=\"1000\" \/>\n\t<meta property=\"og:image:height\" content=\"667\" \/>\n\t<meta property=\"og:image:type\" content=\"image\/webp\" \/>\n<meta name=\"twitter:card\" content=\"summary_large_image\" \/>\n<meta name=\"twitter:site\" content=\"@ecrivusint\" \/>\n<meta name=\"twitter:label1\" content=\"Tiempo de lectura\" \/>\n\t<meta name=\"twitter:data1\" content=\"2 minutos\" \/>\n<script type=\"application\/ld+json\" class=\"yoast-schema-graph\">{\"@context\":\"https:\\\/\\\/schema.org\",\"@graph\":[{\"@type\":\"WebPage\",\"@id\":\"https:\\\/\\\/www.ecrivus-multimedia.nl\\\/product\\\/webtekst-schrijven\\\/\",\"url\":\"https:\\\/\\\/www.ecrivus-multimedia.nl\\\/product\\\/webtekst-schrijven\\\/\",\"name\":\"Webtekst schrijven? Webcontent nodig? Bestel nu in onze webshop!\",\"isPartOf\":{\"@id\":\"https:\\\/\\\/www.ecrivus-multimedia.nl\\\/#website\"},\"primaryImageOfPage\":{\"@id\":\"https:\\\/\\\/www.ecrivus-multimedia.nl\\\/product\\\/webtekst-schrijven\\\/#primaryimage\"},\"image\":{\"@id\":\"https:\\\/\\\/www.ecrivus-multimedia.nl\\\/product\\\/webtekst-schrijven\\\/#primaryimage\"},\"thumbnailUrl\":\"https:\\\/\\\/www.ecrivus-multimedia.nl\\\/wp-content\\\/uploads\\\/2019\\\/07\\\/image-2.webp\",\"datePublished\":\"2019-07-26T12:52:55+00:00\",\"dateModified\":\"2026-04-13T07:22:43+00:00\",\"description\":\"Webtekst schrijven? Wij schrijven webteksten in helder en perfect Nederlands. \u2713 SEO-vriendelijk \u2713 GRATIS offerte \u2713 Voordelig en snel\",\"breadcrumb\":{\"@id\":\"https:\\\/\\\/www.ecrivus-multimedia.nl\\\/product\\\/webtekst-schrijven\\\/#breadcrumb\"},\"inLanguage\":\"es\",\"potentialAction\":[{\"@type\":\"ReadAction\",\"target\":[\"https:\\\/\\\/www.ecrivus-multimedia.nl\\\/product\\\/webtekst-schrijven\\\/\"]}]},{\"@type\":\"ImageObject\",\"inLanguage\":\"es\",\"@id\":\"https:\\\/\\\/www.ecrivus-multimedia.nl\\\/product\\\/webtekst-schrijven\\\/#primaryimage\",\"url\":\"https:\\\/\\\/www.ecrivus-multimedia.nl\\\/wp-content\\\/uploads\\\/2019\\\/07\\\/image-2.webp\",\"contentUrl\":\"https:\\\/\\\/www.ecrivus-multimedia.nl\\\/wp-content\\\/uploads\\\/2019\\\/07\\\/image-2.webp\",\"width\":1000,\"height\":667},{\"@type\":\"BreadcrumbList\",\"@id\":\"https:\\\/\\\/www.ecrivus-multimedia.nl\\\/product\\\/webtekst-schrijven\\\/#breadcrumb\",\"itemListElement\":[{\"@type\":\"ListItem\",\"position\":1,\"name\":\"Home\",\"item\":\"https:\\\/\\\/www.ecrivus-multimedia.nl\\\/\"},{\"@type\":\"ListItem\",\"position\":2,\"name\":\"Shop\",\"item\":\"https:\\\/\\\/www.ecrivus-multimedia.nl\\\/shop\\\/\"},{\"@type\":\"ListItem\",\"position\":3,\"name\":\"Webtekst schrijven\"}]},{\"@type\":\"WebSite\",\"@id\":\"https:\\\/\\\/www.ecrivus-multimedia.nl\\\/#website\",\"url\":\"https:\\\/\\\/www.ecrivus-multimedia.nl\\\/\",\"name\":\"Ecrivus International Webshop\",\"description\":\"Erkende webshop voor be\u00ebdigde vertalingen.\",\"publisher\":{\"@id\":\"https:\\\/\\\/www.ecrivus-multimedia.nl\\\/#organization\"},\"potentialAction\":[{\"@type\":\"SearchAction\",\"target\":{\"@type\":\"EntryPoint\",\"urlTemplate\":\"https:\\\/\\\/www.ecrivus-multimedia.nl\\\/?s={search_term_string}\"},\"query-input\":{\"@type\":\"PropertyValueSpecification\",\"valueRequired\":true,\"valueName\":\"search_term_string\"}}],\"inLanguage\":\"es\"},{\"@type\":\"Organization\",\"@id\":\"https:\\\/\\\/www.ecrivus-multimedia.nl\\\/#organization\",\"name\":\"Ecrivus International\",\"url\":\"https:\\\/\\\/www.ecrivus-multimedia.nl\\\/\",\"logo\":{\"@type\":\"ImageObject\",\"inLanguage\":\"es\",\"@id\":\"https:\\\/\\\/www.ecrivus-multimedia.nl\\\/#\\\/schema\\\/logo\\\/image\\\/\",\"url\":\"https:\\\/\\\/www.ecrivus-multimedia.nl\\\/wp-content\\\/uploads\\\/2022\\\/01\\\/cropped-small-Logo-Ecrivus-Vector-Transparent2.png\",\"contentUrl\":\"https:\\\/\\\/www.ecrivus-multimedia.nl\\\/wp-content\\\/uploads\\\/2022\\\/01\\\/cropped-small-Logo-Ecrivus-Vector-Transparent2.png\",\"width\":512,\"height\":512,\"caption\":\"Ecrivus International\"},\"image\":{\"@id\":\"https:\\\/\\\/www.ecrivus-multimedia.nl\\\/#\\\/schema\\\/logo\\\/image\\\/\"},\"sameAs\":[\"https:\\\/\\\/www.facebook.com\\\/Ecrivus-International-676624782512639\\\/\",\"https:\\\/\\\/x.com\\\/ecrivusint\"]}]}<\/script>\n<!-- \/ Yoast SEO plugin. -->","yoast_head_json":{"title":"Webtekst schrijven? Webcontent nodig? Bestel nu in onze webshop!","description":"Webtekst schrijven? Wij schrijven webteksten in helder en perfect Nederlands. \u2713 SEO-vriendelijk \u2713 GRATIS offerte \u2713 Voordelig en snel","robots":{"index":"index","follow":"follow","max-snippet":"max-snippet:-1","max-image-preview":"max-image-preview:large","max-video-preview":"max-video-preview:-1"},"canonical":"https:\/\/www.ecrivus-multimedia.nl\/es\/producto\/escribiendo-texto-web\/","og_locale":"es_ES","og_type":"article","og_title":"Webtekst schrijven? Webcontent nodig? Bestel nu in onze webshop!","og_description":"Webtekst schrijven? Wij schrijven webteksten in helder en perfect Nederlands. \u2713 SEO-vriendelijk \u2713 GRATIS offerte \u2713 Voordelig en snel","og_url":"https:\/\/www.ecrivus-multimedia.nl\/es\/producto\/escribiendo-texto-web\/","og_site_name":"Ecrivus International Webshop","article_publisher":"https:\/\/www.facebook.com\/Ecrivus-International-676624782512639\/","article_modified_time":"2026-04-13T07:22:43+00:00","og_image":[{"width":1000,"height":667,"url":"https:\/\/www.ecrivus-multimedia.nl\/wp-content\/uploads\/2019\/07\/image-2.webp","type":"image\/webp"}],"twitter_card":"summary_large_image","twitter_site":"@ecrivusint","twitter_misc":{"Tiempo de lectura":"2 minutos"},"schema":{"@context":"https:\/\/schema.org","@graph":[{"@type":"WebPage","@id":"https:\/\/www.ecrivus-multimedia.nl\/product\/webtekst-schrijven\/","url":"https:\/\/www.ecrivus-multimedia.nl\/product\/webtekst-schrijven\/","name":"Webtekst schrijven? Webcontent nodig? Bestel nu in onze webshop!","isPartOf":{"@id":"https:\/\/www.ecrivus-multimedia.nl\/#website"},"primaryImageOfPage":{"@id":"https:\/\/www.ecrivus-multimedia.nl\/product\/webtekst-schrijven\/#primaryimage"},"image":{"@id":"https:\/\/www.ecrivus-multimedia.nl\/product\/webtekst-schrijven\/#primaryimage"},"thumbnailUrl":"https:\/\/www.ecrivus-multimedia.nl\/wp-content\/uploads\/2019\/07\/image-2.webp","datePublished":"2019-07-26T12:52:55+00:00","dateModified":"2026-04-13T07:22:43+00:00","description":"Webtekst schrijven? Wij schrijven webteksten in helder en perfect Nederlands. \u2713 SEO-vriendelijk \u2713 GRATIS offerte \u2713 Voordelig en snel","breadcrumb":{"@id":"https:\/\/www.ecrivus-multimedia.nl\/product\/webtekst-schrijven\/#breadcrumb"},"inLanguage":"es","potentialAction":[{"@type":"ReadAction","target":["https:\/\/www.ecrivus-multimedia.nl\/product\/webtekst-schrijven\/"]}]},{"@type":"ImageObject","inLanguage":"es","@id":"https:\/\/www.ecrivus-multimedia.nl\/product\/webtekst-schrijven\/#primaryimage","url":"https:\/\/www.ecrivus-multimedia.nl\/wp-content\/uploads\/2019\/07\/image-2.webp","contentUrl":"https:\/\/www.ecrivus-multimedia.nl\/wp-content\/uploads\/2019\/07\/image-2.webp","width":1000,"height":667},{"@type":"BreadcrumbList","@id":"https:\/\/www.ecrivus-multimedia.nl\/product\/webtekst-schrijven\/#breadcrumb","itemListElement":[{"@type":"ListItem","position":1,"name":"Home","item":"https:\/\/www.ecrivus-multimedia.nl\/"},{"@type":"ListItem","position":2,"name":"Shop","item":"https:\/\/www.ecrivus-multimedia.nl\/shop\/"},{"@type":"ListItem","position":3,"name":"Webtekst schrijven"}]},{"@type":"WebSite","@id":"https:\/\/www.ecrivus-multimedia.nl\/#website","url":"https:\/\/www.ecrivus-multimedia.nl\/","name":"Ecrivus International Webshop","description":"Erkende webshop voor be\u00ebdigde vertalingen.","publisher":{"@id":"https:\/\/www.ecrivus-multimedia.nl\/#organization"},"potentialAction":[{"@type":"SearchAction","target":{"@type":"EntryPoint","urlTemplate":"https:\/\/www.ecrivus-multimedia.nl\/?s={search_term_string}"},"query-input":{"@type":"PropertyValueSpecification","valueRequired":true,"valueName":"search_term_string"}}],"inLanguage":"es"},{"@type":"Organization","@id":"https:\/\/www.ecrivus-multimedia.nl\/#organization","name":"Ecrivus International","url":"https:\/\/www.ecrivus-multimedia.nl\/","logo":{"@type":"ImageObject","inLanguage":"es","@id":"https:\/\/www.ecrivus-multimedia.nl\/#\/schema\/logo\/image\/","url":"https:\/\/www.ecrivus-multimedia.nl\/wp-content\/uploads\/2022\/01\/cropped-small-Logo-Ecrivus-Vector-Transparent2.png","contentUrl":"https:\/\/www.ecrivus-multimedia.nl\/wp-content\/uploads\/2022\/01\/cropped-small-Logo-Ecrivus-Vector-Transparent2.png","width":512,"height":512,"caption":"Ecrivus International"},"image":{"@id":"https:\/\/www.ecrivus-multimedia.nl\/#\/schema\/logo\/image\/"},"sameAs":["https:\/\/www.facebook.com\/Ecrivus-International-676624782512639\/","https:\/\/x.com\/ecrivusint"]}]}},"_links":{"self":[{"href":"https:\/\/www.ecrivus-multimedia.nl\/es\/wp-json\/wp\/v2\/product\/44351","targetHints":{"allow":["GET"]}}],"collection":[{"href":"https:\/\/www.ecrivus-multimedia.nl\/es\/wp-json\/wp\/v2\/product"}],"about":[{"href":"https:\/\/www.ecrivus-multimedia.nl\/es\/wp-json\/wp\/v2\/types\/product"}],"replies":[{"embeddable":true,"href":"https:\/\/www.ecrivus-multimedia.nl\/es\/wp-json\/wp\/v2\/comments?post=44351"}],"wp:featuredmedia":[{"embeddable":true,"href":"https:\/\/www.ecrivus-multimedia.nl\/es\/wp-json\/wp\/v2\/media\/132689"}],"wp:attachment":[{"href":"https:\/\/www.ecrivus-multimedia.nl\/es\/wp-json\/wp\/v2\/media?parent=44351"}],"wp:term":[{"taxonomy":"product_brand","embeddable":true,"href":"https:\/\/www.ecrivus-multimedia.nl\/es\/wp-json\/wp\/v2\/product_brand?post=44351"},{"taxonomy":"product_cat","embeddable":true,"href":"https:\/\/www.ecrivus-multimedia.nl\/es\/wp-json\/wp\/v2\/product_cat?post=44351"},{"taxonomy":"product_tag","embeddable":true,"href":"https:\/\/www.ecrivus-multimedia.nl\/es\/wp-json\/wp\/v2\/product_tag?post=44351"}],"curies":[{"name":"wp","href":"https:\/\/api.w.org\/{rel}","templated":true}]}}