{"id":54782,"date":"2017-09-10T08:29:10","date_gmt":"2017-09-10T06:29:10","guid":{"rendered":"https:\/\/www.ecrivus-multimedia.nl\/product\/consultancy-overeenkomst-beedigde-vertaling-met-stempel\/"},"modified":"2026-04-12T12:13:17","modified_gmt":"2026-04-12T10:13:17","slug":"consultancy-overeenkomst-beedigde-vertaling-met-stempel","status":"publish","type":"product","link":"https:\/\/www.ecrivus-multimedia.nl\/es\/producto\/contrato-de-asesoria-traduccion-jurada-con-sello\/","title":{"rendered":"Traducir contrato de consultor\u00eda (jurado)"},"content":{"rendered":"<p><strong><a href=\"https:\/\/www.ecrivus-multimedia.nl\/go\/consultancy-overeenkomst-beedigde-vertaling-met-stempel\/\" title=\"\u00bfQuieres traducir un contrato de consultor\u00eda jurada? \u00a1Haz tu pedido en nuestra tienda web!\" class=\"pretty-link-keyword\"rel=\"\">Consultor\u00eda<\/a>-<a href=\"https:\/\/www.ecrivus-multimedia.nl\/go\/contract-beedigde-vertaling-met-stempel\/\" title=\"\u00bfQuieres traducir un contrato jurado? \u00a1Haz tu pedido en nuestra tienda web!\" class=\"pretty-link-keyword\"rel=\"\">acuerdo<\/a> (<a href=\"https:\/\/www.ecrivus-multimedia.nl\/go\/be\u00ebdigde-vertaling\/\" title=\"Traducciones juradas Archivos | Tienda web internacional Ecrivus\" class=\"pretty-link-keyword\"rel=\"\">traducci\u00f3n certificada<\/a> con sello)<\/strong><\/p>\n<p>El <a href=\"https:\/\/www.ecrivus-multimedia.nl\/go\/be\u00ebdigde-vertaling\/\" title=\"Traducciones juradas Archivos | Tienda web internacional Ecrivus\" class=\"pretty-link-keyword\"rel=\"\">traducci\u00f3n certificada<\/a> de tu <a href=\"https:\/\/www.ecrivus-multimedia.nl\/go\/consultancy-overeenkomst-beedigde-vertaling-met-stempel\/\" title=\"\u00bfQuieres traducir un contrato de consultor\u00eda jurada? \u00a1Haz tu pedido en nuestra tienda web!\" class=\"pretty-link-keyword\"rel=\"\">consultor\u00eda<\/a>-<a href=\"https:\/\/www.ecrivus-multimedia.nl\/go\/contract-beedigde-vertaling-met-stempel\/\" title=\"\u00bfQuieres traducir un contrato jurado? \u00a1Haz tu pedido en nuestra tienda web!\" class=\"pretty-link-keyword\"rel=\"\">acuerdo<\/a> ahora se puede pedir f\u00e1cilmente en l\u00ednea.<\/p>\n<p>Tienes un <a href=\"https:\/\/www.ecrivus-multimedia.nl\/go\/be\u00ebdigde-vertaling\/\" title=\"Traducciones juradas Archivos | Tienda web internacional Ecrivus\" class=\"pretty-link-keyword\"rel=\"\">traducci\u00f3n certificada<\/a> de un <a href=\"https:\/\/www.ecrivus-multimedia.nl\/go\/consultancy-overeenkomst-beedigde-vertaling-met-stempel\/\" title=\"\u00bfQuieres traducir un contrato de consultor\u00eda jurada? \u00a1Haz tu pedido en nuestra tienda web!\" class=\"pretty-link-keyword\"rel=\"\">consultor\u00eda<\/a>-<a href=\"https:\/\/www.ecrivus-multimedia.nl\/go\/contract-beedigde-vertaling-met-stempel\/\" title=\"\u00bfQuieres traducir un contrato jurado? \u00a1Haz tu pedido en nuestra tienda web!\" class=\"pretty-link-keyword\"rel=\"\">acuerdo<\/a> \u00bfnecesario? A <a href=\"https:\/\/www.ecrivus-multimedia.nl\/go\/be\u00ebdigde-vertaling\/\" title=\"Traducciones juradas Archivos | Tienda web internacional Ecrivus\" class=\"pretty-link-keyword\"rel=\"\">traducci\u00f3n certificada<\/a> de un <a href=\"https:\/\/www.ecrivus-multimedia.nl\/go\/consultancy-overeenkomst-beedigde-vertaling-met-stempel\/\" title=\"\u00bfQuieres traducir un contrato de consultor\u00eda jurada? \u00a1Haz tu pedido en nuestra tienda web!\" class=\"pretty-link-keyword\"rel=\"\">consultor\u00eda<\/a>-<a href=\"https:\/\/www.ecrivus-multimedia.nl\/go\/contract-beedigde-vertaling-met-stempel\/\" title=\"\u00bfQuieres traducir un contrato jurado? \u00a1Haz tu pedido en nuestra tienda web!\" class=\"pretty-link-keyword\"rel=\"\">acuerdo<\/a> se organiza r\u00e1pida y f\u00e1cilmente en Ecrivus International. Trabajamos estrechamente con una extensa red de traductores jurados y jurados que cuentan con una amplia experiencia en traducciones juradas. <a href=\"https:\/\/www.ecrivus-multimedia.nl\/go\/be\u00ebdigde-vertaling\/\" title=\"Traducciones juradas Archivos | Tienda web internacional Ecrivus\" class=\"pretty-link-keyword\"rel=\"\">documentos oficiales<\/a>. Esto significa que puede estar seguro de que su <a href=\"https:\/\/www.ecrivus-multimedia.nl\/go\/consultancy-overeenkomst-beedigde-vertaling-met-stempel\/\" title=\"\u00bfQuieres traducir un contrato de consultor\u00eda jurada? \u00a1Haz tu pedido en nuestra tienda web!\" class=\"pretty-link-keyword\"rel=\"\">consultor\u00eda<\/a>-<a href=\"https:\/\/www.ecrivus-multimedia.nl\/go\/contract-beedigde-vertaling-met-stempel\/\" title=\"\u00bfQuieres traducir un contrato jurado? \u00a1Haz tu pedido en nuestra tienda web!\" class=\"pretty-link-keyword\"rel=\"\">acuerdo<\/a> se traduce con precisi\u00f3n al idioma deseado. Todo nuestro <a href=\"https:\/\/www.ecrivus-multimedia.nl\/go\/be\u00ebdigde-vertaling\/\" title=\"Traducciones juradas Archivos | Tienda web internacional Ecrivus\" class=\"pretty-link-keyword\"rel=\"\">traducciones certificadas<\/a> por supuesto incluyen el sello del <a href=\"https:\/\/www.ecrivus-multimedia.nl\/go\/be\u00ebdigde-vertaling\/\" title=\"Traducciones juradas Archivos | Tienda web internacional Ecrivus\" class=\"pretty-link-keyword\"rel=\"\">traductor bajo juramento<\/a>.<\/p>\n<p><strong>El <a href=\"https:\/\/www.ecrivus-multimedia.nl\/go\/be\u00ebdigde-vertaling\/\" title=\"Traducciones juradas Archivos | Tienda web internacional Ecrivus\" class=\"pretty-link-keyword\"rel=\"\">traducci\u00f3n certificada<\/a> de tu <a href=\"https:\/\/www.ecrivus-multimedia.nl\/go\/consultancy-overeenkomst-beedigde-vertaling-met-stempel\/\" title=\"\u00bfQuieres traducir un contrato de consultor\u00eda jurada? \u00a1Haz tu pedido en nuestra tienda web!\" class=\"pretty-link-keyword\"rel=\"\">consultor\u00eda<\/a>-<a href=\"https:\/\/www.ecrivus-multimedia.nl\/go\/contract-beedigde-vertaling-met-stempel\/\" title=\"\u00bfQuieres traducir un contrato jurado? \u00a1Haz tu pedido en nuestra tienda web!\" class=\"pretty-link-keyword\"rel=\"\">acuerdo<\/a> est\u00e1 en buenas manos con nosotros:<\/strong><\/p>\n<ul>\n<li>Traducci\u00f3n jurada, experimentada y especializada <a href=\"http:\/\/www.ecrivus.nl\/juridische-vertalingen\/\">traductor jur\u00eddico<\/a><\/li>\n<li>Inclusivo <a href=\"http:\/\/www.ecrivus.nl\/proeflezen\/\">correcci\u00f3n de pruebas<\/a><\/li>\n<li>Inclusivo <a href=\"http:\/\/www.ecrivus.nl\/qa-kwaliteitscontroles\/\">controles de calidad<\/a><\/li>\n<li>Precios competitivos<\/li>\n<li>Entrega r\u00e1pida<\/li>\n<li>Escoge de <a href=\"http:\/\/www.ecrivus.nl\/talen\/\">cientos de combinaciones de idiomas<\/a><\/li>\n<li>Entrega urgente posible<\/li>\n<li>Admite muchos formatos de archivo, incluido PDF<\/li>\n<li>Env\u00edo siempre registrado <a href=\"https:\/\/www.ecrivus-multimedia.nl\/go\/be\u00ebdigde-vertaling\/\" title=\"Traducciones juradas Archivos | Tienda web internacional Ecrivus\" class=\"pretty-link-keyword\"rel=\"\">traducci\u00f3n certificada<\/a> con seguimiento y localizaci\u00f3n<\/li>\n<li>Posibilidad de que su documento est\u00e9 provisto de un <a href=\"https:\/\/www.ecrivus-multimedia.nl\/go\/apostilles-legalisatie-landenoverzicht\/\" title=\"Apostillas (legalizaci\u00f3n) - descripci\u00f3n general del pa\u00eds\" class=\"pretty-link-keyword\"rel=\"\">apostilla<\/a> o <a href=\"https:\/\/www.ecrivus-multimedia.nl\/go\/apostilles-legalisatie-landenoverzicht\/\" title=\"Apostillas (legalizaci\u00f3n) - descripci\u00f3n general del pa\u00eds\" class=\"pretty-link-keyword\"rel=\"\">legalizaci\u00f3n<\/a> (legalizar)<\/li>\n<\/ul>\n<p>Para ti <a href=\"https:\/\/www.ecrivus-multimedia.nl\/go\/consultancy-overeenkomst-beedigde-vertaling-met-stempel\/\" title=\"\u00bfQuieres traducir un contrato de consultor\u00eda jurada? \u00a1Haz tu pedido en nuestra tienda web!\" class=\"pretty-link-keyword\"rel=\"\">consultor\u00eda<\/a>-<a href=\"https:\/\/www.ecrivus-multimedia.nl\/go\/contract-beedigde-vertaling-met-stempel\/\" title=\"\u00bfQuieres traducir un contrato jurado? \u00a1Haz tu pedido en nuestra tienda web!\" class=\"pretty-link-keyword\"rel=\"\">acuerdo<\/a> Para traducirlo inmediatamente, seleccione el n\u00famero de p\u00e1ginas y la combinaci\u00f3n de idiomas deseada en la parte superior de esta p\u00e1gina. Luego haga clic en &#039;Agregar al carrito&#039;. Luego podr\u00e1 tomar una fotograf\u00eda\/escanear su <a href=\"https:\/\/www.ecrivus-multimedia.nl\/go\/consultancy-overeenkomst-beedigde-vertaling-met-stempel\/\" title=\"\u00bfQuieres traducir un contrato de consultor\u00eda jurada? \u00a1Haz tu pedido en nuestra tienda web!\" class=\"pretty-link-keyword\"rel=\"\">consultor\u00eda<\/a>-<a href=\"https:\/\/www.ecrivus-multimedia.nl\/go\/contract-beedigde-vertaling-met-stempel\/\" title=\"\u00bfQuieres traducir un contrato jurado? \u00a1Haz tu pedido en nuestra tienda web!\" class=\"pretty-link-keyword\"rel=\"\">acuerdo<\/a> Sube y agrega a tu pedido. Ofrecemos varias opciones de pago a trav\u00e9s de conexiones seguras (incluidas iDEAL, transferencia bancaria y PayPal).<\/p>\n<p><strong>Tiempo de entrega est\u00e1ndar<\/strong>: 5-6 d\u00edas laborables. La entrega urgente es posible (2-3 d\u00edas laborables).<\/p>\n<p>&nbsp;<\/p>","protected":false},"excerpt":{"rendered":"<p>Traducci\u00f3n jurada profesional con sello de traductor jurado oficial.<br \/>\nSeleccione la combinaci\u00f3n de idiomas a continuaci\u00f3n:<\/p>","protected":false},"featured_media":132609,"comment_status":"open","ping_status":"closed","template":"","meta":{"_acf_changed":false,"_glsr_average":0,"_glsr_ranking":0,"_glsr_reviews":0,"_joinchat":[]},"product_brand":[],"product_cat":[107,624],"product_tag":[642,15554,112],"class_list":{"0":"post-54782","1":"product","2":"type-product","3":"status-publish","4":"has-post-thumbnail","6":"product_cat-beedigde-vertalingen","7":"product_cat-juridische-vertalingen","8":"product_tag-beedigd","9":"product_tag-consultancy-overeenkomst","10":"product_tag-juridisch","12":"first","13":"instock","14":"sold-individually","15":"taxable","16":"shipping-taxable","17":"purchasable","18":"product-type-variable"},"acf":[],"yoast_head":"<!-- This site is optimized with the Yoast SEO plugin v27.4 - https:\/\/yoast.com\/product\/yoast-seo-wordpress\/ -->\n<title>Consultancy-overeenkomst be\u00ebdigd vertalen? Bestel in onze webshop!<\/title>\n<meta name=\"description\" content=\"Consultancy-overeenkomst be\u00ebdigd vertalen? Bestel direct online! Offici\u00eble be\u00ebdigde vertaling met stempel van uw consultancy-overeenkomst. Alle talen. Voordelig geregeld!\" \/>\n<meta name=\"robots\" content=\"index, follow, max-snippet:-1, max-image-preview:large, max-video-preview:-1\" \/>\n<link rel=\"canonical\" href=\"https:\/\/www.ecrivus-multimedia.nl\/es\/producto\/contrato-de-asesoria-traduccion-jurada-con-sello\/\" \/>\n<meta property=\"og:locale\" content=\"es_ES\" \/>\n<meta property=\"og:type\" content=\"article\" \/>\n<meta property=\"og:title\" content=\"Consultancy-overeenkomst be\u00ebdigd vertalen? Bestel in onze webshop!\" \/>\n<meta property=\"og:description\" content=\"Consultancy-overeenkomst be\u00ebdigd vertalen? Bestel direct online! Offici\u00eble be\u00ebdigde vertaling met stempel van uw consultancy-overeenkomst. Alle talen. Voordelig geregeld!\" \/>\n<meta property=\"og:url\" content=\"https:\/\/www.ecrivus-multimedia.nl\/es\/producto\/contrato-de-asesoria-traduccion-jurada-con-sello\/\" \/>\n<meta property=\"og:site_name\" content=\"Ecrivus International Webshop\" \/>\n<meta property=\"article:publisher\" content=\"https:\/\/www.facebook.com\/Ecrivus-International-676624782512639\/\" \/>\n<meta property=\"article:modified_time\" content=\"2026-04-12T10:13:17+00:00\" \/>\n<meta property=\"og:image\" content=\"https:\/\/www.ecrivus-multimedia.nl\/wp-content\/uploads\/2021\/11\/beedigde-vertaling.jpg\" \/>\n\t<meta property=\"og:image:width\" content=\"1000\" \/>\n\t<meta property=\"og:image:height\" content=\"667\" \/>\n\t<meta property=\"og:image:type\" content=\"image\/jpeg\" \/>\n<meta name=\"twitter:card\" content=\"summary_large_image\" \/>\n<meta name=\"twitter:site\" content=\"@ecrivusint\" \/>\n<meta name=\"twitter:label1\" content=\"Tiempo de lectura\" \/>\n\t<meta name=\"twitter:data1\" content=\"1 minuto\" \/>\n<script type=\"application\/ld+json\" class=\"yoast-schema-graph\">{\"@context\":\"https:\\\/\\\/schema.org\",\"@graph\":[{\"@type\":\"WebPage\",\"@id\":\"https:\\\/\\\/www.ecrivus-multimedia.nl\\\/product\\\/consultancy-overeenkomst-beedigde-vertaling-met-stempel\\\/\",\"url\":\"https:\\\/\\\/www.ecrivus-multimedia.nl\\\/product\\\/consultancy-overeenkomst-beedigde-vertaling-met-stempel\\\/\",\"name\":\"Consultancy-overeenkomst be\u00ebdigd vertalen? Bestel in onze webshop!\",\"isPartOf\":{\"@id\":\"https:\\\/\\\/www.ecrivus-multimedia.nl\\\/#website\"},\"primaryImageOfPage\":{\"@id\":\"https:\\\/\\\/www.ecrivus-multimedia.nl\\\/product\\\/consultancy-overeenkomst-beedigde-vertaling-met-stempel\\\/#primaryimage\"},\"image\":{\"@id\":\"https:\\\/\\\/www.ecrivus-multimedia.nl\\\/product\\\/consultancy-overeenkomst-beedigde-vertaling-met-stempel\\\/#primaryimage\"},\"thumbnailUrl\":\"https:\\\/\\\/www.ecrivus-multimedia.nl\\\/wp-content\\\/uploads\\\/2026\\\/04\\\/lakstempel-drukken-document-vooraanzicht-2.jpg\",\"datePublished\":\"2017-09-10T06:29:10+00:00\",\"dateModified\":\"2026-04-12T10:13:17+00:00\",\"description\":\"Consultancy-overeenkomst be\u00ebdigd vertalen? Bestel direct online! Offici\u00eble be\u00ebdigde vertaling met stempel van uw consultancy-overeenkomst. Alle talen. Voordelig geregeld!\",\"breadcrumb\":{\"@id\":\"https:\\\/\\\/www.ecrivus-multimedia.nl\\\/product\\\/consultancy-overeenkomst-beedigde-vertaling-met-stempel\\\/#breadcrumb\"},\"inLanguage\":\"es\",\"potentialAction\":[{\"@type\":\"ReadAction\",\"target\":[\"https:\\\/\\\/www.ecrivus-multimedia.nl\\\/product\\\/consultancy-overeenkomst-beedigde-vertaling-met-stempel\\\/\"]}]},{\"@type\":\"ImageObject\",\"inLanguage\":\"es\",\"@id\":\"https:\\\/\\\/www.ecrivus-multimedia.nl\\\/product\\\/consultancy-overeenkomst-beedigde-vertaling-met-stempel\\\/#primaryimage\",\"url\":\"https:\\\/\\\/www.ecrivus-multimedia.nl\\\/wp-content\\\/uploads\\\/2026\\\/04\\\/lakstempel-drukken-document-vooraanzicht-2.jpg\",\"contentUrl\":\"https:\\\/\\\/www.ecrivus-multimedia.nl\\\/wp-content\\\/uploads\\\/2026\\\/04\\\/lakstempel-drukken-document-vooraanzicht-2.jpg\",\"width\":1000,\"height\":667},{\"@type\":\"BreadcrumbList\",\"@id\":\"https:\\\/\\\/www.ecrivus-multimedia.nl\\\/product\\\/consultancy-overeenkomst-beedigde-vertaling-met-stempel\\\/#breadcrumb\",\"itemListElement\":[{\"@type\":\"ListItem\",\"position\":1,\"name\":\"Home\",\"item\":\"https:\\\/\\\/www.ecrivus-multimedia.nl\\\/\"},{\"@type\":\"ListItem\",\"position\":2,\"name\":\"Shop\",\"item\":\"https:\\\/\\\/www.ecrivus-multimedia.nl\\\/shop\\\/\"},{\"@type\":\"ListItem\",\"position\":3,\"name\":\"Consultancy-overeenkomst vertalen (be\u00ebdigd)\"}]},{\"@type\":\"WebSite\",\"@id\":\"https:\\\/\\\/www.ecrivus-multimedia.nl\\\/#website\",\"url\":\"https:\\\/\\\/www.ecrivus-multimedia.nl\\\/\",\"name\":\"Ecrivus International Webshop\",\"description\":\"Erkende webshop voor be\u00ebdigde vertalingen.\",\"publisher\":{\"@id\":\"https:\\\/\\\/www.ecrivus-multimedia.nl\\\/#organization\"},\"potentialAction\":[{\"@type\":\"SearchAction\",\"target\":{\"@type\":\"EntryPoint\",\"urlTemplate\":\"https:\\\/\\\/www.ecrivus-multimedia.nl\\\/?s={search_term_string}\"},\"query-input\":{\"@type\":\"PropertyValueSpecification\",\"valueRequired\":true,\"valueName\":\"search_term_string\"}}],\"inLanguage\":\"es\"},{\"@type\":\"Organization\",\"@id\":\"https:\\\/\\\/www.ecrivus-multimedia.nl\\\/#organization\",\"name\":\"Ecrivus International\",\"url\":\"https:\\\/\\\/www.ecrivus-multimedia.nl\\\/\",\"logo\":{\"@type\":\"ImageObject\",\"inLanguage\":\"es\",\"@id\":\"https:\\\/\\\/www.ecrivus-multimedia.nl\\\/#\\\/schema\\\/logo\\\/image\\\/\",\"url\":\"https:\\\/\\\/www.ecrivus-multimedia.nl\\\/wp-content\\\/uploads\\\/2022\\\/01\\\/cropped-small-Logo-Ecrivus-Vector-Transparent2.png\",\"contentUrl\":\"https:\\\/\\\/www.ecrivus-multimedia.nl\\\/wp-content\\\/uploads\\\/2022\\\/01\\\/cropped-small-Logo-Ecrivus-Vector-Transparent2.png\",\"width\":512,\"height\":512,\"caption\":\"Ecrivus International\"},\"image\":{\"@id\":\"https:\\\/\\\/www.ecrivus-multimedia.nl\\\/#\\\/schema\\\/logo\\\/image\\\/\"},\"sameAs\":[\"https:\\\/\\\/www.facebook.com\\\/Ecrivus-International-676624782512639\\\/\",\"https:\\\/\\\/x.com\\\/ecrivusint\"]}]}<\/script>\n<!-- \/ Yoast SEO plugin. -->","yoast_head_json":{"title":"Consultancy-overeenkomst be\u00ebdigd vertalen? Bestel in onze webshop!","description":"Consultancy-overeenkomst be\u00ebdigd vertalen? Bestel direct online! Offici\u00eble be\u00ebdigde vertaling met stempel van uw consultancy-overeenkomst. Alle talen. Voordelig geregeld!","robots":{"index":"index","follow":"follow","max-snippet":"max-snippet:-1","max-image-preview":"max-image-preview:large","max-video-preview":"max-video-preview:-1"},"canonical":"https:\/\/www.ecrivus-multimedia.nl\/es\/producto\/contrato-de-asesoria-traduccion-jurada-con-sello\/","og_locale":"es_ES","og_type":"article","og_title":"Consultancy-overeenkomst be\u00ebdigd vertalen? Bestel in onze webshop!","og_description":"Consultancy-overeenkomst be\u00ebdigd vertalen? Bestel direct online! Offici\u00eble be\u00ebdigde vertaling met stempel van uw consultancy-overeenkomst. Alle talen. Voordelig geregeld!","og_url":"https:\/\/www.ecrivus-multimedia.nl\/es\/producto\/contrato-de-asesoria-traduccion-jurada-con-sello\/","og_site_name":"Ecrivus International Webshop","article_publisher":"https:\/\/www.facebook.com\/Ecrivus-International-676624782512639\/","article_modified_time":"2026-04-12T10:13:17+00:00","og_image":[{"width":1000,"height":667,"url":"https:\/\/www.ecrivus-multimedia.nl\/wp-content\/uploads\/2021\/11\/beedigde-vertaling.jpg","type":"image\/jpeg"}],"twitter_card":"summary_large_image","twitter_site":"@ecrivusint","twitter_misc":{"Tiempo de lectura":"1 minuto"},"schema":{"@context":"https:\/\/schema.org","@graph":[{"@type":"WebPage","@id":"https:\/\/www.ecrivus-multimedia.nl\/product\/consultancy-overeenkomst-beedigde-vertaling-met-stempel\/","url":"https:\/\/www.ecrivus-multimedia.nl\/product\/consultancy-overeenkomst-beedigde-vertaling-met-stempel\/","name":"Consultancy-overeenkomst be\u00ebdigd vertalen? Bestel in onze webshop!","isPartOf":{"@id":"https:\/\/www.ecrivus-multimedia.nl\/#website"},"primaryImageOfPage":{"@id":"https:\/\/www.ecrivus-multimedia.nl\/product\/consultancy-overeenkomst-beedigde-vertaling-met-stempel\/#primaryimage"},"image":{"@id":"https:\/\/www.ecrivus-multimedia.nl\/product\/consultancy-overeenkomst-beedigde-vertaling-met-stempel\/#primaryimage"},"thumbnailUrl":"https:\/\/www.ecrivus-multimedia.nl\/wp-content\/uploads\/2026\/04\/lakstempel-drukken-document-vooraanzicht-2.jpg","datePublished":"2017-09-10T06:29:10+00:00","dateModified":"2026-04-12T10:13:17+00:00","description":"Consultancy-overeenkomst be\u00ebdigd vertalen? Bestel direct online! Offici\u00eble be\u00ebdigde vertaling met stempel van uw consultancy-overeenkomst. Alle talen. Voordelig geregeld!","breadcrumb":{"@id":"https:\/\/www.ecrivus-multimedia.nl\/product\/consultancy-overeenkomst-beedigde-vertaling-met-stempel\/#breadcrumb"},"inLanguage":"es","potentialAction":[{"@type":"ReadAction","target":["https:\/\/www.ecrivus-multimedia.nl\/product\/consultancy-overeenkomst-beedigde-vertaling-met-stempel\/"]}]},{"@type":"ImageObject","inLanguage":"es","@id":"https:\/\/www.ecrivus-multimedia.nl\/product\/consultancy-overeenkomst-beedigde-vertaling-met-stempel\/#primaryimage","url":"https:\/\/www.ecrivus-multimedia.nl\/wp-content\/uploads\/2026\/04\/lakstempel-drukken-document-vooraanzicht-2.jpg","contentUrl":"https:\/\/www.ecrivus-multimedia.nl\/wp-content\/uploads\/2026\/04\/lakstempel-drukken-document-vooraanzicht-2.jpg","width":1000,"height":667},{"@type":"BreadcrumbList","@id":"https:\/\/www.ecrivus-multimedia.nl\/product\/consultancy-overeenkomst-beedigde-vertaling-met-stempel\/#breadcrumb","itemListElement":[{"@type":"ListItem","position":1,"name":"Home","item":"https:\/\/www.ecrivus-multimedia.nl\/"},{"@type":"ListItem","position":2,"name":"Shop","item":"https:\/\/www.ecrivus-multimedia.nl\/shop\/"},{"@type":"ListItem","position":3,"name":"Consultancy-overeenkomst vertalen (be\u00ebdigd)"}]},{"@type":"WebSite","@id":"https:\/\/www.ecrivus-multimedia.nl\/#website","url":"https:\/\/www.ecrivus-multimedia.nl\/","name":"Ecrivus International Webshop","description":"Erkende webshop voor be\u00ebdigde vertalingen.","publisher":{"@id":"https:\/\/www.ecrivus-multimedia.nl\/#organization"},"potentialAction":[{"@type":"SearchAction","target":{"@type":"EntryPoint","urlTemplate":"https:\/\/www.ecrivus-multimedia.nl\/?s={search_term_string}"},"query-input":{"@type":"PropertyValueSpecification","valueRequired":true,"valueName":"search_term_string"}}],"inLanguage":"es"},{"@type":"Organization","@id":"https:\/\/www.ecrivus-multimedia.nl\/#organization","name":"Ecrivus International","url":"https:\/\/www.ecrivus-multimedia.nl\/","logo":{"@type":"ImageObject","inLanguage":"es","@id":"https:\/\/www.ecrivus-multimedia.nl\/#\/schema\/logo\/image\/","url":"https:\/\/www.ecrivus-multimedia.nl\/wp-content\/uploads\/2022\/01\/cropped-small-Logo-Ecrivus-Vector-Transparent2.png","contentUrl":"https:\/\/www.ecrivus-multimedia.nl\/wp-content\/uploads\/2022\/01\/cropped-small-Logo-Ecrivus-Vector-Transparent2.png","width":512,"height":512,"caption":"Ecrivus International"},"image":{"@id":"https:\/\/www.ecrivus-multimedia.nl\/#\/schema\/logo\/image\/"},"sameAs":["https:\/\/www.facebook.com\/Ecrivus-International-676624782512639\/","https:\/\/x.com\/ecrivusint"]}]}},"_links":{"self":[{"href":"https:\/\/www.ecrivus-multimedia.nl\/es\/wp-json\/wp\/v2\/product\/54782","targetHints":{"allow":["GET"]}}],"collection":[{"href":"https:\/\/www.ecrivus-multimedia.nl\/es\/wp-json\/wp\/v2\/product"}],"about":[{"href":"https:\/\/www.ecrivus-multimedia.nl\/es\/wp-json\/wp\/v2\/types\/product"}],"replies":[{"embeddable":true,"href":"https:\/\/www.ecrivus-multimedia.nl\/es\/wp-json\/wp\/v2\/comments?post=54782"}],"wp:featuredmedia":[{"embeddable":true,"href":"https:\/\/www.ecrivus-multimedia.nl\/es\/wp-json\/wp\/v2\/media\/132609"}],"wp:attachment":[{"href":"https:\/\/www.ecrivus-multimedia.nl\/es\/wp-json\/wp\/v2\/media?parent=54782"}],"wp:term":[{"taxonomy":"product_brand","embeddable":true,"href":"https:\/\/www.ecrivus-multimedia.nl\/es\/wp-json\/wp\/v2\/product_brand?post=54782"},{"taxonomy":"product_cat","embeddable":true,"href":"https:\/\/www.ecrivus-multimedia.nl\/es\/wp-json\/wp\/v2\/product_cat?post=54782"},{"taxonomy":"product_tag","embeddable":true,"href":"https:\/\/www.ecrivus-multimedia.nl\/es\/wp-json\/wp\/v2\/product_tag?post=54782"}],"curies":[{"name":"wp","href":"https:\/\/api.w.org\/{rel}","templated":true}]}}