{"id":8390,"date":"2017-08-11T14:35:10","date_gmt":"2017-08-11T12:35:10","guid":{"rendered":"http:\/\/www.ecrivus-multimedia.nl\/?post_type=product&#038;p=8390\/"},"modified":"2026-04-12T12:15:33","modified_gmt":"2026-04-12T10:15:33","slug":"akte-van-huwelijkse-voorwaarden-vertalen","status":"publish","type":"product","link":"https:\/\/www.ecrivus-multimedia.nl\/es\/producto\/traducir-certificado-de-acuerdo-prenupcial\/","title":{"rendered":"Traducir acuerdos prenupciales (jurados)"},"content":{"rendered":"<p><strong><a href=\"https:\/\/www.ecrivus-multimedia.nl\/go\/notariele-akte-vertalen-beedigd\/\" title=\"\u00bfQuieres traducir una escritura notarial jurada? \u00a1Haga su pedido a trav\u00e9s de nuestra tienda web!\" class=\"pretty-link-keyword\"rel=\"\">Escritura<\/a> por <a href=\"https:\/\/www.ecrivus-multimedia.nl\/go\/akte-van-huwelijkse-voorwaarden-vertalen\/\" title=\"\u00bfLe gustar\u00eda traducir un acuerdo prenupcial jurado? \u00a1Haz tu pedido en nuestra tienda web!\" class=\"pretty-link-keyword\"rel=\"\">acuerdo prenupcial<\/a> traducci\u00f3n jurada<\/strong><\/p>\n<p>El <a href=\"https:\/\/www.ecrivus-multimedia.nl\/go\/be\u00ebdigde-vertaling\/\" title=\"Traducciones juradas Archivos | Tienda web internacional Ecrivus\" class=\"pretty-link-keyword\"rel=\"\">traducci\u00f3n certificada<\/a> de tu <a href=\"https:\/\/www.ecrivus-multimedia.nl\/go\/akte-van-huwelijkse-voorwaarden-vertalen\/\" title=\"\u00bfLe gustar\u00eda traducir un acuerdo prenupcial jurado? \u00a1Haz tu pedido en nuestra tienda web!\" class=\"pretty-link-keyword\"rel=\"\">acuerdo prenupcial<\/a> Ahora se puede solicitar f\u00e1cilmente en l\u00ednea a la agencia de traducci\u00f3n Ecrivus International.<\/p>\n<p>La traducci\u00f3n jurada de <a href=\"https:\/\/www.ecrivus-multimedia.nl\/go\/akte-van-huwelijkse-voorwaarden-vertalen\/\" title=\"\u00bfLe gustar\u00eda traducir un acuerdo prenupcial jurado? \u00a1Haz tu pedido en nuestra tienda web!\" class=\"pretty-link-keyword\"rel=\"\">acuerdo prenupcial<\/a> es necesario (y a menudo incluso obligatorio) cuando vas, por ejemplo <a href=\"https:\/\/www.ecrivus-multimedia.nl\/go\/huwelijksakte-vertalen-beedigd\/\" title=\"\u00bfNecesita una traducci\u00f3n certificada de certificado de matrimonio\/acta de matrimonio? \u00a1Ahora disponible para ordenar en l\u00ednea!\" class=\"pretty-link-keyword\"rel=\"\">casarse<\/a> en el extranjero o cuando se tiene una pareja que habla el idioma en el que se <a href=\"https:\/\/www.ecrivus-multimedia.nl\/go\/notariele-akte-vertalen-beedigd\/\" title=\"\u00bfQuieres traducir una escritura notarial jurada? \u00a1Haga su pedido a trav\u00e9s de nuestra tienda web!\" class=\"pretty-link-keyword\"rel=\"\">escritura<\/a> ha sido redactado no es poderoso. Despu\u00e9s de la <a href=\"https:\/\/www.ecrivus-multimedia.nl\/go\/notariele-akte-vertalen-beedigd\/\" title=\"\u00bfQuieres traducir una escritura notarial jurada? \u00a1Haga su pedido a trav\u00e9s de nuestra tienda web!\" class=\"pretty-link-keyword\"rel=\"\">escritura<\/a> por <a href=\"https:\/\/www.ecrivus-multimedia.nl\/go\/akte-van-huwelijkse-voorwaarden-vertalen\/\" title=\"\u00bfLe gustar\u00eda traducir un acuerdo prenupcial jurado? \u00a1Haz tu pedido en nuestra tienda web!\" class=\"pretty-link-keyword\"rel=\"\">acuerdo prenupcial<\/a> ha sido traducido profesionalmente por nosotros, puedes verlo junto con el original <a href=\"https:\/\/www.ecrivus-multimedia.nl\/go\/notariele-akte-vertalen-beedigd\/\" title=\"\u00bfQuieres traducir una escritura notarial jurada? \u00a1Haga su pedido a trav\u00e9s de nuestra tienda web!\" class=\"pretty-link-keyword\"rel=\"\">escritura<\/a> en el <a href=\"https:\/\/www.ecrivus-multimedia.nl\/go\/notulen-beedigde-vertaling-met-stempel\/\" title=\"\u00bfQuieres traducir actas juradas? \u00a1Haz tu pedido en nuestra tienda web!\" class=\"pretty-link-keyword\"rel=\"\">notario<\/a> dejalo pasar. Dependiendo del encargo notarial, a menudo es necesario para la traducci\u00f3n del <a href=\"https:\/\/www.ecrivus-multimedia.nl\/go\/akte-van-huwelijkse-voorwaarden-vertalen\/\" title=\"\u00bfLe gustar\u00eda traducir un acuerdo prenupcial jurado? \u00a1Haz tu pedido en nuestra tienda web!\" class=\"pretty-link-keyword\"rel=\"\">acuerdo prenupcial<\/a> tambi\u00e9n est\u00e1 jurado y\/o que hay uno <a href=\"http:\/\/www.ecrivus.nl\/tolkdiensten\/\">int\u00e9rprete jurado<\/a> est\u00e1 presente en el <a href=\"https:\/\/www.ecrivus-multimedia.nl\/go\/notulen-beedigde-vertaling-met-stempel\/\" title=\"\u00bfQuieres traducir actas juradas? \u00a1Haz tu pedido en nuestra tienda web!\" class=\"pretty-link-keyword\"rel=\"\">notario<\/a>. Tambi\u00e9n puedes contactarnos para esto. <a href=\"http:\/\/www.ecrivus.nl\/contact\/\">Haga clic aqu\u00ed para solicitar tambi\u00e9n un presupuesto de int\u00e9rprete notarial jurado.<\/a><\/p>\n<p><strong>El <a href=\"https:\/\/www.ecrivus-multimedia.nl\/go\/be\u00ebdigde-vertaling\/\" title=\"Traducciones juradas Archivos | Tienda web internacional Ecrivus\" class=\"pretty-link-keyword\"rel=\"\">traducci\u00f3n certificada<\/a> de tu <a href=\"https:\/\/www.ecrivus-multimedia.nl\/go\/akte-van-huwelijkse-voorwaarden-vertalen\/\" title=\"\u00bfLe gustar\u00eda traducir un acuerdo prenupcial jurado? \u00a1Haz tu pedido en nuestra tienda web!\" class=\"pretty-link-keyword\"rel=\"\">acuerdo prenupcial<\/a> est\u00e1 en buenas manos con nosotros:<\/strong><\/p>\n<ul>\n<li>Traducci\u00f3n jurada, experimentada y especializada <a href=\"http:\/\/www.ecrivus.nl\/juridische-vertalingen\/\">traductor jur\u00eddico<\/a><\/li>\n<li>Inclusivo <a href=\"http:\/\/www.ecrivus.nl\/proeflezen\/\">correcci\u00f3n de pruebas<\/a><\/li>\n<li>Inclusivo <a href=\"http:\/\/www.ecrivus.nl\/qa-kwaliteitscontroles\/\">controles de calidad<\/a><\/li>\n<li>Precios competitivos<\/li>\n<li>Entrega r\u00e1pida<\/li>\n<li>Escoge de <a href=\"http:\/\/www.ecrivus.nl\/talen\/\">cientos de combinaciones de idiomas<\/a><\/li>\n<li>Entrega urgente posible<\/li>\n<li>Admite varios formatos de archivo, incluido PDF<\/li>\n<li>Env\u00edo siempre registrado <a href=\"https:\/\/www.ecrivus-multimedia.nl\/go\/be\u00ebdigde-vertaling\/\" title=\"Traducciones juradas Archivos | Tienda web internacional Ecrivus\" class=\"pretty-link-keyword\"rel=\"\">traducci\u00f3n certificada<\/a> con seguimiento y localizaci\u00f3n<\/li>\n<li>Posibilidad de que su documento est\u00e9 provisto de un <a href=\"https:\/\/www.ecrivus-multimedia.nl\/go\/apostilles-legalisatie-landenoverzicht\/\" title=\"Apostillas (legalizaci\u00f3n) - descripci\u00f3n general del pa\u00eds\" class=\"pretty-link-keyword\"rel=\"\">apostilla<\/a> o <a href=\"https:\/\/www.ecrivus-multimedia.nl\/go\/apostilles-legalisatie-landenoverzicht\/\" title=\"Apostillas (legalizaci\u00f3n) - descripci\u00f3n general del pa\u00eds\" class=\"pretty-link-keyword\"rel=\"\">legalizaci\u00f3n<\/a> (legalizar)<\/li>\n<\/ul>\n<p>Para ti <a href=\"https:\/\/www.ecrivus-multimedia.nl\/go\/akte-van-huwelijkse-voorwaarden-vertalen\/\" title=\"\u00bfLe gustar\u00eda traducir un acuerdo prenupcial jurado? \u00a1Haz tu pedido en nuestra tienda web!\" class=\"pretty-link-keyword\"rel=\"\">acuerdo prenupcial<\/a> Para traducirlo inmediatamente, seleccione arriba el n\u00famero de palabras y la combinaci\u00f3n de idiomas deseada. Luego haga clic en &#039;Agregar al carrito&#039;. Entonces puedes usar el <a href=\"https:\/\/www.ecrivus-multimedia.nl\/go\/akte-van-huwelijkse-voorwaarden-vertalen\/\" title=\"\u00bfLe gustar\u00eda traducir un acuerdo prenupcial jurado? \u00a1Haz tu pedido en nuestra tienda web!\" class=\"pretty-link-keyword\"rel=\"\">acuerdo prenupcial<\/a> Sube y agrega a tu pedido. Puede cargar un archivo ZIP para varios documentos. Ofrecemos varias opciones de pago a trav\u00e9s de conexiones seguras (incluidas iDeal, transferencia bancaria y PayPal).<\/p>\n<p><strong>Tiempo de entrega est\u00e1ndar<\/strong>: 5-6 d\u00edas laborables<\/p>","protected":false},"excerpt":{"rendered":"<p>Traducci\u00f3n jurada profesional por traductor jur\u00eddico especializado que incluye revisi\u00f3n y controles de calidad. Seleccione la combinaci\u00f3n de idiomas a continuaci\u00f3n:<\/p>","protected":false},"featured_media":132609,"comment_status":"open","ping_status":"closed","template":"","meta":{"_acf_changed":false,"_glsr_average":0,"_glsr_ranking":0,"_glsr_reviews":0,"_joinchat":[]},"product_brand":[],"product_cat":[107,624,15366],"product_tag":[625,657,626,112,629,628,627,113],"class_list":{"0":"post-8390","1":"product","2":"type-product","3":"status-publish","4":"has-post-thumbnail","6":"product_cat-beedigde-vertalingen","7":"product_cat-juridische-vertalingen","8":"product_cat-notariele-vertalingen-notaris","9":"product_tag-akte-van-huwelijkse-voorwaarden","10":"product_tag-huwelijksakte","11":"product_tag-huwelijkse-voorwaarden","12":"product_tag-juridisch","13":"product_tag-notariele-vertaling","14":"product_tag-notaris","15":"product_tag-trouwakte","16":"product_tag-voorwaarden","18":"first","19":"instock","20":"sold-individually","21":"taxable","22":"shipping-taxable","23":"purchasable","24":"product-type-variable"},"acf":[],"yoast_head":"<!-- This site is optimized with the Yoast SEO plugin v27.4 - https:\/\/yoast.com\/product\/yoast-seo-wordpress\/ -->\n<title>Huwelijkse voorwaarden be\u00ebdigd vertalen? Bestel in onze webshop!<\/title>\n<meta name=\"description\" content=\"Huwelijkse voorwaarden be\u00ebdigd vertalen? Bestel direct online! \u2713 Ervaren be\u00ebdigd vertalers \u2713 Alle talen \u2713 Voordelig geregeld \u2713 Snelle levertijden \u2713 Korting \u2713 Eenvoudig betalen via iDeal of PayPal\" \/>\n<meta name=\"robots\" content=\"index, follow, max-snippet:-1, max-image-preview:large, max-video-preview:-1\" \/>\n<link rel=\"canonical\" href=\"https:\/\/www.ecrivus-multimedia.nl\/es\/producto\/traducir-certificado-de-acuerdo-prenupcial\/\" \/>\n<meta property=\"og:locale\" content=\"es_ES\" \/>\n<meta property=\"og:type\" content=\"article\" \/>\n<meta property=\"og:title\" content=\"Huwelijkse voorwaarden be\u00ebdigd vertalen? Bestel in onze webshop!\" \/>\n<meta property=\"og:description\" content=\"Huwelijkse voorwaarden be\u00ebdigd vertalen? Bestel direct online! \u2713 Ervaren be\u00ebdigd vertalers \u2713 Alle talen \u2713 Voordelig geregeld \u2713 Snelle levertijden \u2713 Korting \u2713 Eenvoudig betalen via iDeal of PayPal\" \/>\n<meta property=\"og:url\" content=\"https:\/\/www.ecrivus-multimedia.nl\/es\/producto\/traducir-certificado-de-acuerdo-prenupcial\/\" \/>\n<meta property=\"og:site_name\" content=\"Ecrivus International Webshop\" \/>\n<meta property=\"article:publisher\" content=\"https:\/\/www.facebook.com\/Ecrivus-International-676624782512639\/\" \/>\n<meta property=\"article:modified_time\" content=\"2026-04-12T10:15:33+00:00\" \/>\n<meta property=\"og:image\" content=\"https:\/\/www.ecrivus-multimedia.nl\/wp-content\/uploads\/2026\/04\/lakstempel-drukken-document-vooraanzicht-2.jpg\" \/>\n\t<meta property=\"og:image:width\" content=\"1000\" \/>\n\t<meta property=\"og:image:height\" content=\"667\" \/>\n\t<meta property=\"og:image:type\" content=\"image\/jpeg\" \/>\n<meta name=\"twitter:card\" content=\"summary_large_image\" \/>\n<meta name=\"twitter:site\" content=\"@ecrivusint\" \/>\n<meta name=\"twitter:label1\" content=\"Tiempo de lectura\" \/>\n\t<meta name=\"twitter:data1\" content=\"2 minutos\" \/>\n<script type=\"application\/ld+json\" class=\"yoast-schema-graph\">{\"@context\":\"https:\\\/\\\/schema.org\",\"@graph\":[{\"@type\":\"WebPage\",\"@id\":\"https:\\\/\\\/www.ecrivus-multimedia.nl\\\/product\\\/akte-van-huwelijkse-voorwaarden-vertalen\\\/\",\"url\":\"https:\\\/\\\/www.ecrivus-multimedia.nl\\\/product\\\/akte-van-huwelijkse-voorwaarden-vertalen\\\/\",\"name\":\"Huwelijkse voorwaarden be\u00ebdigd vertalen? Bestel in onze webshop!\",\"isPartOf\":{\"@id\":\"https:\\\/\\\/www.ecrivus-multimedia.nl\\\/#website\"},\"primaryImageOfPage\":{\"@id\":\"https:\\\/\\\/www.ecrivus-multimedia.nl\\\/product\\\/akte-van-huwelijkse-voorwaarden-vertalen\\\/#primaryimage\"},\"image\":{\"@id\":\"https:\\\/\\\/www.ecrivus-multimedia.nl\\\/product\\\/akte-van-huwelijkse-voorwaarden-vertalen\\\/#primaryimage\"},\"thumbnailUrl\":\"https:\\\/\\\/www.ecrivus-multimedia.nl\\\/wp-content\\\/uploads\\\/2026\\\/04\\\/lakstempel-drukken-document-vooraanzicht-2.jpg\",\"datePublished\":\"2017-08-11T12:35:10+00:00\",\"dateModified\":\"2026-04-12T10:15:33+00:00\",\"description\":\"Huwelijkse voorwaarden be\u00ebdigd vertalen? Bestel direct online! \u2713 Ervaren be\u00ebdigd vertalers \u2713 Alle talen \u2713 Voordelig geregeld \u2713 Snelle levertijden \u2713 Korting \u2713 Eenvoudig betalen via iDeal of PayPal\",\"breadcrumb\":{\"@id\":\"https:\\\/\\\/www.ecrivus-multimedia.nl\\\/product\\\/akte-van-huwelijkse-voorwaarden-vertalen\\\/#breadcrumb\"},\"inLanguage\":\"es\",\"potentialAction\":[{\"@type\":\"ReadAction\",\"target\":[\"https:\\\/\\\/www.ecrivus-multimedia.nl\\\/product\\\/akte-van-huwelijkse-voorwaarden-vertalen\\\/\"]}]},{\"@type\":\"ImageObject\",\"inLanguage\":\"es\",\"@id\":\"https:\\\/\\\/www.ecrivus-multimedia.nl\\\/product\\\/akte-van-huwelijkse-voorwaarden-vertalen\\\/#primaryimage\",\"url\":\"https:\\\/\\\/www.ecrivus-multimedia.nl\\\/wp-content\\\/uploads\\\/2026\\\/04\\\/lakstempel-drukken-document-vooraanzicht-2.jpg\",\"contentUrl\":\"https:\\\/\\\/www.ecrivus-multimedia.nl\\\/wp-content\\\/uploads\\\/2026\\\/04\\\/lakstempel-drukken-document-vooraanzicht-2.jpg\",\"width\":1000,\"height\":667},{\"@type\":\"BreadcrumbList\",\"@id\":\"https:\\\/\\\/www.ecrivus-multimedia.nl\\\/product\\\/akte-van-huwelijkse-voorwaarden-vertalen\\\/#breadcrumb\",\"itemListElement\":[{\"@type\":\"ListItem\",\"position\":1,\"name\":\"Home\",\"item\":\"https:\\\/\\\/www.ecrivus-multimedia.nl\\\/\"},{\"@type\":\"ListItem\",\"position\":2,\"name\":\"Shop\",\"item\":\"https:\\\/\\\/www.ecrivus-multimedia.nl\\\/shop\\\/\"},{\"@type\":\"ListItem\",\"position\":3,\"name\":\"Huwelijkse voorwaarden vertalen (be\u00ebdigd)\"}]},{\"@type\":\"WebSite\",\"@id\":\"https:\\\/\\\/www.ecrivus-multimedia.nl\\\/#website\",\"url\":\"https:\\\/\\\/www.ecrivus-multimedia.nl\\\/\",\"name\":\"Ecrivus International Webshop\",\"description\":\"Erkende webshop voor be\u00ebdigde vertalingen.\",\"publisher\":{\"@id\":\"https:\\\/\\\/www.ecrivus-multimedia.nl\\\/#organization\"},\"potentialAction\":[{\"@type\":\"SearchAction\",\"target\":{\"@type\":\"EntryPoint\",\"urlTemplate\":\"https:\\\/\\\/www.ecrivus-multimedia.nl\\\/?s={search_term_string}\"},\"query-input\":{\"@type\":\"PropertyValueSpecification\",\"valueRequired\":true,\"valueName\":\"search_term_string\"}}],\"inLanguage\":\"es\"},{\"@type\":\"Organization\",\"@id\":\"https:\\\/\\\/www.ecrivus-multimedia.nl\\\/#organization\",\"name\":\"Ecrivus International\",\"url\":\"https:\\\/\\\/www.ecrivus-multimedia.nl\\\/\",\"logo\":{\"@type\":\"ImageObject\",\"inLanguage\":\"es\",\"@id\":\"https:\\\/\\\/www.ecrivus-multimedia.nl\\\/#\\\/schema\\\/logo\\\/image\\\/\",\"url\":\"https:\\\/\\\/www.ecrivus-multimedia.nl\\\/wp-content\\\/uploads\\\/2022\\\/01\\\/cropped-small-Logo-Ecrivus-Vector-Transparent2.png\",\"contentUrl\":\"https:\\\/\\\/www.ecrivus-multimedia.nl\\\/wp-content\\\/uploads\\\/2022\\\/01\\\/cropped-small-Logo-Ecrivus-Vector-Transparent2.png\",\"width\":512,\"height\":512,\"caption\":\"Ecrivus International\"},\"image\":{\"@id\":\"https:\\\/\\\/www.ecrivus-multimedia.nl\\\/#\\\/schema\\\/logo\\\/image\\\/\"},\"sameAs\":[\"https:\\\/\\\/www.facebook.com\\\/Ecrivus-International-676624782512639\\\/\",\"https:\\\/\\\/x.com\\\/ecrivusint\"]}]}<\/script>\n<!-- \/ Yoast SEO plugin. -->","yoast_head_json":{"title":"Huwelijkse voorwaarden be\u00ebdigd vertalen? Bestel in onze webshop!","description":"Huwelijkse voorwaarden be\u00ebdigd vertalen? Bestel direct online! \u2713 Ervaren be\u00ebdigd vertalers \u2713 Alle talen \u2713 Voordelig geregeld \u2713 Snelle levertijden \u2713 Korting \u2713 Eenvoudig betalen via iDeal of PayPal","robots":{"index":"index","follow":"follow","max-snippet":"max-snippet:-1","max-image-preview":"max-image-preview:large","max-video-preview":"max-video-preview:-1"},"canonical":"https:\/\/www.ecrivus-multimedia.nl\/es\/producto\/traducir-certificado-de-acuerdo-prenupcial\/","og_locale":"es_ES","og_type":"article","og_title":"Huwelijkse voorwaarden be\u00ebdigd vertalen? Bestel in onze webshop!","og_description":"Huwelijkse voorwaarden be\u00ebdigd vertalen? Bestel direct online! \u2713 Ervaren be\u00ebdigd vertalers \u2713 Alle talen \u2713 Voordelig geregeld \u2713 Snelle levertijden \u2713 Korting \u2713 Eenvoudig betalen via iDeal of PayPal","og_url":"https:\/\/www.ecrivus-multimedia.nl\/es\/producto\/traducir-certificado-de-acuerdo-prenupcial\/","og_site_name":"Ecrivus International Webshop","article_publisher":"https:\/\/www.facebook.com\/Ecrivus-International-676624782512639\/","article_modified_time":"2026-04-12T10:15:33+00:00","og_image":[{"width":1000,"height":667,"url":"https:\/\/www.ecrivus-multimedia.nl\/wp-content\/uploads\/2026\/04\/lakstempel-drukken-document-vooraanzicht-2.jpg","type":"image\/jpeg"}],"twitter_card":"summary_large_image","twitter_site":"@ecrivusint","twitter_misc":{"Tiempo de lectura":"2 minutos"},"schema":{"@context":"https:\/\/schema.org","@graph":[{"@type":"WebPage","@id":"https:\/\/www.ecrivus-multimedia.nl\/product\/akte-van-huwelijkse-voorwaarden-vertalen\/","url":"https:\/\/www.ecrivus-multimedia.nl\/product\/akte-van-huwelijkse-voorwaarden-vertalen\/","name":"Huwelijkse voorwaarden be\u00ebdigd vertalen? Bestel in onze webshop!","isPartOf":{"@id":"https:\/\/www.ecrivus-multimedia.nl\/#website"},"primaryImageOfPage":{"@id":"https:\/\/www.ecrivus-multimedia.nl\/product\/akte-van-huwelijkse-voorwaarden-vertalen\/#primaryimage"},"image":{"@id":"https:\/\/www.ecrivus-multimedia.nl\/product\/akte-van-huwelijkse-voorwaarden-vertalen\/#primaryimage"},"thumbnailUrl":"https:\/\/www.ecrivus-multimedia.nl\/wp-content\/uploads\/2026\/04\/lakstempel-drukken-document-vooraanzicht-2.jpg","datePublished":"2017-08-11T12:35:10+00:00","dateModified":"2026-04-12T10:15:33+00:00","description":"Huwelijkse voorwaarden be\u00ebdigd vertalen? Bestel direct online! \u2713 Ervaren be\u00ebdigd vertalers \u2713 Alle talen \u2713 Voordelig geregeld \u2713 Snelle levertijden \u2713 Korting \u2713 Eenvoudig betalen via iDeal of PayPal","breadcrumb":{"@id":"https:\/\/www.ecrivus-multimedia.nl\/product\/akte-van-huwelijkse-voorwaarden-vertalen\/#breadcrumb"},"inLanguage":"es","potentialAction":[{"@type":"ReadAction","target":["https:\/\/www.ecrivus-multimedia.nl\/product\/akte-van-huwelijkse-voorwaarden-vertalen\/"]}]},{"@type":"ImageObject","inLanguage":"es","@id":"https:\/\/www.ecrivus-multimedia.nl\/product\/akte-van-huwelijkse-voorwaarden-vertalen\/#primaryimage","url":"https:\/\/www.ecrivus-multimedia.nl\/wp-content\/uploads\/2026\/04\/lakstempel-drukken-document-vooraanzicht-2.jpg","contentUrl":"https:\/\/www.ecrivus-multimedia.nl\/wp-content\/uploads\/2026\/04\/lakstempel-drukken-document-vooraanzicht-2.jpg","width":1000,"height":667},{"@type":"BreadcrumbList","@id":"https:\/\/www.ecrivus-multimedia.nl\/product\/akte-van-huwelijkse-voorwaarden-vertalen\/#breadcrumb","itemListElement":[{"@type":"ListItem","position":1,"name":"Home","item":"https:\/\/www.ecrivus-multimedia.nl\/"},{"@type":"ListItem","position":2,"name":"Shop","item":"https:\/\/www.ecrivus-multimedia.nl\/shop\/"},{"@type":"ListItem","position":3,"name":"Huwelijkse voorwaarden vertalen (be\u00ebdigd)"}]},{"@type":"WebSite","@id":"https:\/\/www.ecrivus-multimedia.nl\/#website","url":"https:\/\/www.ecrivus-multimedia.nl\/","name":"Ecrivus International Webshop","description":"Erkende webshop voor be\u00ebdigde vertalingen.","publisher":{"@id":"https:\/\/www.ecrivus-multimedia.nl\/#organization"},"potentialAction":[{"@type":"SearchAction","target":{"@type":"EntryPoint","urlTemplate":"https:\/\/www.ecrivus-multimedia.nl\/?s={search_term_string}"},"query-input":{"@type":"PropertyValueSpecification","valueRequired":true,"valueName":"search_term_string"}}],"inLanguage":"es"},{"@type":"Organization","@id":"https:\/\/www.ecrivus-multimedia.nl\/#organization","name":"Ecrivus International","url":"https:\/\/www.ecrivus-multimedia.nl\/","logo":{"@type":"ImageObject","inLanguage":"es","@id":"https:\/\/www.ecrivus-multimedia.nl\/#\/schema\/logo\/image\/","url":"https:\/\/www.ecrivus-multimedia.nl\/wp-content\/uploads\/2022\/01\/cropped-small-Logo-Ecrivus-Vector-Transparent2.png","contentUrl":"https:\/\/www.ecrivus-multimedia.nl\/wp-content\/uploads\/2022\/01\/cropped-small-Logo-Ecrivus-Vector-Transparent2.png","width":512,"height":512,"caption":"Ecrivus International"},"image":{"@id":"https:\/\/www.ecrivus-multimedia.nl\/#\/schema\/logo\/image\/"},"sameAs":["https:\/\/www.facebook.com\/Ecrivus-International-676624782512639\/","https:\/\/x.com\/ecrivusint"]}]}},"_links":{"self":[{"href":"https:\/\/www.ecrivus-multimedia.nl\/es\/wp-json\/wp\/v2\/product\/8390","targetHints":{"allow":["GET"]}}],"collection":[{"href":"https:\/\/www.ecrivus-multimedia.nl\/es\/wp-json\/wp\/v2\/product"}],"about":[{"href":"https:\/\/www.ecrivus-multimedia.nl\/es\/wp-json\/wp\/v2\/types\/product"}],"replies":[{"embeddable":true,"href":"https:\/\/www.ecrivus-multimedia.nl\/es\/wp-json\/wp\/v2\/comments?post=8390"}],"wp:featuredmedia":[{"embeddable":true,"href":"https:\/\/www.ecrivus-multimedia.nl\/es\/wp-json\/wp\/v2\/media\/132609"}],"wp:attachment":[{"href":"https:\/\/www.ecrivus-multimedia.nl\/es\/wp-json\/wp\/v2\/media?parent=8390"}],"wp:term":[{"taxonomy":"product_brand","embeddable":true,"href":"https:\/\/www.ecrivus-multimedia.nl\/es\/wp-json\/wp\/v2\/product_brand?post=8390"},{"taxonomy":"product_cat","embeddable":true,"href":"https:\/\/www.ecrivus-multimedia.nl\/es\/wp-json\/wp\/v2\/product_cat?post=8390"},{"taxonomy":"product_tag","embeddable":true,"href":"https:\/\/www.ecrivus-multimedia.nl\/es\/wp-json\/wp\/v2\/product_tag?post=8390"}],"curies":[{"name":"wp","href":"https:\/\/api.w.org\/{rel}","templated":true}]}}