{"id":42094,"date":"2019-05-09T15:56:32","date_gmt":"2019-05-09T13:56:32","guid":{"rendered":"https:\/\/www.ecrivus-multimedia.nl\/?page_id=42094"},"modified":"2026-04-12T14:34:14","modified_gmt":"2026-04-12T12:34:14","slug":"apostilles-legalisatie-landenoverzicht","status":"publish","type":"page","link":"https:\/\/www.ecrivus-multimedia.nl\/fr\/apercu-des-pays-de-legalisation-des-apostilles\/","title":{"rendered":"Apostilles (l\u00e9galisation) \u2013 aper\u00e7u du pays"},"content":{"rendered":"<div class=\"banner has-hover\" id=\"banner-1556726661\">\n          <div class=\"banner-inner fill\">\n        <div class=\"banner-bg fill\" >\n            <img decoding=\"async\" width=\"1000\" height=\"684\" src=\"https:\/\/www.ecrivus-multimedia.nl\/wp-content\/uploads\/2026\/04\/2151889549.webp\" class=\"bg attachment-large size-large\" alt=\"\" \/>                                    \n                    <\/div>\n\t\t\n        <div class=\"banner-layers container\">\n            <div class=\"fill banner-link\"><\/div>            \n   <div id=\"text-box-1093681494\" class=\"text-box banner-layer x95 md-x95 lg-x95 y50 md-y50 lg-y50 res-text\">\n                                <div class=\"text-box-content text box-shadow-3\">\n              \n              <div class=\"text-inner text-center\">\n                  \n<h2 class=\"uppercase\"><strong>apostilles<\/strong><\/h2>\n<h3>&amp; l\u00e9galisations<\/h3>\n<p>Certaines autorit\u00e9s \u00e0 l&#039;\u00e9tranger exigent qu&#039;il en soit install\u00e9 <a href=\"https:\/\/www.ecrivus-multimedia.nl\/go\/apostilles-legalisatie-landenoverzicht\/\" title=\"Apostilles (l\u00e9galisation) - aper\u00e7u des pays\" class=\"pretty-link-keyword\"rel=\"\">apostille<\/a> du tribunal. Nous pouvons nous en occuper pour vous. Sur cette page, vous pouvez tout savoir et trouver tous les pays membres du trait\u00e9 apostille.<\/p>\n<a href=\"https:\/\/www.ecrivus-multimedia.nl\/fr\/categorie-produit\/traductions-assermentees\/\" class=\"button primary is-smaller\" >\n\t\t<span>Traductions asserment\u00e9es<\/span>\n\t<i class=\"icon-angle-right\" aria-hidden=\"true\"><\/i><\/a>\n\n<a href=\"https:\/\/www.ecrivus-multimedia.nl\/fr\/categorie-de-produits\/apostilles-legalisaties\/\" class=\"button primary is-outline is-smaller\" >\n\t\t<span>APOSTILLES & LEGALISATIES<\/span>\n\t<i class=\"icon-angle-right\" aria-hidden=\"true\"><\/i><\/a>\n\n              <\/div>\n           <\/div>\n                            \n<style>\n#text-box-1093681494 .text-box-content {\n  background-color: rgba(255, 255, 255, 0.86);\n  font-size: 100%;\n}\n#text-box-1093681494 .text-inner {\n  padding: 30px 30px 30px 30px;\n}\n#text-box-1093681494 {\n  width: 60%;\n}\n@media (min-width:550px) {\n  #text-box-1093681494 {\n    width: 47%;\n  }\n}\n<\/style>\n    <\/div>\n \n        <\/div>\n      <\/div>\n\n            \n<style>\n#banner-1556726661 {\n  padding-top: 500px;\n}\n#banner-1556726661 .banner-bg img {\n  object-position: 0% 80%;\n}\n<\/style>\n  <\/div>\n\n\n<div class=\"is-divider divider clearfix\" ><\/div>\n<h4><strong>Apostilles (l\u00e9galisation) \u2013 aper\u00e7u du pays<\/strong><\/h4>\n<p>Il <a href=\"https:\/\/nl.wikipedia.org\/wiki\/Apostilleverdrag\" target=\"_blank\" rel=\"noopener noreferrer\">trait\u00e9 d&#039;apostille<\/a> (sign\u00e9 en 1961 \u00e0 La Haye) est un accord international entre pays visant \u00e0... <a href=\"https:\/\/www.ecrivus-multimedia.nl\/go\/apostilles-legalisatie-landenoverzicht\/\" title=\"Apostilles (l\u00e9galisation) - aper\u00e7u des pays\" class=\"pretty-link-keyword\"rel=\"\">l\u00e9galisation<\/a> de <a href=\"https:\/\/www.ecrivus-multimedia.nl\/go\/be\u00ebdigde-vertaling\/\" title=\"Traductions asserment\u00e9es Archives | Ecrivus International Webshop\" class=\"pretty-link-keyword\"rel=\"\">documents officiels<\/a> pour simplifier. Le trait\u00e9 signifie que le <a href=\"https:\/\/www.ecrivus-multimedia.nl\/go\/apostilles-legalisatie-landenoverzicht\/\" title=\"Apostilles (l\u00e9galisation) - aper\u00e7u des pays\" class=\"pretty-link-keyword\"rel=\"\">apostille<\/a> est le seul formulaire requis <a href=\"https:\/\/www.ecrivus-multimedia.nl\/go\/apostilles-legalisatie-landenoverzicht\/\" title=\"Apostilles (l\u00e9galisation) - aper\u00e7u des pays\" class=\"pretty-link-keyword\"rel=\"\">l\u00e9galisation<\/a>, si les documents sont utilis\u00e9s dans les pays signataires du trait\u00e9.<\/p>\n<p>Le <a href=\"https:\/\/www.ecrivus-multimedia.nl\/go\/apostilles-legalisatie-landenoverzicht\/\" title=\"Apostilles (l\u00e9galisation) - aper\u00e7u des pays\" class=\"pretty-link-keyword\"rel=\"\">apostille<\/a> Il s&#039;agit en soi d&#039;un cachet du tribunal qui certifie que votre document est authentique, lui permettant ainsi d&#039;\u00eatre utilis\u00e9 l\u00e9galement dans le trafic international de documents.<\/p>\n<p>Ecrivus International est heureux de vous aider \u00e0 organiser le <a href=\"https:\/\/www.ecrivus-multimedia.nl\/go\/apostilles-legalisatie-landenoverzicht\/\" title=\"Apostilles (l\u00e9galisation) - aper\u00e7u des pays\" class=\"pretty-link-keyword\"rel=\"\">l\u00e9galisation<\/a> de votre <a href=\"https:\/\/www.ecrivus-multimedia.nl\/fr\/\">documents asserment\u00e9s<\/a> en l&#039;\u00e9quipant d&#039;un <a href=\"https:\/\/www.ecrivus-multimedia.nl\/go\/apostilles-legalisatie-landenoverzicht\/\" title=\"Apostilles (l\u00e9galisation) - aper\u00e7u des pays\" class=\"pretty-link-keyword\"rel=\"\">apostille<\/a> devant l&#039;un des tribunaux n\u00e9erlandais. <a href=\"https:\/\/www.ecrivus-multimedia.nl\/fr\/categorie-de-produits\/traductions-assermentees\/\">cliquer ici<\/a> pour toi <a href=\"https:\/\/www.ecrivus-multimedia.nl\/go\/be\u00ebdigde-vertaling\/\" title=\"Traductions asserment\u00e9es Archives | Ecrivus International Webshop\" class=\"pretty-link-keyword\"rel=\"\">traduction asserment\u00e9e<\/a> peut \u00eatre command\u00e9 directement. Souhaitez-vous que nous allions au tribunal pour vous ? <a href=\"https:\/\/www.ecrivus-multimedia.nl\/go\/apostilles-legalisatie-landenoverzicht\/\" title=\"Apostilles (l\u00e9galisation) - aper\u00e7u des pays\" class=\"pretty-link-keyword\"rel=\"\">apostille<\/a> le faire installer ? C&#039;est possible! Vous pouvez facilement le s\u00e9lectionner lors de la proc\u00e9dure de commande dans notre boutique en ligne.<\/p>\n<p>Vous trouverez ci-dessous la liste des pays signataires de la Convention Apostille.<\/p>\n<h2>un<\/h2>\n<ul>\n<li>Albanie (<span dir=\"ltr\" lang=\"en\">Albanie<\/span>)<\/li>\n<li>Andorre<\/li>\n<li>Antigua-et-Barbuda (<span dir=\"ltr\" lang=\"en\">Antigua-et-Barbuda<\/span>)<\/li>\n<li>Argentine (<span dir=\"ltr\" lang=\"en\">Argentine<\/span>)<\/li>\n<li>Arm\u00e9nie (<span dir=\"ltr\" lang=\"en\">Arm\u00e9nie<\/span>)<\/li>\n<li>Australie (<span dir=\"ltr\" lang=\"en\">Australie<\/span>)<\/li>\n<li>Azerba\u00efdjan (<span dir=\"ltr\" lang=\"en\">Azerba\u00efdjan<\/span>)<\/li>\n<\/ul>\n<h2>b<\/h2>\n<ul>\n<li>Bahamas (<span dir=\"ltr\" lang=\"en\">Bahamas<\/span>)<\/li>\n<li>Bahre\u00efn (<span dir=\"ltr\" lang=\"en\">Bahre\u00efn<\/span>)<\/li>\n<li>Barbade<\/li>\n<li>Bi\u00e9lorussie (<span dir=\"ltr\" lang=\"en\">Bi\u00e9lorussie<\/span>)<\/li>\n<li>Belgique (<span dir=\"ltr\" lang=\"en\">Belgique<\/span>)<\/li>\n<li>B\u00e9lize<\/li>\n<li>Bolivie<\/li>\n<li>Bosnie Herz\u00e9govine (<span dir=\"ltr\" lang=\"en\">Bosnie Herz\u00e9govine<\/span>)<\/li>\n<li>Botswana<\/li>\n<li>Br\u00e9sil (<span dir=\"ltr\" lang=\"en\">Br\u00e9sil<\/span>)<\/li>\n<li>Brunei Darussalam<\/li>\n<li>Bulgarie (<span dir=\"ltr\" lang=\"en\">Bulgarie<\/span>)<\/li>\n<li>Burundi<\/li>\n<\/ul>\n<h2>c<\/h2>\n<ul>\n<li>Canada (\u00e0 partir du 11 janvier 2024)<\/li>\n<li>Chili (Chili)<\/li>\n<li>Chine<\/li>\n<li>Colombie<\/li>\n<li>Les \u00celes Cook (<span dir=\"ltr\" lang=\"en\">les \u00celes Cook<\/span>)<\/li>\n<li>Costa Rica<\/li>\n<li>Chypre<\/li>\n<\/ul>\n<h2>D<\/h2>\n<ul>\n<li>Danemark (<span dir=\"ltr\" lang=\"en\">Danemark<\/span>)<\/li>\n<li>Dominique<\/li>\n<li>R\u00e9publique dominicaine (<span dir=\"ltr\" lang=\"en\">R\u00e9publique dominicaine<\/span>)<\/li>\n<li>Allemagne (<span dir=\"ltr\" lang=\"en\">Allemagne<\/span>)<\/li>\n<\/ul>\n<h2>E<\/h2>\n<ul>\n<li>\u00c9quateur<\/li>\n<li>Le Salvador<\/li>\n<li>Estonie (<span dir=\"ltr\" lang=\"en\">Estonie<\/span>)<\/li>\n<li>Eswatini<\/li>\n<\/ul>\n<h2>F<\/h2>\n<ul>\n<li>Fidji<\/li>\n<li>Philippines (<span dir=\"ltr\" lang=\"en\">Philippines<\/span>)<\/li>\n<li>Finlande<\/li>\n<li>France (<span dir=\"ltr\" lang=\"en\">France<\/span>)<\/li>\n<\/ul>\n<h2>g<\/h2>\n<ul>\n<li>G\u00e9orgie (<span dir=\"ltr\" lang=\"en\">G\u00e9orgie<\/span>)<\/li>\n<li>Grenade<\/li>\n<li>Gr\u00e8ce (<span dir=\"ltr\" lang=\"en\">Gr\u00e8ce<\/span>)<\/li>\n<li>Guatemala<\/li>\n<li>Guyane<\/li>\n<\/ul>\n<h2>H<\/h2>\n<ul>\n<li>Honduras<\/li>\n<li>Hongrie (<span dir=\"ltr\" lang=\"en\">Hongrie<\/span>)<\/li>\n<li>Hong Kong<\/li>\n<\/ul>\n<h2>je<\/h2>\n<ul>\n<li>Irlande (<span dir=\"ltr\" lang=\"en\">Irlande<\/span>)<\/li>\n<li>Islande (<span dir=\"ltr\" lang=\"en\">Islande<\/span>)<\/li>\n<li>Inde<\/li>\n<li>Indon\u00e9sie (<span dir=\"ltr\" lang=\"en\">Indon\u00e9sie<\/span>)<\/li>\n<li>Isra\u00ebl (<span dir=\"ltr\" lang=\"en\">Isra\u00ebl<\/span>)<\/li>\n<li>Italie (<span dir=\"ltr\" lang=\"en\">Italie<\/span>)<\/li>\n<\/ul>\n<h2>J.<\/h2>\n<ul>\n<li>Jama\u00efque<\/li>\n<li>Japon<\/li>\n<\/ul>\n<h2>K<\/h2>\n<ul>\n<li>Cap-Vert (<span dir=\"ltr\" lang=\"en\">Cap-Vert<\/span>)<\/li>\n<li>Kazakhstan (<span dir=\"ltr\" lang=\"en\">Kazakhstan<\/span>)<\/li>\n<li>Kirghizistan (<span dir=\"ltr\" lang=\"en\">Kirghizistan<\/span>)<\/li>\n<li>Kosovo<\/li>\n<li>Croatie (<span dir=\"ltr\" lang=\"en\">Croatie<\/span>)<\/li>\n<\/ul>\n<h2>L<\/h2>\n<ul>\n<li>Lettonie (<span dir=\"ltr\" lang=\"en\">Lettonie<\/span>)<\/li>\n<li>Lesotho<\/li>\n<li>Lib\u00e9ria<\/li>\n<li>Liechtenstein<\/li>\n<li>Lituanie (<span dir=\"ltr\" lang=\"en\">Lituanie<\/span>)<\/li>\n<li>Luxembourg (<span dir=\"ltr\" lang=\"en\">Luxembourg<\/span>)<\/li>\n<\/ul>\n<h2>M<\/h2>\n<ul>\n<li>RAS de Macao<\/li>\n<li>Malawi<\/li>\n<li>Malte<\/li>\n<li>Maroc (<span dir=\"ltr\" lang=\"en\">Maroc<\/span>)<\/li>\n<li>Iles Marshall (<span dir=\"ltr\" lang=\"en\">Iles Marshall<\/span>)<\/li>\n<li>Maurice<\/li>\n<li>Mexique<\/li>\n<li>Moldavie (<span dir=\"ltr\" lang=\"en\">R\u00e9publique de Moldavie<\/span>)<\/li>\n<li>Monaco<\/li>\n<li>Mongolie (<span dir=\"ltr\" lang=\"en\">Mongolie<\/span>)<\/li>\n<li>Mont\u00e9n\u00e9gro<\/li>\n<\/ul>\n<h2>N<\/h2>\n<ul>\n<li>Namibie (<span dir=\"ltr\" lang=\"en\">Namibie<\/span>)<\/li>\n<li>Les Pays-Bas (<span dir=\"ltr\" lang=\"en\">Pays-Bas<\/span>)<\/li>\n<li>Nicaragua<\/li>\n<li>Nouvelle-Z\u00e9lande (<span dir=\"ltr\" lang=\"en\">Nouvelle-Z\u00e9lande<\/span>)<\/li>\n<li>Niou\u00e9<\/li>\n<li>Mac\u00e9doine du Nord (<span dir=\"ltr\" lang=\"en\">R\u00e9publique de Mac\u00e9doine du Nord<\/span>)<\/li>\n<li>Norv\u00e8ge (<span dir=\"ltr\" lang=\"en\">Norv\u00e8ge<\/span>)<\/li>\n<\/ul>\n<h2>\u00d4<\/h2>\n<ul>\n<li>Ukraine (<span dir=\"ltr\" lang=\"en\">Ukraine<\/span>)<\/li>\n<li>Ouzb\u00e9kistan (<span dir=\"ltr\" lang=\"en\">Ouzb\u00e9kistan<\/span>)<\/li>\n<li>Oman<\/li>\n<li>L&#039;Autriche (<span dir=\"ltr\" lang=\"en\">L&#039;Autriche<\/span>)<\/li>\n<\/ul>\n<h2>P.<\/h2>\n<ul>\n<li>Palaos<\/li>\n<li>Panama<\/li>\n<li>Paraguay<\/li>\n<li>P\u00e9rou<\/li>\n<li>Pologne (<span dir=\"ltr\" lang=\"en\">Pologne<\/span>)<\/li>\n<li>Le Portugal<\/li>\n<\/ul>\n<h2>R.<\/h2>\n<ul>\n<li>Roumanie (<span dir=\"ltr\" lang=\"en\">Roumanie<\/span>)<\/li>\n<li>Russie (<span dir=\"ltr\" lang=\"en\">F\u00e9d\u00e9ration Russe<\/span>)<\/li>\n<\/ul>\n<h2>S<\/h2>\n<ul>\n<li>Saint-Christophe-et-Ni\u00e9v\u00e8s (<span dir=\"ltr\" lang=\"en\">Saint-Christophe-et-Ni\u00e9v\u00e8s<\/span>)<\/li>\n<li>Sainte-Lucie<\/li>\n<li>Saint-Vincent-et-les-Grenadines (<span dir=\"ltr\" lang=\"en\">Saint-Vincent-et-les-Grenadines<\/span>)<\/li>\n<li>Samoa<\/li>\n<li>Saint Marin<\/li>\n<li>Arabie Saoudite (<span dir=\"ltr\" lang=\"en\">Arabie Saoudite<\/span>)<\/li>\n<li>Sao Tom\u00e9 et Principe (<span dir=\"ltr\" lang=\"en\">Sao Tom\u00e9 et Principe<\/span>)<\/li>\n<li>Serbie (<span dir=\"ltr\" lang=\"en\">Serbie<\/span>)<\/li>\n<li>Les Seychelles (<span dir=\"ltr\" lang=\"en\">les Seychelles<\/span>)<\/li>\n<li>Singapour<\/li>\n<li>Slov\u00e9nie (<span dir=\"ltr\" lang=\"en\">Slov\u00e9nie<\/span>)<\/li>\n<li>Slovaquie (<span dir=\"ltr\" lang=\"en\">Slovaquie<\/span>)<\/li>\n<li>L&#039;Espagne (<span dir=\"ltr\" lang=\"en\">Espagne<\/span>)<\/li>\n<li>Surinam<\/li>\n<\/ul>\n<h2>T<\/h2>\n<ul>\n<li>Tadjikistan (<span dir=\"ltr\" lang=\"en\">Tadjikistan<\/span>)<\/li>\n<li>Tonga<\/li>\n<li>Trinit\u00e9-et-Tobago (<span dir=\"ltr\" lang=\"en\">Trinit\u00e9-et-Tobago<\/span>)<\/li>\n<li>Republique TCHEQUE (<span dir=\"ltr\" lang=\"en\">R\u00e9publique tch\u00e8que<\/span>)<\/li>\n<li>Tunisie (<span dir=\"ltr\" lang=\"en\">Tunisie<\/span>)<\/li>\n<li>La Turquie (<span dir=\"ltr\" lang=\"en\">Turquie<\/span>)<\/li>\n<\/ul>\n<h2>TOI<\/h2>\n<ul>\n<li>Uruguay<\/li>\n<\/ul>\n<h2>V<\/h2>\n<ul>\n<li>Vanuatu<\/li>\n<li>Venezuela<\/li>\n<li>Royaume-Uni (<span dir=\"ltr\" lang=\"en\">Royaume-Uni<\/span>)<\/li>\n<li>\u00c9tats-Unis (<span dir=\"ltr\" lang=\"en\">les \u00e9tats-unis d&#039;Am\u00e9rique<\/span>)<\/li>\n<\/ul>\n<h2>Z<\/h2>\n<ul>\n<li>Afrique du Sud (<span dir=\"ltr\" lang=\"en\">Afrique du Sud<\/span>)<\/li>\n<li>Cor\u00e9e du Sud (<span dir=\"ltr\" lang=\"en\">Cor\u00e9e, R\u00e9publique de<\/span>)<\/li>\n<li>Su\u00e8de (<span dir=\"ltr\" lang=\"en\">Su\u00e8de<\/span>)<\/li>\n<li>Suisse (<span dir=\"ltr\" lang=\"en\">Suisse<\/span>)<\/li>\n<\/ul>","protected":false},"excerpt":{"rendered":"<p>Apostilles (legalisatie) &#8211; landenoverzicht Het apostilleverdrag (ondertekend in 1961 in Den Haag) is een internationale afspraak tussen landen om de legalisatie van offici\u00eble documenten te vereenvoudigen. Het verdrag houdt in dat de apostille geldt als de enige benodigde vorm van legalisatie, indien de documenten worden gebruikt in de landen die het verdrag hebben ondertekend. De&#8230;<\/p>","protected":false},"author":1,"featured_media":0,"parent":0,"menu_order":0,"comment_status":"closed","ping_status":"closed","template":"","meta":{"_acf_changed":false,"_glsr_average":0,"_glsr_ranking":0,"_glsr_reviews":0,"_joinchat":[],"footnotes":""},"class_list":["post-42094","page","type-page","status-publish","hentry"],"acf":[],"yoast_head":"<!-- This site is optimized with the Yoast SEO plugin v27.4 - https:\/\/yoast.com\/product\/yoast-seo-wordpress\/ -->\n<title>Apostilles (legalisatie) - landenoverzicht | Ecrivus International Webshop<\/title>\n<meta name=\"description\" content=\"Lees hier wat het apostilleverdrag inhoudt en wanneer u een apostille nodig heeft voor uw be\u00ebdigde vertaling. Incl. landenlijst. Direct online te bestellen.\" \/>\n<meta name=\"robots\" content=\"index, follow, max-snippet:-1, max-image-preview:large, max-video-preview:-1\" \/>\n<link rel=\"canonical\" href=\"https:\/\/www.ecrivus-multimedia.nl\/fr\/apercu-des-pays-de-legalisation-des-apostilles\/\" \/>\n<meta property=\"og:locale\" content=\"fr_FR\" \/>\n<meta property=\"og:type\" content=\"article\" \/>\n<meta property=\"og:title\" content=\"Apostilles (legalisatie) - landenoverzicht | Ecrivus International Webshop\" \/>\n<meta property=\"og:description\" content=\"Lees hier wat het apostilleverdrag inhoudt en wanneer u een apostille nodig heeft voor uw be\u00ebdigde vertaling. Incl. landenlijst. Direct online te bestellen.\" \/>\n<meta property=\"og:url\" content=\"https:\/\/www.ecrivus-multimedia.nl\/fr\/apercu-des-pays-de-legalisation-des-apostilles\/\" \/>\n<meta property=\"og:site_name\" content=\"Ecrivus International Webshop\" \/>\n<meta property=\"article:publisher\" content=\"https:\/\/www.facebook.com\/Ecrivus-International-676624782512639\/\" \/>\n<meta property=\"article:modified_time\" content=\"2026-04-12T12:34:14+00:00\" \/>\n<meta name=\"twitter:card\" content=\"summary_large_image\" \/>\n<meta name=\"twitter:site\" content=\"@ecrivusint\" \/>\n<meta name=\"twitter:label1\" content=\"Dur\u00e9e de lecture estim\u00e9e\" \/>\n\t<meta name=\"twitter:data1\" content=\"3 minutes\" \/>\n<script type=\"application\/ld+json\" class=\"yoast-schema-graph\">{\"@context\":\"https:\\\/\\\/schema.org\",\"@graph\":[{\"@type\":\"WebPage\",\"@id\":\"https:\\\/\\\/www.ecrivus-multimedia.nl\\\/apostilles-legalisatie-landenoverzicht\\\/\",\"url\":\"https:\\\/\\\/www.ecrivus-multimedia.nl\\\/apostilles-legalisatie-landenoverzicht\\\/\",\"name\":\"Apostilles (legalisatie) - landenoverzicht | Ecrivus International Webshop\",\"isPartOf\":{\"@id\":\"https:\\\/\\\/www.ecrivus-multimedia.nl\\\/#website\"},\"datePublished\":\"2019-05-09T13:56:32+00:00\",\"dateModified\":\"2026-04-12T12:34:14+00:00\",\"description\":\"Lees hier wat het apostilleverdrag inhoudt en wanneer u een apostille nodig heeft voor uw be\u00ebdigde vertaling. Incl. landenlijst. Direct online te bestellen.\",\"breadcrumb\":{\"@id\":\"https:\\\/\\\/www.ecrivus-multimedia.nl\\\/apostilles-legalisatie-landenoverzicht\\\/#breadcrumb\"},\"inLanguage\":\"fr-FR\",\"potentialAction\":[{\"@type\":\"ReadAction\",\"target\":[\"https:\\\/\\\/www.ecrivus-multimedia.nl\\\/apostilles-legalisatie-landenoverzicht\\\/\"]}]},{\"@type\":\"BreadcrumbList\",\"@id\":\"https:\\\/\\\/www.ecrivus-multimedia.nl\\\/apostilles-legalisatie-landenoverzicht\\\/#breadcrumb\",\"itemListElement\":[{\"@type\":\"ListItem\",\"position\":1,\"name\":\"Home\",\"item\":\"https:\\\/\\\/www.ecrivus-multimedia.nl\\\/\"},{\"@type\":\"ListItem\",\"position\":2,\"name\":\"Apostilles (legalisatie) &#8211; landenoverzicht\"}]},{\"@type\":\"WebSite\",\"@id\":\"https:\\\/\\\/www.ecrivus-multimedia.nl\\\/#website\",\"url\":\"https:\\\/\\\/www.ecrivus-multimedia.nl\\\/\",\"name\":\"Ecrivus International Webshop\",\"description\":\"Erkende webshop voor be\u00ebdigde vertalingen.\",\"publisher\":{\"@id\":\"https:\\\/\\\/www.ecrivus-multimedia.nl\\\/#organization\"},\"potentialAction\":[{\"@type\":\"SearchAction\",\"target\":{\"@type\":\"EntryPoint\",\"urlTemplate\":\"https:\\\/\\\/www.ecrivus-multimedia.nl\\\/?s={search_term_string}\"},\"query-input\":{\"@type\":\"PropertyValueSpecification\",\"valueRequired\":true,\"valueName\":\"search_term_string\"}}],\"inLanguage\":\"fr-FR\"},{\"@type\":\"Organization\",\"@id\":\"https:\\\/\\\/www.ecrivus-multimedia.nl\\\/#organization\",\"name\":\"Ecrivus International\",\"url\":\"https:\\\/\\\/www.ecrivus-multimedia.nl\\\/\",\"logo\":{\"@type\":\"ImageObject\",\"inLanguage\":\"fr-FR\",\"@id\":\"https:\\\/\\\/www.ecrivus-multimedia.nl\\\/#\\\/schema\\\/logo\\\/image\\\/\",\"url\":\"https:\\\/\\\/www.ecrivus-multimedia.nl\\\/wp-content\\\/uploads\\\/2022\\\/01\\\/cropped-small-Logo-Ecrivus-Vector-Transparent2.png\",\"contentUrl\":\"https:\\\/\\\/www.ecrivus-multimedia.nl\\\/wp-content\\\/uploads\\\/2022\\\/01\\\/cropped-small-Logo-Ecrivus-Vector-Transparent2.png\",\"width\":512,\"height\":512,\"caption\":\"Ecrivus International\"},\"image\":{\"@id\":\"https:\\\/\\\/www.ecrivus-multimedia.nl\\\/#\\\/schema\\\/logo\\\/image\\\/\"},\"sameAs\":[\"https:\\\/\\\/www.facebook.com\\\/Ecrivus-International-676624782512639\\\/\",\"https:\\\/\\\/x.com\\\/ecrivusint\"]}]}<\/script>\n<!-- \/ Yoast SEO plugin. -->","yoast_head_json":{"title":"Apostilles (legalisatie) - landenoverzicht | Ecrivus International Webshop","description":"Lees hier wat het apostilleverdrag inhoudt en wanneer u een apostille nodig heeft voor uw be\u00ebdigde vertaling. Incl. landenlijst. Direct online te bestellen.","robots":{"index":"index","follow":"follow","max-snippet":"max-snippet:-1","max-image-preview":"max-image-preview:large","max-video-preview":"max-video-preview:-1"},"canonical":"https:\/\/www.ecrivus-multimedia.nl\/fr\/apercu-des-pays-de-legalisation-des-apostilles\/","og_locale":"fr_FR","og_type":"article","og_title":"Apostilles (legalisatie) - landenoverzicht | Ecrivus International Webshop","og_description":"Lees hier wat het apostilleverdrag inhoudt en wanneer u een apostille nodig heeft voor uw be\u00ebdigde vertaling. Incl. landenlijst. Direct online te bestellen.","og_url":"https:\/\/www.ecrivus-multimedia.nl\/fr\/apercu-des-pays-de-legalisation-des-apostilles\/","og_site_name":"Ecrivus International Webshop","article_publisher":"https:\/\/www.facebook.com\/Ecrivus-International-676624782512639\/","article_modified_time":"2026-04-12T12:34:14+00:00","twitter_card":"summary_large_image","twitter_site":"@ecrivusint","twitter_misc":{"Dur\u00e9e de lecture estim\u00e9e":"3 minutes"},"schema":{"@context":"https:\/\/schema.org","@graph":[{"@type":"WebPage","@id":"https:\/\/www.ecrivus-multimedia.nl\/apostilles-legalisatie-landenoverzicht\/","url":"https:\/\/www.ecrivus-multimedia.nl\/apostilles-legalisatie-landenoverzicht\/","name":"Apostilles (legalisatie) - landenoverzicht | Ecrivus International Webshop","isPartOf":{"@id":"https:\/\/www.ecrivus-multimedia.nl\/#website"},"datePublished":"2019-05-09T13:56:32+00:00","dateModified":"2026-04-12T12:34:14+00:00","description":"Lees hier wat het apostilleverdrag inhoudt en wanneer u een apostille nodig heeft voor uw be\u00ebdigde vertaling. Incl. landenlijst. Direct online te bestellen.","breadcrumb":{"@id":"https:\/\/www.ecrivus-multimedia.nl\/apostilles-legalisatie-landenoverzicht\/#breadcrumb"},"inLanguage":"fr-FR","potentialAction":[{"@type":"ReadAction","target":["https:\/\/www.ecrivus-multimedia.nl\/apostilles-legalisatie-landenoverzicht\/"]}]},{"@type":"BreadcrumbList","@id":"https:\/\/www.ecrivus-multimedia.nl\/apostilles-legalisatie-landenoverzicht\/#breadcrumb","itemListElement":[{"@type":"ListItem","position":1,"name":"Home","item":"https:\/\/www.ecrivus-multimedia.nl\/"},{"@type":"ListItem","position":2,"name":"Apostilles (legalisatie) &#8211; landenoverzicht"}]},{"@type":"WebSite","@id":"https:\/\/www.ecrivus-multimedia.nl\/#website","url":"https:\/\/www.ecrivus-multimedia.nl\/","name":"Ecrivus International Webshop","description":"Erkende webshop voor be\u00ebdigde vertalingen.","publisher":{"@id":"https:\/\/www.ecrivus-multimedia.nl\/#organization"},"potentialAction":[{"@type":"SearchAction","target":{"@type":"EntryPoint","urlTemplate":"https:\/\/www.ecrivus-multimedia.nl\/?s={search_term_string}"},"query-input":{"@type":"PropertyValueSpecification","valueRequired":true,"valueName":"search_term_string"}}],"inLanguage":"fr-FR"},{"@type":"Organization","@id":"https:\/\/www.ecrivus-multimedia.nl\/#organization","name":"Ecrivus International","url":"https:\/\/www.ecrivus-multimedia.nl\/","logo":{"@type":"ImageObject","inLanguage":"fr-FR","@id":"https:\/\/www.ecrivus-multimedia.nl\/#\/schema\/logo\/image\/","url":"https:\/\/www.ecrivus-multimedia.nl\/wp-content\/uploads\/2022\/01\/cropped-small-Logo-Ecrivus-Vector-Transparent2.png","contentUrl":"https:\/\/www.ecrivus-multimedia.nl\/wp-content\/uploads\/2022\/01\/cropped-small-Logo-Ecrivus-Vector-Transparent2.png","width":512,"height":512,"caption":"Ecrivus International"},"image":{"@id":"https:\/\/www.ecrivus-multimedia.nl\/#\/schema\/logo\/image\/"},"sameAs":["https:\/\/www.facebook.com\/Ecrivus-International-676624782512639\/","https:\/\/x.com\/ecrivusint"]}]}},"_links":{"self":[{"href":"https:\/\/www.ecrivus-multimedia.nl\/fr\/wp-json\/wp\/v2\/pages\/42094","targetHints":{"allow":["GET"]}}],"collection":[{"href":"https:\/\/www.ecrivus-multimedia.nl\/fr\/wp-json\/wp\/v2\/pages"}],"about":[{"href":"https:\/\/www.ecrivus-multimedia.nl\/fr\/wp-json\/wp\/v2\/types\/page"}],"author":[{"embeddable":true,"href":"https:\/\/www.ecrivus-multimedia.nl\/fr\/wp-json\/wp\/v2\/users\/1"}],"replies":[{"embeddable":true,"href":"https:\/\/www.ecrivus-multimedia.nl\/fr\/wp-json\/wp\/v2\/comments?post=42094"}],"version-history":[{"count":2,"href":"https:\/\/www.ecrivus-multimedia.nl\/fr\/wp-json\/wp\/v2\/pages\/42094\/revisions"}],"predecessor-version":[{"id":132666,"href":"https:\/\/www.ecrivus-multimedia.nl\/fr\/wp-json\/wp\/v2\/pages\/42094\/revisions\/132666"}],"wp:attachment":[{"href":"https:\/\/www.ecrivus-multimedia.nl\/fr\/wp-json\/wp\/v2\/media?parent=42094"}],"curies":[{"name":"wp","href":"https:\/\/api.w.org\/{rel}","templated":true}]}}