{"id":44944,"date":"2020-02-03T15:31:18","date_gmt":"2020-02-03T14:31:18","guid":{"rendered":"https:\/\/www.ecrivus-multimedia.nl\/?page_id=44944"},"modified":"2026-04-12T14:36:19","modified_gmt":"2026-04-12T12:36:19","slug":"beedigde-vertaling-lees-alles-wat-u-moet-weten","status":"publish","type":"page","link":"https:\/\/www.ecrivus-multimedia.nl\/fr\/traduction-assermentee-lisez-tout-ce-que-vous-devez-savoir\/","title":{"rendered":"Traduction asserment\u00e9e? Lisez tout ce que vous devez savoir"},"content":{"rendered":"<div class=\"banner has-hover\" id=\"banner-1938005825\">\n          <div class=\"banner-inner fill\">\n        <div class=\"banner-bg fill\" >\n            <img decoding=\"async\" width=\"1020\" height=\"679\" src=\"https:\/\/www.ecrivus-multimedia.nl\/wp-content\/uploads\/2023\/10\/diploma-lakzegel-op-stapel-boeken-1202x800.webp\" class=\"bg attachment-large size-large\" alt=\"\" \/>                                    \n                    <\/div>\n\t\t\n        <div class=\"banner-layers container\">\n            <div class=\"fill banner-link\"><\/div>            \n   <div id=\"text-box-744673581\" class=\"text-box banner-layer x50 md-x50 lg-x50 y50 md-y50 lg-y50 res-text\">\n                                <div class=\"text-box-content text dark\">\n              \n              <div class=\"text-inner text-center\">\n                  \n<h3 class=\"uppercase\"><span style=\"color: #000000;\"><strong>information traductions asserment\u00e9es<br \/><\/strong><\/span><\/h3>\n<p><span style=\"color: #000000;\">Tout ce que vous devez savoir sur <a href=\"https:\/\/www.ecrivus-multimedia.nl\/go\/be\u00ebdigde-vertaling\/\" title=\"Traductions asserment\u00e9es Archives | Ecrivus International Webshop\" class=\"pretty-link-keyword\"rel=\"\">traductions asserment\u00e9es<\/a>.<br \/><\/span><span style=\"color: #000000;\">Question pr\u00e9cise ? Appelez le 043-365-5801 \u2013 nous sommes heureux de vous aider !<\/span><\/p>\n              <\/div>\n           <\/div>\n                            \n<style>\n#text-box-744673581 {\n  width: 69%;\n}\n#text-box-744673581 .text-box-content {\n  font-size: 100%;\n}\n<\/style>\n    <\/div>\n \n        <\/div>\n      <\/div>\n\n            \n<style>\n#banner-1938005825 {\n  padding-top: 500px;\n}\n#banner-1938005825 .banner-bg img {\n  object-position: 50% 70%;\n}\n<\/style>\n  <\/div>\n\n\n<div class=\"is-divider divider clearfix\" ><\/div>\n<h2><strong>Qu'est-ce qu'une traduction asserment\u00e9e ?<\/strong><strong>?<\/strong><\/h2>\n<p>A <a href=\"https:\/\/www.ecrivus-multimedia.nl\/go\/be\u00ebdigde-vertaling\/\" title=\"Traductions asserment\u00e9es Archives | Ecrivus International Webshop\" class=\"pretty-link-keyword\"rel=\"\">traduction asserment\u00e9e<\/a> est une traduction officielle et juridiquement valable d&#039;un document formel r\u00e9alis\u00e9e exclusivement par un <a href=\"https:\/\/www.ecrivus-multimedia.nl\/go\/be\u00ebdigde-vertaling\/\" title=\"Traductions asserment\u00e9es Archives | Ecrivus International Webshop\" class=\"pretty-link-keyword\"rel=\"\">traducteur asserment\u00e9<\/a> peut \u00eatre traduit. Une <a href=\"https:\/\/www.ecrivus-multimedia.nl\/go\/be\u00ebdigde-vertaling\/\" title=\"Traductions asserment\u00e9es Archives | Ecrivus International Webshop\" class=\"pretty-link-keyword\"rel=\"\">traducteur asserment\u00e9<\/a> a toujours pr\u00eat\u00e9 serment devant un tribunal n\u00e9erlandais et est \u00e9galement enregistr\u00e9 aupr\u00e8s d&#039;un ou plusieurs tribunaux aux Pays-Bas.<\/p>\n<h4><strong>Quand avez-vous besoin d\u2019une traduction certifi\u00e9e ?<\/strong><\/h4>\n<p>A <a href=\"https:\/\/www.ecrivus-multimedia.nl\/go\/be\u00ebdigde-vertaling\/\" title=\"Traductions asserment\u00e9es Archives | Ecrivus International Webshop\" class=\"pretty-link-keyword\"rel=\"\">traduction asserment\u00e9e<\/a> vous avez besoin de documents qui doivent \u00eatre traduits dans une autre langue pour les autorit\u00e9s officielles (aux Pays-Bas et \u00e0 l&#039;\u00e9tranger). Vous serez g\u00e9n\u00e9ralement inform\u00e9 par l\u2019autorit\u00e9 elle-m\u00eame si la traduction de votre document officiel doit ou non \u00eatre certifi\u00e9e sous serment.<\/p>\n<p style=\"text-align: center;\"><strong><a href=\"https:\/\/www.ecrivus-multimedia.nl\/fr\/contact\/\" class=\"su-button su-button-style-default\" style=\"color:#FFFFFF;background-color:#2D89EF;border-color:#246ec0;border-radius:7px\" target=\"_blank\" rel=\"noopener noreferrer\"><span style=\"color:#FFFFFF;padding:7px 20px;font-size:16px;line-height:24px;border-color:#6cadf4;border-radius:7px;text-shadow:none\"><i class=\"sui sui-arrow-right\" style=\"font-size:16px;color:#FFFFFF\"><\/i> Des doutes sur la prestation ou non de serment ? Demandez ici !<\/span><\/a><\/strong><\/p>\n<p>Exemples de documents qui n\u00e9cessitent presque toujours un document officiel <a href=\"https:\/\/www.ecrivus-multimedia.nl\/go\/be\u00ebdigde-vertaling\/\" title=\"Traductions asserment\u00e9es Archives | Ecrivus International Webshop\" class=\"pretty-link-keyword\"rel=\"\">traduction asserment\u00e9e<\/a> est requis:<\/p>\n<ul>\n<li><a href=\"https:\/\/www.ecrivus-multimedia.nl\/go\/juridisch-document-vertalen-beedigd\/\" title=\"Traduction asserment\u00e9e d&#039;un document juridique ? Commandez via notre boutique en ligne !\" class=\"pretty-link-keyword\"rel=\"\">Documents le&#039;gaux<\/a> (convocations, jugements, <a href=\"https:\/\/www.ecrivus-multimedia.nl\/go\/beschikking-beedigde-vertaling-met-stempel\/\" title=\"Traduction asserment\u00e9e de la d\u00e9cision ? Commandez dans notre boutique en ligne !\" class=\"pretty-link-keyword\"rel=\"\">d\u00e9cisions<\/a>, exploits d&#039;huissiers, requ\u00eates, d\u00e9fenses)<\/li>\n<li>Actes notari\u00e9s (<a href=\"https:\/\/www.ecrivus-multimedia.nl\/fr\/produit\/traduire-les-statuts\/\">statuts<\/a>, <a href=\"https:\/\/www.ecrivus-multimedia.nl\/fr\/produit\/traduction-de-lacte-constitutif-assermente\/\">statuts constitutifs<\/a>, <a href=\"https:\/\/www.ecrivus-multimedia.nl\/fr\/produit\/traduction-de-documents-de-vente-assermentee\/\">actes d&#039;achat<\/a>, <a href=\"https:\/\/www.ecrivus-multimedia.nl\/fr\/produit\/traduction-sous-serment\/\">testaments<\/a>, <a href=\"https:\/\/www.ecrivus-multimedia.nl\/fr\/produit\/acte-notarie-traduit-sous-serment\/\">d\u00e9clarations de droit des successions<\/a>)<\/li>\n<li><a href=\"https:\/\/www.ecrivus-multimedia.nl\/go\/document-burgerlijke-stand-beedigde-vertaling-met-stempel\/\" title=\"aller\/document-\u00e9tat-civil-traduction-asserment\u00e9e-avec-timbre\" class=\"pretty-link-keyword\"rel=\"\">\u00c9tat civil<\/a>-documents (<a href=\"https:\/\/www.ecrivus-multimedia.nl\/go\/rijbewijs-beedigde-vertaling-met-stempel\/\" title=\"Traduction asserment\u00e9e du permis de conduire ? Commandez dans notre boutique en ligne !\" class=\"pretty-link-keyword\"rel=\"\">permis de conduire<\/a>, <a href=\"https:\/\/www.ecrivus-multimedia.nl\/fr\/produit\/traduction-de-passeport-assermentee\/\">passeports<\/a>, <a href=\"https:\/\/www.ecrivus-multimedia.nl\/fr\/produit\/extrait-de-lenregistrement-de-base-des-personnes-traduction-brp-assermentee\/\">extraits du registre de la population<\/a>, <a href=\"https:\/\/www.ecrivus-multimedia.nl\/fr\/produit\/acte-de-naissance-traduction-assermentee-avec-cachet\/\">les actes de naissance<\/a>, <a href=\"https:\/\/www.ecrivus-multimedia.nl\/fr\/produit\/traduction-dacte-de-deces-assermentee\/\">certificats de d\u00e9c\u00e8s<\/a>, <a href=\"https:\/\/www.ecrivus-multimedia.nl\/fr\/produit\/acte-de-mariage-traduit-sous-serment\/\">les actes de mariage<\/a>, <a href=\"https:\/\/www.ecrivus-multimedia.nl\/go\/notariele-akte-vertalen-beedigd\/\" title=\"Traduction certifi\u00e9e d&#039;un acte notari\u00e9 ? Commandez via notre boutique en ligne !\" class=\"pretty-link-keyword\"rel=\"\">actes<\/a> <a href=\"https:\/\/www.ecrivus-multimedia.nl\/fr\/produit\/acte-notarie-traduit-sous-serment\/\">partenariat enregistr\u00e9<\/a>, <a href=\"https:\/\/www.ecrivus-multimedia.nl\/fr\/produit\/acte-de-divorce-traduit-sous-serment\/\">actes de divorce<\/a>)<\/li>\n<li><a href=\"https:\/\/www.ecrivus-multimedia.nl\/go\/contract-beedigde-vertaling-met-stempel\/\" title=\"Traduction asserment\u00e9e d&#039;un contrat ? Commandez dans notre boutique en ligne !\" class=\"pretty-link-keyword\"rel=\"\">les accords<\/a> ou <a href=\"https:\/\/www.ecrivus-multimedia.nl\/go\/contract-beedigde-vertaling-met-stempel\/\" title=\"Traduction asserment\u00e9e d&#039;un contrat ? Commandez dans notre boutique en ligne !\" class=\"pretty-link-keyword\"rel=\"\">contrats<\/a> (<a href=\"https:\/\/www.ecrivus-multimedia.nl\/fr\/produit\/bail-traduction-assermente\/\">contrats de location<\/a>, <a href=\"https:\/\/www.ecrivus-multimedia.nl\/go\/koopovereenkomst-beedigde-vertaling-met-stempel\/\" title=\"Vous souhaitez traduire un contrat d\u2019achat sur l\u2019honneur ? Commandez dans notre boutique en ligne !\" class=\"pretty-link-keyword\"rel=\"\">contrats d&#039;achat<\/a>, <a href=\"https:\/\/www.ecrivus-multimedia.nl\/go\/arbeidsovereenkomst-beedigde-vertaling-met-stempel\/\" title=\"Vous souhaitez traduire un contrat de travail asserment\u00e9 ? Commandez dans notre boutique en ligne !\" class=\"pretty-link-keyword\"rel=\"\">contrats de travail<\/a>, accords de retraite)<\/li>\n<li>Autres <a href=\"https:\/\/www.ecrivus-multimedia.nl\/go\/be\u00ebdigde-vertaling\/\" title=\"Traductions asserment\u00e9es Archives | Ecrivus International Webshop\" class=\"pretty-link-keyword\"rel=\"\">documents officiels<\/a> tels que les documents d&#039;\u00e9migration, <a href=\"https:\/\/www.ecrivus-multimedia.nl\/fr\/produit\/diplome-de-traduction-assermente\/\">dipl\u00f4mes<\/a>, <a href=\"https:\/\/www.ecrivus-multimedia.nl\/go\/diploma-vertalen-beedigd\/\" title=\"Besoin d&#039;un dipl\u00f4me de traduction asserment\u00e9e ? Commandez en ligne d\u00e8s maintenant !\" class=\"pretty-link-keyword\"rel=\"\">certificats<\/a>, <a href=\"https:\/\/www.ecrivus-multimedia.nl\/fr\/produit\/traduction-de-la-liste-de-notes-assermentee\/\">listes de grades<\/a>, r\u00e9f\u00e9rences, fiches de salaire, d\u00e9clarations de l&#039;employeur, documents fiscaux, <a href=\"https:\/\/www.ecrivus-multimedia.nl\/fr\/produit\/extrait-de-la-chambre-de-commerce-traduction-assermentee-avec-cachet\/\">extraits de la Chambre de Commerce<\/a><\/li>\n<\/ul>\n<h4><strong>\u00c0 quoi ressemble une traduction certifi\u00e9e ?<\/strong><\/h4>\n<p>Lorsque vous en commandez un chez nous <a href=\"https:\/\/www.ecrivus-multimedia.nl\/go\/be\u00ebdigde-vertaling\/\" title=\"Traductions asserment\u00e9es Archives | Ecrivus International Webshop\" class=\"pretty-link-keyword\"rel=\"\">traduction asserment\u00e9e<\/a> Si vous commandez, vous recevrez par courrier (recommand\u00e9) un colis reli\u00e9 compos\u00e9 de 3 parties\u00a0:<\/p>\n<ol>\n<li><strong>L&#039;original<\/strong>: c&#039;est aussi ce qu&#039;on appelle le texte original ou texte source. Vous devez t\u00e9l\u00e9charger l&#039;original avec votre commande dans notre boutique en ligne au moyen d&#039;un scan bien expos\u00e9 ou d&#039;une photo recadr\u00e9e avec votre smartphone\/tablette.<\/li>\n<li><strong>Le <a href=\"https:\/\/www.ecrivus-multimedia.nl\/go\/be\u00ebdigde-vertaling\/\" title=\"Traductions asserment\u00e9es Archives | Ecrivus International Webshop\" class=\"pretty-link-keyword\"rel=\"\">traduction asserment\u00e9e<\/a><\/strong>: le <a href=\"https:\/\/www.ecrivus-multimedia.nl\/go\/be\u00ebdigde-vertaling\/\" title=\"Traductions asserment\u00e9es Archives | Ecrivus International Webshop\" class=\"pretty-link-keyword\"rel=\"\">traduction asserment\u00e9e<\/a> est attach\u00e9 \u00e0 l&#039;original et muni d&#039;un cachet de l\u00e9galisation ou <a href=\"https:\/\/www.ecrivus-multimedia.nl\/go\/apostilles-legalisatie-landenoverzicht\/\" title=\"Apostilles (l\u00e9galisation) - aper\u00e7u des pays\" class=\"pretty-link-keyword\"rel=\"\">apostille<\/a> (si command\u00e9) et une signature du traducteur asserment\u00e9. Le document traduit a la m\u00eame valeur juridique que l&#039;original.<\/li>\n<li><strong>L&#039;officiel <a href=\"https:\/\/www.ecrivus-multimedia.nl\/go\/verklaring-beedigde-vertaling-met-stempel\/\" title=\"D\u00e9claration de traduction asserment\u00e9e ? Commandez dans notre boutique en ligne !\" class=\"pretty-link-keyword\"rel=\"\">d\u00e9claration<\/a> de la <a href=\"https:\/\/www.ecrivus-multimedia.nl\/go\/be\u00ebdigde-vertaling\/\" title=\"Traductions asserment\u00e9es Archives | Ecrivus International Webshop\" class=\"pretty-link-keyword\"rel=\"\">traducteur asserment\u00e9<\/a><\/strong>: dans ce <a href=\"https:\/\/www.ecrivus-multimedia.nl\/go\/verklaring-beedigde-vertaling-met-stempel\/\" title=\"D\u00e9claration de traduction asserment\u00e9e ? Commandez dans notre boutique en ligne !\" class=\"pretty-link-keyword\"rel=\"\">d\u00e9claration<\/a>, muni de sa signature, de son cachet officiel et de sa date, le traducteur asserment\u00e9 d\u00e9clare que la traduction est fid\u00e8le \u00e0 l&#039;original.<\/li>\n<\/ol>\n<p>Les 3 parties ci-dessus sont inviolables et li\u00e9es ensemble dans un seul emballage.<\/p>\n<h4><strong>Apostilles et l\u00e9galisations<\/strong><\/h4>\n<p>Parfois, les autorit\u00e9s exigent une assurance suppl\u00e9mentaire que la signature sur le <a href=\"https:\/\/www.ecrivus-multimedia.nl\/go\/be\u00ebdigde-vertaling\/\" title=\"Traductions asserment\u00e9es Archives | Ecrivus International Webshop\" class=\"pretty-link-keyword\"rel=\"\">traduction asserment\u00e9e<\/a> appartient en r\u00e9alit\u00e9 au traducteur asserment\u00e9 concern\u00e9. Dans ce cas on peut <a href=\"https:\/\/www.ecrivus-multimedia.nl\/fr\/apercu-des-pays-de-legalisation-des-apostilles\/\">l\u00e9galisation ou apostille<\/a> sont demand\u00e9s. Les deux <a href=\"https:\/\/www.ecrivus-multimedia.nl\/go\/apostilles-legalisatie-landenoverzicht\/\" title=\"Apostilles (l\u00e9galisation) - aper\u00e7u des pays\" class=\"pretty-link-keyword\"rel=\"\">l\u00e9galisations<\/a> comme <a href=\"https:\/\/www.ecrivus-multimedia.nl\/go\/apostilles-legalisatie-landenoverzicht\/\" title=\"Apostilles (l\u00e9galisation) - aper\u00e7u des pays\" class=\"pretty-link-keyword\"rel=\"\">apostilles<\/a> peuvent \u00eatre command\u00e9s rapidement et facilement dans notre boutique en ligne !<\/p>\n<h4><strong>Pourquoi Ecrivus Multim\u00e9dia ?<\/strong><\/h4>\n<div class=\"su-list\" style=\"margin-left:0px\">\n<ul>\n<li style=\"list-style-type: none;\">\n<ul>\n<li style=\"list-style-type: none;\">\n<ul>\n<li><i class=\"sui sui-check\" style=\"color:#333\"><\/i> Travaille exclusivement avec des traducteurs asserment\u00e9s inscrits au Registre des interpr\u00e8tes et traducteurs asserment\u00e9s.<\/li>\n<li><i class=\"sui sui-check\" style=\"color:#333\"><\/i> Travaille conform\u00e9ment au code de conduite des interpr\u00e8tes et des traducteurs dans le cadre de la loi sur les interpr\u00e8tes et traducteurs asserment\u00e9s.<\/li>\n<li><i class=\"sui sui-check\" style=\"color:#333\"><\/i> Fournit des documents traduits certifi\u00e9s qui sont reconnus au niveau national et international.<\/li>\n<li><i class=\"sui sui-check\" style=\"color:#333\"><\/i> Une expertise et une exp\u00e9rience approfondies dans le domaine de <a href=\"https:\/\/www.ecrivus-multimedia.nl\/fr\/categorie-de-produits\/traductions-assermentees\/\">traductions asserment\u00e9es<\/a>, <a href=\"https:\/\/www.ecrivus-multimedia.nl\/go\/apostilles-legalisatie-landenoverzicht\/\" title=\"Apostilles (l\u00e9galisation) - aper\u00e7u des pays\" class=\"pretty-link-keyword\"rel=\"\">l\u00e9galisations<\/a> et <a href=\"https:\/\/www.ecrivus-multimedia.nl\/go\/apostilles-legalisatie-landenoverzicht\/\" title=\"Apostilles (l\u00e9galisation) - aper\u00e7u des pays\" class=\"pretty-link-keyword\"rel=\"\">apostilles<\/a>.<\/li>\n<li><i class=\"sui sui-check\" style=\"color:#333\"><\/i> Commande rapide et facile dans notre boutique en ligne, 100% fiable et toujours \u00e0 un prix comp\u00e9titif.<\/li>\n<\/ul>\n<\/li>\n<\/ul>\n<\/li>\n<\/ul>\n<\/div>\n<p style=\"text-align: center;\"><a href=\"https:\/\/www.ecrivus-multimedia.nl\/fr\/categorie-de-produits\/traductions-assermentees\/\" class=\"su-button su-button-style-default\" style=\"color:#FFFFFF;background-color:#2D89EF;border-color:#246ec0;border-radius:7px\" target=\"_self\"><span style=\"color:#FFFFFF;padding:7px 20px;font-size:16px;line-height:24px;border-color:#6cadf4;border-radius:7px;text-shadow:none\"><i class=\"sui sui-arrow-right\" style=\"font-size:16px;color:#FFFFFF\"><\/i> Commandez d\u00e8s maintenant une traduction certifi\u00e9e dans la boutique en ligne<\/span><\/a>","protected":false},"excerpt":{"rendered":"<p>Qu&#039;est-ce qu&#039;une traduction certifi\u00e9e ? Une traduction asserment\u00e9e est une traduction officielle et juridiquement valable d&#039;un document formel qui ne peut \u00eatre traduite que par un traducteur asserment\u00e9. Un traducteur asserment\u00e9 est toujours asserment\u00e9 devant un tribunal n\u00e9erlandais et est \u00e9galement inscrit aupr\u00e8s d&#039;un ou plusieurs tribunaux aux Pays-Bas. Quand avez-vous besoin d\u2019une traduction certifi\u00e9e ? Une\u2026<\/p>","protected":false},"author":1,"featured_media":0,"parent":0,"menu_order":0,"comment_status":"closed","ping_status":"closed","template":"","meta":{"_acf_changed":false,"_glsr_average":0,"_glsr_ranking":0,"_glsr_reviews":0,"_joinchat":[],"footnotes":""},"class_list":["post-44944","page","type-page","status-publish","hentry"],"acf":[],"yoast_head":"<!-- This site is optimized with the Yoast SEO plugin v27.4 - https:\/\/yoast.com\/product\/yoast-seo-wordpress\/ -->\n<title>Be\u00ebdigde vertaling? Lees alles wat u moet weten | Webshop<\/title>\n<meta name=\"description\" content=\"Bestel uw be\u00ebdigde vertaling direct in onze webshop. Op deze pagina leest u alles over be\u00ebdigde vertalingen, legalisaties, apostilles en meer!\" \/>\n<meta name=\"robots\" content=\"index, follow, max-snippet:-1, max-image-preview:large, max-video-preview:-1\" \/>\n<link rel=\"canonical\" href=\"https:\/\/www.ecrivus-multimedia.nl\/fr\/traduction-assermentee-lisez-tout-ce-que-vous-devez-savoir\/\" \/>\n<meta property=\"og:locale\" content=\"fr_FR\" \/>\n<meta property=\"og:type\" content=\"article\" \/>\n<meta property=\"og:title\" content=\"Be\u00ebdigde vertaling? Lees alles wat u moet weten | Webshop\" \/>\n<meta property=\"og:description\" content=\"Bestel uw be\u00ebdigde vertaling direct in onze webshop. Op deze pagina leest u alles over be\u00ebdigde vertalingen, legalisaties, apostilles en meer!\" \/>\n<meta property=\"og:url\" content=\"https:\/\/www.ecrivus-multimedia.nl\/fr\/traduction-assermentee-lisez-tout-ce-que-vous-devez-savoir\/\" \/>\n<meta property=\"og:site_name\" content=\"Ecrivus International Webshop\" \/>\n<meta property=\"article:publisher\" content=\"https:\/\/www.facebook.com\/Ecrivus-International-676624782512639\/\" \/>\n<meta property=\"article:modified_time\" content=\"2026-04-12T12:36:19+00:00\" \/>\n<meta name=\"twitter:card\" content=\"summary_large_image\" \/>\n<meta name=\"twitter:site\" content=\"@ecrivusint\" \/>\n<meta name=\"twitter:label1\" content=\"Dur\u00e9e de lecture estim\u00e9e\" \/>\n\t<meta name=\"twitter:data1\" content=\"3 minutes\" \/>\n<script type=\"application\/ld+json\" class=\"yoast-schema-graph\">{\"@context\":\"https:\\\/\\\/schema.org\",\"@graph\":[{\"@type\":\"WebPage\",\"@id\":\"https:\\\/\\\/www.ecrivus-multimedia.nl\\\/beedigde-vertaling-lees-alles-wat-u-moet-weten\\\/\",\"url\":\"https:\\\/\\\/www.ecrivus-multimedia.nl\\\/beedigde-vertaling-lees-alles-wat-u-moet-weten\\\/\",\"name\":\"Be\u00ebdigde vertaling? Lees alles wat u moet weten | Webshop\",\"isPartOf\":{\"@id\":\"https:\\\/\\\/www.ecrivus-multimedia.nl\\\/#website\"},\"datePublished\":\"2020-02-03T14:31:18+00:00\",\"dateModified\":\"2026-04-12T12:36:19+00:00\",\"description\":\"Bestel uw be\u00ebdigde vertaling direct in onze webshop. Op deze pagina leest u alles over be\u00ebdigde vertalingen, legalisaties, apostilles en meer!\",\"breadcrumb\":{\"@id\":\"https:\\\/\\\/www.ecrivus-multimedia.nl\\\/beedigde-vertaling-lees-alles-wat-u-moet-weten\\\/#breadcrumb\"},\"inLanguage\":\"fr-FR\",\"potentialAction\":[{\"@type\":\"ReadAction\",\"target\":[\"https:\\\/\\\/www.ecrivus-multimedia.nl\\\/beedigde-vertaling-lees-alles-wat-u-moet-weten\\\/\"]}]},{\"@type\":\"BreadcrumbList\",\"@id\":\"https:\\\/\\\/www.ecrivus-multimedia.nl\\\/beedigde-vertaling-lees-alles-wat-u-moet-weten\\\/#breadcrumb\",\"itemListElement\":[{\"@type\":\"ListItem\",\"position\":1,\"name\":\"Home\",\"item\":\"https:\\\/\\\/www.ecrivus-multimedia.nl\\\/\"},{\"@type\":\"ListItem\",\"position\":2,\"name\":\"Be\u00ebdigde vertaling? Lees alles wat u moet weten\"}]},{\"@type\":\"WebSite\",\"@id\":\"https:\\\/\\\/www.ecrivus-multimedia.nl\\\/#website\",\"url\":\"https:\\\/\\\/www.ecrivus-multimedia.nl\\\/\",\"name\":\"Ecrivus International Webshop\",\"description\":\"Erkende webshop voor be\u00ebdigde vertalingen.\",\"publisher\":{\"@id\":\"https:\\\/\\\/www.ecrivus-multimedia.nl\\\/#organization\"},\"potentialAction\":[{\"@type\":\"SearchAction\",\"target\":{\"@type\":\"EntryPoint\",\"urlTemplate\":\"https:\\\/\\\/www.ecrivus-multimedia.nl\\\/?s={search_term_string}\"},\"query-input\":{\"@type\":\"PropertyValueSpecification\",\"valueRequired\":true,\"valueName\":\"search_term_string\"}}],\"inLanguage\":\"fr-FR\"},{\"@type\":\"Organization\",\"@id\":\"https:\\\/\\\/www.ecrivus-multimedia.nl\\\/#organization\",\"name\":\"Ecrivus International\",\"url\":\"https:\\\/\\\/www.ecrivus-multimedia.nl\\\/\",\"logo\":{\"@type\":\"ImageObject\",\"inLanguage\":\"fr-FR\",\"@id\":\"https:\\\/\\\/www.ecrivus-multimedia.nl\\\/#\\\/schema\\\/logo\\\/image\\\/\",\"url\":\"https:\\\/\\\/www.ecrivus-multimedia.nl\\\/wp-content\\\/uploads\\\/2022\\\/01\\\/cropped-small-Logo-Ecrivus-Vector-Transparent2.png\",\"contentUrl\":\"https:\\\/\\\/www.ecrivus-multimedia.nl\\\/wp-content\\\/uploads\\\/2022\\\/01\\\/cropped-small-Logo-Ecrivus-Vector-Transparent2.png\",\"width\":512,\"height\":512,\"caption\":\"Ecrivus International\"},\"image\":{\"@id\":\"https:\\\/\\\/www.ecrivus-multimedia.nl\\\/#\\\/schema\\\/logo\\\/image\\\/\"},\"sameAs\":[\"https:\\\/\\\/www.facebook.com\\\/Ecrivus-International-676624782512639\\\/\",\"https:\\\/\\\/x.com\\\/ecrivusint\"]}]}<\/script>\n<!-- \/ Yoast SEO plugin. -->","yoast_head_json":{"title":"Be\u00ebdigde vertaling? Lees alles wat u moet weten | Webshop","description":"Bestel uw be\u00ebdigde vertaling direct in onze webshop. Op deze pagina leest u alles over be\u00ebdigde vertalingen, legalisaties, apostilles en meer!","robots":{"index":"index","follow":"follow","max-snippet":"max-snippet:-1","max-image-preview":"max-image-preview:large","max-video-preview":"max-video-preview:-1"},"canonical":"https:\/\/www.ecrivus-multimedia.nl\/fr\/traduction-assermentee-lisez-tout-ce-que-vous-devez-savoir\/","og_locale":"fr_FR","og_type":"article","og_title":"Be\u00ebdigde vertaling? Lees alles wat u moet weten | Webshop","og_description":"Bestel uw be\u00ebdigde vertaling direct in onze webshop. Op deze pagina leest u alles over be\u00ebdigde vertalingen, legalisaties, apostilles en meer!","og_url":"https:\/\/www.ecrivus-multimedia.nl\/fr\/traduction-assermentee-lisez-tout-ce-que-vous-devez-savoir\/","og_site_name":"Ecrivus International Webshop","article_publisher":"https:\/\/www.facebook.com\/Ecrivus-International-676624782512639\/","article_modified_time":"2026-04-12T12:36:19+00:00","twitter_card":"summary_large_image","twitter_site":"@ecrivusint","twitter_misc":{"Dur\u00e9e de lecture estim\u00e9e":"3 minutes"},"schema":{"@context":"https:\/\/schema.org","@graph":[{"@type":"WebPage","@id":"https:\/\/www.ecrivus-multimedia.nl\/beedigde-vertaling-lees-alles-wat-u-moet-weten\/","url":"https:\/\/www.ecrivus-multimedia.nl\/beedigde-vertaling-lees-alles-wat-u-moet-weten\/","name":"Be\u00ebdigde vertaling? Lees alles wat u moet weten | Webshop","isPartOf":{"@id":"https:\/\/www.ecrivus-multimedia.nl\/#website"},"datePublished":"2020-02-03T14:31:18+00:00","dateModified":"2026-04-12T12:36:19+00:00","description":"Bestel uw be\u00ebdigde vertaling direct in onze webshop. Op deze pagina leest u alles over be\u00ebdigde vertalingen, legalisaties, apostilles en meer!","breadcrumb":{"@id":"https:\/\/www.ecrivus-multimedia.nl\/beedigde-vertaling-lees-alles-wat-u-moet-weten\/#breadcrumb"},"inLanguage":"fr-FR","potentialAction":[{"@type":"ReadAction","target":["https:\/\/www.ecrivus-multimedia.nl\/beedigde-vertaling-lees-alles-wat-u-moet-weten\/"]}]},{"@type":"BreadcrumbList","@id":"https:\/\/www.ecrivus-multimedia.nl\/beedigde-vertaling-lees-alles-wat-u-moet-weten\/#breadcrumb","itemListElement":[{"@type":"ListItem","position":1,"name":"Home","item":"https:\/\/www.ecrivus-multimedia.nl\/"},{"@type":"ListItem","position":2,"name":"Be\u00ebdigde vertaling? Lees alles wat u moet weten"}]},{"@type":"WebSite","@id":"https:\/\/www.ecrivus-multimedia.nl\/#website","url":"https:\/\/www.ecrivus-multimedia.nl\/","name":"Ecrivus International Webshop","description":"Erkende webshop voor be\u00ebdigde vertalingen.","publisher":{"@id":"https:\/\/www.ecrivus-multimedia.nl\/#organization"},"potentialAction":[{"@type":"SearchAction","target":{"@type":"EntryPoint","urlTemplate":"https:\/\/www.ecrivus-multimedia.nl\/?s={search_term_string}"},"query-input":{"@type":"PropertyValueSpecification","valueRequired":true,"valueName":"search_term_string"}}],"inLanguage":"fr-FR"},{"@type":"Organization","@id":"https:\/\/www.ecrivus-multimedia.nl\/#organization","name":"Ecrivus International","url":"https:\/\/www.ecrivus-multimedia.nl\/","logo":{"@type":"ImageObject","inLanguage":"fr-FR","@id":"https:\/\/www.ecrivus-multimedia.nl\/#\/schema\/logo\/image\/","url":"https:\/\/www.ecrivus-multimedia.nl\/wp-content\/uploads\/2022\/01\/cropped-small-Logo-Ecrivus-Vector-Transparent2.png","contentUrl":"https:\/\/www.ecrivus-multimedia.nl\/wp-content\/uploads\/2022\/01\/cropped-small-Logo-Ecrivus-Vector-Transparent2.png","width":512,"height":512,"caption":"Ecrivus International"},"image":{"@id":"https:\/\/www.ecrivus-multimedia.nl\/#\/schema\/logo\/image\/"},"sameAs":["https:\/\/www.facebook.com\/Ecrivus-International-676624782512639\/","https:\/\/x.com\/ecrivusint"]}]}},"_links":{"self":[{"href":"https:\/\/www.ecrivus-multimedia.nl\/fr\/wp-json\/wp\/v2\/pages\/44944","targetHints":{"allow":["GET"]}}],"collection":[{"href":"https:\/\/www.ecrivus-multimedia.nl\/fr\/wp-json\/wp\/v2\/pages"}],"about":[{"href":"https:\/\/www.ecrivus-multimedia.nl\/fr\/wp-json\/wp\/v2\/types\/page"}],"author":[{"embeddable":true,"href":"https:\/\/www.ecrivus-multimedia.nl\/fr\/wp-json\/wp\/v2\/users\/1"}],"replies":[{"embeddable":true,"href":"https:\/\/www.ecrivus-multimedia.nl\/fr\/wp-json\/wp\/v2\/comments?post=44944"}],"version-history":[{"count":1,"href":"https:\/\/www.ecrivus-multimedia.nl\/fr\/wp-json\/wp\/v2\/pages\/44944\/revisions"}],"predecessor-version":[{"id":132667,"href":"https:\/\/www.ecrivus-multimedia.nl\/fr\/wp-json\/wp\/v2\/pages\/44944\/revisions\/132667"}],"wp:attachment":[{"href":"https:\/\/www.ecrivus-multimedia.nl\/fr\/wp-json\/wp\/v2\/media?parent=44944"}],"curies":[{"name":"wp","href":"https:\/\/api.w.org\/{rel}","templated":true}]}}