{"id":49287,"date":"2020-03-06T12:42:48","date_gmt":"2020-03-06T11:42:48","guid":{"rendered":"https:\/\/www.ecrivus-multimedia.nl\/beedigde-vertaling-uittreksel-burgerlijke-stand-zweeds\/"},"modified":"2020-03-06T12:42:48","modified_gmt":"2020-03-06T11:42:48","slug":"beedigde-vertaling-uittreksel-burgerlijke-stand-zweeds","status":"publish","type":"page","link":"https:\/\/www.ecrivus-multimedia.nl\/fr\/traduction-assermentee-dun-extrait-detat-civil-suedois\/","title":{"rendered":"Traduction asserment\u00e9e d\u2019un extrait d\u2019\u00e9tat civil en su\u00e9dois ? \u2713 Avec tampon \u2713 Abordable \u2713 Commandez dans notre boutique en ligne"},"content":{"rendered":"<div class=\"banner has-hover\" id=\"banner-195682063\">\n          <div class=\"banner-inner fill\">\n        <div class=\"banner-bg fill\" >\n                                    <div class=\"overlay\"><\/div>            \n                    <\/div>\n\t\t\n        <div class=\"banner-layers container\">\n            <div class=\"fill banner-link\"><\/div>            \n   <div id=\"text-box-1423795959\" class=\"text-box banner-layer x50 md-x50 lg-x50 y90 md-y90 lg-y90 res-text\">\n                                <div class=\"text-box-content text dark\">\n              \n              <div class=\"text-inner text-center\">\n                  \n<h4 class=\"uppercase\">Traduction asserment\u00e9e<\/h4>\n<h2 class=\"uppercase\"><strong>extrait d&#039;\u00e9tat civil en su\u00e9dois<\/strong><\/h2>\n<a href=\"https:\/\/www.ecrivus-multimedia.nl\/fr\/produit\/extrait-de-lenregistrement-de-base-des-personnes-traduction-brp-assermentee\/\" class=\"button white is-outline\" >\n\t\t<span>Commandez maintenant dans notre boutique en ligne<\/span>\n\t<\/a>\n\n              <\/div>\n           <\/div>\n                            \n<style>\n#text-box-1423795959 {\n  width: 80%;\n}\n#text-box-1423795959 .text-box-content {\n  font-size: 100%;\n}\n<\/style>\n    <\/div>\n \n        <\/div>\n      <\/div>\n\n            \n<style>\n#banner-195682063 {\n  padding-top: 400px;\n}\n#banner-195682063 .overlay {\n  background-color: rgba(0, 0, 0, 0.2);\n}\n<\/style>\n  <\/div>\n\n\n<div class=\"is-divider divider clearfix\" style=\"margin-top:3px;margin-bottom:3px;\"><\/div>\n<div class=\"row\"  id=\"row-700325474\">\n\t<div id=\"gap-91825985\" class=\"gap-element clearfix\" style=\"display:block; height:auto;\">\n\t\t\n<style>\n#gap-91825985 {\n  padding-top: 20px;\n}\n<\/style>\n\t<\/div>\n\t\n\n\t<div id=\"col-2014793144\" class=\"col small-12 large-12\"  >\n\t\t\t\t<div class=\"col-inner\"  >\n\t\t\t\n\t\t\t\n<h4><strong>Besoin d\u2019une traduction certifi\u00e9e de votre extrait d\u2019\u00e9tat civil en su\u00e9dois ?<\/strong><\/h4>\n<p>Avez-vous un <a href=\"https:\/\/www.ecrivus-multimedia.nl\/go\/be\u00ebdigde-vertaling\/\" title=\"Traductions asserment\u00e9es Archives | Ecrivus International Webshop\" class=\"pretty-link-keyword\"rel=\"\">traduction asserment\u00e9e<\/a> n\u00e9cessaires \u00e0 votre <a href=\"https:\/\/www.ecrivus-multimedia.nl\/go\/kvk-uittreksel-beedigde-vertaling-met-stempel\/\" title=\"Extrait du registre du commerce traduction certifi\u00e9e ? Commandez en ligne d\u00e8s maintenant !\" class=\"pretty-link-keyword\"rel=\"\">extraire<\/a> <a href=\"https:\/\/www.ecrivus-multimedia.nl\/go\/document-burgerlijke-stand-beedigde-vertaling-met-stempel\/\" title=\"aller\/document-\u00e9tat-civil-traduction-asserment\u00e9e-avec-timbre\" class=\"pretty-link-keyword\"rel=\"\">registre civil<\/a> en su\u00e9dois ? Alors vous \u00eates au bon endroit.<\/p>\n<p>Le <a href=\"https:\/\/www.ecrivus-multimedia.nl\/go\/be\u00ebdigde-vertaling\/\" title=\"Traductions asserment\u00e9es Archives | Ecrivus International Webshop\" class=\"pretty-link-keyword\"rel=\"\">traduction asserment\u00e9e<\/a> de votre <a href=\"https:\/\/www.ecrivus-multimedia.nl\/go\/kvk-uittreksel-beedigde-vertaling-met-stempel\/\" title=\"Extrait du registre du commerce traduction certifi\u00e9e ? Commandez en ligne d\u00e8s maintenant !\" class=\"pretty-link-keyword\"rel=\"\">extraire<\/a> <a href=\"https:\/\/www.ecrivus-multimedia.nl\/go\/document-burgerlijke-stand-beedigde-vertaling-met-stempel\/\" title=\"aller\/document-\u00e9tat-civil-traduction-asserment\u00e9e-avec-timbre\" class=\"pretty-link-keyword\"rel=\"\">registre civil<\/a> en su\u00e9dois, vous pouvez commander directement chez nous en ligne. Pour toi <a href=\"https:\/\/www.ecrivus-multimedia.nl\/go\/kvk-uittreksel-beedigde-vertaling-met-stempel\/\" title=\"Extrait du registre du commerce traduction certifi\u00e9e ? Commandez en ligne d\u00e8s maintenant !\" class=\"pretty-link-keyword\"rel=\"\">extraire<\/a> <a href=\"https:\/\/www.ecrivus-multimedia.nl\/go\/document-burgerlijke-stand-beedigde-vertaling-met-stempel\/\" title=\"aller\/document-\u00e9tat-civil-traduction-asserment\u00e9e-avec-timbre\" class=\"pretty-link-keyword\"rel=\"\">registre civil<\/a> \u00e0 traduire directement sous serment, <a href=\"https:\/\/www.ecrivus-multimedia.nl\/fr\/produit\/extrait-de-lenregistrement-de-base-des-personnes-traduction-brp-assermentee\/\">cliquez ici<\/a>.<\/p>\n<h4><strong>Traduction asserment\u00e9e en su\u00e9dois : extrait d&#039;\u00e9tat civil<\/strong><\/h4>\n<p>Le <a href=\"https:\/\/www.ecrivus-multimedia.nl\/go\/be\u00ebdigde-vertaling\/\" title=\"Traductions asserment\u00e9es Archives | Ecrivus International Webshop\" class=\"pretty-link-keyword\"rel=\"\">traduction asserment\u00e9e<\/a> de votre <a href=\"https:\/\/www.ecrivus-multimedia.nl\/go\/kvk-uittreksel-beedigde-vertaling-met-stempel\/\" title=\"Extrait du registre du commerce traduction certifi\u00e9e ? Commandez en ligne d\u00e8s maintenant !\" class=\"pretty-link-keyword\"rel=\"\">extraire<\/a> <a href=\"https:\/\/www.ecrivus-multimedia.nl\/go\/document-burgerlijke-stand-beedigde-vertaling-met-stempel\/\" title=\"aller\/document-\u00e9tat-civil-traduction-asserment\u00e9e-avec-timbre\" class=\"pretty-link-keyword\"rel=\"\">registre civil<\/a> implique d'\u00eatre effectu\u00e9 par un <a href=\"https:\/\/www.ecrivus-multimedia.nl\/go\/be\u00ebdigde-vertaling\/\" title=\"Traductions asserment\u00e9es Archives | Ecrivus International Webshop\" class=\"pretty-link-keyword\"rel=\"\">traducteur asserment\u00e9<\/a> Su\u00e9dois. Ces traducteurs officiels ont \u00e9t\u00e9 asserment\u00e9s par l&#039;un des tribunaux des Pays-Bas. En plus d&#039;effectuer la traduction, ils apposent un cachet et un affidavit avec signature \u00e0 la fois sur le texte source (le document que vous fournissez) et sur le texte cible (les textes traduits en su\u00e9dois). Cela rend le document juridiquement valable et vous pouvez le soumettre \u00e0 de nombreux organismes officiels. <a href=\"https:\/\/www.ecrivus-multimedia.nl\/go\/verslag-betalingen-aan-overheden-beedigde-vertaling-met-stempel\/\" title=\"D\u00e9clarer des paiements \u00e0 des gouvernements traduction asserment\u00e9e ? Commandez dans notre boutique en ligne !\" class=\"pretty-link-keyword\"rel=\"\">les gouvernements<\/a> utiliser.<\/p>\n<p style=\"text-align: center;\"><a href=\"https:\/\/www.ecrivus-multimedia.nl\/fr\/produit\/extrait-de-lenregistrement-de-base-des-personnes-traduction-brp-assermentee\/\" class=\"su-button su-button-style-default\" style=\"color:#FFFFFF;background-color:#2D89EF;border-color:#246ec0;border-radius:7px\" target=\"_self\"><span style=\"color:#FFFFFF;padding:7px 20px;font-size:16px;line-height:24px;border-color:#6cadf4;border-radius:7px;text-shadow:none\"><i class=\"sui sui-arrow-right\" style=\"font-size:16px;color:#FFFFFF\"><\/i> Commandez d\u00e8s maintenant une traduction certifi\u00e9e de votre extrait d&#039;\u00e9tat civil dans la boutique en ligne &gt;<\/span><\/a>\n<h4><strong>Apostilles et l\u00e9galisation des extraits d&#039;\u00e9tat civil en su\u00e9dois<\/strong><\/h4>\n<p>A <a href=\"https:\/\/www.ecrivus-multimedia.nl\/go\/apostilles-legalisatie-landenoverzicht\/\" title=\"Apostilles (l\u00e9galisation) - aper\u00e7u des pays\" class=\"pretty-link-keyword\"rel=\"\">apostille<\/a> est un cachet du tribunal certifiant que votre document est authentique, ce qui permet de l'utiliser valablement dans le cadre du trafic international de documents. Nombreux sont les <a href=\"https:\/\/www.ecrivus-multimedia.nl\/go\/verslag-betalingen-aan-overheden-beedigde-vertaling-met-stempel\/\" title=\"D\u00e9clarer des paiements \u00e0 des gouvernements traduction asserment\u00e9e ? Commandez dans notre boutique en ligne !\" class=\"pretty-link-keyword\"rel=\"\">les gouvernements<\/a> et les organismes officiels exigent que votre <a href=\"https:\/\/www.ecrivus-multimedia.nl\/go\/kvk-uittreksel-beedigde-vertaling-met-stempel\/\" title=\"Extrait du registre du commerce traduction certifi\u00e9e ? Commandez en ligne d\u00e8s maintenant !\" class=\"pretty-link-keyword\"rel=\"\">extraire<\/a> <a href=\"https:\/\/www.ecrivus-multimedia.nl\/go\/document-burgerlijke-stand-beedigde-vertaling-met-stempel\/\" title=\"aller\/document-\u00e9tat-civil-traduction-asserment\u00e9e-avec-timbre\" class=\"pretty-link-keyword\"rel=\"\">registre civil<\/a> n'est pas seulement traduite par affidavit, mais qu'elle est \u00e9galement pourvue d'un certificat d'authenticit\u00e9. <a href=\"https:\/\/www.ecrivus-multimedia.nl\/go\/apostilles-legalisatie-landenoverzicht\/\" title=\"Apostilles (l\u00e9galisation) - aper\u00e7u des pays\" class=\"pretty-link-keyword\"rel=\"\">apostille<\/a>. Voulez-vous que nous allions au tribunal pour vous afin d'obtenir la <a href=\"https:\/\/www.ecrivus-multimedia.nl\/go\/apostilles-legalisatie-landenoverzicht\/\" title=\"Apostilles (l\u00e9galisation) - aper\u00e7u des pays\" class=\"pretty-link-keyword\"rel=\"\">apostille<\/a> \u00e0 installer ? C'est possible ! Vous pouvez facilement le s\u00e9lectionner lors du processus de commande dans notre boutique en ligne. Plus d'informations sur <a href=\"https:\/\/www.ecrivus-multimedia.nl\/go\/apostilles-legalisatie-landenoverzicht\/\" title=\"Apostilles (l\u00e9galisation) - aper\u00e7u des pays\" class=\"pretty-link-keyword\"rel=\"\">apostilles<\/a>, <a href=\"https:\/\/www.ecrivus-multimedia.nl\/go\/apostilles-legalisatie-landenoverzicht\/\" title=\"Apostilles (l\u00e9galisation) - aper\u00e7u des pays\" class=\"pretty-link-keyword\"rel=\"\">l\u00e9galisation<\/a> et quels sont les pays membres de la Convention Apostille, <a href=\"https:\/\/www.ecrivus-multimedia.nl\/fr\/apercu-des-pays-de-legalisation-des-apostilles\/\">peut \u00eatre consult\u00e9e ici<\/a>.<\/p>\n<h4><strong>La traduction certifi\u00e9e de votre extrait d\u2019\u00e9tat civil est entre de bonnes mains chez nous :<\/strong><\/h4>\n<ul>\n<li>Traduction par un traducteur su\u00e9dois asserment\u00e9, exp\u00e9riment\u00e9 et sp\u00e9cialis\u00e9<\/li>\n<li>Y compris le cachet de l'affidavit<\/li>\n<li>Relecture incluse<\/li>\n<li>Y compris les contr\u00f4les de qualit\u00e9<\/li>\n<li>Tarifs comp\u00e9titifs<\/li>\n<li>D\u00e9lai de livraison rapide<\/li>\n<li>Choix de centaines de combinaisons linguistiques<\/li>\n<li>Livraison express possible<\/li>\n<li>Prise en charge de divers formats de fichiers, y compris le format PDF<\/li>\n<li>Livraison toujours recommand\u00e9e de votre <a href=\"https:\/\/www.ecrivus-multimedia.nl\/go\/be\u00ebdigde-vertaling\/\" title=\"Traductions asserment\u00e9es Archives | Ecrivus International Webshop\" class=\"pretty-link-keyword\"rel=\"\">traduction asserment\u00e9e<\/a> avec Track &amp; Trace<\/li>\n<li>Possibilit\u00e9 de faire marquer votre document d'un <a href=\"https:\/\/www.ecrivus-multimedia.nl\/go\/apostilles-legalisatie-landenoverzicht\/\" title=\"Apostilles (l\u00e9galisation) - aper\u00e7u des pays\" class=\"pretty-link-keyword\"rel=\"\">apostille<\/a> ou <a href=\"https:\/\/www.ecrivus-multimedia.nl\/go\/apostilles-legalisatie-landenoverzicht\/\" title=\"Apostilles (l\u00e9galisation) - aper\u00e7u des pays\" class=\"pretty-link-keyword\"rel=\"\">l\u00e9galisation<\/a> (l\u00e9galiser)<\/li>\n<li>Possibilit\u00e9 de recevoir \u00e9galement une copie num\u00e9rique de la traduction par courrier \u00e9lectronique<\/li>\n<\/ul>\n<p>Voulez-vous que votre <a href=\"https:\/\/www.ecrivus-multimedia.nl\/go\/kvk-uittreksel-beedigde-vertaling-met-stempel\/\" title=\"Extrait du registre du commerce traduction certifi\u00e9e ? Commandez en ligne d\u00e8s maintenant !\" class=\"pretty-link-keyword\"rel=\"\">extraire<\/a> <a href=\"https:\/\/www.ecrivus-multimedia.nl\/go\/document-burgerlijke-stand-beedigde-vertaling-met-stempel\/\" title=\"aller\/document-\u00e9tat-civil-traduction-asserment\u00e9e-avec-timbre\" class=\"pretty-link-keyword\"rel=\"\">registre civil<\/a> faites-le traduire en su\u00e9dois, mais avez-vous d&#039;abord quelques questions\u00a0? Nous sommes pr\u00eats pour vous. \u00c0 notre <a href=\"https:\/\/www.ecrivus-multimedia.nl\/fr\/contact\/\">page de contact<\/a> vous trouverez nos coordonn\u00e9es. Vous pouvez nous appeler au +31(0)43-365-5801 ou nous envoyer un courriel \u00e0 l'adresse suivante <a href=\"mailto:info@ecrivus-multimedia.nl\">info@ecrivus-multimedia.nl<\/a>. Op werkdagen tussen 09.00 en 17.00 uur kunt u uw vraag tevens stellen via onze <a href=\"https:\/\/www.ecrivus-multimedia.nl\/go\/chat\/\" title=\"go\/chat\" class=\"pretty-link-keyword\"rel=\"\">Live Chat<\/a> Support \u2013 wij reageren binnen 1 minuut.<\/p>\n\t<div id=\"gap-1986191053\" class=\"gap-element clearfix\" style=\"display:block; height:auto;\">\n\t\t\n<style>\n#gap-1986191053 {\n  padding-top: 20px;\n}\n<\/style>\n\t<\/div>\n\t\n<div class=\"row row-divided\"  id=\"row-1773704244\"><\/div>\n\t\t<\/div>\n\t\t\t\t\t<\/div>\n\n\t\n\n\t<div id=\"col-2058758878\" class=\"col medium-4 large-4\"  >\n\t\t\t\t<div class=\"col-inner\"  >\n\t\t\t\n\t\t\t\n\n\t\t<div class=\"icon-box featured-box icon-box-center text-center\"  style=\"margin:0px 0px 0px 0px;\">\n\t\t\t\t\t<div class=\"icon-box-img has-icon-bg\" style=\"width: 46px\">\n\t\t\t\t<div class=\"icon\">\n\t\t\t\t\t<div class=\"icon-inner\" style=\"border-width:2px;color:rgb(182, 182, 182);\">\n\t\t\t\t\t\t<img decoding=\"async\" width=\"40\" height=\"40\" src=\"https:\/\/www.ecrivus-multimedia.nl\/wp-content\/uploads\/2020\/02\/icons8-delivery-40.png\" class=\"attachment-medium size-medium\" alt=\"\" \/>\t\t\t\t\t<\/div>\n\t\t\t\t<\/div>\n\t\t\t<\/div>\n\t\t\t\t<div class=\"icon-box-text last-reset\">\n\t\t\t<h5 class=\"uppercase\">Exp\u00e9dition avec Track &amp; Trace<\/h5>\t\t\t\t\t\t\n<p>Toutes nos traductions sont exp\u00e9di\u00e9es avec Track &amp; Trace. Suivez vos documents traduits en toute s\u00e9curit\u00e9 jusqu'\u00e0 votre domicile.<\/p>\n\t\t<\/div>\n\t<\/div>\n\t\n\t\n\t\t<\/div>\n\t\t\t\t\t<\/div>\n\n\t\n\n\t<div id=\"col-134700463\" class=\"col medium-4 large-4\"  >\n\t\t\t\t<div class=\"col-inner\"  >\n\t\t\t\n\t\t\t\n\n\t\t<div class=\"icon-box featured-box icon-box-center text-center\"  style=\"margin:0px 0px 0px 0px;\">\n\t\t\t\t\t<div class=\"icon-box-img has-icon-bg\" style=\"width: 46px\">\n\t\t\t\t<div class=\"icon\">\n\t\t\t\t\t<div class=\"icon-inner\" style=\"border-width:2px;color:rgb(182, 182, 182);\">\n\t\t\t\t\t\t<img decoding=\"async\" width=\"40\" height=\"40\" src=\"https:\/\/www.ecrivus-multimedia.nl\/wp-content\/uploads\/2020\/02\/icons8-contract-40.png\" class=\"attachment-medium size-medium\" alt=\"\" \/>\t\t\t\t\t<\/div>\n\t\t\t\t<\/div>\n\t\t\t<\/div>\n\t\t\t\t<div class=\"icon-box-text last-reset\">\n\t\t\t<h5 class=\"uppercase\">Reconnu et fiable<\/h5>\t\t\t\t\t\t\n<p>Notre boutique en ligne pour <a href=\"https:\/\/www.ecrivus-multimedia.nl\/go\/be\u00ebdigde-vertaling\/\" title=\"Traductions asserment\u00e9es Archives | Ecrivus International Webshop\" class=\"pretty-link-keyword\"rel=\"\">traductions asserment\u00e9es<\/a> est unique aux Pays-Bas. 100% fiable, l\u00e9gal et s\u00e9curis\u00e9. Mieux not\u00e9.<\/p>\n\t\t<\/div>\n\t<\/div>\n\t\n\t\n\t\t<\/div>\n\t\t\t\t\t<\/div>\n\n\t\n\n\t<div id=\"col-1546176066\" class=\"col medium-4 large-4\"  >\n\t\t\t\t<div class=\"col-inner\"  >\n\t\t\t\n\t\t\t\n\n\t\t<div class=\"icon-box featured-box icon-box-center text-center\"  style=\"margin:0px 0px 0px 0px;\">\n\t\t\t\t\t<div class=\"icon-box-img has-icon-bg\" style=\"width: 46px\">\n\t\t\t\t<div class=\"icon\">\n\t\t\t\t\t<div class=\"icon-inner\" style=\"border-width:2px;color:rgb(182, 182, 182);\">\n\t\t\t\t\t\t<img decoding=\"async\" width=\"40\" height=\"40\" src=\"https:\/\/www.ecrivus-multimedia.nl\/wp-content\/uploads\/2020\/02\/icons8-euro-40.png\" class=\"attachment-medium size-medium\" alt=\"\" \/>\t\t\t\t\t<\/div>\n\t\t\t\t<\/div>\n\t\t\t<\/div>\n\t\t\t\t<div class=\"icon-box-text last-reset\">\n\t\t\t<h5 class=\"uppercase\">Paiement en ligne s\u00e9curis\u00e9<\/h5>\t\t\t\t\t\t\n<p>Paiement en ligne s\u00e9curis\u00e9 via iDeal, PayPal ou par virement bancaire. Vous pouvez g\u00e9rer enti\u00e8rement votre commande et en assurer le suivi via Mon compte.<\/p>\n\t\t<\/div>\n\t<\/div>\n\t\n\t\n\t\t<\/div>\n\t\t\t\t\t<\/div>\n\n\t\n<\/div>","protected":false},"excerpt":{"rendered":"","protected":false},"author":1,"featured_media":0,"parent":0,"menu_order":0,"comment_status":"closed","ping_status":"closed","template":"page-blank.php","meta":{"_acf_changed":false,"_glsr_average":0,"_glsr_ranking":0,"_glsr_reviews":0,"_joinchat":[],"footnotes":""},"class_list":["post-49287","page","type-page","status-publish","hentry"],"acf":[],"yoast_head":"<!-- This site is optimized with the Yoast SEO plugin v27.4 - https:\/\/yoast.com\/product\/yoast-seo-wordpress\/ -->\n<title>Be\u00ebdigde vertaling uittreksel burgerlijke stand in Zweeds? \u2713 Met stempel \u2713 Voordelig \u2713 Bestellen in onze webshop<\/title>\n<meta name=\"description\" content=\"Be\u00ebdigde vertaling uittreksel burgerlijke stand nodig in Zweeds? \u2713 Met stempel \u2713 Voordelig bestellen in onze webshop \u2713 Track &amp; Trace \u2713 200+ talen\" \/>\n<meta name=\"robots\" content=\"index, follow, max-snippet:-1, max-image-preview:large, max-video-preview:-1\" \/>\n<link rel=\"canonical\" href=\"https:\/\/www.ecrivus-multimedia.nl\/fr\/traduction-assermentee-dun-extrait-detat-civil-suedois\/\" \/>\n<meta property=\"og:locale\" content=\"fr_FR\" \/>\n<meta property=\"og:type\" content=\"article\" \/>\n<meta property=\"og:title\" content=\"Be\u00ebdigde vertaling uittreksel burgerlijke stand in Zweeds? \u2713 Met stempel \u2713 Voordelig \u2713 Bestellen in onze webshop\" \/>\n<meta property=\"og:description\" content=\"Be\u00ebdigde vertaling uittreksel burgerlijke stand nodig in Zweeds? \u2713 Met stempel \u2713 Voordelig bestellen in onze webshop \u2713 Track &amp; Trace \u2713 200+ talen\" \/>\n<meta property=\"og:url\" content=\"https:\/\/www.ecrivus-multimedia.nl\/fr\/traduction-assermentee-dun-extrait-detat-civil-suedois\/\" \/>\n<meta property=\"og:site_name\" content=\"Ecrivus International Webshop\" \/>\n<meta property=\"article:publisher\" content=\"https:\/\/www.facebook.com\/Ecrivus-International-676624782512639\/\" \/>\n<meta name=\"twitter:card\" content=\"summary_large_image\" \/>\n<meta name=\"twitter:site\" content=\"@ecrivusint\" \/>\n<meta name=\"twitter:label1\" content=\"Dur\u00e9e de lecture estim\u00e9e\" \/>\n\t<meta name=\"twitter:data1\" content=\"3 minutes\" \/>\n<script type=\"application\/ld+json\" class=\"yoast-schema-graph\">{\"@context\":\"https:\\\/\\\/schema.org\",\"@graph\":[{\"@type\":\"WebPage\",\"@id\":\"https:\\\/\\\/www.ecrivus-multimedia.nl\\\/beedigde-vertaling-uittreksel-burgerlijke-stand-zweeds\\\/\",\"url\":\"https:\\\/\\\/www.ecrivus-multimedia.nl\\\/beedigde-vertaling-uittreksel-burgerlijke-stand-zweeds\\\/\",\"name\":\"Be\u00ebdigde vertaling uittreksel burgerlijke stand in Zweeds? \u2713 Met stempel \u2713 Voordelig \u2713 Bestellen in onze webshop\",\"isPartOf\":{\"@id\":\"https:\\\/\\\/www.ecrivus-multimedia.nl\\\/#website\"},\"datePublished\":\"2020-03-06T11:42:48+00:00\",\"description\":\"Be\u00ebdigde vertaling uittreksel burgerlijke stand nodig in Zweeds? \u2713 Met stempel \u2713 Voordelig bestellen in onze webshop \u2713 Track & Trace \u2713 200+ talen\",\"breadcrumb\":{\"@id\":\"https:\\\/\\\/www.ecrivus-multimedia.nl\\\/beedigde-vertaling-uittreksel-burgerlijke-stand-zweeds\\\/#breadcrumb\"},\"inLanguage\":\"fr-FR\",\"potentialAction\":[{\"@type\":\"ReadAction\",\"target\":[\"https:\\\/\\\/www.ecrivus-multimedia.nl\\\/beedigde-vertaling-uittreksel-burgerlijke-stand-zweeds\\\/\"]}]},{\"@type\":\"BreadcrumbList\",\"@id\":\"https:\\\/\\\/www.ecrivus-multimedia.nl\\\/beedigde-vertaling-uittreksel-burgerlijke-stand-zweeds\\\/#breadcrumb\",\"itemListElement\":[{\"@type\":\"ListItem\",\"position\":1,\"name\":\"Home\",\"item\":\"https:\\\/\\\/www.ecrivus-multimedia.nl\\\/\"},{\"@type\":\"ListItem\",\"position\":2,\"name\":\"Be\u00ebdigde vertaling uittreksel burgerlijke stand in Zweeds? \u2713 Met stempel \u2713 Voordelig \u2713 Bestellen in onze webshop\"}]},{\"@type\":\"WebSite\",\"@id\":\"https:\\\/\\\/www.ecrivus-multimedia.nl\\\/#website\",\"url\":\"https:\\\/\\\/www.ecrivus-multimedia.nl\\\/\",\"name\":\"Ecrivus International Webshop\",\"description\":\"Erkende webshop voor be\u00ebdigde vertalingen.\",\"publisher\":{\"@id\":\"https:\\\/\\\/www.ecrivus-multimedia.nl\\\/#organization\"},\"potentialAction\":[{\"@type\":\"SearchAction\",\"target\":{\"@type\":\"EntryPoint\",\"urlTemplate\":\"https:\\\/\\\/www.ecrivus-multimedia.nl\\\/?s={search_term_string}\"},\"query-input\":{\"@type\":\"PropertyValueSpecification\",\"valueRequired\":true,\"valueName\":\"search_term_string\"}}],\"inLanguage\":\"fr-FR\"},{\"@type\":\"Organization\",\"@id\":\"https:\\\/\\\/www.ecrivus-multimedia.nl\\\/#organization\",\"name\":\"Ecrivus International\",\"url\":\"https:\\\/\\\/www.ecrivus-multimedia.nl\\\/\",\"logo\":{\"@type\":\"ImageObject\",\"inLanguage\":\"fr-FR\",\"@id\":\"https:\\\/\\\/www.ecrivus-multimedia.nl\\\/#\\\/schema\\\/logo\\\/image\\\/\",\"url\":\"https:\\\/\\\/www.ecrivus-multimedia.nl\\\/wp-content\\\/uploads\\\/2022\\\/01\\\/cropped-small-Logo-Ecrivus-Vector-Transparent2.png\",\"contentUrl\":\"https:\\\/\\\/www.ecrivus-multimedia.nl\\\/wp-content\\\/uploads\\\/2022\\\/01\\\/cropped-small-Logo-Ecrivus-Vector-Transparent2.png\",\"width\":512,\"height\":512,\"caption\":\"Ecrivus International\"},\"image\":{\"@id\":\"https:\\\/\\\/www.ecrivus-multimedia.nl\\\/#\\\/schema\\\/logo\\\/image\\\/\"},\"sameAs\":[\"https:\\\/\\\/www.facebook.com\\\/Ecrivus-International-676624782512639\\\/\",\"https:\\\/\\\/x.com\\\/ecrivusint\"]}]}<\/script>\n<!-- \/ Yoast SEO plugin. -->","yoast_head_json":{"title":"Be\u00ebdigde vertaling uittreksel burgerlijke stand in Zweeds? \u2713 Met stempel \u2713 Voordelig \u2713 Bestellen in onze webshop","description":"Be\u00ebdigde vertaling uittreksel burgerlijke stand nodig in Zweeds? \u2713 Met stempel \u2713 Voordelig bestellen in onze webshop \u2713 Track & Trace \u2713 200+ talen","robots":{"index":"index","follow":"follow","max-snippet":"max-snippet:-1","max-image-preview":"max-image-preview:large","max-video-preview":"max-video-preview:-1"},"canonical":"https:\/\/www.ecrivus-multimedia.nl\/fr\/traduction-assermentee-dun-extrait-detat-civil-suedois\/","og_locale":"fr_FR","og_type":"article","og_title":"Be\u00ebdigde vertaling uittreksel burgerlijke stand in Zweeds? \u2713 Met stempel \u2713 Voordelig \u2713 Bestellen in onze webshop","og_description":"Be\u00ebdigde vertaling uittreksel burgerlijke stand nodig in Zweeds? \u2713 Met stempel \u2713 Voordelig bestellen in onze webshop \u2713 Track & Trace \u2713 200+ talen","og_url":"https:\/\/www.ecrivus-multimedia.nl\/fr\/traduction-assermentee-dun-extrait-detat-civil-suedois\/","og_site_name":"Ecrivus International Webshop","article_publisher":"https:\/\/www.facebook.com\/Ecrivus-International-676624782512639\/","twitter_card":"summary_large_image","twitter_site":"@ecrivusint","twitter_misc":{"Dur\u00e9e de lecture estim\u00e9e":"3 minutes"},"schema":{"@context":"https:\/\/schema.org","@graph":[{"@type":"WebPage","@id":"https:\/\/www.ecrivus-multimedia.nl\/beedigde-vertaling-uittreksel-burgerlijke-stand-zweeds\/","url":"https:\/\/www.ecrivus-multimedia.nl\/beedigde-vertaling-uittreksel-burgerlijke-stand-zweeds\/","name":"Be\u00ebdigde vertaling uittreksel burgerlijke stand in Zweeds? \u2713 Met stempel \u2713 Voordelig \u2713 Bestellen in onze webshop","isPartOf":{"@id":"https:\/\/www.ecrivus-multimedia.nl\/#website"},"datePublished":"2020-03-06T11:42:48+00:00","description":"Be\u00ebdigde vertaling uittreksel burgerlijke stand nodig in Zweeds? \u2713 Met stempel \u2713 Voordelig bestellen in onze webshop \u2713 Track & Trace \u2713 200+ talen","breadcrumb":{"@id":"https:\/\/www.ecrivus-multimedia.nl\/beedigde-vertaling-uittreksel-burgerlijke-stand-zweeds\/#breadcrumb"},"inLanguage":"fr-FR","potentialAction":[{"@type":"ReadAction","target":["https:\/\/www.ecrivus-multimedia.nl\/beedigde-vertaling-uittreksel-burgerlijke-stand-zweeds\/"]}]},{"@type":"BreadcrumbList","@id":"https:\/\/www.ecrivus-multimedia.nl\/beedigde-vertaling-uittreksel-burgerlijke-stand-zweeds\/#breadcrumb","itemListElement":[{"@type":"ListItem","position":1,"name":"Home","item":"https:\/\/www.ecrivus-multimedia.nl\/"},{"@type":"ListItem","position":2,"name":"Be\u00ebdigde vertaling uittreksel burgerlijke stand in Zweeds? \u2713 Met stempel \u2713 Voordelig \u2713 Bestellen in onze webshop"}]},{"@type":"WebSite","@id":"https:\/\/www.ecrivus-multimedia.nl\/#website","url":"https:\/\/www.ecrivus-multimedia.nl\/","name":"Ecrivus International Webshop","description":"Erkende webshop voor be\u00ebdigde vertalingen.","publisher":{"@id":"https:\/\/www.ecrivus-multimedia.nl\/#organization"},"potentialAction":[{"@type":"SearchAction","target":{"@type":"EntryPoint","urlTemplate":"https:\/\/www.ecrivus-multimedia.nl\/?s={search_term_string}"},"query-input":{"@type":"PropertyValueSpecification","valueRequired":true,"valueName":"search_term_string"}}],"inLanguage":"fr-FR"},{"@type":"Organization","@id":"https:\/\/www.ecrivus-multimedia.nl\/#organization","name":"Ecrivus International","url":"https:\/\/www.ecrivus-multimedia.nl\/","logo":{"@type":"ImageObject","inLanguage":"fr-FR","@id":"https:\/\/www.ecrivus-multimedia.nl\/#\/schema\/logo\/image\/","url":"https:\/\/www.ecrivus-multimedia.nl\/wp-content\/uploads\/2022\/01\/cropped-small-Logo-Ecrivus-Vector-Transparent2.png","contentUrl":"https:\/\/www.ecrivus-multimedia.nl\/wp-content\/uploads\/2022\/01\/cropped-small-Logo-Ecrivus-Vector-Transparent2.png","width":512,"height":512,"caption":"Ecrivus International"},"image":{"@id":"https:\/\/www.ecrivus-multimedia.nl\/#\/schema\/logo\/image\/"},"sameAs":["https:\/\/www.facebook.com\/Ecrivus-International-676624782512639\/","https:\/\/x.com\/ecrivusint"]}]}},"_links":{"self":[{"href":"https:\/\/www.ecrivus-multimedia.nl\/fr\/wp-json\/wp\/v2\/pages\/49287","targetHints":{"allow":["GET"]}}],"collection":[{"href":"https:\/\/www.ecrivus-multimedia.nl\/fr\/wp-json\/wp\/v2\/pages"}],"about":[{"href":"https:\/\/www.ecrivus-multimedia.nl\/fr\/wp-json\/wp\/v2\/types\/page"}],"author":[{"embeddable":true,"href":"https:\/\/www.ecrivus-multimedia.nl\/fr\/wp-json\/wp\/v2\/users\/1"}],"replies":[{"embeddable":true,"href":"https:\/\/www.ecrivus-multimedia.nl\/fr\/wp-json\/wp\/v2\/comments?post=49287"}],"version-history":[{"count":0,"href":"https:\/\/www.ecrivus-multimedia.nl\/fr\/wp-json\/wp\/v2\/pages\/49287\/revisions"}],"wp:attachment":[{"href":"https:\/\/www.ecrivus-multimedia.nl\/fr\/wp-json\/wp\/v2\/media?parent=49287"}],"curies":[{"name":"wp","href":"https:\/\/api.w.org\/{rel}","templated":true}]}}