{"id":51858,"date":"2020-09-21T13:24:47","date_gmt":"2020-09-21T11:24:47","guid":{"rendered":"https:\/\/www.ecrivus-multimedia.nl\/delivery-times-and-shipping\/"},"modified":"2021-11-25T11:58:01","modified_gmt":"2021-11-25T10:58:01","slug":"delivery-times-and-shipping","status":"publish","type":"page","link":"https:\/\/www.ecrivus-multimedia.nl\/fr\/delais-de-livraison-et-expedition-2\/","title":{"rendered":"D\u00e9lais de livraison et exp\u00e9dition"},"content":{"rendered":"<div class=\"banner has-hover\" id=\"banner-441651767\">\n          <div class=\"banner-inner fill\">\n        <div class=\"banner-bg fill\" >\n            <img decoding=\"async\" width=\"1020\" height=\"680\" src=\"https:\/\/www.ecrivus-multimedia.nl\/wp-content\/uploads\/2020\/02\/Ecrivus-levertijden-PostNL.webp\" class=\"bg attachment-large size-large\" alt=\"\" \/>                        <div class=\"overlay\"><\/div>            \n                    <\/div>\n\t\t\n        <div class=\"banner-layers container\">\n            <div class=\"fill banner-link\"><\/div>            \n   <div id=\"text-box-1292194279\" class=\"text-box banner-layer x100 md-x100 lg-x100 y100 md-y100 lg-y100 res-text\">\n                                <div class=\"text-box-content text box-shadow-3 dark\">\n              \n              <div class=\"text-inner text-center\">\n                  \n<h3 class=\"uppercase\"><strong>Suivi des envois<\/strong><\/h3>\n<p><span class=\"tlid-translation translation\" lang=\"en\"><span class=\"\" title=\"\">Toutes nos traductions certifi\u00e9es sont envoy\u00e9es par courrier recommand\u00e9 avec Track &amp; Trace et la valeur est assur\u00e9e jusqu&#039;\u00e0 50 \u20ac en standard. Suivez vos documents de l&#039;exp\u00e9dition \u00e0 la r\u00e9ception.<\/span><\/span><\/p>\n              <\/div>\n           <\/div>\n                            \n<style>\n#text-box-1292194279 .text-box-content {\n  background-color: rgba(0, 0, 0, 0.86);\n  font-size: 100%;\n}\n#text-box-1292194279 .text-inner {\n  padding: 30px 30px 30px 30px;\n}\n#text-box-1292194279 {\n  width: 60%;\n}\n@media (min-width:550px) {\n  #text-box-1292194279 {\n    width: 40%;\n  }\n}\n<\/style>\n    <\/div>\n \n        <\/div>\n      <\/div>\n\n            \n<style>\n#banner-441651767 {\n  padding-top: 500px;\n}\n#banner-441651767 .overlay {\n  background-color: rgba(0, 0, 0, 0.2);\n}\n<\/style>\n  <\/div>\n\n\n<div class=\"row\"  id=\"row-1570997355\">\n\n\t<div id=\"col-292587898\" class=\"col medium-6 small-12 large-6 col-divided\"  >\n\t\t\t\t<div class=\"col-inner\"  >\n\t\t\t\n\t\t\t\n<h4><strong>D\u00e9lais de livraison pour <span style=\"color: #ff6600;\">r\u00e9gulier <\/span>traductions:<\/strong><\/h4>\n<p>D\u00e9lai de livraison standard : 5 \u00e0 7 jours ouvr\u00e9s<br \/>\nLivraison urgente\u00a0: 3 \u00e0 5 jours ouvrables (un suppl\u00e9ment pour livraison urgente s&#039;applique)<\/p>\n<h4><strong>Soumission <span style=\"color: #ff6600;\">r\u00e9gulier<\/span> traductions:<\/strong><\/h4>\n<p>Par email.<\/p>\n\t\t<\/div>\n\t\t\t\t\t<\/div>\n\n\t\n\n\t<div id=\"col-397963905\" class=\"col medium-6 small-12 large-6\"  >\n\t\t\t\t<div class=\"col-inner\"  >\n\t\t\t\n\t\t\t\n<h4><strong>D\u00e9lais de livraison <span style=\"color: #ff6600;\">certifi\u00e9<\/span> traductions:<\/strong><\/h4>\n<p>D\u00e9lai de livraison standard : 5 \u00e0 6 jours ouvr\u00e9s<br \/>\nLivraison urgente\u00a0: 3 \u00e0 5 jours ouvrables (un suppl\u00e9ment pour livraison urgente s&#039;applique)<br \/>\n<a href=\"https:\/\/www.ecrivus-multimedia.nl\/go\/apostilles-legalisatie-landenoverzicht\/\" title=\"Apostilles (l\u00e9galisation) - aper\u00e7u des pays\" class=\"pretty-link-keyword\"rel=\"\">Apostille<\/a> du tribunal n\u00e9erlandais : +3 jours ouvrables<\/p>\n<h4><strong>Exp\u00e9dition <span style=\"color: #ff6600;\">certifi\u00e9<\/span> traductions:<\/strong><\/h4>\n<p>Standard : envoi recommand\u00e9. <span class=\"tlid-translation translation\" lang=\"en\"><span title=\"\">Le jour de l&#039;exp\u00e9dition, vous recevrez par email un lien Track &amp; Trace pour suivre l&#039;envoi.<\/span><br \/>\n<span class=\"\" title=\"\">Frais d&#039;exp\u00e9dition : Courrier recommand\u00e9 Pays-Bas (Post NL) : 9,95 \u20ac.<\/span><br \/>\n<span title=\"\">En option : copie num\u00e9rique (scann\u00e9e) par e-mail<\/span><\/span><\/p>\n\t\t<\/div>\n\t\t\t\t\t<\/div>\n\n\t\n<\/div>\n<div class=\"is-divider divider clearfix\" ><\/div>\n\n  \n    <div class=\"row large-columns-4 medium-columns-3 small-columns-2 row-small slider row-slider slider-nav-reveal\"  data-flickity-options='{&quot;imagesLoaded&quot;: true, &quot;groupCells&quot;: &quot;100%&quot;, &quot;dragThreshold&quot; : 5, &quot;cellAlign&quot;: &quot;left&quot;,&quot;wrapAround&quot;: true,&quot;prevNextButtons&quot;: true,&quot;percentPosition&quot;: true,&quot;pageDots&quot;: false, &quot;rightToLeft&quot;: false, &quot;autoPlay&quot; : false}' >\n\n  <div class=\"product-category col\" >\n            <div class=\"col-inner\">\n              <a aria-label=\"Voir la cat\u00e9gorie de produit Apostilles &amp; Legalisaties\" href=\"https:\/\/www.ecrivus-multimedia.nl\/fr\/categorie-de-produits\/apostilles-legalisaties\/\" data-no-translation-aria-label=\"\">                <div class=\"box box-category has-hover box-badge hover-dark\">\n                <div class=\"box-image\" >\n                  <div class=\"\" >\n                  <img decoding=\"async\" src=\"https:\/\/www.ecrivus-multimedia.nl\/wp-content\/uploads\/2025\/01\/Apostilles-en-legalisaties-Ecrivus-Multimedia-247x165.webp\" alt=\"Apostilles & Legalisaties\" width=\"300\" height=\"300\" \/>                                                      <\/div>\n                <\/div>\n                <div class=\"box-text text-center\" >\n                  <div class=\"box-text-inner\">\n                      <h5 class=\"uppercase header-title\">\n                              Apostilles & Legalisaties                      <\/h5>\n                                            <p class=\"is-xsmall uppercase count\">\n\t                      2 Produits                      <\/p>\n                                            \n                  <\/div>\n                <\/div>\n                <\/div>\n            <\/a>            <\/div>\n            <\/div><div class=\"product-category col\" >\n            <div class=\"col-inner\">\n              <a aria-label=\"Voir la cat\u00e9gorie de produit Be\u00ebdigde vertalingen\" href=\"https:\/\/www.ecrivus-multimedia.nl\/fr\/categorie-de-produits\/traductions-assermentees\/\" data-no-translation-aria-label=\"\">                <div class=\"box box-category has-hover box-badge hover-dark\">\n                <div class=\"box-image\" >\n                  <div class=\"\" >\n                  <img decoding=\"async\" src=\"https:\/\/www.ecrivus-multimedia.nl\/wp-content\/uploads\/2026\/04\/vrouw-reikt-document-aan-adviseur-247x165.jpg\" alt=\"Traductions asserment\u00e9es\" width=\"300\" height=\"300\" \/>                                                      <\/div>\n                <\/div>\n                <div class=\"box-text text-center\" >\n                  <div class=\"box-text-inner\">\n                      <h5 class=\"uppercase header-title\">\n                              Traductions asserment\u00e9es                      <\/h5>\n                                            <p class=\"is-xsmall uppercase count\">\n\t                      129 Produits                      <\/p>\n                                            \n                  <\/div>\n                <\/div>\n                <\/div>\n            <\/a>            <\/div>\n            <\/div><div class=\"product-category col\" >\n            <div class=\"col-inner\">\n              <a aria-label=\"Voir la cat\u00e9gorie de produit CV, sollicitatiebrieven\" href=\"https:\/\/www.ecrivus-multimedia.nl\/fr\/categorie-de-produits\/cv\/\" data-no-translation-aria-label=\"\">                <div class=\"box box-category has-hover box-badge hover-dark\">\n                <div class=\"box-image\" >\n                  <div class=\"\" >\n                  <img decoding=\"async\" src=\"https:\/\/www.ecrivus-multimedia.nl\/wp-content\/uploads\/2026\/04\/40346-247x165.webp\" alt=\"CV, lettres de motivation\" width=\"300\" height=\"300\" \/>                                                      <\/div>\n                <\/div>\n                <div class=\"box-text text-center\" >\n                  <div class=\"box-text-inner\">\n                      <h5 class=\"uppercase header-title\">\n                              CV, lettres de motivation                      <\/h5>\n                                            <p class=\"is-xsmall uppercase count\">\n\t                      2 Produits                      <\/p>\n                                            \n                  <\/div>\n                <\/div>\n                <\/div>\n            <\/a>            <\/div>\n            <\/div><div class=\"product-category col\" >\n            <div class=\"col-inner\">\n              <a aria-label=\"Voir la cat\u00e9gorie de produit Financi\u00eble vertalingen\" href=\"https:\/\/www.ecrivus-multimedia.nl\/fr\/categorie-de-produits\/traductions-financieres\/\" data-no-translation-aria-label=\"\">                <div class=\"box box-category has-hover box-badge hover-dark\">\n                <div class=\"box-image\" >\n                  <div class=\"\" >\n                  <img decoding=\"async\" src=\"https:\/\/www.ecrivus-multimedia.nl\/wp-content\/uploads\/2026\/04\/roze-spaarpot-sparen-budget-wit-247x247.webp\" alt=\"Traductions financi\u00e8res\" width=\"300\" height=\"300\" \/>                                                      <\/div>\n                <\/div>\n                <div class=\"box-text text-center\" >\n                  <div class=\"box-text-inner\">\n                      <h5 class=\"uppercase header-title\">\n                              Traductions financi\u00e8res                      <\/h5>\n                                            <p class=\"is-xsmall uppercase count\">\n\t                      4 Produits                      <\/p>\n                                            \n                  <\/div>\n                <\/div>\n                <\/div>\n            <\/a>            <\/div>\n            <\/div><div class=\"product-category col\" >\n            <div class=\"col-inner\">\n              <a aria-label=\"Voir la cat\u00e9gorie de produit Juridische vertalingen\" href=\"https:\/\/www.ecrivus-multimedia.nl\/fr\/categorie-de-produits\/traductions-juridiques\/\" data-no-translation-aria-label=\"\">                <div class=\"box box-category has-hover box-badge hover-dark\">\n                <div class=\"box-image\" >\n                  <div class=\"\" >\n                  <img decoding=\"async\" src=\"https:\/\/www.ecrivus-multimedia.nl\/wp-content\/uploads\/2023\/10\/man-stempelt-document-klembord-kantoor-247x165.jpg\" alt=\"Traductions juridiques\" width=\"300\" height=\"300\" \/>                                                      <\/div>\n                <\/div>\n                <div class=\"box-text text-center\" >\n                  <div class=\"box-text-inner\">\n                      <h5 class=\"uppercase header-title\">\n                              Traductions juridiques                      <\/h5>\n                                            <p class=\"is-xsmall uppercase count\">\n\t                      129 Produits                      <\/p>\n                                            \n                  <\/div>\n                <\/div>\n                <\/div>\n            <\/a>            <\/div>\n            <\/div><div class=\"product-category col\" >\n            <div class=\"col-inner\">\n              <a aria-label=\"Voir la cat\u00e9gorie de produit Multimedia\" href=\"https:\/\/www.ecrivus-multimedia.nl\/fr\/categorie-de-produits\/multimedia\/\" data-no-translation-aria-label=\"\">                <div class=\"box box-category has-hover box-badge hover-dark\">\n                <div class=\"box-image\" >\n                  <div class=\"\" >\n                  <img decoding=\"async\" src=\"https:\/\/www.ecrivus-multimedia.nl\/wp-content\/uploads\/2023\/10\/video-editor-twee-monitoren-bewerkingssoftware-247x165.jpg\" alt=\"Multim\u00e9dia\" width=\"300\" height=\"300\" \/>                                                      <\/div>\n                <\/div>\n                <div class=\"box-text text-center\" >\n                  <div class=\"box-text-inner\">\n                      <h5 class=\"uppercase header-title\">\n                              Multim\u00e9dia                      <\/h5>\n                                            <p class=\"is-xsmall uppercase count\">\n\t                      13 Produits                      <\/p>\n                                            \n                  <\/div>\n                <\/div>\n                <\/div>\n            <\/a>            <\/div>\n            <\/div><div class=\"product-category col\" >\n            <div class=\"col-inner\">\n              <a aria-label=\"Voir la cat\u00e9gorie de produit Notari\u00eble vertalingen (notaris)\" href=\"https:\/\/www.ecrivus-multimedia.nl\/fr\/categorie-de-produits\/notaire-traductions-notaire\/\" data-no-translation-aria-label=\"\">                <div class=\"box box-category has-hover box-badge hover-dark\">\n                <div class=\"box-image\" >\n                  <div class=\"\" >\n                  <img decoding=\"async\" src=\"https:\/\/www.ecrivus-multimedia.nl\/wp-content\/uploads\/2026\/04\/rubber-stempel-document-goedkeuring-247x165.jpg\" alt=\"Traductions notariales (notaire)\" width=\"300\" height=\"300\" \/>                                                      <\/div>\n                <\/div>\n                <div class=\"box-text text-center\" >\n                  <div class=\"box-text-inner\">\n                      <h5 class=\"uppercase header-title\">\n                              Traductions notariales (notaire)                      <\/h5>\n                                            <p class=\"is-xsmall uppercase count\">\n\t                      11 Produits                      <\/p>\n                                            \n                  <\/div>\n                <\/div>\n                <\/div>\n            <\/a>            <\/div>\n            <\/div><\/div>","protected":false},"excerpt":{"rendered":"","protected":false},"author":1,"featured_media":0,"parent":0,"menu_order":0,"comment_status":"closed","ping_status":"closed","template":"","meta":{"_acf_changed":false,"_glsr_average":0,"_glsr_ranking":0,"_glsr_reviews":0,"_joinchat":[],"footnotes":""},"class_list":["post-51858","page","type-page","status-publish","hentry"],"acf":[],"yoast_head":"<!-- This site is optimized with the Yoast SEO plugin v27.5 - https:\/\/yoast.com\/product\/yoast-seo-wordpress\/ -->\n<title>Delivery times and shipping | Ecrivus International Webshop<\/title>\n<meta name=\"description\" content=\"Check the delivery time and shipping options for certified (sworn) translations from Ecrivus Multimedia.\" \/>\n<meta name=\"robots\" content=\"index, follow, max-snippet:-1, max-image-preview:large, max-video-preview:-1\" \/>\n<link rel=\"canonical\" href=\"https:\/\/www.ecrivus-multimedia.nl\/fr\/delais-de-livraison-et-expedition-2\/\" \/>\n<meta property=\"og:locale\" content=\"fr_FR\" \/>\n<meta property=\"og:type\" content=\"article\" \/>\n<meta property=\"og:title\" content=\"Delivery times and shipping | Ecrivus International Webshop\" \/>\n<meta property=\"og:description\" content=\"Check the delivery time and shipping options for certified (sworn) translations from Ecrivus Multimedia.\" \/>\n<meta property=\"og:url\" content=\"https:\/\/www.ecrivus-multimedia.nl\/fr\/delais-de-livraison-et-expedition-2\/\" \/>\n<meta property=\"og:site_name\" content=\"Ecrivus International Webshop\" \/>\n<meta property=\"article:publisher\" content=\"https:\/\/www.facebook.com\/Ecrivus-International-676624782512639\/\" \/>\n<meta property=\"article:modified_time\" content=\"2021-11-25T10:58:01+00:00\" \/>\n<meta name=\"twitter:card\" content=\"summary_large_image\" \/>\n<meta name=\"twitter:site\" content=\"@ecrivusint\" \/>\n<meta name=\"twitter:label1\" content=\"Dur\u00e9e de lecture estim\u00e9e\" \/>\n\t<meta name=\"twitter:data1\" content=\"1 minute\" \/>\n<script type=\"application\/ld+json\" class=\"yoast-schema-graph\">{\"@context\":\"https:\\\/\\\/schema.org\",\"@graph\":[{\"@type\":\"WebPage\",\"@id\":\"https:\\\/\\\/www.ecrivus-multimedia.nl\\\/en\\\/delivery-times-and-shipping\\\/\",\"url\":\"https:\\\/\\\/www.ecrivus-multimedia.nl\\\/en\\\/delivery-times-and-shipping\\\/\",\"name\":\"Delivery times and shipping | Ecrivus International Webshop\",\"isPartOf\":{\"@id\":\"https:\\\/\\\/www.ecrivus-multimedia.nl\\\/#website\"},\"datePublished\":\"2020-09-21T11:24:47+00:00\",\"dateModified\":\"2021-11-25T10:58:01+00:00\",\"description\":\"Check the delivery time and shipping options for certified (sworn) translations from Ecrivus Multimedia.\",\"breadcrumb\":{\"@id\":\"https:\\\/\\\/www.ecrivus-multimedia.nl\\\/en\\\/delivery-times-and-shipping\\\/#breadcrumb\"},\"inLanguage\":\"fr-FR\",\"potentialAction\":[{\"@type\":\"ReadAction\",\"target\":[\"https:\\\/\\\/www.ecrivus-multimedia.nl\\\/en\\\/delivery-times-and-shipping\\\/\"]}]},{\"@type\":\"BreadcrumbList\",\"@id\":\"https:\\\/\\\/www.ecrivus-multimedia.nl\\\/en\\\/delivery-times-and-shipping\\\/#breadcrumb\",\"itemListElement\":[{\"@type\":\"ListItem\",\"position\":1,\"name\":\"Home\",\"item\":\"https:\\\/\\\/www.ecrivus-multimedia.nl\\\/\"},{\"@type\":\"ListItem\",\"position\":2,\"name\":\"Delivery times and shipping\"}]},{\"@type\":\"WebSite\",\"@id\":\"https:\\\/\\\/www.ecrivus-multimedia.nl\\\/#website\",\"url\":\"https:\\\/\\\/www.ecrivus-multimedia.nl\\\/\",\"name\":\"Ecrivus International Webshop\",\"description\":\"Erkende webshop voor be\u00ebdigde vertalingen.\",\"publisher\":{\"@id\":\"https:\\\/\\\/www.ecrivus-multimedia.nl\\\/#organization\"},\"potentialAction\":[{\"@type\":\"SearchAction\",\"target\":{\"@type\":\"EntryPoint\",\"urlTemplate\":\"https:\\\/\\\/www.ecrivus-multimedia.nl\\\/?s={search_term_string}\"},\"query-input\":{\"@type\":\"PropertyValueSpecification\",\"valueRequired\":true,\"valueName\":\"search_term_string\"}}],\"inLanguage\":\"fr-FR\"},{\"@type\":\"Organization\",\"@id\":\"https:\\\/\\\/www.ecrivus-multimedia.nl\\\/#organization\",\"name\":\"Ecrivus International\",\"url\":\"https:\\\/\\\/www.ecrivus-multimedia.nl\\\/\",\"logo\":{\"@type\":\"ImageObject\",\"inLanguage\":\"fr-FR\",\"@id\":\"https:\\\/\\\/www.ecrivus-multimedia.nl\\\/#\\\/schema\\\/logo\\\/image\\\/\",\"url\":\"https:\\\/\\\/www.ecrivus-multimedia.nl\\\/wp-content\\\/uploads\\\/2022\\\/01\\\/cropped-small-Logo-Ecrivus-Vector-Transparent2.png\",\"contentUrl\":\"https:\\\/\\\/www.ecrivus-multimedia.nl\\\/wp-content\\\/uploads\\\/2022\\\/01\\\/cropped-small-Logo-Ecrivus-Vector-Transparent2.png\",\"width\":512,\"height\":512,\"caption\":\"Ecrivus International\"},\"image\":{\"@id\":\"https:\\\/\\\/www.ecrivus-multimedia.nl\\\/#\\\/schema\\\/logo\\\/image\\\/\"},\"sameAs\":[\"https:\\\/\\\/www.facebook.com\\\/Ecrivus-International-676624782512639\\\/\",\"https:\\\/\\\/x.com\\\/ecrivusint\"]}]}<\/script>\n<!-- \/ Yoast SEO plugin. -->","yoast_head_json":{"title":"Delivery times and shipping | Ecrivus International Webshop","description":"Check the delivery time and shipping options for certified (sworn) translations from Ecrivus Multimedia.","robots":{"index":"index","follow":"follow","max-snippet":"max-snippet:-1","max-image-preview":"max-image-preview:large","max-video-preview":"max-video-preview:-1"},"canonical":"https:\/\/www.ecrivus-multimedia.nl\/fr\/delais-de-livraison-et-expedition-2\/","og_locale":"fr_FR","og_type":"article","og_title":"Delivery times and shipping | Ecrivus International Webshop","og_description":"Check the delivery time and shipping options for certified (sworn) translations from Ecrivus Multimedia.","og_url":"https:\/\/www.ecrivus-multimedia.nl\/fr\/delais-de-livraison-et-expedition-2\/","og_site_name":"Ecrivus International Webshop","article_publisher":"https:\/\/www.facebook.com\/Ecrivus-International-676624782512639\/","article_modified_time":"2021-11-25T10:58:01+00:00","twitter_card":"summary_large_image","twitter_site":"@ecrivusint","twitter_misc":{"Dur\u00e9e de lecture estim\u00e9e":"1 minute"},"schema":{"@context":"https:\/\/schema.org","@graph":[{"@type":"WebPage","@id":"https:\/\/www.ecrivus-multimedia.nl\/en\/delivery-times-and-shipping\/","url":"https:\/\/www.ecrivus-multimedia.nl\/en\/delivery-times-and-shipping\/","name":"Delivery times and shipping | Ecrivus International Webshop","isPartOf":{"@id":"https:\/\/www.ecrivus-multimedia.nl\/#website"},"datePublished":"2020-09-21T11:24:47+00:00","dateModified":"2021-11-25T10:58:01+00:00","description":"Check the delivery time and shipping options for certified (sworn) translations from Ecrivus Multimedia.","breadcrumb":{"@id":"https:\/\/www.ecrivus-multimedia.nl\/en\/delivery-times-and-shipping\/#breadcrumb"},"inLanguage":"fr-FR","potentialAction":[{"@type":"ReadAction","target":["https:\/\/www.ecrivus-multimedia.nl\/en\/delivery-times-and-shipping\/"]}]},{"@type":"BreadcrumbList","@id":"https:\/\/www.ecrivus-multimedia.nl\/en\/delivery-times-and-shipping\/#breadcrumb","itemListElement":[{"@type":"ListItem","position":1,"name":"Home","item":"https:\/\/www.ecrivus-multimedia.nl\/"},{"@type":"ListItem","position":2,"name":"Delivery times and shipping"}]},{"@type":"WebSite","@id":"https:\/\/www.ecrivus-multimedia.nl\/#website","url":"https:\/\/www.ecrivus-multimedia.nl\/","name":"Ecrivus International Webshop","description":"Erkende webshop voor be\u00ebdigde vertalingen.","publisher":{"@id":"https:\/\/www.ecrivus-multimedia.nl\/#organization"},"potentialAction":[{"@type":"SearchAction","target":{"@type":"EntryPoint","urlTemplate":"https:\/\/www.ecrivus-multimedia.nl\/?s={search_term_string}"},"query-input":{"@type":"PropertyValueSpecification","valueRequired":true,"valueName":"search_term_string"}}],"inLanguage":"fr-FR"},{"@type":"Organization","@id":"https:\/\/www.ecrivus-multimedia.nl\/#organization","name":"Ecrivus International","url":"https:\/\/www.ecrivus-multimedia.nl\/","logo":{"@type":"ImageObject","inLanguage":"fr-FR","@id":"https:\/\/www.ecrivus-multimedia.nl\/#\/schema\/logo\/image\/","url":"https:\/\/www.ecrivus-multimedia.nl\/wp-content\/uploads\/2022\/01\/cropped-small-Logo-Ecrivus-Vector-Transparent2.png","contentUrl":"https:\/\/www.ecrivus-multimedia.nl\/wp-content\/uploads\/2022\/01\/cropped-small-Logo-Ecrivus-Vector-Transparent2.png","width":512,"height":512,"caption":"Ecrivus International"},"image":{"@id":"https:\/\/www.ecrivus-multimedia.nl\/#\/schema\/logo\/image\/"},"sameAs":["https:\/\/www.facebook.com\/Ecrivus-International-676624782512639\/","https:\/\/x.com\/ecrivusint"]}]}},"_links":{"self":[{"href":"https:\/\/www.ecrivus-multimedia.nl\/fr\/wp-json\/wp\/v2\/pages\/51858","targetHints":{"allow":["GET"]}}],"collection":[{"href":"https:\/\/www.ecrivus-multimedia.nl\/fr\/wp-json\/wp\/v2\/pages"}],"about":[{"href":"https:\/\/www.ecrivus-multimedia.nl\/fr\/wp-json\/wp\/v2\/types\/page"}],"author":[{"embeddable":true,"href":"https:\/\/www.ecrivus-multimedia.nl\/fr\/wp-json\/wp\/v2\/users\/1"}],"replies":[{"embeddable":true,"href":"https:\/\/www.ecrivus-multimedia.nl\/fr\/wp-json\/wp\/v2\/comments?post=51858"}],"version-history":[{"count":0,"href":"https:\/\/www.ecrivus-multimedia.nl\/fr\/wp-json\/wp\/v2\/pages\/51858\/revisions"}],"wp:attachment":[{"href":"https:\/\/www.ecrivus-multimedia.nl\/fr\/wp-json\/wp\/v2\/media?parent=51858"}],"curies":[{"name":"wp","href":"https:\/\/api.w.org\/{rel}","templated":true}]}}