{"id":109402,"date":"2023-05-05T13:21:24","date_gmt":"2023-05-05T11:21:24","guid":{"rendered":"https:\/\/www.ecrivus-multimedia.nl\/?post_type=product&#038;p=109402"},"modified":"2026-04-12T13:16:05","modified_gmt":"2026-04-12T11:16:05","slug":"ai-contentoptimalisatie","status":"publish","type":"product","link":"https:\/\/www.ecrivus-multimedia.nl\/fr\/produit\/optimisation-du-contenu-de-lia\/","title":{"rendered":"AI Content optimisation + editing - Optimisez votre contenu et votre accessibilit\u00e9 en ligne"},"content":{"rendered":"<h1><strong>Optimisation du contenu IA<\/strong><\/h1>\n<p>Votre site Internet est un outil important pour toucher de nouveaux clients et augmenter votre chiffre d\u2019affaires. <strong>Avec notre r\u00e9volutionnaire <a href=\"https:\/\/www.ecrivus-multimedia.nl\/go\/ai-contentoptimalisatie\/\" title=\"Optimisation du contenu AI + \u00e9dition pour des scores plus \u00e9lev\u00e9s dans les moteurs de recherche\" class=\"pretty-link-keyword\"rel=\"\">Optimisation du contenu IA<\/a>service, nous vous offrons la possibilit\u00e9 de transformer vos anciens contenus en textes optimis\u00e9s et de haute qualit\u00e9.<\/strong> La particularit\u00e9 de notre service est que nous <strong>IA et professionnels form\u00e9s<\/strong> ensemble pour obtenir les meilleurs r\u00e9sultats.<\/p>\n<p>Nos outils d&#039;IA d\u00e9velopp\u00e9s vous aident \u00e0 optimiser votre contenu pour de meilleures performances et visibilit\u00e9 dans les moteurs de recherche et les r\u00e9seaux sociaux. Si l\u2019outil d\u2019IA joue un r\u00f4le important dans l\u2019obtention des r\u00e9sultats souhait\u00e9s, les experts linguistiques tels que les \u00e9diteurs et les linguistes sont \u00e9galement essentiels. Ils donnent aux textes optimis\u00e9s une touche humaine, les perfectionnent jusque dans les moindres d\u00e9tails et apportent de la cr\u00e9ativit\u00e9 au processus.<\/p>\n<h3>Optimisation du contenu IA en 3 \u00e9tapes<\/h3>\n<ol>\n<li>Vous fournissez le contenu \u00e0 optimiser sous forme de fichiers texte, de pages Web ou d&#039;URL. Nous appliquons ensuite nos algorithmes d&#039;IA pour analyser les textes et les optimiser pour les moteurs de recherche et la lisibilit\u00e9. Nos experts linguistiques y travailleront ensuite pour perfectionner davantage les textes et garantir ainsi la meilleure qualit\u00e9 possible.<\/li>\n<li>Nous livrons le r\u00e9sultat sous la forme de textes optimis\u00e9s qui obtiennent de meilleurs r\u00e9sultats dans les moteurs de recherche et sont plus faciles \u00e0 lire pour votre groupe cible. En livrant votre ancien contenu, nous vous fournissons des textes optimis\u00e9s qui aideront votre entreprise \u00e0 se d\u00e9velopper. Et tout cela \u00e0 un prix par page Web tr\u00e8s abordable.<\/li>\n<li>Gr\u00e2ce aux statistiques, nous pouvons d\u00e9montrer que nos textes optimis\u00e9s obtiennent des scores nettement plus \u00e9lev\u00e9s dans les moteurs de recherche et fonctionnent mieux. En cons\u00e9quence, vous attirez plus de visiteurs et de clients potentiels, ce qui se traduira \u00e0 terme par plus de ventes pour votre entreprise.<\/li>\n<\/ol>\n<p>Choisir <a href=\"https:\/\/www.ecrivus-multimedia.nl\/go\/ai-contentoptimalisatie\/\" title=\"Optimisation du contenu AI + \u00e9dition pour des scores plus \u00e9lev\u00e9s dans les moteurs de recherche\" class=\"pretty-link-keyword\"rel=\"\">Optimisation du contenu IA<\/a> d&#039;Ecrivus Multimedia et d\u00e9couvrez par vous-m\u00eame comment vous pouvez transformer votre ancien contenu en textes optimis\u00e9s de haute qualit\u00e9. Avec nos outils d\u2019IA et nos experts linguistiques, vous obtiendrez la meilleure qualit\u00e9 et les meilleurs r\u00e9sultats pour votre entreprise.<\/p>\n<p>Bref, votre site internet est un outil important pour toucher de nouveaux clients et augmenter votre chiffre d\u2019affaires. Avec notre <a href=\"https:\/\/www.ecrivus-multimedia.nl\/go\/ai-contentoptimalisatie\/\" title=\"Optimisation du contenu AI + \u00e9dition pour des scores plus \u00e9lev\u00e9s dans les moteurs de recherche\" class=\"pretty-link-keyword\"rel=\"\">Optimisation du contenu IA<\/a>Le service transforme votre ancien contenu en textes optimis\u00e9s et de haute qualit\u00e9. Nos outils d&#039;IA garantissent que vos textes sont non seulement conviviaux pour les moteurs de recherche, mais \u00e9galement lisibles et compr\u00e9hensibles pour votre groupe cible. Choisissez Ecrivus Multim\u00e9dia et b\u00e9n\u00e9ficiez de la puissance de nos <a href=\"https:\/\/www.ecrivus-multimedia.nl\/go\/ai-contentoptimalisatie\/\" title=\"Optimisation du contenu AI + \u00e9dition pour des scores plus \u00e9lev\u00e9s dans les moteurs de recherche\" class=\"pretty-link-keyword\"rel=\"\">Optimisation du contenu IA<\/a>.<\/p>","protected":false},"excerpt":{"rendered":"<p>Optimisez votre contenu avec AI Content Optimization et augmentez votre visibilit\u00e9 en ligne.<br \/>\nT\u00e9l\u00e9chargez les URL ci-dessous et s\u00e9lectionnez le nombre d&#039;URL que vous souhaitez optimiser. Tarifs : 10 \u20ac par URL.<\/p>","protected":false},"featured_media":132637,"comment_status":"closed","ping_status":"closed","template":"","meta":{"_acf_changed":false,"_glsr_average":0,"_glsr_ranking":0,"_glsr_reviews":0,"_joinchat":[]},"product_brand":[],"product_cat":[15288],"product_tag":[15941,15942,15944,15943,15945],"class_list":{"0":"post-109402","1":"product","2":"type-product","3":"status-publish","4":"has-post-thumbnail","6":"product_cat-web-app-ontwikkeling","7":"product_tag-ai","8":"product_tag-contentoptimalisatie","9":"product_tag-online-zichtbaarheid","10":"product_tag-seo","11":"product_tag-zoekmachines","13":"first","14":"instock","15":"virtual","16":"sold-individually","17":"taxable","18":"purchasable","19":"product-type-simple"},"acf":[],"yoast_head":"<!-- This site is optimized with the Yoast SEO plugin v27.4 - https:\/\/yoast.com\/product\/yoast-seo-wordpress\/ -->\n<title>AI Contentoptimalisatie + editing voor hogere zoekmachine scores<\/title>\n<meta name=\"description\" content=\"Transformeer uw content met AI Contentoptimalisatie. Verhoog uw online zichtbaarheid en bereik meer klanten. Bespaar tijd en optimaliseer uw teksten nu!\" \/>\n<meta name=\"robots\" content=\"index, follow, max-snippet:-1, max-image-preview:large, max-video-preview:-1\" \/>\n<link rel=\"canonical\" href=\"https:\/\/www.ecrivus-multimedia.nl\/fr\/produit\/optimisation-du-contenu-de-lia\/\" \/>\n<meta property=\"og:locale\" content=\"fr_FR\" \/>\n<meta property=\"og:type\" content=\"article\" \/>\n<meta property=\"og:title\" content=\"AI Contentoptimalisatie + editing voor hogere zoekmachine scores\" \/>\n<meta property=\"og:description\" content=\"Transformeer uw content met AI Contentoptimalisatie. Verhoog uw online zichtbaarheid en bereik meer klanten. Bespaar tijd en optimaliseer uw teksten nu!\" \/>\n<meta property=\"og:url\" content=\"https:\/\/www.ecrivus-multimedia.nl\/fr\/produit\/optimisation-du-contenu-de-lia\/\" \/>\n<meta property=\"og:site_name\" content=\"Ecrivus International Webshop\" \/>\n<meta property=\"article:publisher\" content=\"https:\/\/www.facebook.com\/Ecrivus-International-676624782512639\/\" \/>\n<meta property=\"article:modified_time\" content=\"2026-04-12T11:16:05+00:00\" \/>\n<meta property=\"og:image\" content=\"https:\/\/www.ecrivus-multimedia.nl\/wp-content\/uploads\/2023\/05\/ai-tools-online-marketing-seo-laptop.jpg\" \/>\n\t<meta property=\"og:image:width\" content=\"1000\" \/>\n\t<meta property=\"og:image:height\" content=\"571\" \/>\n\t<meta property=\"og:image:type\" content=\"image\/jpeg\" \/>\n<meta name=\"twitter:card\" content=\"summary_large_image\" \/>\n<meta name=\"twitter:site\" content=\"@ecrivusint\" \/>\n<meta name=\"twitter:label1\" content=\"Dur\u00e9e de lecture estim\u00e9e\" \/>\n\t<meta name=\"twitter:data1\" content=\"2 minutes\" \/>\n<script type=\"application\/ld+json\" class=\"yoast-schema-graph\">{\"@context\":\"https:\\\/\\\/schema.org\",\"@graph\":[{\"@type\":\"WebPage\",\"@id\":\"https:\\\/\\\/www.ecrivus-multimedia.nl\\\/product\\\/ai-contentoptimalisatie\\\/\",\"url\":\"https:\\\/\\\/www.ecrivus-multimedia.nl\\\/product\\\/ai-contentoptimalisatie\\\/\",\"name\":\"AI Contentoptimalisatie + editing voor hogere zoekmachine scores\",\"isPartOf\":{\"@id\":\"https:\\\/\\\/www.ecrivus-multimedia.nl\\\/#website\"},\"primaryImageOfPage\":{\"@id\":\"https:\\\/\\\/www.ecrivus-multimedia.nl\\\/product\\\/ai-contentoptimalisatie\\\/#primaryimage\"},\"image\":{\"@id\":\"https:\\\/\\\/www.ecrivus-multimedia.nl\\\/product\\\/ai-contentoptimalisatie\\\/#primaryimage\"},\"thumbnailUrl\":\"https:\\\/\\\/www.ecrivus-multimedia.nl\\\/wp-content\\\/uploads\\\/2023\\\/05\\\/ai-tools-online-marketing-seo-laptop.jpg\",\"datePublished\":\"2023-05-05T11:21:24+00:00\",\"dateModified\":\"2026-04-12T11:16:05+00:00\",\"description\":\"Transformeer uw content met AI Contentoptimalisatie. Verhoog uw online zichtbaarheid en bereik meer klanten. Bespaar tijd en optimaliseer uw teksten nu!\",\"breadcrumb\":{\"@id\":\"https:\\\/\\\/www.ecrivus-multimedia.nl\\\/product\\\/ai-contentoptimalisatie\\\/#breadcrumb\"},\"inLanguage\":\"fr-FR\",\"potentialAction\":[{\"@type\":\"ReadAction\",\"target\":[\"https:\\\/\\\/www.ecrivus-multimedia.nl\\\/product\\\/ai-contentoptimalisatie\\\/\"]}]},{\"@type\":\"ImageObject\",\"inLanguage\":\"fr-FR\",\"@id\":\"https:\\\/\\\/www.ecrivus-multimedia.nl\\\/product\\\/ai-contentoptimalisatie\\\/#primaryimage\",\"url\":\"https:\\\/\\\/www.ecrivus-multimedia.nl\\\/wp-content\\\/uploads\\\/2023\\\/05\\\/ai-tools-online-marketing-seo-laptop.jpg\",\"contentUrl\":\"https:\\\/\\\/www.ecrivus-multimedia.nl\\\/wp-content\\\/uploads\\\/2023\\\/05\\\/ai-tools-online-marketing-seo-laptop.jpg\",\"width\":1000,\"height\":571},{\"@type\":\"BreadcrumbList\",\"@id\":\"https:\\\/\\\/www.ecrivus-multimedia.nl\\\/product\\\/ai-contentoptimalisatie\\\/#breadcrumb\",\"itemListElement\":[{\"@type\":\"ListItem\",\"position\":1,\"name\":\"Home\",\"item\":\"https:\\\/\\\/www.ecrivus-multimedia.nl\\\/\"},{\"@type\":\"ListItem\",\"position\":2,\"name\":\"Shop\",\"item\":\"https:\\\/\\\/www.ecrivus-multimedia.nl\\\/shop\\\/\"},{\"@type\":\"ListItem\",\"position\":3,\"name\":\"AI Contentoptimalisatie + editing \u2013 Optimaliseer uw content en online vindbaarheid\"}]},{\"@type\":\"WebSite\",\"@id\":\"https:\\\/\\\/www.ecrivus-multimedia.nl\\\/#website\",\"url\":\"https:\\\/\\\/www.ecrivus-multimedia.nl\\\/\",\"name\":\"Ecrivus International Webshop\",\"description\":\"Erkende webshop voor be\u00ebdigde vertalingen.\",\"publisher\":{\"@id\":\"https:\\\/\\\/www.ecrivus-multimedia.nl\\\/#organization\"},\"potentialAction\":[{\"@type\":\"SearchAction\",\"target\":{\"@type\":\"EntryPoint\",\"urlTemplate\":\"https:\\\/\\\/www.ecrivus-multimedia.nl\\\/?s={search_term_string}\"},\"query-input\":{\"@type\":\"PropertyValueSpecification\",\"valueRequired\":true,\"valueName\":\"search_term_string\"}}],\"inLanguage\":\"fr-FR\"},{\"@type\":\"Organization\",\"@id\":\"https:\\\/\\\/www.ecrivus-multimedia.nl\\\/#organization\",\"name\":\"Ecrivus International\",\"url\":\"https:\\\/\\\/www.ecrivus-multimedia.nl\\\/\",\"logo\":{\"@type\":\"ImageObject\",\"inLanguage\":\"fr-FR\",\"@id\":\"https:\\\/\\\/www.ecrivus-multimedia.nl\\\/#\\\/schema\\\/logo\\\/image\\\/\",\"url\":\"https:\\\/\\\/www.ecrivus-multimedia.nl\\\/wp-content\\\/uploads\\\/2022\\\/01\\\/cropped-small-Logo-Ecrivus-Vector-Transparent2.png\",\"contentUrl\":\"https:\\\/\\\/www.ecrivus-multimedia.nl\\\/wp-content\\\/uploads\\\/2022\\\/01\\\/cropped-small-Logo-Ecrivus-Vector-Transparent2.png\",\"width\":512,\"height\":512,\"caption\":\"Ecrivus International\"},\"image\":{\"@id\":\"https:\\\/\\\/www.ecrivus-multimedia.nl\\\/#\\\/schema\\\/logo\\\/image\\\/\"},\"sameAs\":[\"https:\\\/\\\/www.facebook.com\\\/Ecrivus-International-676624782512639\\\/\",\"https:\\\/\\\/x.com\\\/ecrivusint\"]}]}<\/script>\n<!-- \/ Yoast SEO plugin. -->","yoast_head_json":{"title":"AI Contentoptimalisatie + editing voor hogere zoekmachine scores","description":"Transformeer uw content met AI Contentoptimalisatie. Verhoog uw online zichtbaarheid en bereik meer klanten. Bespaar tijd en optimaliseer uw teksten nu!","robots":{"index":"index","follow":"follow","max-snippet":"max-snippet:-1","max-image-preview":"max-image-preview:large","max-video-preview":"max-video-preview:-1"},"canonical":"https:\/\/www.ecrivus-multimedia.nl\/fr\/produit\/optimisation-du-contenu-de-lia\/","og_locale":"fr_FR","og_type":"article","og_title":"AI Contentoptimalisatie + editing voor hogere zoekmachine scores","og_description":"Transformeer uw content met AI Contentoptimalisatie. Verhoog uw online zichtbaarheid en bereik meer klanten. Bespaar tijd en optimaliseer uw teksten nu!","og_url":"https:\/\/www.ecrivus-multimedia.nl\/fr\/produit\/optimisation-du-contenu-de-lia\/","og_site_name":"Ecrivus International Webshop","article_publisher":"https:\/\/www.facebook.com\/Ecrivus-International-676624782512639\/","article_modified_time":"2026-04-12T11:16:05+00:00","og_image":[{"width":1000,"height":571,"url":"https:\/\/www.ecrivus-multimedia.nl\/wp-content\/uploads\/2023\/05\/ai-tools-online-marketing-seo-laptop.jpg","type":"image\/jpeg"}],"twitter_card":"summary_large_image","twitter_site":"@ecrivusint","twitter_misc":{"Dur\u00e9e de lecture estim\u00e9e":"2 minutes"},"schema":{"@context":"https:\/\/schema.org","@graph":[{"@type":"WebPage","@id":"https:\/\/www.ecrivus-multimedia.nl\/product\/ai-contentoptimalisatie\/","url":"https:\/\/www.ecrivus-multimedia.nl\/product\/ai-contentoptimalisatie\/","name":"AI Contentoptimalisatie + editing voor hogere zoekmachine scores","isPartOf":{"@id":"https:\/\/www.ecrivus-multimedia.nl\/#website"},"primaryImageOfPage":{"@id":"https:\/\/www.ecrivus-multimedia.nl\/product\/ai-contentoptimalisatie\/#primaryimage"},"image":{"@id":"https:\/\/www.ecrivus-multimedia.nl\/product\/ai-contentoptimalisatie\/#primaryimage"},"thumbnailUrl":"https:\/\/www.ecrivus-multimedia.nl\/wp-content\/uploads\/2023\/05\/ai-tools-online-marketing-seo-laptop.jpg","datePublished":"2023-05-05T11:21:24+00:00","dateModified":"2026-04-12T11:16:05+00:00","description":"Transformeer uw content met AI Contentoptimalisatie. Verhoog uw online zichtbaarheid en bereik meer klanten. Bespaar tijd en optimaliseer uw teksten nu!","breadcrumb":{"@id":"https:\/\/www.ecrivus-multimedia.nl\/product\/ai-contentoptimalisatie\/#breadcrumb"},"inLanguage":"fr-FR","potentialAction":[{"@type":"ReadAction","target":["https:\/\/www.ecrivus-multimedia.nl\/product\/ai-contentoptimalisatie\/"]}]},{"@type":"ImageObject","inLanguage":"fr-FR","@id":"https:\/\/www.ecrivus-multimedia.nl\/product\/ai-contentoptimalisatie\/#primaryimage","url":"https:\/\/www.ecrivus-multimedia.nl\/wp-content\/uploads\/2023\/05\/ai-tools-online-marketing-seo-laptop.jpg","contentUrl":"https:\/\/www.ecrivus-multimedia.nl\/wp-content\/uploads\/2023\/05\/ai-tools-online-marketing-seo-laptop.jpg","width":1000,"height":571},{"@type":"BreadcrumbList","@id":"https:\/\/www.ecrivus-multimedia.nl\/product\/ai-contentoptimalisatie\/#breadcrumb","itemListElement":[{"@type":"ListItem","position":1,"name":"Home","item":"https:\/\/www.ecrivus-multimedia.nl\/"},{"@type":"ListItem","position":2,"name":"Shop","item":"https:\/\/www.ecrivus-multimedia.nl\/shop\/"},{"@type":"ListItem","position":3,"name":"AI Contentoptimalisatie + editing \u2013 Optimaliseer uw content en online vindbaarheid"}]},{"@type":"WebSite","@id":"https:\/\/www.ecrivus-multimedia.nl\/#website","url":"https:\/\/www.ecrivus-multimedia.nl\/","name":"Ecrivus International Webshop","description":"Erkende webshop voor be\u00ebdigde vertalingen.","publisher":{"@id":"https:\/\/www.ecrivus-multimedia.nl\/#organization"},"potentialAction":[{"@type":"SearchAction","target":{"@type":"EntryPoint","urlTemplate":"https:\/\/www.ecrivus-multimedia.nl\/?s={search_term_string}"},"query-input":{"@type":"PropertyValueSpecification","valueRequired":true,"valueName":"search_term_string"}}],"inLanguage":"fr-FR"},{"@type":"Organization","@id":"https:\/\/www.ecrivus-multimedia.nl\/#organization","name":"Ecrivus International","url":"https:\/\/www.ecrivus-multimedia.nl\/","logo":{"@type":"ImageObject","inLanguage":"fr-FR","@id":"https:\/\/www.ecrivus-multimedia.nl\/#\/schema\/logo\/image\/","url":"https:\/\/www.ecrivus-multimedia.nl\/wp-content\/uploads\/2022\/01\/cropped-small-Logo-Ecrivus-Vector-Transparent2.png","contentUrl":"https:\/\/www.ecrivus-multimedia.nl\/wp-content\/uploads\/2022\/01\/cropped-small-Logo-Ecrivus-Vector-Transparent2.png","width":512,"height":512,"caption":"Ecrivus International"},"image":{"@id":"https:\/\/www.ecrivus-multimedia.nl\/#\/schema\/logo\/image\/"},"sameAs":["https:\/\/www.facebook.com\/Ecrivus-International-676624782512639\/","https:\/\/x.com\/ecrivusint"]}]}},"_links":{"self":[{"href":"https:\/\/www.ecrivus-multimedia.nl\/fr\/wp-json\/wp\/v2\/product\/109402","targetHints":{"allow":["GET"]}}],"collection":[{"href":"https:\/\/www.ecrivus-multimedia.nl\/fr\/wp-json\/wp\/v2\/product"}],"about":[{"href":"https:\/\/www.ecrivus-multimedia.nl\/fr\/wp-json\/wp\/v2\/types\/product"}],"replies":[{"embeddable":true,"href":"https:\/\/www.ecrivus-multimedia.nl\/fr\/wp-json\/wp\/v2\/comments?post=109402"}],"wp:featuredmedia":[{"embeddable":true,"href":"https:\/\/www.ecrivus-multimedia.nl\/fr\/wp-json\/wp\/v2\/media\/132637"}],"wp:attachment":[{"href":"https:\/\/www.ecrivus-multimedia.nl\/fr\/wp-json\/wp\/v2\/media?parent=109402"}],"wp:term":[{"taxonomy":"product_brand","embeddable":true,"href":"https:\/\/www.ecrivus-multimedia.nl\/fr\/wp-json\/wp\/v2\/product_brand?post=109402"},{"taxonomy":"product_cat","embeddable":true,"href":"https:\/\/www.ecrivus-multimedia.nl\/fr\/wp-json\/wp\/v2\/product_cat?post=109402"},{"taxonomy":"product_tag","embeddable":true,"href":"https:\/\/www.ecrivus-multimedia.nl\/fr\/wp-json\/wp\/v2\/product_tag?post=109402"}],"curies":[{"name":"wp","href":"https:\/\/api.w.org\/{rel}","templated":true}]}}