{"id":109441,"date":"2023-05-16T11:14:03","date_gmt":"2023-05-16T09:14:03","guid":{"rendered":"https:\/\/www.ecrivus-multimedia.nl\/?post_type=product&#038;p=109441"},"modified":"2026-04-12T12:13:17","modified_gmt":"2026-04-12T10:13:17","slug":"belastingaangifte-vertalen-beedigd","status":"publish","type":"product","link":"https:\/\/www.ecrivus-multimedia.nl\/fr\/produit\/traduction-de-declaration-dimpots-assermentee\/","title":{"rendered":"Traduire des d\u00e9clarations fiscales (asserment\u00e9)"},"content":{"rendered":"<p><span style=\"color: #808080;\"><strong><a href=\"https:\/\/www.ecrivus-multimedia.nl\/go\/belastingaangifte-vertalen-beedigd\/\" title=\"Vous souhaitez traduire une d\u00e9claration d\u2019imp\u00f4ts asserment\u00e9e ? Commandez via notre boutique en ligne !\" class=\"pretty-link-keyword\"rel=\"\">D\u00e9claration d&#039;imp\u00f4t<\/a> (<a href=\"https:\/\/www.ecrivus-multimedia.nl\/go\/be\u00ebdigde-vertaling\/\" title=\"Traductions asserment\u00e9es Archives | Ecrivus International Webshop\" class=\"pretty-link-keyword\"rel=\"\">traduction asserment\u00e9e<\/a> avec cachet)<\/strong><\/span><\/p>\n<p><span style=\"color: #808080;\">Le <a href=\"https:\/\/www.ecrivus-multimedia.nl\/go\/be\u00ebdigde-vertaling\/\" title=\"Traductions asserment\u00e9es Archives | Ecrivus International Webshop\" class=\"pretty-link-keyword\"rel=\"\">traduction asserment\u00e9e<\/a> de votre <a href=\"https:\/\/www.ecrivus-multimedia.nl\/go\/belastingaangifte-vertalen-beedigd\/\" title=\"Vous souhaitez traduire une d\u00e9claration d\u2019imp\u00f4ts asserment\u00e9e ? Commandez via notre boutique en ligne !\" class=\"pretty-link-keyword\"rel=\"\">d\u00e9claration d&#039;imp\u00f4t<\/a> peuvent d\u00e9sormais \u00eatre facilement command\u00e9s en ligne.<\/span><\/p>\n<p><span style=\"color: #808080;\"><strong>Le <a href=\"https:\/\/www.ecrivus-multimedia.nl\/go\/be\u00ebdigde-vertaling\/\" title=\"Traductions asserment\u00e9es Archives | Ecrivus International Webshop\" class=\"pretty-link-keyword\"rel=\"\">traduction asserment\u00e9e<\/a> de votre <a href=\"https:\/\/www.ecrivus-multimedia.nl\/go\/belastingaangifte-vertalen-beedigd\/\" title=\"Vous souhaitez traduire une d\u00e9claration d\u2019imp\u00f4ts asserment\u00e9e ? Commandez via notre boutique en ligne !\" class=\"pretty-link-keyword\"rel=\"\">d\u00e9claration d&#039;imp\u00f4t<\/a> est entre de bonnes mains :<\/strong><\/span><\/p>\n<ul>\n<li><span style=\"color: #808080;\">Traduction par des traducteurs asserment\u00e9s, exp\u00e9riment\u00e9s et sp\u00e9cialis\u00e9s <a style=\"color: #808080;\" href=\"http:\/\/www.ecrivus.nl\/juridische-vertalingen\/\">traducteur juridique et fiscal<\/a><\/span><\/li>\n<li><span style=\"color: #808080;\">Y compris <a style=\"color: #808080;\" href=\"http:\/\/www.ecrivus.nl\/proeflezen\/\">relecture<\/a><\/span><\/li>\n<li><span style=\"color: #808080;\">Y compris <a style=\"color: #808080;\" href=\"http:\/\/www.ecrivus.nl\/qa-kwaliteitscontroles\/\">contr\u00f4les de qualit\u00e9<\/a><\/span><\/li>\n<li><span style=\"color: #808080;\">Tarifs comp\u00e9titifs<\/span><\/li>\n<li><span style=\"color: #808080;\">D\u00e9lai de livraison rapide<\/span><\/li>\n<li><span style=\"color: #808080;\">Choix de <a style=\"color: #808080;\" href=\"http:\/\/www.ecrivus.nl\/talen\/\">des centaines de combinaisons linguistiques<\/a><\/span><\/li>\n<li><span style=\"color: #808080;\">Livraison express possible<\/span><\/li>\n<li><span style=\"color: #808080;\">Prise en charge de divers formats de fichiers, y compris le format PDF<\/span><\/li>\n<li><span style=\"color: #808080;\">Livraison toujours recommand\u00e9e de votre <a href=\"https:\/\/www.ecrivus-multimedia.nl\/go\/be\u00ebdigde-vertaling\/\" title=\"Traductions asserment\u00e9es Archives | Ecrivus International Webshop\" class=\"pretty-link-keyword\"rel=\"\">traduction asserment\u00e9e<\/a> avec Track &amp; Trace<\/span><\/li>\n<li><span style=\"color: #808080;\">Possibilit\u00e9 de faire marquer votre document d'un <a href=\"https:\/\/www.ecrivus-multimedia.nl\/go\/apostilles-legalisatie-landenoverzicht\/\" title=\"Apostilles (l\u00e9galisation) - aper\u00e7u des pays\" class=\"pretty-link-keyword\"rel=\"\">apostille<\/a> ou <a href=\"https:\/\/www.ecrivus-multimedia.nl\/go\/apostilles-legalisatie-landenoverzicht\/\" title=\"Apostilles (l\u00e9galisation) - aper\u00e7u des pays\" class=\"pretty-link-keyword\"rel=\"\">l\u00e9galisation<\/a> (l\u00e9galiser)<\/span><\/li>\n<\/ul>\n<p><span style=\"color: #808080;\">Vous recherchez un professionnel fiable et <a href=\"https:\/\/www.ecrivus-multimedia.nl\/go\/be\u00ebdigde-vertaling\/\" title=\"Traductions asserment\u00e9es Archives | Ecrivus International Webshop\" class=\"pretty-link-keyword\"rel=\"\">traduction asserment\u00e9e<\/a> pour vos documents fiscaux ? Notre service pour <a href=\"https:\/\/www.ecrivus-multimedia.nl\/go\/be\u00ebdigde-vertaling\/\" title=\"Traductions asserment\u00e9es Archives | Ecrivus International Webshop\" class=\"pretty-link-keyword\"rel=\"\">traductions asserment\u00e9es<\/a> de <a href=\"https:\/\/www.ecrivus-multimedia.nl\/go\/belastingaangifte-vertalen-beedigd\/\" title=\"Vous souhaitez traduire une d\u00e9claration d\u2019imp\u00f4ts asserment\u00e9e ? Commandez via notre boutique en ligne !\" class=\"pretty-link-keyword\"rel=\"\">d\u00e9clarations de revenus<\/a> c&#039;est exactement ce dont vous avez besoin.<\/span><\/p>\n<p><span style=\"color: #808080;\">Nos traducteurs certifi\u00e9s sont experts dans la conversion de divers documents fiscaux en une traduction pr\u00e9cise et fiable. Qu&#039;il s&#039;agisse de votre d\u00e9claration de revenus, des d\u00e9ductions fiscales, des taux d&#039;imposition, des charges sociales ou provisoires <a href=\"https:\/\/www.ecrivus-multimedia.nl\/go\/belastingaangifte-vertalen-beedigd\/\" title=\"Vous souhaitez traduire une d\u00e9claration d\u2019imp\u00f4ts asserment\u00e9e ? Commandez via notre boutique en ligne !\" class=\"pretty-link-keyword\"rel=\"\">attaques<\/a>, nous veillons \u00e0 ce que vos documents soient traduits de mani\u00e8re professionnelle.<\/span><\/p>\n<p><span style=\"color: #808080;\">Dans l&#039;\u00e9conomie mondiale d&#039;aujourd&#039;hui, il peut arriver que vous deviez faire traduire sous serment vos documents fiscaux pour les utiliser \u00e0 l&#039;\u00e9tranger. Par exemple, lorsque vous concluez des transactions commerciales internationales, \u00e9migrez vers un autre pays, \u00e9tranger <a href=\"https:\/\/www.ecrivus-multimedia.nl\/go\/leningovereenkomst-beedigde-vertaling-met-stempel\/\" title=\"Vous souhaitez traduire un contrat de pr\u00eat sur l\u2019honneur ? Commandez dans notre boutique en ligne !\" class=\"pretty-link-keyword\"rel=\"\">hypoth\u00e8que<\/a> demandes ou une agence gouvernementale \u00e9trang\u00e8re a besoin de vos documents. Notre <a href=\"https:\/\/www.ecrivus-multimedia.nl\/go\/be\u00ebdigde-vertaling\/\" title=\"Traductions asserment\u00e9es Archives | Ecrivus International Webshop\" class=\"pretty-link-keyword\"rel=\"\">traductions asserment\u00e9es<\/a> r\u00e9pondez aux exigences des organismes officiels du monde entier et garantissez la validit\u00e9 juridique de vos documents.<\/span><\/p>\n<p><span style=\"color: #808080;\">Nos traducteurs connaissent la terminologie complexe et les exigences sp\u00e9cifiques associ\u00e9es aux documents fiscaux. Ils travaillent avec la plus grande pr\u00e9cision pour garantir que votre traduction soit compl\u00e8te et exacte, ne laissant aucune place \u00e0 des malentendus ou \u00e0 des diff\u00e9rences d\u2019interpr\u00e9tation.<\/span><\/p>\n<p><span style=\"color: #808080;\">De plus, nous traitons vos documents avec la plus stricte confidentialit\u00e9 et veillons \u00e0 ce que vos informations personnelles et <a href=\"https:\/\/www.ecrivus-multimedia.nl\/go\/financi\u00eble-vertalingen\/\" title=\"Traductions financi\u00e8res\" class=\"pretty-link-keyword\"rel=\"\">financier<\/a> les donn\u00e9es sont en s\u00e9curit\u00e9. Nous comprenons la nature sensible des documents fiscaux et prenons tr\u00e8s au s\u00e9rieux la protection de votre vie priv\u00e9e.<\/span><\/p>\n<p><span style=\"color: #808080;\">Notre <a href=\"https:\/\/www.ecrivus-multimedia.nl\/go\/be\u00ebdigde-vertaling\/\" title=\"Traductions asserment\u00e9es Archives | Ecrivus International Webshop\" class=\"pretty-link-keyword\"rel=\"\">traductions asserment\u00e9es<\/a> incluent un large \u00e9ventail de documents fiscaux, tels que des formulaires de d\u00e9claration de revenus, des relev\u00e9s de d\u00e9duction fiscale, des relev\u00e9s de revenus et de patrimoine, des certificats fiscaux et bien plus encore. Quel que soit le type <a href=\"https:\/\/www.ecrivus-multimedia.nl\/go\/belastingaangifte-vertalen-beedigd\/\" title=\"Vous souhaitez traduire une d\u00e9claration d\u2019imp\u00f4ts asserment\u00e9e ? Commandez via notre boutique en ligne !\" class=\"pretty-link-keyword\"rel=\"\">fiscal<\/a> document dont vous avez besoin, vous pouvez \u00eatre s\u00fbr que nos traducteurs exp\u00e9riment\u00e9s le traiteront avec l&#039;expertise et la pr\u00e9cision n\u00e9cessaires.<\/span><\/p>\n<p><span style=\"color: #808080;\">Laissez-nous vous aider avec le <a href=\"https:\/\/www.ecrivus-multimedia.nl\/go\/be\u00ebdigde-vertaling\/\" title=\"Traductions asserment\u00e9es Archives | Ecrivus International Webshop\" class=\"pretty-link-keyword\"rel=\"\">traduction asserment\u00e9e<\/a> de vos documents fiscaux, afin que vous puissiez r\u00e9pondre en toute confiance aux exigences des autorit\u00e9s internationales. Contactez-nous d\u00e8s aujourd&#039;hui et d\u00e9couvrez comment nous pouvons r\u00e9pondre \u00e0 vos besoins de traduction fiscale gr\u00e2ce \u00e0 notre service de traduction certifi\u00e9e fiable.<\/span><\/p>\n<p><span style=\"color: #808080;\">Pour faire votre <a href=\"https:\/\/www.ecrivus-multimedia.nl\/go\/belastingaangifte-vertalen-beedigd\/\" title=\"Vous souhaitez traduire une d\u00e9claration d\u2019imp\u00f4ts asserment\u00e9e ? Commandez via notre boutique en ligne !\" class=\"pretty-link-keyword\"rel=\"\">d\u00e9claration d&#039;imp\u00f4t<\/a> pour le faire traduire imm\u00e9diatement, s\u00e9lectionnez le nombre de pages ci-dessus <a href=\"https:\/\/www.ecrivus-multimedia.nl\/go\/belastingaangifte-vertalen-beedigd\/\" title=\"Vous souhaitez traduire une d\u00e9claration d\u2019imp\u00f4ts asserment\u00e9e ? Commandez via notre boutique en ligne !\" class=\"pretty-link-keyword\"rel=\"\">d\u00e9claration d&#039;imp\u00f4t<\/a> et la combinaison de langues souhait\u00e9e. Cliquez ensuite sur &#039;Ajouter au panier&#039;. Vous pouvez ensuite prendre une photo\/scanner votre <a href=\"https:\/\/www.ecrivus-multimedia.nl\/go\/belastingaangifte-vertalen-beedigd\/\" title=\"Vous souhaitez traduire une d\u00e9claration d\u2019imp\u00f4ts asserment\u00e9e ? Commandez via notre boutique en ligne !\" class=\"pretty-link-keyword\"rel=\"\">d\u00e9claration d&#039;imp\u00f4t<\/a> et l'ajouter \u00e0 votre commande. Nous proposons plusieurs options de paiement via des connexions s\u00e9curis\u00e9es (notamment iDeal, virement bancaire et PayPal).<\/span><\/p>\n<p><span style=\"color: #808080;\"><strong>D\u00e9lai de livraison standard<\/strong>5-6 jours ouvrables<\/span><\/p>\n<p>&nbsp;<\/p>\n<p>&nbsp;<\/p>","protected":false},"excerpt":{"rendered":"<p>Traduction professionnelle asserment\u00e9e avec cachet par un traducteur asserment\u00e9.<br \/>\nS\u00e9lectionnez la combinaison de langues ci-dessous :<\/p>","protected":false},"featured_media":132609,"comment_status":"open","ping_status":"closed","template":"","meta":{"_acf_changed":false,"_glsr_average":0,"_glsr_ranking":0,"_glsr_reviews":0,"_joinchat":[]},"product_brand":[],"product_cat":[107,15333,624],"product_tag":[15949,15950,15951,642,15946,15947,15948,15953,15954,15952],"class_list":{"0":"post-109441","1":"product","2":"type-product","3":"status-publish","4":"has-post-thumbnail","6":"product_cat-beedigde-vertalingen","7":"product_cat-financiele-vertalingen","8":"product_cat-juridische-vertalingen","9":"product_tag-aangifte","10":"product_tag-aanslag","11":"product_tag-aanslagen","12":"product_tag-beedigd","13":"product_tag-belasting","14":"product_tag-belastingaangifte","15":"product_tag-fiscaal","16":"product_tag-heffing","17":"product_tag-inkomstenbelasting","18":"product_tag-loonheffing","20":"first","21":"instock","22":"sold-individually","23":"taxable","24":"shipping-taxable","25":"purchasable","26":"product-type-variable"},"acf":[],"yoast_head":"<!-- This site is optimized with the Yoast SEO plugin v27.4 - https:\/\/yoast.com\/product\/yoast-seo-wordpress\/ -->\n<title>Belastingaangifte be\u00ebdigd vertalen? Bestel via onze webshop!<\/title>\n<meta name=\"description\" content=\"Belastingaangifte be\u00ebdigd vertalen? Bestel direct online! Offici\u00eble be\u00ebdigde vertaling met stempel van uw fiscale documenten. Alle talen. Veilig betalen.\" \/>\n<meta name=\"robots\" content=\"index, follow, max-snippet:-1, max-image-preview:large, max-video-preview:-1\" \/>\n<link rel=\"canonical\" href=\"https:\/\/www.ecrivus-multimedia.nl\/fr\/produit\/traduction-de-declaration-dimpots-assermentee\/\" \/>\n<meta property=\"og:locale\" content=\"fr_FR\" \/>\n<meta property=\"og:type\" content=\"article\" \/>\n<meta property=\"og:title\" content=\"Belastingaangifte be\u00ebdigd vertalen? Bestel via onze webshop!\" \/>\n<meta property=\"og:description\" content=\"Belastingaangifte be\u00ebdigd vertalen? Bestel direct online! Offici\u00eble be\u00ebdigde vertaling met stempel van uw fiscale documenten. Alle talen. Veilig betalen.\" \/>\n<meta property=\"og:url\" content=\"https:\/\/www.ecrivus-multimedia.nl\/fr\/produit\/traduction-de-declaration-dimpots-assermentee\/\" \/>\n<meta property=\"og:site_name\" content=\"Ecrivus International Webshop\" \/>\n<meta property=\"article:publisher\" content=\"https:\/\/www.facebook.com\/Ecrivus-International-676624782512639\/\" \/>\n<meta property=\"article:modified_time\" content=\"2026-04-12T10:13:17+00:00\" \/>\n<meta property=\"og:image\" content=\"https:\/\/www.ecrivus-multimedia.nl\/wp-content\/uploads\/2017\/08\/beedigde-vertaling2.webp\" \/>\n\t<meta property=\"og:image:width\" content=\"1000\" \/>\n\t<meta property=\"og:image:height\" content=\"623\" \/>\n\t<meta property=\"og:image:type\" content=\"image\/webp\" \/>\n<meta name=\"twitter:card\" content=\"summary_large_image\" \/>\n<meta name=\"twitter:site\" content=\"@ecrivusint\" \/>\n<meta name=\"twitter:label1\" content=\"Dur\u00e9e de lecture estim\u00e9e\" \/>\n\t<meta name=\"twitter:data1\" content=\"3 minutes\" \/>\n<script type=\"application\/ld+json\" class=\"yoast-schema-graph\">{\"@context\":\"https:\\\/\\\/schema.org\",\"@graph\":[{\"@type\":\"WebPage\",\"@id\":\"https:\\\/\\\/www.ecrivus-multimedia.nl\\\/product\\\/belastingaangifte-vertalen-beedigd\\\/\",\"url\":\"https:\\\/\\\/www.ecrivus-multimedia.nl\\\/product\\\/belastingaangifte-vertalen-beedigd\\\/\",\"name\":\"Belastingaangifte be\u00ebdigd vertalen? Bestel via onze webshop!\",\"isPartOf\":{\"@id\":\"https:\\\/\\\/www.ecrivus-multimedia.nl\\\/#website\"},\"primaryImageOfPage\":{\"@id\":\"https:\\\/\\\/www.ecrivus-multimedia.nl\\\/product\\\/belastingaangifte-vertalen-beedigd\\\/#primaryimage\"},\"image\":{\"@id\":\"https:\\\/\\\/www.ecrivus-multimedia.nl\\\/product\\\/belastingaangifte-vertalen-beedigd\\\/#primaryimage\"},\"thumbnailUrl\":\"https:\\\/\\\/www.ecrivus-multimedia.nl\\\/wp-content\\\/uploads\\\/2026\\\/04\\\/lakstempel-drukken-document-vooraanzicht-2.jpg\",\"datePublished\":\"2023-05-16T09:14:03+00:00\",\"dateModified\":\"2026-04-12T10:13:17+00:00\",\"description\":\"Belastingaangifte be\u00ebdigd vertalen? Bestel direct online! Offici\u00eble be\u00ebdigde vertaling met stempel van uw fiscale documenten. Alle talen. Veilig betalen.\",\"breadcrumb\":{\"@id\":\"https:\\\/\\\/www.ecrivus-multimedia.nl\\\/product\\\/belastingaangifte-vertalen-beedigd\\\/#breadcrumb\"},\"inLanguage\":\"fr-FR\",\"potentialAction\":[{\"@type\":\"ReadAction\",\"target\":[\"https:\\\/\\\/www.ecrivus-multimedia.nl\\\/product\\\/belastingaangifte-vertalen-beedigd\\\/\"]}]},{\"@type\":\"ImageObject\",\"inLanguage\":\"fr-FR\",\"@id\":\"https:\\\/\\\/www.ecrivus-multimedia.nl\\\/product\\\/belastingaangifte-vertalen-beedigd\\\/#primaryimage\",\"url\":\"https:\\\/\\\/www.ecrivus-multimedia.nl\\\/wp-content\\\/uploads\\\/2026\\\/04\\\/lakstempel-drukken-document-vooraanzicht-2.jpg\",\"contentUrl\":\"https:\\\/\\\/www.ecrivus-multimedia.nl\\\/wp-content\\\/uploads\\\/2026\\\/04\\\/lakstempel-drukken-document-vooraanzicht-2.jpg\",\"width\":1000,\"height\":667},{\"@type\":\"BreadcrumbList\",\"@id\":\"https:\\\/\\\/www.ecrivus-multimedia.nl\\\/product\\\/belastingaangifte-vertalen-beedigd\\\/#breadcrumb\",\"itemListElement\":[{\"@type\":\"ListItem\",\"position\":1,\"name\":\"Home\",\"item\":\"https:\\\/\\\/www.ecrivus-multimedia.nl\\\/\"},{\"@type\":\"ListItem\",\"position\":2,\"name\":\"Shop\",\"item\":\"https:\\\/\\\/www.ecrivus-multimedia.nl\\\/shop\\\/\"},{\"@type\":\"ListItem\",\"position\":3,\"name\":\"Belastingaangifte vertalen (be\u00ebdigd)\"}]},{\"@type\":\"WebSite\",\"@id\":\"https:\\\/\\\/www.ecrivus-multimedia.nl\\\/#website\",\"url\":\"https:\\\/\\\/www.ecrivus-multimedia.nl\\\/\",\"name\":\"Ecrivus International Webshop\",\"description\":\"Erkende webshop voor be\u00ebdigde vertalingen.\",\"publisher\":{\"@id\":\"https:\\\/\\\/www.ecrivus-multimedia.nl\\\/#organization\"},\"potentialAction\":[{\"@type\":\"SearchAction\",\"target\":{\"@type\":\"EntryPoint\",\"urlTemplate\":\"https:\\\/\\\/www.ecrivus-multimedia.nl\\\/?s={search_term_string}\"},\"query-input\":{\"@type\":\"PropertyValueSpecification\",\"valueRequired\":true,\"valueName\":\"search_term_string\"}}],\"inLanguage\":\"fr-FR\"},{\"@type\":\"Organization\",\"@id\":\"https:\\\/\\\/www.ecrivus-multimedia.nl\\\/#organization\",\"name\":\"Ecrivus International\",\"url\":\"https:\\\/\\\/www.ecrivus-multimedia.nl\\\/\",\"logo\":{\"@type\":\"ImageObject\",\"inLanguage\":\"fr-FR\",\"@id\":\"https:\\\/\\\/www.ecrivus-multimedia.nl\\\/#\\\/schema\\\/logo\\\/image\\\/\",\"url\":\"https:\\\/\\\/www.ecrivus-multimedia.nl\\\/wp-content\\\/uploads\\\/2022\\\/01\\\/cropped-small-Logo-Ecrivus-Vector-Transparent2.png\",\"contentUrl\":\"https:\\\/\\\/www.ecrivus-multimedia.nl\\\/wp-content\\\/uploads\\\/2022\\\/01\\\/cropped-small-Logo-Ecrivus-Vector-Transparent2.png\",\"width\":512,\"height\":512,\"caption\":\"Ecrivus International\"},\"image\":{\"@id\":\"https:\\\/\\\/www.ecrivus-multimedia.nl\\\/#\\\/schema\\\/logo\\\/image\\\/\"},\"sameAs\":[\"https:\\\/\\\/www.facebook.com\\\/Ecrivus-International-676624782512639\\\/\",\"https:\\\/\\\/x.com\\\/ecrivusint\"]}]}<\/script>\n<!-- \/ Yoast SEO plugin. -->","yoast_head_json":{"title":"Belastingaangifte be\u00ebdigd vertalen? Bestel via onze webshop!","description":"Belastingaangifte be\u00ebdigd vertalen? Bestel direct online! Offici\u00eble be\u00ebdigde vertaling met stempel van uw fiscale documenten. Alle talen. Veilig betalen.","robots":{"index":"index","follow":"follow","max-snippet":"max-snippet:-1","max-image-preview":"max-image-preview:large","max-video-preview":"max-video-preview:-1"},"canonical":"https:\/\/www.ecrivus-multimedia.nl\/fr\/produit\/traduction-de-declaration-dimpots-assermentee\/","og_locale":"fr_FR","og_type":"article","og_title":"Belastingaangifte be\u00ebdigd vertalen? Bestel via onze webshop!","og_description":"Belastingaangifte be\u00ebdigd vertalen? Bestel direct online! Offici\u00eble be\u00ebdigde vertaling met stempel van uw fiscale documenten. Alle talen. Veilig betalen.","og_url":"https:\/\/www.ecrivus-multimedia.nl\/fr\/produit\/traduction-de-declaration-dimpots-assermentee\/","og_site_name":"Ecrivus International Webshop","article_publisher":"https:\/\/www.facebook.com\/Ecrivus-International-676624782512639\/","article_modified_time":"2026-04-12T10:13:17+00:00","og_image":[{"width":1000,"height":623,"url":"https:\/\/www.ecrivus-multimedia.nl\/wp-content\/uploads\/2017\/08\/beedigde-vertaling2.webp","type":"image\/webp"}],"twitter_card":"summary_large_image","twitter_site":"@ecrivusint","twitter_misc":{"Dur\u00e9e de lecture estim\u00e9e":"3 minutes"},"schema":{"@context":"https:\/\/schema.org","@graph":[{"@type":"WebPage","@id":"https:\/\/www.ecrivus-multimedia.nl\/product\/belastingaangifte-vertalen-beedigd\/","url":"https:\/\/www.ecrivus-multimedia.nl\/product\/belastingaangifte-vertalen-beedigd\/","name":"Belastingaangifte be\u00ebdigd vertalen? Bestel via onze webshop!","isPartOf":{"@id":"https:\/\/www.ecrivus-multimedia.nl\/#website"},"primaryImageOfPage":{"@id":"https:\/\/www.ecrivus-multimedia.nl\/product\/belastingaangifte-vertalen-beedigd\/#primaryimage"},"image":{"@id":"https:\/\/www.ecrivus-multimedia.nl\/product\/belastingaangifte-vertalen-beedigd\/#primaryimage"},"thumbnailUrl":"https:\/\/www.ecrivus-multimedia.nl\/wp-content\/uploads\/2026\/04\/lakstempel-drukken-document-vooraanzicht-2.jpg","datePublished":"2023-05-16T09:14:03+00:00","dateModified":"2026-04-12T10:13:17+00:00","description":"Belastingaangifte be\u00ebdigd vertalen? Bestel direct online! Offici\u00eble be\u00ebdigde vertaling met stempel van uw fiscale documenten. Alle talen. Veilig betalen.","breadcrumb":{"@id":"https:\/\/www.ecrivus-multimedia.nl\/product\/belastingaangifte-vertalen-beedigd\/#breadcrumb"},"inLanguage":"fr-FR","potentialAction":[{"@type":"ReadAction","target":["https:\/\/www.ecrivus-multimedia.nl\/product\/belastingaangifte-vertalen-beedigd\/"]}]},{"@type":"ImageObject","inLanguage":"fr-FR","@id":"https:\/\/www.ecrivus-multimedia.nl\/product\/belastingaangifte-vertalen-beedigd\/#primaryimage","url":"https:\/\/www.ecrivus-multimedia.nl\/wp-content\/uploads\/2026\/04\/lakstempel-drukken-document-vooraanzicht-2.jpg","contentUrl":"https:\/\/www.ecrivus-multimedia.nl\/wp-content\/uploads\/2026\/04\/lakstempel-drukken-document-vooraanzicht-2.jpg","width":1000,"height":667},{"@type":"BreadcrumbList","@id":"https:\/\/www.ecrivus-multimedia.nl\/product\/belastingaangifte-vertalen-beedigd\/#breadcrumb","itemListElement":[{"@type":"ListItem","position":1,"name":"Home","item":"https:\/\/www.ecrivus-multimedia.nl\/"},{"@type":"ListItem","position":2,"name":"Shop","item":"https:\/\/www.ecrivus-multimedia.nl\/shop\/"},{"@type":"ListItem","position":3,"name":"Belastingaangifte vertalen (be\u00ebdigd)"}]},{"@type":"WebSite","@id":"https:\/\/www.ecrivus-multimedia.nl\/#website","url":"https:\/\/www.ecrivus-multimedia.nl\/","name":"Ecrivus International Webshop","description":"Erkende webshop voor be\u00ebdigde vertalingen.","publisher":{"@id":"https:\/\/www.ecrivus-multimedia.nl\/#organization"},"potentialAction":[{"@type":"SearchAction","target":{"@type":"EntryPoint","urlTemplate":"https:\/\/www.ecrivus-multimedia.nl\/?s={search_term_string}"},"query-input":{"@type":"PropertyValueSpecification","valueRequired":true,"valueName":"search_term_string"}}],"inLanguage":"fr-FR"},{"@type":"Organization","@id":"https:\/\/www.ecrivus-multimedia.nl\/#organization","name":"Ecrivus International","url":"https:\/\/www.ecrivus-multimedia.nl\/","logo":{"@type":"ImageObject","inLanguage":"fr-FR","@id":"https:\/\/www.ecrivus-multimedia.nl\/#\/schema\/logo\/image\/","url":"https:\/\/www.ecrivus-multimedia.nl\/wp-content\/uploads\/2022\/01\/cropped-small-Logo-Ecrivus-Vector-Transparent2.png","contentUrl":"https:\/\/www.ecrivus-multimedia.nl\/wp-content\/uploads\/2022\/01\/cropped-small-Logo-Ecrivus-Vector-Transparent2.png","width":512,"height":512,"caption":"Ecrivus International"},"image":{"@id":"https:\/\/www.ecrivus-multimedia.nl\/#\/schema\/logo\/image\/"},"sameAs":["https:\/\/www.facebook.com\/Ecrivus-International-676624782512639\/","https:\/\/x.com\/ecrivusint"]}]}},"_links":{"self":[{"href":"https:\/\/www.ecrivus-multimedia.nl\/fr\/wp-json\/wp\/v2\/product\/109441","targetHints":{"allow":["GET"]}}],"collection":[{"href":"https:\/\/www.ecrivus-multimedia.nl\/fr\/wp-json\/wp\/v2\/product"}],"about":[{"href":"https:\/\/www.ecrivus-multimedia.nl\/fr\/wp-json\/wp\/v2\/types\/product"}],"replies":[{"embeddable":true,"href":"https:\/\/www.ecrivus-multimedia.nl\/fr\/wp-json\/wp\/v2\/comments?post=109441"}],"wp:featuredmedia":[{"embeddable":true,"href":"https:\/\/www.ecrivus-multimedia.nl\/fr\/wp-json\/wp\/v2\/media\/132609"}],"wp:attachment":[{"href":"https:\/\/www.ecrivus-multimedia.nl\/fr\/wp-json\/wp\/v2\/media?parent=109441"}],"wp:term":[{"taxonomy":"product_brand","embeddable":true,"href":"https:\/\/www.ecrivus-multimedia.nl\/fr\/wp-json\/wp\/v2\/product_brand?post=109441"},{"taxonomy":"product_cat","embeddable":true,"href":"https:\/\/www.ecrivus-multimedia.nl\/fr\/wp-json\/wp\/v2\/product_cat?post=109441"},{"taxonomy":"product_tag","embeddable":true,"href":"https:\/\/www.ecrivus-multimedia.nl\/fr\/wp-json\/wp\/v2\/product_tag?post=109441"}],"curies":[{"name":"wp","href":"https:\/\/api.w.org\/{rel}","templated":true}]}}