{"id":127224,"date":"2024-04-16T10:38:09","date_gmt":"2024-04-16T08:38:09","guid":{"rendered":"https:\/\/www.ecrivus-multimedia.nl\/?post_type=product&#038;p=127224"},"modified":"2026-04-12T12:13:17","modified_gmt":"2026-04-12T10:13:17","slug":"bewijs-of-verklaring-bezit-nederlanderschap-beedigd","status":"publish","type":"product","link":"https:\/\/www.ecrivus-multimedia.nl\/fr\/produit\/preuve-ou-declaration-de-possession-de-la-citoyennete-neerlandaise-sous-serment\/","title":{"rendered":"Certificat ou d\u00e9claration de citoyennet\u00e9 n\u00e9erlandaise (sous serment)"},"content":{"rendered":"<p><strong><a href=\"https:\/\/www.ecrivus-multimedia.nl\/go\/bewijs-of-verklaring-bezit-nederlanderschap-beedigd\/\" title=\"Preuve\/D\u00e9claration de possession de la nationalit\u00e9 n\u00e9erlandaise sous serment ? Traduisez maintenant\u00a0!\" class=\"pretty-link-keyword\"rel=\"\">Preuve de possession de la citoyennet\u00e9 n\u00e9erlandaise<\/a> (<a href=\"https:\/\/www.ecrivus-multimedia.nl\/go\/be\u00ebdigde-vertaling\/\" title=\"Traductions asserment\u00e9es Archives | Ecrivus International Webshop\" class=\"pretty-link-keyword\"rel=\"\">traduction asserment\u00e9e<\/a> avec cachet)<\/strong><\/p>\n<p>Le <a href=\"https:\/\/www.ecrivus-multimedia.nl\/go\/be\u00ebdigde-vertaling\/\" title=\"Traductions asserment\u00e9es Archives | Ecrivus International Webshop\" class=\"pretty-link-keyword\"rel=\"\">traduction asserment\u00e9e<\/a> de votre <a href=\"https:\/\/www.ecrivus-multimedia.nl\/go\/bewijs-of-verklaring-bezit-nederlanderschap-beedigd\/\" title=\"Preuve\/D\u00e9claration de possession de la nationalit\u00e9 n\u00e9erlandaise sous serment ? Traduisez maintenant\u00a0!\" class=\"pretty-link-keyword\"rel=\"\">Preuve ou d\u00e9claration de possession de la citoyennet\u00e9 n\u00e9erlandaise<\/a> peuvent d\u00e9sormais \u00eatre facilement command\u00e9s en ligne.<\/p>\n<p>Notre service de traduction certifi\u00e9e convient parfaitement \u00e0 la traduction de documents officiels gouvernementaux, tels que <a href=\"https:\/\/www.ecrivus-multimedia.nl\/go\/paspoort-vertalen-beedigd\/\" title=\"Traduction asserment\u00e9e du passeport ? Commandez via notre boutique en ligne !\" class=\"pretty-link-keyword\"rel=\"\">passeports<\/a>, <a href=\"https:\/\/www.ecrivus-multimedia.nl\/go\/identiteitsbewijs-vertalen-beedigd\/\" title=\"Besoin d&#039;une traduction asserment\u00e9e de votre carte d&#039;identit\u00e9 ou carte d&#039;identit\u00e9 ? Maintenant disponible pour commander en ligne!\" class=\"pretty-link-keyword\"rel=\"\">identifiants<\/a>, <a href=\"https:\/\/www.ecrivus-multimedia.nl\/go\/geboorteakte-beedigde-vertaling-met-stempel\/\" title=\"Besoin d&#039;une traduction asserment\u00e9e de l&#039;acte de naissance ? Commandez en ligne maintenant !\" class=\"pretty-link-keyword\"rel=\"\">les actes de naissance<\/a>, <a href=\"https:\/\/www.ecrivus-multimedia.nl\/go\/huwelijksakte-vertalen-beedigd\/\" title=\"Besoin d&#039;une traduction asserment\u00e9e de l&#039;acte de mariage ? Commandez en ligne d\u00e8s maintenant !\" class=\"pretty-link-keyword\"rel=\"\">les actes de mariage<\/a>, mais aussi un <a href=\"https:\/\/www.ecrivus-multimedia.nl\/go\/bewijs-of-verklaring-bezit-nederlanderschap-beedigd\/\" title=\"Preuve\/D\u00e9claration de possession de la nationalit\u00e9 n\u00e9erlandaise sous serment ? Traduisez maintenant\u00a0!\" class=\"pretty-link-keyword\"rel=\"\">Preuve ou d\u00e9claration de possession de la citoyennet\u00e9 n\u00e9erlandaise<\/a>. Tu as un <a href=\"https:\/\/www.ecrivus-multimedia.nl\/go\/bewijs-of-verklaring-bezit-nederlanderschap-beedigd\/\" title=\"Preuve\/D\u00e9claration de possession de la nationalit\u00e9 n\u00e9erlandaise sous serment ? Traduisez maintenant\u00a0!\" class=\"pretty-link-keyword\"rel=\"\">D\u00e9claration de possession de la nationalit\u00e9 n\u00e9erlandaise<\/a> n\u00e9cessaire de prouver que vous avez la nationalit\u00e9 n\u00e9erlandaise. Cela est n\u00e9cessaire, par exemple, lors d&#039;un d\u00e9m\u00e9nagement \u00e0 l&#039;\u00e9tranger ou... <a href=\"https:\/\/www.ecrivus-multimedia.nl\/go\/huwelijksakte-vertalen-beedigd\/\" title=\"Besoin d&#039;une traduction asserment\u00e9e de l&#039;acte de mariage ? Commandez en ligne d\u00e8s maintenant !\" class=\"pretty-link-keyword\"rel=\"\">mariage<\/a>. Ou pour exercer certaines professions, comme un poste dans l&#039;administration publique. Ecrivus International n&#039;emploie que des traducteurs certifi\u00e9s et asserment\u00e9s poss\u00e9dant une vaste exp\u00e9rience dans la traduction de documents du <a href=\"https:\/\/www.ecrivus-multimedia.nl\/go\/verslag-betalingen-aan-overheden-beedigde-vertaling-met-stempel\/\" title=\"D\u00e9clarer des paiements \u00e0 des gouvernements traduction asserment\u00e9e ? Commandez dans notre boutique en ligne !\" class=\"pretty-link-keyword\"rel=\"\">gouvernement<\/a>. Par cons\u00e9quent, vous pouvez \u00eatre s\u00fbr que votre <a href=\"https:\/\/www.ecrivus-multimedia.nl\/go\/bewijs-of-verklaring-bezit-nederlanderschap-beedigd\/\" title=\"Preuve\/D\u00e9claration de possession de la nationalit\u00e9 n\u00e9erlandaise sous serment ? Traduisez maintenant\u00a0!\" class=\"pretty-link-keyword\"rel=\"\">Preuve de possession de la citoyennet\u00e9 n\u00e9erlandaise<\/a> traduit avec pr\u00e9cision dans la langue souhait\u00e9e.<\/p>\n<p><strong>Le <a href=\"https:\/\/www.ecrivus-multimedia.nl\/go\/be\u00ebdigde-vertaling\/\" title=\"Traductions asserment\u00e9es Archives | Ecrivus International Webshop\" class=\"pretty-link-keyword\"rel=\"\">traduction asserment\u00e9e<\/a> de votre <a href=\"https:\/\/www.ecrivus-multimedia.nl\/go\/bewijs-of-verklaring-bezit-nederlanderschap-beedigd\/\" title=\"Preuve\/D\u00e9claration de possession de la nationalit\u00e9 n\u00e9erlandaise sous serment ? Traduisez maintenant\u00a0!\" class=\"pretty-link-keyword\"rel=\"\">Preuve ou d\u00e9claration de possession de la citoyennet\u00e9 n\u00e9erlandaise<\/a> est entre de bonnes mains :<\/strong><\/p>\n<ul>\n<li>Traduction par des traducteurs asserment\u00e9s, exp\u00e9riment\u00e9s et sp\u00e9cialis\u00e9s <a href=\"http:\/\/www.ecrivus.nl\/juridische-vertalingen\/\">traducteur juridique<\/a><\/li>\n<li>Y compris <a href=\"http:\/\/www.ecrivus.nl\/proeflezen\/\">relecture<\/a><\/li>\n<li>Y compris <a href=\"http:\/\/www.ecrivus.nl\/qa-kwaliteitscontroles\/\">contr\u00f4les de qualit\u00e9<\/a><\/li>\n<li>Tarifs comp\u00e9titifs<\/li>\n<li>D\u00e9lai de livraison rapide<\/li>\n<li>Choix de <a href=\"http:\/\/www.ecrivus.nl\/talen\/\">des centaines de combinaisons linguistiques<\/a><\/li>\n<li>Livraison express possible<\/li>\n<li>Prise en charge de divers formats de fichiers, y compris le format PDF<\/li>\n<li>Livraison toujours recommand\u00e9e de votre <a href=\"https:\/\/www.ecrivus-multimedia.nl\/go\/be\u00ebdigde-vertaling\/\" title=\"Traductions asserment\u00e9es Archives | Ecrivus International Webshop\" class=\"pretty-link-keyword\"rel=\"\">traduction asserment\u00e9e<\/a> avec Track &amp; Trace<\/li>\n<li>Possibilit\u00e9 de faire marquer votre document d'un <a href=\"https:\/\/www.ecrivus-multimedia.nl\/go\/apostilles-legalisatie-landenoverzicht\/\" title=\"Apostilles (l\u00e9galisation) - aper\u00e7u des pays\" class=\"pretty-link-keyword\"rel=\"\">apostille<\/a> ou <a href=\"https:\/\/www.ecrivus-multimedia.nl\/go\/apostilles-legalisatie-landenoverzicht\/\" title=\"Apostilles (l\u00e9galisation) - aper\u00e7u des pays\" class=\"pretty-link-keyword\"rel=\"\">l\u00e9galisation<\/a> (l\u00e9galiser)<\/li>\n<\/ul>\n<p>Pour faire votre <a href=\"https:\/\/www.ecrivus-multimedia.nl\/go\/bewijs-of-verklaring-bezit-nederlanderschap-beedigd\/\" title=\"Preuve\/D\u00e9claration de possession de la nationalit\u00e9 n\u00e9erlandaise sous serment ? Traduisez maintenant\u00a0!\" class=\"pretty-link-keyword\"rel=\"\">Preuve de possession de la citoyennet\u00e9 n\u00e9erlandaise<\/a> Pour une traduction certifi\u00e9e directe, s\u00e9lectionnez ci-dessus le nombre de pages de votre document juridique et la combinaison linguistique souhait\u00e9e. Cliquez ensuite sur \"Ajouter au panier\". Vous pouvez ensuite t\u00e9l\u00e9charger une photo\/scan de votre <a href=\"https:\/\/www.ecrivus-multimedia.nl\/go\/bewijs-of-verklaring-bezit-nederlanderschap-beedigd\/\" title=\"Preuve\/D\u00e9claration de possession de la nationalit\u00e9 n\u00e9erlandaise sous serment ? Traduisez maintenant\u00a0!\" class=\"pretty-link-keyword\"rel=\"\">Preuve ou d\u00e9claration de possession de la citoyennet\u00e9 n\u00e9erlandaise<\/a> et l'ajouter \u00e0 votre commande. Nous proposons plusieurs options de paiement via des connexions s\u00e9curis\u00e9es (notamment iDeal, virement bancaire et PayPal).<\/p>\n<p><strong>D\u00e9lai de livraison standard<\/strong>5-6 jours ouvrables<\/p>","protected":false},"excerpt":{"rendered":"<p>Traduction professionnelle asserment\u00e9e avec cachet par un traducteur asserment\u00e9.<br \/>\nS\u00e9lectionnez la combinaison de langues ci-dessous :<\/p>","protected":false},"featured_media":132609,"comment_status":"open","ping_status":"closed","template":"","meta":{"_acf_changed":false,"_glsr_average":0,"_glsr_ranking":0,"_glsr_reviews":0,"_joinchat":[]},"product_brand":[],"product_cat":[107,624],"product_tag":[642,15973,112,15975,15974],"class_list":{"0":"post-127224","1":"product","2":"type-product","3":"status-publish","4":"has-post-thumbnail","6":"product_cat-beedigde-vertalingen","7":"product_cat-juridische-vertalingen","8":"product_tag-beedigd","9":"product_tag-bewijs-bezit-nederlanderschap","10":"product_tag-juridisch","11":"product_tag-nederlanderschap","12":"product_tag-verklaring-bezit-nederlanderschap","14":"first","15":"instock","16":"sold-individually","17":"taxable","18":"shipping-taxable","19":"purchasable","20":"product-type-variable"},"acf":[],"yoast_head":"<!-- This site is optimized with the Yoast SEO plugin v27.4 - https:\/\/yoast.com\/product\/yoast-seo-wordpress\/ -->\n<title>Bewijs\/Verklaring bezit Nederlanderschap be\u00ebdigd? Vertaal nu!<\/title>\n<meta name=\"description\" content=\"Bewijs of Verklaring bezit Nederlanderschap be\u00ebdigd vertalen? Bestel direct online! Offici\u00eble be\u00ebdigde vertaling met stempel. Alle talen. Snel in huis.\" \/>\n<meta name=\"robots\" content=\"index, follow, max-snippet:-1, max-image-preview:large, max-video-preview:-1\" \/>\n<link rel=\"canonical\" href=\"https:\/\/www.ecrivus-multimedia.nl\/fr\/produit\/preuve-ou-declaration-de-possession-de-la-citoyennete-neerlandaise-sous-serment\/\" \/>\n<meta property=\"og:locale\" content=\"fr_FR\" \/>\n<meta property=\"og:type\" content=\"article\" \/>\n<meta property=\"og:title\" content=\"Bewijs\/Verklaring bezit Nederlanderschap be\u00ebdigd? Vertaal nu!\" \/>\n<meta property=\"og:description\" content=\"Bewijs of Verklaring bezit Nederlanderschap be\u00ebdigd vertalen? Bestel direct online! Offici\u00eble be\u00ebdigde vertaling met stempel. Alle talen. Snel in huis.\" \/>\n<meta property=\"og:url\" content=\"https:\/\/www.ecrivus-multimedia.nl\/fr\/produit\/preuve-ou-declaration-de-possession-de-la-citoyennete-neerlandaise-sous-serment\/\" \/>\n<meta property=\"og:site_name\" content=\"Ecrivus International Webshop\" \/>\n<meta property=\"article:publisher\" content=\"https:\/\/www.facebook.com\/Ecrivus-International-676624782512639\/\" \/>\n<meta property=\"article:modified_time\" content=\"2026-04-12T10:13:17+00:00\" \/>\n<meta property=\"og:image\" content=\"https:\/\/www.ecrivus-multimedia.nl\/wp-content\/uploads\/2017\/08\/beedigde-vertaling2.webp\" \/>\n\t<meta property=\"og:image:width\" content=\"1000\" \/>\n\t<meta property=\"og:image:height\" content=\"623\" \/>\n\t<meta property=\"og:image:type\" content=\"image\/webp\" \/>\n<meta name=\"twitter:card\" content=\"summary_large_image\" \/>\n<meta name=\"twitter:site\" content=\"@ecrivusint\" \/>\n<meta name=\"twitter:label1\" content=\"Dur\u00e9e de lecture estim\u00e9e\" \/>\n\t<meta name=\"twitter:data1\" content=\"2 minutes\" \/>\n<script type=\"application\/ld+json\" class=\"yoast-schema-graph\">{\"@context\":\"https:\\\/\\\/schema.org\",\"@graph\":[{\"@type\":\"WebPage\",\"@id\":\"https:\\\/\\\/www.ecrivus-multimedia.nl\\\/product\\\/bewijs-of-verklaring-bezit-nederlanderschap-beedigd\\\/\",\"url\":\"https:\\\/\\\/www.ecrivus-multimedia.nl\\\/product\\\/bewijs-of-verklaring-bezit-nederlanderschap-beedigd\\\/\",\"name\":\"Bewijs\\\/Verklaring bezit Nederlanderschap be\u00ebdigd? Vertaal nu!\",\"isPartOf\":{\"@id\":\"https:\\\/\\\/www.ecrivus-multimedia.nl\\\/#website\"},\"primaryImageOfPage\":{\"@id\":\"https:\\\/\\\/www.ecrivus-multimedia.nl\\\/product\\\/bewijs-of-verklaring-bezit-nederlanderschap-beedigd\\\/#primaryimage\"},\"image\":{\"@id\":\"https:\\\/\\\/www.ecrivus-multimedia.nl\\\/product\\\/bewijs-of-verklaring-bezit-nederlanderschap-beedigd\\\/#primaryimage\"},\"thumbnailUrl\":\"https:\\\/\\\/www.ecrivus-multimedia.nl\\\/wp-content\\\/uploads\\\/2026\\\/04\\\/lakstempel-drukken-document-vooraanzicht-2.jpg\",\"datePublished\":\"2024-04-16T08:38:09+00:00\",\"dateModified\":\"2026-04-12T10:13:17+00:00\",\"description\":\"Bewijs of Verklaring bezit Nederlanderschap be\u00ebdigd vertalen? Bestel direct online! Offici\u00eble be\u00ebdigde vertaling met stempel. Alle talen. Snel in huis.\",\"breadcrumb\":{\"@id\":\"https:\\\/\\\/www.ecrivus-multimedia.nl\\\/product\\\/bewijs-of-verklaring-bezit-nederlanderschap-beedigd\\\/#breadcrumb\"},\"inLanguage\":\"fr-FR\",\"potentialAction\":[{\"@type\":\"ReadAction\",\"target\":[\"https:\\\/\\\/www.ecrivus-multimedia.nl\\\/product\\\/bewijs-of-verklaring-bezit-nederlanderschap-beedigd\\\/\"]}]},{\"@type\":\"ImageObject\",\"inLanguage\":\"fr-FR\",\"@id\":\"https:\\\/\\\/www.ecrivus-multimedia.nl\\\/product\\\/bewijs-of-verklaring-bezit-nederlanderschap-beedigd\\\/#primaryimage\",\"url\":\"https:\\\/\\\/www.ecrivus-multimedia.nl\\\/wp-content\\\/uploads\\\/2026\\\/04\\\/lakstempel-drukken-document-vooraanzicht-2.jpg\",\"contentUrl\":\"https:\\\/\\\/www.ecrivus-multimedia.nl\\\/wp-content\\\/uploads\\\/2026\\\/04\\\/lakstempel-drukken-document-vooraanzicht-2.jpg\",\"width\":1000,\"height\":667},{\"@type\":\"BreadcrumbList\",\"@id\":\"https:\\\/\\\/www.ecrivus-multimedia.nl\\\/product\\\/bewijs-of-verklaring-bezit-nederlanderschap-beedigd\\\/#breadcrumb\",\"itemListElement\":[{\"@type\":\"ListItem\",\"position\":1,\"name\":\"Home\",\"item\":\"https:\\\/\\\/www.ecrivus-multimedia.nl\\\/\"},{\"@type\":\"ListItem\",\"position\":2,\"name\":\"Shop\",\"item\":\"https:\\\/\\\/www.ecrivus-multimedia.nl\\\/shop\\\/\"},{\"@type\":\"ListItem\",\"position\":3,\"name\":\"Bewijs of Verklaring bezit Nederlanderschap (be\u00ebdigd)\"}]},{\"@type\":\"WebSite\",\"@id\":\"https:\\\/\\\/www.ecrivus-multimedia.nl\\\/#website\",\"url\":\"https:\\\/\\\/www.ecrivus-multimedia.nl\\\/\",\"name\":\"Ecrivus International Webshop\",\"description\":\"Erkende webshop voor be\u00ebdigde vertalingen.\",\"publisher\":{\"@id\":\"https:\\\/\\\/www.ecrivus-multimedia.nl\\\/#organization\"},\"potentialAction\":[{\"@type\":\"SearchAction\",\"target\":{\"@type\":\"EntryPoint\",\"urlTemplate\":\"https:\\\/\\\/www.ecrivus-multimedia.nl\\\/?s={search_term_string}\"},\"query-input\":{\"@type\":\"PropertyValueSpecification\",\"valueRequired\":true,\"valueName\":\"search_term_string\"}}],\"inLanguage\":\"fr-FR\"},{\"@type\":\"Organization\",\"@id\":\"https:\\\/\\\/www.ecrivus-multimedia.nl\\\/#organization\",\"name\":\"Ecrivus International\",\"url\":\"https:\\\/\\\/www.ecrivus-multimedia.nl\\\/\",\"logo\":{\"@type\":\"ImageObject\",\"inLanguage\":\"fr-FR\",\"@id\":\"https:\\\/\\\/www.ecrivus-multimedia.nl\\\/#\\\/schema\\\/logo\\\/image\\\/\",\"url\":\"https:\\\/\\\/www.ecrivus-multimedia.nl\\\/wp-content\\\/uploads\\\/2022\\\/01\\\/cropped-small-Logo-Ecrivus-Vector-Transparent2.png\",\"contentUrl\":\"https:\\\/\\\/www.ecrivus-multimedia.nl\\\/wp-content\\\/uploads\\\/2022\\\/01\\\/cropped-small-Logo-Ecrivus-Vector-Transparent2.png\",\"width\":512,\"height\":512,\"caption\":\"Ecrivus International\"},\"image\":{\"@id\":\"https:\\\/\\\/www.ecrivus-multimedia.nl\\\/#\\\/schema\\\/logo\\\/image\\\/\"},\"sameAs\":[\"https:\\\/\\\/www.facebook.com\\\/Ecrivus-International-676624782512639\\\/\",\"https:\\\/\\\/x.com\\\/ecrivusint\"]}]}<\/script>\n<!-- \/ Yoast SEO plugin. -->","yoast_head_json":{"title":"Bewijs\/Verklaring bezit Nederlanderschap be\u00ebdigd? Vertaal nu!","description":"Bewijs of Verklaring bezit Nederlanderschap be\u00ebdigd vertalen? Bestel direct online! Offici\u00eble be\u00ebdigde vertaling met stempel. Alle talen. Snel in huis.","robots":{"index":"index","follow":"follow","max-snippet":"max-snippet:-1","max-image-preview":"max-image-preview:large","max-video-preview":"max-video-preview:-1"},"canonical":"https:\/\/www.ecrivus-multimedia.nl\/fr\/produit\/preuve-ou-declaration-de-possession-de-la-citoyennete-neerlandaise-sous-serment\/","og_locale":"fr_FR","og_type":"article","og_title":"Bewijs\/Verklaring bezit Nederlanderschap be\u00ebdigd? Vertaal nu!","og_description":"Bewijs of Verklaring bezit Nederlanderschap be\u00ebdigd vertalen? Bestel direct online! Offici\u00eble be\u00ebdigde vertaling met stempel. Alle talen. Snel in huis.","og_url":"https:\/\/www.ecrivus-multimedia.nl\/fr\/produit\/preuve-ou-declaration-de-possession-de-la-citoyennete-neerlandaise-sous-serment\/","og_site_name":"Ecrivus International Webshop","article_publisher":"https:\/\/www.facebook.com\/Ecrivus-International-676624782512639\/","article_modified_time":"2026-04-12T10:13:17+00:00","og_image":[{"width":1000,"height":623,"url":"https:\/\/www.ecrivus-multimedia.nl\/wp-content\/uploads\/2017\/08\/beedigde-vertaling2.webp","type":"image\/webp"}],"twitter_card":"summary_large_image","twitter_site":"@ecrivusint","twitter_misc":{"Dur\u00e9e de lecture estim\u00e9e":"2 minutes"},"schema":{"@context":"https:\/\/schema.org","@graph":[{"@type":"WebPage","@id":"https:\/\/www.ecrivus-multimedia.nl\/product\/bewijs-of-verklaring-bezit-nederlanderschap-beedigd\/","url":"https:\/\/www.ecrivus-multimedia.nl\/product\/bewijs-of-verklaring-bezit-nederlanderschap-beedigd\/","name":"Bewijs\/Verklaring bezit Nederlanderschap be\u00ebdigd? Vertaal nu!","isPartOf":{"@id":"https:\/\/www.ecrivus-multimedia.nl\/#website"},"primaryImageOfPage":{"@id":"https:\/\/www.ecrivus-multimedia.nl\/product\/bewijs-of-verklaring-bezit-nederlanderschap-beedigd\/#primaryimage"},"image":{"@id":"https:\/\/www.ecrivus-multimedia.nl\/product\/bewijs-of-verklaring-bezit-nederlanderschap-beedigd\/#primaryimage"},"thumbnailUrl":"https:\/\/www.ecrivus-multimedia.nl\/wp-content\/uploads\/2026\/04\/lakstempel-drukken-document-vooraanzicht-2.jpg","datePublished":"2024-04-16T08:38:09+00:00","dateModified":"2026-04-12T10:13:17+00:00","description":"Bewijs of Verklaring bezit Nederlanderschap be\u00ebdigd vertalen? Bestel direct online! Offici\u00eble be\u00ebdigde vertaling met stempel. Alle talen. Snel in huis.","breadcrumb":{"@id":"https:\/\/www.ecrivus-multimedia.nl\/product\/bewijs-of-verklaring-bezit-nederlanderschap-beedigd\/#breadcrumb"},"inLanguage":"fr-FR","potentialAction":[{"@type":"ReadAction","target":["https:\/\/www.ecrivus-multimedia.nl\/product\/bewijs-of-verklaring-bezit-nederlanderschap-beedigd\/"]}]},{"@type":"ImageObject","inLanguage":"fr-FR","@id":"https:\/\/www.ecrivus-multimedia.nl\/product\/bewijs-of-verklaring-bezit-nederlanderschap-beedigd\/#primaryimage","url":"https:\/\/www.ecrivus-multimedia.nl\/wp-content\/uploads\/2026\/04\/lakstempel-drukken-document-vooraanzicht-2.jpg","contentUrl":"https:\/\/www.ecrivus-multimedia.nl\/wp-content\/uploads\/2026\/04\/lakstempel-drukken-document-vooraanzicht-2.jpg","width":1000,"height":667},{"@type":"BreadcrumbList","@id":"https:\/\/www.ecrivus-multimedia.nl\/product\/bewijs-of-verklaring-bezit-nederlanderschap-beedigd\/#breadcrumb","itemListElement":[{"@type":"ListItem","position":1,"name":"Home","item":"https:\/\/www.ecrivus-multimedia.nl\/"},{"@type":"ListItem","position":2,"name":"Shop","item":"https:\/\/www.ecrivus-multimedia.nl\/shop\/"},{"@type":"ListItem","position":3,"name":"Bewijs of Verklaring bezit Nederlanderschap (be\u00ebdigd)"}]},{"@type":"WebSite","@id":"https:\/\/www.ecrivus-multimedia.nl\/#website","url":"https:\/\/www.ecrivus-multimedia.nl\/","name":"Ecrivus International Webshop","description":"Erkende webshop voor be\u00ebdigde vertalingen.","publisher":{"@id":"https:\/\/www.ecrivus-multimedia.nl\/#organization"},"potentialAction":[{"@type":"SearchAction","target":{"@type":"EntryPoint","urlTemplate":"https:\/\/www.ecrivus-multimedia.nl\/?s={search_term_string}"},"query-input":{"@type":"PropertyValueSpecification","valueRequired":true,"valueName":"search_term_string"}}],"inLanguage":"fr-FR"},{"@type":"Organization","@id":"https:\/\/www.ecrivus-multimedia.nl\/#organization","name":"Ecrivus International","url":"https:\/\/www.ecrivus-multimedia.nl\/","logo":{"@type":"ImageObject","inLanguage":"fr-FR","@id":"https:\/\/www.ecrivus-multimedia.nl\/#\/schema\/logo\/image\/","url":"https:\/\/www.ecrivus-multimedia.nl\/wp-content\/uploads\/2022\/01\/cropped-small-Logo-Ecrivus-Vector-Transparent2.png","contentUrl":"https:\/\/www.ecrivus-multimedia.nl\/wp-content\/uploads\/2022\/01\/cropped-small-Logo-Ecrivus-Vector-Transparent2.png","width":512,"height":512,"caption":"Ecrivus International"},"image":{"@id":"https:\/\/www.ecrivus-multimedia.nl\/#\/schema\/logo\/image\/"},"sameAs":["https:\/\/www.facebook.com\/Ecrivus-International-676624782512639\/","https:\/\/x.com\/ecrivusint"]}]}},"_links":{"self":[{"href":"https:\/\/www.ecrivus-multimedia.nl\/fr\/wp-json\/wp\/v2\/product\/127224","targetHints":{"allow":["GET"]}}],"collection":[{"href":"https:\/\/www.ecrivus-multimedia.nl\/fr\/wp-json\/wp\/v2\/product"}],"about":[{"href":"https:\/\/www.ecrivus-multimedia.nl\/fr\/wp-json\/wp\/v2\/types\/product"}],"replies":[{"embeddable":true,"href":"https:\/\/www.ecrivus-multimedia.nl\/fr\/wp-json\/wp\/v2\/comments?post=127224"}],"wp:featuredmedia":[{"embeddable":true,"href":"https:\/\/www.ecrivus-multimedia.nl\/fr\/wp-json\/wp\/v2\/media\/132609"}],"wp:attachment":[{"href":"https:\/\/www.ecrivus-multimedia.nl\/fr\/wp-json\/wp\/v2\/media?parent=127224"}],"wp:term":[{"taxonomy":"product_brand","embeddable":true,"href":"https:\/\/www.ecrivus-multimedia.nl\/fr\/wp-json\/wp\/v2\/product_brand?post=127224"},{"taxonomy":"product_cat","embeddable":true,"href":"https:\/\/www.ecrivus-multimedia.nl\/fr\/wp-json\/wp\/v2\/product_cat?post=127224"},{"taxonomy":"product_tag","embeddable":true,"href":"https:\/\/www.ecrivus-multimedia.nl\/fr\/wp-json\/wp\/v2\/product_tag?post=127224"}],"curies":[{"name":"wp","href":"https:\/\/api.w.org\/{rel}","templated":true}]}}