{"id":40087,"date":"2018-01-04T11:59:18","date_gmt":"2018-01-04T10:59:18","guid":{"rendered":"http:\/\/www.ecrivus-multimedia.nl\/?post_type=product&#038;p=40087\/"},"modified":"2026-04-13T09:03:57","modified_gmt":"2026-04-13T07:03:57","slug":"verklaring-omtrent-gedrag-vog-beedigd-vertalen","status":"publish","type":"product","link":"https:\/\/www.ecrivus-multimedia.nl\/fr\/produit\/certificat-de-bonne-conduite-vog-traduction-assermentee\/","title":{"rendered":"Traduction du certificat de bonne vie et m\u0153urs (asserment\u00e9)"},"content":{"rendered":"<h4>Certificat de bonne conduite (VOG) (traduction asserment\u00e9e avec cachet)<\/h4>\n<p>Le <a href=\"https:\/\/www.ecrivus-multimedia.nl\/go\/be\u00ebdigde-vertaling\/\" title=\"Traductions asserment\u00e9es Archives | Ecrivus International Webshop\" class=\"pretty-link-keyword\"rel=\"\">traduction asserment\u00e9e<\/a> de votre <a href=\"https:\/\/www.ecrivus-multimedia.nl\/go\/verklaring-omtrent-gedrag-vog-beedigd-vertalen\/\" title=\"Traduction asserment\u00e9e d&#039;un certificat de bonne conduite (VOG) ? Commandez en ligne d\u00e8s maintenant !\" class=\"pretty-link-keyword\"rel=\"\">Certificat de bonne conduite<\/a> (<a href=\"https:\/\/www.ecrivus-multimedia.nl\/go\/verklaring-omtrent-gedrag-vog-beedigd-vertalen\/\" title=\"Traduction asserment\u00e9e d&#039;un certificat de bonne conduite (VOG) ? Commandez en ligne d\u00e8s maintenant !\" class=\"pretty-link-keyword\"rel=\"\">VOG<\/a>) peuvent d\u00e9sormais \u00eatre facilement command\u00e9s en ligne.<\/p>\n<p>Corps \u00e9trangers, <a href=\"https:\/\/www.ecrivus-multimedia.nl\/go\/verslag-betalingen-aan-overheden-beedigde-vertaling-met-stempel\/\" title=\"D\u00e9clarer des paiements \u00e0 des gouvernements traduction asserment\u00e9e ? Commandez dans notre boutique en ligne !\" class=\"pretty-link-keyword\"rel=\"\">les gouvernements<\/a>, les \u00e9tablissements d&#039;enseignement et les employeurs peuvent demander un <a href=\"https:\/\/www.ecrivus-multimedia.nl\/go\/be\u00ebdigde-vertaling\/\" title=\"Traductions asserment\u00e9es Archives | Ecrivus International Webshop\" class=\"pretty-link-keyword\"rel=\"\">traduction asserment\u00e9e<\/a> de votre <a href=\"https:\/\/www.ecrivus-multimedia.nl\/go\/verklaring-omtrent-gedrag-vog-beedigd-vertalen\/\" title=\"Traduction asserment\u00e9e d&#039;un certificat de bonne conduite (VOG) ? Commandez en ligne d\u00e8s maintenant !\" class=\"pretty-link-keyword\"rel=\"\">Certificat de bonne conduite<\/a> (Anglais: <em>Certificat de conduite<\/em>). Ecrivus International n&#039;emploie que des traducteurs certifi\u00e9s et asserment\u00e9s poss\u00e9dant une vaste exp\u00e9rience en traduction. <a href=\"https:\/\/www.ecrivus-multimedia.nl\/go\/verklaring-omtrent-gedrag-vog-beedigd-vertalen\/\" title=\"Traduction asserment\u00e9e d&#039;un certificat de bonne conduite (VOG) ? Commandez en ligne d\u00e8s maintenant !\" class=\"pretty-link-keyword\"rel=\"\">Certificat de bonne conduite<\/a> (<a href=\"https:\/\/www.ecrivus-multimedia.nl\/go\/verklaring-omtrent-gedrag-vog-beedigd-vertalen\/\" title=\"Traduction asserment\u00e9e d&#039;un certificat de bonne conduite (VOG) ? Commandez en ligne d\u00e8s maintenant !\" class=\"pretty-link-keyword\"rel=\"\">VOG<\/a>). Cela signifie que vous pouvez \u00eatre s\u00fbr que votre <a href=\"https:\/\/www.ecrivus-multimedia.nl\/go\/verklaring-omtrent-gedrag-vog-beedigd-vertalen\/\" title=\"Traduction asserment\u00e9e d&#039;un certificat de bonne conduite (VOG) ? Commandez en ligne d\u00e8s maintenant !\" class=\"pretty-link-keyword\"rel=\"\">VOG<\/a> traduit avec pr\u00e9cision dans la langue souhait\u00e9e.<\/p>\n<h4>La traduction asserment\u00e9e de votre certificat de bonne conduite (VOG) est entre de bonnes mains chez nous :<\/h4>\n<ul>\n<li>Traduction par des traducteurs asserment\u00e9s, exp\u00e9riment\u00e9s et sp\u00e9cialis\u00e9s <a href=\"http:\/\/www.ecrivus.nl\/juridische-vertalingen\/\">traducteur juridique<\/a><\/li>\n<li>Y compris <a href=\"http:\/\/www.ecrivus.nl\/proeflezen\/\">relecture<\/a><\/li>\n<li>Y compris <a href=\"http:\/\/www.ecrivus.nl\/qa-kwaliteitscontroles\/\">contr\u00f4les de qualit\u00e9<\/a><\/li>\n<li>Tarifs comp\u00e9titifs<\/li>\n<li>D\u00e9lai de livraison rapide<\/li>\n<li>Choix de <a href=\"http:\/\/www.ecrivus.nl\/talen\/\">des centaines de combinaisons linguistiques<\/a><\/li>\n<li>Livraison express possible<\/li>\n<li>Prise en charge de divers formats de fichiers, y compris le format PDF<\/li>\n<li>Livraison toujours recommand\u00e9e de votre <a href=\"https:\/\/www.ecrivus-multimedia.nl\/go\/be\u00ebdigde-vertaling\/\" title=\"Traductions asserment\u00e9es Archives | Ecrivus International Webshop\" class=\"pretty-link-keyword\"rel=\"\">traduction asserment\u00e9e<\/a> avec Track &amp; Trace<\/li>\n<li>Possibilit\u00e9 de faire marquer votre document d'un <a href=\"https:\/\/www.ecrivus-multimedia.nl\/go\/apostilles-legalisatie-landenoverzicht\/\" title=\"Apostilles (l\u00e9galisation) - aper\u00e7u des pays\" class=\"pretty-link-keyword\"rel=\"\">apostille<\/a> ou <a href=\"https:\/\/www.ecrivus-multimedia.nl\/go\/apostilles-legalisatie-landenoverzicht\/\" title=\"Apostilles (l\u00e9galisation) - aper\u00e7u des pays\" class=\"pretty-link-keyword\"rel=\"\">l\u00e9galisation<\/a> (l\u00e9galiser)<\/li>\n<\/ul>\n<p>Pour faire votre <a href=\"https:\/\/www.ecrivus-multimedia.nl\/go\/verklaring-omtrent-gedrag-vog-beedigd-vertalen\/\" title=\"Traduction asserment\u00e9e d&#039;un certificat de bonne conduite (VOG) ? Commandez en ligne d\u00e8s maintenant !\" class=\"pretty-link-keyword\"rel=\"\">VOG<\/a> pour le faire traduire imm\u00e9diatement, s\u00e9lectionnez le nombre de pages ci-dessus <a href=\"https:\/\/www.ecrivus-multimedia.nl\/go\/verklaring-omtrent-gedrag-vog-beedigd-vertalen\/\" title=\"Traduction asserment\u00e9e d&#039;un certificat de bonne conduite (VOG) ? Commandez en ligne d\u00e8s maintenant !\" class=\"pretty-link-keyword\"rel=\"\">Certificat de bonne conduite<\/a> et la combinaison de langues souhait\u00e9e. Cliquez ensuite sur &#039;Ajouter au panier&#039;. Vous pouvez ensuite prendre une photo\/scanner votre <a href=\"https:\/\/www.ecrivus-multimedia.nl\/go\/verklaring-omtrent-gedrag-vog-beedigd-vertalen\/\" title=\"Traduction asserment\u00e9e d&#039;un certificat de bonne conduite (VOG) ? Commandez en ligne d\u00e8s maintenant !\" class=\"pretty-link-keyword\"rel=\"\">Certificat de bonne conduite<\/a> (<a href=\"https:\/\/www.ecrivus-multimedia.nl\/go\/verklaring-omtrent-gedrag-vog-beedigd-vertalen\/\" title=\"Traduction asserment\u00e9e d&#039;un certificat de bonne conduite (VOG) ? Commandez en ligne d\u00e8s maintenant !\" class=\"pretty-link-keyword\"rel=\"\">VOG<\/a>) t\u00e9l\u00e9chargez et ajoutez \u00e0 votre commande. Nous proposons diff\u00e9rentes options de paiement via des connexions s\u00e9curis\u00e9es (notamment iDeal, virement bancaire et PayPal).<\/p>\n<p><strong>D\u00e9lai de livraison standard<\/strong>5-6 jours ouvrables<\/p>","protected":false},"excerpt":{"rendered":"<p>Traduction professionnelle asserment\u00e9e avec cachet par un traducteur asserment\u00e9.<br \/>\nS\u00e9lectionnez la combinaison de langues ci-dessous :<\/p>","protected":false},"featured_media":132687,"comment_status":"open","ping_status":"closed","template":"","meta":{"_acf_changed":false,"_glsr_average":0,"_glsr_ranking":0,"_glsr_reviews":0,"_joinchat":[]},"product_brand":[],"product_cat":[107,624],"product_tag":[663,660,658,659,661,662],"class_list":{"0":"post-40087","1":"product","2":"type-product","3":"status-publish","4":"has-post-thumbnail","6":"product_cat-beedigde-vertalingen","7":"product_cat-juridische-vertalingen","8":"product_tag-overheid","9":"product_tag-reisdocument","10":"product_tag-verklaring-omtrent-gedrag","11":"product_tag-vog","12":"product_tag-werkgever","13":"product_tag-werknemer","15":"first","16":"instock","17":"sold-individually","18":"taxable","19":"shipping-taxable","20":"purchasable","21":"product-type-variable"},"acf":[],"yoast_head":"<!-- This site is optimized with the Yoast SEO plugin v27.4 - https:\/\/yoast.com\/product\/yoast-seo-wordpress\/ -->\n<title>Verklaring Omtrent Gedrag (VOG) be\u00ebdigd vertalen? Nu online bestelbaar!<\/title>\n<meta name=\"description\" content=\"Verklaring Omtrent Gedrag (VOG) be\u00ebdigd vertalen? Bestel direct online! Offici\u00eble be\u00ebdigde vertaling met stempel van uw VOG. Alle talen. Binnen 3 werkdagen in huis. Betaling via iDeal of PayPal.\" \/>\n<meta name=\"robots\" content=\"index, follow, max-snippet:-1, max-image-preview:large, max-video-preview:-1\" \/>\n<link rel=\"canonical\" href=\"https:\/\/www.ecrivus-multimedia.nl\/fr\/produit\/certificat-de-bonne-conduite-vog-traduction-assermentee\/\" \/>\n<meta property=\"og:locale\" content=\"fr_FR\" \/>\n<meta property=\"og:type\" content=\"article\" \/>\n<meta property=\"og:title\" content=\"Verklaring Omtrent Gedrag (VOG) be\u00ebdigd vertalen? Nu online bestelbaar!\" \/>\n<meta property=\"og:description\" content=\"Verklaring Omtrent Gedrag (VOG) be\u00ebdigd vertalen? Bestel direct online! Offici\u00eble be\u00ebdigde vertaling met stempel van uw VOG. Alle talen. Binnen 3 werkdagen in huis. Betaling via iDeal of PayPal.\" \/>\n<meta property=\"og:url\" content=\"https:\/\/www.ecrivus-multimedia.nl\/fr\/produit\/certificat-de-bonne-conduite-vog-traduction-assermentee\/\" \/>\n<meta property=\"og:site_name\" content=\"Ecrivus International Webshop\" \/>\n<meta property=\"article:publisher\" content=\"https:\/\/www.facebook.com\/Ecrivus-International-676624782512639\/\" \/>\n<meta property=\"article:modified_time\" content=\"2026-04-13T07:03:57+00:00\" \/>\n<meta property=\"og:image\" content=\"https:\/\/www.ecrivus-multimedia.nl\/wp-content\/uploads\/2018\/01\/vog-verklaring-omtrent-gedrag-aanvragen.webp\" \/>\n\t<meta property=\"og:image:width\" content=\"1000\" \/>\n\t<meta property=\"og:image:height\" content=\"667\" \/>\n\t<meta property=\"og:image:type\" content=\"image\/webp\" \/>\n<meta name=\"twitter:card\" content=\"summary_large_image\" \/>\n<meta name=\"twitter:site\" content=\"@ecrivusint\" \/>\n<meta name=\"twitter:label1\" content=\"Dur\u00e9e de lecture estim\u00e9e\" \/>\n\t<meta name=\"twitter:data1\" content=\"2 minutes\" \/>\n<script type=\"application\/ld+json\" class=\"yoast-schema-graph\">{\"@context\":\"https:\\\/\\\/schema.org\",\"@graph\":[{\"@type\":\"WebPage\",\"@id\":\"https:\\\/\\\/www.ecrivus-multimedia.nl\\\/product\\\/verklaring-omtrent-gedrag-vog-beedigd-vertalen\\\/\",\"url\":\"https:\\\/\\\/www.ecrivus-multimedia.nl\\\/product\\\/verklaring-omtrent-gedrag-vog-beedigd-vertalen\\\/\",\"name\":\"Verklaring Omtrent Gedrag (VOG) be\u00ebdigd vertalen? Nu online bestelbaar!\",\"isPartOf\":{\"@id\":\"https:\\\/\\\/www.ecrivus-multimedia.nl\\\/#website\"},\"primaryImageOfPage\":{\"@id\":\"https:\\\/\\\/www.ecrivus-multimedia.nl\\\/product\\\/verklaring-omtrent-gedrag-vog-beedigd-vertalen\\\/#primaryimage\"},\"image\":{\"@id\":\"https:\\\/\\\/www.ecrivus-multimedia.nl\\\/product\\\/verklaring-omtrent-gedrag-vog-beedigd-vertalen\\\/#primaryimage\"},\"thumbnailUrl\":\"https:\\\/\\\/www.ecrivus-multimedia.nl\\\/wp-content\\\/uploads\\\/2018\\\/01\\\/vog-verklaring-omtrent-gedrag-aanvragen.webp\",\"datePublished\":\"2018-01-04T10:59:18+00:00\",\"dateModified\":\"2026-04-13T07:03:57+00:00\",\"description\":\"Verklaring Omtrent Gedrag (VOG) be\u00ebdigd vertalen? Bestel direct online! Offici\u00eble be\u00ebdigde vertaling met stempel van uw VOG. Alle talen. Binnen 3 werkdagen in huis. Betaling via iDeal of PayPal.\",\"breadcrumb\":{\"@id\":\"https:\\\/\\\/www.ecrivus-multimedia.nl\\\/product\\\/verklaring-omtrent-gedrag-vog-beedigd-vertalen\\\/#breadcrumb\"},\"inLanguage\":\"fr-FR\",\"potentialAction\":[{\"@type\":\"ReadAction\",\"target\":[\"https:\\\/\\\/www.ecrivus-multimedia.nl\\\/product\\\/verklaring-omtrent-gedrag-vog-beedigd-vertalen\\\/\"]}]},{\"@type\":\"ImageObject\",\"inLanguage\":\"fr-FR\",\"@id\":\"https:\\\/\\\/www.ecrivus-multimedia.nl\\\/product\\\/verklaring-omtrent-gedrag-vog-beedigd-vertalen\\\/#primaryimage\",\"url\":\"https:\\\/\\\/www.ecrivus-multimedia.nl\\\/wp-content\\\/uploads\\\/2018\\\/01\\\/vog-verklaring-omtrent-gedrag-aanvragen.webp\",\"contentUrl\":\"https:\\\/\\\/www.ecrivus-multimedia.nl\\\/wp-content\\\/uploads\\\/2018\\\/01\\\/vog-verklaring-omtrent-gedrag-aanvragen.webp\",\"width\":1000,\"height\":667},{\"@type\":\"BreadcrumbList\",\"@id\":\"https:\\\/\\\/www.ecrivus-multimedia.nl\\\/product\\\/verklaring-omtrent-gedrag-vog-beedigd-vertalen\\\/#breadcrumb\",\"itemListElement\":[{\"@type\":\"ListItem\",\"position\":1,\"name\":\"Home\",\"item\":\"https:\\\/\\\/www.ecrivus-multimedia.nl\\\/\"},{\"@type\":\"ListItem\",\"position\":2,\"name\":\"Shop\",\"item\":\"https:\\\/\\\/www.ecrivus-multimedia.nl\\\/shop\\\/\"},{\"@type\":\"ListItem\",\"position\":3,\"name\":\"Verklaring Omtrent Gedrag vertalen (be\u00ebdigd)\"}]},{\"@type\":\"WebSite\",\"@id\":\"https:\\\/\\\/www.ecrivus-multimedia.nl\\\/#website\",\"url\":\"https:\\\/\\\/www.ecrivus-multimedia.nl\\\/\",\"name\":\"Ecrivus International Webshop\",\"description\":\"Erkende webshop voor be\u00ebdigde vertalingen.\",\"publisher\":{\"@id\":\"https:\\\/\\\/www.ecrivus-multimedia.nl\\\/#organization\"},\"potentialAction\":[{\"@type\":\"SearchAction\",\"target\":{\"@type\":\"EntryPoint\",\"urlTemplate\":\"https:\\\/\\\/www.ecrivus-multimedia.nl\\\/?s={search_term_string}\"},\"query-input\":{\"@type\":\"PropertyValueSpecification\",\"valueRequired\":true,\"valueName\":\"search_term_string\"}}],\"inLanguage\":\"fr-FR\"},{\"@type\":\"Organization\",\"@id\":\"https:\\\/\\\/www.ecrivus-multimedia.nl\\\/#organization\",\"name\":\"Ecrivus International\",\"url\":\"https:\\\/\\\/www.ecrivus-multimedia.nl\\\/\",\"logo\":{\"@type\":\"ImageObject\",\"inLanguage\":\"fr-FR\",\"@id\":\"https:\\\/\\\/www.ecrivus-multimedia.nl\\\/#\\\/schema\\\/logo\\\/image\\\/\",\"url\":\"https:\\\/\\\/www.ecrivus-multimedia.nl\\\/wp-content\\\/uploads\\\/2022\\\/01\\\/cropped-small-Logo-Ecrivus-Vector-Transparent2.png\",\"contentUrl\":\"https:\\\/\\\/www.ecrivus-multimedia.nl\\\/wp-content\\\/uploads\\\/2022\\\/01\\\/cropped-small-Logo-Ecrivus-Vector-Transparent2.png\",\"width\":512,\"height\":512,\"caption\":\"Ecrivus International\"},\"image\":{\"@id\":\"https:\\\/\\\/www.ecrivus-multimedia.nl\\\/#\\\/schema\\\/logo\\\/image\\\/\"},\"sameAs\":[\"https:\\\/\\\/www.facebook.com\\\/Ecrivus-International-676624782512639\\\/\",\"https:\\\/\\\/x.com\\\/ecrivusint\"]}]}<\/script>\n<!-- \/ Yoast SEO plugin. -->","yoast_head_json":{"title":"Verklaring Omtrent Gedrag (VOG) be\u00ebdigd vertalen? Nu online bestelbaar!","description":"Verklaring Omtrent Gedrag (VOG) be\u00ebdigd vertalen? Bestel direct online! Offici\u00eble be\u00ebdigde vertaling met stempel van uw VOG. Alle talen. Binnen 3 werkdagen in huis. Betaling via iDeal of PayPal.","robots":{"index":"index","follow":"follow","max-snippet":"max-snippet:-1","max-image-preview":"max-image-preview:large","max-video-preview":"max-video-preview:-1"},"canonical":"https:\/\/www.ecrivus-multimedia.nl\/fr\/produit\/certificat-de-bonne-conduite-vog-traduction-assermentee\/","og_locale":"fr_FR","og_type":"article","og_title":"Verklaring Omtrent Gedrag (VOG) be\u00ebdigd vertalen? Nu online bestelbaar!","og_description":"Verklaring Omtrent Gedrag (VOG) be\u00ebdigd vertalen? Bestel direct online! Offici\u00eble be\u00ebdigde vertaling met stempel van uw VOG. Alle talen. Binnen 3 werkdagen in huis. Betaling via iDeal of PayPal.","og_url":"https:\/\/www.ecrivus-multimedia.nl\/fr\/produit\/certificat-de-bonne-conduite-vog-traduction-assermentee\/","og_site_name":"Ecrivus International Webshop","article_publisher":"https:\/\/www.facebook.com\/Ecrivus-International-676624782512639\/","article_modified_time":"2026-04-13T07:03:57+00:00","og_image":[{"width":1000,"height":667,"url":"https:\/\/www.ecrivus-multimedia.nl\/wp-content\/uploads\/2018\/01\/vog-verklaring-omtrent-gedrag-aanvragen.webp","type":"image\/webp"}],"twitter_card":"summary_large_image","twitter_site":"@ecrivusint","twitter_misc":{"Dur\u00e9e de lecture estim\u00e9e":"2 minutes"},"schema":{"@context":"https:\/\/schema.org","@graph":[{"@type":"WebPage","@id":"https:\/\/www.ecrivus-multimedia.nl\/product\/verklaring-omtrent-gedrag-vog-beedigd-vertalen\/","url":"https:\/\/www.ecrivus-multimedia.nl\/product\/verklaring-omtrent-gedrag-vog-beedigd-vertalen\/","name":"Verklaring Omtrent Gedrag (VOG) be\u00ebdigd vertalen? Nu online bestelbaar!","isPartOf":{"@id":"https:\/\/www.ecrivus-multimedia.nl\/#website"},"primaryImageOfPage":{"@id":"https:\/\/www.ecrivus-multimedia.nl\/product\/verklaring-omtrent-gedrag-vog-beedigd-vertalen\/#primaryimage"},"image":{"@id":"https:\/\/www.ecrivus-multimedia.nl\/product\/verklaring-omtrent-gedrag-vog-beedigd-vertalen\/#primaryimage"},"thumbnailUrl":"https:\/\/www.ecrivus-multimedia.nl\/wp-content\/uploads\/2018\/01\/vog-verklaring-omtrent-gedrag-aanvragen.webp","datePublished":"2018-01-04T10:59:18+00:00","dateModified":"2026-04-13T07:03:57+00:00","description":"Verklaring Omtrent Gedrag (VOG) be\u00ebdigd vertalen? Bestel direct online! Offici\u00eble be\u00ebdigde vertaling met stempel van uw VOG. Alle talen. Binnen 3 werkdagen in huis. Betaling via iDeal of PayPal.","breadcrumb":{"@id":"https:\/\/www.ecrivus-multimedia.nl\/product\/verklaring-omtrent-gedrag-vog-beedigd-vertalen\/#breadcrumb"},"inLanguage":"fr-FR","potentialAction":[{"@type":"ReadAction","target":["https:\/\/www.ecrivus-multimedia.nl\/product\/verklaring-omtrent-gedrag-vog-beedigd-vertalen\/"]}]},{"@type":"ImageObject","inLanguage":"fr-FR","@id":"https:\/\/www.ecrivus-multimedia.nl\/product\/verklaring-omtrent-gedrag-vog-beedigd-vertalen\/#primaryimage","url":"https:\/\/www.ecrivus-multimedia.nl\/wp-content\/uploads\/2018\/01\/vog-verklaring-omtrent-gedrag-aanvragen.webp","contentUrl":"https:\/\/www.ecrivus-multimedia.nl\/wp-content\/uploads\/2018\/01\/vog-verklaring-omtrent-gedrag-aanvragen.webp","width":1000,"height":667},{"@type":"BreadcrumbList","@id":"https:\/\/www.ecrivus-multimedia.nl\/product\/verklaring-omtrent-gedrag-vog-beedigd-vertalen\/#breadcrumb","itemListElement":[{"@type":"ListItem","position":1,"name":"Home","item":"https:\/\/www.ecrivus-multimedia.nl\/"},{"@type":"ListItem","position":2,"name":"Shop","item":"https:\/\/www.ecrivus-multimedia.nl\/shop\/"},{"@type":"ListItem","position":3,"name":"Verklaring Omtrent Gedrag vertalen (be\u00ebdigd)"}]},{"@type":"WebSite","@id":"https:\/\/www.ecrivus-multimedia.nl\/#website","url":"https:\/\/www.ecrivus-multimedia.nl\/","name":"Ecrivus International Webshop","description":"Erkende webshop voor be\u00ebdigde vertalingen.","publisher":{"@id":"https:\/\/www.ecrivus-multimedia.nl\/#organization"},"potentialAction":[{"@type":"SearchAction","target":{"@type":"EntryPoint","urlTemplate":"https:\/\/www.ecrivus-multimedia.nl\/?s={search_term_string}"},"query-input":{"@type":"PropertyValueSpecification","valueRequired":true,"valueName":"search_term_string"}}],"inLanguage":"fr-FR"},{"@type":"Organization","@id":"https:\/\/www.ecrivus-multimedia.nl\/#organization","name":"Ecrivus International","url":"https:\/\/www.ecrivus-multimedia.nl\/","logo":{"@type":"ImageObject","inLanguage":"fr-FR","@id":"https:\/\/www.ecrivus-multimedia.nl\/#\/schema\/logo\/image\/","url":"https:\/\/www.ecrivus-multimedia.nl\/wp-content\/uploads\/2022\/01\/cropped-small-Logo-Ecrivus-Vector-Transparent2.png","contentUrl":"https:\/\/www.ecrivus-multimedia.nl\/wp-content\/uploads\/2022\/01\/cropped-small-Logo-Ecrivus-Vector-Transparent2.png","width":512,"height":512,"caption":"Ecrivus International"},"image":{"@id":"https:\/\/www.ecrivus-multimedia.nl\/#\/schema\/logo\/image\/"},"sameAs":["https:\/\/www.facebook.com\/Ecrivus-International-676624782512639\/","https:\/\/x.com\/ecrivusint"]}]}},"_links":{"self":[{"href":"https:\/\/www.ecrivus-multimedia.nl\/fr\/wp-json\/wp\/v2\/product\/40087","targetHints":{"allow":["GET"]}}],"collection":[{"href":"https:\/\/www.ecrivus-multimedia.nl\/fr\/wp-json\/wp\/v2\/product"}],"about":[{"href":"https:\/\/www.ecrivus-multimedia.nl\/fr\/wp-json\/wp\/v2\/types\/product"}],"replies":[{"embeddable":true,"href":"https:\/\/www.ecrivus-multimedia.nl\/fr\/wp-json\/wp\/v2\/comments?post=40087"}],"wp:featuredmedia":[{"embeddable":true,"href":"https:\/\/www.ecrivus-multimedia.nl\/fr\/wp-json\/wp\/v2\/media\/132687"}],"wp:attachment":[{"href":"https:\/\/www.ecrivus-multimedia.nl\/fr\/wp-json\/wp\/v2\/media?parent=40087"}],"wp:term":[{"taxonomy":"product_brand","embeddable":true,"href":"https:\/\/www.ecrivus-multimedia.nl\/fr\/wp-json\/wp\/v2\/product_brand?post=40087"},{"taxonomy":"product_cat","embeddable":true,"href":"https:\/\/www.ecrivus-multimedia.nl\/fr\/wp-json\/wp\/v2\/product_cat?post=40087"},{"taxonomy":"product_tag","embeddable":true,"href":"https:\/\/www.ecrivus-multimedia.nl\/fr\/wp-json\/wp\/v2\/product_tag?post=40087"}],"curies":[{"name":"wp","href":"https:\/\/api.w.org\/{rel}","templated":true}]}}