{"id":40669,"date":"2018-07-13T12:25:18","date_gmt":"2018-07-13T10:25:18","guid":{"rendered":"http:\/\/www.ecrivus-multimedia.nl\/?post_type=product&#038;p=40669\/"},"modified":"2026-04-12T12:13:17","modified_gmt":"2026-04-12T10:13:17","slug":"cv-vertalen","status":"publish","type":"product","link":"https:\/\/www.ecrivus-multimedia.nl\/fr\/produit\/traduire-un-cv\/","title":{"rendered":"Traduction du CV (Curriculum Vitae)"},"content":{"rendered":"<p><strong><a href=\"https:\/\/www.ecrivus-multimedia.nl\/go\/cv-vertalen\/\" title=\"Traduction du CV (Curriculum Vitae)\" class=\"pretty-link-keyword\"rel=\"\">CV<\/a> traduire<br \/>\n<\/strong><\/p>\n<p>La traduction de votre <a href=\"https:\/\/www.ecrivus-multimedia.nl\/go\/cv-vertalen\/\" title=\"Traduction du CV (Curriculum Vitae)\" class=\"pretty-link-keyword\"rel=\"\">CV<\/a> peuvent d\u00e9sormais \u00eatre facilement command\u00e9s en ligne aupr\u00e8s de l&#039;agence de traduction Ecrivus International.<\/p>\n<p>Ton <a href=\"https:\/\/www.ecrivus-multimedia.nl\/go\/cv-vertalen\/\" title=\"Traduction du CV (Curriculum Vitae)\" class=\"pretty-link-keyword\"rel=\"\">CV<\/a> traduire est une bonne id\u00e9e si vous souhaitez postuler pour une entreprise internationale ou si vous souhaitez travailler \u00e0 l\u2019\u00e9tranger. Apporte ton <a href=\"https:\/\/www.ecrivus-multimedia.nl\/go\/cv-vertalen\/\" title=\"Traduction du CV (Curriculum Vitae)\" class=\"pretty-link-keyword\"rel=\"\">CV<\/a> port\u00e9e \u00e0 la connaissance des employeurs \u00e9trangers par votre <a href=\"https:\/\/www.ecrivus-multimedia.nl\/go\/cv-vertalen\/\" title=\"Traduction du CV (Curriculum Vitae)\" class=\"pretty-link-keyword\"rel=\"\">CV<\/a> \u00eatre traduit professionnellement par l&#039;un de nos sp\u00e9cialistes <a href=\"https:\/\/www.ecrivus-multimedia.nl\/go\/cv-vertalen\/\" title=\"Traduction du CV (Curriculum Vitae)\" class=\"pretty-link-keyword\"rel=\"\">CV<\/a>-traducteurs. Le <a href=\"https:\/\/www.ecrivus-multimedia.nl\/go\/cv-vertalen\/\" title=\"Traduction du CV (Curriculum Vitae)\" class=\"pretty-link-keyword\"rel=\"\">CV<\/a> est traduit par un locuteur natif qui poss\u00e8de des ann\u00e9es d\u2019exp\u00e9rience dans la traduction de fonctions, d\u2019\u00e9ducation, de formation, de cours et d\u2019exp\u00e9rience professionnelle.<\/p>\n<p>L&#039;agence de traduction Ecrivus International emploie des sp\u00e9cialistes <a href=\"https:\/\/www.ecrivus-multimedia.nl\/go\/cv-vertalen\/\" title=\"Traduction du CV (Curriculum Vitae)\" class=\"pretty-link-keyword\"rel=\"\">CV<\/a>-des traducteurs qui <em>locuteur natif<\/em> \u00eatre un (locuteur natif) de la langue cible. Ils ont des ann\u00e9es d\u2019exp\u00e9rience dans la traduction de toutes sortes de documents commerciaux, notamment <a href=\"https:\/\/www.ecrivus-multimedia.nl\/go\/cv-vertalen\/\" title=\"Traduction du CV (Curriculum Vitae)\" class=\"pretty-link-keyword\"rel=\"\">CV<\/a>&#039;s, lettres de candidature, lettres de motivation, <a href=\"https:\/\/www.ecrivus-multimedia.nl\/go\/algemene-voorwaarden-beedigde-vertaling-met-stempel\/\" title=\"Traduction asserment\u00e9e des conditions g\u00e9n\u00e9rales ? Commandez dans notre boutique en ligne !\" class=\"pretty-link-keyword\"rel=\"\">Conditions g\u00e9n\u00e9rales d'utilisation<\/a>, les conditions d&#039;emploi, <a href=\"https:\/\/www.ecrivus-multimedia.nl\/go\/contract-beedigde-vertaling-met-stempel\/\" title=\"Traduction asserment\u00e9e d&#039;un contrat ? Commandez dans notre boutique en ligne !\" class=\"pretty-link-keyword\"rel=\"\">contrats<\/a> et les fiches de paie.<\/p>\n<p><strong>La traduction de votre <\/strong><strong><span class=\"st\"><a href=\"https:\/\/www.ecrivus-multimedia.nl\/go\/cv-vertalen\/\" title=\"Traduction du CV (Curriculum Vitae)\" class=\"pretty-link-keyword\"rel=\"\">Curriculum vitae<\/a><\/span><\/strong><strong> est entre de bonnes mains :<\/strong><\/p>\n<ul>\n<li>Traduction par un traducteur exp\u00e9riment\u00e9 et sp\u00e9cialis\u00e9<\/li>\n<li>Y compris <a href=\"http:\/\/www.ecrivus.nl\/proeflezen\/\">relecture<\/a><\/li>\n<li>Y compris <a href=\"http:\/\/www.ecrivus.nl\/qa-kwaliteitscontroles\/\">contr\u00f4les de qualit\u00e9<\/a><\/li>\n<li>Traduction par <em>locuteur natif<\/em> de la langue cible<\/li>\n<li>Tarifs comp\u00e9titifs<\/li>\n<li>D\u00e9lai de livraison rapide<\/li>\n<li>Choix de <a href=\"http:\/\/www.ecrivus.nl\/talen\/\">des centaines de combinaisons linguistiques<\/a><\/li>\n<li>Livraison express possible<\/li>\n<li>Prise en charge de divers formats de fichiers, y compris le format PDF<\/li>\n<li>Livraison toujours \u00e0 temps par email<\/li>\n<\/ul>\n<p>Pour faire votre <a href=\"https:\/\/www.ecrivus-multimedia.nl\/go\/cv-vertalen\/\" title=\"Traduction du CV (Curriculum Vitae)\" class=\"pretty-link-keyword\"rel=\"\">CV<\/a> Pour le faire traduire imm\u00e9diatement, s\u00e9lectionnez ci-dessus le nombre de mots et la combinaison de langues souhait\u00e9e. Cliquez ensuite sur &#039;Ajouter au panier&#039;. Ensuite, vous pouvez utiliser le <a href=\"https:\/\/www.ecrivus-multimedia.nl\/go\/cv-vertalen\/\" title=\"Traduction du CV (Curriculum Vitae)\" class=\"pretty-link-keyword\"rel=\"\">CV<\/a> que vous souhaiteriez faire traduire et ajouter \u00e0 votre commande. Vous pouvez t\u00e9l\u00e9charger un fichier ZIP pour plusieurs documents. Nous proposons diverses options de paiement via des connexions s\u00e9curis\u00e9es (notamment iDeal, virement bancaire et PayPal).<\/p>\n<p><strong>D\u00e9lai de livraison standard<\/strong>5-6 jours ouvrables<\/p>","protected":false},"excerpt":{"rendered":"<p>Traduction professionnelle de CV par un traducteur de CV sp\u00e9cialis\u00e9, y compris la relecture et les contr\u00f4les de qualit\u00e9. S\u00e9lectionnez la combinaison de langues ci-dessous\u00a0:<\/p>","protected":false},"featured_media":132609,"comment_status":"open","ping_status":"closed","template":"","meta":{"_acf_changed":false,"_glsr_average":0,"_glsr_ranking":0,"_glsr_reviews":0,"_joinchat":[]},"product_brand":[],"product_cat":[670],"product_tag":[672,671,665],"class_list":{"0":"post-40669","1":"product","2":"type-product","3":"status-publish","4":"has-post-thumbnail","6":"product_cat-cv","7":"product_tag-curriculum-vitae","8":"product_tag-cv","9":"product_tag-onbeedigd","11":"first","12":"instock","13":"sold-individually","14":"taxable","15":"shipping-taxable","16":"purchasable","17":"product-type-variable"},"acf":[],"yoast_head":"<!-- This site is optimized with the Yoast SEO plugin v27.4 - https:\/\/yoast.com\/product\/yoast-seo-wordpress\/ -->\n<title>CV laten vertalen? 225+ talen. Nu bestellen in onze webshop met iDEAL.<\/title>\n<meta name=\"description\" content=\"CV laten vertalen? Bestel direct online! \u2713 Ervaren CV-vertalers \u2713 Alle talen \u2713 Voordelig geregeld \u2713 Snelle levertijden \u2713 Ook sollicitatiebrieven \u2713 Behoud van opmaak \u2713 Veilig betalen via iDEAL\" \/>\n<meta name=\"robots\" content=\"index, follow, max-snippet:-1, max-image-preview:large, max-video-preview:-1\" \/>\n<link rel=\"canonical\" href=\"https:\/\/www.ecrivus-multimedia.nl\/fr\/produit\/traduire-un-cv\/\" \/>\n<meta property=\"og:locale\" content=\"fr_FR\" \/>\n<meta property=\"og:type\" content=\"article\" \/>\n<meta property=\"og:title\" content=\"CV laten vertalen? 225+ talen. Nu bestellen in onze webshop met iDEAL.\" \/>\n<meta property=\"og:description\" content=\"CV laten vertalen? Bestel direct online! \u2713 Ervaren CV-vertalers \u2713 Alle talen \u2713 Voordelig geregeld \u2713 Snelle levertijden \u2713 Ook sollicitatiebrieven \u2713 Behoud van opmaak \u2713 Veilig betalen via iDEAL\" \/>\n<meta property=\"og:url\" content=\"https:\/\/www.ecrivus-multimedia.nl\/fr\/produit\/traduire-un-cv\/\" \/>\n<meta property=\"og:site_name\" content=\"Ecrivus International Webshop\" \/>\n<meta property=\"article:publisher\" content=\"https:\/\/www.facebook.com\/Ecrivus-International-676624782512639\/\" \/>\n<meta property=\"article:modified_time\" content=\"2026-04-12T10:13:17+00:00\" \/>\n<meta property=\"og:image\" content=\"https:\/\/www.ecrivus-multimedia.nl\/wp-content\/uploads\/2018\/07\/job-application.webp\" \/>\n\t<meta property=\"og:image:width\" content=\"1000\" \/>\n\t<meta property=\"og:image:height\" content=\"668\" \/>\n\t<meta property=\"og:image:type\" content=\"image\/webp\" \/>\n<meta name=\"twitter:card\" content=\"summary_large_image\" \/>\n<meta name=\"twitter:site\" content=\"@ecrivusint\" \/>\n<meta name=\"twitter:label1\" content=\"Dur\u00e9e de lecture estim\u00e9e\" \/>\n\t<meta name=\"twitter:data1\" content=\"1 minute\" \/>\n<script type=\"application\/ld+json\" class=\"yoast-schema-graph\">{\"@context\":\"https:\\\/\\\/schema.org\",\"@graph\":[{\"@type\":\"WebPage\",\"@id\":\"https:\\\/\\\/www.ecrivus-multimedia.nl\\\/product\\\/cv-vertalen\\\/\",\"url\":\"https:\\\/\\\/www.ecrivus-multimedia.nl\\\/product\\\/cv-vertalen\\\/\",\"name\":\"CV laten vertalen? 225+ talen. Nu bestellen in onze webshop met iDEAL.\",\"isPartOf\":{\"@id\":\"https:\\\/\\\/www.ecrivus-multimedia.nl\\\/#website\"},\"primaryImageOfPage\":{\"@id\":\"https:\\\/\\\/www.ecrivus-multimedia.nl\\\/product\\\/cv-vertalen\\\/#primaryimage\"},\"image\":{\"@id\":\"https:\\\/\\\/www.ecrivus-multimedia.nl\\\/product\\\/cv-vertalen\\\/#primaryimage\"},\"thumbnailUrl\":\"https:\\\/\\\/www.ecrivus-multimedia.nl\\\/wp-content\\\/uploads\\\/2026\\\/04\\\/lakstempel-drukken-document-vooraanzicht-2.jpg\",\"datePublished\":\"2018-07-13T10:25:18+00:00\",\"dateModified\":\"2026-04-12T10:13:17+00:00\",\"description\":\"CV laten vertalen? Bestel direct online! \u2713 Ervaren CV-vertalers \u2713 Alle talen \u2713 Voordelig geregeld \u2713 Snelle levertijden \u2713 Ook sollicitatiebrieven \u2713 Behoud van opmaak \u2713 Veilig betalen via iDEAL\",\"breadcrumb\":{\"@id\":\"https:\\\/\\\/www.ecrivus-multimedia.nl\\\/product\\\/cv-vertalen\\\/#breadcrumb\"},\"inLanguage\":\"fr-FR\",\"potentialAction\":[{\"@type\":\"ReadAction\",\"target\":[\"https:\\\/\\\/www.ecrivus-multimedia.nl\\\/product\\\/cv-vertalen\\\/\"]}]},{\"@type\":\"ImageObject\",\"inLanguage\":\"fr-FR\",\"@id\":\"https:\\\/\\\/www.ecrivus-multimedia.nl\\\/product\\\/cv-vertalen\\\/#primaryimage\",\"url\":\"https:\\\/\\\/www.ecrivus-multimedia.nl\\\/wp-content\\\/uploads\\\/2026\\\/04\\\/lakstempel-drukken-document-vooraanzicht-2.jpg\",\"contentUrl\":\"https:\\\/\\\/www.ecrivus-multimedia.nl\\\/wp-content\\\/uploads\\\/2026\\\/04\\\/lakstempel-drukken-document-vooraanzicht-2.jpg\",\"width\":1000,\"height\":667},{\"@type\":\"BreadcrumbList\",\"@id\":\"https:\\\/\\\/www.ecrivus-multimedia.nl\\\/product\\\/cv-vertalen\\\/#breadcrumb\",\"itemListElement\":[{\"@type\":\"ListItem\",\"position\":1,\"name\":\"Home\",\"item\":\"https:\\\/\\\/www.ecrivus-multimedia.nl\\\/\"},{\"@type\":\"ListItem\",\"position\":2,\"name\":\"Shop\",\"item\":\"https:\\\/\\\/www.ecrivus-multimedia.nl\\\/shop\\\/\"},{\"@type\":\"ListItem\",\"position\":3,\"name\":\"CV-vertalen (Curriculum Vitae)\"}]},{\"@type\":\"WebSite\",\"@id\":\"https:\\\/\\\/www.ecrivus-multimedia.nl\\\/#website\",\"url\":\"https:\\\/\\\/www.ecrivus-multimedia.nl\\\/\",\"name\":\"Ecrivus International Webshop\",\"description\":\"Erkende webshop voor be\u00ebdigde vertalingen.\",\"publisher\":{\"@id\":\"https:\\\/\\\/www.ecrivus-multimedia.nl\\\/#organization\"},\"potentialAction\":[{\"@type\":\"SearchAction\",\"target\":{\"@type\":\"EntryPoint\",\"urlTemplate\":\"https:\\\/\\\/www.ecrivus-multimedia.nl\\\/?s={search_term_string}\"},\"query-input\":{\"@type\":\"PropertyValueSpecification\",\"valueRequired\":true,\"valueName\":\"search_term_string\"}}],\"inLanguage\":\"fr-FR\"},{\"@type\":\"Organization\",\"@id\":\"https:\\\/\\\/www.ecrivus-multimedia.nl\\\/#organization\",\"name\":\"Ecrivus International\",\"url\":\"https:\\\/\\\/www.ecrivus-multimedia.nl\\\/\",\"logo\":{\"@type\":\"ImageObject\",\"inLanguage\":\"fr-FR\",\"@id\":\"https:\\\/\\\/www.ecrivus-multimedia.nl\\\/#\\\/schema\\\/logo\\\/image\\\/\",\"url\":\"https:\\\/\\\/www.ecrivus-multimedia.nl\\\/wp-content\\\/uploads\\\/2022\\\/01\\\/cropped-small-Logo-Ecrivus-Vector-Transparent2.png\",\"contentUrl\":\"https:\\\/\\\/www.ecrivus-multimedia.nl\\\/wp-content\\\/uploads\\\/2022\\\/01\\\/cropped-small-Logo-Ecrivus-Vector-Transparent2.png\",\"width\":512,\"height\":512,\"caption\":\"Ecrivus International\"},\"image\":{\"@id\":\"https:\\\/\\\/www.ecrivus-multimedia.nl\\\/#\\\/schema\\\/logo\\\/image\\\/\"},\"sameAs\":[\"https:\\\/\\\/www.facebook.com\\\/Ecrivus-International-676624782512639\\\/\",\"https:\\\/\\\/x.com\\\/ecrivusint\"]}]}<\/script>\n<!-- \/ Yoast SEO plugin. -->","yoast_head_json":{"title":"CV laten vertalen? 225+ talen. Nu bestellen in onze webshop met iDEAL.","description":"CV laten vertalen? Bestel direct online! \u2713 Ervaren CV-vertalers \u2713 Alle talen \u2713 Voordelig geregeld \u2713 Snelle levertijden \u2713 Ook sollicitatiebrieven \u2713 Behoud van opmaak \u2713 Veilig betalen via iDEAL","robots":{"index":"index","follow":"follow","max-snippet":"max-snippet:-1","max-image-preview":"max-image-preview:large","max-video-preview":"max-video-preview:-1"},"canonical":"https:\/\/www.ecrivus-multimedia.nl\/fr\/produit\/traduire-un-cv\/","og_locale":"fr_FR","og_type":"article","og_title":"CV laten vertalen? 225+ talen. Nu bestellen in onze webshop met iDEAL.","og_description":"CV laten vertalen? Bestel direct online! \u2713 Ervaren CV-vertalers \u2713 Alle talen \u2713 Voordelig geregeld \u2713 Snelle levertijden \u2713 Ook sollicitatiebrieven \u2713 Behoud van opmaak \u2713 Veilig betalen via iDEAL","og_url":"https:\/\/www.ecrivus-multimedia.nl\/fr\/produit\/traduire-un-cv\/","og_site_name":"Ecrivus International Webshop","article_publisher":"https:\/\/www.facebook.com\/Ecrivus-International-676624782512639\/","article_modified_time":"2026-04-12T10:13:17+00:00","og_image":[{"width":1000,"height":668,"url":"https:\/\/www.ecrivus-multimedia.nl\/wp-content\/uploads\/2018\/07\/job-application.webp","type":"image\/webp"}],"twitter_card":"summary_large_image","twitter_site":"@ecrivusint","twitter_misc":{"Dur\u00e9e de lecture estim\u00e9e":"1 minute"},"schema":{"@context":"https:\/\/schema.org","@graph":[{"@type":"WebPage","@id":"https:\/\/www.ecrivus-multimedia.nl\/product\/cv-vertalen\/","url":"https:\/\/www.ecrivus-multimedia.nl\/product\/cv-vertalen\/","name":"CV laten vertalen? 225+ talen. Nu bestellen in onze webshop met iDEAL.","isPartOf":{"@id":"https:\/\/www.ecrivus-multimedia.nl\/#website"},"primaryImageOfPage":{"@id":"https:\/\/www.ecrivus-multimedia.nl\/product\/cv-vertalen\/#primaryimage"},"image":{"@id":"https:\/\/www.ecrivus-multimedia.nl\/product\/cv-vertalen\/#primaryimage"},"thumbnailUrl":"https:\/\/www.ecrivus-multimedia.nl\/wp-content\/uploads\/2026\/04\/lakstempel-drukken-document-vooraanzicht-2.jpg","datePublished":"2018-07-13T10:25:18+00:00","dateModified":"2026-04-12T10:13:17+00:00","description":"CV laten vertalen? Bestel direct online! \u2713 Ervaren CV-vertalers \u2713 Alle talen \u2713 Voordelig geregeld \u2713 Snelle levertijden \u2713 Ook sollicitatiebrieven \u2713 Behoud van opmaak \u2713 Veilig betalen via iDEAL","breadcrumb":{"@id":"https:\/\/www.ecrivus-multimedia.nl\/product\/cv-vertalen\/#breadcrumb"},"inLanguage":"fr-FR","potentialAction":[{"@type":"ReadAction","target":["https:\/\/www.ecrivus-multimedia.nl\/product\/cv-vertalen\/"]}]},{"@type":"ImageObject","inLanguage":"fr-FR","@id":"https:\/\/www.ecrivus-multimedia.nl\/product\/cv-vertalen\/#primaryimage","url":"https:\/\/www.ecrivus-multimedia.nl\/wp-content\/uploads\/2026\/04\/lakstempel-drukken-document-vooraanzicht-2.jpg","contentUrl":"https:\/\/www.ecrivus-multimedia.nl\/wp-content\/uploads\/2026\/04\/lakstempel-drukken-document-vooraanzicht-2.jpg","width":1000,"height":667},{"@type":"BreadcrumbList","@id":"https:\/\/www.ecrivus-multimedia.nl\/product\/cv-vertalen\/#breadcrumb","itemListElement":[{"@type":"ListItem","position":1,"name":"Home","item":"https:\/\/www.ecrivus-multimedia.nl\/"},{"@type":"ListItem","position":2,"name":"Shop","item":"https:\/\/www.ecrivus-multimedia.nl\/shop\/"},{"@type":"ListItem","position":3,"name":"CV-vertalen (Curriculum Vitae)"}]},{"@type":"WebSite","@id":"https:\/\/www.ecrivus-multimedia.nl\/#website","url":"https:\/\/www.ecrivus-multimedia.nl\/","name":"Ecrivus International Webshop","description":"Erkende webshop voor be\u00ebdigde vertalingen.","publisher":{"@id":"https:\/\/www.ecrivus-multimedia.nl\/#organization"},"potentialAction":[{"@type":"SearchAction","target":{"@type":"EntryPoint","urlTemplate":"https:\/\/www.ecrivus-multimedia.nl\/?s={search_term_string}"},"query-input":{"@type":"PropertyValueSpecification","valueRequired":true,"valueName":"search_term_string"}}],"inLanguage":"fr-FR"},{"@type":"Organization","@id":"https:\/\/www.ecrivus-multimedia.nl\/#organization","name":"Ecrivus International","url":"https:\/\/www.ecrivus-multimedia.nl\/","logo":{"@type":"ImageObject","inLanguage":"fr-FR","@id":"https:\/\/www.ecrivus-multimedia.nl\/#\/schema\/logo\/image\/","url":"https:\/\/www.ecrivus-multimedia.nl\/wp-content\/uploads\/2022\/01\/cropped-small-Logo-Ecrivus-Vector-Transparent2.png","contentUrl":"https:\/\/www.ecrivus-multimedia.nl\/wp-content\/uploads\/2022\/01\/cropped-small-Logo-Ecrivus-Vector-Transparent2.png","width":512,"height":512,"caption":"Ecrivus International"},"image":{"@id":"https:\/\/www.ecrivus-multimedia.nl\/#\/schema\/logo\/image\/"},"sameAs":["https:\/\/www.facebook.com\/Ecrivus-International-676624782512639\/","https:\/\/x.com\/ecrivusint"]}]}},"_links":{"self":[{"href":"https:\/\/www.ecrivus-multimedia.nl\/fr\/wp-json\/wp\/v2\/product\/40669","targetHints":{"allow":["GET"]}}],"collection":[{"href":"https:\/\/www.ecrivus-multimedia.nl\/fr\/wp-json\/wp\/v2\/product"}],"about":[{"href":"https:\/\/www.ecrivus-multimedia.nl\/fr\/wp-json\/wp\/v2\/types\/product"}],"replies":[{"embeddable":true,"href":"https:\/\/www.ecrivus-multimedia.nl\/fr\/wp-json\/wp\/v2\/comments?post=40669"}],"wp:featuredmedia":[{"embeddable":true,"href":"https:\/\/www.ecrivus-multimedia.nl\/fr\/wp-json\/wp\/v2\/media\/132609"}],"wp:attachment":[{"href":"https:\/\/www.ecrivus-multimedia.nl\/fr\/wp-json\/wp\/v2\/media?parent=40669"}],"wp:term":[{"taxonomy":"product_brand","embeddable":true,"href":"https:\/\/www.ecrivus-multimedia.nl\/fr\/wp-json\/wp\/v2\/product_brand?post=40669"},{"taxonomy":"product_cat","embeddable":true,"href":"https:\/\/www.ecrivus-multimedia.nl\/fr\/wp-json\/wp\/v2\/product_cat?post=40669"},{"taxonomy":"product_tag","embeddable":true,"href":"https:\/\/www.ecrivus-multimedia.nl\/fr\/wp-json\/wp\/v2\/product_tag?post=40669"}],"curies":[{"name":"wp","href":"https:\/\/api.w.org\/{rel}","templated":true}]}}