{"id":42114,"date":"2019-05-17T12:54:38","date_gmt":"2019-05-17T10:54:38","guid":{"rendered":"https:\/\/www.ecrivus-multimedia.nl\/?post_type=product&#038;p=42114"},"modified":"2026-04-13T09:21:55","modified_gmt":"2026-04-13T07:21:55","slug":"phpbb-forum-installatieservice","status":"publish","type":"product","link":"https:\/\/www.ecrivus-multimedia.nl\/fr\/produit\/service-dinstallation-du-forum-phpbb\/","title":{"rendered":"Service d'installation de forum PHPbb"},"content":{"rendered":"<h4>Service d'installation de forum PHPbb<\/h4>\n<p>Souhaitez-vous cr\u00e9er un forum, mais avez-vous besoin d&#039;aide pour installer le logiciel du forum\u00a0? Nous proposons un service d&#039;installation abordable et rapide pour le logiciel de forum gratuit (open source) <a href=\"https:\/\/www.phpbb.com\/\" target=\"_blank\" rel=\"noopener noreferrer\">phpBB<\/a>.<\/p>\n<p>L&#039;avantage de phpBB est qu&#039;il <strong>aucun co\u00fbt (mensuel)<\/strong> qui y est attach\u00e9e. Son utilisation est <strong>totalement gratuit<\/strong> et le logiciel est mis \u00e0 jour mensuellement par de nombreux d\u00e9veloppeurs PHP open source.<\/p>\n<p>Notre <a href=\"https:\/\/www.ecrivus-multimedia.nl\/go\/phpbb-forum-installatieservice\/\" title=\"Service d&#039;installation de forum PHPbb\" class=\"pretty-link-keyword\"rel=\"\">Service d&#039;installation de forums PHPbb<\/a> est un investissement ponctuel \u2013 il n\u2019y a pas de co\u00fbts r\u00e9currents. De plus, ces co\u00fbts peuvent facilement \u00eatre r\u00e9cup\u00e9r\u00e9s si vous choisissez de fournir au forum des publicit\u00e9s, des sponsors et d&#039;autres revenus. Nous serons heureux de vous conseiller \u00e0 ce sujet.<\/p>\n<p>Commencez d\u00e8s aujourd&#039;hui avec votre nouveau forum\u00a0!<\/p>\n<h4>Inclus dans le service d'installation :<\/h4>\n<ul>\n<li>T\u00e9l\u00e9chargement du logiciel phpBB sur votre domaine Web (version la plus r\u00e9cente)<\/li>\n<li>Installation du logiciel phpBB<\/li>\n<li>Installation et connexion de la base de donn\u00e9es (MySQL)<\/li>\n<li>Installation du pack linguistique s\u00e9lectionn\u00e9<\/li>\n<li>Cr\u00e9ation de l&#039;administrateur du forum (mod\u00e9rateur)<\/li>\n<li>Cr\u00e9ation des cinq premi\u00e8res cat\u00e9gories du forum (sujets du sujet)<\/li>\n<li>Branding\u00a0: remplacez le logo phpBB par d\u00e9faut par votre propre logo<\/li>\n<\/ul>\n<p><strong>Options suppl\u00e9mentaires moyennant des frais suppl\u00e9mentaires\u00a0:<\/strong><\/p>\n<ul>\n<li>Installation d&#039;extensions suppl\u00e9mentaires (extensions\/plugins)<\/li>\n<li>Installation de styles suppl\u00e9mentaires (disposition du forum)<\/li>\n<li>Installation de packs de langues suppl\u00e9mentaires<\/li>\n<\/ul>\n<p><strong>Exigences :<\/strong><\/p>\n<ul>\n<li>Vous disposez d'un domaine web actif avec acc\u00e8s \u00e0 votre serveur FTP et \u00e0 votre base de donn\u00e9es. Le service d'installation n\u00e9cessite que vous nous fournissiez ces informations. Une fois l'installation termin\u00e9e, vous pouvez modifier les donn\u00e9es de connexion. Vous pouvez noter vos donn\u00e9es de connexion pour le serveur FTP lors de la commande \u00e0 l'adresse suivante <strong>Notes de commande<\/strong> (onder &#8216;Extra informatie'). Desgewenst kunt u ons deze ook apart per e-mail toezenden (info@ecrivus-multimedia.nl) of telefonisch: +31(0)43-365-5801.<\/li>\n<li>Votre serveur web supporte PHP et la base de donn\u00e9es MySQL. Vous ne savez pas si c'est le cas ? <a href=\"https:\/\/www.ecrivus-multimedia.nl\/fr\/contact\/\">Contactez-nous avant l'achat<\/a> Pour le faire v\u00e9rifier gratuitement.<\/li>\n<\/ul>\n<p><strong>D\u00e9lai de livraison :<\/strong><\/p>\n<p>1-2 jours ouvrables<\/p>","protected":false},"excerpt":{"rendered":"<p>Service d&#039;installation du forum PHPbb | Votre nouveau forum en ligne rapidement et \u00e0 moindre co\u00fbt !<\/p>","protected":false},"featured_media":132688,"comment_status":"open","ping_status":"closed","template":"","meta":{"_acf_changed":false,"_glsr_average":0,"_glsr_ranking":0,"_glsr_reviews":0,"_joinchat":[]},"product_brand":[],"product_cat":[15288],"product_tag":[15285,15287,15284,15286],"class_list":{"0":"post-42114","1":"product","2":"type-product","3":"status-publish","4":"has-post-thumbnail","6":"product_cat-web-app-ontwikkeling","7":"product_tag-forum","8":"product_tag-installatie","9":"product_tag-phpbb","10":"product_tag-software","12":"first","13":"instock","14":"virtual","15":"sold-individually","16":"taxable","17":"purchasable","18":"product-type-simple"},"acf":[],"yoast_head":"<!-- This site is optimized with the Yoast SEO plugin v27.4 - https:\/\/yoast.com\/product\/yoast-seo-wordpress\/ -->\n<title>PHPbb Forum Installatieservice | Uw nieuwe forum snel en voordelig online!<\/title>\n<meta name=\"description\" content=\"Hulp nodig bij het installeren van phpBB forum software? Snelle en voordelige installatieservice van phpBB forum (binnen 2 werkdagen). Bestel nu online!\" \/>\n<meta name=\"robots\" content=\"index, follow, max-snippet:-1, max-image-preview:large, max-video-preview:-1\" \/>\n<link rel=\"canonical\" href=\"https:\/\/www.ecrivus-multimedia.nl\/fr\/produit\/service-dinstallation-du-forum-phpbb\/\" \/>\n<meta property=\"og:locale\" content=\"fr_FR\" \/>\n<meta property=\"og:type\" content=\"article\" \/>\n<meta property=\"og:title\" content=\"PHPbb Forum Installatieservice | Uw nieuwe forum snel en voordelig online!\" \/>\n<meta property=\"og:description\" content=\"Hulp nodig bij het installeren van phpBB forum software? Snelle en voordelige installatieservice van phpBB forum (binnen 2 werkdagen). Bestel nu online!\" \/>\n<meta property=\"og:url\" content=\"https:\/\/www.ecrivus-multimedia.nl\/fr\/produit\/service-dinstallation-du-forum-phpbb\/\" \/>\n<meta property=\"og:site_name\" content=\"Ecrivus International Webshop\" \/>\n<meta property=\"article:publisher\" content=\"https:\/\/www.facebook.com\/Ecrivus-International-676624782512639\/\" \/>\n<meta property=\"article:modified_time\" content=\"2026-04-13T07:21:55+00:00\" \/>\n<meta property=\"og:image\" content=\"https:\/\/www.ecrivus-multimedia.nl\/wp-content\/uploads\/2019\/05\/image-1.webp\" \/>\n\t<meta property=\"og:image:width\" content=\"1000\" \/>\n\t<meta property=\"og:image:height\" content=\"667\" \/>\n\t<meta property=\"og:image:type\" content=\"image\/webp\" \/>\n<meta name=\"twitter:card\" content=\"summary_large_image\" \/>\n<meta name=\"twitter:site\" content=\"@ecrivusint\" \/>\n<meta name=\"twitter:label1\" content=\"Dur\u00e9e de lecture estim\u00e9e\" \/>\n\t<meta name=\"twitter:data1\" content=\"2 minutes\" \/>\n<script type=\"application\/ld+json\" class=\"yoast-schema-graph\">{\"@context\":\"https:\\\/\\\/schema.org\",\"@graph\":[{\"@type\":\"WebPage\",\"@id\":\"https:\\\/\\\/www.ecrivus-multimedia.nl\\\/product\\\/phpbb-forum-installatieservice\\\/\",\"url\":\"https:\\\/\\\/www.ecrivus-multimedia.nl\\\/product\\\/phpbb-forum-installatieservice\\\/\",\"name\":\"PHPbb Forum Installatieservice | Uw nieuwe forum snel en voordelig online!\",\"isPartOf\":{\"@id\":\"https:\\\/\\\/www.ecrivus-multimedia.nl\\\/#website\"},\"primaryImageOfPage\":{\"@id\":\"https:\\\/\\\/www.ecrivus-multimedia.nl\\\/product\\\/phpbb-forum-installatieservice\\\/#primaryimage\"},\"image\":{\"@id\":\"https:\\\/\\\/www.ecrivus-multimedia.nl\\\/product\\\/phpbb-forum-installatieservice\\\/#primaryimage\"},\"thumbnailUrl\":\"https:\\\/\\\/www.ecrivus-multimedia.nl\\\/wp-content\\\/uploads\\\/2019\\\/05\\\/image-1.webp\",\"datePublished\":\"2019-05-17T10:54:38+00:00\",\"dateModified\":\"2026-04-13T07:21:55+00:00\",\"description\":\"Hulp nodig bij het installeren van phpBB forum software? Snelle en voordelige installatieservice van phpBB forum (binnen 2 werkdagen). Bestel nu online!\",\"breadcrumb\":{\"@id\":\"https:\\\/\\\/www.ecrivus-multimedia.nl\\\/product\\\/phpbb-forum-installatieservice\\\/#breadcrumb\"},\"inLanguage\":\"fr-FR\",\"potentialAction\":[{\"@type\":\"ReadAction\",\"target\":[\"https:\\\/\\\/www.ecrivus-multimedia.nl\\\/product\\\/phpbb-forum-installatieservice\\\/\"]}]},{\"@type\":\"ImageObject\",\"inLanguage\":\"fr-FR\",\"@id\":\"https:\\\/\\\/www.ecrivus-multimedia.nl\\\/product\\\/phpbb-forum-installatieservice\\\/#primaryimage\",\"url\":\"https:\\\/\\\/www.ecrivus-multimedia.nl\\\/wp-content\\\/uploads\\\/2019\\\/05\\\/image-1.webp\",\"contentUrl\":\"https:\\\/\\\/www.ecrivus-multimedia.nl\\\/wp-content\\\/uploads\\\/2019\\\/05\\\/image-1.webp\",\"width\":1000,\"height\":667},{\"@type\":\"BreadcrumbList\",\"@id\":\"https:\\\/\\\/www.ecrivus-multimedia.nl\\\/product\\\/phpbb-forum-installatieservice\\\/#breadcrumb\",\"itemListElement\":[{\"@type\":\"ListItem\",\"position\":1,\"name\":\"Home\",\"item\":\"https:\\\/\\\/www.ecrivus-multimedia.nl\\\/\"},{\"@type\":\"ListItem\",\"position\":2,\"name\":\"Shop\",\"item\":\"https:\\\/\\\/www.ecrivus-multimedia.nl\\\/shop\\\/\"},{\"@type\":\"ListItem\",\"position\":3,\"name\":\"PHPbb Forum Installatieservice\"}]},{\"@type\":\"WebSite\",\"@id\":\"https:\\\/\\\/www.ecrivus-multimedia.nl\\\/#website\",\"url\":\"https:\\\/\\\/www.ecrivus-multimedia.nl\\\/\",\"name\":\"Ecrivus International Webshop\",\"description\":\"Erkende webshop voor be\u00ebdigde vertalingen.\",\"publisher\":{\"@id\":\"https:\\\/\\\/www.ecrivus-multimedia.nl\\\/#organization\"},\"potentialAction\":[{\"@type\":\"SearchAction\",\"target\":{\"@type\":\"EntryPoint\",\"urlTemplate\":\"https:\\\/\\\/www.ecrivus-multimedia.nl\\\/?s={search_term_string}\"},\"query-input\":{\"@type\":\"PropertyValueSpecification\",\"valueRequired\":true,\"valueName\":\"search_term_string\"}}],\"inLanguage\":\"fr-FR\"},{\"@type\":\"Organization\",\"@id\":\"https:\\\/\\\/www.ecrivus-multimedia.nl\\\/#organization\",\"name\":\"Ecrivus International\",\"url\":\"https:\\\/\\\/www.ecrivus-multimedia.nl\\\/\",\"logo\":{\"@type\":\"ImageObject\",\"inLanguage\":\"fr-FR\",\"@id\":\"https:\\\/\\\/www.ecrivus-multimedia.nl\\\/#\\\/schema\\\/logo\\\/image\\\/\",\"url\":\"https:\\\/\\\/www.ecrivus-multimedia.nl\\\/wp-content\\\/uploads\\\/2022\\\/01\\\/cropped-small-Logo-Ecrivus-Vector-Transparent2.png\",\"contentUrl\":\"https:\\\/\\\/www.ecrivus-multimedia.nl\\\/wp-content\\\/uploads\\\/2022\\\/01\\\/cropped-small-Logo-Ecrivus-Vector-Transparent2.png\",\"width\":512,\"height\":512,\"caption\":\"Ecrivus International\"},\"image\":{\"@id\":\"https:\\\/\\\/www.ecrivus-multimedia.nl\\\/#\\\/schema\\\/logo\\\/image\\\/\"},\"sameAs\":[\"https:\\\/\\\/www.facebook.com\\\/Ecrivus-International-676624782512639\\\/\",\"https:\\\/\\\/x.com\\\/ecrivusint\"]}]}<\/script>\n<!-- \/ Yoast SEO plugin. -->","yoast_head_json":{"title":"PHPbb Forum Installatieservice | Uw nieuwe forum snel en voordelig online!","description":"Hulp nodig bij het installeren van phpBB forum software? Snelle en voordelige installatieservice van phpBB forum (binnen 2 werkdagen). Bestel nu online!","robots":{"index":"index","follow":"follow","max-snippet":"max-snippet:-1","max-image-preview":"max-image-preview:large","max-video-preview":"max-video-preview:-1"},"canonical":"https:\/\/www.ecrivus-multimedia.nl\/fr\/produit\/service-dinstallation-du-forum-phpbb\/","og_locale":"fr_FR","og_type":"article","og_title":"PHPbb Forum Installatieservice | Uw nieuwe forum snel en voordelig online!","og_description":"Hulp nodig bij het installeren van phpBB forum software? Snelle en voordelige installatieservice van phpBB forum (binnen 2 werkdagen). Bestel nu online!","og_url":"https:\/\/www.ecrivus-multimedia.nl\/fr\/produit\/service-dinstallation-du-forum-phpbb\/","og_site_name":"Ecrivus International Webshop","article_publisher":"https:\/\/www.facebook.com\/Ecrivus-International-676624782512639\/","article_modified_time":"2026-04-13T07:21:55+00:00","og_image":[{"width":1000,"height":667,"url":"https:\/\/www.ecrivus-multimedia.nl\/wp-content\/uploads\/2019\/05\/image-1.webp","type":"image\/webp"}],"twitter_card":"summary_large_image","twitter_site":"@ecrivusint","twitter_misc":{"Dur\u00e9e de lecture estim\u00e9e":"2 minutes"},"schema":{"@context":"https:\/\/schema.org","@graph":[{"@type":"WebPage","@id":"https:\/\/www.ecrivus-multimedia.nl\/product\/phpbb-forum-installatieservice\/","url":"https:\/\/www.ecrivus-multimedia.nl\/product\/phpbb-forum-installatieservice\/","name":"PHPbb Forum Installatieservice | Uw nieuwe forum snel en voordelig online!","isPartOf":{"@id":"https:\/\/www.ecrivus-multimedia.nl\/#website"},"primaryImageOfPage":{"@id":"https:\/\/www.ecrivus-multimedia.nl\/product\/phpbb-forum-installatieservice\/#primaryimage"},"image":{"@id":"https:\/\/www.ecrivus-multimedia.nl\/product\/phpbb-forum-installatieservice\/#primaryimage"},"thumbnailUrl":"https:\/\/www.ecrivus-multimedia.nl\/wp-content\/uploads\/2019\/05\/image-1.webp","datePublished":"2019-05-17T10:54:38+00:00","dateModified":"2026-04-13T07:21:55+00:00","description":"Hulp nodig bij het installeren van phpBB forum software? Snelle en voordelige installatieservice van phpBB forum (binnen 2 werkdagen). Bestel nu online!","breadcrumb":{"@id":"https:\/\/www.ecrivus-multimedia.nl\/product\/phpbb-forum-installatieservice\/#breadcrumb"},"inLanguage":"fr-FR","potentialAction":[{"@type":"ReadAction","target":["https:\/\/www.ecrivus-multimedia.nl\/product\/phpbb-forum-installatieservice\/"]}]},{"@type":"ImageObject","inLanguage":"fr-FR","@id":"https:\/\/www.ecrivus-multimedia.nl\/product\/phpbb-forum-installatieservice\/#primaryimage","url":"https:\/\/www.ecrivus-multimedia.nl\/wp-content\/uploads\/2019\/05\/image-1.webp","contentUrl":"https:\/\/www.ecrivus-multimedia.nl\/wp-content\/uploads\/2019\/05\/image-1.webp","width":1000,"height":667},{"@type":"BreadcrumbList","@id":"https:\/\/www.ecrivus-multimedia.nl\/product\/phpbb-forum-installatieservice\/#breadcrumb","itemListElement":[{"@type":"ListItem","position":1,"name":"Home","item":"https:\/\/www.ecrivus-multimedia.nl\/"},{"@type":"ListItem","position":2,"name":"Shop","item":"https:\/\/www.ecrivus-multimedia.nl\/shop\/"},{"@type":"ListItem","position":3,"name":"PHPbb Forum Installatieservice"}]},{"@type":"WebSite","@id":"https:\/\/www.ecrivus-multimedia.nl\/#website","url":"https:\/\/www.ecrivus-multimedia.nl\/","name":"Ecrivus International Webshop","description":"Erkende webshop voor be\u00ebdigde vertalingen.","publisher":{"@id":"https:\/\/www.ecrivus-multimedia.nl\/#organization"},"potentialAction":[{"@type":"SearchAction","target":{"@type":"EntryPoint","urlTemplate":"https:\/\/www.ecrivus-multimedia.nl\/?s={search_term_string}"},"query-input":{"@type":"PropertyValueSpecification","valueRequired":true,"valueName":"search_term_string"}}],"inLanguage":"fr-FR"},{"@type":"Organization","@id":"https:\/\/www.ecrivus-multimedia.nl\/#organization","name":"Ecrivus International","url":"https:\/\/www.ecrivus-multimedia.nl\/","logo":{"@type":"ImageObject","inLanguage":"fr-FR","@id":"https:\/\/www.ecrivus-multimedia.nl\/#\/schema\/logo\/image\/","url":"https:\/\/www.ecrivus-multimedia.nl\/wp-content\/uploads\/2022\/01\/cropped-small-Logo-Ecrivus-Vector-Transparent2.png","contentUrl":"https:\/\/www.ecrivus-multimedia.nl\/wp-content\/uploads\/2022\/01\/cropped-small-Logo-Ecrivus-Vector-Transparent2.png","width":512,"height":512,"caption":"Ecrivus International"},"image":{"@id":"https:\/\/www.ecrivus-multimedia.nl\/#\/schema\/logo\/image\/"},"sameAs":["https:\/\/www.facebook.com\/Ecrivus-International-676624782512639\/","https:\/\/x.com\/ecrivusint"]}]}},"_links":{"self":[{"href":"https:\/\/www.ecrivus-multimedia.nl\/fr\/wp-json\/wp\/v2\/product\/42114","targetHints":{"allow":["GET"]}}],"collection":[{"href":"https:\/\/www.ecrivus-multimedia.nl\/fr\/wp-json\/wp\/v2\/product"}],"about":[{"href":"https:\/\/www.ecrivus-multimedia.nl\/fr\/wp-json\/wp\/v2\/types\/product"}],"replies":[{"embeddable":true,"href":"https:\/\/www.ecrivus-multimedia.nl\/fr\/wp-json\/wp\/v2\/comments?post=42114"}],"wp:featuredmedia":[{"embeddable":true,"href":"https:\/\/www.ecrivus-multimedia.nl\/fr\/wp-json\/wp\/v2\/media\/132688"}],"wp:attachment":[{"href":"https:\/\/www.ecrivus-multimedia.nl\/fr\/wp-json\/wp\/v2\/media?parent=42114"}],"wp:term":[{"taxonomy":"product_brand","embeddable":true,"href":"https:\/\/www.ecrivus-multimedia.nl\/fr\/wp-json\/wp\/v2\/product_brand?post=42114"},{"taxonomy":"product_cat","embeddable":true,"href":"https:\/\/www.ecrivus-multimedia.nl\/fr\/wp-json\/wp\/v2\/product_cat?post=42114"},{"taxonomy":"product_tag","embeddable":true,"href":"https:\/\/www.ecrivus-multimedia.nl\/fr\/wp-json\/wp\/v2\/product_tag?post=42114"}],"curies":[{"name":"wp","href":"https:\/\/api.w.org\/{rel}","templated":true}]}}