{"id":42119,"date":"2019-05-17T13:04:57","date_gmt":"2019-05-17T11:04:57","guid":{"rendered":"https:\/\/www.ecrivus-multimedia.nl\/?post_type=product&#038;p=42119"},"modified":"2026-04-13T09:26:51","modified_gmt":"2026-04-13T07:26:51","slug":"live-chat-installatieservice","status":"publish","type":"product","link":"https:\/\/www.ecrivus-multimedia.nl\/fr\/produit\/service-dinstallation-de-chat-en-direct\/","title":{"rendered":"Service d'installation de Live Chat"},"content":{"rendered":"<h4>Service d'installation de Live Chat<\/h4>\n<p>Wilt u graag <a href=\"https:\/\/www.ecrivus-multimedia.nl\/go\/chat\/\" title=\"go\/chat\" class=\"pretty-link-keyword\"rel=\"\">Live Chat<\/a> aanbieden op uw website om online met uw (potenti\u00eble) klanten te kunnen chatten? Het integreren van <a href=\"https:\/\/www.ecrivus-multimedia.nl\/go\/chat\/\" title=\"go\/chat\" class=\"pretty-link-keyword\"rel=\"\">Live Chat<\/a> op uw website is een ideale manier om live met uw klanten en leads te kunnen chatten en om real-time klantenondersteuning te kunnen bieden. Reageer direct op vragen van klanten en verhoog uw omzet! Wij hebben een installatieservice samengesteld waarmee u binnen 1 werkdag <a href=\"https:\/\/www.ecrivus-multimedia.nl\/go\/chat\/\" title=\"go\/chat\" class=\"pretty-link-keyword\"rel=\"\">Live Chat<\/a> kunt aanbieden op uw website(s). Het pakket dat wij hebben samengesteld is ideaal voor ZZP-ers en het MKB.<\/p>\n<p>Le <a href=\"https:\/\/www.ecrivus-multimedia.nl\/go\/chat\/\" title=\"go\/chat\" class=\"pretty-link-keyword\"rel=\"\">Live Chat<\/a> die wij gebruiken is compatibel met alle type websites, ook als u WordPress, Drupal, Magento, Joomla, Concrete of andere CMS-pakketten gebruikt. De <a href=\"https:\/\/www.ecrivus-multimedia.nl\/go\/chat\/\" title=\"go\/chat\" class=\"pretty-link-keyword\"rel=\"\">Live Chat<\/a> functie die wij voor u installeren, is volledig <strong>utilisation gratuite<\/strong>, er zijn geen maandelijks terugkerende kosten. De <a href=\"https:\/\/www.ecrivus-multimedia.nl\/go\/chat\/\" title=\"go\/chat\" class=\"pretty-link-keyword\"rel=\"\">Live Chat<\/a> software wordt tevens gratis en automatisch bijgewerkt naar de nieuwste versie.<\/p>\n<p>Notre <a href=\"https:\/\/www.ecrivus-multimedia.nl\/go\/live-chat-installatieservice\/\" title=\"Service d&#039;installation de Live Chat\" class=\"pretty-link-keyword\"rel=\"\">Service d'installation de Live Chat<\/a> is een \u00e9\u00e9nmalige investering &#8211; er zijn geen terugkerende kosten. Bovendien kunnen deze kosten eenvoudig worden terugverdiend, aangezien het aanbieden van <a href=\"https:\/\/www.ecrivus-multimedia.nl\/go\/chat\/\" title=\"go\/chat\" class=\"pretty-link-keyword\"rel=\"\">Live Chat<\/a> uw omzet zal verhogen, doordat u live met uw leads en klanten kunt chatten.<\/p>\n<p>Ga vandaag nog aan de slag met het aanbieden van <a href=\"https:\/\/www.ecrivus-multimedia.nl\/go\/chat\/\" title=\"go\/chat\" class=\"pretty-link-keyword\"rel=\"\">Live Chat<\/a>!<\/p>\n<h4>Inclus dans le service d'installation :<\/h4>\n<ul>\n<li>Uploaden van het <a href=\"https:\/\/www.ecrivus-multimedia.nl\/go\/chat\/\" title=\"go\/chat\" class=\"pretty-link-keyword\"rel=\"\">Live Chat<\/a>-script naar uw webdomein (meest recente versie)<\/li>\n<li>Installatie van de <a href=\"https:\/\/www.ecrivus-multimedia.nl\/go\/chat\/\" title=\"go\/chat\" class=\"pretty-link-keyword\"rel=\"\">Live Chat<\/a> logiciel<\/li>\n<li>Aanmaak van de beheerder (<a href=\"https:\/\/www.ecrivus-multimedia.nl\/go\/chat\/\" title=\"go\/chat\" class=\"pretty-link-keyword\"rel=\"\">Live Chat<\/a> Operator)<\/li>\n<li>Cr\u00e9ation de cinq raccourcis (messages enregistr\u00e9s pouvant \u00eatre r\u00e9utilis\u00e9s)<\/li>\n<li>Cr\u00e9ation d&#039;1 d\u00e9clencheur (messages automatiques aux leads\/clients visitant votre site internet)<\/li>\n<li>Instellen van tijdsplanning (wanneer uw <a href=\"https:\/\/www.ecrivus-multimedia.nl\/go\/chat\/\" title=\"go\/chat\" class=\"pretty-link-keyword\"rel=\"\">Live Chat<\/a> automatisch online\/offline is)<\/li>\n<\/ul>\n<h4>Le logiciel Live Chat comprend les options suivantes :<\/h4>\n<ul>\n<li>Utilisation de raccourcis (les messages de bienvenue, les questions standards, etc. peuvent \u00eatre stock\u00e9s en m\u00e9moire et envoy\u00e9s imm\u00e9diatement)<\/li>\n<li>Gebruik van triggers (start automatisch een <a href=\"https:\/\/www.ecrivus-multimedia.nl\/go\/chat\/\" title=\"go\/chat\" class=\"pretty-link-keyword\"rel=\"\">Live Chat<\/a> met uw bezoeker na bijvoorbeeld 1 minuut of het bezoeken van een bepaalde pagina).<\/li>\n<li>Ticket-systeem (als de <a href=\"https:\/\/www.ecrivus-multimedia.nl\/go\/chat\/\" title=\"go\/chat\" class=\"pretty-link-keyword\"rel=\"\">Live Chat<\/a> offline is, kunnen bezoekers tickets\/e-mails verzenden die in uw <a href=\"https:\/\/www.ecrivus-multimedia.nl\/go\/chat\/\" title=\"go\/chat\" class=\"pretty-link-keyword\"rel=\"\">Live Chat<\/a> configuratiescherm worden weergegeven)<\/li>\n<li>Toegang tot de <a href=\"https:\/\/www.ecrivus-multimedia.nl\/go\/chat\/\" title=\"go\/chat\" class=\"pretty-link-keyword\"rel=\"\">Live Chat<\/a> <a href=\"https:\/\/www.ecrivus-multimedia.nl\/go\/app-vertalen\/\" title=\"Application de traduction\u00a0? \u2713 Android\u00ae \u2713 iOS\u00ae \u2713 Web \u2713 Commandez en ligne maintenant ! \u2713 Prix fixe\" class=\"pretty-link-keyword\"rel=\"\">application<\/a> kan zowel vanuit uw browser als vanuit een Windows applicatie. Het is zelfs mogelijk om via uw smartphone de offici\u00eble <a href=\"https:\/\/www.ecrivus-multimedia.nl\/go\/chat\/\" title=\"go\/chat\" class=\"pretty-link-keyword\"rel=\"\">Live Chat<\/a> <a href=\"https:\/\/www.ecrivus-multimedia.nl\/go\/app-vertalen\/\" title=\"Application de traduction\u00a0? \u2713 Android\u00ae \u2713 iOS\u00ae \u2713 Web \u2713 Commandez en ligne maintenant ! \u2713 Prix fixe\" class=\"pretty-link-keyword\"rel=\"\">application<\/a> \u00e0 t\u00e9l\u00e9charger (disponible pour iOS\u00ae et Android\u00ae).<\/li>\n<li>Notifications des nouveaux visiteurs du site Web<\/li>\n<li>Rapport\/<a href=\"https:\/\/www.ecrivus-multimedia.nl\/go\/analyserapport-beedigde-vertaling-met-stempel\/\" title=\"Vous souhaitez traduire un rapport d\u2019analyse asserment\u00e9 ? Commandez dans notre boutique en ligne !\" class=\"pretty-link-keyword\"rel=\"\">analyse<\/a> du trafic du site Web<\/li>\n<li>Cr\u00e9ation de d\u00e9partements (par exemple \u00ab\u00a0ventes\u00a0\u00bb et \u00ab\u00a0support\u00a0\u00bb)<\/li>\n<li>Conforme au RGPD<\/li>\n<li>De nombreux mod\u00e8les pour la mise en page et le positionnement sur votre site Web<\/li>\n<li>Le <a href=\"https:\/\/www.ecrivus-multimedia.nl\/go\/chat\/\" title=\"go\/chat\" class=\"pretty-link-keyword\"rel=\"\">Live Chat<\/a> kan op \u00e9\u00e9n pagina, specifieke pagina's, of op elke pagina van uw website worden geplaatst.<\/li>\n<li>Et beaucoup plus\u2026<\/li>\n<\/ul>\n<p><strong>Exigences :<\/strong><\/p>\n<ul>\n<li>Vous disposez d'un domaine web actif avec acc\u00e8s \u00e0 votre serveur FTP et \u00e0 votre base de donn\u00e9es. Le service d'installation n\u00e9cessite que vous nous fournissiez ces informations. Une fois l'installation termin\u00e9e, vous pouvez modifier les donn\u00e9es de connexion. Vous pouvez noter vos donn\u00e9es de connexion pour le serveur FTP lors de la commande \u00e0 l'adresse suivante <strong>Notes de commande<\/strong> (onder &#8216;Extra informatie'). Desgewenst kunt u ons deze ook apart per e-mail toezenden (info@ecrivus-multimedia.nl) of telefonisch: +31(0)43-365-5801.<\/li>\n<\/ul>\n<p><strong>D\u00e9lai de livraison :<\/strong><\/p>\n<p>1-2 jours ouvrables<\/p>\n<p>Deze dienst omvat enkel de installatie van een <a href=\"https:\/\/www.ecrivus-multimedia.nl\/go\/chat\/\" title=\"go\/chat\" class=\"pretty-link-keyword\"rel=\"\">Live Chat<\/a> softwarepakket op uw webserver en het klaarmaken hiervan voor gebruik door uw medewerkers. De <a href=\"https:\/\/www.ecrivus-multimedia.nl\/go\/chat\/\" title=\"go\/chat\" class=\"pretty-link-keyword\"rel=\"\">Live Chat<\/a> software wordt ontwikkeld door derden. Het gebruik van deze software is gratis, maar er zijn voor deze software betaalde &#8216;add-ons' beschikbaar (deze zijn niet vereist voor de werking van de software). Deze betaalde add-ons zijn niet inbegrepen bij onze installatieservice. Indien u specifieke vragen heeft over het <a href=\"https:\/\/www.ecrivus-multimedia.nl\/go\/chat\/\" title=\"go\/chat\" class=\"pretty-link-keyword\"rel=\"\">Live Chat<\/a> software pakket of een demo wil aanvragen, <a href=\"https:\/\/www.ecrivus-multimedia.nl\/fr\/contact\/\">N&#039;h\u00e9sitez pas \u00e0 nous contacter<\/a>.<\/p>","protected":false},"excerpt":{"rendered":"<p>Service d&#039;installation de chat en direct. Votre Live Chat en ligne rapidement et \u00e0 moindre co\u00fbt ! Frais ponctuels.<\/p>","protected":false},"featured_media":132695,"comment_status":"open","ping_status":"closed","template":"","meta":{"_acf_changed":false,"_glsr_average":0,"_glsr_ranking":0,"_glsr_reviews":0,"_joinchat":[]},"product_brand":[],"product_cat":[15288],"product_tag":[],"class_list":{"0":"post-42119","1":"product","2":"type-product","3":"status-publish","4":"has-post-thumbnail","6":"product_cat-web-app-ontwikkeling","8":"first","9":"instock","10":"virtual","11":"sold-individually","12":"taxable","13":"purchasable","14":"product-type-simple"},"acf":[],"yoast_head":"<!-- This site is optimized with the Yoast SEO plugin v27.4 - https:\/\/yoast.com\/product\/yoast-seo-wordpress\/ -->\n<title>Gratis Live Chat toevoegen aan uw website? Live Chat installatieservice<\/title>\n<meta name=\"description\" content=\"Hulp nodig bij het installeren van Live Chat software op uw website? Snelle en voordelige installatieservice van Live Chat. Bestel nu online!\" \/>\n<meta name=\"robots\" content=\"index, follow, max-snippet:-1, max-image-preview:large, max-video-preview:-1\" \/>\n<link rel=\"canonical\" href=\"https:\/\/www.ecrivus-multimedia.nl\/fr\/produit\/service-dinstallation-de-chat-en-direct\/\" \/>\n<meta property=\"og:locale\" content=\"fr_FR\" \/>\n<meta property=\"og:type\" content=\"article\" \/>\n<meta property=\"og:title\" content=\"Gratis Live Chat toevoegen aan uw website? Live Chat installatieservice\" \/>\n<meta property=\"og:description\" content=\"Hulp nodig bij het installeren van Live Chat software op uw website? Snelle en voordelige installatieservice van Live Chat. Bestel nu online!\" \/>\n<meta property=\"og:url\" content=\"https:\/\/www.ecrivus-multimedia.nl\/fr\/produit\/service-dinstallation-de-chat-en-direct\/\" \/>\n<meta property=\"og:site_name\" content=\"Ecrivus International Webshop\" \/>\n<meta property=\"article:publisher\" content=\"https:\/\/www.facebook.com\/Ecrivus-International-676624782512639\/\" \/>\n<meta property=\"article:modified_time\" content=\"2026-04-13T07:26:51+00:00\" \/>\n<meta property=\"og:image\" content=\"https:\/\/www.ecrivus-multimedia.nl\/wp-content\/uploads\/2019\/05\/17072108_3557-scaled.webp\" \/>\n\t<meta property=\"og:image:width\" content=\"2560\" \/>\n\t<meta property=\"og:image:height\" content=\"2560\" \/>\n\t<meta property=\"og:image:type\" content=\"image\/webp\" \/>\n<meta name=\"twitter:card\" content=\"summary_large_image\" \/>\n<meta name=\"twitter:site\" content=\"@ecrivusint\" \/>\n<meta name=\"twitter:label1\" content=\"Dur\u00e9e de lecture estim\u00e9e\" \/>\n\t<meta name=\"twitter:data1\" content=\"3 minutes\" \/>\n<script type=\"application\/ld+json\" class=\"yoast-schema-graph\">{\"@context\":\"https:\\\/\\\/schema.org\",\"@graph\":[{\"@type\":\"WebPage\",\"@id\":\"https:\\\/\\\/www.ecrivus-multimedia.nl\\\/product\\\/live-chat-installatieservice\\\/\",\"url\":\"https:\\\/\\\/www.ecrivus-multimedia.nl\\\/product\\\/live-chat-installatieservice\\\/\",\"name\":\"Gratis Live Chat toevoegen aan uw website? Live Chat installatieservice\",\"isPartOf\":{\"@id\":\"https:\\\/\\\/www.ecrivus-multimedia.nl\\\/#website\"},\"primaryImageOfPage\":{\"@id\":\"https:\\\/\\\/www.ecrivus-multimedia.nl\\\/product\\\/live-chat-installatieservice\\\/#primaryimage\"},\"image\":{\"@id\":\"https:\\\/\\\/www.ecrivus-multimedia.nl\\\/product\\\/live-chat-installatieservice\\\/#primaryimage\"},\"thumbnailUrl\":\"https:\\\/\\\/www.ecrivus-multimedia.nl\\\/wp-content\\\/uploads\\\/2019\\\/05\\\/17072108_3557-scaled.webp\",\"datePublished\":\"2019-05-17T11:04:57+00:00\",\"dateModified\":\"2026-04-13T07:26:51+00:00\",\"description\":\"Hulp nodig bij het installeren van Live Chat software op uw website? Snelle en voordelige installatieservice van Live Chat. Bestel nu online!\",\"breadcrumb\":{\"@id\":\"https:\\\/\\\/www.ecrivus-multimedia.nl\\\/product\\\/live-chat-installatieservice\\\/#breadcrumb\"},\"inLanguage\":\"fr-FR\",\"potentialAction\":[{\"@type\":\"ReadAction\",\"target\":[\"https:\\\/\\\/www.ecrivus-multimedia.nl\\\/product\\\/live-chat-installatieservice\\\/\"]}]},{\"@type\":\"ImageObject\",\"inLanguage\":\"fr-FR\",\"@id\":\"https:\\\/\\\/www.ecrivus-multimedia.nl\\\/product\\\/live-chat-installatieservice\\\/#primaryimage\",\"url\":\"https:\\\/\\\/www.ecrivus-multimedia.nl\\\/wp-content\\\/uploads\\\/2019\\\/05\\\/17072108_3557-scaled.webp\",\"contentUrl\":\"https:\\\/\\\/www.ecrivus-multimedia.nl\\\/wp-content\\\/uploads\\\/2019\\\/05\\\/17072108_3557-scaled.webp\",\"width\":2560,\"height\":2560},{\"@type\":\"BreadcrumbList\",\"@id\":\"https:\\\/\\\/www.ecrivus-multimedia.nl\\\/product\\\/live-chat-installatieservice\\\/#breadcrumb\",\"itemListElement\":[{\"@type\":\"ListItem\",\"position\":1,\"name\":\"Home\",\"item\":\"https:\\\/\\\/www.ecrivus-multimedia.nl\\\/\"},{\"@type\":\"ListItem\",\"position\":2,\"name\":\"Shop\",\"item\":\"https:\\\/\\\/www.ecrivus-multimedia.nl\\\/shop\\\/\"},{\"@type\":\"ListItem\",\"position\":3,\"name\":\"Live Chat Installatieservice\"}]},{\"@type\":\"WebSite\",\"@id\":\"https:\\\/\\\/www.ecrivus-multimedia.nl\\\/#website\",\"url\":\"https:\\\/\\\/www.ecrivus-multimedia.nl\\\/\",\"name\":\"Ecrivus International Webshop\",\"description\":\"Erkende webshop voor be\u00ebdigde vertalingen.\",\"publisher\":{\"@id\":\"https:\\\/\\\/www.ecrivus-multimedia.nl\\\/#organization\"},\"potentialAction\":[{\"@type\":\"SearchAction\",\"target\":{\"@type\":\"EntryPoint\",\"urlTemplate\":\"https:\\\/\\\/www.ecrivus-multimedia.nl\\\/?s={search_term_string}\"},\"query-input\":{\"@type\":\"PropertyValueSpecification\",\"valueRequired\":true,\"valueName\":\"search_term_string\"}}],\"inLanguage\":\"fr-FR\"},{\"@type\":\"Organization\",\"@id\":\"https:\\\/\\\/www.ecrivus-multimedia.nl\\\/#organization\",\"name\":\"Ecrivus International\",\"url\":\"https:\\\/\\\/www.ecrivus-multimedia.nl\\\/\",\"logo\":{\"@type\":\"ImageObject\",\"inLanguage\":\"fr-FR\",\"@id\":\"https:\\\/\\\/www.ecrivus-multimedia.nl\\\/#\\\/schema\\\/logo\\\/image\\\/\",\"url\":\"https:\\\/\\\/www.ecrivus-multimedia.nl\\\/wp-content\\\/uploads\\\/2022\\\/01\\\/cropped-small-Logo-Ecrivus-Vector-Transparent2.png\",\"contentUrl\":\"https:\\\/\\\/www.ecrivus-multimedia.nl\\\/wp-content\\\/uploads\\\/2022\\\/01\\\/cropped-small-Logo-Ecrivus-Vector-Transparent2.png\",\"width\":512,\"height\":512,\"caption\":\"Ecrivus International\"},\"image\":{\"@id\":\"https:\\\/\\\/www.ecrivus-multimedia.nl\\\/#\\\/schema\\\/logo\\\/image\\\/\"},\"sameAs\":[\"https:\\\/\\\/www.facebook.com\\\/Ecrivus-International-676624782512639\\\/\",\"https:\\\/\\\/x.com\\\/ecrivusint\"]}]}<\/script>\n<!-- \/ Yoast SEO plugin. -->","yoast_head_json":{"title":"Gratis Live Chat toevoegen aan uw website? Live Chat installatieservice","description":"Hulp nodig bij het installeren van Live Chat software op uw website? Snelle en voordelige installatieservice van Live Chat. Bestel nu online!","robots":{"index":"index","follow":"follow","max-snippet":"max-snippet:-1","max-image-preview":"max-image-preview:large","max-video-preview":"max-video-preview:-1"},"canonical":"https:\/\/www.ecrivus-multimedia.nl\/fr\/produit\/service-dinstallation-de-chat-en-direct\/","og_locale":"fr_FR","og_type":"article","og_title":"Gratis Live Chat toevoegen aan uw website? Live Chat installatieservice","og_description":"Hulp nodig bij het installeren van Live Chat software op uw website? Snelle en voordelige installatieservice van Live Chat. Bestel nu online!","og_url":"https:\/\/www.ecrivus-multimedia.nl\/fr\/produit\/service-dinstallation-de-chat-en-direct\/","og_site_name":"Ecrivus International Webshop","article_publisher":"https:\/\/www.facebook.com\/Ecrivus-International-676624782512639\/","article_modified_time":"2026-04-13T07:26:51+00:00","og_image":[{"width":2560,"height":2560,"url":"https:\/\/www.ecrivus-multimedia.nl\/wp-content\/uploads\/2019\/05\/17072108_3557-scaled.webp","type":"image\/webp"}],"twitter_card":"summary_large_image","twitter_site":"@ecrivusint","twitter_misc":{"Dur\u00e9e de lecture estim\u00e9e":"3 minutes"},"schema":{"@context":"https:\/\/schema.org","@graph":[{"@type":"WebPage","@id":"https:\/\/www.ecrivus-multimedia.nl\/product\/live-chat-installatieservice\/","url":"https:\/\/www.ecrivus-multimedia.nl\/product\/live-chat-installatieservice\/","name":"Gratis Live Chat toevoegen aan uw website? Live Chat installatieservice","isPartOf":{"@id":"https:\/\/www.ecrivus-multimedia.nl\/#website"},"primaryImageOfPage":{"@id":"https:\/\/www.ecrivus-multimedia.nl\/product\/live-chat-installatieservice\/#primaryimage"},"image":{"@id":"https:\/\/www.ecrivus-multimedia.nl\/product\/live-chat-installatieservice\/#primaryimage"},"thumbnailUrl":"https:\/\/www.ecrivus-multimedia.nl\/wp-content\/uploads\/2019\/05\/17072108_3557-scaled.webp","datePublished":"2019-05-17T11:04:57+00:00","dateModified":"2026-04-13T07:26:51+00:00","description":"Hulp nodig bij het installeren van Live Chat software op uw website? Snelle en voordelige installatieservice van Live Chat. Bestel nu online!","breadcrumb":{"@id":"https:\/\/www.ecrivus-multimedia.nl\/product\/live-chat-installatieservice\/#breadcrumb"},"inLanguage":"fr-FR","potentialAction":[{"@type":"ReadAction","target":["https:\/\/www.ecrivus-multimedia.nl\/product\/live-chat-installatieservice\/"]}]},{"@type":"ImageObject","inLanguage":"fr-FR","@id":"https:\/\/www.ecrivus-multimedia.nl\/product\/live-chat-installatieservice\/#primaryimage","url":"https:\/\/www.ecrivus-multimedia.nl\/wp-content\/uploads\/2019\/05\/17072108_3557-scaled.webp","contentUrl":"https:\/\/www.ecrivus-multimedia.nl\/wp-content\/uploads\/2019\/05\/17072108_3557-scaled.webp","width":2560,"height":2560},{"@type":"BreadcrumbList","@id":"https:\/\/www.ecrivus-multimedia.nl\/product\/live-chat-installatieservice\/#breadcrumb","itemListElement":[{"@type":"ListItem","position":1,"name":"Home","item":"https:\/\/www.ecrivus-multimedia.nl\/"},{"@type":"ListItem","position":2,"name":"Shop","item":"https:\/\/www.ecrivus-multimedia.nl\/shop\/"},{"@type":"ListItem","position":3,"name":"Live Chat Installatieservice"}]},{"@type":"WebSite","@id":"https:\/\/www.ecrivus-multimedia.nl\/#website","url":"https:\/\/www.ecrivus-multimedia.nl\/","name":"Ecrivus International Webshop","description":"Erkende webshop voor be\u00ebdigde vertalingen.","publisher":{"@id":"https:\/\/www.ecrivus-multimedia.nl\/#organization"},"potentialAction":[{"@type":"SearchAction","target":{"@type":"EntryPoint","urlTemplate":"https:\/\/www.ecrivus-multimedia.nl\/?s={search_term_string}"},"query-input":{"@type":"PropertyValueSpecification","valueRequired":true,"valueName":"search_term_string"}}],"inLanguage":"fr-FR"},{"@type":"Organization","@id":"https:\/\/www.ecrivus-multimedia.nl\/#organization","name":"Ecrivus International","url":"https:\/\/www.ecrivus-multimedia.nl\/","logo":{"@type":"ImageObject","inLanguage":"fr-FR","@id":"https:\/\/www.ecrivus-multimedia.nl\/#\/schema\/logo\/image\/","url":"https:\/\/www.ecrivus-multimedia.nl\/wp-content\/uploads\/2022\/01\/cropped-small-Logo-Ecrivus-Vector-Transparent2.png","contentUrl":"https:\/\/www.ecrivus-multimedia.nl\/wp-content\/uploads\/2022\/01\/cropped-small-Logo-Ecrivus-Vector-Transparent2.png","width":512,"height":512,"caption":"Ecrivus International"},"image":{"@id":"https:\/\/www.ecrivus-multimedia.nl\/#\/schema\/logo\/image\/"},"sameAs":["https:\/\/www.facebook.com\/Ecrivus-International-676624782512639\/","https:\/\/x.com\/ecrivusint"]}]}},"_links":{"self":[{"href":"https:\/\/www.ecrivus-multimedia.nl\/fr\/wp-json\/wp\/v2\/product\/42119","targetHints":{"allow":["GET"]}}],"collection":[{"href":"https:\/\/www.ecrivus-multimedia.nl\/fr\/wp-json\/wp\/v2\/product"}],"about":[{"href":"https:\/\/www.ecrivus-multimedia.nl\/fr\/wp-json\/wp\/v2\/types\/product"}],"replies":[{"embeddable":true,"href":"https:\/\/www.ecrivus-multimedia.nl\/fr\/wp-json\/wp\/v2\/comments?post=42119"}],"wp:featuredmedia":[{"embeddable":true,"href":"https:\/\/www.ecrivus-multimedia.nl\/fr\/wp-json\/wp\/v2\/media\/132695"}],"wp:attachment":[{"href":"https:\/\/www.ecrivus-multimedia.nl\/fr\/wp-json\/wp\/v2\/media?parent=42119"}],"wp:term":[{"taxonomy":"product_brand","embeddable":true,"href":"https:\/\/www.ecrivus-multimedia.nl\/fr\/wp-json\/wp\/v2\/product_brand?post=42119"},{"taxonomy":"product_cat","embeddable":true,"href":"https:\/\/www.ecrivus-multimedia.nl\/fr\/wp-json\/wp\/v2\/product_cat?post=42119"},{"taxonomy":"product_tag","embeddable":true,"href":"https:\/\/www.ecrivus-multimedia.nl\/fr\/wp-json\/wp\/v2\/product_tag?post=42119"}],"curies":[{"name":"wp","href":"https:\/\/api.w.org\/{rel}","templated":true}]}}