{"id":42121,"date":"2019-05-17T14:45:53","date_gmt":"2019-05-17T12:45:53","guid":{"rendered":"https:\/\/www.ecrivus-multimedia.nl\/?post_type=product&#038;p=42121"},"modified":"2026-04-13T09:26:24","modified_gmt":"2026-04-13T07:26:24","slug":"wordpress-installatieservice","status":"publish","type":"product","link":"https:\/\/www.ecrivus-multimedia.nl\/fr\/produit\/service-dinstallation-de-wordpress\/","title":{"rendered":"Service d'installation de WordPress"},"content":{"rendered":"<h4>Service d'installation de WordPress<\/h4>\n<p>Vous souhaitez lancer un site WordPress, mais avez-vous besoin d\u2019aide pour installer WordPress sur votre serveur web ? Nous offrons un service abordable et rapide <a href=\"https:\/\/www.ecrivus-multimedia.nl\/go\/wordpress-installatieservice\/\" title=\"Service d&#039;installation de Wordpress\" class=\"pretty-link-keyword\"rel=\"\">Service d&#039;installation WordPress<\/a>!<\/p>\n<p>Il existe d'innombrables manuels et tutoriels sur l'internet pour installer WordPress. Pourtant, cette op\u00e9ration n\u00e9cessite souvent des connaissances techniques en informatique. Vous n'arrivez pas \u00e0 installer WordPress correctement ou vous \u00eates bloqu\u00e9 \u00e0 une certaine \u00e9tape ? Notre \u00e9quipe est sp\u00e9cialis\u00e9e dans l'installation rapide et correcte de WordPress.<\/p>\n<p>L'avantage de WordPress est qu'il y a <strong>aucun co\u00fbt (mensuel)<\/strong> qui y est attach\u00e9e. Son utilisation est <strong>totalement gratuit<\/strong> et le logiciel est mis \u00e0 jour mensuellement par de nombreux d\u00e9veloppeurs WordPress. Les possibilit\u00e9s de WordPress sont infinies. Des millions de sites web fonctionnent avec WordPress et des milliers de plug-ins sont disponibles.<\/p>\n<p>Notre <a href=\"https:\/\/www.ecrivus-multimedia.nl\/go\/wordpress-installatieservice\/\" title=\"Service d&#039;installation de Wordpress\" class=\"pretty-link-keyword\"rel=\"\">Service d&#039;installation WordPress<\/a> est un investissement ponctuel \u2013 il n\u2019y a pas de co\u00fbts r\u00e9currents. De plus, ces co\u00fbts peuvent facilement \u00eatre r\u00e9cup\u00e9r\u00e9s car vous pouvez proposer vos produits ou services sur votre site Web. Nous serons heureux de vous conseiller \u00e0 ce sujet.<\/p>\n<p>Commencez d\u00e8s aujourd'hui \u00e0 cr\u00e9er votre nouveau site web WordPress !<\/p>\n<h4>Inclus dans le service d'installation :<\/h4>\n<ul>\n<li>T\u00e9l\u00e9charger le logiciel WordPress sur votre domaine web (derni\u00e8re version)<\/li>\n<li>Installation de WordPress<\/li>\n<li>Installation et connexion de la base de donn\u00e9es (MySQL)<\/li>\n<li>Installation du pack linguistique s\u00e9lectionn\u00e9<\/li>\n<li>Cr\u00e9ation de l'administrateur du site (admin)<\/li>\n<\/ul>\n<p><strong>Option suppl\u00e9mentaire moyennant un suppl\u00e9ment :<\/strong><\/p>\n<ul>\n<li>Installation de plug-ins suppl\u00e9mentaires<\/li>\n<\/ul>\n<p><strong>Exigences :<\/strong><\/p>\n<ul>\n<li>Vous disposez d'un domaine web actif avec acc\u00e8s \u00e0 votre serveur FTP et \u00e0 votre base de donn\u00e9es. Le service d'installation n\u00e9cessite que vous nous fournissiez ces informations. Une fois l'installation termin\u00e9e, vous pouvez modifier les donn\u00e9es de connexion. Vous pouvez noter vos donn\u00e9es de connexion pour le serveur FTP lors de la commande \u00e0 l'adresse suivante <strong>Notes de commande<\/strong> (onder &#8216;Extra informatie'). Desgewenst kunt u ons deze ook apart per e-mail toezenden (info@ecrivus-multimedia.nl) of telefonisch: +31(0)43-365-5801.<\/li>\n<li>Votre serveur web supporte PHP et la base de donn\u00e9es MySQL. Vous ne savez pas si c'est le cas ? <a href=\"https:\/\/www.ecrivus-multimedia.nl\/fr\/contact\/\">Contactez-nous avant l'achat<\/a> Pour le faire v\u00e9rifier gratuitement.<\/li>\n<\/ul>\n<p><strong>D\u00e9lai de livraison :<\/strong><\/p>\n<p>1-2 jours ouvrables<\/p>\n<p>Notre <a href=\"https:\/\/www.ecrivus-multimedia.nl\/go\/wordpress-installatieservice\/\" title=\"Service d&#039;installation de Wordpress\" class=\"pretty-link-keyword\"rel=\"\">Service d&#039;installation WordPress<\/a> comprend uniquement l&#039;installation de WordPress et de sa base de donn\u00e9es. Apr\u00e8s notre service d&#039;installation, WordPress est pr\u00eat \u00e0 \u00eatre utilis\u00e9. Notre service d&#039;installation comprend <span style=\"text-decoration: underline;\">pas<\/span> la conception du site web, les textes web, les m\u00e9dias, les fonctionnalit\u00e9s suppl\u00e9mentaires et le d\u00e9veloppement de votre site web. Cependant, nous sommes sp\u00e9cialis\u00e9s dans la r\u00e9daction <a href=\"https:\/\/www.ecrivus.nl\/copywriting-tekstschrijven\/\">Textes SEO<\/a> (textes web destin\u00e9s \u00e0 l'optimisation des moteurs de recherche) et le <a href=\"https:\/\/www.ecrivus.nl\/seo-vertaling\/\">traduction de textes web<\/a>. <a href=\"https:\/\/www.ecrivus-multimedia.nl\/fr\/contact\/\">Pour cela, vous pouvez facilement demander un devis suppl\u00e9mentaire.<\/a><\/p>","protected":false},"excerpt":{"rendered":"<p>Service d'installation de Wordpress. Mettez votre nouveau site Wordpress en ligne rapidement et \u00e0 moindre co\u00fbt !<\/p>","protected":false},"featured_media":132694,"comment_status":"open","ping_status":"closed","template":"","meta":{"_acf_changed":false,"_glsr_average":0,"_glsr_ranking":0,"_glsr_reviews":0,"_joinchat":[]},"product_brand":[],"product_cat":[15288],"product_tag":[15287,15286,15290],"class_list":{"0":"post-42121","1":"product","2":"type-product","3":"status-publish","4":"has-post-thumbnail","6":"product_cat-web-app-ontwikkeling","7":"product_tag-installatie","8":"product_tag-software","9":"product_tag-wordpress","11":"first","12":"instock","13":"virtual","14":"sold-individually","15":"taxable","16":"purchasable","17":"product-type-simple"},"acf":[],"yoast_head":"<!-- This site is optimized with the Yoast SEO plugin v27.4 - https:\/\/yoast.com\/product\/yoast-seo-wordpress\/ -->\n<title>Wordpress Installatieservice | Wij installeren Wordpress binnen 1 werkdag.<\/title>\n<meta name=\"description\" content=\"Hulp nodig bij het installeren van Wordpress? Snelle en voordelige installatieservice van Wordpress. Experts in Wordpress - bestel nu online!\" \/>\n<meta name=\"robots\" content=\"index, follow, max-snippet:-1, max-image-preview:large, max-video-preview:-1\" \/>\n<link rel=\"canonical\" href=\"https:\/\/www.ecrivus-multimedia.nl\/fr\/produit\/service-dinstallation-de-wordpress\/\" \/>\n<meta property=\"og:locale\" content=\"fr_FR\" \/>\n<meta property=\"og:type\" content=\"article\" \/>\n<meta property=\"og:title\" content=\"Wordpress Installatieservice | Wij installeren Wordpress binnen 1 werkdag.\" \/>\n<meta property=\"og:description\" content=\"Hulp nodig bij het installeren van Wordpress? Snelle en voordelige installatieservice van Wordpress. Experts in Wordpress - bestel nu online!\" \/>\n<meta property=\"og:url\" content=\"https:\/\/www.ecrivus-multimedia.nl\/fr\/produit\/service-dinstallation-de-wordpress\/\" \/>\n<meta property=\"og:site_name\" content=\"Ecrivus International Webshop\" \/>\n<meta property=\"article:publisher\" content=\"https:\/\/www.facebook.com\/Ecrivus-International-676624782512639\/\" \/>\n<meta property=\"article:modified_time\" content=\"2026-04-13T07:26:24+00:00\" \/>\n<meta property=\"og:image\" content=\"https:\/\/www.ecrivus-multimedia.nl\/wp-content\/uploads\/2019\/05\/2147962618.webp\" \/>\n\t<meta property=\"og:image:width\" content=\"1000\" \/>\n\t<meta property=\"og:image:height\" content=\"667\" \/>\n\t<meta property=\"og:image:type\" content=\"image\/webp\" \/>\n<meta name=\"twitter:card\" content=\"summary_large_image\" \/>\n<meta name=\"twitter:site\" content=\"@ecrivusint\" \/>\n<meta name=\"twitter:label1\" content=\"Dur\u00e9e de lecture estim\u00e9e\" \/>\n\t<meta name=\"twitter:data1\" content=\"2 minutes\" \/>\n<script type=\"application\/ld+json\" class=\"yoast-schema-graph\">{\"@context\":\"https:\\\/\\\/schema.org\",\"@graph\":[{\"@type\":\"WebPage\",\"@id\":\"https:\\\/\\\/www.ecrivus-multimedia.nl\\\/product\\\/wordpress-installatieservice\\\/\",\"url\":\"https:\\\/\\\/www.ecrivus-multimedia.nl\\\/product\\\/wordpress-installatieservice\\\/\",\"name\":\"Wordpress Installatieservice | Wij installeren Wordpress binnen 1 werkdag.\",\"isPartOf\":{\"@id\":\"https:\\\/\\\/www.ecrivus-multimedia.nl\\\/#website\"},\"primaryImageOfPage\":{\"@id\":\"https:\\\/\\\/www.ecrivus-multimedia.nl\\\/product\\\/wordpress-installatieservice\\\/#primaryimage\"},\"image\":{\"@id\":\"https:\\\/\\\/www.ecrivus-multimedia.nl\\\/product\\\/wordpress-installatieservice\\\/#primaryimage\"},\"thumbnailUrl\":\"https:\\\/\\\/www.ecrivus-multimedia.nl\\\/wp-content\\\/uploads\\\/2019\\\/05\\\/2147962618.webp\",\"datePublished\":\"2019-05-17T12:45:53+00:00\",\"dateModified\":\"2026-04-13T07:26:24+00:00\",\"description\":\"Hulp nodig bij het installeren van Wordpress? Snelle en voordelige installatieservice van Wordpress. Experts in Wordpress - bestel nu online!\",\"breadcrumb\":{\"@id\":\"https:\\\/\\\/www.ecrivus-multimedia.nl\\\/product\\\/wordpress-installatieservice\\\/#breadcrumb\"},\"inLanguage\":\"fr-FR\",\"potentialAction\":[{\"@type\":\"ReadAction\",\"target\":[\"https:\\\/\\\/www.ecrivus-multimedia.nl\\\/product\\\/wordpress-installatieservice\\\/\"]}]},{\"@type\":\"ImageObject\",\"inLanguage\":\"fr-FR\",\"@id\":\"https:\\\/\\\/www.ecrivus-multimedia.nl\\\/product\\\/wordpress-installatieservice\\\/#primaryimage\",\"url\":\"https:\\\/\\\/www.ecrivus-multimedia.nl\\\/wp-content\\\/uploads\\\/2019\\\/05\\\/2147962618.webp\",\"contentUrl\":\"https:\\\/\\\/www.ecrivus-multimedia.nl\\\/wp-content\\\/uploads\\\/2019\\\/05\\\/2147962618.webp\",\"width\":1000,\"height\":667},{\"@type\":\"BreadcrumbList\",\"@id\":\"https:\\\/\\\/www.ecrivus-multimedia.nl\\\/product\\\/wordpress-installatieservice\\\/#breadcrumb\",\"itemListElement\":[{\"@type\":\"ListItem\",\"position\":1,\"name\":\"Home\",\"item\":\"https:\\\/\\\/www.ecrivus-multimedia.nl\\\/\"},{\"@type\":\"ListItem\",\"position\":2,\"name\":\"Shop\",\"item\":\"https:\\\/\\\/www.ecrivus-multimedia.nl\\\/shop\\\/\"},{\"@type\":\"ListItem\",\"position\":3,\"name\":\"WordPress Installatieservice\"}]},{\"@type\":\"WebSite\",\"@id\":\"https:\\\/\\\/www.ecrivus-multimedia.nl\\\/#website\",\"url\":\"https:\\\/\\\/www.ecrivus-multimedia.nl\\\/\",\"name\":\"Ecrivus International Webshop\",\"description\":\"Erkende webshop voor be\u00ebdigde vertalingen.\",\"publisher\":{\"@id\":\"https:\\\/\\\/www.ecrivus-multimedia.nl\\\/#organization\"},\"potentialAction\":[{\"@type\":\"SearchAction\",\"target\":{\"@type\":\"EntryPoint\",\"urlTemplate\":\"https:\\\/\\\/www.ecrivus-multimedia.nl\\\/?s={search_term_string}\"},\"query-input\":{\"@type\":\"PropertyValueSpecification\",\"valueRequired\":true,\"valueName\":\"search_term_string\"}}],\"inLanguage\":\"fr-FR\"},{\"@type\":\"Organization\",\"@id\":\"https:\\\/\\\/www.ecrivus-multimedia.nl\\\/#organization\",\"name\":\"Ecrivus International\",\"url\":\"https:\\\/\\\/www.ecrivus-multimedia.nl\\\/\",\"logo\":{\"@type\":\"ImageObject\",\"inLanguage\":\"fr-FR\",\"@id\":\"https:\\\/\\\/www.ecrivus-multimedia.nl\\\/#\\\/schema\\\/logo\\\/image\\\/\",\"url\":\"https:\\\/\\\/www.ecrivus-multimedia.nl\\\/wp-content\\\/uploads\\\/2022\\\/01\\\/cropped-small-Logo-Ecrivus-Vector-Transparent2.png\",\"contentUrl\":\"https:\\\/\\\/www.ecrivus-multimedia.nl\\\/wp-content\\\/uploads\\\/2022\\\/01\\\/cropped-small-Logo-Ecrivus-Vector-Transparent2.png\",\"width\":512,\"height\":512,\"caption\":\"Ecrivus International\"},\"image\":{\"@id\":\"https:\\\/\\\/www.ecrivus-multimedia.nl\\\/#\\\/schema\\\/logo\\\/image\\\/\"},\"sameAs\":[\"https:\\\/\\\/www.facebook.com\\\/Ecrivus-International-676624782512639\\\/\",\"https:\\\/\\\/x.com\\\/ecrivusint\"]}]}<\/script>\n<!-- \/ Yoast SEO plugin. -->","yoast_head_json":{"title":"Wordpress Installatieservice | Wij installeren Wordpress binnen 1 werkdag.","description":"Hulp nodig bij het installeren van Wordpress? Snelle en voordelige installatieservice van Wordpress. Experts in Wordpress - bestel nu online!","robots":{"index":"index","follow":"follow","max-snippet":"max-snippet:-1","max-image-preview":"max-image-preview:large","max-video-preview":"max-video-preview:-1"},"canonical":"https:\/\/www.ecrivus-multimedia.nl\/fr\/produit\/service-dinstallation-de-wordpress\/","og_locale":"fr_FR","og_type":"article","og_title":"Wordpress Installatieservice | Wij installeren Wordpress binnen 1 werkdag.","og_description":"Hulp nodig bij het installeren van Wordpress? Snelle en voordelige installatieservice van Wordpress. Experts in Wordpress - bestel nu online!","og_url":"https:\/\/www.ecrivus-multimedia.nl\/fr\/produit\/service-dinstallation-de-wordpress\/","og_site_name":"Ecrivus International Webshop","article_publisher":"https:\/\/www.facebook.com\/Ecrivus-International-676624782512639\/","article_modified_time":"2026-04-13T07:26:24+00:00","og_image":[{"width":1000,"height":667,"url":"https:\/\/www.ecrivus-multimedia.nl\/wp-content\/uploads\/2019\/05\/2147962618.webp","type":"image\/webp"}],"twitter_card":"summary_large_image","twitter_site":"@ecrivusint","twitter_misc":{"Dur\u00e9e de lecture estim\u00e9e":"2 minutes"},"schema":{"@context":"https:\/\/schema.org","@graph":[{"@type":"WebPage","@id":"https:\/\/www.ecrivus-multimedia.nl\/product\/wordpress-installatieservice\/","url":"https:\/\/www.ecrivus-multimedia.nl\/product\/wordpress-installatieservice\/","name":"Wordpress Installatieservice | Wij installeren Wordpress binnen 1 werkdag.","isPartOf":{"@id":"https:\/\/www.ecrivus-multimedia.nl\/#website"},"primaryImageOfPage":{"@id":"https:\/\/www.ecrivus-multimedia.nl\/product\/wordpress-installatieservice\/#primaryimage"},"image":{"@id":"https:\/\/www.ecrivus-multimedia.nl\/product\/wordpress-installatieservice\/#primaryimage"},"thumbnailUrl":"https:\/\/www.ecrivus-multimedia.nl\/wp-content\/uploads\/2019\/05\/2147962618.webp","datePublished":"2019-05-17T12:45:53+00:00","dateModified":"2026-04-13T07:26:24+00:00","description":"Hulp nodig bij het installeren van Wordpress? Snelle en voordelige installatieservice van Wordpress. Experts in Wordpress - bestel nu online!","breadcrumb":{"@id":"https:\/\/www.ecrivus-multimedia.nl\/product\/wordpress-installatieservice\/#breadcrumb"},"inLanguage":"fr-FR","potentialAction":[{"@type":"ReadAction","target":["https:\/\/www.ecrivus-multimedia.nl\/product\/wordpress-installatieservice\/"]}]},{"@type":"ImageObject","inLanguage":"fr-FR","@id":"https:\/\/www.ecrivus-multimedia.nl\/product\/wordpress-installatieservice\/#primaryimage","url":"https:\/\/www.ecrivus-multimedia.nl\/wp-content\/uploads\/2019\/05\/2147962618.webp","contentUrl":"https:\/\/www.ecrivus-multimedia.nl\/wp-content\/uploads\/2019\/05\/2147962618.webp","width":1000,"height":667},{"@type":"BreadcrumbList","@id":"https:\/\/www.ecrivus-multimedia.nl\/product\/wordpress-installatieservice\/#breadcrumb","itemListElement":[{"@type":"ListItem","position":1,"name":"Home","item":"https:\/\/www.ecrivus-multimedia.nl\/"},{"@type":"ListItem","position":2,"name":"Shop","item":"https:\/\/www.ecrivus-multimedia.nl\/shop\/"},{"@type":"ListItem","position":3,"name":"WordPress Installatieservice"}]},{"@type":"WebSite","@id":"https:\/\/www.ecrivus-multimedia.nl\/#website","url":"https:\/\/www.ecrivus-multimedia.nl\/","name":"Ecrivus International Webshop","description":"Erkende webshop voor be\u00ebdigde vertalingen.","publisher":{"@id":"https:\/\/www.ecrivus-multimedia.nl\/#organization"},"potentialAction":[{"@type":"SearchAction","target":{"@type":"EntryPoint","urlTemplate":"https:\/\/www.ecrivus-multimedia.nl\/?s={search_term_string}"},"query-input":{"@type":"PropertyValueSpecification","valueRequired":true,"valueName":"search_term_string"}}],"inLanguage":"fr-FR"},{"@type":"Organization","@id":"https:\/\/www.ecrivus-multimedia.nl\/#organization","name":"Ecrivus International","url":"https:\/\/www.ecrivus-multimedia.nl\/","logo":{"@type":"ImageObject","inLanguage":"fr-FR","@id":"https:\/\/www.ecrivus-multimedia.nl\/#\/schema\/logo\/image\/","url":"https:\/\/www.ecrivus-multimedia.nl\/wp-content\/uploads\/2022\/01\/cropped-small-Logo-Ecrivus-Vector-Transparent2.png","contentUrl":"https:\/\/www.ecrivus-multimedia.nl\/wp-content\/uploads\/2022\/01\/cropped-small-Logo-Ecrivus-Vector-Transparent2.png","width":512,"height":512,"caption":"Ecrivus International"},"image":{"@id":"https:\/\/www.ecrivus-multimedia.nl\/#\/schema\/logo\/image\/"},"sameAs":["https:\/\/www.facebook.com\/Ecrivus-International-676624782512639\/","https:\/\/x.com\/ecrivusint"]}]}},"_links":{"self":[{"href":"https:\/\/www.ecrivus-multimedia.nl\/fr\/wp-json\/wp\/v2\/product\/42121","targetHints":{"allow":["GET"]}}],"collection":[{"href":"https:\/\/www.ecrivus-multimedia.nl\/fr\/wp-json\/wp\/v2\/product"}],"about":[{"href":"https:\/\/www.ecrivus-multimedia.nl\/fr\/wp-json\/wp\/v2\/types\/product"}],"replies":[{"embeddable":true,"href":"https:\/\/www.ecrivus-multimedia.nl\/fr\/wp-json\/wp\/v2\/comments?post=42121"}],"wp:featuredmedia":[{"embeddable":true,"href":"https:\/\/www.ecrivus-multimedia.nl\/fr\/wp-json\/wp\/v2\/media\/132694"}],"wp:attachment":[{"href":"https:\/\/www.ecrivus-multimedia.nl\/fr\/wp-json\/wp\/v2\/media?parent=42121"}],"wp:term":[{"taxonomy":"product_brand","embeddable":true,"href":"https:\/\/www.ecrivus-multimedia.nl\/fr\/wp-json\/wp\/v2\/product_brand?post=42121"},{"taxonomy":"product_cat","embeddable":true,"href":"https:\/\/www.ecrivus-multimedia.nl\/fr\/wp-json\/wp\/v2\/product_cat?post=42121"},{"taxonomy":"product_tag","embeddable":true,"href":"https:\/\/www.ecrivus-multimedia.nl\/fr\/wp-json\/wp\/v2\/product_tag?post=42121"}],"curies":[{"name":"wp","href":"https:\/\/api.w.org\/{rel}","templated":true}]}}