{"id":42156,"date":"2019-05-24T14:23:22","date_gmt":"2019-05-24T12:23:22","guid":{"rendered":"https:\/\/www.ecrivus-multimedia.nl\/?post_type=product&#038;p=42156"},"modified":"2026-04-13T09:24:47","modified_gmt":"2026-04-13T07:24:47","slug":"app-vertalen","status":"publish","type":"product","link":"https:\/\/www.ecrivus-multimedia.nl\/fr\/produit\/traduire-lapplication\/","title":{"rendered":"Traduction d'applications Android\u00ae, iOs\u00ae ou Web"},"content":{"rendered":"<h4><span style=\"font-size: 12pt;\">Traduction d'applications Android\u00ae, iOs\u00ae ou Web<\/span><\/h4>\n<h4><strong>Traduire une application est l\u2019un des n\u00f4tres <em>activit\u00e9 principale<\/em><\/strong><\/h4>\n<p>Notre travail au quotidien <a href=\"https:\/\/www.ecrivus.nl\/talen-2\/\" target=\"_blank\" rel=\"noopener noreferrer\"><em>locuteur natif<\/em> traducteurs<\/a> qui se sp\u00e9cialisent dans <a href=\"https:\/\/www.ecrivus-multimedia.nl\/go\/app-vertalen\/\" title=\"Application de traduction\u00a0? \u2713 Android\u00ae \u2713 iOS\u00ae \u2713 Web \u2713 Commandez en ligne maintenant ! \u2713 Prix fixe\" class=\"pretty-link-keyword\"rel=\"\">application<\/a> traductions en divers <a href=\"https:\/\/www.ecrivus.nl\/taaldiensten\/\" target=\"_blank\" rel=\"noopener noreferrer\">projets de traduction<\/a> pour les applications (mobiles). Ils connaissent le jargon, veillent \u00e0 ce que les textes correspondent parfaitement \u00e0 votre groupe cible et fonctionnent avec une grande pr\u00e9cision. \u00c9galement associ\u00e9 <a href=\"https:\/\/www.ecrivus.nl\/marketing-vertalingen\/\" target=\"_blank\" rel=\"noopener noreferrer\">sites Web de commercialisation<\/a> Nous pouvons traduire sans effort du mat\u00e9riel promotionnel en ligne. Le meilleur de tous? Avec un bon <a href=\"https:\/\/www.ecrivus-multimedia.nl\/go\/app-vertalen\/\" title=\"Application de traduction\u00a0? \u2713 Android\u00ae \u2713 iOS\u00ae \u2713 Web \u2713 Commandez en ligne maintenant ! \u2713 Prix fixe\" class=\"pretty-link-keyword\"rel=\"\">application<\/a>-traduction, vous pouvez utiliser votre <a href=\"https:\/\/www.ecrivus-multimedia.nl\/go\/app-vertalen\/\" title=\"Application de traduction\u00a0? \u2713 Android\u00ae \u2713 iOS\u00ae \u2713 Web \u2713 Commandez en ligne maintenant ! \u2713 Prix fixe\" class=\"pretty-link-keyword\"rel=\"\">application<\/a> accessible au monde entier. Pensez-y; juste en traduisant le <a href=\"https:\/\/www.ecrivus-multimedia.nl\/go\/app-vertalen\/\" title=\"Application de traduction\u00a0? \u2713 Android\u00ae \u2713 iOS\u00ae \u2713 Web \u2713 Commandez en ligne maintenant ! \u2713 Prix fixe\" class=\"pretty-link-keyword\"rel=\"\">application<\/a> vers l&#039;anglais, vous pouvez atteindre des utilisateurs aux \u00c9tats-Unis, en Grande-Bretagne, au Canada, en Australie et dans de nombreux autres pays. Et comme nous sommes plus que... <a href=\"https:\/\/www.ecrivus.nl\/talen-2\/\" target=\"_blank\" rel=\"noopener noreferrer\">225+ langues<\/a> offre, les possibilit\u00e9s sont infinies. Jamais auparavant un professionnel <a href=\"https:\/\/www.ecrivus-multimedia.nl\/go\/app-vertalen\/\" title=\"Application de traduction\u00a0? \u2713 Android\u00ae \u2713 iOS\u00ae \u2713 Web \u2713 Commandez en ligne maintenant ! \u2713 Prix fixe\" class=\"pretty-link-keyword\"rel=\"\">traduire l&#039;application<\/a> si simple et transparent !<\/p>\n<p style=\"text-align: center;\"><a href=\"https:\/\/www.ecrivus-multimedia.nl\/fr\/packages-de-traduction-dapplications\/\" class=\"su-button su-button-style-default\" style=\"color:#FFFFFF;background-color:#2D89EF;border-color:#246ec0;border-radius:7px\" target=\"_blank\" rel=\"noopener noreferrer\"><span style=\"color:#FFFFFF;padding:7px 20px;font-size:16px;line-height:24px;border-color:#6cadf4;border-radius:7px;text-shadow:none\"><i class=\"sui sui-arrow-right\" style=\"font-size:16px;color:#FFFFFF\"><\/i> Consultez nos packages de traduction d\u2019applications ici.<\/span><\/a>\n<p>Voulez-vous que votre <a href=\"https:\/\/www.ecrivus-multimedia.nl\/go\/app-vertalen\/\" title=\"Application de traduction\u00a0? \u2713 Android\u00ae \u2713 iOS\u00ae \u2713 Web \u2713 Commandez en ligne maintenant ! \u2713 Prix fixe\" class=\"pretty-link-keyword\"rel=\"\">application<\/a> Vous avez traduit, mais vous ne savez pas encore quelles langues vous pouvez utiliser pour toucher le plus grand nombre ? Alors lis-le <a href=\"https:\/\/nl.wikipedia.org\/wiki\/Lijst_van_talen_naar_moedertaalsprekers\" target=\"_blank\" rel=\"noopener noreferrer\">cet article Wikip\u00e9dia<\/a>. Cette page montre le nombre de locuteurs natifs par langue.<\/p>\n<p><strong>Informations Compl\u00e9mentaires <a href=\"https:\/\/www.ecrivus-multimedia.nl\/go\/app-vertalen\/\" title=\"Application de traduction\u00a0? \u2713 Android\u00ae \u2713 iOS\u00ae \u2713 Web \u2713 Commandez en ligne maintenant ! \u2713 Prix fixe\" class=\"pretty-link-keyword\"rel=\"\">traduire l&#039;application<\/a>:<\/strong><\/p>\n<ul>\n<li>Apr\u00e8s r\u00e9ception de votre commande, nous analysons le nombre total de mots des fichiers fournis. Si le nombre total de mots correspond au package de traduction choisi, nous commencerons imm\u00e9diatement. S&#039;il semble y avoir plus ou moins de mots que le package s\u00e9lectionn\u00e9, nous vous contacterons en premier.<\/li>\n<li>Si nous avons des questions sur le texte ou lors de la pr\u00e9paration du projet ou lors de la traduction <a href=\"https:\/\/www.ecrivus-multimedia.nl\/go\/app-vertalen\/\" title=\"Application de traduction\u00a0? \u2713 Android\u00ae \u2713 iOS\u00ae \u2713 Web \u2713 Commandez en ligne maintenant ! \u2713 Prix fixe\" class=\"pretty-link-keyword\"rel=\"\">application<\/a>, nous vous le ferons savoir en temps opportun.<\/li>\n<li>Zijn er bijzonderheden met betrekking tot variabele inhoud, dynamische content of tags? Of wilt u andere vertaalinstructies meegeven? Vermeld deze in het notities-gedeelte bij het afrekenen of stuur ons een e-mail: info@ecrivus-multimedia.nl of info@ecrivus.nl.<\/li>\n<li>Les prix des forfaits mentionn\u00e9s s&#039;appliquent par langue et n&#039;incluent pas la TVA 21%. Voulez-vous le <a href=\"https:\/\/www.ecrivus-multimedia.nl\/go\/app-vertalen\/\" title=\"Application de traduction\u00a0? \u2713 Android\u00ae \u2713 iOS\u00ae \u2713 Web \u2713 Commandez en ligne maintenant ! \u2713 Prix fixe\" class=\"pretty-link-keyword\"rel=\"\">application<\/a> l&#039;a-t-il traduit en plusieurs langues ? Ajoutez-le ensuite s\u00e9par\u00e9ment \u00e0 votre commande.<\/li>\n<\/ul>","protected":false},"excerpt":{"rendered":"<p>Traduction professionnelle d&#039;applications par des traducteurs d&#039;applications sp\u00e9cialis\u00e9s (locuteurs natifs). Vous pouvez ajouter les fichiers sources de l&#039;application qui doivent \u00eatre traduits sur la page de paiement apr\u00e8s avoir ajout\u00e9 le service au panier.<\/p>","protected":false},"featured_media":132693,"comment_status":"open","ping_status":"closed","template":"","meta":{"_acf_changed":false,"_glsr_average":0,"_glsr_ranking":0,"_glsr_reviews":0,"_joinchat":[]},"product_brand":[],"product_cat":[15301],"product_tag":[],"class_list":{"0":"post-42156","1":"product","2":"type-product","3":"status-publish","4":"has-post-thumbnail","6":"product_cat-web-app-vertalingen","8":"first","9":"instock","10":"sold-individually","11":"taxable","12":"shipping-taxable","13":"purchasable","14":"product-type-variable"},"acf":[],"yoast_head":"<!-- This site is optimized with the Yoast SEO plugin v27.4 - https:\/\/yoast.com\/product\/yoast-seo-wordpress\/ -->\n<title>App vertalen? \u2713 Android\u00ae \u2713 iOs\u00ae \u2713 Web \u2713 Bestel nu online! \u2713 Vaste prijs<\/title>\n<meta name=\"description\" content=\"Uw app vertalen en lanceren in andere landen? Wij lokaliseren en vertalen alle apps. \u2713 Vaste prijs \u2713 Alle bestandsformaten \u2713 Online bestellen \u2713 225+ talen\" \/>\n<meta name=\"robots\" content=\"index, follow, max-snippet:-1, max-image-preview:large, max-video-preview:-1\" \/>\n<link rel=\"canonical\" href=\"https:\/\/www.ecrivus-multimedia.nl\/fr\/produit\/traduire-lapplication\/\" \/>\n<meta property=\"og:locale\" content=\"fr_FR\" \/>\n<meta property=\"og:type\" content=\"article\" \/>\n<meta property=\"og:title\" content=\"App vertalen? \u2713 Android\u00ae \u2713 iOs\u00ae \u2713 Web \u2713 Bestel nu online! \u2713 Vaste prijs\" \/>\n<meta property=\"og:description\" content=\"Uw app vertalen en lanceren in andere landen? Wij lokaliseren en vertalen alle apps. \u2713 Vaste prijs \u2713 Alle bestandsformaten \u2713 Online bestellen \u2713 225+ talen\" \/>\n<meta property=\"og:url\" content=\"https:\/\/www.ecrivus-multimedia.nl\/fr\/produit\/traduire-lapplication\/\" \/>\n<meta property=\"og:site_name\" content=\"Ecrivus International Webshop\" \/>\n<meta property=\"article:publisher\" content=\"https:\/\/www.facebook.com\/Ecrivus-International-676624782512639\/\" \/>\n<meta property=\"article:modified_time\" content=\"2026-04-13T07:24:47+00:00\" \/>\n<meta property=\"og:image\" content=\"https:\/\/www.ecrivus-multimedia.nl\/wp-content\/uploads\/2019\/05\/laptop-digitale-apps-online-diensten.jpg\" \/>\n\t<meta property=\"og:image:width\" content=\"1000\" \/>\n\t<meta property=\"og:image:height\" content=\"658\" \/>\n\t<meta property=\"og:image:type\" content=\"image\/jpeg\" \/>\n<meta name=\"twitter:card\" content=\"summary_large_image\" \/>\n<meta name=\"twitter:site\" content=\"@ecrivusint\" \/>\n<meta name=\"twitter:label1\" content=\"Dur\u00e9e de lecture estim\u00e9e\" \/>\n\t<meta name=\"twitter:data1\" content=\"2 minutes\" \/>\n<script type=\"application\/ld+json\" class=\"yoast-schema-graph\">{\"@context\":\"https:\\\/\\\/schema.org\",\"@graph\":[{\"@type\":\"WebPage\",\"@id\":\"https:\\\/\\\/www.ecrivus-multimedia.nl\\\/product\\\/app-vertalen\\\/\",\"url\":\"https:\\\/\\\/www.ecrivus-multimedia.nl\\\/product\\\/app-vertalen\\\/\",\"name\":\"App vertalen? \u2713 Android\u00ae \u2713 iOs\u00ae \u2713 Web \u2713 Bestel nu online! \u2713 Vaste prijs\",\"isPartOf\":{\"@id\":\"https:\\\/\\\/www.ecrivus-multimedia.nl\\\/#website\"},\"primaryImageOfPage\":{\"@id\":\"https:\\\/\\\/www.ecrivus-multimedia.nl\\\/product\\\/app-vertalen\\\/#primaryimage\"},\"image\":{\"@id\":\"https:\\\/\\\/www.ecrivus-multimedia.nl\\\/product\\\/app-vertalen\\\/#primaryimage\"},\"thumbnailUrl\":\"https:\\\/\\\/www.ecrivus-multimedia.nl\\\/wp-content\\\/uploads\\\/2019\\\/05\\\/laptop-digitale-apps-online-diensten.jpg\",\"datePublished\":\"2019-05-24T12:23:22+00:00\",\"dateModified\":\"2026-04-13T07:24:47+00:00\",\"description\":\"Uw app vertalen en lanceren in andere landen? Wij lokaliseren en vertalen alle apps. \u2713 Vaste prijs \u2713 Alle bestandsformaten \u2713 Online bestellen \u2713 225+ talen\",\"breadcrumb\":{\"@id\":\"https:\\\/\\\/www.ecrivus-multimedia.nl\\\/product\\\/app-vertalen\\\/#breadcrumb\"},\"inLanguage\":\"fr-FR\",\"potentialAction\":[{\"@type\":\"ReadAction\",\"target\":[\"https:\\\/\\\/www.ecrivus-multimedia.nl\\\/product\\\/app-vertalen\\\/\"]}]},{\"@type\":\"ImageObject\",\"inLanguage\":\"fr-FR\",\"@id\":\"https:\\\/\\\/www.ecrivus-multimedia.nl\\\/product\\\/app-vertalen\\\/#primaryimage\",\"url\":\"https:\\\/\\\/www.ecrivus-multimedia.nl\\\/wp-content\\\/uploads\\\/2019\\\/05\\\/laptop-digitale-apps-online-diensten.jpg\",\"contentUrl\":\"https:\\\/\\\/www.ecrivus-multimedia.nl\\\/wp-content\\\/uploads\\\/2019\\\/05\\\/laptop-digitale-apps-online-diensten.jpg\",\"width\":1000,\"height\":658},{\"@type\":\"BreadcrumbList\",\"@id\":\"https:\\\/\\\/www.ecrivus-multimedia.nl\\\/product\\\/app-vertalen\\\/#breadcrumb\",\"itemListElement\":[{\"@type\":\"ListItem\",\"position\":1,\"name\":\"Home\",\"item\":\"https:\\\/\\\/www.ecrivus-multimedia.nl\\\/\"},{\"@type\":\"ListItem\",\"position\":2,\"name\":\"Shop\",\"item\":\"https:\\\/\\\/www.ecrivus-multimedia.nl\\\/shop\\\/\"},{\"@type\":\"ListItem\",\"position\":3,\"name\":\"Android\u00ae, iOs\u00ae of Web app vertalen\"}]},{\"@type\":\"WebSite\",\"@id\":\"https:\\\/\\\/www.ecrivus-multimedia.nl\\\/#website\",\"url\":\"https:\\\/\\\/www.ecrivus-multimedia.nl\\\/\",\"name\":\"Ecrivus International Webshop\",\"description\":\"Erkende webshop voor be\u00ebdigde vertalingen.\",\"publisher\":{\"@id\":\"https:\\\/\\\/www.ecrivus-multimedia.nl\\\/#organization\"},\"potentialAction\":[{\"@type\":\"SearchAction\",\"target\":{\"@type\":\"EntryPoint\",\"urlTemplate\":\"https:\\\/\\\/www.ecrivus-multimedia.nl\\\/?s={search_term_string}\"},\"query-input\":{\"@type\":\"PropertyValueSpecification\",\"valueRequired\":true,\"valueName\":\"search_term_string\"}}],\"inLanguage\":\"fr-FR\"},{\"@type\":\"Organization\",\"@id\":\"https:\\\/\\\/www.ecrivus-multimedia.nl\\\/#organization\",\"name\":\"Ecrivus International\",\"url\":\"https:\\\/\\\/www.ecrivus-multimedia.nl\\\/\",\"logo\":{\"@type\":\"ImageObject\",\"inLanguage\":\"fr-FR\",\"@id\":\"https:\\\/\\\/www.ecrivus-multimedia.nl\\\/#\\\/schema\\\/logo\\\/image\\\/\",\"url\":\"https:\\\/\\\/www.ecrivus-multimedia.nl\\\/wp-content\\\/uploads\\\/2022\\\/01\\\/cropped-small-Logo-Ecrivus-Vector-Transparent2.png\",\"contentUrl\":\"https:\\\/\\\/www.ecrivus-multimedia.nl\\\/wp-content\\\/uploads\\\/2022\\\/01\\\/cropped-small-Logo-Ecrivus-Vector-Transparent2.png\",\"width\":512,\"height\":512,\"caption\":\"Ecrivus International\"},\"image\":{\"@id\":\"https:\\\/\\\/www.ecrivus-multimedia.nl\\\/#\\\/schema\\\/logo\\\/image\\\/\"},\"sameAs\":[\"https:\\\/\\\/www.facebook.com\\\/Ecrivus-International-676624782512639\\\/\",\"https:\\\/\\\/x.com\\\/ecrivusint\"]}]}<\/script>\n<!-- \/ Yoast SEO plugin. -->","yoast_head_json":{"title":"App vertalen? \u2713 Android\u00ae \u2713 iOs\u00ae \u2713 Web \u2713 Bestel nu online! \u2713 Vaste prijs","description":"Uw app vertalen en lanceren in andere landen? Wij lokaliseren en vertalen alle apps. \u2713 Vaste prijs \u2713 Alle bestandsformaten \u2713 Online bestellen \u2713 225+ talen","robots":{"index":"index","follow":"follow","max-snippet":"max-snippet:-1","max-image-preview":"max-image-preview:large","max-video-preview":"max-video-preview:-1"},"canonical":"https:\/\/www.ecrivus-multimedia.nl\/fr\/produit\/traduire-lapplication\/","og_locale":"fr_FR","og_type":"article","og_title":"App vertalen? \u2713 Android\u00ae \u2713 iOs\u00ae \u2713 Web \u2713 Bestel nu online! \u2713 Vaste prijs","og_description":"Uw app vertalen en lanceren in andere landen? Wij lokaliseren en vertalen alle apps. \u2713 Vaste prijs \u2713 Alle bestandsformaten \u2713 Online bestellen \u2713 225+ talen","og_url":"https:\/\/www.ecrivus-multimedia.nl\/fr\/produit\/traduire-lapplication\/","og_site_name":"Ecrivus International Webshop","article_publisher":"https:\/\/www.facebook.com\/Ecrivus-International-676624782512639\/","article_modified_time":"2026-04-13T07:24:47+00:00","og_image":[{"width":1000,"height":658,"url":"https:\/\/www.ecrivus-multimedia.nl\/wp-content\/uploads\/2019\/05\/laptop-digitale-apps-online-diensten.jpg","type":"image\/jpeg"}],"twitter_card":"summary_large_image","twitter_site":"@ecrivusint","twitter_misc":{"Dur\u00e9e de lecture estim\u00e9e":"2 minutes"},"schema":{"@context":"https:\/\/schema.org","@graph":[{"@type":"WebPage","@id":"https:\/\/www.ecrivus-multimedia.nl\/product\/app-vertalen\/","url":"https:\/\/www.ecrivus-multimedia.nl\/product\/app-vertalen\/","name":"App vertalen? \u2713 Android\u00ae \u2713 iOs\u00ae \u2713 Web \u2713 Bestel nu online! \u2713 Vaste prijs","isPartOf":{"@id":"https:\/\/www.ecrivus-multimedia.nl\/#website"},"primaryImageOfPage":{"@id":"https:\/\/www.ecrivus-multimedia.nl\/product\/app-vertalen\/#primaryimage"},"image":{"@id":"https:\/\/www.ecrivus-multimedia.nl\/product\/app-vertalen\/#primaryimage"},"thumbnailUrl":"https:\/\/www.ecrivus-multimedia.nl\/wp-content\/uploads\/2019\/05\/laptop-digitale-apps-online-diensten.jpg","datePublished":"2019-05-24T12:23:22+00:00","dateModified":"2026-04-13T07:24:47+00:00","description":"Uw app vertalen en lanceren in andere landen? Wij lokaliseren en vertalen alle apps. \u2713 Vaste prijs \u2713 Alle bestandsformaten \u2713 Online bestellen \u2713 225+ talen","breadcrumb":{"@id":"https:\/\/www.ecrivus-multimedia.nl\/product\/app-vertalen\/#breadcrumb"},"inLanguage":"fr-FR","potentialAction":[{"@type":"ReadAction","target":["https:\/\/www.ecrivus-multimedia.nl\/product\/app-vertalen\/"]}]},{"@type":"ImageObject","inLanguage":"fr-FR","@id":"https:\/\/www.ecrivus-multimedia.nl\/product\/app-vertalen\/#primaryimage","url":"https:\/\/www.ecrivus-multimedia.nl\/wp-content\/uploads\/2019\/05\/laptop-digitale-apps-online-diensten.jpg","contentUrl":"https:\/\/www.ecrivus-multimedia.nl\/wp-content\/uploads\/2019\/05\/laptop-digitale-apps-online-diensten.jpg","width":1000,"height":658},{"@type":"BreadcrumbList","@id":"https:\/\/www.ecrivus-multimedia.nl\/product\/app-vertalen\/#breadcrumb","itemListElement":[{"@type":"ListItem","position":1,"name":"Home","item":"https:\/\/www.ecrivus-multimedia.nl\/"},{"@type":"ListItem","position":2,"name":"Shop","item":"https:\/\/www.ecrivus-multimedia.nl\/shop\/"},{"@type":"ListItem","position":3,"name":"Android\u00ae, iOs\u00ae of Web app vertalen"}]},{"@type":"WebSite","@id":"https:\/\/www.ecrivus-multimedia.nl\/#website","url":"https:\/\/www.ecrivus-multimedia.nl\/","name":"Ecrivus International Webshop","description":"Erkende webshop voor be\u00ebdigde vertalingen.","publisher":{"@id":"https:\/\/www.ecrivus-multimedia.nl\/#organization"},"potentialAction":[{"@type":"SearchAction","target":{"@type":"EntryPoint","urlTemplate":"https:\/\/www.ecrivus-multimedia.nl\/?s={search_term_string}"},"query-input":{"@type":"PropertyValueSpecification","valueRequired":true,"valueName":"search_term_string"}}],"inLanguage":"fr-FR"},{"@type":"Organization","@id":"https:\/\/www.ecrivus-multimedia.nl\/#organization","name":"Ecrivus International","url":"https:\/\/www.ecrivus-multimedia.nl\/","logo":{"@type":"ImageObject","inLanguage":"fr-FR","@id":"https:\/\/www.ecrivus-multimedia.nl\/#\/schema\/logo\/image\/","url":"https:\/\/www.ecrivus-multimedia.nl\/wp-content\/uploads\/2022\/01\/cropped-small-Logo-Ecrivus-Vector-Transparent2.png","contentUrl":"https:\/\/www.ecrivus-multimedia.nl\/wp-content\/uploads\/2022\/01\/cropped-small-Logo-Ecrivus-Vector-Transparent2.png","width":512,"height":512,"caption":"Ecrivus International"},"image":{"@id":"https:\/\/www.ecrivus-multimedia.nl\/#\/schema\/logo\/image\/"},"sameAs":["https:\/\/www.facebook.com\/Ecrivus-International-676624782512639\/","https:\/\/x.com\/ecrivusint"]}]}},"_links":{"self":[{"href":"https:\/\/www.ecrivus-multimedia.nl\/fr\/wp-json\/wp\/v2\/product\/42156","targetHints":{"allow":["GET"]}}],"collection":[{"href":"https:\/\/www.ecrivus-multimedia.nl\/fr\/wp-json\/wp\/v2\/product"}],"about":[{"href":"https:\/\/www.ecrivus-multimedia.nl\/fr\/wp-json\/wp\/v2\/types\/product"}],"replies":[{"embeddable":true,"href":"https:\/\/www.ecrivus-multimedia.nl\/fr\/wp-json\/wp\/v2\/comments?post=42156"}],"wp:featuredmedia":[{"embeddable":true,"href":"https:\/\/www.ecrivus-multimedia.nl\/fr\/wp-json\/wp\/v2\/media\/132693"}],"wp:attachment":[{"href":"https:\/\/www.ecrivus-multimedia.nl\/fr\/wp-json\/wp\/v2\/media?parent=42156"}],"wp:term":[{"taxonomy":"product_brand","embeddable":true,"href":"https:\/\/www.ecrivus-multimedia.nl\/fr\/wp-json\/wp\/v2\/product_brand?post=42156"},{"taxonomy":"product_cat","embeddable":true,"href":"https:\/\/www.ecrivus-multimedia.nl\/fr\/wp-json\/wp\/v2\/product_cat?post=42156"},{"taxonomy":"product_tag","embeddable":true,"href":"https:\/\/www.ecrivus-multimedia.nl\/fr\/wp-json\/wp\/v2\/product_tag?post=42156"}],"curies":[{"name":"wp","href":"https:\/\/api.w.org\/{rel}","templated":true}]}}