{"id":42545,"date":"2019-05-28T12:43:07","date_gmt":"2019-05-28T10:43:07","guid":{"rendered":"https:\/\/www.ecrivus-multimedia.nl\/?post_type=product&#038;p=42545"},"modified":"2026-04-13T09:24:21","modified_gmt":"2026-04-13T07:24:21","slug":"shopping-marktplaats-app-kopen","status":"publish","type":"product","link":"https:\/\/www.ecrivus-multimedia.nl\/fr\/produit\/acheter-une-application-de-marche-dachat\/","title":{"rendered":"Acheter l'application Shopping\/Marketplace"},"content":{"rendered":"<h4>Vous souhaitez d\u00e9velopper votre propre application Marketplace \u00e0 moindre co\u00fbt ?<\/h4>\n<p>Ce march\u00e9\/shopping <a href=\"https:\/\/www.ecrivus-multimedia.nl\/go\/app-vertalen\/\" title=\"Application de traduction\u00a0? \u2713 Android\u00ae \u2713 iOS\u00ae \u2713 Web \u2713 Commandez en ligne maintenant ! \u2713 Prix fixe\" class=\"pretty-link-keyword\"rel=\"\">application<\/a> offre d&#039;excellentes opportunit\u00e9s pour g\u00e9n\u00e9rer un flux de revenus suppl\u00e9mentaire. Achetez votre propre march\u00e9-<a href=\"https:\/\/www.ecrivus-multimedia.nl\/go\/app-vertalen\/\" title=\"Application de traduction\u00a0? \u2713 Android\u00ae \u2713 iOS\u00ae \u2713 Web \u2713 Commandez en ligne maintenant ! \u2713 Prix fixe\" class=\"pretty-link-keyword\"rel=\"\">application<\/a> o\u00f9 les utilisateurs peuvent vendre leurs propres produits et les acheter \u00e0 d\u2019autres utilisateurs. Il est possible, entre autres, de r\u00e9pondre aux annonces d&#039;autres vendeurs via la fonction de chat int\u00e9gr\u00e9e, d&#039;effectuer une recherche par mots-cl\u00e9s ou par localisation.<\/p>\n<p style=\"text-align: center;\"><a href=\"https:\/\/www.ecrivus-multimedia.nl\/fr\/packages-de-restylage-dapplications\/\" class=\"su-button su-button-style-default\" style=\"color:#FFFFFF;background-color:#2D89EF;border-color:#246ec0;border-radius:7px\" target=\"_blank\" rel=\"noopener noreferrer\"><span style=\"color:#FFFFFF;padding:7px 20px;font-size:16px;line-height:24px;border-color:#6cadf4;border-radius:7px;text-shadow:none\"><i class=\"sui sui-arrow-right\" style=\"font-size:16px;color:#FFFFFF\"><\/i> Consultez et comparez nos packages de restylage d\u2019applications ici.<\/span><\/a>\n<h4>Lancer votre propre application sur Google Play Store\u00ae, Apple App Store\u00ae ou sur le Web ?<\/h4>\n<p>\u00c0 partir de maintenant, vous pouvez fabriquer le v\u00f4tre \u00e0 moindre co\u00fbt <a href=\"https:\/\/www.ecrivus-multimedia.nl\/go\/app-vertalen\/\" title=\"Application de traduction\u00a0? \u2713 Android\u00ae \u2713 iOS\u00ae \u2713 Web \u2713 Commandez en ligne maintenant ! \u2713 Prix fixe\" class=\"pretty-link-keyword\"rel=\"\">application<\/a> faites-le cr\u00e9er et publier sur Google Play Store, Apple <a href=\"https:\/\/www.ecrivus-multimedia.nl\/go\/app-vertalen\/\" title=\"Application de traduction\u00a0? \u2713 Android\u00ae \u2713 iOS\u00ae \u2713 Web \u2713 Commandez en ligne maintenant ! \u2713 Prix fixe\" class=\"pretty-link-keyword\"rel=\"\">Application<\/a> En magasin et sur le Web.<\/p>\n<h4>Applications pr\u00eates \u00e0 l&#039;emploi (restyling) vs. application personnalis\u00e9e (personnalis\u00e9e)<\/h4>\n<p><strong>Applications pr\u00eates \u00e0 l&#039;emploi (les v\u00f4tres \u00e0 moindre co\u00fbt et rapidement) <a href=\"https:\/\/www.ecrivus-multimedia.nl\/go\/app-vertalen\/\" title=\"Application de traduction\u00a0? \u2713 Android\u00ae \u2713 iOS\u00ae \u2713 Web \u2713 Commandez en ligne maintenant ! \u2713 Prix fixe\" class=\"pretty-link-keyword\"rel=\"\">application<\/a> de publier)<\/strong><\/p>\n<div class=\"su-quote su-quote-style-default su-quote-has-cite\"><div class=\"su-quote-inner su-u-clearfix su-u-trim\">Puisque nous sommes avec notre <a href=\"https:\/\/www.ecrivus-multimedia.nl\/go\/app-vertalen\/\" title=\"Application de traduction\u00a0? \u2713 Android\u00ae \u2713 iOS\u00ae \u2713 Web \u2713 Commandez en ligne maintenant ! \u2713 Prix fixe\" class=\"pretty-link-keyword\"rel=\"\">Application<\/a> Les d\u00e9veloppeurs ont d\u00e9j\u00e0 d\u00e9velopp\u00e9 ces applications, nous n&#039;avons donc pas \u00e0 facturer de frais pour leur reprogrammation, leur codage et leur conception. <a href=\"https:\/\/www.ecrivus-multimedia.nl\/go\/app-vertalen\/\" title=\"Application de traduction\u00a0? \u2713 Android\u00ae \u2713 iOS\u00ae \u2713 Web \u2713 Commandez en ligne maintenant ! \u2713 Prix fixe\" class=\"pretty-link-keyword\"rel=\"\">application<\/a>. Cela vous fera rapidement \u00e9conomiser des milliers d\u2019euros.<span class=\"su-quote-cite\">Ecrivus Multimedia<\/span><\/div><\/div>\n<p>Surtout pour les clients qui veulent le leur rapidement et \u00e0 moindre co\u00fbt <a href=\"https:\/\/www.ecrivus-multimedia.nl\/go\/app-vertalen\/\" title=\"Application de traduction\u00a0? \u2713 Android\u00ae \u2713 iOS\u00ae \u2713 Web \u2713 Commandez en ligne maintenant ! \u2713 Prix fixe\" class=\"pretty-link-keyword\"rel=\"\">application<\/a> souhaitez lancer, nous proposons un restylage de nombreuses applications pr\u00eates \u00e0 l&#039;emploi dans diverses cat\u00e9gories, notamment des applications de march\u00e9 (achat et vente), des applications de r\u00e9servation et de r\u00e9servation, des applications de cuisine et de r\u00e9gime, des jeux, des outils, de l&#039;audio et de la vid\u00e9o (\u00e9dition et rendu), et beaucoup plus. Vous vous demandez pourquoi nous pouvons proposer des applications \u00e0 un prix si bas ? Puisque nous sommes avec notre <a href=\"https:\/\/www.ecrivus-multimedia.nl\/go\/app-vertalen\/\" title=\"Application de traduction\u00a0? \u2713 Android\u00ae \u2713 iOS\u00ae \u2713 Web \u2713 Commandez en ligne maintenant ! \u2713 Prix fixe\" class=\"pretty-link-keyword\"rel=\"\">Application<\/a> Les d\u00e9veloppeurs ont d\u00e9j\u00e0 d\u00e9velopp\u00e9 ces applications, nous n&#039;avons donc pas \u00e0 le faire <span style=\"text-decoration: underline;\">pas de frais<\/span> frais de reprogrammation, de codage et de conception du <a href=\"https:\/\/www.ecrivus-multimedia.nl\/go\/app-vertalen\/\" title=\"Application de traduction\u00a0? \u2713 Android\u00ae \u2713 iOS\u00ae \u2713 Web \u2713 Commandez en ligne maintenant ! \u2713 Prix fixe\" class=\"pretty-link-keyword\"rel=\"\">application<\/a>. Cela vous fera rapidement \u00e9conomiser des milliers d\u2019euros. Les applications pr\u00eates \u00e0 l&#039;emploi que nous vendons dans notre boutique en ligne sont des applications fiables et fonctionnelles qui ont \u00e9t\u00e9 cr\u00e9\u00e9es et test\u00e9es par des programmeurs et des programmeurs professionnels. <a href=\"https:\/\/www.ecrivus-multimedia.nl\/go\/app-vertalen\/\" title=\"Application de traduction\u00a0? \u2713 Android\u00ae \u2713 iOS\u00ae \u2713 Web \u2713 Commandez en ligne maintenant ! \u2713 Prix fixe\" class=\"pretty-link-keyword\"rel=\"\">application<\/a>d\u00e9veloppeurs.<\/p>\n<p><strong>La personnalisation <a href=\"https:\/\/www.ecrivus-multimedia.nl\/go\/app-vertalen\/\" title=\"Application de traduction\u00a0? \u2713 Android\u00ae \u2713 iOS\u00ae \u2713 Web \u2713 Commandez en ligne maintenant ! \u2713 Prix fixe\" class=\"pretty-link-keyword\"rel=\"\">application<\/a> (coutume)<br \/>\n<\/strong><\/p>\n<p>Dans le d\u00e9veloppement d&#039;applications <em>de z\u00e9ro<\/em> qui r\u00e9pondent \u00e0 vos propres souhaits en termes de design et de fonctionnalit\u00e9, n\u00e9cessitent beaucoup de personnalisation. C\u2019est pourquoi les co\u00fbts li\u00e9s \u00e0 la cr\u00e9ation d\u2019applications personnalis\u00e9es peuvent \u00eatre \u00e9lev\u00e9s. Ces types d&#039;applications sont souvent sp\u00e9cialement d\u00e9velopp\u00e9es pour des entreprises sp\u00e9cifiques <a href=\"https:\/\/www.ecrivus-multimedia.nl\/go\/app-vertalen\/\" title=\"Application de traduction\u00a0? \u2713 Android\u00ae \u2713 iOS\u00ae \u2713 Web \u2713 Commandez en ligne maintenant ! \u2713 Prix fixe\" class=\"pretty-link-keyword\"rel=\"\">application<\/a>fonctions, mais aussi pour les institutions et agences gouvernementales telles que les banques, les compagnies d\u2019assurance et les assureurs maladie. Ecrivus Multimedia, qui fait partie d&#039;Ecrivus International, est un partenaire de d\u00e9veloppement reconnu d&#039;applications (mobiles). Int\u00e9ress\u00e9 par une solution personnalis\u00e9e <a href=\"https:\/\/www.ecrivus-multimedia.nl\/go\/app-vertalen\/\" title=\"Application de traduction\u00a0? \u2713 Android\u00ae \u2713 iOS\u00ae \u2713 Web \u2713 Commandez en ligne maintenant ! \u2713 Prix fixe\" class=\"pretty-link-keyword\"rel=\"\">application<\/a>? Veuillez nous contacter pour un devis gratuit.<\/p>\n<h4>Faire cr\u00e9er une application \u00e0 moindre co\u00fbt<\/h4>\n<p>Un bon march\u00e9 <a href=\"https:\/\/nl.wikipedia.org\/wiki\/Mobiele_app\" target=\"_blank\" rel=\"noopener noreferrer\">d\u00e9velopper une application<\/a> \u00e0 petit prix ? Et commencez imm\u00e9diatement \u00e0 gagner de l&#039;argent en ligne par vous-m\u00eame <a href=\"https:\/\/www.ecrivus-multimedia.nl\/go\/app-vertalen\/\" title=\"Application de traduction\u00a0? \u2713 Android\u00ae \u2713 iOS\u00ae \u2713 Web \u2713 Commandez en ligne maintenant ! \u2713 Prix fixe\" class=\"pretty-link-keyword\"rel=\"\">application<\/a>? Puis un investissement dans un ready-made <a href=\"https:\/\/www.ecrivus-multimedia.nl\/go\/app-vertalen\/\" title=\"Application de traduction\u00a0? \u2713 Android\u00ae \u2713 iOS\u00ae \u2713 Web \u2713 Commandez en ligne maintenant ! \u2713 Prix fixe\" class=\"pretty-link-keyword\"rel=\"\">application<\/a> (restylage) le meilleur choix.<\/p>\n<p><strong>Avantages :<\/strong><\/p>\n<ul>\n<li>Faibles co\u00fbts<\/li>\n<li>Prix tout-en-un<\/li>\n<li>Aucune connaissance en programmation requise<\/li>\n<li>Pas de frais de d\u00e9veloppement co\u00fbteux<\/li>\n<li>Pas de frais de conception \u00e9lev\u00e9s<\/li>\n<li>Prise en charge du lancement sur Google Play Store, Apple <a href=\"https:\/\/www.ecrivus-multimedia.nl\/go\/app-vertalen\/\" title=\"Application de traduction\u00a0? \u2713 Android\u00ae \u2713 iOS\u00ae \u2713 Web \u2713 Commandez en ligne maintenant ! \u2713 Prix fixe\" class=\"pretty-link-keyword\"rel=\"\">Application<\/a> En magasin ou sur le Web<\/li>\n<li>Propre logo\/marque<\/li>\n<\/ul>\n<p>Cette formule unique vous permet de g\u00e9rer vous-m\u00eame <a href=\"https:\/\/www.ecrivus-multimedia.nl\/go\/app-vertalen\/\" title=\"Application de traduction\u00a0? \u2713 Android\u00ae \u2713 iOS\u00ae \u2713 Web \u2713 Commandez en ligne maintenant ! \u2713 Prix fixe\" class=\"pretty-link-keyword\"rel=\"\">application<\/a> Accessible \u00e0 tous.<\/p>\n<p><strong>Int\u00e9ress\u00e9 ou des questions ?<\/strong><\/p>\n<p>Prenez aujourd&#039;hui <a href=\"https:\/\/www.ecrivus-multimedia.nl\/fr\/contact\/\">contact<\/a> met ons op! Wij zijn bereikbaar via <a href=\"https:\/\/www.ecrivus-multimedia.nl\/go\/chat\/\" title=\"go\/chat\" class=\"pretty-link-keyword\"rel=\"\">Live Chat<\/a>, telefoon en e-mail. Direct aan de slag? Bestel uw <a href=\"https:\/\/www.ecrivus-multimedia.nl\/go\/app-vertalen\/\" title=\"Application de traduction\u00a0? \u2713 Android\u00ae \u2713 iOS\u00ae \u2713 Web \u2713 Commandez en ligne maintenant ! \u2713 Prix fixe\" class=\"pretty-link-keyword\"rel=\"\">application<\/a> puis via notre boutique en ligne \u2013 le v\u00f4tre sera livr\u00e9 sous 7 \u00e0 10 jours ouvr\u00e9s <a href=\"https:\/\/www.ecrivus-multimedia.nl\/go\/app-vertalen\/\" title=\"Application de traduction\u00a0? \u2713 Android\u00ae \u2713 iOS\u00ae \u2713 Web \u2713 Commandez en ligne maintenant ! \u2713 Prix fixe\" class=\"pretty-link-keyword\"rel=\"\">application<\/a> pr\u00eat pour le lancement !<\/p>\n<p>&nbsp;<\/p>\n<p>&nbsp;<\/p>\n<p>&nbsp;<\/p>","protected":false},"excerpt":{"rendered":"<p>Vous souhaitez d\u00e9velopper une application shopping\/marketplace ? Commandez votre nouvelle application Marketplace d\u00e8s aujourd&#039;hui. Gagner de l&#039;argent avec votre propre application n&#039;a jamais \u00e9t\u00e9 aussi simple. Votre propre application, enti\u00e8rement relook\u00e9e selon vos souhaits.<\/p>","protected":false},"featured_media":132692,"comment_status":"open","ping_status":"closed","template":"","meta":{"_acf_changed":false,"_glsr_average":0,"_glsr_ranking":0,"_glsr_reviews":0,"_joinchat":[]},"product_brand":[],"product_cat":[15288],"product_tag":[],"class_list":{"0":"post-42545","1":"product","2":"type-product","3":"status-publish","4":"has-post-thumbnail","6":"product_cat-web-app-ontwikkeling","8":"first","9":"instock","10":"sold-individually","11":"taxable","12":"shipping-taxable","13":"purchasable","14":"product-type-variable"},"acf":[],"yoast_head":"<!-- This site is optimized with the Yoast SEO plugin v27.4 - https:\/\/yoast.com\/product\/yoast-seo-wordpress\/ -->\n<title>Online geld verdienen? Eigen marktplaats app kopen? \u2713 Vaste prijs: \u20ac499<\/title>\n<meta name=\"description\" content=\"Goedkoop uw eigen marktplaats-app kopen en ontwikkelen? Kant-en-klare apps tegen vaste lage prijzen \u2713 \u20ac499,- \u2713 Uw eigen app online in 1 week \u2713 Eigen logo\" \/>\n<meta name=\"robots\" content=\"index, follow, max-snippet:-1, max-image-preview:large, max-video-preview:-1\" \/>\n<link rel=\"canonical\" href=\"https:\/\/www.ecrivus-multimedia.nl\/fr\/produit\/acheter-une-application-de-marche-dachat\/\" \/>\n<meta property=\"og:locale\" content=\"fr_FR\" \/>\n<meta property=\"og:type\" content=\"article\" \/>\n<meta property=\"og:title\" content=\"Online geld verdienen? Eigen marktplaats app kopen? \u2713 Vaste prijs: \u20ac499\" \/>\n<meta property=\"og:description\" content=\"Goedkoop uw eigen marktplaats-app kopen en ontwikkelen? Kant-en-klare apps tegen vaste lage prijzen \u2713 \u20ac499,- \u2713 Uw eigen app online in 1 week \u2713 Eigen logo\" \/>\n<meta property=\"og:url\" content=\"https:\/\/www.ecrivus-multimedia.nl\/fr\/produit\/acheter-une-application-de-marche-dachat\/\" \/>\n<meta property=\"og:site_name\" content=\"Ecrivus International Webshop\" \/>\n<meta property=\"article:publisher\" content=\"https:\/\/www.facebook.com\/Ecrivus-International-676624782512639\/\" \/>\n<meta property=\"article:modified_time\" content=\"2026-04-13T07:24:21+00:00\" \/>\n<meta property=\"og:image\" content=\"https:\/\/www.ecrivus-multimedia.nl\/wp-content\/uploads\/2019\/05\/2150169853.webp\" \/>\n\t<meta property=\"og:image:width\" content=\"1000\" \/>\n\t<meta property=\"og:image:height\" content=\"665\" \/>\n\t<meta property=\"og:image:type\" content=\"image\/webp\" \/>\n<meta name=\"twitter:card\" content=\"summary_large_image\" \/>\n<meta name=\"twitter:site\" content=\"@ecrivusint\" \/>\n<meta name=\"twitter:label1\" content=\"Dur\u00e9e de lecture estim\u00e9e\" \/>\n\t<meta name=\"twitter:data1\" content=\"3 minutes\" \/>\n<script type=\"application\/ld+json\" class=\"yoast-schema-graph\">{\"@context\":\"https:\\\/\\\/schema.org\",\"@graph\":[{\"@type\":\"WebPage\",\"@id\":\"https:\\\/\\\/www.ecrivus-multimedia.nl\\\/product\\\/shopping-marktplaats-app-kopen\\\/\",\"url\":\"https:\\\/\\\/www.ecrivus-multimedia.nl\\\/product\\\/shopping-marktplaats-app-kopen\\\/\",\"name\":\"Online geld verdienen? Eigen marktplaats app kopen? \u2713 Vaste prijs: \u20ac499\",\"isPartOf\":{\"@id\":\"https:\\\/\\\/www.ecrivus-multimedia.nl\\\/#website\"},\"primaryImageOfPage\":{\"@id\":\"https:\\\/\\\/www.ecrivus-multimedia.nl\\\/product\\\/shopping-marktplaats-app-kopen\\\/#primaryimage\"},\"image\":{\"@id\":\"https:\\\/\\\/www.ecrivus-multimedia.nl\\\/product\\\/shopping-marktplaats-app-kopen\\\/#primaryimage\"},\"thumbnailUrl\":\"https:\\\/\\\/www.ecrivus-multimedia.nl\\\/wp-content\\\/uploads\\\/2019\\\/05\\\/2150169853.webp\",\"datePublished\":\"2019-05-28T10:43:07+00:00\",\"dateModified\":\"2026-04-13T07:24:21+00:00\",\"description\":\"Goedkoop uw eigen marktplaats-app kopen en ontwikkelen? Kant-en-klare apps tegen vaste lage prijzen \u2713 \u20ac499,- \u2713 Uw eigen app online in 1 week \u2713 Eigen logo\",\"breadcrumb\":{\"@id\":\"https:\\\/\\\/www.ecrivus-multimedia.nl\\\/product\\\/shopping-marktplaats-app-kopen\\\/#breadcrumb\"},\"inLanguage\":\"fr-FR\",\"potentialAction\":[{\"@type\":\"ReadAction\",\"target\":[\"https:\\\/\\\/www.ecrivus-multimedia.nl\\\/product\\\/shopping-marktplaats-app-kopen\\\/\"]}]},{\"@type\":\"ImageObject\",\"inLanguage\":\"fr-FR\",\"@id\":\"https:\\\/\\\/www.ecrivus-multimedia.nl\\\/product\\\/shopping-marktplaats-app-kopen\\\/#primaryimage\",\"url\":\"https:\\\/\\\/www.ecrivus-multimedia.nl\\\/wp-content\\\/uploads\\\/2019\\\/05\\\/2150169853.webp\",\"contentUrl\":\"https:\\\/\\\/www.ecrivus-multimedia.nl\\\/wp-content\\\/uploads\\\/2019\\\/05\\\/2150169853.webp\",\"width\":1000,\"height\":665},{\"@type\":\"BreadcrumbList\",\"@id\":\"https:\\\/\\\/www.ecrivus-multimedia.nl\\\/product\\\/shopping-marktplaats-app-kopen\\\/#breadcrumb\",\"itemListElement\":[{\"@type\":\"ListItem\",\"position\":1,\"name\":\"Home\",\"item\":\"https:\\\/\\\/www.ecrivus-multimedia.nl\\\/\"},{\"@type\":\"ListItem\",\"position\":2,\"name\":\"Shop\",\"item\":\"https:\\\/\\\/www.ecrivus-multimedia.nl\\\/shop\\\/\"},{\"@type\":\"ListItem\",\"position\":3,\"name\":\"Shopping\\\/Marktplaats App kopen\"}]},{\"@type\":\"WebSite\",\"@id\":\"https:\\\/\\\/www.ecrivus-multimedia.nl\\\/#website\",\"url\":\"https:\\\/\\\/www.ecrivus-multimedia.nl\\\/\",\"name\":\"Ecrivus International Webshop\",\"description\":\"Erkende webshop voor be\u00ebdigde vertalingen.\",\"publisher\":{\"@id\":\"https:\\\/\\\/www.ecrivus-multimedia.nl\\\/#organization\"},\"potentialAction\":[{\"@type\":\"SearchAction\",\"target\":{\"@type\":\"EntryPoint\",\"urlTemplate\":\"https:\\\/\\\/www.ecrivus-multimedia.nl\\\/?s={search_term_string}\"},\"query-input\":{\"@type\":\"PropertyValueSpecification\",\"valueRequired\":true,\"valueName\":\"search_term_string\"}}],\"inLanguage\":\"fr-FR\"},{\"@type\":\"Organization\",\"@id\":\"https:\\\/\\\/www.ecrivus-multimedia.nl\\\/#organization\",\"name\":\"Ecrivus International\",\"url\":\"https:\\\/\\\/www.ecrivus-multimedia.nl\\\/\",\"logo\":{\"@type\":\"ImageObject\",\"inLanguage\":\"fr-FR\",\"@id\":\"https:\\\/\\\/www.ecrivus-multimedia.nl\\\/#\\\/schema\\\/logo\\\/image\\\/\",\"url\":\"https:\\\/\\\/www.ecrivus-multimedia.nl\\\/wp-content\\\/uploads\\\/2022\\\/01\\\/cropped-small-Logo-Ecrivus-Vector-Transparent2.png\",\"contentUrl\":\"https:\\\/\\\/www.ecrivus-multimedia.nl\\\/wp-content\\\/uploads\\\/2022\\\/01\\\/cropped-small-Logo-Ecrivus-Vector-Transparent2.png\",\"width\":512,\"height\":512,\"caption\":\"Ecrivus International\"},\"image\":{\"@id\":\"https:\\\/\\\/www.ecrivus-multimedia.nl\\\/#\\\/schema\\\/logo\\\/image\\\/\"},\"sameAs\":[\"https:\\\/\\\/www.facebook.com\\\/Ecrivus-International-676624782512639\\\/\",\"https:\\\/\\\/x.com\\\/ecrivusint\"]}]}<\/script>\n<!-- \/ Yoast SEO plugin. -->","yoast_head_json":{"title":"Online geld verdienen? Eigen marktplaats app kopen? \u2713 Vaste prijs: \u20ac499","description":"Goedkoop uw eigen marktplaats-app kopen en ontwikkelen? Kant-en-klare apps tegen vaste lage prijzen \u2713 \u20ac499,- \u2713 Uw eigen app online in 1 week \u2713 Eigen logo","robots":{"index":"index","follow":"follow","max-snippet":"max-snippet:-1","max-image-preview":"max-image-preview:large","max-video-preview":"max-video-preview:-1"},"canonical":"https:\/\/www.ecrivus-multimedia.nl\/fr\/produit\/acheter-une-application-de-marche-dachat\/","og_locale":"fr_FR","og_type":"article","og_title":"Online geld verdienen? Eigen marktplaats app kopen? \u2713 Vaste prijs: \u20ac499","og_description":"Goedkoop uw eigen marktplaats-app kopen en ontwikkelen? Kant-en-klare apps tegen vaste lage prijzen \u2713 \u20ac499,- \u2713 Uw eigen app online in 1 week \u2713 Eigen logo","og_url":"https:\/\/www.ecrivus-multimedia.nl\/fr\/produit\/acheter-une-application-de-marche-dachat\/","og_site_name":"Ecrivus International Webshop","article_publisher":"https:\/\/www.facebook.com\/Ecrivus-International-676624782512639\/","article_modified_time":"2026-04-13T07:24:21+00:00","og_image":[{"width":1000,"height":665,"url":"https:\/\/www.ecrivus-multimedia.nl\/wp-content\/uploads\/2019\/05\/2150169853.webp","type":"image\/webp"}],"twitter_card":"summary_large_image","twitter_site":"@ecrivusint","twitter_misc":{"Dur\u00e9e de lecture estim\u00e9e":"3 minutes"},"schema":{"@context":"https:\/\/schema.org","@graph":[{"@type":"WebPage","@id":"https:\/\/www.ecrivus-multimedia.nl\/product\/shopping-marktplaats-app-kopen\/","url":"https:\/\/www.ecrivus-multimedia.nl\/product\/shopping-marktplaats-app-kopen\/","name":"Online geld verdienen? Eigen marktplaats app kopen? \u2713 Vaste prijs: \u20ac499","isPartOf":{"@id":"https:\/\/www.ecrivus-multimedia.nl\/#website"},"primaryImageOfPage":{"@id":"https:\/\/www.ecrivus-multimedia.nl\/product\/shopping-marktplaats-app-kopen\/#primaryimage"},"image":{"@id":"https:\/\/www.ecrivus-multimedia.nl\/product\/shopping-marktplaats-app-kopen\/#primaryimage"},"thumbnailUrl":"https:\/\/www.ecrivus-multimedia.nl\/wp-content\/uploads\/2019\/05\/2150169853.webp","datePublished":"2019-05-28T10:43:07+00:00","dateModified":"2026-04-13T07:24:21+00:00","description":"Goedkoop uw eigen marktplaats-app kopen en ontwikkelen? Kant-en-klare apps tegen vaste lage prijzen \u2713 \u20ac499,- \u2713 Uw eigen app online in 1 week \u2713 Eigen logo","breadcrumb":{"@id":"https:\/\/www.ecrivus-multimedia.nl\/product\/shopping-marktplaats-app-kopen\/#breadcrumb"},"inLanguage":"fr-FR","potentialAction":[{"@type":"ReadAction","target":["https:\/\/www.ecrivus-multimedia.nl\/product\/shopping-marktplaats-app-kopen\/"]}]},{"@type":"ImageObject","inLanguage":"fr-FR","@id":"https:\/\/www.ecrivus-multimedia.nl\/product\/shopping-marktplaats-app-kopen\/#primaryimage","url":"https:\/\/www.ecrivus-multimedia.nl\/wp-content\/uploads\/2019\/05\/2150169853.webp","contentUrl":"https:\/\/www.ecrivus-multimedia.nl\/wp-content\/uploads\/2019\/05\/2150169853.webp","width":1000,"height":665},{"@type":"BreadcrumbList","@id":"https:\/\/www.ecrivus-multimedia.nl\/product\/shopping-marktplaats-app-kopen\/#breadcrumb","itemListElement":[{"@type":"ListItem","position":1,"name":"Home","item":"https:\/\/www.ecrivus-multimedia.nl\/"},{"@type":"ListItem","position":2,"name":"Shop","item":"https:\/\/www.ecrivus-multimedia.nl\/shop\/"},{"@type":"ListItem","position":3,"name":"Shopping\/Marktplaats App kopen"}]},{"@type":"WebSite","@id":"https:\/\/www.ecrivus-multimedia.nl\/#website","url":"https:\/\/www.ecrivus-multimedia.nl\/","name":"Ecrivus International Webshop","description":"Erkende webshop voor be\u00ebdigde vertalingen.","publisher":{"@id":"https:\/\/www.ecrivus-multimedia.nl\/#organization"},"potentialAction":[{"@type":"SearchAction","target":{"@type":"EntryPoint","urlTemplate":"https:\/\/www.ecrivus-multimedia.nl\/?s={search_term_string}"},"query-input":{"@type":"PropertyValueSpecification","valueRequired":true,"valueName":"search_term_string"}}],"inLanguage":"fr-FR"},{"@type":"Organization","@id":"https:\/\/www.ecrivus-multimedia.nl\/#organization","name":"Ecrivus International","url":"https:\/\/www.ecrivus-multimedia.nl\/","logo":{"@type":"ImageObject","inLanguage":"fr-FR","@id":"https:\/\/www.ecrivus-multimedia.nl\/#\/schema\/logo\/image\/","url":"https:\/\/www.ecrivus-multimedia.nl\/wp-content\/uploads\/2022\/01\/cropped-small-Logo-Ecrivus-Vector-Transparent2.png","contentUrl":"https:\/\/www.ecrivus-multimedia.nl\/wp-content\/uploads\/2022\/01\/cropped-small-Logo-Ecrivus-Vector-Transparent2.png","width":512,"height":512,"caption":"Ecrivus International"},"image":{"@id":"https:\/\/www.ecrivus-multimedia.nl\/#\/schema\/logo\/image\/"},"sameAs":["https:\/\/www.facebook.com\/Ecrivus-International-676624782512639\/","https:\/\/x.com\/ecrivusint"]}]}},"_links":{"self":[{"href":"https:\/\/www.ecrivus-multimedia.nl\/fr\/wp-json\/wp\/v2\/product\/42545","targetHints":{"allow":["GET"]}}],"collection":[{"href":"https:\/\/www.ecrivus-multimedia.nl\/fr\/wp-json\/wp\/v2\/product"}],"about":[{"href":"https:\/\/www.ecrivus-multimedia.nl\/fr\/wp-json\/wp\/v2\/types\/product"}],"replies":[{"embeddable":true,"href":"https:\/\/www.ecrivus-multimedia.nl\/fr\/wp-json\/wp\/v2\/comments?post=42545"}],"wp:featuredmedia":[{"embeddable":true,"href":"https:\/\/www.ecrivus-multimedia.nl\/fr\/wp-json\/wp\/v2\/media\/132692"}],"wp:attachment":[{"href":"https:\/\/www.ecrivus-multimedia.nl\/fr\/wp-json\/wp\/v2\/media?parent=42545"}],"wp:term":[{"taxonomy":"product_brand","embeddable":true,"href":"https:\/\/www.ecrivus-multimedia.nl\/fr\/wp-json\/wp\/v2\/product_brand?post=42545"},{"taxonomy":"product_cat","embeddable":true,"href":"https:\/\/www.ecrivus-multimedia.nl\/fr\/wp-json\/wp\/v2\/product_cat?post=42545"},{"taxonomy":"product_tag","embeddable":true,"href":"https:\/\/www.ecrivus-multimedia.nl\/fr\/wp-json\/wp\/v2\/product_tag?post=42545"}],"curies":[{"name":"wp","href":"https:\/\/api.w.org\/{rel}","templated":true}]}}