{"id":42956,"date":"2019-07-11T20:31:53","date_gmt":"2019-07-11T18:31:53","guid":{"rendered":"https:\/\/www.ecrivus-multimedia.nl\/?post_type=product&#038;p=42956"},"modified":"2026-04-13T09:04:12","modified_gmt":"2026-04-13T07:04:12","slug":"bankafschrift-vertalen-beedigd","status":"publish","type":"product","link":"https:\/\/www.ecrivus-multimedia.nl\/fr\/produit\/traduire-un-releve-bancaire\/","title":{"rendered":"Traduction des relev\u00e9s bancaires (asserment\u00e9e)"},"content":{"rendered":"<p><strong><a href=\"https:\/\/www.ecrivus-multimedia.nl\/go\/bankafschrift-vertalen-beedigd\/\" title=\"Traduction certifi\u00e9e d&#039;un extrait de compte bancaire ? Commandez via notre boutique en ligne !\" class=\"pretty-link-keyword\"rel=\"\">Relev\u00e9 bancaire<\/a> (<a href=\"https:\/\/www.ecrivus-multimedia.nl\/go\/be\u00ebdigde-vertaling\/\" title=\"Traductions asserment\u00e9es Archives | Ecrivus International Webshop\" class=\"pretty-link-keyword\"rel=\"\">traduction asserment\u00e9e<\/a> avec cachet)<\/strong><\/p>\n<p>Le <a href=\"https:\/\/www.ecrivus-multimedia.nl\/go\/be\u00ebdigde-vertaling\/\" title=\"Traductions asserment\u00e9es Archives | Ecrivus International Webshop\" class=\"pretty-link-keyword\"rel=\"\">traduction asserment\u00e9e<\/a> de votre <a href=\"https:\/\/www.ecrivus-multimedia.nl\/go\/bankafschrift-vertalen-beedigd\/\" title=\"Traduction certifi\u00e9e d&#039;un extrait de compte bancaire ? Commandez via notre boutique en ligne !\" class=\"pretty-link-keyword\"rel=\"\">relev\u00e9 bancaire<\/a> peuvent d\u00e9sormais \u00eatre facilement command\u00e9s en ligne.<\/p>\n<p>Plusieurs (<a href=\"https:\/\/www.ecrivus-multimedia.nl\/go\/financi\u00eble-vertalingen\/\" title=\"Traductions financi\u00e8res\" class=\"pretty-link-keyword\"rel=\"\">financier<\/a>) les agences et les entreprises peuvent demander un <a href=\"https:\/\/www.ecrivus-multimedia.nl\/go\/be\u00ebdigde-vertaling\/\" title=\"Traductions asserment\u00e9es Archives | Ecrivus International Webshop\" class=\"pretty-link-keyword\"rel=\"\">traduction asserment\u00e9e<\/a> de votre <a href=\"https:\/\/www.ecrivus-multimedia.nl\/go\/bankafschrift-vertalen-beedigd\/\" title=\"Traduction certifi\u00e9e d&#039;un extrait de compte bancaire ? Commandez via notre boutique en ligne !\" class=\"pretty-link-keyword\"rel=\"\">relev\u00e9 bancaire<\/a> par exemple, pour v\u00e9rifier votre adresse personnelle ou votre adresse professionnelle. Une <a href=\"https:\/\/www.ecrivus-multimedia.nl\/go\/be\u00ebdigde-vertaling\/\" title=\"Traductions asserment\u00e9es Archives | Ecrivus International Webshop\" class=\"pretty-link-keyword\"rel=\"\">traduction asserment\u00e9e<\/a> de votre <a href=\"https:\/\/www.ecrivus-multimedia.nl\/go\/bankafschrift-vertalen-beedigd\/\" title=\"Traduction certifi\u00e9e d&#039;un extrait de compte bancaire ? Commandez via notre boutique en ligne !\" class=\"pretty-link-keyword\"rel=\"\">relev\u00e9 bancaire<\/a> est \u00e9galement n\u00e9cessaire si vous \u00eates <a href=\"https:\/\/www.ecrivus-multimedia.nl\/fr\/traduction-assermentee-pour-compte-vendeur-amazon-pays-bas\/\" target=\"_blank\" rel=\"noopener noreferrer\"><strong>vous souhaitez vous enregistrer en tant que vendeur aupr\u00e8s d'Amazon Pays-Bas <\/strong><\/a>(une <a href=\"https:\/\/www.ecrivus-multimedia.nl\/go\/beedigde-vertaling-voor-amazon-seller-account-nederland\/\" title=\"Besoin d\u2019une traduction certifi\u00e9e pour votre compte vendeur Amazon ? Relev\u00e9 bancaire + pi\u00e8ce d&#039;identit\u00e9\" class=\"pretty-link-keyword\"rel=\"\">Vendeur Amazon<\/a> compte central). Ecrivus International n&#039;emploie que des traducteurs certifi\u00e9s et asserment\u00e9s poss\u00e9dant une vaste exp\u00e9rience en traduction. <a href=\"https:\/\/www.ecrivus-multimedia.nl\/go\/bankafschrift-vertalen-beedigd\/\" title=\"Traduction certifi\u00e9e d&#039;un extrait de compte bancaire ? Commandez via notre boutique en ligne !\" class=\"pretty-link-keyword\"rel=\"\">les relev\u00e9s bancaires<\/a>. Par cons\u00e9quent, vous pouvez \u00eatre s\u00fbr que votre <a href=\"https:\/\/www.ecrivus-multimedia.nl\/go\/bankafschrift-vertalen-beedigd\/\" title=\"Traduction certifi\u00e9e d&#039;un extrait de compte bancaire ? Commandez via notre boutique en ligne !\" class=\"pretty-link-keyword\"rel=\"\">relev\u00e9 bancaire<\/a> traduit avec pr\u00e9cision dans la langue souhait\u00e9e.<\/p>\n<p><strong>Le <a href=\"https:\/\/www.ecrivus-multimedia.nl\/go\/be\u00ebdigde-vertaling\/\" title=\"Traductions asserment\u00e9es Archives | Ecrivus International Webshop\" class=\"pretty-link-keyword\"rel=\"\">traduction asserment\u00e9e<\/a> de votre <a href=\"https:\/\/www.ecrivus-multimedia.nl\/go\/bankafschrift-vertalen-beedigd\/\" title=\"Traduction certifi\u00e9e d&#039;un extrait de compte bancaire ? Commandez via notre boutique en ligne !\" class=\"pretty-link-keyword\"rel=\"\">relev\u00e9 bancaire<\/a> est entre de bonnes mains :<\/strong><\/p>\n<ul>\n<li>Traduction par des traducteurs asserment\u00e9s, exp\u00e9riment\u00e9s et sp\u00e9cialis\u00e9s <a href=\"http:\/\/www.ecrivus.nl\/juridische-vertalingen\/\">traducteur juridique<\/a><\/li>\n<li>Y compris <a href=\"http:\/\/www.ecrivus.nl\/proeflezen\/\">relecture<\/a><\/li>\n<li>Y compris <a href=\"http:\/\/www.ecrivus.nl\/qa-kwaliteitscontroles\/\">contr\u00f4les de qualit\u00e9<\/a><\/li>\n<li>Tarifs comp\u00e9titifs<\/li>\n<li>D\u00e9lai de livraison rapide<\/li>\n<li>Choix de <a href=\"http:\/\/www.ecrivus.nl\/talen\/\">des centaines de combinaisons linguistiques<\/a><\/li>\n<li>Livraison express possible<\/li>\n<li>Prise en charge de divers formats de fichiers, y compris le format PDF<\/li>\n<li>Livraison toujours recommand\u00e9e de votre <a href=\"https:\/\/www.ecrivus-multimedia.nl\/go\/be\u00ebdigde-vertaling\/\" title=\"Traductions asserment\u00e9es Archives | Ecrivus International Webshop\" class=\"pretty-link-keyword\"rel=\"\">traduction asserment\u00e9e<\/a> avec Track &amp; Trace<\/li>\n<li>Possibilit\u00e9 de faire marquer votre document d'un <a href=\"https:\/\/www.ecrivus-multimedia.nl\/go\/apostilles-legalisatie-landenoverzicht\/\" title=\"Apostilles (l\u00e9galisation) - aper\u00e7u des pays\" class=\"pretty-link-keyword\"rel=\"\">apostille<\/a> ou <a href=\"https:\/\/www.ecrivus-multimedia.nl\/go\/apostilles-legalisatie-landenoverzicht\/\" title=\"Apostilles (l\u00e9galisation) - aper\u00e7u des pays\" class=\"pretty-link-keyword\"rel=\"\">l\u00e9galisation<\/a> (l\u00e9galiser)<\/li>\n<li><strong>Convient \u00e9galement pour l&#039;enregistrement en tant que vendeur <a href=\"https:\/\/www.ecrivus-multimedia.nl\/go\/beedigde-vertaling-voor-amazon-seller-account-nederland\/\" title=\"Besoin d\u2019une traduction certifi\u00e9e pour votre compte vendeur Amazon ? Relev\u00e9 bancaire + pi\u00e8ce d&#039;identit\u00e9\" class=\"pretty-link-keyword\"rel=\"\">Vendeur Amazon<\/a> Central<\/strong><\/li>\n<\/ul>\n<p><strong>Deux conseils pratiques pour <a href=\"https:\/\/www.ecrivus-multimedia.nl\/go\/be\u00ebdigde-vertaling\/\" title=\"Traductions asserment\u00e9es Archives | Ecrivus International Webshop\" class=\"pretty-link-keyword\"rel=\"\">traductions asserment\u00e9es<\/a> des relev\u00e9s de compte, <a href=\"https:\/\/www.ecrivus-multimedia.nl\/go\/bankafschrift-vertalen-beedigd\/\" title=\"Traduction certifi\u00e9e d&#039;un extrait de compte bancaire ? Commandez via notre boutique en ligne !\" class=\"pretty-link-keyword\"rel=\"\">les relev\u00e9s bancaires<\/a>, cr\u00e9dits et d\u00e9bits et transactions par carte de cr\u00e9dit si vous souhaitez vous inscrire en tant que vendeur aupr\u00e8s de <a href=\"https:\/\/www.ecrivus-multimedia.nl\/go\/beedigde-vertaling-voor-amazon-seller-account-nederland\/\" title=\"Besoin d\u2019une traduction certifi\u00e9e pour votre compte vendeur Amazon ? Relev\u00e9 bancaire + pi\u00e8ce d&#039;identit\u00e9\" class=\"pretty-link-keyword\"rel=\"\">Amazone<\/a>:<\/strong><br \/>\n- la copie num\u00e9rique que vous souhaitez faire traduire sous serment doit se trouver \u00e0 l'adresse suivante <span style=\"text-decoration: underline;\">couleur<\/span> \u00e0 nous fournir en format PDF (vous pouvez t\u00e9l\u00e9charger le document lors de la commande sur la page \"checkout\")<br \/>\n\u2013 le nom, l&#039;adresse et la raison sociale figurant sur le relev\u00e9 doivent correspondre exactement aux coordonn\u00e9es (de l&#039;entreprise) avec lesquelles vous vous inscrivez <a href=\"https:\/\/www.ecrivus-multimedia.nl\/go\/beedigde-vertaling-voor-amazon-seller-account-nederland\/\" title=\"Besoin d\u2019une traduction certifi\u00e9e pour votre compte vendeur Amazon ? Relev\u00e9 bancaire + pi\u00e8ce d&#039;identit\u00e9\" class=\"pretty-link-keyword\"rel=\"\">Amazone<\/a><\/p>\n<p>Pour faire votre <a href=\"https:\/\/www.ecrivus-multimedia.nl\/go\/bankafschrift-vertalen-beedigd\/\" title=\"Traduction certifi\u00e9e d&#039;un extrait de compte bancaire ? Commandez via notre boutique en ligne !\" class=\"pretty-link-keyword\"rel=\"\">relev\u00e9 bancaire<\/a> pour le faire traduire imm\u00e9diatement, s\u00e9lectionnez le nombre de pages ci-dessus <a href=\"https:\/\/www.ecrivus-multimedia.nl\/go\/bankafschrift-vertalen-beedigd\/\" title=\"Traduction certifi\u00e9e d&#039;un extrait de compte bancaire ? Commandez via notre boutique en ligne !\" class=\"pretty-link-keyword\"rel=\"\">relev\u00e9 bancaire<\/a> et la combinaison de langues souhait\u00e9e. Cliquez ensuite sur &#039;Ajouter au panier&#039;. Vous pouvez ensuite prendre une photo\/scanner votre <a href=\"https:\/\/www.ecrivus-multimedia.nl\/go\/bankafschrift-vertalen-beedigd\/\" title=\"Traduction certifi\u00e9e d&#039;un extrait de compte bancaire ? Commandez via notre boutique en ligne !\" class=\"pretty-link-keyword\"rel=\"\">relev\u00e9 bancaire<\/a> et l'ajouter \u00e0 votre commande. Nous proposons plusieurs options de paiement via des connexions s\u00e9curis\u00e9es (notamment iDeal, virement bancaire et PayPal).<\/p>\n<p><strong>D\u00e9lai de livraison standard<\/strong>5-6 jours ouvrables<\/p>","protected":false},"excerpt":{"rendered":"<p>Traduction professionnelle asserment\u00e9e avec cachet par un traducteur asserment\u00e9. <strong>Convient \u00e9galement pour l'enregistrement en tant que vendeur aupr\u00e8s d'Amazon<\/strong>.<br \/>\nS\u00e9lectionnez la combinaison de langues ci-dessous :<\/p>","protected":false},"featured_media":132685,"comment_status":"open","ping_status":"closed","template":"","meta":{"_acf_changed":false,"_glsr_average":0,"_glsr_ranking":0,"_glsr_reviews":0,"_joinchat":[]},"product_brand":[],"product_cat":[107,15333],"product_tag":[15398,15509,15335,642,15511,15396,15397,15510],"class_list":{"0":"post-42956","1":"product","2":"type-product","3":"status-publish","4":"has-post-thumbnail","6":"product_cat-beedigde-vertalingen","7":"product_cat-financiele-vertalingen","8":"product_tag-afschrift","9":"product_tag-amazon","10":"product_tag-bankafschrift","11":"product_tag-beedigd","12":"product_tag-jaaroverzicht","13":"product_tag-rekeningafschrift","14":"product_tag-rekeningoverzicht","15":"product_tag-transacties","17":"first","18":"instock","19":"sold-individually","20":"taxable","21":"shipping-taxable","22":"purchasable","23":"product-type-variable"},"acf":[],"yoast_head":"<!-- This site is optimized with the Yoast SEO plugin v27.4 - https:\/\/yoast.com\/product\/yoast-seo-wordpress\/ -->\n<title>Bankafschrift be\u00ebdigd vertalen? Bestel via onze webshop!<\/title>\n<meta name=\"description\" content=\"Bankafschrift be\u00ebdigd vertalen? Bestel direct online! Offici\u00eble be\u00ebdigde vertaling met stempel van uw bankafschrift. Alle talen. Binnen 3 werkdagen in huis. Veilig betalen met iDeal of PayPal. Erkend vertaalbureau.\" \/>\n<meta name=\"robots\" content=\"index, follow, max-snippet:-1, max-image-preview:large, max-video-preview:-1\" \/>\n<link rel=\"canonical\" href=\"https:\/\/www.ecrivus-multimedia.nl\/fr\/produit\/traduire-un-releve-bancaire\/\" \/>\n<meta property=\"og:locale\" content=\"fr_FR\" \/>\n<meta property=\"og:type\" content=\"article\" \/>\n<meta property=\"og:title\" content=\"Bankafschrift be\u00ebdigd vertalen? Bestel via onze webshop!\" \/>\n<meta property=\"og:description\" content=\"Bankafschrift be\u00ebdigd vertalen? Bestel direct online! Offici\u00eble be\u00ebdigde vertaling met stempel van uw bankafschrift. Alle talen. Binnen 3 werkdagen in huis. Veilig betalen met iDeal of PayPal. Erkend vertaalbureau.\" \/>\n<meta property=\"og:url\" content=\"https:\/\/www.ecrivus-multimedia.nl\/fr\/produit\/traduire-un-releve-bancaire\/\" \/>\n<meta property=\"og:site_name\" content=\"Ecrivus International Webshop\" \/>\n<meta property=\"article:publisher\" content=\"https:\/\/www.facebook.com\/Ecrivus-International-676624782512639\/\" \/>\n<meta property=\"article:modified_time\" content=\"2026-04-13T07:04:12+00:00\" \/>\n<meta property=\"og:image\" content=\"https:\/\/www.ecrivus-multimedia.nl\/wp-content\/uploads\/2017\/08\/voorbeeld-bankafschrift-large.webp\" \/>\n\t<meta property=\"og:image:width\" content=\"1146\" \/>\n\t<meta property=\"og:image:height\" content=\"800\" \/>\n\t<meta property=\"og:image:type\" content=\"image\/webp\" \/>\n<meta name=\"twitter:card\" content=\"summary_large_image\" \/>\n<meta name=\"twitter:site\" content=\"@ecrivusint\" \/>\n<meta name=\"twitter:label1\" content=\"Dur\u00e9e de lecture estim\u00e9e\" \/>\n\t<meta name=\"twitter:data1\" content=\"2 minutes\" \/>\n<script type=\"application\/ld+json\" class=\"yoast-schema-graph\">{\"@context\":\"https:\\\/\\\/schema.org\",\"@graph\":[{\"@type\":\"WebPage\",\"@id\":\"https:\\\/\\\/www.ecrivus-multimedia.nl\\\/product\\\/bankafschrift-vertalen-beedigd\\\/\",\"url\":\"https:\\\/\\\/www.ecrivus-multimedia.nl\\\/product\\\/bankafschrift-vertalen-beedigd\\\/\",\"name\":\"Bankafschrift be\u00ebdigd vertalen? Bestel via onze webshop!\",\"isPartOf\":{\"@id\":\"https:\\\/\\\/www.ecrivus-multimedia.nl\\\/#website\"},\"primaryImageOfPage\":{\"@id\":\"https:\\\/\\\/www.ecrivus-multimedia.nl\\\/product\\\/bankafschrift-vertalen-beedigd\\\/#primaryimage\"},\"image\":{\"@id\":\"https:\\\/\\\/www.ecrivus-multimedia.nl\\\/product\\\/bankafschrift-vertalen-beedigd\\\/#primaryimage\"},\"thumbnailUrl\":\"https:\\\/\\\/www.ecrivus-multimedia.nl\\\/wp-content\\\/uploads\\\/2017\\\/08\\\/voorbeeld-bankafschrift-large.webp\",\"datePublished\":\"2019-07-11T18:31:53+00:00\",\"dateModified\":\"2026-04-13T07:04:12+00:00\",\"description\":\"Bankafschrift be\u00ebdigd vertalen? Bestel direct online! Offici\u00eble be\u00ebdigde vertaling met stempel van uw bankafschrift. Alle talen. Binnen 3 werkdagen in huis. Veilig betalen met iDeal of PayPal. Erkend vertaalbureau.\",\"breadcrumb\":{\"@id\":\"https:\\\/\\\/www.ecrivus-multimedia.nl\\\/product\\\/bankafschrift-vertalen-beedigd\\\/#breadcrumb\"},\"inLanguage\":\"fr-FR\",\"potentialAction\":[{\"@type\":\"ReadAction\",\"target\":[\"https:\\\/\\\/www.ecrivus-multimedia.nl\\\/product\\\/bankafschrift-vertalen-beedigd\\\/\"]}]},{\"@type\":\"ImageObject\",\"inLanguage\":\"fr-FR\",\"@id\":\"https:\\\/\\\/www.ecrivus-multimedia.nl\\\/product\\\/bankafschrift-vertalen-beedigd\\\/#primaryimage\",\"url\":\"https:\\\/\\\/www.ecrivus-multimedia.nl\\\/wp-content\\\/uploads\\\/2017\\\/08\\\/voorbeeld-bankafschrift-large.webp\",\"contentUrl\":\"https:\\\/\\\/www.ecrivus-multimedia.nl\\\/wp-content\\\/uploads\\\/2017\\\/08\\\/voorbeeld-bankafschrift-large.webp\",\"width\":1146,\"height\":800},{\"@type\":\"BreadcrumbList\",\"@id\":\"https:\\\/\\\/www.ecrivus-multimedia.nl\\\/product\\\/bankafschrift-vertalen-beedigd\\\/#breadcrumb\",\"itemListElement\":[{\"@type\":\"ListItem\",\"position\":1,\"name\":\"Home\",\"item\":\"https:\\\/\\\/www.ecrivus-multimedia.nl\\\/\"},{\"@type\":\"ListItem\",\"position\":2,\"name\":\"Shop\",\"item\":\"https:\\\/\\\/www.ecrivus-multimedia.nl\\\/shop\\\/\"},{\"@type\":\"ListItem\",\"position\":3,\"name\":\"Bankafschrift vertalen (be\u00ebdigd)\"}]},{\"@type\":\"WebSite\",\"@id\":\"https:\\\/\\\/www.ecrivus-multimedia.nl\\\/#website\",\"url\":\"https:\\\/\\\/www.ecrivus-multimedia.nl\\\/\",\"name\":\"Ecrivus International Webshop\",\"description\":\"Erkende webshop voor be\u00ebdigde vertalingen.\",\"publisher\":{\"@id\":\"https:\\\/\\\/www.ecrivus-multimedia.nl\\\/#organization\"},\"potentialAction\":[{\"@type\":\"SearchAction\",\"target\":{\"@type\":\"EntryPoint\",\"urlTemplate\":\"https:\\\/\\\/www.ecrivus-multimedia.nl\\\/?s={search_term_string}\"},\"query-input\":{\"@type\":\"PropertyValueSpecification\",\"valueRequired\":true,\"valueName\":\"search_term_string\"}}],\"inLanguage\":\"fr-FR\"},{\"@type\":\"Organization\",\"@id\":\"https:\\\/\\\/www.ecrivus-multimedia.nl\\\/#organization\",\"name\":\"Ecrivus International\",\"url\":\"https:\\\/\\\/www.ecrivus-multimedia.nl\\\/\",\"logo\":{\"@type\":\"ImageObject\",\"inLanguage\":\"fr-FR\",\"@id\":\"https:\\\/\\\/www.ecrivus-multimedia.nl\\\/#\\\/schema\\\/logo\\\/image\\\/\",\"url\":\"https:\\\/\\\/www.ecrivus-multimedia.nl\\\/wp-content\\\/uploads\\\/2022\\\/01\\\/cropped-small-Logo-Ecrivus-Vector-Transparent2.png\",\"contentUrl\":\"https:\\\/\\\/www.ecrivus-multimedia.nl\\\/wp-content\\\/uploads\\\/2022\\\/01\\\/cropped-small-Logo-Ecrivus-Vector-Transparent2.png\",\"width\":512,\"height\":512,\"caption\":\"Ecrivus International\"},\"image\":{\"@id\":\"https:\\\/\\\/www.ecrivus-multimedia.nl\\\/#\\\/schema\\\/logo\\\/image\\\/\"},\"sameAs\":[\"https:\\\/\\\/www.facebook.com\\\/Ecrivus-International-676624782512639\\\/\",\"https:\\\/\\\/x.com\\\/ecrivusint\"]}]}<\/script>\n<!-- \/ Yoast SEO plugin. -->","yoast_head_json":{"title":"Bankafschrift be\u00ebdigd vertalen? Bestel via onze webshop!","description":"Bankafschrift be\u00ebdigd vertalen? Bestel direct online! Offici\u00eble be\u00ebdigde vertaling met stempel van uw bankafschrift. Alle talen. Binnen 3 werkdagen in huis. Veilig betalen met iDeal of PayPal. Erkend vertaalbureau.","robots":{"index":"index","follow":"follow","max-snippet":"max-snippet:-1","max-image-preview":"max-image-preview:large","max-video-preview":"max-video-preview:-1"},"canonical":"https:\/\/www.ecrivus-multimedia.nl\/fr\/produit\/traduire-un-releve-bancaire\/","og_locale":"fr_FR","og_type":"article","og_title":"Bankafschrift be\u00ebdigd vertalen? Bestel via onze webshop!","og_description":"Bankafschrift be\u00ebdigd vertalen? Bestel direct online! Offici\u00eble be\u00ebdigde vertaling met stempel van uw bankafschrift. Alle talen. Binnen 3 werkdagen in huis. Veilig betalen met iDeal of PayPal. Erkend vertaalbureau.","og_url":"https:\/\/www.ecrivus-multimedia.nl\/fr\/produit\/traduire-un-releve-bancaire\/","og_site_name":"Ecrivus International Webshop","article_publisher":"https:\/\/www.facebook.com\/Ecrivus-International-676624782512639\/","article_modified_time":"2026-04-13T07:04:12+00:00","og_image":[{"width":1146,"height":800,"url":"https:\/\/www.ecrivus-multimedia.nl\/wp-content\/uploads\/2017\/08\/voorbeeld-bankafschrift-large.webp","type":"image\/webp"}],"twitter_card":"summary_large_image","twitter_site":"@ecrivusint","twitter_misc":{"Dur\u00e9e de lecture estim\u00e9e":"2 minutes"},"schema":{"@context":"https:\/\/schema.org","@graph":[{"@type":"WebPage","@id":"https:\/\/www.ecrivus-multimedia.nl\/product\/bankafschrift-vertalen-beedigd\/","url":"https:\/\/www.ecrivus-multimedia.nl\/product\/bankafschrift-vertalen-beedigd\/","name":"Bankafschrift be\u00ebdigd vertalen? Bestel via onze webshop!","isPartOf":{"@id":"https:\/\/www.ecrivus-multimedia.nl\/#website"},"primaryImageOfPage":{"@id":"https:\/\/www.ecrivus-multimedia.nl\/product\/bankafschrift-vertalen-beedigd\/#primaryimage"},"image":{"@id":"https:\/\/www.ecrivus-multimedia.nl\/product\/bankafschrift-vertalen-beedigd\/#primaryimage"},"thumbnailUrl":"https:\/\/www.ecrivus-multimedia.nl\/wp-content\/uploads\/2017\/08\/voorbeeld-bankafschrift-large.webp","datePublished":"2019-07-11T18:31:53+00:00","dateModified":"2026-04-13T07:04:12+00:00","description":"Bankafschrift be\u00ebdigd vertalen? Bestel direct online! Offici\u00eble be\u00ebdigde vertaling met stempel van uw bankafschrift. Alle talen. Binnen 3 werkdagen in huis. Veilig betalen met iDeal of PayPal. Erkend vertaalbureau.","breadcrumb":{"@id":"https:\/\/www.ecrivus-multimedia.nl\/product\/bankafschrift-vertalen-beedigd\/#breadcrumb"},"inLanguage":"fr-FR","potentialAction":[{"@type":"ReadAction","target":["https:\/\/www.ecrivus-multimedia.nl\/product\/bankafschrift-vertalen-beedigd\/"]}]},{"@type":"ImageObject","inLanguage":"fr-FR","@id":"https:\/\/www.ecrivus-multimedia.nl\/product\/bankafschrift-vertalen-beedigd\/#primaryimage","url":"https:\/\/www.ecrivus-multimedia.nl\/wp-content\/uploads\/2017\/08\/voorbeeld-bankafschrift-large.webp","contentUrl":"https:\/\/www.ecrivus-multimedia.nl\/wp-content\/uploads\/2017\/08\/voorbeeld-bankafschrift-large.webp","width":1146,"height":800},{"@type":"BreadcrumbList","@id":"https:\/\/www.ecrivus-multimedia.nl\/product\/bankafschrift-vertalen-beedigd\/#breadcrumb","itemListElement":[{"@type":"ListItem","position":1,"name":"Home","item":"https:\/\/www.ecrivus-multimedia.nl\/"},{"@type":"ListItem","position":2,"name":"Shop","item":"https:\/\/www.ecrivus-multimedia.nl\/shop\/"},{"@type":"ListItem","position":3,"name":"Bankafschrift vertalen (be\u00ebdigd)"}]},{"@type":"WebSite","@id":"https:\/\/www.ecrivus-multimedia.nl\/#website","url":"https:\/\/www.ecrivus-multimedia.nl\/","name":"Ecrivus International Webshop","description":"Erkende webshop voor be\u00ebdigde vertalingen.","publisher":{"@id":"https:\/\/www.ecrivus-multimedia.nl\/#organization"},"potentialAction":[{"@type":"SearchAction","target":{"@type":"EntryPoint","urlTemplate":"https:\/\/www.ecrivus-multimedia.nl\/?s={search_term_string}"},"query-input":{"@type":"PropertyValueSpecification","valueRequired":true,"valueName":"search_term_string"}}],"inLanguage":"fr-FR"},{"@type":"Organization","@id":"https:\/\/www.ecrivus-multimedia.nl\/#organization","name":"Ecrivus International","url":"https:\/\/www.ecrivus-multimedia.nl\/","logo":{"@type":"ImageObject","inLanguage":"fr-FR","@id":"https:\/\/www.ecrivus-multimedia.nl\/#\/schema\/logo\/image\/","url":"https:\/\/www.ecrivus-multimedia.nl\/wp-content\/uploads\/2022\/01\/cropped-small-Logo-Ecrivus-Vector-Transparent2.png","contentUrl":"https:\/\/www.ecrivus-multimedia.nl\/wp-content\/uploads\/2022\/01\/cropped-small-Logo-Ecrivus-Vector-Transparent2.png","width":512,"height":512,"caption":"Ecrivus International"},"image":{"@id":"https:\/\/www.ecrivus-multimedia.nl\/#\/schema\/logo\/image\/"},"sameAs":["https:\/\/www.facebook.com\/Ecrivus-International-676624782512639\/","https:\/\/x.com\/ecrivusint"]}]}},"_links":{"self":[{"href":"https:\/\/www.ecrivus-multimedia.nl\/fr\/wp-json\/wp\/v2\/product\/42956","targetHints":{"allow":["GET"]}}],"collection":[{"href":"https:\/\/www.ecrivus-multimedia.nl\/fr\/wp-json\/wp\/v2\/product"}],"about":[{"href":"https:\/\/www.ecrivus-multimedia.nl\/fr\/wp-json\/wp\/v2\/types\/product"}],"replies":[{"embeddable":true,"href":"https:\/\/www.ecrivus-multimedia.nl\/fr\/wp-json\/wp\/v2\/comments?post=42956"}],"wp:featuredmedia":[{"embeddable":true,"href":"https:\/\/www.ecrivus-multimedia.nl\/fr\/wp-json\/wp\/v2\/media\/132685"}],"wp:attachment":[{"href":"https:\/\/www.ecrivus-multimedia.nl\/fr\/wp-json\/wp\/v2\/media?parent=42956"}],"wp:term":[{"taxonomy":"product_brand","embeddable":true,"href":"https:\/\/www.ecrivus-multimedia.nl\/fr\/wp-json\/wp\/v2\/product_brand?post=42956"},{"taxonomy":"product_cat","embeddable":true,"href":"https:\/\/www.ecrivus-multimedia.nl\/fr\/wp-json\/wp\/v2\/product_cat?post=42956"},{"taxonomy":"product_tag","embeddable":true,"href":"https:\/\/www.ecrivus-multimedia.nl\/fr\/wp-json\/wp\/v2\/product_tag?post=42956"}],"curies":[{"name":"wp","href":"https:\/\/api.w.org\/{rel}","templated":true}]}}