{"id":44336,"date":"2019-07-26T10:31:38","date_gmt":"2019-07-26T08:31:38","guid":{"rendered":"https:\/\/www.ecrivus-multimedia.nl\/?post_type=product&#038;p=44336"},"modified":"2026-04-13T09:23:50","modified_gmt":"2026-04-13T07:23:50","slug":"advertorial-schrijven","status":"publish","type":"product","link":"https:\/\/www.ecrivus-multimedia.nl\/fr\/produit\/redaction-dun-publireportage\/","title":{"rendered":"R\u00e9diger un publireportage"},"content":{"rendered":"<h2><strong>\u00c9crire un publireportage ?<\/strong><\/h2>\n<p class=\"western\">Ecrivus International emploie des r\u00e9dacteurs internes et des r\u00e9dacteurs sp\u00e9cialis\u00e9s dans les domaines suivants <a href=\"https:\/\/www.ecrivus.nl\/advertorial-schrijven\/\" target=\"_blank\" rel=\"noopener noreferrer\">r\u00e9diger des publireportages professionnels<\/a> dans un n\u00e9erlandais impeccable. Id\u00e9al pour attirer l&#039;attention des m\u00e9dias (inter)nationaux, dans des revues et magazines, de nouveaux produits et services, g\u00e9n\u00e9rer de nouveaux prospects et accro\u00eetre la notori\u00e9t\u00e9 de votre marque. Une r\u00e9ussite <a href=\"https:\/\/www.ecrivus-multimedia.nl\/go\/advertorial-schrijven\/\" title=\"R\u00e9diger un publireportage\" class=\"pretty-link-keyword\"rel=\"\">publi-reportage<\/a> la r\u00e9daction peut souvent \u00eatre termin\u00e9e pour vous dans un d\u00e9lai de 1 \u00e0 2 jours ouvrables.<\/p>\n<h4 class=\"western\"><strong>R\u00e9diger un publireportage dans un n\u00e9erlandais parfait<\/strong><\/h4>\n<p class=\"western\">Puisque le but d&#039;un <a href=\"https:\/\/www.ecrivus-multimedia.nl\/go\/advertorial-schrijven\/\" title=\"R\u00e9diger un publireportage\" class=\"pretty-link-keyword\"rel=\"\">publi-reportage<\/a> c&#039;est qu&#039;il soit lu par le plus grand nombre, il est important que la qualit\u00e9 du texte soit excellente. 100% en termes d&#039;orthographe, de grammaire, d&#039;ordre des mots, de structure de phrase et de terminologie est le point de d\u00e9part. Gr\u00e2ce \u00e0 nos ann\u00e9es d&#039;exp\u00e9rience dans la r\u00e9daction de publireportages pour des entreprises n\u00e9erlandaises et \u00e9trang\u00e8res, vous pouvez \u00eatre s\u00fbr que nos publireportages \u00e9crits sont imm\u00e9diatement pr\u00eats \u00e0 \u00eatre publi\u00e9s.<\/p>\n<p class=\"western\"><strong>Nous r\u00e9digeons des publireportages pour\u00a0:<\/strong><\/p>\n<ul>\n<li>\n<p class=\"western\">Entreprises en phase de d\u00e9marrage<\/p>\n<\/li>\n<li>\n<p class=\"western\">ZZP-ers<\/p>\n<\/li>\n<li>\n<p class=\"western\">PME<\/p>\n<\/li>\n<li>\n<p class=\"western\">Multinationales<\/p>\n<\/li>\n<\/ul>\n<p class=\"western\"><strong>Les publireportages que nous r\u00e9digeons sont id\u00e9aux pour\u00a0:<\/strong><\/p>\n<ul>\n<li>\n<p class=\"western\">Accro\u00eetre la notori\u00e9t\u00e9 de la marque<\/p>\n<\/li>\n<li>\n<p class=\"western\">Lancement de nouveaux produits et services<\/p>\n<\/li>\n<li>\n<p class=\"western\">Annonce de nouvelles commerciales importantes<\/p>\n<\/li>\n<li>\n<p class=\"western\">Porter l\u2019information \u00e0 la connaissance des m\u00e9dias nationaux et internationaux<\/p>\n<\/li>\n<li>\n<p class=\"western\">En ligne <a href=\"https:\/\/www.ecrivus-multimedia.nl\/go\/advertorial-schrijven\/\" title=\"R\u00e9diger un publireportage\" class=\"pretty-link-keyword\"rel=\"\">publi-reportage<\/a> publications : augmenter votre position dans les moteurs de recherche (classement SEO\/optimisation des moteurs de recherche)<\/p>\n<\/li>\n<li>\n<p class=\"western\">Am\u00e9liorer la visibilit\u00e9 en ligne de votre entreprise<\/p>\n<\/li>\n<li>\n<p class=\"western\">G\u00e9n\u00e9ration de leads<\/p>\n<\/li>\n<\/ul>\n<p><strong>\u00c9crire votre <\/strong><strong><a href=\"https:\/\/www.ecrivus-multimedia.nl\/go\/advertorial-schrijven\/\" title=\"R\u00e9diger un publireportage\" class=\"pretty-link-keyword\"rel=\"\">publi-reportage<\/a> est entre de bonnes mains :<\/strong><\/p>\n<ul>\n<li>R\u00e9daction de textes par un r\u00e9dacteur sp\u00e9cialis\u00e9<\/li>\n<li>Y compris <a href=\"http:\/\/www.ecrivus.nl\/proeflezen\/\" target=\"_blank\" rel=\"noopener noreferrer\">relecture<\/a><\/li>\n<li>Y compris <a href=\"http:\/\/www.ecrivus.nl\/qa-kwaliteitscontroles\/\" target=\"_blank\" rel=\"noopener noreferrer\">contr\u00f4les de qualit\u00e9<\/a><\/li>\n<li>Y compris l&#039;\u00e9dition finale<\/li>\n<li>Tarifs comp\u00e9titifs<\/li>\n<li>D\u00e9lai de livraison rapide<\/li>\n<li>Livraison express possible<\/li>\n<li>Livraison en Microsoft Word\u00ae et PDF<\/li>\n<li>Livraison toujours \u00e0 temps par email<\/li>\n<\/ul>\n<p>Pour faire votre <a href=\"https:\/\/www.ecrivus-multimedia.nl\/go\/advertorial-schrijven\/\" title=\"R\u00e9diger un publireportage\" class=\"pretty-link-keyword\"rel=\"\">publi-reportage<\/a> directement, s\u00e9lectionnez le nombre de pages souhait\u00e9 ci-dessus. Nous partons du principe que chaque page contient 300 mots. Cliquez ensuite sur \"Ajouter au panier\". Vous pouvez ensuite t\u00e9l\u00e9charger le briefing\/les instructions que vous souhaitez donner au r\u00e9dacteur et les ajouter \u00e0 votre commande. Pour plusieurs documents, vous pouvez t\u00e9l\u00e9charger un fichier ZIP. Nous vous proposons diff\u00e9rentes possibilit\u00e9s de paiement via des connexions s\u00e9curis\u00e9es (notamment iDeal, virement bancaire et PayPal).<\/p>\n<p><strong>D\u00e9lai de livraison standard<\/strong>5 jours ouvrables<\/p>","protected":false},"excerpt":{"rendered":"<p>Publi-reportage r\u00e9dig\u00e9 par des professionnels par un r\u00e9dacteur sp\u00e9cialis\u00e9, comprenant des contr\u00f4les de qualit\u00e9 et l&#039;\u00e9dition finale. S\u00e9lectionnez la langue souhait\u00e9e ci-dessous\u00a0:<\/p>","protected":false},"featured_media":132653,"comment_status":"open","ping_status":"closed","template":"","meta":{"_acf_changed":false,"_glsr_average":0,"_glsr_ranking":0,"_glsr_reviews":0,"_joinchat":[]},"product_brand":[],"product_cat":[15342],"product_tag":[15355,15349,15343,15357,15353,15348,15347,15344,15356],"class_list":{"0":"post-44336","1":"product","2":"type-product","3":"status-publish","4":"has-post-thumbnail","6":"product_cat-copywriting-content","7":"product_tag-advertorial","8":"product_tag-content-creatie","9":"product_tag-copywriting","10":"product_tag-magazine","11":"product_tag-marketing","12":"product_tag-media","13":"product_tag-pr","14":"product_tag-tekstschrijven","15":"product_tag-tijdschrift","17":"first","18":"instock","19":"sold-individually","20":"taxable","21":"shipping-taxable","22":"purchasable","23":"product-type-variable"},"acf":[],"yoast_head":"<!-- This site is optimized with the Yoast SEO plugin v27.4 - https:\/\/yoast.com\/product\/yoast-seo-wordpress\/ -->\n<title>Advertorial schrijven? Bestel nu in onze webshop! 15+ jaar ervaring!<\/title>\n<meta name=\"description\" content=\"Advertorial schrijven? Bestel direct online! \u2713 Ervaren copywriters \u2713 Perfect Nederlands \u2713 Voordelig geregeld \u2713 Snelle levertijden \u2713 Veilig betalen via iDEAL\" \/>\n<meta name=\"robots\" content=\"index, follow, max-snippet:-1, max-image-preview:large, max-video-preview:-1\" \/>\n<link rel=\"canonical\" href=\"https:\/\/www.ecrivus-multimedia.nl\/fr\/produit\/redaction-dun-publireportage\/\" \/>\n<meta property=\"og:locale\" content=\"fr_FR\" \/>\n<meta property=\"og:type\" content=\"article\" \/>\n<meta property=\"og:title\" content=\"Advertorial schrijven? Bestel nu in onze webshop! 15+ jaar ervaring!\" \/>\n<meta property=\"og:description\" content=\"Advertorial schrijven? Bestel direct online! \u2713 Ervaren copywriters \u2713 Perfect Nederlands \u2713 Voordelig geregeld \u2713 Snelle levertijden \u2713 Veilig betalen via iDEAL\" \/>\n<meta property=\"og:url\" content=\"https:\/\/www.ecrivus-multimedia.nl\/fr\/produit\/redaction-dun-publireportage\/\" \/>\n<meta property=\"og:site_name\" content=\"Ecrivus International Webshop\" \/>\n<meta property=\"article:publisher\" content=\"https:\/\/www.facebook.com\/Ecrivus-International-676624782512639\/\" \/>\n<meta property=\"article:modified_time\" content=\"2026-04-13T07:23:50+00:00\" \/>\n<meta property=\"og:image\" content=\"https:\/\/www.ecrivus-multimedia.nl\/wp-content\/uploads\/2026\/04\/vrouw-reikt-document-aan-adviseur.jpg\" \/>\n\t<meta property=\"og:image:width\" content=\"1000\" \/>\n\t<meta property=\"og:image:height\" content=\"667\" \/>\n\t<meta property=\"og:image:type\" content=\"image\/jpeg\" \/>\n<meta name=\"twitter:card\" content=\"summary_large_image\" \/>\n<meta name=\"twitter:site\" content=\"@ecrivusint\" \/>\n<meta name=\"twitter:label1\" content=\"Dur\u00e9e de lecture estim\u00e9e\" \/>\n\t<meta name=\"twitter:data1\" content=\"2 minutes\" \/>\n<script type=\"application\/ld+json\" class=\"yoast-schema-graph\">{\"@context\":\"https:\\\/\\\/schema.org\",\"@graph\":[{\"@type\":\"WebPage\",\"@id\":\"https:\\\/\\\/www.ecrivus-multimedia.nl\\\/product\\\/advertorial-schrijven\\\/\",\"url\":\"https:\\\/\\\/www.ecrivus-multimedia.nl\\\/product\\\/advertorial-schrijven\\\/\",\"name\":\"Advertorial schrijven? Bestel nu in onze webshop! 15+ jaar ervaring!\",\"isPartOf\":{\"@id\":\"https:\\\/\\\/www.ecrivus-multimedia.nl\\\/#website\"},\"primaryImageOfPage\":{\"@id\":\"https:\\\/\\\/www.ecrivus-multimedia.nl\\\/product\\\/advertorial-schrijven\\\/#primaryimage\"},\"image\":{\"@id\":\"https:\\\/\\\/www.ecrivus-multimedia.nl\\\/product\\\/advertorial-schrijven\\\/#primaryimage\"},\"thumbnailUrl\":\"https:\\\/\\\/www.ecrivus-multimedia.nl\\\/wp-content\\\/uploads\\\/2026\\\/04\\\/vrouw-reikt-document-aan-adviseur.jpg\",\"datePublished\":\"2019-07-26T08:31:38+00:00\",\"dateModified\":\"2026-04-13T07:23:50+00:00\",\"description\":\"Advertorial schrijven? Bestel direct online! \u2713 Ervaren copywriters \u2713 Perfect Nederlands \u2713 Voordelig geregeld \u2713 Snelle levertijden \u2713 Veilig betalen via iDEAL\",\"breadcrumb\":{\"@id\":\"https:\\\/\\\/www.ecrivus-multimedia.nl\\\/product\\\/advertorial-schrijven\\\/#breadcrumb\"},\"inLanguage\":\"fr-FR\",\"potentialAction\":[{\"@type\":\"ReadAction\",\"target\":[\"https:\\\/\\\/www.ecrivus-multimedia.nl\\\/product\\\/advertorial-schrijven\\\/\"]}]},{\"@type\":\"ImageObject\",\"inLanguage\":\"fr-FR\",\"@id\":\"https:\\\/\\\/www.ecrivus-multimedia.nl\\\/product\\\/advertorial-schrijven\\\/#primaryimage\",\"url\":\"https:\\\/\\\/www.ecrivus-multimedia.nl\\\/wp-content\\\/uploads\\\/2026\\\/04\\\/vrouw-reikt-document-aan-adviseur.jpg\",\"contentUrl\":\"https:\\\/\\\/www.ecrivus-multimedia.nl\\\/wp-content\\\/uploads\\\/2026\\\/04\\\/vrouw-reikt-document-aan-adviseur.jpg\",\"width\":1000,\"height\":667},{\"@type\":\"BreadcrumbList\",\"@id\":\"https:\\\/\\\/www.ecrivus-multimedia.nl\\\/product\\\/advertorial-schrijven\\\/#breadcrumb\",\"itemListElement\":[{\"@type\":\"ListItem\",\"position\":1,\"name\":\"Home\",\"item\":\"https:\\\/\\\/www.ecrivus-multimedia.nl\\\/\"},{\"@type\":\"ListItem\",\"position\":2,\"name\":\"Shop\",\"item\":\"https:\\\/\\\/www.ecrivus-multimedia.nl\\\/shop\\\/\"},{\"@type\":\"ListItem\",\"position\":3,\"name\":\"Advertorial schrijven\"}]},{\"@type\":\"WebSite\",\"@id\":\"https:\\\/\\\/www.ecrivus-multimedia.nl\\\/#website\",\"url\":\"https:\\\/\\\/www.ecrivus-multimedia.nl\\\/\",\"name\":\"Ecrivus International Webshop\",\"description\":\"Erkende webshop voor be\u00ebdigde vertalingen.\",\"publisher\":{\"@id\":\"https:\\\/\\\/www.ecrivus-multimedia.nl\\\/#organization\"},\"potentialAction\":[{\"@type\":\"SearchAction\",\"target\":{\"@type\":\"EntryPoint\",\"urlTemplate\":\"https:\\\/\\\/www.ecrivus-multimedia.nl\\\/?s={search_term_string}\"},\"query-input\":{\"@type\":\"PropertyValueSpecification\",\"valueRequired\":true,\"valueName\":\"search_term_string\"}}],\"inLanguage\":\"fr-FR\"},{\"@type\":\"Organization\",\"@id\":\"https:\\\/\\\/www.ecrivus-multimedia.nl\\\/#organization\",\"name\":\"Ecrivus International\",\"url\":\"https:\\\/\\\/www.ecrivus-multimedia.nl\\\/\",\"logo\":{\"@type\":\"ImageObject\",\"inLanguage\":\"fr-FR\",\"@id\":\"https:\\\/\\\/www.ecrivus-multimedia.nl\\\/#\\\/schema\\\/logo\\\/image\\\/\",\"url\":\"https:\\\/\\\/www.ecrivus-multimedia.nl\\\/wp-content\\\/uploads\\\/2022\\\/01\\\/cropped-small-Logo-Ecrivus-Vector-Transparent2.png\",\"contentUrl\":\"https:\\\/\\\/www.ecrivus-multimedia.nl\\\/wp-content\\\/uploads\\\/2022\\\/01\\\/cropped-small-Logo-Ecrivus-Vector-Transparent2.png\",\"width\":512,\"height\":512,\"caption\":\"Ecrivus International\"},\"image\":{\"@id\":\"https:\\\/\\\/www.ecrivus-multimedia.nl\\\/#\\\/schema\\\/logo\\\/image\\\/\"},\"sameAs\":[\"https:\\\/\\\/www.facebook.com\\\/Ecrivus-International-676624782512639\\\/\",\"https:\\\/\\\/x.com\\\/ecrivusint\"]}]}<\/script>\n<!-- \/ Yoast SEO plugin. -->","yoast_head_json":{"title":"Advertorial schrijven? Bestel nu in onze webshop! 15+ jaar ervaring!","description":"Advertorial schrijven? Bestel direct online! \u2713 Ervaren copywriters \u2713 Perfect Nederlands \u2713 Voordelig geregeld \u2713 Snelle levertijden \u2713 Veilig betalen via iDEAL","robots":{"index":"index","follow":"follow","max-snippet":"max-snippet:-1","max-image-preview":"max-image-preview:large","max-video-preview":"max-video-preview:-1"},"canonical":"https:\/\/www.ecrivus-multimedia.nl\/fr\/produit\/redaction-dun-publireportage\/","og_locale":"fr_FR","og_type":"article","og_title":"Advertorial schrijven? Bestel nu in onze webshop! 15+ jaar ervaring!","og_description":"Advertorial schrijven? Bestel direct online! \u2713 Ervaren copywriters \u2713 Perfect Nederlands \u2713 Voordelig geregeld \u2713 Snelle levertijden \u2713 Veilig betalen via iDEAL","og_url":"https:\/\/www.ecrivus-multimedia.nl\/fr\/produit\/redaction-dun-publireportage\/","og_site_name":"Ecrivus International Webshop","article_publisher":"https:\/\/www.facebook.com\/Ecrivus-International-676624782512639\/","article_modified_time":"2026-04-13T07:23:50+00:00","og_image":[{"width":1000,"height":667,"url":"https:\/\/www.ecrivus-multimedia.nl\/wp-content\/uploads\/2026\/04\/vrouw-reikt-document-aan-adviseur.jpg","type":"image\/jpeg"}],"twitter_card":"summary_large_image","twitter_site":"@ecrivusint","twitter_misc":{"Dur\u00e9e de lecture estim\u00e9e":"2 minutes"},"schema":{"@context":"https:\/\/schema.org","@graph":[{"@type":"WebPage","@id":"https:\/\/www.ecrivus-multimedia.nl\/product\/advertorial-schrijven\/","url":"https:\/\/www.ecrivus-multimedia.nl\/product\/advertorial-schrijven\/","name":"Advertorial schrijven? Bestel nu in onze webshop! 15+ jaar ervaring!","isPartOf":{"@id":"https:\/\/www.ecrivus-multimedia.nl\/#website"},"primaryImageOfPage":{"@id":"https:\/\/www.ecrivus-multimedia.nl\/product\/advertorial-schrijven\/#primaryimage"},"image":{"@id":"https:\/\/www.ecrivus-multimedia.nl\/product\/advertorial-schrijven\/#primaryimage"},"thumbnailUrl":"https:\/\/www.ecrivus-multimedia.nl\/wp-content\/uploads\/2026\/04\/vrouw-reikt-document-aan-adviseur.jpg","datePublished":"2019-07-26T08:31:38+00:00","dateModified":"2026-04-13T07:23:50+00:00","description":"Advertorial schrijven? Bestel direct online! \u2713 Ervaren copywriters \u2713 Perfect Nederlands \u2713 Voordelig geregeld \u2713 Snelle levertijden \u2713 Veilig betalen via iDEAL","breadcrumb":{"@id":"https:\/\/www.ecrivus-multimedia.nl\/product\/advertorial-schrijven\/#breadcrumb"},"inLanguage":"fr-FR","potentialAction":[{"@type":"ReadAction","target":["https:\/\/www.ecrivus-multimedia.nl\/product\/advertorial-schrijven\/"]}]},{"@type":"ImageObject","inLanguage":"fr-FR","@id":"https:\/\/www.ecrivus-multimedia.nl\/product\/advertorial-schrijven\/#primaryimage","url":"https:\/\/www.ecrivus-multimedia.nl\/wp-content\/uploads\/2026\/04\/vrouw-reikt-document-aan-adviseur.jpg","contentUrl":"https:\/\/www.ecrivus-multimedia.nl\/wp-content\/uploads\/2026\/04\/vrouw-reikt-document-aan-adviseur.jpg","width":1000,"height":667},{"@type":"BreadcrumbList","@id":"https:\/\/www.ecrivus-multimedia.nl\/product\/advertorial-schrijven\/#breadcrumb","itemListElement":[{"@type":"ListItem","position":1,"name":"Home","item":"https:\/\/www.ecrivus-multimedia.nl\/"},{"@type":"ListItem","position":2,"name":"Shop","item":"https:\/\/www.ecrivus-multimedia.nl\/shop\/"},{"@type":"ListItem","position":3,"name":"Advertorial schrijven"}]},{"@type":"WebSite","@id":"https:\/\/www.ecrivus-multimedia.nl\/#website","url":"https:\/\/www.ecrivus-multimedia.nl\/","name":"Ecrivus International Webshop","description":"Erkende webshop voor be\u00ebdigde vertalingen.","publisher":{"@id":"https:\/\/www.ecrivus-multimedia.nl\/#organization"},"potentialAction":[{"@type":"SearchAction","target":{"@type":"EntryPoint","urlTemplate":"https:\/\/www.ecrivus-multimedia.nl\/?s={search_term_string}"},"query-input":{"@type":"PropertyValueSpecification","valueRequired":true,"valueName":"search_term_string"}}],"inLanguage":"fr-FR"},{"@type":"Organization","@id":"https:\/\/www.ecrivus-multimedia.nl\/#organization","name":"Ecrivus International","url":"https:\/\/www.ecrivus-multimedia.nl\/","logo":{"@type":"ImageObject","inLanguage":"fr-FR","@id":"https:\/\/www.ecrivus-multimedia.nl\/#\/schema\/logo\/image\/","url":"https:\/\/www.ecrivus-multimedia.nl\/wp-content\/uploads\/2022\/01\/cropped-small-Logo-Ecrivus-Vector-Transparent2.png","contentUrl":"https:\/\/www.ecrivus-multimedia.nl\/wp-content\/uploads\/2022\/01\/cropped-small-Logo-Ecrivus-Vector-Transparent2.png","width":512,"height":512,"caption":"Ecrivus International"},"image":{"@id":"https:\/\/www.ecrivus-multimedia.nl\/#\/schema\/logo\/image\/"},"sameAs":["https:\/\/www.facebook.com\/Ecrivus-International-676624782512639\/","https:\/\/x.com\/ecrivusint"]}]}},"_links":{"self":[{"href":"https:\/\/www.ecrivus-multimedia.nl\/fr\/wp-json\/wp\/v2\/product\/44336","targetHints":{"allow":["GET"]}}],"collection":[{"href":"https:\/\/www.ecrivus-multimedia.nl\/fr\/wp-json\/wp\/v2\/product"}],"about":[{"href":"https:\/\/www.ecrivus-multimedia.nl\/fr\/wp-json\/wp\/v2\/types\/product"}],"replies":[{"embeddable":true,"href":"https:\/\/www.ecrivus-multimedia.nl\/fr\/wp-json\/wp\/v2\/comments?post=44336"}],"wp:featuredmedia":[{"embeddable":true,"href":"https:\/\/www.ecrivus-multimedia.nl\/fr\/wp-json\/wp\/v2\/media\/132653"}],"wp:attachment":[{"href":"https:\/\/www.ecrivus-multimedia.nl\/fr\/wp-json\/wp\/v2\/media?parent=44336"}],"wp:term":[{"taxonomy":"product_brand","embeddable":true,"href":"https:\/\/www.ecrivus-multimedia.nl\/fr\/wp-json\/wp\/v2\/product_brand?post=44336"},{"taxonomy":"product_cat","embeddable":true,"href":"https:\/\/www.ecrivus-multimedia.nl\/fr\/wp-json\/wp\/v2\/product_cat?post=44336"},{"taxonomy":"product_tag","embeddable":true,"href":"https:\/\/www.ecrivus-multimedia.nl\/fr\/wp-json\/wp\/v2\/product_tag?post=44336"}],"curies":[{"name":"wp","href":"https:\/\/api.w.org\/{rel}","templated":true}]}}