{"id":44343,"date":"2019-07-26T11:31:53","date_gmt":"2019-07-26T09:31:53","guid":{"rendered":"https:\/\/www.ecrivus-multimedia.nl\/?post_type=product&#038;p=44343"},"modified":"2026-04-13T09:22:43","modified_gmt":"2026-04-13T07:22:43","slug":"slogan-schrijven","status":"publish","type":"product","link":"https:\/\/www.ecrivus-multimedia.nl\/fr\/produit\/ecrire-un-slogan\/","title":{"rendered":"R\u00e9diger un slogan"},"content":{"rendered":"<h2 class=\"western\"><strong>\u00c9crire un slogan ?<\/strong><\/h2>\n<p class=\"western\">Ecrivus International emploie des r\u00e9dacteurs internes et des r\u00e9dacteurs sp\u00e9cialis\u00e9s dans les domaines suivants <a href=\"https:\/\/www.ecrivus.nl\/slogan-schrijven\/\" target=\"_blank\" rel=\"noopener noreferrer\">r\u00e9diger des slogans et des devises professionnels<\/a> dans un n\u00e9erlandais impeccable. Id\u00e9al pour accro\u00eetre la notori\u00e9t\u00e9 de votre marque et associer votre nom de marque \u00e0 un message positif. Une r\u00e9ussite <a href=\"https:\/\/www.ecrivus-multimedia.nl\/go\/slogan-schrijven\/\" title=\"R\u00e9diger un slogan\" class=\"pretty-link-keyword\"rel=\"\">slogan<\/a> la r\u00e9daction peut souvent \u00eatre termin\u00e9e pour vous dans un d\u00e9lai de 1 \u00e0 2 jours ouvrables. Notre \u00e9quipe de r\u00e9daction est tr\u00e8s exp\u00e9riment\u00e9e dans la cr\u00e9ation de slogans d&#039;entreprise qui refl\u00e8tent parfaitement les valeurs fondamentales de votre entreprise.<\/p>\n<h4 class=\"western\"><strong>\u00c9crivez un slogan dans un n\u00e9erlandais parfait<\/strong><\/h4>\n<p class=\"western\">Puisque le but d&#039;un <a href=\"https:\/\/www.ecrivus-multimedia.nl\/go\/slogan-schrijven\/\" title=\"R\u00e9diger un slogan\" class=\"pretty-link-keyword\"rel=\"\">slogan<\/a> est qu&#039;il soit m\u00e9moris\u00e9 par le plus grand nombre, il est important que la qualit\u00e9 du texte soit excellente et qu&#039;il plaise au groupe cible. <a href=\"https:\/\/www.ecrivus.nl\/qa-kwaliteitscontroles\/\" target=\"_blank\" rel=\"noopener noreferrer\">100% dans l&#039;ordre en termes d&#039;orthographe, de grammaire, d&#039;ordre des mots, de structure de phrase et de terminologie<\/a> est le point de d\u00e9part. Bien s\u00fbr, nous l&#039;aimons aussi <a href=\"https:\/\/www.ecrivus-multimedia.nl\/go\/factuur-beedigde-vertaling-met-stempel\/\" title=\"Vous souhaitez traduire une facture asserment\u00e9e ? Commandez dans notre boutique en ligne !\" class=\"pretty-link-keyword\"rel=\"\">addition<\/a> avec une ad\u00e9quation culturelle (<i>aptitude interculturelle<\/i>). Gr\u00e2ce \u00e0 nos ann\u00e9es d&#039;exp\u00e9rience dans la r\u00e9daction de slogans et de devises pour des entreprises n\u00e9erlandaises et \u00e9trang\u00e8res, vous pouvez \u00eatre assur\u00e9 que nos slogans \u00e9crits sont imm\u00e9diatement pr\u00eats \u00e0 \u00eatre publi\u00e9s et utilis\u00e9s (inter)nationalement.<\/p>\n<p class=\"western\"><b>Nous prescrivons des slogans :<\/b><\/p>\n<ul>\n<li>\n<p class=\"western\">Entreprises en phase de d\u00e9marrage<\/p>\n<\/li>\n<li>\n<p class=\"western\">ZZP-ers<\/p>\n<\/li>\n<li>\n<p class=\"western\">PME<\/p>\n<\/li>\n<li>\n<p class=\"western\">Multinationales<\/p>\n<\/li>\n<\/ul>\n<p class=\"western\"><b>Les slogans que nous \u00e9crivons sont id\u00e9aux pour :<\/b><\/p>\n<ul>\n<li>\n<p class=\"western\">Accro\u00eetre la notori\u00e9t\u00e9 de la marque<\/p>\n<\/li>\n<li>\n<p class=\"western\">Association positive avec votre marque ou le nom de votre entreprise<\/p>\n<\/li>\n<li>\n<p class=\"western\">Lancement de nouveaux produits et services<\/p>\n<\/li>\n<li>\n<p class=\"western\">Augmentation de la r\u00e9putation de l&#039;entreprise\u00a0: reconnaissabilit\u00e9, vos valeurs fondamentales r\u00e9sum\u00e9es en une seule <i>entra\u00eenant<\/i> <a href=\"https:\/\/www.ecrivus-multimedia.nl\/go\/slogan-schrijven\/\" title=\"R\u00e9diger un slogan\" class=\"pretty-link-keyword\"rel=\"\">slogan<\/a><\/p>\n<\/li>\n<li>\n<p class=\"western\">G\u00e9n\u00e9ration de leads<\/p>\n<\/li>\n<\/ul>\n<p><strong>\u00c9crire votre <a href=\"https:\/\/www.ecrivus-multimedia.nl\/go\/slogan-schrijven\/\" title=\"R\u00e9diger un slogan\" class=\"pretty-link-keyword\"rel=\"\">slogan<\/a> ou devise<\/strong><strong> est entre de bonnes mains :<\/strong><\/p>\n<ul>\n<li>R\u00e9daction de textes par un r\u00e9dacteur sp\u00e9cialis\u00e9<\/li>\n<li>Y compris <a href=\"http:\/\/www.ecrivus.nl\/proeflezen\/\" target=\"_blank\" rel=\"noopener noreferrer\">relecture<\/a><\/li>\n<li>Y compris <a href=\"http:\/\/www.ecrivus.nl\/qa-kwaliteitscontroles\/\" target=\"_blank\" rel=\"noopener noreferrer\">contr\u00f4les de qualit\u00e9<\/a><\/li>\n<li>Y compris l&#039;\u00e9dition finale<\/li>\n<li>Pas moins de 10 ou 20 suggestions pour votre nouveau <a href=\"https:\/\/www.ecrivus-multimedia.nl\/go\/slogan-schrijven\/\" title=\"R\u00e9diger un slogan\" class=\"pretty-link-keyword\"rel=\"\">slogan<\/a> ou devise<\/li>\n<li>Tarifs comp\u00e9titifs<\/li>\n<li>D\u00e9lai de livraison rapide<\/li>\n<li>Livraison express possible<\/li>\n<li>Livraison en Microsoft Word\u00ae et PDF<\/li>\n<li>Livraison toujours \u00e0 temps par email<\/li>\n<\/ul>\n<p>Pour faire votre <a href=\"https:\/\/www.ecrivus-multimedia.nl\/go\/slogan-schrijven\/\" title=\"R\u00e9diger un slogan\" class=\"pretty-link-keyword\"rel=\"\">slogan<\/a> ou devise \u00e9crite directement, s\u00e9lectionnez la langue souhait\u00e9e ci-dessus. Cliquez ensuite sur &#039;Ajouter au panier&#039;. Vous pouvez ensuite t\u00e9l\u00e9charger le briefing\/les instructions que vous souhaitez donner au r\u00e9dacteur et l&#039;ajouter \u00e0 votre commande. Consid\u00e9rez les valeurs fondamentales que d\u00e9fend votre entreprise et que vous aimeriez refl\u00e9ter dans le <a href=\"https:\/\/www.ecrivus-multimedia.nl\/go\/slogan-schrijven\/\" title=\"R\u00e9diger un slogan\" class=\"pretty-link-keyword\"rel=\"\">slogan<\/a>. Vous pouvez t\u00e9l\u00e9charger un fichier ZIP pour plusieurs documents. Nous proposons diverses options de paiement via des connexions s\u00e9curis\u00e9es (notamment iDeal, virement bancaire et PayPal).<\/p>\n<p><strong>D\u00e9lai de livraison standard<\/strong>: 3 jours ouvr\u00e9s<\/p>","protected":false},"excerpt":{"rendered":"<p>Slogan\/devise r\u00e9dig\u00e9 par des professionnels (10 ou 20 suggestions) par un r\u00e9dacteur sp\u00e9cialis\u00e9, y compris les contr\u00f4les de qualit\u00e9 et l&#039;\u00e9dition finale. S\u00e9lectionnez la langue souhait\u00e9e ci-dessous\u00a0:<\/p>","protected":false},"featured_media":132690,"comment_status":"open","ping_status":"closed","template":"","meta":{"_acf_changed":false,"_glsr_average":0,"_glsr_ranking":0,"_glsr_reviews":0,"_joinchat":[]},"product_brand":[],"product_cat":[15342],"product_tag":[15349,15343,15348,15359,15347,15360,15358,15344],"class_list":{"0":"post-44343","1":"product","2":"type-product","3":"status-publish","4":"has-post-thumbnail","6":"product_cat-copywriting-content","7":"product_tag-content-creatie","8":"product_tag-copywriting","9":"product_tag-media","10":"product_tag-motto","11":"product_tag-pr","12":"product_tag-slagzin","13":"product_tag-slogan","14":"product_tag-tekstschrijven","16":"first","17":"instock","18":"sold-individually","19":"taxable","20":"shipping-taxable","21":"purchasable","22":"product-type-variable"},"acf":[],"yoast_head":"<!-- This site is optimized with the Yoast SEO plugin v27.4 - https:\/\/yoast.com\/product\/yoast-seo-wordpress\/ -->\n<title>Slogan schrijven? Motto? Bestel nu in onze webshop! 15+ jaar ervaring!<\/title>\n<meta name=\"description\" content=\"Slogan schrijven? Nieuw motto? Bestel direct online! \u2713 Ervaren copywriters \u2713 Perfect Nederlands \u2713 Voordelig \u2713 Snelle levertijden \u2713 Veilig betalen via iDEAL\" \/>\n<meta name=\"robots\" content=\"index, follow, max-snippet:-1, max-image-preview:large, max-video-preview:-1\" \/>\n<link rel=\"canonical\" href=\"https:\/\/www.ecrivus-multimedia.nl\/fr\/produit\/ecrire-un-slogan\/\" \/>\n<meta property=\"og:locale\" content=\"fr_FR\" \/>\n<meta property=\"og:type\" content=\"article\" \/>\n<meta property=\"og:title\" content=\"Slogan schrijven? Motto? Bestel nu in onze webshop! 15+ jaar ervaring!\" \/>\n<meta property=\"og:description\" content=\"Slogan schrijven? Nieuw motto? Bestel direct online! \u2713 Ervaren copywriters \u2713 Perfect Nederlands \u2713 Voordelig \u2713 Snelle levertijden \u2713 Veilig betalen via iDEAL\" \/>\n<meta property=\"og:url\" content=\"https:\/\/www.ecrivus-multimedia.nl\/fr\/produit\/ecrire-un-slogan\/\" \/>\n<meta property=\"og:site_name\" content=\"Ecrivus International Webshop\" \/>\n<meta property=\"article:publisher\" content=\"https:\/\/www.facebook.com\/Ecrivus-International-676624782512639\/\" \/>\n<meta property=\"article:modified_time\" content=\"2026-04-13T07:22:43+00:00\" \/>\n<meta property=\"og:image\" content=\"https:\/\/www.ecrivus-multimedia.nl\/wp-content\/uploads\/2019\/07\/image-4.webp\" \/>\n\t<meta property=\"og:image:width\" content=\"1000\" \/>\n\t<meta property=\"og:image:height\" content=\"667\" \/>\n\t<meta property=\"og:image:type\" content=\"image\/webp\" \/>\n<meta name=\"twitter:card\" content=\"summary_large_image\" \/>\n<meta name=\"twitter:site\" content=\"@ecrivusint\" \/>\n<meta name=\"twitter:label1\" content=\"Dur\u00e9e de lecture estim\u00e9e\" \/>\n\t<meta name=\"twitter:data1\" content=\"2 minutes\" \/>\n<script type=\"application\/ld+json\" class=\"yoast-schema-graph\">{\"@context\":\"https:\\\/\\\/schema.org\",\"@graph\":[{\"@type\":\"WebPage\",\"@id\":\"https:\\\/\\\/www.ecrivus-multimedia.nl\\\/product\\\/slogan-schrijven\\\/\",\"url\":\"https:\\\/\\\/www.ecrivus-multimedia.nl\\\/product\\\/slogan-schrijven\\\/\",\"name\":\"Slogan schrijven? Motto? Bestel nu in onze webshop! 15+ jaar ervaring!\",\"isPartOf\":{\"@id\":\"https:\\\/\\\/www.ecrivus-multimedia.nl\\\/#website\"},\"primaryImageOfPage\":{\"@id\":\"https:\\\/\\\/www.ecrivus-multimedia.nl\\\/product\\\/slogan-schrijven\\\/#primaryimage\"},\"image\":{\"@id\":\"https:\\\/\\\/www.ecrivus-multimedia.nl\\\/product\\\/slogan-schrijven\\\/#primaryimage\"},\"thumbnailUrl\":\"https:\\\/\\\/www.ecrivus-multimedia.nl\\\/wp-content\\\/uploads\\\/2019\\\/07\\\/image-4.webp\",\"datePublished\":\"2019-07-26T09:31:53+00:00\",\"dateModified\":\"2026-04-13T07:22:43+00:00\",\"description\":\"Slogan schrijven? Nieuw motto? Bestel direct online! \u2713 Ervaren copywriters \u2713 Perfect Nederlands \u2713 Voordelig \u2713 Snelle levertijden \u2713 Veilig betalen via iDEAL\",\"breadcrumb\":{\"@id\":\"https:\\\/\\\/www.ecrivus-multimedia.nl\\\/product\\\/slogan-schrijven\\\/#breadcrumb\"},\"inLanguage\":\"fr-FR\",\"potentialAction\":[{\"@type\":\"ReadAction\",\"target\":[\"https:\\\/\\\/www.ecrivus-multimedia.nl\\\/product\\\/slogan-schrijven\\\/\"]}]},{\"@type\":\"ImageObject\",\"inLanguage\":\"fr-FR\",\"@id\":\"https:\\\/\\\/www.ecrivus-multimedia.nl\\\/product\\\/slogan-schrijven\\\/#primaryimage\",\"url\":\"https:\\\/\\\/www.ecrivus-multimedia.nl\\\/wp-content\\\/uploads\\\/2019\\\/07\\\/image-4.webp\",\"contentUrl\":\"https:\\\/\\\/www.ecrivus-multimedia.nl\\\/wp-content\\\/uploads\\\/2019\\\/07\\\/image-4.webp\",\"width\":1000,\"height\":667},{\"@type\":\"BreadcrumbList\",\"@id\":\"https:\\\/\\\/www.ecrivus-multimedia.nl\\\/product\\\/slogan-schrijven\\\/#breadcrumb\",\"itemListElement\":[{\"@type\":\"ListItem\",\"position\":1,\"name\":\"Home\",\"item\":\"https:\\\/\\\/www.ecrivus-multimedia.nl\\\/\"},{\"@type\":\"ListItem\",\"position\":2,\"name\":\"Shop\",\"item\":\"https:\\\/\\\/www.ecrivus-multimedia.nl\\\/shop\\\/\"},{\"@type\":\"ListItem\",\"position\":3,\"name\":\"Slogan schrijven\"}]},{\"@type\":\"WebSite\",\"@id\":\"https:\\\/\\\/www.ecrivus-multimedia.nl\\\/#website\",\"url\":\"https:\\\/\\\/www.ecrivus-multimedia.nl\\\/\",\"name\":\"Ecrivus International Webshop\",\"description\":\"Erkende webshop voor be\u00ebdigde vertalingen.\",\"publisher\":{\"@id\":\"https:\\\/\\\/www.ecrivus-multimedia.nl\\\/#organization\"},\"potentialAction\":[{\"@type\":\"SearchAction\",\"target\":{\"@type\":\"EntryPoint\",\"urlTemplate\":\"https:\\\/\\\/www.ecrivus-multimedia.nl\\\/?s={search_term_string}\"},\"query-input\":{\"@type\":\"PropertyValueSpecification\",\"valueRequired\":true,\"valueName\":\"search_term_string\"}}],\"inLanguage\":\"fr-FR\"},{\"@type\":\"Organization\",\"@id\":\"https:\\\/\\\/www.ecrivus-multimedia.nl\\\/#organization\",\"name\":\"Ecrivus International\",\"url\":\"https:\\\/\\\/www.ecrivus-multimedia.nl\\\/\",\"logo\":{\"@type\":\"ImageObject\",\"inLanguage\":\"fr-FR\",\"@id\":\"https:\\\/\\\/www.ecrivus-multimedia.nl\\\/#\\\/schema\\\/logo\\\/image\\\/\",\"url\":\"https:\\\/\\\/www.ecrivus-multimedia.nl\\\/wp-content\\\/uploads\\\/2022\\\/01\\\/cropped-small-Logo-Ecrivus-Vector-Transparent2.png\",\"contentUrl\":\"https:\\\/\\\/www.ecrivus-multimedia.nl\\\/wp-content\\\/uploads\\\/2022\\\/01\\\/cropped-small-Logo-Ecrivus-Vector-Transparent2.png\",\"width\":512,\"height\":512,\"caption\":\"Ecrivus International\"},\"image\":{\"@id\":\"https:\\\/\\\/www.ecrivus-multimedia.nl\\\/#\\\/schema\\\/logo\\\/image\\\/\"},\"sameAs\":[\"https:\\\/\\\/www.facebook.com\\\/Ecrivus-International-676624782512639\\\/\",\"https:\\\/\\\/x.com\\\/ecrivusint\"]}]}<\/script>\n<!-- \/ Yoast SEO plugin. -->","yoast_head_json":{"title":"Slogan schrijven? Motto? Bestel nu in onze webshop! 15+ jaar ervaring!","description":"Slogan schrijven? Nieuw motto? Bestel direct online! \u2713 Ervaren copywriters \u2713 Perfect Nederlands \u2713 Voordelig \u2713 Snelle levertijden \u2713 Veilig betalen via iDEAL","robots":{"index":"index","follow":"follow","max-snippet":"max-snippet:-1","max-image-preview":"max-image-preview:large","max-video-preview":"max-video-preview:-1"},"canonical":"https:\/\/www.ecrivus-multimedia.nl\/fr\/produit\/ecrire-un-slogan\/","og_locale":"fr_FR","og_type":"article","og_title":"Slogan schrijven? Motto? Bestel nu in onze webshop! 15+ jaar ervaring!","og_description":"Slogan schrijven? Nieuw motto? Bestel direct online! \u2713 Ervaren copywriters \u2713 Perfect Nederlands \u2713 Voordelig \u2713 Snelle levertijden \u2713 Veilig betalen via iDEAL","og_url":"https:\/\/www.ecrivus-multimedia.nl\/fr\/produit\/ecrire-un-slogan\/","og_site_name":"Ecrivus International Webshop","article_publisher":"https:\/\/www.facebook.com\/Ecrivus-International-676624782512639\/","article_modified_time":"2026-04-13T07:22:43+00:00","og_image":[{"width":1000,"height":667,"url":"https:\/\/www.ecrivus-multimedia.nl\/wp-content\/uploads\/2019\/07\/image-4.webp","type":"image\/webp"}],"twitter_card":"summary_large_image","twitter_site":"@ecrivusint","twitter_misc":{"Dur\u00e9e de lecture estim\u00e9e":"2 minutes"},"schema":{"@context":"https:\/\/schema.org","@graph":[{"@type":"WebPage","@id":"https:\/\/www.ecrivus-multimedia.nl\/product\/slogan-schrijven\/","url":"https:\/\/www.ecrivus-multimedia.nl\/product\/slogan-schrijven\/","name":"Slogan schrijven? Motto? Bestel nu in onze webshop! 15+ jaar ervaring!","isPartOf":{"@id":"https:\/\/www.ecrivus-multimedia.nl\/#website"},"primaryImageOfPage":{"@id":"https:\/\/www.ecrivus-multimedia.nl\/product\/slogan-schrijven\/#primaryimage"},"image":{"@id":"https:\/\/www.ecrivus-multimedia.nl\/product\/slogan-schrijven\/#primaryimage"},"thumbnailUrl":"https:\/\/www.ecrivus-multimedia.nl\/wp-content\/uploads\/2019\/07\/image-4.webp","datePublished":"2019-07-26T09:31:53+00:00","dateModified":"2026-04-13T07:22:43+00:00","description":"Slogan schrijven? Nieuw motto? Bestel direct online! \u2713 Ervaren copywriters \u2713 Perfect Nederlands \u2713 Voordelig \u2713 Snelle levertijden \u2713 Veilig betalen via iDEAL","breadcrumb":{"@id":"https:\/\/www.ecrivus-multimedia.nl\/product\/slogan-schrijven\/#breadcrumb"},"inLanguage":"fr-FR","potentialAction":[{"@type":"ReadAction","target":["https:\/\/www.ecrivus-multimedia.nl\/product\/slogan-schrijven\/"]}]},{"@type":"ImageObject","inLanguage":"fr-FR","@id":"https:\/\/www.ecrivus-multimedia.nl\/product\/slogan-schrijven\/#primaryimage","url":"https:\/\/www.ecrivus-multimedia.nl\/wp-content\/uploads\/2019\/07\/image-4.webp","contentUrl":"https:\/\/www.ecrivus-multimedia.nl\/wp-content\/uploads\/2019\/07\/image-4.webp","width":1000,"height":667},{"@type":"BreadcrumbList","@id":"https:\/\/www.ecrivus-multimedia.nl\/product\/slogan-schrijven\/#breadcrumb","itemListElement":[{"@type":"ListItem","position":1,"name":"Home","item":"https:\/\/www.ecrivus-multimedia.nl\/"},{"@type":"ListItem","position":2,"name":"Shop","item":"https:\/\/www.ecrivus-multimedia.nl\/shop\/"},{"@type":"ListItem","position":3,"name":"Slogan schrijven"}]},{"@type":"WebSite","@id":"https:\/\/www.ecrivus-multimedia.nl\/#website","url":"https:\/\/www.ecrivus-multimedia.nl\/","name":"Ecrivus International Webshop","description":"Erkende webshop voor be\u00ebdigde vertalingen.","publisher":{"@id":"https:\/\/www.ecrivus-multimedia.nl\/#organization"},"potentialAction":[{"@type":"SearchAction","target":{"@type":"EntryPoint","urlTemplate":"https:\/\/www.ecrivus-multimedia.nl\/?s={search_term_string}"},"query-input":{"@type":"PropertyValueSpecification","valueRequired":true,"valueName":"search_term_string"}}],"inLanguage":"fr-FR"},{"@type":"Organization","@id":"https:\/\/www.ecrivus-multimedia.nl\/#organization","name":"Ecrivus International","url":"https:\/\/www.ecrivus-multimedia.nl\/","logo":{"@type":"ImageObject","inLanguage":"fr-FR","@id":"https:\/\/www.ecrivus-multimedia.nl\/#\/schema\/logo\/image\/","url":"https:\/\/www.ecrivus-multimedia.nl\/wp-content\/uploads\/2022\/01\/cropped-small-Logo-Ecrivus-Vector-Transparent2.png","contentUrl":"https:\/\/www.ecrivus-multimedia.nl\/wp-content\/uploads\/2022\/01\/cropped-small-Logo-Ecrivus-Vector-Transparent2.png","width":512,"height":512,"caption":"Ecrivus International"},"image":{"@id":"https:\/\/www.ecrivus-multimedia.nl\/#\/schema\/logo\/image\/"},"sameAs":["https:\/\/www.facebook.com\/Ecrivus-International-676624782512639\/","https:\/\/x.com\/ecrivusint"]}]}},"_links":{"self":[{"href":"https:\/\/www.ecrivus-multimedia.nl\/fr\/wp-json\/wp\/v2\/product\/44343","targetHints":{"allow":["GET"]}}],"collection":[{"href":"https:\/\/www.ecrivus-multimedia.nl\/fr\/wp-json\/wp\/v2\/product"}],"about":[{"href":"https:\/\/www.ecrivus-multimedia.nl\/fr\/wp-json\/wp\/v2\/types\/product"}],"replies":[{"embeddable":true,"href":"https:\/\/www.ecrivus-multimedia.nl\/fr\/wp-json\/wp\/v2\/comments?post=44343"}],"wp:featuredmedia":[{"embeddable":true,"href":"https:\/\/www.ecrivus-multimedia.nl\/fr\/wp-json\/wp\/v2\/media\/132690"}],"wp:attachment":[{"href":"https:\/\/www.ecrivus-multimedia.nl\/fr\/wp-json\/wp\/v2\/media?parent=44343"}],"wp:term":[{"taxonomy":"product_brand","embeddable":true,"href":"https:\/\/www.ecrivus-multimedia.nl\/fr\/wp-json\/wp\/v2\/product_brand?post=44343"},{"taxonomy":"product_cat","embeddable":true,"href":"https:\/\/www.ecrivus-multimedia.nl\/fr\/wp-json\/wp\/v2\/product_cat?post=44343"},{"taxonomy":"product_tag","embeddable":true,"href":"https:\/\/www.ecrivus-multimedia.nl\/fr\/wp-json\/wp\/v2\/product_tag?post=44343"}],"curies":[{"name":"wp","href":"https:\/\/api.w.org\/{rel}","templated":true}]}}